{"id":13674,"date":"2020-05-05T16:09:20","date_gmt":"2020-05-05T16:09:20","guid":{"rendered":"https:\/\/www.bigstamping.com\/about-us\/"},"modified":"2024-06-13T12:23:26","modified_gmt":"2024-06-13T11:23:26","slug":"uber-uns","status":"publish","type":"page","link":"https:\/\/www.bigstamping.com\/de\/uber-uns\/","title":{"rendered":"\u00dcber uns:"},"content":{"rendered":"\t\t<div data-elementor-type=\"wp-post\" data-elementor-id=\"13674\" class=\"elementor elementor-13674 elementor-140\" data-elementor-post-type=\"page\">\n\t\t\t\t\t\t<section class=\"elementor-section elementor-top-section elementor-element elementor-element-9462f5c elementor-section-full_width elementor-section-height-default elementor-section-height-default\" data-id=\"9462f5c\" data-element_type=\"section\" data-settings=\"{&quot;background_background&quot;:&quot;classic&quot;}\">\n\t\t\t\t\t\t<div class=\"elementor-container elementor-column-gap-no\">\n\t\t\t\t\t<div class=\"elementor-column elementor-col-100 elementor-top-column elementor-element elementor-element-ac2b3a4\" data-id=\"ac2b3a4\" data-element_type=\"column\">\n\t\t\t<div class=\"elementor-widget-wrap elementor-element-populated\">\n\t\t\t\t\t\t<div class=\"elementor-element elementor-element-66dfb30 elementor-widget elementor-widget-image\" data-id=\"66dfb30\" data-element_type=\"widget\" data-widget_type=\"image.default\">\n\t\t\t\t<div class=\"elementor-widget-container\">\n\t\t\t\t\t\t\t\t\t\t\t\t\t\t\t<img fetchpriority=\"high\" decoding=\"async\" width=\"1024\" height=\"539\" src=\"https:\/\/www.bigstamping.com\/wp-content\/uploads\/2018\/11\/rotulo-globo-doin-1024x539.png\" class=\"attachment-large size-large wp-image-13675\" alt=\"\" srcset=\"https:\/\/www.bigstamping.com\/wp-content\/uploads\/2018\/11\/rotulo-globo-doin-1024x539.png 1024w, https:\/\/www.bigstamping.com\/wp-content\/uploads\/2018\/11\/rotulo-globo-doin-300x158.png 300w, https:\/\/www.bigstamping.com\/wp-content\/uploads\/2018\/11\/rotulo-globo-doin-768x405.png 768w, https:\/\/www.bigstamping.com\/wp-content\/uploads\/2018\/11\/rotulo-globo-doin-600x316.png 600w\" sizes=\"(max-width: 1024px) 100vw, 1024px\" \/>\t\t\t\t\t\t\t\t\t\t\t\t\t\t\t<\/div>\n\t\t\t\t<\/div>\n\t\t\t\t<div class=\"elementor-element elementor-element-a578d0d elementor-widget elementor-widget-text-editor\" data-id=\"a578d0d\" data-element_type=\"widget\" data-widget_type=\"text-editor.default\">\n\t\t\t\t<div class=\"elementor-widget-container\">\n\t\t\t\t\t\t\t\t\t<p>LOVING WHAT WE DO<\/p>\n\t\t\t\t\t\t\t\t<\/div>\n\t\t\t\t<\/div>\n\t\t\t\t<div class=\"elementor-element elementor-element-443af5a elementor-widget elementor-widget-heading\" data-id=\"443af5a\" data-element_type=\"widget\" data-widget_type=\"heading.default\">\n\t\t\t\t<div class=\"elementor-widget-container\">\n\t\t\t\t\t<h2 class=\"elementor-heading-title elementor-size-default\">Die Geschichte<\/h2>\t\t\t\t<\/div>\n\t\t\t\t<\/div>\n\t\t\t\t\t<\/div>\n\t\t<\/div>\n\t\t\t\t\t<\/div>\n\t\t<\/section>\n\t\t\t\t<section class=\"elementor-section elementor-top-section elementor-element elementor-element-875acc4 elementor-section-boxed elementor-section-height-default elementor-section-height-default\" data-id=\"875acc4\" data-element_type=\"section\" data-settings=\"{&quot;background_background&quot;:&quot;classic&quot;}\">\n\t\t\t\t\t\t<div class=\"elementor-container elementor-column-gap-default\">\n\t\t\t\t\t<div class=\"elementor-column elementor-col-100 elementor-top-column elementor-element elementor-element-47bc5c2\" data-id=\"47bc5c2\" data-element_type=\"column\">\n\t\t\t<div class=\"elementor-widget-wrap elementor-element-populated\">\n\t\t\t\t\t\t<div class=\"elementor-element elementor-element-fa65cea elementor-widget elementor-widget-text-editor\" data-id=\"fa65cea\" data-element_type=\"widget\" data-widget_type=\"text-editor.default\">\n\t\t\t\t<div class=\"elementor-widget-container\">\n\t\t\t\t\t\t\t\t\t<p><strong>BigStamping ist der erf\u00fcllte Traum von 4 Stemplern.<\/strong> Es entstand 1975 aus einem<br \/>Unternehmen, als 2 mutige M\u00e4nner einen kleinen Workshop f\u00fcr Stempel und Gravuren<br \/>errichteten. Urspr\u00fcnglich benutzten sie die Technik des Linolschnitts, einer der ersten<br \/>Techniken in der grafischen Reproduktion, um die Stempel in vollst\u00e4ndiger Handarbeit<br \/>realisieren zu k\u00f6nnen. Diese ging vollst\u00e4ndig in den Flexodruck \u00fcber, eine<br \/>industrialisierte Technik des graphischen Vordrucks, die heute zu einem wichtigen<br \/>Unternehmen der graphischen K\u00fcnste geworden ist.<\/p><p><b>Die BigStamping sind die zweite Generation dieser Pioniere<\/b>. Wir sind<br \/>zwischen Stempeln, Druckfarben und Rollen aufgewachsen und sind viele grafische<br \/>Reproduktionstechniken durchlaufen.<\/p>\t\t\t\t\t\t\t\t<\/div>\n\t\t\t\t<\/div>\n\t\t\t\t<div class=\"elementor-element elementor-element-5c7ee45 elementor-widget-divider--view-line elementor-widget elementor-widget-divider\" data-id=\"5c7ee45\" data-element_type=\"widget\" data-widget_type=\"divider.default\">\n\t\t\t\t<div class=\"elementor-widget-container\">\n\t\t\t\t\t\t\t<div class=\"elementor-divider\">\n\t\t\t<span class=\"elementor-divider-separator\">\n\t\t\t\t\t\t<\/span>\n\t\t<\/div>\n\t\t\t\t\t\t<\/div>\n\t\t\t\t<\/div>\n\t\t\t\t<div class=\"elementor-element elementor-element-2086973 elementor-widget elementor-widget-image\" data-id=\"2086973\" data-element_type=\"widget\" data-widget_type=\"image.default\">\n\t\t\t\t<div class=\"elementor-widget-container\">\n\t\t\t\t\t\t\t\t\t\t\t\t\t\t\t<img decoding=\"async\" width=\"784\" height=\"956\" src=\"https:\/\/www.bigstamping.com\/wp-content\/uploads\/2018\/11\/letra-b.png\" class=\"attachment-large size-large wp-image-13680\" alt=\"\" srcset=\"https:\/\/www.bigstamping.com\/wp-content\/uploads\/2018\/11\/letra-b.png 784w, https:\/\/www.bigstamping.com\/wp-content\/uploads\/2018\/11\/letra-b-246x300.png 246w, https:\/\/www.bigstamping.com\/wp-content\/uploads\/2018\/11\/letra-b-768x936.png 768w, https:\/\/www.bigstamping.com\/wp-content\/uploads\/2018\/11\/letra-b-600x732.png 600w\" sizes=\"(max-width: 784px) 100vw, 784px\" \/>\t\t\t\t\t\t\t\t\t\t\t\t\t\t\t<\/div>\n\t\t\t\t<\/div>\n\t\t\t\t<div class=\"elementor-element elementor-element-0335e73 elementor-widget elementor-widget-heading\" data-id=\"0335e73\" data-element_type=\"widget\" data-widget_type=\"heading.default\">\n\t\t\t\t<div class=\"elementor-widget-container\">\n\t\t\t\t\t<h1 class=\"elementor-heading-title elementor-size-default\">Unsere Mission<\/h1>\t\t\t\t<\/div>\n\t\t\t\t<\/div>\n\t\t\t\t<div class=\"elementor-element elementor-element-e5706d7 elementor-widget elementor-widget-text-editor\" data-id=\"e5706d7\" data-element_type=\"widget\" data-widget_type=\"text-editor.default\">\n\t\t\t\t<div class=\"elementor-widget-container\">\n\t\t\t\t\t\t\t\t\t<p>Bei <strong>BigStamping<\/strong> bieten wir \u00fcbergro\u00dfe, einfach anwendbare Stempel an, um eine<br>Vielzahl von Kreationen entwerfen zu k\u00f6nnen. Materialisiere n Sie Ihre Gesch\u00e4ftsideen,<br>dekoriere n Sie Ihr Leben, verewigen Sie Errungenschaften und besondere Momente..<br>Oder kurz gesagt alles, was Sie sich vorstellen k\u00f6nnen!<br>Aber denken Sie daran <b>,<\/b><span style=\"font-size: 18px; font-weight: 700; font-family: var( --e-global-typography-text-font-family ), Sans-serif;\">\u201cMade to Think Big\u201d<\/span><\/p>\t\t\t\t\t\t\t\t<\/div>\n\t\t\t\t<\/div>\n\t\t\t\t<div class=\"elementor-element elementor-element-c7dbbc0 elementor-widget elementor-widget-image\" data-id=\"c7dbbc0\" data-element_type=\"widget\" data-widget_type=\"image.default\">\n\t\t\t\t<div class=\"elementor-widget-container\">\n\t\t\t\t\t\t\t\t\t\t\t\t\t\t\t<img decoding=\"async\" width=\"500\" height=\"500\" src=\"https:\/\/www.bigstamping.com\/wp-content\/uploads\/2018\/11\/sello-think-big.png\" class=\"attachment-large size-large wp-image-13679\" alt=\"\" srcset=\"https:\/\/www.bigstamping.com\/wp-content\/uploads\/2018\/11\/sello-think-big.png 500w, https:\/\/www.bigstamping.com\/wp-content\/uploads\/2018\/11\/sello-think-big-150x150.png 150w, https:\/\/www.bigstamping.com\/wp-content\/uploads\/2018\/11\/sello-think-big-300x300.png 300w, https:\/\/www.bigstamping.com\/wp-content\/uploads\/2018\/11\/sello-think-big-100x100.png 100w\" sizes=\"(max-width: 500px) 100vw, 500px\" \/>\t\t\t\t\t\t\t\t\t\t\t\t\t\t\t<\/div>\n\t\t\t\t<\/div>\n\t\t\t\t<div class=\"elementor-element elementor-element-36ee3d1 elementor-hidden-tablet elementor-hidden-phone elementor-widget elementor-widget-image\" data-id=\"36ee3d1\" data-element_type=\"widget\" data-widget_type=\"image.default\">\n\t\t\t\t<div class=\"elementor-widget-container\">\n\t\t\t\t\t\t\t\t\t\t\t\t\t\t\t<img loading=\"lazy\" decoding=\"async\" width=\"812\" height=\"967\" src=\"https:\/\/www.bigstamping.com\/wp-content\/uploads\/2018\/12\/rodillo-suelto.png\" class=\"attachment-large size-large wp-image-13683\" alt=\"\" srcset=\"https:\/\/www.bigstamping.com\/wp-content\/uploads\/2018\/12\/rodillo-suelto.png 812w, https:\/\/www.bigstamping.com\/wp-content\/uploads\/2018\/12\/rodillo-suelto-252x300.png 252w, https:\/\/www.bigstamping.com\/wp-content\/uploads\/2018\/12\/rodillo-suelto-768x915.png 768w, https:\/\/www.bigstamping.com\/wp-content\/uploads\/2018\/12\/rodillo-suelto-600x715.png 600w\" sizes=\"(max-width: 812px) 100vw, 812px\" \/>\t\t\t\t\t\t\t\t\t\t\t\t\t\t\t<\/div>\n\t\t\t\t<\/div>\n\t\t\t\t\t<\/div>\n\t\t<\/div>\n\t\t\t\t\t<\/div>\n\t\t<\/section>\n\t\t\t\t<section class=\"elementor-section elementor-top-section elementor-element elementor-element-39abf3b elementor-section-full_width elementor-reverse-mobile elementor-section-height-default elementor-section-height-default\" data-id=\"39abf3b\" data-element_type=\"section\" data-settings=\"{&quot;background_background&quot;:&quot;classic&quot;}\">\n\t\t\t\t\t\t<div class=\"elementor-container elementor-column-gap-no\">\n\t\t\t\t\t<div class=\"elementor-column elementor-col-50 elementor-top-column elementor-element elementor-element-f0140de\" data-id=\"f0140de\" data-element_type=\"column\">\n\t\t\t<div class=\"elementor-widget-wrap elementor-element-populated\">\n\t\t\t\t\t\t<div class=\"elementor-element elementor-element-ea29374 elementor-widget elementor-widget-image\" data-id=\"ea29374\" data-element_type=\"widget\" data-widget_type=\"image.default\">\n\t\t\t\t<div class=\"elementor-widget-container\">\n\t\t\t\t\t\t\t\t\t\t\t\t\t\t\t<img loading=\"lazy\" decoding=\"async\" width=\"2119\" height=\"1721\" src=\"https:\/\/www.bigstamping.com\/wp-content\/uploads\/2018\/12\/stampando.jpg\" class=\"attachment-full size-full wp-image-13684\" alt=\"\" srcset=\"https:\/\/www.bigstamping.com\/wp-content\/uploads\/2018\/12\/stampando.jpg 2119w, https:\/\/www.bigstamping.com\/wp-content\/uploads\/2018\/12\/stampando-300x244.jpg 300w, https:\/\/www.bigstamping.com\/wp-content\/uploads\/2018\/12\/stampando-768x624.jpg 768w, https:\/\/www.bigstamping.com\/wp-content\/uploads\/2018\/12\/stampando-1024x832.jpg 1024w, https:\/\/www.bigstamping.com\/wp-content\/uploads\/2018\/12\/stampando-600x487.jpg 600w\" sizes=\"(max-width: 2119px) 100vw, 2119px\" \/>\t\t\t\t\t\t\t\t\t\t\t\t\t\t\t<\/div>\n\t\t\t\t<\/div>\n\t\t\t\t\t<\/div>\n\t\t<\/div>\n\t\t\t\t<div class=\"elementor-column elementor-col-50 elementor-top-column elementor-element elementor-element-2a5ce76\" data-id=\"2a5ce76\" data-element_type=\"column\">\n\t\t\t<div class=\"elementor-widget-wrap elementor-element-populated\">\n\t\t\t\t\t\t<div class=\"elementor-element elementor-element-ac2f4ce elementor-widget elementor-widget-image\" data-id=\"ac2f4ce\" data-element_type=\"widget\" data-widget_type=\"image.default\">\n\t\t\t\t<div class=\"elementor-widget-container\">\n\t\t\t\t\t\t\t\t\t\t\t\t\t\t\t<img loading=\"lazy\" decoding=\"async\" width=\"1000\" height=\"667\" src=\"https:\/\/www.bigstamping.com\/wp-content\/uploads\/2018\/12\/FOTO-EQUIPO.jpg\" class=\"attachment-large size-large wp-image-13676\" alt=\"\" srcset=\"https:\/\/www.bigstamping.com\/wp-content\/uploads\/2018\/12\/FOTO-EQUIPO.jpg 1000w, https:\/\/www.bigstamping.com\/wp-content\/uploads\/2018\/12\/FOTO-EQUIPO-300x200.jpg 300w, https:\/\/www.bigstamping.com\/wp-content\/uploads\/2018\/12\/FOTO-EQUIPO-768x512.jpg 768w, https:\/\/www.bigstamping.com\/wp-content\/uploads\/2018\/12\/FOTO-EQUIPO-600x400.jpg 600w\" sizes=\"(max-width: 1000px) 100vw, 1000px\" \/>\t\t\t\t\t\t\t\t\t\t\t\t\t\t\t<\/div>\n\t\t\t\t<\/div>\n\t\t\t\t\t<\/div>\n\t\t<\/div>\n\t\t\t\t\t<\/div>\n\t\t<\/section>\n\t\t\t\t<\/div>\n\t\t","protected":false},"excerpt":{"rendered":"<p>LOVING WHAT WE DO Die Geschichte BigStamping ist der erf\u00fcllte Traum von 4 Stemplern. Es entstand 1975 aus einemUnternehmen, als 2 mutige M\u00e4nner einen kleinen Workshop f\u00fcr Stempel und Gravurenerrichteten. Urspr\u00fcnglich benutzten sie die Technik des Linolschnitts, einer der erstenTechniken in der grafischen Reproduktion, um die Stempel in vollst\u00e4ndiger Handarbeitrealisieren zu k\u00f6nnen. Diese ging vollst\u00e4ndig [&hellip;]<\/p>\n","protected":false},"author":1,"featured_media":13676,"parent":0,"menu_order":0,"comment_status":"closed","ping_status":"closed","template":"","meta":{"_acf_changed":false,"_genesis_hide_title":false,"_genesis_hide_breadcrumbs":false,"_genesis_hide_singular_image":false,"_genesis_hide_footer_widgets":false,"_genesis_custom_body_class":"","_genesis_custom_post_class":"","_genesis_layout":"","footnotes":""},"class_list":{"0":"post-13674","1":"page","2":"type-page","3":"status-publish","4":"has-post-thumbnail","6":"entry"},"acf":[],"yoast_head":"<!-- This site is optimized with the Yoast SEO plugin v26.7 - https:\/\/yoast.com\/wordpress\/plugins\/seo\/ -->\n<title>\u00dcber uns: - BigStamping<\/title>\n<meta name=\"description\" content=\"Lernen Sie die Mitglieder des BigStamping-Teams ein wenig kennen und entdecken Sie, wer wir sind und was wir uns dem Start dieses kundenspezifischen Briefmarkenprojekts verschrieben haben.\" \/>\n<meta name=\"robots\" content=\"index, follow, max-snippet:-1, max-image-preview:large, max-video-preview:-1\" \/>\n<link rel=\"canonical\" href=\"https:\/\/www.bigstamping.com\/sobre-nosotros\/\" \/>\n<meta property=\"og:locale\" content=\"de_DE\" \/>\n<meta property=\"og:type\" content=\"article\" \/>\n<meta property=\"og:title\" content=\"\u00dcber uns: - BigStamping\" \/>\n<meta property=\"og:description\" content=\"Lernen Sie die Mitglieder des BigStamping-Teams ein wenig kennen und entdecken Sie, wer wir sind und was wir uns dem Start dieses kundenspezifischen Briefmarkenprojekts verschrieben haben.\" \/>\n<meta property=\"og:url\" content=\"https:\/\/www.bigstamping.com\/sobre-nosotros\/\" \/>\n<meta property=\"og:site_name\" content=\"BigStamping\" \/>\n<meta property=\"article:publisher\" content=\"https:\/\/www.facebook.com\/Bigstamping-241206903231462\/\" \/>\n<meta property=\"article:modified_time\" content=\"2024-06-13T11:23:26+00:00\" \/>\n<meta property=\"og:image\" content=\"https:\/\/www.bigstamping.com\/wp-content\/uploads\/2018\/12\/FOTO-EQUIPO.jpg\" \/>\n\t<meta property=\"og:image:width\" content=\"1000\" \/>\n\t<meta property=\"og:image:height\" content=\"667\" \/>\n\t<meta property=\"og:image:type\" content=\"image\/jpeg\" \/>\n<meta name=\"twitter:card\" content=\"summary_large_image\" \/>\n<meta name=\"twitter:site\" content=\"@Bigstamping\" \/>\n<meta name=\"twitter:label1\" content=\"Gesch\u00e4tzte Lesezeit\" \/>\n\t<meta name=\"twitter:data1\" content=\"3\u00a0Minuten\" \/>\n<script type=\"application\/ld+json\" class=\"yoast-schema-graph\">{\"@context\":\"https:\/\/schema.org\",\"@graph\":[{\"@type\":\"WebPage\",\"@id\":\"https:\/\/www.bigstamping.com\/sobre-nosotros\/\",\"url\":\"https:\/\/www.bigstamping.com\/sobre-nosotros\/\",\"name\":\"\u00dcber uns: - BigStamping\",\"isPartOf\":{\"@id\":\"https:\/\/www.bigstamping.com\/#website\"},\"primaryImageOfPage\":{\"@id\":\"https:\/\/www.bigstamping.com\/sobre-nosotros\/#primaryimage\"},\"image\":{\"@id\":\"https:\/\/www.bigstamping.com\/sobre-nosotros\/#primaryimage\"},\"thumbnailUrl\":\"https:\/\/www.bigstamping.com\/wp-content\/uploads\/2018\/12\/FOTO-EQUIPO.jpg\",\"datePublished\":\"2020-05-05T16:09:20+00:00\",\"dateModified\":\"2024-06-13T11:23:26+00:00\",\"description\":\"Lernen Sie die Mitglieder des BigStamping-Teams ein wenig kennen und entdecken Sie, wer wir sind und was wir uns dem Start dieses kundenspezifischen Briefmarkenprojekts verschrieben haben.\",\"breadcrumb\":{\"@id\":\"https:\/\/www.bigstamping.com\/sobre-nosotros\/#breadcrumb\"},\"inLanguage\":\"de\",\"potentialAction\":[{\"@type\":\"ReadAction\",\"target\":[\"https:\/\/www.bigstamping.com\/sobre-nosotros\/\"]}]},{\"@type\":\"ImageObject\",\"inLanguage\":\"de\",\"@id\":\"https:\/\/www.bigstamping.com\/sobre-nosotros\/#primaryimage\",\"url\":\"https:\/\/www.bigstamping.com\/wp-content\/uploads\/2018\/12\/FOTO-EQUIPO.jpg\",\"contentUrl\":\"https:\/\/www.bigstamping.com\/wp-content\/uploads\/2018\/12\/FOTO-EQUIPO.jpg\",\"width\":1000,\"height\":667},{\"@type\":\"BreadcrumbList\",\"@id\":\"https:\/\/www.bigstamping.com\/sobre-nosotros\/#breadcrumb\",\"itemListElement\":[{\"@type\":\"ListItem\",\"position\":1,\"name\":\"Portada\",\"item\":\"https:\/\/www.bigstamping.com\/\"},{\"@type\":\"ListItem\",\"position\":2,\"name\":\"\u00dcber uns:\"}]},{\"@type\":\"WebSite\",\"@id\":\"https:\/\/www.bigstamping.com\/#website\",\"url\":\"https:\/\/www.bigstamping.com\/\",\"name\":\"BigStamping\",\"description\":\"Sellos de gran tama\u00f1o para stampear\",\"publisher\":{\"@id\":\"https:\/\/www.bigstamping.com\/#organization\"},\"potentialAction\":[{\"@type\":\"SearchAction\",\"target\":{\"@type\":\"EntryPoint\",\"urlTemplate\":\"https:\/\/www.bigstamping.com\/?s={search_term_string}\"},\"query-input\":{\"@type\":\"PropertyValueSpecification\",\"valueRequired\":true,\"valueName\":\"search_term_string\"}}],\"inLanguage\":\"de\"},{\"@type\":\"Organization\",\"@id\":\"https:\/\/www.bigstamping.com\/#organization\",\"name\":\"BigStamping\",\"url\":\"https:\/\/www.bigstamping.com\/\",\"logo\":{\"@type\":\"ImageObject\",\"inLanguage\":\"de\",\"@id\":\"https:\/\/www.bigstamping.com\/#\/schema\/logo\/image\/\",\"url\":\"https:\/\/www.bigstamping.com\/wp-content\/uploads\/2018\/12\/big-stamper-amarillo.jpg\",\"contentUrl\":\"https:\/\/www.bigstamping.com\/wp-content\/uploads\/2018\/12\/big-stamper-amarillo.jpg\",\"width\":293,\"height\":300,\"caption\":\"BigStamping\"},\"image\":{\"@id\":\"https:\/\/www.bigstamping.com\/#\/schema\/logo\/image\/\"},\"sameAs\":[\"https:\/\/www.facebook.com\/Bigstamping-241206903231462\/\",\"https:\/\/x.com\/Bigstamping\",\"https:\/\/www.instagram.com\/bigstamping\/\",\"https:\/\/www.youtube.com\/channel\/UC_l3jNsBYYC-Ds9pzcZy_Vg\"]}]}<\/script>\n<!-- \/ Yoast SEO plugin. -->","yoast_head_json":{"title":"\u00dcber uns: - BigStamping","description":"Lernen Sie die Mitglieder des BigStamping-Teams ein wenig kennen und entdecken Sie, wer wir sind und was wir uns dem Start dieses kundenspezifischen Briefmarkenprojekts verschrieben haben.","robots":{"index":"index","follow":"follow","max-snippet":"max-snippet:-1","max-image-preview":"max-image-preview:large","max-video-preview":"max-video-preview:-1"},"canonical":"https:\/\/www.bigstamping.com\/sobre-nosotros\/","og_locale":"de_DE","og_type":"article","og_title":"\u00dcber uns: - BigStamping","og_description":"Lernen Sie die Mitglieder des BigStamping-Teams ein wenig kennen und entdecken Sie, wer wir sind und was wir uns dem Start dieses kundenspezifischen Briefmarkenprojekts verschrieben haben.","og_url":"https:\/\/www.bigstamping.com\/sobre-nosotros\/","og_site_name":"BigStamping","article_publisher":"https:\/\/www.facebook.com\/Bigstamping-241206903231462\/","article_modified_time":"2024-06-13T11:23:26+00:00","og_image":[{"width":1000,"height":667,"url":"https:\/\/www.bigstamping.com\/wp-content\/uploads\/2018\/12\/FOTO-EQUIPO.jpg","type":"image\/jpeg"}],"twitter_card":"summary_large_image","twitter_site":"@Bigstamping","twitter_misc":{"Gesch\u00e4tzte Lesezeit":"3\u00a0Minuten"},"schema":{"@context":"https:\/\/schema.org","@graph":[{"@type":"WebPage","@id":"https:\/\/www.bigstamping.com\/sobre-nosotros\/","url":"https:\/\/www.bigstamping.com\/sobre-nosotros\/","name":"\u00dcber uns: - BigStamping","isPartOf":{"@id":"https:\/\/www.bigstamping.com\/#website"},"primaryImageOfPage":{"@id":"https:\/\/www.bigstamping.com\/sobre-nosotros\/#primaryimage"},"image":{"@id":"https:\/\/www.bigstamping.com\/sobre-nosotros\/#primaryimage"},"thumbnailUrl":"https:\/\/www.bigstamping.com\/wp-content\/uploads\/2018\/12\/FOTO-EQUIPO.jpg","datePublished":"2020-05-05T16:09:20+00:00","dateModified":"2024-06-13T11:23:26+00:00","description":"Lernen Sie die Mitglieder des BigStamping-Teams ein wenig kennen und entdecken Sie, wer wir sind und was wir uns dem Start dieses kundenspezifischen Briefmarkenprojekts verschrieben haben.","breadcrumb":{"@id":"https:\/\/www.bigstamping.com\/sobre-nosotros\/#breadcrumb"},"inLanguage":"de","potentialAction":[{"@type":"ReadAction","target":["https:\/\/www.bigstamping.com\/sobre-nosotros\/"]}]},{"@type":"ImageObject","inLanguage":"de","@id":"https:\/\/www.bigstamping.com\/sobre-nosotros\/#primaryimage","url":"https:\/\/www.bigstamping.com\/wp-content\/uploads\/2018\/12\/FOTO-EQUIPO.jpg","contentUrl":"https:\/\/www.bigstamping.com\/wp-content\/uploads\/2018\/12\/FOTO-EQUIPO.jpg","width":1000,"height":667},{"@type":"BreadcrumbList","@id":"https:\/\/www.bigstamping.com\/sobre-nosotros\/#breadcrumb","itemListElement":[{"@type":"ListItem","position":1,"name":"Portada","item":"https:\/\/www.bigstamping.com\/"},{"@type":"ListItem","position":2,"name":"\u00dcber uns:"}]},{"@type":"WebSite","@id":"https:\/\/www.bigstamping.com\/#website","url":"https:\/\/www.bigstamping.com\/","name":"BigStamping","description":"Sellos de gran tama\u00f1o para stampear","publisher":{"@id":"https:\/\/www.bigstamping.com\/#organization"},"potentialAction":[{"@type":"SearchAction","target":{"@type":"EntryPoint","urlTemplate":"https:\/\/www.bigstamping.com\/?s={search_term_string}"},"query-input":{"@type":"PropertyValueSpecification","valueRequired":true,"valueName":"search_term_string"}}],"inLanguage":"de"},{"@type":"Organization","@id":"https:\/\/www.bigstamping.com\/#organization","name":"BigStamping","url":"https:\/\/www.bigstamping.com\/","logo":{"@type":"ImageObject","inLanguage":"de","@id":"https:\/\/www.bigstamping.com\/#\/schema\/logo\/image\/","url":"https:\/\/www.bigstamping.com\/wp-content\/uploads\/2018\/12\/big-stamper-amarillo.jpg","contentUrl":"https:\/\/www.bigstamping.com\/wp-content\/uploads\/2018\/12\/big-stamper-amarillo.jpg","width":293,"height":300,"caption":"BigStamping"},"image":{"@id":"https:\/\/www.bigstamping.com\/#\/schema\/logo\/image\/"},"sameAs":["https:\/\/www.facebook.com\/Bigstamping-241206903231462\/","https:\/\/x.com\/Bigstamping","https:\/\/www.instagram.com\/bigstamping\/","https:\/\/www.youtube.com\/channel\/UC_l3jNsBYYC-Ds9pzcZy_Vg"]}]}},"_links":{"self":[{"href":"https:\/\/www.bigstamping.com\/de\/wp-json\/wp\/v2\/pages\/13674","targetHints":{"allow":["GET"]}}],"collection":[{"href":"https:\/\/www.bigstamping.com\/de\/wp-json\/wp\/v2\/pages"}],"about":[{"href":"https:\/\/www.bigstamping.com\/de\/wp-json\/wp\/v2\/types\/page"}],"author":[{"embeddable":true,"href":"https:\/\/www.bigstamping.com\/de\/wp-json\/wp\/v2\/users\/1"}],"replies":[{"embeddable":true,"href":"https:\/\/www.bigstamping.com\/de\/wp-json\/wp\/v2\/comments?post=13674"}],"version-history":[{"count":0,"href":"https:\/\/www.bigstamping.com\/de\/wp-json\/wp\/v2\/pages\/13674\/revisions"}],"wp:featuredmedia":[{"embeddable":true,"href":"https:\/\/www.bigstamping.com\/de\/wp-json\/wp\/v2\/media\/13676"}],"wp:attachment":[{"href":"https:\/\/www.bigstamping.com\/de\/wp-json\/wp\/v2\/media?parent=13674"}],"curies":[{"name":"wp","href":"https:\/\/api.w.org\/{rel}","templated":true}]}}