{"id":13906,"date":"2018-11-26T19:12:44","date_gmt":"2018-11-26T19:12:44","guid":{"rendered":"https:\/\/www.bigstamping.com\/contact\/"},"modified":"2025-07-09T12:45:07","modified_gmt":"2025-07-09T10:45:07","slug":"contact","status":"publish","type":"page","link":"https:\/\/www.bigstamping.com\/de\/contact\/","title":{"rendered":"Kontakt"},"content":{"rendered":"\t\t<div data-elementor-type=\"wp-post\" data-elementor-id=\"13906\" class=\"elementor elementor-13906 elementor-79\" data-elementor-post-type=\"page\">\n\t\t\t\t\t\t<section class=\"elementor-section elementor-top-section elementor-element elementor-element-137664e elementor-section-full_width elementor-section-height-default elementor-section-height-default\" data-id=\"137664e\" data-element_type=\"section\" data-settings=\"{&quot;background_background&quot;:&quot;classic&quot;}\">\n\t\t\t\t\t\t<div class=\"elementor-container elementor-column-gap-no\">\n\t\t\t\t\t<div class=\"elementor-column elementor-col-100 elementor-top-column elementor-element elementor-element-f6b3150\" data-id=\"f6b3150\" data-element_type=\"column\">\n\t\t\t<div class=\"elementor-widget-wrap elementor-element-populated\">\n\t\t\t\t\t\t<div class=\"elementor-element elementor-element-8c3e77b elementor-widget elementor-widget-image\" data-id=\"8c3e77b\" data-element_type=\"widget\" data-widget_type=\"image.default\">\n\t\t\t\t<div class=\"elementor-widget-container\">\n\t\t\t\t\t\t\t\t\t\t\t\t\t\t\t<img fetchpriority=\"high\" decoding=\"async\" width=\"325\" height=\"160\" src=\"https:\/\/www.bigstamping.com\/wp-content\/uploads\/2018\/11\/telefono-big-stamping.png\" class=\"attachment-large size-large wp-image-13907\" alt=\"\" srcset=\"https:\/\/www.bigstamping.com\/wp-content\/uploads\/2018\/11\/telefono-big-stamping.png 325w, https:\/\/www.bigstamping.com\/wp-content\/uploads\/2018\/11\/telefono-big-stamping-300x148.png 300w\" sizes=\"(max-width: 325px) 100vw, 325px\" \/>\t\t\t\t\t\t\t\t\t\t\t\t\t\t\t<\/div>\n\t\t\t\t<\/div>\n\t\t\t\t<div class=\"elementor-element elementor-element-7d7963d elementor-widget elementor-widget-image\" data-id=\"7d7963d\" data-element_type=\"widget\" data-widget_type=\"image.default\">\n\t\t\t\t<div class=\"elementor-widget-container\">\n\t\t\t\t\t\t\t\t\t\t\t\t\t\t\t<img decoding=\"async\" width=\"358\" height=\"81\" src=\"https:\/\/www.bigstamping.com\/wp-content\/uploads\/2018\/11\/keep-in-touch.png\" class=\"attachment-large size-large wp-image-13909\" alt=\"\" srcset=\"https:\/\/www.bigstamping.com\/wp-content\/uploads\/2018\/11\/keep-in-touch.png 358w, https:\/\/www.bigstamping.com\/wp-content\/uploads\/2018\/11\/keep-in-touch-300x68.png 300w\" sizes=\"(max-width: 358px) 100vw, 358px\" \/>\t\t\t\t\t\t\t\t\t\t\t\t\t\t\t<\/div>\n\t\t\t\t<\/div>\n\t\t\t\t<div class=\"elementor-element elementor-element-5ea50cb elementor-widget elementor-widget-text-editor\" data-id=\"5ea50cb\" data-element_type=\"widget\" data-widget_type=\"text-editor.default\">\n\t\t\t\t<div class=\"elementor-widget-container\">\n\t\t\t\t\t\t\t\t\t<p>Wenn Sie Fragen zum Kaufprozess haben, einen Stempel in einem besonderen Format ben\u00f6tigen oder sich von uns bei der Gestaltung unterst\u00fctzen lassen m\u00f6chten, schreiben Sie einfach an <a href=\"mailto:info.de@bigstamping.com\"><span style=\"text-decoration: underline;\"><strong>info.de@bigstamping.com<\/strong><\/span><\/a>\u00a0oder f\u00fcllen Sie das beigef\u00fcgte Formular aus. Wir werden uns umgehend bei Ihnen melden!<\/p>\t\t\t\t\t\t\t\t<\/div>\n\t\t\t\t<\/div>\n\t\t\t\t\t<\/div>\n\t\t<\/div>\n\t\t\t\t\t<\/div>\n\t\t<\/section>\n\t\t\t\t<section class=\"elementor-section elementor-top-section elementor-element elementor-element-3a6b812 elementor-section-boxed elementor-section-height-default elementor-section-height-default\" data-id=\"3a6b812\" data-element_type=\"section\" data-settings=\"{&quot;background_background&quot;:&quot;classic&quot;}\">\n\t\t\t\t\t\t<div class=\"elementor-container elementor-column-gap-default\">\n\t\t\t\t\t<div class=\"elementor-column elementor-col-100 elementor-top-column elementor-element elementor-element-3aaf58c\" data-id=\"3aaf58c\" data-element_type=\"column\">\n\t\t\t<div class=\"elementor-widget-wrap elementor-element-populated\">\n\t\t\t\t\t\t<div class=\"elementor-element elementor-element-089e035 elementor-widget elementor-widget-heading\" data-id=\"089e035\" data-element_type=\"widget\" data-widget_type=\"heading.default\">\n\t\t\t\t<div class=\"elementor-widget-container\">\n\t\t\t\t\t<h2 class=\"elementor-heading-title elementor-size-default\"><u>Kontakt Formular<\/u><\/h2>\t\t\t\t<\/div>\n\t\t\t\t<\/div>\n\t\t\t\t<div class=\"elementor-element elementor-element-f4609a3 elementor-button-align-end elementor-widget elementor-widget-form\" data-id=\"f4609a3\" data-element_type=\"widget\" data-settings=\"{&quot;step_next_label&quot;:&quot;Next&quot;,&quot;step_previous_label&quot;:&quot;Previous&quot;,&quot;button_width&quot;:&quot;100&quot;,&quot;step_type&quot;:&quot;number_text&quot;,&quot;step_icon_shape&quot;:&quot;circle&quot;}\" data-widget_type=\"form.default\">\n\t\t\t\t<div class=\"elementor-widget-container\">\n\t\t\t\t\t\t\t<form class=\"elementor-form\" method=\"post\" name=\"New Form\" aria-label=\"New Form\">\n\t\t\t<input type=\"hidden\" name=\"post_id\" value=\"13906\"\/>\n\t\t\t<input type=\"hidden\" name=\"form_id\" value=\"f4609a3\"\/>\n\t\t\t<input type=\"hidden\" name=\"referer_title\" value=\"Kontakt - BigStamping\" \/>\n\n\t\t\t\t\t\t\t<input type=\"hidden\" name=\"queried_id\" value=\"13906\"\/>\n\t\t\t\n\t\t\t<div class=\"elementor-form-fields-wrapper elementor-labels-above\">\n\t\t\t\t\t\t\t\t<div class=\"elementor-field-type-text elementor-field-group elementor-column elementor-field-group-name elementor-col-50 elementor-field-required\">\n\t\t\t\t\t\t\t\t\t\t\t\t<label for=\"form-field-name\" class=\"elementor-field-label\">\n\t\t\t\t\t\t\t\tMein Name ist\t\t\t\t\t\t\t<\/label>\n\t\t\t\t\t\t\t\t\t\t\t\t\t\t<input size=\"1\" type=\"text\" name=\"form_fields[name]\" id=\"form-field-name\" class=\"elementor-field elementor-size-sm  elementor-field-textual\" required=\"required\">\n\t\t\t\t\t\t\t\t\t\t\t<\/div>\n\t\t\t\t\t\t\t\t<div class=\"elementor-field-type-email elementor-field-group elementor-column elementor-field-group-email elementor-col-50 elementor-field-required\">\n\t\t\t\t\t\t\t\t\t\t\t\t<label for=\"form-field-email\" class=\"elementor-field-label\">\n\t\t\t\t\t\t\t\tMEIN EMAIL IST: \t\t\t\t\t\t\t<\/label>\n\t\t\t\t\t\t\t\t\t\t\t\t\t\t<input size=\"1\" type=\"email\" name=\"form_fields[email]\" id=\"form-field-email\" class=\"elementor-field elementor-size-sm  elementor-field-textual\" required=\"required\">\n\t\t\t\t\t\t\t\t\t\t\t<\/div>\n\t\t\t\t\t\t\t\t<div class=\"elementor-field-type-textarea elementor-field-group elementor-column elementor-field-group-message elementor-col-100 elementor-field-required\">\n\t\t\t\t\t\t\t\t\t\t\t\t<label for=\"form-field-message\" class=\"elementor-field-label\">\n\t\t\t\t\t\t\t\tKommentar\t\t\t\t\t\t\t<\/label>\n\t\t\t\t\t\t<textarea class=\"elementor-field-textual elementor-field  elementor-size-sm\" name=\"form_fields[message]\" id=\"form-field-message\" rows=\"4\" required=\"required\"><\/textarea>\t\t\t\t<\/div>\n\t\t\t\t\t\t\t\t<div class=\"elementor-field-type-recaptcha elementor-field-group elementor-column elementor-field-group-field_1 elementor-col-100\">\n\t\t\t\t\t<div class=\"elementor-field\" id=\"form-field-field_1\"><div class=\"elementor-g-recaptcha\" data-sitekey=\"6LfqlXIoAAAAAPBN6lPZkDzfLfyT-pDPLT4-vs3O\" data-type=\"v2_checkbox\" data-theme=\"light\" data-size=\"normal\"><\/div><\/div>\t\t\t\t<\/div>\n\t\t\t\t\t\t\t\t<div class=\"elementor-field-group elementor-column elementor-field-type-submit elementor-col-100 e-form__buttons\">\n\t\t\t\t\t<button class=\"elementor-button elementor-size-sm\" type=\"submit\">\n\t\t\t\t\t\t<span class=\"elementor-button-content-wrapper\">\n\t\t\t\t\t\t\t\t\t\t\t\t\t\t\t\t\t\t\t\t\t\t<span class=\"elementor-button-text\">Umwelt<\/span>\n\t\t\t\t\t\t\t\t\t\t\t\t\t<\/span>\n\t\t\t\t\t<\/button>\n\t\t\t\t<\/div>\n\t\t\t<\/div>\n\t\t<\/form>\n\t\t\t\t\t\t<\/div>\n\t\t\t\t<\/div>\n\t\t\t\t<div class=\"elementor-element elementor-element-621cf02 elementor-widget elementor-widget-text-editor\" data-id=\"621cf02\" data-element_type=\"widget\" data-widget_type=\"text-editor.default\">\n\t\t\t\t<div class=\"elementor-widget-container\">\n\t\t\t\t\t\t\t\t\t<p><strong>Beachte:<\/strong> Wir besitzen bereits eine Rubrik mit\u00a0<span style=\"color: #c58237;\"><a style=\"color: #c58237;\" href=\"https:\/\/www.bigstamping.com\/de\/faq\/\" target=\"_blank\" rel=\"noopener\">h\u00e4ufig gestellten Fragen<\/a><\/span>. Vielleicht erhalten Sie dort schon eine Antwort zu Ihrer Frage.\u00a0<\/p>\t\t\t\t\t\t\t\t<\/div>\n\t\t\t\t<\/div>\n\t\t\t\t<div class=\"elementor-element elementor-element-59c37d6 elementor-widget elementor-widget-toggle\" data-id=\"59c37d6\" data-element_type=\"widget\" data-widget_type=\"toggle.default\">\n\t\t\t\t<div class=\"elementor-widget-container\">\n\t\t\t\t\t\t\t<div class=\"elementor-toggle\">\n\t\t\t\t\t\t\t<div class=\"elementor-toggle-item\">\n\t\t\t\t\t<div id=\"elementor-tab-title-9411\" class=\"elementor-tab-title\" data-tab=\"1\" role=\"button\" aria-controls=\"elementor-tab-content-9411\" aria-expanded=\"false\">\n\t\t\t\t\t\t\t\t\t\t\t\t<span class=\"elementor-toggle-icon elementor-toggle-icon-left\" aria-hidden=\"true\">\n\t\t\t\t\t\t\t\t\t\t\t\t\t\t\t<span class=\"elementor-toggle-icon-closed\"><i class=\"fas fa-caret-right\"><\/i><\/span>\n\t\t\t\t\t\t\t\t<span class=\"elementor-toggle-icon-opened\"><i class=\"elementor-toggle-icon-opened fas fa-caret-up\"><\/i><\/span>\n\t\t\t\t\t\t\t\t\t\t\t\t\t<\/span>\n\t\t\t\t\t\t\t\t\t\t\t\t<a class=\"elementor-toggle-title\" tabindex=\"0\">Informationen zum Datenschutz<\/a>\n\t\t\t\t\t<\/div>\n\n\t\t\t\t\t<div id=\"elementor-tab-content-9411\" class=\"elementor-tab-content elementor-clearfix\" data-tab=\"1\" role=\"region\" aria-labelledby=\"elementor-tab-title-9411\"><p>Die pers\u00f6nlichen Daten, die \u00fcber dieses Formular zur Verf\u00fcgung gestellt werden, werden f\u00fcr die Verarbeitung gespeichert, die in der Verantwortung von <b>BigStamping S.L.<\/b> liegt, und werden zum Zweck der Beantwortung von Anfragen oder R\u00fcckfragen verwendet. Die Legitimation zur Durchf\u00fchrung dieser Behandlung basiert auf Ihrer Zustimmung. Sie k\u00f6nnen Ihre Rechte auf Zugang, Berichtigung, L\u00f6schung (&#8222;Recht auf Vergessenwerden&#8220;), Einschr\u00e4nkung, \u00dcbertragbarkeit und Widerspruch aus\u00fcben, indem Sie sich gem\u00e4\u00df den Bestimmungen der Art. 15 ff. der RGPD-EU und der Art. 12 ff. der LOPDGDD schriftlich an den f\u00fcr die Datenverarbeitung Verantwortlichen wenden, und zwar an <b>Pol\u00edgono Industrial Pagusa, C\/ Labrador, 13 &#8211; 41007 Sevilla.<\/b><\/p>\n<p>Die Daten werden so lange aufbewahrt, wie es f\u00fcr die Einhaltung der oben genannten Vorschriften unbedingt erforderlich ist.<\/p>\n<p>Besuchen Sie unseren rechtlichen Hinweis und unsere Datenschutzrichtlinie<\/p><\/div>\n\t\t\t\t<\/div>\n\t\t\t\t\t\t\t\t<\/div>\n\t\t\t\t\t\t<\/div>\n\t\t\t\t<\/div>\n\t\t\t\t\t<\/div>\n\t\t<\/div>\n\t\t\t\t\t<\/div>\n\t\t<\/section>\n\t\t\t\t<\/div>\n\t\t","protected":false},"excerpt":{"rendered":"<p>Wenn Sie Fragen zum Kaufprozess haben, einen Stempel in einem besonderen Format ben\u00f6tigen oder sich von uns bei der Gestaltung unterst\u00fctzen lassen m\u00f6chten, schreiben Sie einfach an info.de@bigstamping.com\u00a0oder f\u00fcllen Sie das beigef\u00fcgte Formular aus. Wir werden uns umgehend bei Ihnen melden! Kontakt Formular Beachte: Wir besitzen bereits eine Rubrik mit\u00a0h\u00e4ufig gestellten Fragen. Vielleicht erhalten Sie [&hellip;]<\/p>\n","protected":false},"author":1,"featured_media":13741,"parent":0,"menu_order":0,"comment_status":"closed","ping_status":"closed","template":"","meta":{"_acf_changed":false,"_genesis_hide_title":false,"_genesis_hide_breadcrumbs":false,"_genesis_hide_singular_image":false,"_genesis_hide_footer_widgets":false,"_genesis_custom_body_class":"","_genesis_custom_post_class":"","_genesis_layout":"","footnotes":""},"class_list":{"0":"post-13906","1":"page","2":"type-page","3":"status-publish","4":"has-post-thumbnail","6":"entry"},"acf":[],"yoast_head":"<!-- This site is optimized with the Yoast SEO plugin v26.7 - https:\/\/yoast.com\/wordpress\/plugins\/seo\/ -->\n<title>Kontakt - BigStamping<\/title>\n<meta name=\"description\" content=\"Kontaktabteilung von BigStamping, einer Firma, die gro\u00dfe kundenspezifische Stempel zum Aufbringen auf verschiedene Arten von Materialien verkauft.\" \/>\n<meta name=\"robots\" content=\"index, follow, max-snippet:-1, max-image-preview:large, max-video-preview:-1\" \/>\n<link rel=\"canonical\" href=\"https:\/\/www.bigstamping.com\/contacto\/\" \/>\n<meta property=\"og:locale\" content=\"de_DE\" \/>\n<meta property=\"og:type\" content=\"article\" \/>\n<meta property=\"og:title\" content=\"Kontakt - BigStamping\" \/>\n<meta property=\"og:description\" content=\"Kontaktabteilung von BigStamping, einer Firma, die gro\u00dfe kundenspezifische Stempel zum Aufbringen auf verschiedene Arten von Materialien verkauft.\" \/>\n<meta property=\"og:url\" content=\"https:\/\/www.bigstamping.com\/contacto\/\" \/>\n<meta property=\"og:site_name\" content=\"BigStamping\" \/>\n<meta property=\"article:publisher\" content=\"https:\/\/www.facebook.com\/Bigstamping-241206903231462\/\" \/>\n<meta property=\"article:modified_time\" content=\"2025-07-09T10:45:07+00:00\" \/>\n<meta property=\"og:image\" content=\"https:\/\/www.bigstamping.com\/wp-content\/uploads\/2018\/12\/resized_FUJI6868.jpg\" \/>\n\t<meta property=\"og:image:width\" content=\"1024\" \/>\n\t<meta property=\"og:image:height\" content=\"576\" \/>\n\t<meta property=\"og:image:type\" content=\"image\/jpeg\" \/>\n<meta name=\"twitter:card\" content=\"summary_large_image\" \/>\n<meta name=\"twitter:site\" content=\"@Bigstamping\" \/>\n<meta name=\"twitter:label1\" content=\"Gesch\u00e4tzte Lesezeit\" \/>\n\t<meta name=\"twitter:data1\" content=\"2\u00a0Minuten\" \/>\n<script type=\"application\/ld+json\" class=\"yoast-schema-graph\">{\"@context\":\"https:\/\/schema.org\",\"@graph\":[{\"@type\":\"WebPage\",\"@id\":\"https:\/\/www.bigstamping.com\/contacto\/\",\"url\":\"https:\/\/www.bigstamping.com\/contacto\/\",\"name\":\"Kontakt - BigStamping\",\"isPartOf\":{\"@id\":\"https:\/\/www.bigstamping.com\/#website\"},\"primaryImageOfPage\":{\"@id\":\"https:\/\/www.bigstamping.com\/contacto\/#primaryimage\"},\"image\":{\"@id\":\"https:\/\/www.bigstamping.com\/contacto\/#primaryimage\"},\"thumbnailUrl\":\"https:\/\/www.bigstamping.com\/wp-content\/uploads\/2018\/12\/resized_FUJI6868.jpg\",\"datePublished\":\"2018-11-26T19:12:44+00:00\",\"dateModified\":\"2025-07-09T10:45:07+00:00\",\"description\":\"Kontaktabteilung von BigStamping, einer Firma, die gro\u00dfe kundenspezifische Stempel zum Aufbringen auf verschiedene Arten von Materialien verkauft.\",\"breadcrumb\":{\"@id\":\"https:\/\/www.bigstamping.com\/contacto\/#breadcrumb\"},\"inLanguage\":\"de\",\"potentialAction\":[{\"@type\":\"ReadAction\",\"target\":[\"https:\/\/www.bigstamping.com\/contacto\/\"]}]},{\"@type\":\"ImageObject\",\"inLanguage\":\"de\",\"@id\":\"https:\/\/www.bigstamping.com\/contacto\/#primaryimage\",\"url\":\"https:\/\/www.bigstamping.com\/wp-content\/uploads\/2018\/12\/resized_FUJI6868.jpg\",\"contentUrl\":\"https:\/\/www.bigstamping.com\/wp-content\/uploads\/2018\/12\/resized_FUJI6868.jpg\",\"width\":1024,\"height\":576,\"caption\":\"Screen printed T-shirt with bigstamping tensioner\"},{\"@type\":\"BreadcrumbList\",\"@id\":\"https:\/\/www.bigstamping.com\/contacto\/#breadcrumb\",\"itemListElement\":[{\"@type\":\"ListItem\",\"position\":1,\"name\":\"Portada\",\"item\":\"https:\/\/www.bigstamping.com\/\"},{\"@type\":\"ListItem\",\"position\":2,\"name\":\"Kontakt\"}]},{\"@type\":\"WebSite\",\"@id\":\"https:\/\/www.bigstamping.com\/#website\",\"url\":\"https:\/\/www.bigstamping.com\/\",\"name\":\"BigStamping\",\"description\":\"Sellos de gran tama\u00f1o para stampear\",\"publisher\":{\"@id\":\"https:\/\/www.bigstamping.com\/#organization\"},\"potentialAction\":[{\"@type\":\"SearchAction\",\"target\":{\"@type\":\"EntryPoint\",\"urlTemplate\":\"https:\/\/www.bigstamping.com\/?s={search_term_string}\"},\"query-input\":{\"@type\":\"PropertyValueSpecification\",\"valueRequired\":true,\"valueName\":\"search_term_string\"}}],\"inLanguage\":\"de\"},{\"@type\":\"Organization\",\"@id\":\"https:\/\/www.bigstamping.com\/#organization\",\"name\":\"BigStamping\",\"url\":\"https:\/\/www.bigstamping.com\/\",\"logo\":{\"@type\":\"ImageObject\",\"inLanguage\":\"de\",\"@id\":\"https:\/\/www.bigstamping.com\/#\/schema\/logo\/image\/\",\"url\":\"https:\/\/www.bigstamping.com\/wp-content\/uploads\/2018\/12\/big-stamper-amarillo.jpg\",\"contentUrl\":\"https:\/\/www.bigstamping.com\/wp-content\/uploads\/2018\/12\/big-stamper-amarillo.jpg\",\"width\":293,\"height\":300,\"caption\":\"BigStamping\"},\"image\":{\"@id\":\"https:\/\/www.bigstamping.com\/#\/schema\/logo\/image\/\"},\"sameAs\":[\"https:\/\/www.facebook.com\/Bigstamping-241206903231462\/\",\"https:\/\/x.com\/Bigstamping\",\"https:\/\/www.instagram.com\/bigstamping\/\",\"https:\/\/www.youtube.com\/channel\/UC_l3jNsBYYC-Ds9pzcZy_Vg\"]}]}<\/script>\n<!-- \/ Yoast SEO plugin. -->","yoast_head_json":{"title":"Kontakt - BigStamping","description":"Kontaktabteilung von BigStamping, einer Firma, die gro\u00dfe kundenspezifische Stempel zum Aufbringen auf verschiedene Arten von Materialien verkauft.","robots":{"index":"index","follow":"follow","max-snippet":"max-snippet:-1","max-image-preview":"max-image-preview:large","max-video-preview":"max-video-preview:-1"},"canonical":"https:\/\/www.bigstamping.com\/contacto\/","og_locale":"de_DE","og_type":"article","og_title":"Kontakt - BigStamping","og_description":"Kontaktabteilung von BigStamping, einer Firma, die gro\u00dfe kundenspezifische Stempel zum Aufbringen auf verschiedene Arten von Materialien verkauft.","og_url":"https:\/\/www.bigstamping.com\/contacto\/","og_site_name":"BigStamping","article_publisher":"https:\/\/www.facebook.com\/Bigstamping-241206903231462\/","article_modified_time":"2025-07-09T10:45:07+00:00","og_image":[{"width":1024,"height":576,"url":"https:\/\/www.bigstamping.com\/wp-content\/uploads\/2018\/12\/resized_FUJI6868.jpg","type":"image\/jpeg"}],"twitter_card":"summary_large_image","twitter_site":"@Bigstamping","twitter_misc":{"Gesch\u00e4tzte Lesezeit":"2\u00a0Minuten"},"schema":{"@context":"https:\/\/schema.org","@graph":[{"@type":"WebPage","@id":"https:\/\/www.bigstamping.com\/contacto\/","url":"https:\/\/www.bigstamping.com\/contacto\/","name":"Kontakt - BigStamping","isPartOf":{"@id":"https:\/\/www.bigstamping.com\/#website"},"primaryImageOfPage":{"@id":"https:\/\/www.bigstamping.com\/contacto\/#primaryimage"},"image":{"@id":"https:\/\/www.bigstamping.com\/contacto\/#primaryimage"},"thumbnailUrl":"https:\/\/www.bigstamping.com\/wp-content\/uploads\/2018\/12\/resized_FUJI6868.jpg","datePublished":"2018-11-26T19:12:44+00:00","dateModified":"2025-07-09T10:45:07+00:00","description":"Kontaktabteilung von BigStamping, einer Firma, die gro\u00dfe kundenspezifische Stempel zum Aufbringen auf verschiedene Arten von Materialien verkauft.","breadcrumb":{"@id":"https:\/\/www.bigstamping.com\/contacto\/#breadcrumb"},"inLanguage":"de","potentialAction":[{"@type":"ReadAction","target":["https:\/\/www.bigstamping.com\/contacto\/"]}]},{"@type":"ImageObject","inLanguage":"de","@id":"https:\/\/www.bigstamping.com\/contacto\/#primaryimage","url":"https:\/\/www.bigstamping.com\/wp-content\/uploads\/2018\/12\/resized_FUJI6868.jpg","contentUrl":"https:\/\/www.bigstamping.com\/wp-content\/uploads\/2018\/12\/resized_FUJI6868.jpg","width":1024,"height":576,"caption":"Screen printed T-shirt with bigstamping tensioner"},{"@type":"BreadcrumbList","@id":"https:\/\/www.bigstamping.com\/contacto\/#breadcrumb","itemListElement":[{"@type":"ListItem","position":1,"name":"Portada","item":"https:\/\/www.bigstamping.com\/"},{"@type":"ListItem","position":2,"name":"Kontakt"}]},{"@type":"WebSite","@id":"https:\/\/www.bigstamping.com\/#website","url":"https:\/\/www.bigstamping.com\/","name":"BigStamping","description":"Sellos de gran tama\u00f1o para stampear","publisher":{"@id":"https:\/\/www.bigstamping.com\/#organization"},"potentialAction":[{"@type":"SearchAction","target":{"@type":"EntryPoint","urlTemplate":"https:\/\/www.bigstamping.com\/?s={search_term_string}"},"query-input":{"@type":"PropertyValueSpecification","valueRequired":true,"valueName":"search_term_string"}}],"inLanguage":"de"},{"@type":"Organization","@id":"https:\/\/www.bigstamping.com\/#organization","name":"BigStamping","url":"https:\/\/www.bigstamping.com\/","logo":{"@type":"ImageObject","inLanguage":"de","@id":"https:\/\/www.bigstamping.com\/#\/schema\/logo\/image\/","url":"https:\/\/www.bigstamping.com\/wp-content\/uploads\/2018\/12\/big-stamper-amarillo.jpg","contentUrl":"https:\/\/www.bigstamping.com\/wp-content\/uploads\/2018\/12\/big-stamper-amarillo.jpg","width":293,"height":300,"caption":"BigStamping"},"image":{"@id":"https:\/\/www.bigstamping.com\/#\/schema\/logo\/image\/"},"sameAs":["https:\/\/www.facebook.com\/Bigstamping-241206903231462\/","https:\/\/x.com\/Bigstamping","https:\/\/www.instagram.com\/bigstamping\/","https:\/\/www.youtube.com\/channel\/UC_l3jNsBYYC-Ds9pzcZy_Vg"]}]}},"_links":{"self":[{"href":"https:\/\/www.bigstamping.com\/de\/wp-json\/wp\/v2\/pages\/13906","targetHints":{"allow":["GET"]}}],"collection":[{"href":"https:\/\/www.bigstamping.com\/de\/wp-json\/wp\/v2\/pages"}],"about":[{"href":"https:\/\/www.bigstamping.com\/de\/wp-json\/wp\/v2\/types\/page"}],"author":[{"embeddable":true,"href":"https:\/\/www.bigstamping.com\/de\/wp-json\/wp\/v2\/users\/1"}],"replies":[{"embeddable":true,"href":"https:\/\/www.bigstamping.com\/de\/wp-json\/wp\/v2\/comments?post=13906"}],"version-history":[{"count":0,"href":"https:\/\/www.bigstamping.com\/de\/wp-json\/wp\/v2\/pages\/13906\/revisions"}],"wp:featuredmedia":[{"embeddable":true,"href":"https:\/\/www.bigstamping.com\/de\/wp-json\/wp\/v2\/media\/13741"}],"wp:attachment":[{"href":"https:\/\/www.bigstamping.com\/de\/wp-json\/wp\/v2\/media?parent=13906"}],"curies":[{"name":"wp","href":"https:\/\/api.w.org\/{rel}","templated":true}]}}