{"id":49150,"date":"2021-03-25T16:30:54","date_gmt":"2021-03-25T16:30:54","guid":{"rendered":"https:\/\/www.bigstamping.com\/wir-haben-ihr-formular-erhalten\/"},"modified":"2023-12-20T17:19:40","modified_gmt":"2023-12-20T16:19:40","slug":"wir-haben-ihr-formular-erhalten","status":"publish","type":"page","link":"https:\/\/www.bigstamping.com\/de\/wir-haben-ihr-formular-erhalten\/","title":{"rendered":"Wir haben Ihr Formular erhalten!"},"content":{"rendered":"\t\t<div data-elementor-type=\"wp-page\" data-elementor-id=\"49150\" class=\"elementor elementor-49150 elementor-49036\" data-elementor-post-type=\"page\">\n\t\t\t\t\t\t<section class=\"elementor-section elementor-top-section elementor-element elementor-element-f124d34 elementor-section-full_width elementor-section-height-default elementor-section-height-default\" data-id=\"f124d34\" data-element_type=\"section\" data-settings=\"{&quot;background_background&quot;:&quot;classic&quot;}\">\n\t\t\t\t\t\t<div class=\"elementor-container elementor-column-gap-no\">\n\t\t\t\t\t<div class=\"elementor-column elementor-col-100 elementor-top-column elementor-element elementor-element-8f052e9\" data-id=\"8f052e9\" data-element_type=\"column\">\n\t\t\t<div class=\"elementor-widget-wrap elementor-element-populated\">\n\t\t\t\t\t\t<div class=\"elementor-element elementor-element-7ad3920 elementor-widget elementor-widget-image\" data-id=\"7ad3920\" data-element_type=\"widget\" data-widget_type=\"image.default\">\n\t\t\t\t<div class=\"elementor-widget-container\">\n\t\t\t\t\t\t\t\t\t\t\t\t\t\t\t<img fetchpriority=\"high\" decoding=\"async\" width=\"293\" height=\"300\" src=\"https:\/\/www.bigstamping.com\/wp-content\/uploads\/2018\/11\/big-stamper-amarillo.png\" class=\"attachment-large size-large wp-image-14495\" alt=\"Forzudo amarillo BigStamping\" \/>\t\t\t\t\t\t\t\t\t\t\t\t\t\t\t<\/div>\n\t\t\t\t<\/div>\n\t\t\t\t<div class=\"elementor-element elementor-element-f3ef700 elementor-widget elementor-widget-heading\" data-id=\"f3ef700\" data-element_type=\"widget\" data-widget_type=\"heading.default\">\n\t\t\t\t<div class=\"elementor-widget-container\">\n\t\t\t\t\t<h1 class=\"elementor-heading-title elementor-size-default\">DANKE, DASS SIE UNS SCHREIBEN!<\/h1>\t\t\t\t<\/div>\n\t\t\t\t<\/div>\n\t\t\t\t<div class=\"elementor-element elementor-element-7b35c7e elementor-widget elementor-widget-heading\" data-id=\"7b35c7e\" data-element_type=\"widget\" data-widget_type=\"heading.default\">\n\t\t\t\t<div class=\"elementor-widget-container\">\n\t\t\t\t\t<h2 class=\"elementor-heading-title elementor-size-default\">IHRE NACHRICHT IST BEI UNS EINGEGANGEN UND WIR WERDEN IHNEN SO SCHNELL WIE M\u00d6GLICH ANTWORTEN.<\/h2>\t\t\t\t<\/div>\n\t\t\t\t<\/div>\n\t\t\t\t<div class=\"elementor-element elementor-element-d5e33ab elementor-widget elementor-widget-text-editor\" data-id=\"d5e33ab\" data-element_type=\"widget\" data-widget_type=\"text-editor.default\">\n\t\t\t\t<div class=\"elementor-widget-container\">\n\t\t\t\t\t\t\t\t\t<p>Denken Sie daran, dass Sie auf dieser Website nicht nur die M\u00f6glichkeit haben, Ihre Bestellung aufzugeben, sondern auch weitere Informationen \u00fcber die Verwendung <span style=\"text-decoration: underline;\"><a href=\"https:\/\/www.bigstamping.com\/de\/produkte\/\">unserer Produkte<\/a><\/span> erhalten.<\/p>\n<p>In der Rubrik &#8222;<a href=\"https:\/\/www.bigstamping.com\/consejos\/\"><span style=\"text-decoration: underline; color: #b4813f;\">Tipps<\/span><\/a>&#8220; finden Sie Tipps und Empfehlungen zur Verwendung von <strong>BigStamping-Stempeln<\/strong> auf verschiedenen Untergr\u00fcnden und in der Rubrik &#8222;<a href=\"https:\/\/www.bigstamping.com\/faq\/\"><span style=\"text-decoration: underline; color: #b4813f;\">FAQ: Antworten auf h\u00e4ufig gestellte Fragen<\/span><\/a>&#8220; informieren wir Sie \u00fcber Versandkosten, Lieferzeiten und vieles mehr.<\/p>\n<p>SCHAUEN SIE SICH AN!<\/p>\n\t\t\t\t\t\t\t\t<\/div>\n\t\t\t\t<\/div>\n\t\t\t\t\t<\/div>\n\t\t<\/div>\n\t\t\t\t\t<\/div>\n\t\t<\/section>\n\t\t\t\t<\/div>\n\t\t","protected":false},"excerpt":{"rendered":"<p>DANKE, DASS SIE UNS SCHREIBEN! IHRE NACHRICHT IST BEI UNS EINGEGANGEN UND WIR WERDEN IHNEN SO SCHNELL WIE M\u00d6GLICH ANTWORTEN. Denken Sie daran, dass Sie auf dieser Website nicht nur die M\u00f6glichkeit haben, Ihre Bestellung aufzugeben, sondern auch weitere Informationen \u00fcber die Verwendung unserer Produkte erhalten. In der Rubrik &#8222;Tipps&#8220; finden Sie Tipps und Empfehlungen [&hellip;]<\/p>\n","protected":false},"author":1,"featured_media":13633,"parent":0,"menu_order":0,"comment_status":"closed","ping_status":"closed","template":"elementor_header_footer","meta":{"_acf_changed":false,"_genesis_hide_title":false,"_genesis_hide_breadcrumbs":false,"_genesis_hide_singular_image":false,"_genesis_hide_footer_widgets":false,"_genesis_custom_body_class":"","_genesis_custom_post_class":"","_genesis_layout":"","footnotes":""},"class_list":{"0":"post-49150","1":"page","2":"type-page","3":"status-publish","4":"has-post-thumbnail","6":"entry"},"acf":[],"yoast_head":"<!-- This site is optimized with the Yoast SEO plugin v26.7 - https:\/\/yoast.com\/wordpress\/plugins\/seo\/ -->\n<title>Wir haben Ihr Formular erhalten! - BigStamping<\/title>\n<meta name=\"description\" content=\"Dankeseite f\u00fcr das Absenden eines Formulars auf BigStamping (deutsche Version)\" \/>\n<meta name=\"robots\" content=\"index, follow, max-snippet:-1, max-image-preview:large, max-video-preview:-1\" \/>\n<link rel=\"canonical\" href=\"https:\/\/www.bigstamping.com\/de\/wir-haben-ihr-formular-erhalten\/\" \/>\n<meta property=\"og:locale\" content=\"de_DE\" \/>\n<meta property=\"og:type\" content=\"article\" \/>\n<meta property=\"og:title\" content=\"Wir haben Ihr Formular erhalten! - BigStamping\" \/>\n<meta property=\"og:description\" content=\"Dankeseite f\u00fcr das Absenden eines Formulars auf BigStamping (deutsche Version)\" \/>\n<meta property=\"og:url\" content=\"https:\/\/www.bigstamping.com\/de\/wir-haben-ihr-formular-erhalten\/\" \/>\n<meta property=\"og:site_name\" content=\"BigStamping\" \/>\n<meta property=\"article:publisher\" content=\"https:\/\/www.facebook.com\/Bigstamping-241206903231462\/\" \/>\n<meta property=\"article:modified_time\" content=\"2023-12-20T16:19:40+00:00\" \/>\n<meta property=\"og:image\" content=\"https:\/\/www.bigstamping.com\/wp-content\/uploads\/2018\/12\/BODEGON-PRIMERA-PAGINA.jpg\" \/>\n\t<meta property=\"og:image:width\" content=\"1500\" \/>\n\t<meta property=\"og:image:height\" content=\"1500\" \/>\n\t<meta property=\"og:image:type\" content=\"image\/jpeg\" \/>\n<meta name=\"twitter:card\" content=\"summary_large_image\" \/>\n<meta name=\"twitter:site\" content=\"@Bigstamping\" \/>\n<meta name=\"twitter:label1\" content=\"Gesch\u00e4tzte Lesezeit\" \/>\n\t<meta name=\"twitter:data1\" content=\"1\u00a0Minute\" \/>\n<script type=\"application\/ld+json\" class=\"yoast-schema-graph\">{\"@context\":\"https:\/\/schema.org\",\"@graph\":[{\"@type\":\"WebPage\",\"@id\":\"https:\/\/www.bigstamping.com\/de\/wir-haben-ihr-formular-erhalten\/\",\"url\":\"https:\/\/www.bigstamping.com\/de\/wir-haben-ihr-formular-erhalten\/\",\"name\":\"Wir haben Ihr Formular erhalten! - BigStamping\",\"isPartOf\":{\"@id\":\"https:\/\/www.bigstamping.com\/#website\"},\"primaryImageOfPage\":{\"@id\":\"https:\/\/www.bigstamping.com\/de\/wir-haben-ihr-formular-erhalten\/#primaryimage\"},\"image\":{\"@id\":\"https:\/\/www.bigstamping.com\/de\/wir-haben-ihr-formular-erhalten\/#primaryimage\"},\"thumbnailUrl\":\"https:\/\/www.bigstamping.com\/wp-content\/uploads\/2018\/12\/BODEGON-PRIMERA-PAGINA.jpg\",\"datePublished\":\"2021-03-25T16:30:54+00:00\",\"dateModified\":\"2023-12-20T16:19:40+00:00\",\"description\":\"Dankeseite f\u00fcr das Absenden eines Formulars auf BigStamping (deutsche Version)\",\"breadcrumb\":{\"@id\":\"https:\/\/www.bigstamping.com\/de\/wir-haben-ihr-formular-erhalten\/#breadcrumb\"},\"inLanguage\":\"de\",\"potentialAction\":[{\"@type\":\"ReadAction\",\"target\":[\"https:\/\/www.bigstamping.com\/de\/wir-haben-ihr-formular-erhalten\/\"]}]},{\"@type\":\"ImageObject\",\"inLanguage\":\"de\",\"@id\":\"https:\/\/www.bigstamping.com\/de\/wir-haben-ihr-formular-erhalten\/#primaryimage\",\"url\":\"https:\/\/www.bigstamping.com\/wp-content\/uploads\/2018\/12\/BODEGON-PRIMERA-PAGINA.jpg\",\"contentUrl\":\"https:\/\/www.bigstamping.com\/wp-content\/uploads\/2018\/12\/BODEGON-PRIMERA-PAGINA.jpg\",\"width\":1500,\"height\":1500,\"caption\":\"Inhalt BigStamping Kits Benutzerdefinierte gro\u00dfe Briefmarken\"},{\"@type\":\"BreadcrumbList\",\"@id\":\"https:\/\/www.bigstamping.com\/de\/wir-haben-ihr-formular-erhalten\/#breadcrumb\",\"itemListElement\":[{\"@type\":\"ListItem\",\"position\":1,\"name\":\"Portada\",\"item\":\"https:\/\/www.bigstamping.com\/\"},{\"@type\":\"ListItem\",\"position\":2,\"name\":\"Wir haben Ihr Formular erhalten!\"}]},{\"@type\":\"WebSite\",\"@id\":\"https:\/\/www.bigstamping.com\/#website\",\"url\":\"https:\/\/www.bigstamping.com\/\",\"name\":\"BigStamping\",\"description\":\"Sellos de gran tama\u00f1o para stampear\",\"publisher\":{\"@id\":\"https:\/\/www.bigstamping.com\/#organization\"},\"potentialAction\":[{\"@type\":\"SearchAction\",\"target\":{\"@type\":\"EntryPoint\",\"urlTemplate\":\"https:\/\/www.bigstamping.com\/?s={search_term_string}\"},\"query-input\":{\"@type\":\"PropertyValueSpecification\",\"valueRequired\":true,\"valueName\":\"search_term_string\"}}],\"inLanguage\":\"de\"},{\"@type\":\"Organization\",\"@id\":\"https:\/\/www.bigstamping.com\/#organization\",\"name\":\"BigStamping\",\"url\":\"https:\/\/www.bigstamping.com\/\",\"logo\":{\"@type\":\"ImageObject\",\"inLanguage\":\"de\",\"@id\":\"https:\/\/www.bigstamping.com\/#\/schema\/logo\/image\/\",\"url\":\"https:\/\/www.bigstamping.com\/wp-content\/uploads\/2018\/12\/big-stamper-amarillo.jpg\",\"contentUrl\":\"https:\/\/www.bigstamping.com\/wp-content\/uploads\/2018\/12\/big-stamper-amarillo.jpg\",\"width\":293,\"height\":300,\"caption\":\"BigStamping\"},\"image\":{\"@id\":\"https:\/\/www.bigstamping.com\/#\/schema\/logo\/image\/\"},\"sameAs\":[\"https:\/\/www.facebook.com\/Bigstamping-241206903231462\/\",\"https:\/\/x.com\/Bigstamping\",\"https:\/\/www.instagram.com\/bigstamping\/\",\"https:\/\/www.youtube.com\/channel\/UC_l3jNsBYYC-Ds9pzcZy_Vg\"]}]}<\/script>\n<!-- \/ Yoast SEO plugin. -->","yoast_head_json":{"title":"Wir haben Ihr Formular erhalten! - BigStamping","description":"Dankeseite f\u00fcr das Absenden eines Formulars auf BigStamping (deutsche Version)","robots":{"index":"index","follow":"follow","max-snippet":"max-snippet:-1","max-image-preview":"max-image-preview:large","max-video-preview":"max-video-preview:-1"},"canonical":"https:\/\/www.bigstamping.com\/de\/wir-haben-ihr-formular-erhalten\/","og_locale":"de_DE","og_type":"article","og_title":"Wir haben Ihr Formular erhalten! - BigStamping","og_description":"Dankeseite f\u00fcr das Absenden eines Formulars auf BigStamping (deutsche Version)","og_url":"https:\/\/www.bigstamping.com\/de\/wir-haben-ihr-formular-erhalten\/","og_site_name":"BigStamping","article_publisher":"https:\/\/www.facebook.com\/Bigstamping-241206903231462\/","article_modified_time":"2023-12-20T16:19:40+00:00","og_image":[{"width":1500,"height":1500,"url":"https:\/\/www.bigstamping.com\/wp-content\/uploads\/2018\/12\/BODEGON-PRIMERA-PAGINA.jpg","type":"image\/jpeg"}],"twitter_card":"summary_large_image","twitter_site":"@Bigstamping","twitter_misc":{"Gesch\u00e4tzte Lesezeit":"1\u00a0Minute"},"schema":{"@context":"https:\/\/schema.org","@graph":[{"@type":"WebPage","@id":"https:\/\/www.bigstamping.com\/de\/wir-haben-ihr-formular-erhalten\/","url":"https:\/\/www.bigstamping.com\/de\/wir-haben-ihr-formular-erhalten\/","name":"Wir haben Ihr Formular erhalten! - BigStamping","isPartOf":{"@id":"https:\/\/www.bigstamping.com\/#website"},"primaryImageOfPage":{"@id":"https:\/\/www.bigstamping.com\/de\/wir-haben-ihr-formular-erhalten\/#primaryimage"},"image":{"@id":"https:\/\/www.bigstamping.com\/de\/wir-haben-ihr-formular-erhalten\/#primaryimage"},"thumbnailUrl":"https:\/\/www.bigstamping.com\/wp-content\/uploads\/2018\/12\/BODEGON-PRIMERA-PAGINA.jpg","datePublished":"2021-03-25T16:30:54+00:00","dateModified":"2023-12-20T16:19:40+00:00","description":"Dankeseite f\u00fcr das Absenden eines Formulars auf BigStamping (deutsche Version)","breadcrumb":{"@id":"https:\/\/www.bigstamping.com\/de\/wir-haben-ihr-formular-erhalten\/#breadcrumb"},"inLanguage":"de","potentialAction":[{"@type":"ReadAction","target":["https:\/\/www.bigstamping.com\/de\/wir-haben-ihr-formular-erhalten\/"]}]},{"@type":"ImageObject","inLanguage":"de","@id":"https:\/\/www.bigstamping.com\/de\/wir-haben-ihr-formular-erhalten\/#primaryimage","url":"https:\/\/www.bigstamping.com\/wp-content\/uploads\/2018\/12\/BODEGON-PRIMERA-PAGINA.jpg","contentUrl":"https:\/\/www.bigstamping.com\/wp-content\/uploads\/2018\/12\/BODEGON-PRIMERA-PAGINA.jpg","width":1500,"height":1500,"caption":"Inhalt BigStamping Kits Benutzerdefinierte gro\u00dfe Briefmarken"},{"@type":"BreadcrumbList","@id":"https:\/\/www.bigstamping.com\/de\/wir-haben-ihr-formular-erhalten\/#breadcrumb","itemListElement":[{"@type":"ListItem","position":1,"name":"Portada","item":"https:\/\/www.bigstamping.com\/"},{"@type":"ListItem","position":2,"name":"Wir haben Ihr Formular erhalten!"}]},{"@type":"WebSite","@id":"https:\/\/www.bigstamping.com\/#website","url":"https:\/\/www.bigstamping.com\/","name":"BigStamping","description":"Sellos de gran tama\u00f1o para stampear","publisher":{"@id":"https:\/\/www.bigstamping.com\/#organization"},"potentialAction":[{"@type":"SearchAction","target":{"@type":"EntryPoint","urlTemplate":"https:\/\/www.bigstamping.com\/?s={search_term_string}"},"query-input":{"@type":"PropertyValueSpecification","valueRequired":true,"valueName":"search_term_string"}}],"inLanguage":"de"},{"@type":"Organization","@id":"https:\/\/www.bigstamping.com\/#organization","name":"BigStamping","url":"https:\/\/www.bigstamping.com\/","logo":{"@type":"ImageObject","inLanguage":"de","@id":"https:\/\/www.bigstamping.com\/#\/schema\/logo\/image\/","url":"https:\/\/www.bigstamping.com\/wp-content\/uploads\/2018\/12\/big-stamper-amarillo.jpg","contentUrl":"https:\/\/www.bigstamping.com\/wp-content\/uploads\/2018\/12\/big-stamper-amarillo.jpg","width":293,"height":300,"caption":"BigStamping"},"image":{"@id":"https:\/\/www.bigstamping.com\/#\/schema\/logo\/image\/"},"sameAs":["https:\/\/www.facebook.com\/Bigstamping-241206903231462\/","https:\/\/x.com\/Bigstamping","https:\/\/www.instagram.com\/bigstamping\/","https:\/\/www.youtube.com\/channel\/UC_l3jNsBYYC-Ds9pzcZy_Vg"]}]}},"_links":{"self":[{"href":"https:\/\/www.bigstamping.com\/de\/wp-json\/wp\/v2\/pages\/49150","targetHints":{"allow":["GET"]}}],"collection":[{"href":"https:\/\/www.bigstamping.com\/de\/wp-json\/wp\/v2\/pages"}],"about":[{"href":"https:\/\/www.bigstamping.com\/de\/wp-json\/wp\/v2\/types\/page"}],"author":[{"embeddable":true,"href":"https:\/\/www.bigstamping.com\/de\/wp-json\/wp\/v2\/users\/1"}],"replies":[{"embeddable":true,"href":"https:\/\/www.bigstamping.com\/de\/wp-json\/wp\/v2\/comments?post=49150"}],"version-history":[{"count":0,"href":"https:\/\/www.bigstamping.com\/de\/wp-json\/wp\/v2\/pages\/49150\/revisions"}],"wp:featuredmedia":[{"embeddable":true,"href":"https:\/\/www.bigstamping.com\/de\/wp-json\/wp\/v2\/media\/13633"}],"wp:attachment":[{"href":"https:\/\/www.bigstamping.com\/de\/wp-json\/wp\/v2\/media?parent=49150"}],"curies":[{"name":"wp","href":"https:\/\/api.w.org\/{rel}","templated":true}]}}