{"id":13996,"date":"2018-12-05T17:19:22","date_gmt":"2020-07-13T11:42:32","guid":{"rendered":"https:\/\/www.bigstamping.com\/producto\/acetate-de\/"},"modified":"2024-06-07T12:05:54","modified_gmt":"2024-06-07T11:05:54","slug":"acetate","status":"publish","type":"product","link":"https:\/\/www.bigstamping.com\/de\/producto\/acetate\/","title":{"rendered":"Acetate (DE)"},"content":{"rendered":"<p><span style=\"font-weight: 400;\">Finish: Geschmeidig bis zum Anschlag. Sie erm\u00f6glicht ein einfaches, gleichm\u00e4\u00dfiges und schnelles Gleiten der Walze \u00fcber die Farbe.<\/span><\/p>\n<hr \/>\n<p><span style=\"font-weight: 400;\">Abmessungen: 42 x 30 cm<\/span><\/p>\n<hr \/>\n<p><span style=\"font-weight: 400;\">Gewicht: 44 Gramm<\/span><\/p>\n<hr \/>\n<p><span style=\"font-weight: 400;\">Dicke: 0,25 Mikrometer<\/span><\/p>\n<hr \/>\n<p><span style=\"font-weight: 400;\">Konservierung: Nach Gebrauch mit Wasser und Seife waschen (optional).<\/span><\/p>\n<hr \/>\n<p><span style=\"font-weight: 400;\">Empfohlen f\u00fcr: alle Arten von Walzen, Druckfarben und Stempeln<\/span><\/p>\n<hr \/>\n<p><span style=\"font-weight: 400;\">Referenz: BS-A01<\/span><\/p>\n","protected":false},"excerpt":{"rendered":"<p><span style=\"font-weight: 400;\">Packung mit 4 hochwertigen transparenten Acetaten im Format A3 (42&#215;29,7 cm\/ 16,53 x 11,69 in). Entworfen, um die Tinte besonders gut verteilen zu k\u00f6nnen. Diese helfen Ihnen, die Tinte unkompliziert und schnell auf den Rollen aufzutragen dank seiner glatten und weichen Oberfl\u00e4che.<\/span><\/p>\n<p><span style=\"font-weight: 400;\">F\u00fcr alle Typen von Farbe, Rollen und Tinten geeignet.<\/span><\/p>\n[acordeon_personalizado]<\/p>\n<p>[pestana_acordeon_personalizado titulo=\"Zus\u00e4tzliche Informationen \u00fcber BigStamping-Acetate\"]<\/p>\n<p><span style=\"font-weight: 400;\">Finish: Geschmeidig bis zum Anschlag. Sie erm\u00f6glicht ein einfaches, gleichm\u00e4\u00dfiges und schnelles Gleiten der Walze \u00fcber die Farbe.<br \/>\n<\/span><\/p>\n<hr \/>\n<p><span style=\"font-weight: 400;\">Gewicht: 44 Gramm<\/span><\/p>\n<hr \/>\n<p><span style=\"font-weight: 400;\">Dicke: 0,25 Mikrometer<\/span><\/p>\n<hr \/>\n<p><span style=\"font-weight: 400;\">Lagerung: Nach Gebrauch mit Wasser und Seife waschen. Sie k\u00f6nnen es so oft verwenden, wie Sie wollen!<br \/>\n<\/span><\/p>\n<hr \/>\n<p><span style=\"font-weight: 400;\"> Empfehlung f\u00fcr die Verwendung: Um bequem zu arbeiten, kleben Sie es an Ihren Schreibtisch.<br \/>\n<\/span><\/p>\n<hr \/>\n<p><span style=\"font-weight: 400;\">Empfohlen f\u00fcr: alle Arten von Walzen, Druckfarben und Stempeln<\/span><\/p>\n<p>[\/pestana_acordeon_personalizado]<\/p>\n<p>[pestana_acordeon_personalizado titulo=\"Wie kann ich bestellen?\"]<\/p>\n<p>Um dieses Produkt zu bestellen, w\u00e4hlen Sie einfach die gew\u00fcnschte Menge und klicken Sie auf die Schaltfl\u00e4che &#8222;n den Warenkorb&#8220;. Denken Sie daran, dass die Baus\u00e4tze bereits eine Packung Acetate enthalten, aber Sie k\u00f6nnen so viele bestellen, wie Sie m\u00f6chten. \ud83d\ude09<\/p>\n<p><strong>&#8211; Akzeptierte Zahlungsarten: Debit-\/Kreditkarten und Paypal.<\/strong><\/p>\n<p>[\/pestana_acordeon_personalizado]<\/p>\n<p>[pestana_acordeon_personalizado titulo=\"Lieferzeiten und Lieferkosten\"]<\/p>\n<p>Wir versenden in alle L\u00e4nder der Europ\u00e4ischen Wirtschaftsgemeinschaft. Wir liefern auch in die Vereinigten Staaten, das Vereinigte K\u00f6nigreich, die T\u00fcrkei, die Schweiz, Kanada, Australien, Chile, die Vereinigten Arabischen Emirate und Japan.<\/p>\n<p><strong>Liefertermine<\/strong><\/p>\n<p>Wenn Sie Ihre Bestellung aufgeben und es keine Probleme mit dem Entwurf gibt, dauert es etwa <strong>7 bis 15 Arbeitstage<\/strong>, bis Ihre Bestellung geliefert wird.<\/p>\n<p><span style=\"text-decoration: underline;\"><strong>*HINWEIS:<\/strong><\/span> Wir sind nicht verantwortlich f\u00fcr Verz\u00f6gerungen, die durch Transportunternehmen oder Kontrollinstanzen verursacht werden.<\/p>\n<p><strong>Kosten der Sendungen<\/strong><\/p>\n<p>Die Versandkosten werden automatisch von der Website je nach Land und den in den Warenkorb gelegten Artikeln berechnet.<\/p>\n<p>Je nach Lieferort erhalten Sie ab 190 \u20ac kostenlosen Versand. Genauere Informationen zu den Versandkosten und den Betr\u00e4gen, die f\u00fcr eine kostenlose Lieferung erforderlich sind, finden <a href=\"https:\/\/www.bigstamping.com\/de\/faq\/\">Sie im Abschnitt FAQ<\/a> und in den Bedingungen f\u00fcr Ihre Adresse.<\/p>\n<p>[\/pestana_acordeon_personalizado]<\/p>\n<p>[\/acordeon_personalizado]\n","protected":false},"featured_media":13995,"template":"","meta":{"_acf_changed":false,"_genesis_hide_title":false,"_genesis_hide_breadcrumbs":false,"_genesis_hide_singular_image":false,"_genesis_hide_footer_widgets":false,"_genesis_custom_body_class":"","_genesis_custom_post_class":"","_genesis_layout":""},"product_brand":[],"product_cat":[138],"product_tag":[],"class_list":{"0":"post-13996","1":"product","2":"type-product","3":"status-publish","4":"has-post-thumbnail","6":"product_cat-accessoires","7":"product_shipping_class-klasse-1","8":"entry","10":"first","11":"instock","12":"taxable","13":"shipping-taxable","14":"purchasable","15":"product-type-simple"},"acf":[],"yoast_head":"<!-- This site is optimized with the Yoast SEO plugin v26.7 - https:\/\/yoast.com\/wordpress\/plugins\/seo\/ -->\n<title>Acetate (DE) (DE) - BigStamping<\/title>\n<meta name=\"description\" content=\"Die BigStamping-Acetate dienen als Tr\u00e4ger f\u00fcr die Farbe, verteilen sie mit den Walzen und machen das Beste aus jedem Auftrag auf den gro\u00dfen Stempeln\" \/>\n<meta name=\"robots\" content=\"index, follow, max-snippet:-1, max-image-preview:large, max-video-preview:-1\" \/>\n<link rel=\"canonical\" href=\"https:\/\/www.bigstamping.com\/de\/producto\/acetate\/\" \/>\n<meta property=\"og:locale\" content=\"de_DE\" \/>\n<meta property=\"og:type\" content=\"article\" \/>\n<meta property=\"og:title\" content=\"Acetate (DE) (DE) - BigStamping\" \/>\n<meta property=\"og:description\" content=\"Die BigStamping-Acetate dienen als Tr\u00e4ger f\u00fcr die Farbe, verteilen sie mit den Walzen und machen das Beste aus jedem Auftrag auf den gro\u00dfen Stempeln\" \/>\n<meta property=\"og:url\" content=\"https:\/\/www.bigstamping.com\/de\/producto\/acetate\/\" \/>\n<meta property=\"og:site_name\" content=\"BigStamping\" \/>\n<meta property=\"article:publisher\" content=\"https:\/\/www.facebook.com\/Bigstamping-241206903231462\/\" \/>\n<meta property=\"article:modified_time\" content=\"2024-06-07T11:05:54+00:00\" \/>\n<meta property=\"og:image\" content=\"https:\/\/www.bigstamping.com\/wp-content\/uploads\/2018\/12\/Acetato_7946_copia.jpg\" \/>\n\t<meta property=\"og:image:width\" content=\"1500\" \/>\n\t<meta property=\"og:image:height\" content=\"1500\" \/>\n\t<meta property=\"og:image:type\" content=\"image\/jpeg\" \/>\n<meta name=\"twitter:card\" content=\"summary_large_image\" \/>\n<meta name=\"twitter:site\" content=\"@Bigstamping\" \/>\n<meta name=\"twitter:label1\" content=\"Gesch\u00e4tzte Lesezeit\" \/>\n\t<meta name=\"twitter:data1\" content=\"1\u00a0Minute\" \/>\n<script type=\"application\/ld+json\" class=\"yoast-schema-graph\">{\"@context\":\"https:\/\/schema.org\",\"@graph\":[{\"@type\":\"WebPage\",\"@id\":\"https:\/\/www.bigstamping.com\/de\/producto\/acetate\/\",\"url\":\"https:\/\/www.bigstamping.com\/de\/producto\/acetate\/\",\"name\":\"Acetate (DE) (DE) - BigStamping\",\"isPartOf\":{\"@id\":\"https:\/\/www.bigstamping.com\/#website\"},\"primaryImageOfPage\":{\"@id\":\"https:\/\/www.bigstamping.com\/de\/producto\/acetate\/#primaryimage\"},\"image\":{\"@id\":\"https:\/\/www.bigstamping.com\/de\/producto\/acetate\/#primaryimage\"},\"thumbnailUrl\":\"https:\/\/www.bigstamping.com\/wp-content\/uploads\/2018\/12\/Acetato_7946_copia.jpg\",\"datePublished\":\"2020-07-13T11:42:32+00:00\",\"dateModified\":\"2024-06-07T11:05:54+00:00\",\"description\":\"Die BigStamping-Acetate dienen als Tr\u00e4ger f\u00fcr die Farbe, verteilen sie mit den Walzen und machen das Beste aus jedem Auftrag auf den gro\u00dfen Stempeln\",\"breadcrumb\":{\"@id\":\"https:\/\/www.bigstamping.com\/de\/producto\/acetate\/#breadcrumb\"},\"inLanguage\":\"de\",\"potentialAction\":[{\"@type\":\"ReadAction\",\"target\":[\"https:\/\/www.bigstamping.com\/de\/producto\/acetate\/\"]}]},{\"@type\":\"ImageObject\",\"inLanguage\":\"de\",\"@id\":\"https:\/\/www.bigstamping.com\/de\/producto\/acetate\/#primaryimage\",\"url\":\"https:\/\/www.bigstamping.com\/wp-content\/uploads\/2018\/12\/Acetato_7946_copia.jpg\",\"contentUrl\":\"https:\/\/www.bigstamping.com\/wp-content\/uploads\/2018\/12\/Acetato_7946_copia.jpg\",\"width\":1500,\"height\":1500,\"caption\":\"BigStamping Acetate Packung\"},{\"@type\":\"BreadcrumbList\",\"@id\":\"https:\/\/www.bigstamping.com\/de\/producto\/acetate\/#breadcrumb\",\"itemListElement\":[{\"@type\":\"ListItem\",\"position\":1,\"name\":\"Portada\",\"item\":\"https:\/\/www.bigstamping.com\/\"},{\"@type\":\"ListItem\",\"position\":2,\"name\":\"Acetate (DE)\"}]},{\"@type\":\"WebSite\",\"@id\":\"https:\/\/www.bigstamping.com\/#website\",\"url\":\"https:\/\/www.bigstamping.com\/\",\"name\":\"BigStamping\",\"description\":\"Sellos de gran tama\u00f1o para stampear\",\"publisher\":{\"@id\":\"https:\/\/www.bigstamping.com\/#organization\"},\"potentialAction\":[{\"@type\":\"SearchAction\",\"target\":{\"@type\":\"EntryPoint\",\"urlTemplate\":\"https:\/\/www.bigstamping.com\/?s={search_term_string}\"},\"query-input\":{\"@type\":\"PropertyValueSpecification\",\"valueRequired\":true,\"valueName\":\"search_term_string\"}}],\"inLanguage\":\"de\"},{\"@type\":\"Organization\",\"@id\":\"https:\/\/www.bigstamping.com\/#organization\",\"name\":\"BigStamping\",\"url\":\"https:\/\/www.bigstamping.com\/\",\"logo\":{\"@type\":\"ImageObject\",\"inLanguage\":\"de\",\"@id\":\"https:\/\/www.bigstamping.com\/#\/schema\/logo\/image\/\",\"url\":\"https:\/\/www.bigstamping.com\/wp-content\/uploads\/2018\/12\/big-stamper-amarillo.jpg\",\"contentUrl\":\"https:\/\/www.bigstamping.com\/wp-content\/uploads\/2018\/12\/big-stamper-amarillo.jpg\",\"width\":293,\"height\":300,\"caption\":\"BigStamping\"},\"image\":{\"@id\":\"https:\/\/www.bigstamping.com\/#\/schema\/logo\/image\/\"},\"sameAs\":[\"https:\/\/www.facebook.com\/Bigstamping-241206903231462\/\",\"https:\/\/x.com\/Bigstamping\",\"https:\/\/www.instagram.com\/bigstamping\/\",\"https:\/\/www.youtube.com\/channel\/UC_l3jNsBYYC-Ds9pzcZy_Vg\"]}]}<\/script>\n<!-- \/ Yoast SEO plugin. -->","yoast_head_json":{"title":"Acetate (DE) (DE) - BigStamping","description":"Die BigStamping-Acetate dienen als Tr\u00e4ger f\u00fcr die Farbe, verteilen sie mit den Walzen und machen das Beste aus jedem Auftrag auf den gro\u00dfen Stempeln","robots":{"index":"index","follow":"follow","max-snippet":"max-snippet:-1","max-image-preview":"max-image-preview:large","max-video-preview":"max-video-preview:-1"},"canonical":"https:\/\/www.bigstamping.com\/de\/producto\/acetate\/","og_locale":"de_DE","og_type":"article","og_title":"Acetate (DE) (DE) - BigStamping","og_description":"Die BigStamping-Acetate dienen als Tr\u00e4ger f\u00fcr die Farbe, verteilen sie mit den Walzen und machen das Beste aus jedem Auftrag auf den gro\u00dfen Stempeln","og_url":"https:\/\/www.bigstamping.com\/de\/producto\/acetate\/","og_site_name":"BigStamping","article_publisher":"https:\/\/www.facebook.com\/Bigstamping-241206903231462\/","article_modified_time":"2024-06-07T11:05:54+00:00","og_image":[{"width":1500,"height":1500,"url":"https:\/\/www.bigstamping.com\/wp-content\/uploads\/2018\/12\/Acetato_7946_copia.jpg","type":"image\/jpeg"}],"twitter_card":"summary_large_image","twitter_site":"@Bigstamping","twitter_misc":{"Gesch\u00e4tzte Lesezeit":"1\u00a0Minute"},"schema":{"@context":"https:\/\/schema.org","@graph":[{"@type":"WebPage","@id":"https:\/\/www.bigstamping.com\/de\/producto\/acetate\/","url":"https:\/\/www.bigstamping.com\/de\/producto\/acetate\/","name":"Acetate (DE) (DE) - BigStamping","isPartOf":{"@id":"https:\/\/www.bigstamping.com\/#website"},"primaryImageOfPage":{"@id":"https:\/\/www.bigstamping.com\/de\/producto\/acetate\/#primaryimage"},"image":{"@id":"https:\/\/www.bigstamping.com\/de\/producto\/acetate\/#primaryimage"},"thumbnailUrl":"https:\/\/www.bigstamping.com\/wp-content\/uploads\/2018\/12\/Acetato_7946_copia.jpg","datePublished":"2020-07-13T11:42:32+00:00","dateModified":"2024-06-07T11:05:54+00:00","description":"Die BigStamping-Acetate dienen als Tr\u00e4ger f\u00fcr die Farbe, verteilen sie mit den Walzen und machen das Beste aus jedem Auftrag auf den gro\u00dfen Stempeln","breadcrumb":{"@id":"https:\/\/www.bigstamping.com\/de\/producto\/acetate\/#breadcrumb"},"inLanguage":"de","potentialAction":[{"@type":"ReadAction","target":["https:\/\/www.bigstamping.com\/de\/producto\/acetate\/"]}]},{"@type":"ImageObject","inLanguage":"de","@id":"https:\/\/www.bigstamping.com\/de\/producto\/acetate\/#primaryimage","url":"https:\/\/www.bigstamping.com\/wp-content\/uploads\/2018\/12\/Acetato_7946_copia.jpg","contentUrl":"https:\/\/www.bigstamping.com\/wp-content\/uploads\/2018\/12\/Acetato_7946_copia.jpg","width":1500,"height":1500,"caption":"BigStamping Acetate Packung"},{"@type":"BreadcrumbList","@id":"https:\/\/www.bigstamping.com\/de\/producto\/acetate\/#breadcrumb","itemListElement":[{"@type":"ListItem","position":1,"name":"Portada","item":"https:\/\/www.bigstamping.com\/"},{"@type":"ListItem","position":2,"name":"Acetate (DE)"}]},{"@type":"WebSite","@id":"https:\/\/www.bigstamping.com\/#website","url":"https:\/\/www.bigstamping.com\/","name":"BigStamping","description":"Sellos de gran tama\u00f1o para stampear","publisher":{"@id":"https:\/\/www.bigstamping.com\/#organization"},"potentialAction":[{"@type":"SearchAction","target":{"@type":"EntryPoint","urlTemplate":"https:\/\/www.bigstamping.com\/?s={search_term_string}"},"query-input":{"@type":"PropertyValueSpecification","valueRequired":true,"valueName":"search_term_string"}}],"inLanguage":"de"},{"@type":"Organization","@id":"https:\/\/www.bigstamping.com\/#organization","name":"BigStamping","url":"https:\/\/www.bigstamping.com\/","logo":{"@type":"ImageObject","inLanguage":"de","@id":"https:\/\/www.bigstamping.com\/#\/schema\/logo\/image\/","url":"https:\/\/www.bigstamping.com\/wp-content\/uploads\/2018\/12\/big-stamper-amarillo.jpg","contentUrl":"https:\/\/www.bigstamping.com\/wp-content\/uploads\/2018\/12\/big-stamper-amarillo.jpg","width":293,"height":300,"caption":"BigStamping"},"image":{"@id":"https:\/\/www.bigstamping.com\/#\/schema\/logo\/image\/"},"sameAs":["https:\/\/www.facebook.com\/Bigstamping-241206903231462\/","https:\/\/x.com\/Bigstamping","https:\/\/www.instagram.com\/bigstamping\/","https:\/\/www.youtube.com\/channel\/UC_l3jNsBYYC-Ds9pzcZy_Vg"]}]}},"_links":{"self":[{"href":"https:\/\/www.bigstamping.com\/de\/wp-json\/wp\/v2\/product\/13996","targetHints":{"allow":["GET"]}}],"collection":[{"href":"https:\/\/www.bigstamping.com\/de\/wp-json\/wp\/v2\/product"}],"about":[{"href":"https:\/\/www.bigstamping.com\/de\/wp-json\/wp\/v2\/types\/product"}],"version-history":[{"count":0,"href":"https:\/\/www.bigstamping.com\/de\/wp-json\/wp\/v2\/product\/13996\/revisions"}],"wp:featuredmedia":[{"embeddable":true,"href":"https:\/\/www.bigstamping.com\/de\/wp-json\/wp\/v2\/media\/13995"}],"wp:attachment":[{"href":"https:\/\/www.bigstamping.com\/de\/wp-json\/wp\/v2\/media?parent=13996"}],"wp:term":[{"taxonomy":"product_brand","embeddable":true,"href":"https:\/\/www.bigstamping.com\/de\/wp-json\/wp\/v2\/product_brand?post=13996"},{"taxonomy":"product_cat","embeddable":true,"href":"https:\/\/www.bigstamping.com\/de\/wp-json\/wp\/v2\/product_cat?post=13996"},{"taxonomy":"product_tag","embeddable":true,"href":"https:\/\/www.bigstamping.com\/de\/wp-json\/wp\/v2\/product_tag?post=13996"}],"curies":[{"name":"wp","href":"https:\/\/api.w.org\/{rel}","templated":true}]}}