{"id":13998,"date":"2020-08-19T17:23:17","date_gmt":"2020-07-13T11:53:25","guid":{"rendered":"https:\/\/www.bigstamping.com\/producto\/flexodruckfarben-papier\/"},"modified":"2025-02-05T11:41:32","modified_gmt":"2025-02-05T10:41:32","slug":"papier-flexodruckfarben","status":"publish","type":"product","link":"https:\/\/www.bigstamping.com\/de\/producto\/papier-flexodruckfarben\/","title":{"rendered":"Flexodruckfarben f\u00fcr Papier, Karton und Holz"},"content":{"rendered":"<p><span style=\"font-weight: 400;\">Finish: Geschmeidig bis zum Anschlag. Matt und sehr abdeckend<\/span><\/p>\n<hr \/>\n<p>Dimensionen: 7,5 x 7 cm.<\/p>\n<hr \/>\n<p>Gewicht: 300 Gramm.<\/p>\n<hr \/>\n<p>Empfohlen f\u00fcr: alle Arten von Briefmarken.<\/p>\n<hr \/>\n<p>Materialien: Papier, Karton, Holz und saugf\u00e4hige Oberfl\u00e4chen. Nicht geeignet f\u00fcr Textilien.<\/p>\n","protected":false},"excerpt":{"rendered":"<p><span style=\"font-weight: 400;\"><strong>Flexodruckfarbe auf Wasserbasis.<\/strong> Die Tinte wird in Dosen mit 125 ml Inhalt geliefert und unterscheidet sich in ihrem Aussehen deutlich von anderen Tinten auf dem Markt.<\/span><\/p>\n<p><span style=\"font-weight: 400;\"> <strong>Sie werden von BigStamping hergestellt und eignen sich perfekt zum Bedrucken von Papier, Karton <\/strong> und saugf\u00e4higen Oberfl\u00e4chen im Allgemeinen. <strong>Mit nur einer Flasche Tinte k\u00f6nnen Sie Tausende von Drucken erstellen.<\/strong><\/span><\/p>\n[acordeon_personalizado]<\/p>\n<p>[pestana_acordeon_personalizado titulo=\"Empfehlungen f\u00fcr die Verwendung\"]<\/p>\n<p><span style=\"font-weight: 400;\">Drucke auf Papier oder Karton mit diesen Farben trocknen zwischen 30 Minuten und 24 Stunden, je nachdem, wie por\u00f6s und saugf\u00e4hig das Druckmaterial ist und wie die Umgebungsbedingungen (Feuchtigkeit, Temperatur usw.) sind.<\/span><\/p>\n<p><span style=\"font-weight: 400;\">Diese Farben sind f\u00fcr die Verwendung auf <strong>BigStamping-Gummistempeln<\/strong> bestimmt und werden direkt mit der Walze auf den Stempel aufgetragen, um anschlie\u00dfend gestempelt zu werden. <strong>Die verschiedenfarbigen Tinten k\u00f6nnen gemischt werden, um eine Vielzahl von Farbt\u00f6nen zu erhalten<\/strong>.<\/span><\/p>\n<p><strong>Diese sind jedoch nicht f\u00fcr Stoffe geeignet.<\/strong><\/p>\n<p>Weitere Tipps und Anwendungsempfehlungen finden Sie in der Rubrik <a href=\"https:\/\/www.bigstamping.com\/consejos\/\">&#8222;Tipps&#8220; <\/a> auf unserer Website.<\/p>\n<p>[\/pestana_acordeon_personalizado]<\/p>\n<p>[pestana_acordeon_personalizado titulo=\"Andere Merkmale\"]<\/p>\n<p><span style=\"font-weight: 400;\">Finish: Geschmeidig bis zum Anschlag. Matt und sehr abdeckend<\/span><\/p>\n<hr \/>\n<p>Gewicht: 300 Gramm.<\/p>\n<hr \/>\n<p>Empfohlen f\u00fcr: alle Arten von Briefmarken.<\/p>\n<hr \/>\n<p>Materialien: Papier, Karton, Holz und saugf\u00e4hige Oberfl\u00e4chen. Nicht geeignet f\u00fcr Textilien.<\/p>\n<p>Reinigen Sie die Stempel sofort nach Gebrauch mit Wasser und Seife. S\u00e9calos bien y gu\u00e1rdalos en lugar seco y fresco y protegido de la luz natural.Trocknen Sie sie gut ab und lagern Sie sie an einem k\u00fchlen, trockenen und lichtgesch\u00fctzten Ort.<\/p>\n<p>Diese Tinte ist umweltfreundlich und enth\u00e4lt keine Plastisole.<\/p>\n<p>[\/pestana_acordeon_personalizado]<\/p>\n<p>[pestana_acordeon_personalizado titulo=\"Wie kann ich bestellen?\"]<\/p>\n<p>Um dieses Produkt zu bestellen, w\u00e4hlen Sie einfach die gew\u00fcnschte Farbe und die Anzahl der gew\u00fcnschten Einheiten aus und klicken dann auf die Schaltfl\u00e4che &#8222;In den Warenkorb&#8220;. <strong>Die BigStamping-Kits<\/strong> enthalten eine Tinte zur Auswahl, darunter diese Flaschen mit <strong>Tinte f\u00fcr Papier und Karton.<\/strong> Wenn Sie andere Einheiten oder Farben ben\u00f6tigen als die, die Sie im Kit gew\u00e4hlt haben (denken Sie daran, dass Sie auch Textilfarbe w\u00e4hlen k\u00f6nnen), k\u00f6nnen Sie die gew\u00fcnschten Einheiten und Farben hier bestellen. \ud83d\ude09<\/p>\n<p><strong>&#8211; Akzeptierte Zahlungsarten: Debit-\/Kreditkarten und Paypal.<\/strong><\/p>\n<p>[\/pestana_acordeon_personalizado]<\/p>\n<p>[pestana_acordeon_personalizado titulo=\"Lieferzeiten und Lieferkosten\"]<\/p>\n<p>Wir versenden in alle L\u00e4nder der Europ\u00e4ischen Wirtschaftsgemeinschaft. Wir liefern auch in die Vereinigten Staaten, das Vereinigte K\u00f6nigreich, die T\u00fcrkei, die Schweiz, Kanada, Australien, Chile, die Vereinigten Arabischen Emirate und Japan.<\/p>\n<p><strong>Liefertermine<\/strong><\/p>\n<p>Wenn Sie Ihre Bestellung aufgeben und es keine Probleme mit dem Entwurf gibt, dauert es etwa <strong>7 bis 15 Arbeitstage<\/strong>, bis Ihre Bestellung geliefert wird.<\/p>\n<p><span style=\"text-decoration: underline;\"><strong>*HINWEIS:<\/strong><\/span> Wir sind nicht verantwortlich f\u00fcr Verz\u00f6gerungen, die durch Transportunternehmen oder Kontrollinstanzen verursacht werden.<\/p>\n<p><strong>Kosten der Sendungen<\/strong><\/p>\n<p>Die Versandkosten werden automatisch von der Website je nach Land und den in den Warenkorb gelegten Artikeln berechnet.<\/p>\n<p>Je nach Lieferort erhalten Sie ab 190 \u20ac kostenlosen Versand. Genauere Informationen zu den Versandkosten und den Betr\u00e4gen, die f\u00fcr eine kostenlose Lieferung erforderlich sind, finden <a href=\"https:\/\/www.bigstamping.com\/de\/faq\/\">Sie im Abschnitt FAQ<\/a> und in den Bedingungen f\u00fcr Ihre Adresse.<\/p>\n<p>[\/pestana_acordeon_personalizado]<\/p>\n<p>[\/acordeon_personalizado]\n","protected":false},"featured_media":21081,"template":"","meta":{"_acf_changed":false,"_genesis_hide_title":false,"_genesis_hide_breadcrumbs":false,"_genesis_hide_singular_image":false,"_genesis_hide_footer_widgets":false,"_genesis_custom_body_class":"","_genesis_custom_post_class":"","_genesis_layout":""},"product_brand":[],"product_cat":[138],"product_tag":[],"class_list":{"0":"post-13998","1":"product","2":"type-product","3":"status-publish","4":"has-post-thumbnail","6":"product_cat-accessoires","7":"product_shipping_class-klasse-1","8":"entry","10":"first","11":"instock","12":"taxable","13":"shipping-taxable","14":"purchasable","15":"product-type-variable"},"acf":[],"yoast_head":"<!-- This site is optimized with the Yoast SEO plugin v26.7 - https:\/\/yoast.com\/wordpress\/plugins\/seo\/ -->\n<title>Flexodruckfarben f\u00fcr Papier, Karton und Holz - BigStamping<\/title>\n<meta name=\"description\" content=\"Spezialtinten zur Verwendung auf Papier, Karton und \u00e4hnlichen Materialien Wir haben sie in verschiedenen Farben und sie werden mit den BigStamping-Stempeln getestet.\" \/>\n<meta name=\"robots\" content=\"index, follow, max-snippet:-1, max-image-preview:large, max-video-preview:-1\" \/>\n<link rel=\"canonical\" href=\"https:\/\/www.bigstamping.com\/de\/producto\/papier-flexodruckfarben\/\" \/>\n<meta property=\"og:locale\" content=\"de_DE\" \/>\n<meta property=\"og:type\" content=\"article\" \/>\n<meta property=\"og:title\" content=\"Flexodruckfarben f\u00fcr Papier, Karton und Holz - BigStamping\" \/>\n<meta property=\"og:description\" content=\"Spezialtinten zur Verwendung auf Papier, Karton und \u00e4hnlichen Materialien Wir haben sie in verschiedenen Farben und sie werden mit den BigStamping-Stempeln getestet.\" \/>\n<meta property=\"og:url\" content=\"https:\/\/www.bigstamping.com\/de\/producto\/papier-flexodruckfarben\/\" \/>\n<meta property=\"og:site_name\" content=\"BigStamping\" \/>\n<meta property=\"article:publisher\" content=\"https:\/\/www.facebook.com\/Bigstamping-241206903231462\/\" \/>\n<meta property=\"article:modified_time\" content=\"2025-02-05T10:41:32+00:00\" \/>\n<meta property=\"og:image\" content=\"https:\/\/www.bigstamping.com\/wp-content\/uploads\/2020\/08\/Bote-pintura_7047_copia.png\" \/>\n\t<meta property=\"og:image:width\" content=\"1500\" \/>\n\t<meta property=\"og:image:height\" content=\"1500\" \/>\n\t<meta property=\"og:image:type\" content=\"image\/png\" \/>\n<meta name=\"twitter:card\" content=\"summary_large_image\" \/>\n<meta name=\"twitter:site\" content=\"@Bigstamping\" \/>\n<meta name=\"twitter:label1\" content=\"Gesch\u00e4tzte Lesezeit\" \/>\n\t<meta name=\"twitter:data1\" content=\"1\u00a0Minute\" \/>\n<script type=\"application\/ld+json\" class=\"yoast-schema-graph\">{\"@context\":\"https:\/\/schema.org\",\"@graph\":[{\"@type\":\"WebPage\",\"@id\":\"https:\/\/www.bigstamping.com\/de\/producto\/papier-flexodruckfarben\/\",\"url\":\"https:\/\/www.bigstamping.com\/de\/producto\/papier-flexodruckfarben\/\",\"name\":\"Flexodruckfarben f\u00fcr Papier, Karton und Holz - BigStamping\",\"isPartOf\":{\"@id\":\"https:\/\/www.bigstamping.com\/#website\"},\"primaryImageOfPage\":{\"@id\":\"https:\/\/www.bigstamping.com\/de\/producto\/papier-flexodruckfarben\/#primaryimage\"},\"image\":{\"@id\":\"https:\/\/www.bigstamping.com\/de\/producto\/papier-flexodruckfarben\/#primaryimage\"},\"thumbnailUrl\":\"https:\/\/www.bigstamping.com\/wp-content\/uploads\/2020\/08\/Bote-pintura_7047_copia.png\",\"datePublished\":\"2020-07-13T11:53:25+00:00\",\"dateModified\":\"2025-02-05T10:41:32+00:00\",\"description\":\"Spezialtinten zur Verwendung auf Papier, Karton und \u00e4hnlichen Materialien Wir haben sie in verschiedenen Farben und sie werden mit den BigStamping-Stempeln getestet.\",\"breadcrumb\":{\"@id\":\"https:\/\/www.bigstamping.com\/de\/producto\/papier-flexodruckfarben\/#breadcrumb\"},\"inLanguage\":\"de\",\"potentialAction\":[{\"@type\":\"ReadAction\",\"target\":[\"https:\/\/www.bigstamping.com\/de\/producto\/papier-flexodruckfarben\/\"]}]},{\"@type\":\"ImageObject\",\"inLanguage\":\"de\",\"@id\":\"https:\/\/www.bigstamping.com\/de\/producto\/papier-flexodruckfarben\/#primaryimage\",\"url\":\"https:\/\/www.bigstamping.com\/wp-content\/uploads\/2020\/08\/Bote-pintura_7047_copia.png\",\"contentUrl\":\"https:\/\/www.bigstamping.com\/wp-content\/uploads\/2020\/08\/Bote-pintura_7047_copia.png\",\"width\":1500,\"height\":1500,\"caption\":\"Bote pintura papel Big Stamping\"},{\"@type\":\"BreadcrumbList\",\"@id\":\"https:\/\/www.bigstamping.com\/de\/producto\/papier-flexodruckfarben\/#breadcrumb\",\"itemListElement\":[{\"@type\":\"ListItem\",\"position\":1,\"name\":\"Portada\",\"item\":\"https:\/\/www.bigstamping.com\/\"},{\"@type\":\"ListItem\",\"position\":2,\"name\":\"Flexodruckfarben f\u00fcr Papier, Karton und Holz\"}]},{\"@type\":\"WebSite\",\"@id\":\"https:\/\/www.bigstamping.com\/#website\",\"url\":\"https:\/\/www.bigstamping.com\/\",\"name\":\"BigStamping\",\"description\":\"Sellos de gran tama\u00f1o para stampear\",\"publisher\":{\"@id\":\"https:\/\/www.bigstamping.com\/#organization\"},\"potentialAction\":[{\"@type\":\"SearchAction\",\"target\":{\"@type\":\"EntryPoint\",\"urlTemplate\":\"https:\/\/www.bigstamping.com\/?s={search_term_string}\"},\"query-input\":{\"@type\":\"PropertyValueSpecification\",\"valueRequired\":true,\"valueName\":\"search_term_string\"}}],\"inLanguage\":\"de\"},{\"@type\":\"Organization\",\"@id\":\"https:\/\/www.bigstamping.com\/#organization\",\"name\":\"BigStamping\",\"url\":\"https:\/\/www.bigstamping.com\/\",\"logo\":{\"@type\":\"ImageObject\",\"inLanguage\":\"de\",\"@id\":\"https:\/\/www.bigstamping.com\/#\/schema\/logo\/image\/\",\"url\":\"https:\/\/www.bigstamping.com\/wp-content\/uploads\/2018\/12\/big-stamper-amarillo.jpg\",\"contentUrl\":\"https:\/\/www.bigstamping.com\/wp-content\/uploads\/2018\/12\/big-stamper-amarillo.jpg\",\"width\":293,\"height\":300,\"caption\":\"BigStamping\"},\"image\":{\"@id\":\"https:\/\/www.bigstamping.com\/#\/schema\/logo\/image\/\"},\"sameAs\":[\"https:\/\/www.facebook.com\/Bigstamping-241206903231462\/\",\"https:\/\/x.com\/Bigstamping\",\"https:\/\/www.instagram.com\/bigstamping\/\",\"https:\/\/www.youtube.com\/channel\/UC_l3jNsBYYC-Ds9pzcZy_Vg\"]}]}<\/script>\n<!-- \/ Yoast SEO plugin. -->","yoast_head_json":{"title":"Flexodruckfarben f\u00fcr Papier, Karton und Holz - BigStamping","description":"Spezialtinten zur Verwendung auf Papier, Karton und \u00e4hnlichen Materialien Wir haben sie in verschiedenen Farben und sie werden mit den BigStamping-Stempeln getestet.","robots":{"index":"index","follow":"follow","max-snippet":"max-snippet:-1","max-image-preview":"max-image-preview:large","max-video-preview":"max-video-preview:-1"},"canonical":"https:\/\/www.bigstamping.com\/de\/producto\/papier-flexodruckfarben\/","og_locale":"de_DE","og_type":"article","og_title":"Flexodruckfarben f\u00fcr Papier, Karton und Holz - BigStamping","og_description":"Spezialtinten zur Verwendung auf Papier, Karton und \u00e4hnlichen Materialien Wir haben sie in verschiedenen Farben und sie werden mit den BigStamping-Stempeln getestet.","og_url":"https:\/\/www.bigstamping.com\/de\/producto\/papier-flexodruckfarben\/","og_site_name":"BigStamping","article_publisher":"https:\/\/www.facebook.com\/Bigstamping-241206903231462\/","article_modified_time":"2025-02-05T10:41:32+00:00","og_image":[{"width":1500,"height":1500,"url":"https:\/\/www.bigstamping.com\/wp-content\/uploads\/2020\/08\/Bote-pintura_7047_copia.png","type":"image\/png"}],"twitter_card":"summary_large_image","twitter_site":"@Bigstamping","twitter_misc":{"Gesch\u00e4tzte Lesezeit":"1\u00a0Minute"},"schema":{"@context":"https:\/\/schema.org","@graph":[{"@type":"WebPage","@id":"https:\/\/www.bigstamping.com\/de\/producto\/papier-flexodruckfarben\/","url":"https:\/\/www.bigstamping.com\/de\/producto\/papier-flexodruckfarben\/","name":"Flexodruckfarben f\u00fcr Papier, Karton und Holz - BigStamping","isPartOf":{"@id":"https:\/\/www.bigstamping.com\/#website"},"primaryImageOfPage":{"@id":"https:\/\/www.bigstamping.com\/de\/producto\/papier-flexodruckfarben\/#primaryimage"},"image":{"@id":"https:\/\/www.bigstamping.com\/de\/producto\/papier-flexodruckfarben\/#primaryimage"},"thumbnailUrl":"https:\/\/www.bigstamping.com\/wp-content\/uploads\/2020\/08\/Bote-pintura_7047_copia.png","datePublished":"2020-07-13T11:53:25+00:00","dateModified":"2025-02-05T10:41:32+00:00","description":"Spezialtinten zur Verwendung auf Papier, Karton und \u00e4hnlichen Materialien Wir haben sie in verschiedenen Farben und sie werden mit den BigStamping-Stempeln getestet.","breadcrumb":{"@id":"https:\/\/www.bigstamping.com\/de\/producto\/papier-flexodruckfarben\/#breadcrumb"},"inLanguage":"de","potentialAction":[{"@type":"ReadAction","target":["https:\/\/www.bigstamping.com\/de\/producto\/papier-flexodruckfarben\/"]}]},{"@type":"ImageObject","inLanguage":"de","@id":"https:\/\/www.bigstamping.com\/de\/producto\/papier-flexodruckfarben\/#primaryimage","url":"https:\/\/www.bigstamping.com\/wp-content\/uploads\/2020\/08\/Bote-pintura_7047_copia.png","contentUrl":"https:\/\/www.bigstamping.com\/wp-content\/uploads\/2020\/08\/Bote-pintura_7047_copia.png","width":1500,"height":1500,"caption":"Bote pintura papel Big Stamping"},{"@type":"BreadcrumbList","@id":"https:\/\/www.bigstamping.com\/de\/producto\/papier-flexodruckfarben\/#breadcrumb","itemListElement":[{"@type":"ListItem","position":1,"name":"Portada","item":"https:\/\/www.bigstamping.com\/"},{"@type":"ListItem","position":2,"name":"Flexodruckfarben f\u00fcr Papier, Karton und Holz"}]},{"@type":"WebSite","@id":"https:\/\/www.bigstamping.com\/#website","url":"https:\/\/www.bigstamping.com\/","name":"BigStamping","description":"Sellos de gran tama\u00f1o para stampear","publisher":{"@id":"https:\/\/www.bigstamping.com\/#organization"},"potentialAction":[{"@type":"SearchAction","target":{"@type":"EntryPoint","urlTemplate":"https:\/\/www.bigstamping.com\/?s={search_term_string}"},"query-input":{"@type":"PropertyValueSpecification","valueRequired":true,"valueName":"search_term_string"}}],"inLanguage":"de"},{"@type":"Organization","@id":"https:\/\/www.bigstamping.com\/#organization","name":"BigStamping","url":"https:\/\/www.bigstamping.com\/","logo":{"@type":"ImageObject","inLanguage":"de","@id":"https:\/\/www.bigstamping.com\/#\/schema\/logo\/image\/","url":"https:\/\/www.bigstamping.com\/wp-content\/uploads\/2018\/12\/big-stamper-amarillo.jpg","contentUrl":"https:\/\/www.bigstamping.com\/wp-content\/uploads\/2018\/12\/big-stamper-amarillo.jpg","width":293,"height":300,"caption":"BigStamping"},"image":{"@id":"https:\/\/www.bigstamping.com\/#\/schema\/logo\/image\/"},"sameAs":["https:\/\/www.facebook.com\/Bigstamping-241206903231462\/","https:\/\/x.com\/Bigstamping","https:\/\/www.instagram.com\/bigstamping\/","https:\/\/www.youtube.com\/channel\/UC_l3jNsBYYC-Ds9pzcZy_Vg"]}]}},"_links":{"self":[{"href":"https:\/\/www.bigstamping.com\/de\/wp-json\/wp\/v2\/product\/13998","targetHints":{"allow":["GET"]}}],"collection":[{"href":"https:\/\/www.bigstamping.com\/de\/wp-json\/wp\/v2\/product"}],"about":[{"href":"https:\/\/www.bigstamping.com\/de\/wp-json\/wp\/v2\/types\/product"}],"version-history":[{"count":0,"href":"https:\/\/www.bigstamping.com\/de\/wp-json\/wp\/v2\/product\/13998\/revisions"}],"wp:featuredmedia":[{"embeddable":true,"href":"https:\/\/www.bigstamping.com\/de\/wp-json\/wp\/v2\/media\/21081"}],"wp:attachment":[{"href":"https:\/\/www.bigstamping.com\/de\/wp-json\/wp\/v2\/media?parent=13998"}],"wp:term":[{"taxonomy":"product_brand","embeddable":true,"href":"https:\/\/www.bigstamping.com\/de\/wp-json\/wp\/v2\/product_brand?post=13998"},{"taxonomy":"product_cat","embeddable":true,"href":"https:\/\/www.bigstamping.com\/de\/wp-json\/wp\/v2\/product_cat?post=13998"},{"taxonomy":"product_tag","embeddable":true,"href":"https:\/\/www.bigstamping.com\/de\/wp-json\/wp\/v2\/product_tag?post=13998"}],"curies":[{"name":"wp","href":"https:\/\/api.w.org\/{rel}","templated":true}]}}