{"id":14016,"date":"2020-08-19T17:21:08","date_gmt":"2020-07-13T12:15:04","guid":{"rendered":"https:\/\/www.bigstamping.com\/producto\/xylografische-texturdruckfarbe\/"},"modified":"2024-06-07T11:27:59","modified_gmt":"2024-06-07T10:27:59","slug":"xylographische-textildruckfarben","status":"publish","type":"product","link":"https:\/\/www.bigstamping.com\/de\/producto\/xylographische-textildruckfarben\/","title":{"rendered":"Xylografische-Texturdruckfarbe"},"content":{"rendered":"<p><span style=\"font-weight: 400;\">Finish: Geschmeidig bis zum Anschlag. Opak und deckend, was zu leuchtenden Farben f\u00fchrt.<\/span><\/p>\n<hr \/>\n<p><span style=\"font-weight: 400;\">Gr\u00f6\u00dfe: 75 ml<\/span><\/p>\n<hr \/>\n<p><span style=\"font-weight: 400;\">Gewicht: 100 Gramm.<\/span><\/p>\n<hr \/>\n<p><span style=\"font-weight: 400;\">Empfohlen f\u00fcr: Alle Arten von Briefmarken. <\/span><\/p>\n<hr \/>\n<p><span style=\"font-weight: 400;\">Materialien: Stoffe, au\u00dfer Nylon. Papier und Pappe.<\/span><\/p>\n","protected":false},"excerpt":{"rendered":"<p><span style=\"font-weight: 400;\"><strong>Die Speedball 75 ml Holzschnittfarbe<\/strong> ist besonders f\u00fcr textile Oberfl\u00e4chen (z.B. Baumwolle, Leinen, Lycra oder Rayon) geeignet. Sie kann auch auf Papier und Karton verwendet werden, aber die Anzahl der Drucke ist geringer als bei unserer <a href=\"https:\/\/www.bigstamping.com\/producto\/tintas-flexograficas-papel\/\">BigStamping-Farbe f\u00fcr Papier und Karton. <\/a> <\/span><\/p>\n<p><span style=\"font-weight: 400;\"><strong>Speedball-Stofftinte trocknet bei Raumtemperatur in etwa 48 Stunden. 7 Tage lang nicht waschen. Bei niedriger Temperatur waschen und nicht im Trockner trocknen. Es h\u00e4lt mehr als 100 Waschg\u00e4nge aus!<\/strong><\/span><\/p>\n<p><span style=\"font-weight: 400;\">Sie sind speziell f\u00fcr die Verwendung mit den gro\u00dfen Gummistempeln von <strong>BigStamping<\/strong> konzipiert. Die Farbe wird direkt mit der Walze auf den Stempel aufgetragen und anschlie\u00dfend gestempelt.<\/span><\/p>\n[acordeon_personalizado]<\/p>\n<p>[pestana_acordeon_personalizado titulo=\"Empfehlungen f\u00fcr die Verwendung\"]<\/p>\n<p>Es ist wichtig, Falten vor dem Druck zu vermeiden, weshalb wir unseren T-Shirt-Spanner anbieten. Es wird empfohlen, f\u00fcr jeden Druck einen neuen Tropfen Farbe auf das Acetat zu geben. Dr\u00fccken Sie 3 bis 4 Sekunden lang darauf und heben Sie das Siegel vorsichtig an. Die vom Hersteller empfohlene Trockenzeit betr\u00e4gt 48 Stunden, und es wird nicht empfohlen, das bedruckte Kleidungsst\u00fcck 7 Tage sp\u00e4ter zu waschen.<\/p>\n<p>Bei niedriger Temperatur waschen und nicht im Trockner trocknen.<\/p>\n<p>Um ein optimales Druckergebnis auf sehr dunklen Stoffen zu erzielen, verwenden Sie <strong>unsere wei\u00df\/wei\u00dfe oder t\u00fcrkise Tinte. Sie sind die am besten abgedeckten.<\/strong> Wenn Sie irgendwelche Zweifel haben, <strong>wenden Sie sich bitte an uns.<\/strong><\/p>\n<p>Reinigen Sie die Stempel sofort nach Gebrauch mit Wasser und Seife. S\u00e9calos bien y gu\u00e1rdalos en lugar seco y fresco y protegido de la luz natural.Trocknen Sie sie gut ab und lagern Sie sie an einem k\u00fchlen, trockenen und lichtgesch\u00fctzten Ort.<\/p>\n<p><strong>Nicht empfohlene Stoffe:<\/strong> Nylon und andere nicht saugf\u00e4hige Kunststoffgewebe.<\/p>\n<p>[\/pestana_acordeon_personalizado]<\/p>\n<p>[pestana_acordeon_personalizado titulo=\"Andere Merkmale\"]<\/p>\n<p><span style=\"font-weight: 400;\">Finish: Geschmeidig bis zum Anschlag. Opak und deckend, was zu leuchtenden Farben f\u00fchrt.<\/span><\/p>\n<hr \/>\n<p><span style=\"font-weight: 400;\">Gr\u00f6\u00dfe: 75 ml<\/span><\/p>\n<hr \/>\n<p><span style=\"font-weight: 400;\">Gewicht: 100 Gramm.<\/span><\/p>\n<hr \/>\n<p><span style=\"font-weight: 400;\">Empfohlen f\u00fcr: Alle Arten von Stempel.<\/span><\/p>\n<hr \/>\n<p>&nbsp;<\/p>\n<p>Umweltfreundliche Tinte. Enth\u00e4lt keine Plastisole.<\/p>\n<p>[\/pestana_acordeon_personalizado]<\/p>\n<p>[pestana_acordeon_personalizado titulo=\"Wie kann ich bestellen?\"]<\/p>\n<p>Um dieses Produkt zu bestellen, w\u00e4hlen Sie einfach die gew\u00fcnschte Farbe und die Anzahl der gew\u00fcnschten Einheiten aus und klicken dann auf die Schaltfl\u00e4che &#8222;In den Warenkorb&#8220;. <strong>Die BigStamping-Kits<\/strong> enthalten eine Tinte zur Auswahl, darunter diese Flaschen mit <strong>Speedball Textiltinte.<\/strong> Wenn Sie andere Einheiten oder Farben ben\u00f6tigen als die, die Sie im Set gew\u00e4hlt haben (denken Sie daran, dass Sie auch Farbe f\u00fcr Papier und Karton w\u00e4hlen k\u00f6nnen), k\u00f6nnen Sie die gew\u00fcnschten Einheiten und Farben hier bestellen. \ud83d\ude09<\/p>\n<p><strong>&#8211; Akzeptierte Zahlungsarten: Debit-\/Kreditkarten und Paypal.<\/strong><\/p>\n<p>[\/pestana_acordeon_personalizado]<\/p>\n<p>[pestana_acordeon_personalizado titulo=\"Lieferzeiten und Lieferkosten\"]<\/p>\n<p>Wir versenden in alle L\u00e4nder der Europ\u00e4ischen Wirtschaftsgemeinschaft. Wir liefern auch in die Vereinigten Staaten, das Vereinigte K\u00f6nigreich, die T\u00fcrkei, die Schweiz, Kanada, Australien, Chile, die Vereinigten Arabischen Emirate und Japan.<\/p>\n<p><strong>Liefertermine<\/strong><\/p>\n<p>Wenn Sie Ihre Bestellung aufgeben und es keine Probleme mit dem Entwurf gibt, dauert es etwa <strong>7 bis 15 Arbeitstage<\/strong>, bis Ihre Bestellung geliefert wird.<\/p>\n<p><span style=\"text-decoration: underline;\"><strong>*HINWEIS:<\/strong><\/span> Wir sind nicht verantwortlich f\u00fcr Verz\u00f6gerungen, die durch Transportunternehmen oder Kontrollinstanzen verursacht werden.<\/p>\n<p><strong>Kosten der Sendungen<\/strong><\/p>\n<p>Die Versandkosten werden automatisch von der Website je nach Land und den in den Warenkorb gelegten Artikeln berechnet.<\/p>\n<p>Je nach Lieferort erhalten Sie ab 190 \u20ac kostenlosen Versand. Genauere Informationen zu den Versandkosten und den Betr\u00e4gen, die f\u00fcr eine kostenlose Lieferung erforderlich sind, finden <a href=\"https:\/\/www.bigstamping.com\/de\/faq\/\">Sie im Abschnitt FAQ<\/a> und in den Bedingungen f\u00fcr Ihre Adresse.<\/p>\n<p>[\/pestana_acordeon_personalizado]<\/p>\n<p>[\/acordeon_personalizado]\n","protected":false},"featured_media":14017,"template":"","meta":{"_acf_changed":false,"_genesis_hide_title":false,"_genesis_hide_breadcrumbs":false,"_genesis_hide_singular_image":false,"_genesis_hide_footer_widgets":false,"_genesis_custom_body_class":"","_genesis_custom_post_class":"","_genesis_layout":""},"product_brand":[],"product_cat":[138],"product_tag":[],"class_list":{"0":"post-14016","1":"product","2":"type-product","3":"status-publish","4":"has-post-thumbnail","6":"product_cat-accessoires","7":"product_shipping_class-klasse-1","8":"entry","10":"first","11":"instock","12":"taxable","13":"shipping-taxable","14":"purchasable","15":"product-type-variable"},"acf":[],"yoast_head":"<!-- This site is optimized with the Yoast SEO plugin v26.7 - https:\/\/yoast.com\/wordpress\/plugins\/seo\/ -->\n<title>Xylografische-Texturdruckfarbe - BigStamping<\/title>\n<meta name=\"description\" content=\"Spezialfarben f\u00fcr den Einsatz von BigStamping auf textilen Materialien. Sie garantieren mehr als 100 W\u00e4schen unter den von uns empfohlenen Bedingungen.\" \/>\n<meta name=\"robots\" content=\"index, follow, max-snippet:-1, max-image-preview:large, max-video-preview:-1\" \/>\n<link rel=\"canonical\" href=\"https:\/\/www.bigstamping.com\/de\/producto\/xylographische-textildruckfarben\/\" \/>\n<meta property=\"og:locale\" content=\"de_DE\" \/>\n<meta property=\"og:type\" content=\"article\" \/>\n<meta property=\"og:title\" content=\"Xylografische-Texturdruckfarbe - BigStamping\" \/>\n<meta property=\"og:description\" content=\"Spezialfarben f\u00fcr den Einsatz von BigStamping auf textilen Materialien. Sie garantieren mehr als 100 W\u00e4schen unter den von uns empfohlenen Bedingungen.\" \/>\n<meta property=\"og:url\" content=\"https:\/\/www.bigstamping.com\/de\/producto\/xylographische-textildruckfarben\/\" \/>\n<meta property=\"og:site_name\" content=\"BigStamping\" \/>\n<meta property=\"article:publisher\" content=\"https:\/\/www.facebook.com\/Bigstamping-241206903231462\/\" \/>\n<meta property=\"article:modified_time\" content=\"2024-06-07T10:27:59+00:00\" \/>\n<meta property=\"og:image\" content=\"https:\/\/www.bigstamping.com\/wp-content\/uploads\/2018\/12\/SPEEDBALL-NEGRO.png\" \/>\n\t<meta property=\"og:image:width\" content=\"1500\" \/>\n\t<meta property=\"og:image:height\" content=\"1500\" \/>\n\t<meta property=\"og:image:type\" content=\"image\/png\" \/>\n<meta name=\"twitter:card\" content=\"summary_large_image\" \/>\n<meta name=\"twitter:site\" content=\"@Bigstamping\" \/>\n<meta name=\"twitter:label1\" content=\"Gesch\u00e4tzte Lesezeit\" \/>\n\t<meta name=\"twitter:data1\" content=\"1\u00a0Minute\" \/>\n<script type=\"application\/ld+json\" class=\"yoast-schema-graph\">{\"@context\":\"https:\/\/schema.org\",\"@graph\":[{\"@type\":\"WebPage\",\"@id\":\"https:\/\/www.bigstamping.com\/de\/producto\/xylographische-textildruckfarben\/\",\"url\":\"https:\/\/www.bigstamping.com\/de\/producto\/xylographische-textildruckfarben\/\",\"name\":\"Xylografische-Texturdruckfarbe - BigStamping\",\"isPartOf\":{\"@id\":\"https:\/\/www.bigstamping.com\/#website\"},\"primaryImageOfPage\":{\"@id\":\"https:\/\/www.bigstamping.com\/de\/producto\/xylographische-textildruckfarben\/#primaryimage\"},\"image\":{\"@id\":\"https:\/\/www.bigstamping.com\/de\/producto\/xylographische-textildruckfarben\/#primaryimage\"},\"thumbnailUrl\":\"https:\/\/www.bigstamping.com\/wp-content\/uploads\/2018\/12\/SPEEDBALL-NEGRO.png\",\"datePublished\":\"2020-07-13T12:15:04+00:00\",\"dateModified\":\"2024-06-07T10:27:59+00:00\",\"description\":\"Spezialfarben f\u00fcr den Einsatz von BigStamping auf textilen Materialien. Sie garantieren mehr als 100 W\u00e4schen unter den von uns empfohlenen Bedingungen.\",\"breadcrumb\":{\"@id\":\"https:\/\/www.bigstamping.com\/de\/producto\/xylographische-textildruckfarben\/#breadcrumb\"},\"inLanguage\":\"de\",\"potentialAction\":[{\"@type\":\"ReadAction\",\"target\":[\"https:\/\/www.bigstamping.com\/de\/producto\/xylographische-textildruckfarben\/\"]}]},{\"@type\":\"ImageObject\",\"inLanguage\":\"de\",\"@id\":\"https:\/\/www.bigstamping.com\/de\/producto\/xylographische-textildruckfarben\/#primaryimage\",\"url\":\"https:\/\/www.bigstamping.com\/wp-content\/uploads\/2018\/12\/SPEEDBALL-NEGRO.png\",\"contentUrl\":\"https:\/\/www.bigstamping.com\/wp-content\/uploads\/2018\/12\/SPEEDBALL-NEGRO.png\",\"width\":1500,\"height\":1500,\"caption\":\"SCHWARZER SPEEDBALL\"},{\"@type\":\"BreadcrumbList\",\"@id\":\"https:\/\/www.bigstamping.com\/de\/producto\/xylographische-textildruckfarben\/#breadcrumb\",\"itemListElement\":[{\"@type\":\"ListItem\",\"position\":1,\"name\":\"Portada\",\"item\":\"https:\/\/www.bigstamping.com\/\"},{\"@type\":\"ListItem\",\"position\":2,\"name\":\"Xylografische-Texturdruckfarbe\"}]},{\"@type\":\"WebSite\",\"@id\":\"https:\/\/www.bigstamping.com\/#website\",\"url\":\"https:\/\/www.bigstamping.com\/\",\"name\":\"BigStamping\",\"description\":\"Sellos de gran tama\u00f1o para stampear\",\"publisher\":{\"@id\":\"https:\/\/www.bigstamping.com\/#organization\"},\"potentialAction\":[{\"@type\":\"SearchAction\",\"target\":{\"@type\":\"EntryPoint\",\"urlTemplate\":\"https:\/\/www.bigstamping.com\/?s={search_term_string}\"},\"query-input\":{\"@type\":\"PropertyValueSpecification\",\"valueRequired\":true,\"valueName\":\"search_term_string\"}}],\"inLanguage\":\"de\"},{\"@type\":\"Organization\",\"@id\":\"https:\/\/www.bigstamping.com\/#organization\",\"name\":\"BigStamping\",\"url\":\"https:\/\/www.bigstamping.com\/\",\"logo\":{\"@type\":\"ImageObject\",\"inLanguage\":\"de\",\"@id\":\"https:\/\/www.bigstamping.com\/#\/schema\/logo\/image\/\",\"url\":\"https:\/\/www.bigstamping.com\/wp-content\/uploads\/2018\/12\/big-stamper-amarillo.jpg\",\"contentUrl\":\"https:\/\/www.bigstamping.com\/wp-content\/uploads\/2018\/12\/big-stamper-amarillo.jpg\",\"width\":293,\"height\":300,\"caption\":\"BigStamping\"},\"image\":{\"@id\":\"https:\/\/www.bigstamping.com\/#\/schema\/logo\/image\/\"},\"sameAs\":[\"https:\/\/www.facebook.com\/Bigstamping-241206903231462\/\",\"https:\/\/x.com\/Bigstamping\",\"https:\/\/www.instagram.com\/bigstamping\/\",\"https:\/\/www.youtube.com\/channel\/UC_l3jNsBYYC-Ds9pzcZy_Vg\"]}]}<\/script>\n<!-- \/ Yoast SEO plugin. -->","yoast_head_json":{"title":"Xylografische-Texturdruckfarbe - BigStamping","description":"Spezialfarben f\u00fcr den Einsatz von BigStamping auf textilen Materialien. Sie garantieren mehr als 100 W\u00e4schen unter den von uns empfohlenen Bedingungen.","robots":{"index":"index","follow":"follow","max-snippet":"max-snippet:-1","max-image-preview":"max-image-preview:large","max-video-preview":"max-video-preview:-1"},"canonical":"https:\/\/www.bigstamping.com\/de\/producto\/xylographische-textildruckfarben\/","og_locale":"de_DE","og_type":"article","og_title":"Xylografische-Texturdruckfarbe - BigStamping","og_description":"Spezialfarben f\u00fcr den Einsatz von BigStamping auf textilen Materialien. Sie garantieren mehr als 100 W\u00e4schen unter den von uns empfohlenen Bedingungen.","og_url":"https:\/\/www.bigstamping.com\/de\/producto\/xylographische-textildruckfarben\/","og_site_name":"BigStamping","article_publisher":"https:\/\/www.facebook.com\/Bigstamping-241206903231462\/","article_modified_time":"2024-06-07T10:27:59+00:00","og_image":[{"width":1500,"height":1500,"url":"https:\/\/www.bigstamping.com\/wp-content\/uploads\/2018\/12\/SPEEDBALL-NEGRO.png","type":"image\/png"}],"twitter_card":"summary_large_image","twitter_site":"@Bigstamping","twitter_misc":{"Gesch\u00e4tzte Lesezeit":"1\u00a0Minute"},"schema":{"@context":"https:\/\/schema.org","@graph":[{"@type":"WebPage","@id":"https:\/\/www.bigstamping.com\/de\/producto\/xylographische-textildruckfarben\/","url":"https:\/\/www.bigstamping.com\/de\/producto\/xylographische-textildruckfarben\/","name":"Xylografische-Texturdruckfarbe - BigStamping","isPartOf":{"@id":"https:\/\/www.bigstamping.com\/#website"},"primaryImageOfPage":{"@id":"https:\/\/www.bigstamping.com\/de\/producto\/xylographische-textildruckfarben\/#primaryimage"},"image":{"@id":"https:\/\/www.bigstamping.com\/de\/producto\/xylographische-textildruckfarben\/#primaryimage"},"thumbnailUrl":"https:\/\/www.bigstamping.com\/wp-content\/uploads\/2018\/12\/SPEEDBALL-NEGRO.png","datePublished":"2020-07-13T12:15:04+00:00","dateModified":"2024-06-07T10:27:59+00:00","description":"Spezialfarben f\u00fcr den Einsatz von BigStamping auf textilen Materialien. Sie garantieren mehr als 100 W\u00e4schen unter den von uns empfohlenen Bedingungen.","breadcrumb":{"@id":"https:\/\/www.bigstamping.com\/de\/producto\/xylographische-textildruckfarben\/#breadcrumb"},"inLanguage":"de","potentialAction":[{"@type":"ReadAction","target":["https:\/\/www.bigstamping.com\/de\/producto\/xylographische-textildruckfarben\/"]}]},{"@type":"ImageObject","inLanguage":"de","@id":"https:\/\/www.bigstamping.com\/de\/producto\/xylographische-textildruckfarben\/#primaryimage","url":"https:\/\/www.bigstamping.com\/wp-content\/uploads\/2018\/12\/SPEEDBALL-NEGRO.png","contentUrl":"https:\/\/www.bigstamping.com\/wp-content\/uploads\/2018\/12\/SPEEDBALL-NEGRO.png","width":1500,"height":1500,"caption":"SCHWARZER SPEEDBALL"},{"@type":"BreadcrumbList","@id":"https:\/\/www.bigstamping.com\/de\/producto\/xylographische-textildruckfarben\/#breadcrumb","itemListElement":[{"@type":"ListItem","position":1,"name":"Portada","item":"https:\/\/www.bigstamping.com\/"},{"@type":"ListItem","position":2,"name":"Xylografische-Texturdruckfarbe"}]},{"@type":"WebSite","@id":"https:\/\/www.bigstamping.com\/#website","url":"https:\/\/www.bigstamping.com\/","name":"BigStamping","description":"Sellos de gran tama\u00f1o para stampear","publisher":{"@id":"https:\/\/www.bigstamping.com\/#organization"},"potentialAction":[{"@type":"SearchAction","target":{"@type":"EntryPoint","urlTemplate":"https:\/\/www.bigstamping.com\/?s={search_term_string}"},"query-input":{"@type":"PropertyValueSpecification","valueRequired":true,"valueName":"search_term_string"}}],"inLanguage":"de"},{"@type":"Organization","@id":"https:\/\/www.bigstamping.com\/#organization","name":"BigStamping","url":"https:\/\/www.bigstamping.com\/","logo":{"@type":"ImageObject","inLanguage":"de","@id":"https:\/\/www.bigstamping.com\/#\/schema\/logo\/image\/","url":"https:\/\/www.bigstamping.com\/wp-content\/uploads\/2018\/12\/big-stamper-amarillo.jpg","contentUrl":"https:\/\/www.bigstamping.com\/wp-content\/uploads\/2018\/12\/big-stamper-amarillo.jpg","width":293,"height":300,"caption":"BigStamping"},"image":{"@id":"https:\/\/www.bigstamping.com\/#\/schema\/logo\/image\/"},"sameAs":["https:\/\/www.facebook.com\/Bigstamping-241206903231462\/","https:\/\/x.com\/Bigstamping","https:\/\/www.instagram.com\/bigstamping\/","https:\/\/www.youtube.com\/channel\/UC_l3jNsBYYC-Ds9pzcZy_Vg"]}]}},"_links":{"self":[{"href":"https:\/\/www.bigstamping.com\/de\/wp-json\/wp\/v2\/product\/14016","targetHints":{"allow":["GET"]}}],"collection":[{"href":"https:\/\/www.bigstamping.com\/de\/wp-json\/wp\/v2\/product"}],"about":[{"href":"https:\/\/www.bigstamping.com\/de\/wp-json\/wp\/v2\/types\/product"}],"version-history":[{"count":0,"href":"https:\/\/www.bigstamping.com\/de\/wp-json\/wp\/v2\/product\/14016\/revisions"}],"wp:featuredmedia":[{"embeddable":true,"href":"https:\/\/www.bigstamping.com\/de\/wp-json\/wp\/v2\/media\/14017"}],"wp:attachment":[{"href":"https:\/\/www.bigstamping.com\/de\/wp-json\/wp\/v2\/media?parent=14016"}],"wp:term":[{"taxonomy":"product_brand","embeddable":true,"href":"https:\/\/www.bigstamping.com\/de\/wp-json\/wp\/v2\/product_brand?post=14016"},{"taxonomy":"product_cat","embeddable":true,"href":"https:\/\/www.bigstamping.com\/de\/wp-json\/wp\/v2\/product_cat?post=14016"},{"taxonomy":"product_tag","embeddable":true,"href":"https:\/\/www.bigstamping.com\/de\/wp-json\/wp\/v2\/product_tag?post=14016"}],"curies":[{"name":"wp","href":"https:\/\/api.w.org\/{rel}","templated":true}]}}