{"id":14036,"date":"2018-12-05T17:20:02","date_gmt":"2020-07-13T12:26:31","guid":{"rendered":"https:\/\/www.bigstamping.com\/producto\/roller-de\/"},"modified":"2024-06-07T11:05:41","modified_gmt":"2024-06-07T10:05:41","slug":"roller","status":"publish","type":"product","link":"https:\/\/www.bigstamping.com\/de\/producto\/roller\/","title":{"rendered":"Roller (DE)"},"content":{"rendered":"<p><span style=\"font-weight: 400;\">Griff: Holz mit nat\u00fcrlicher Oberfl\u00e4che, ergonomisch, weich und handlich.<\/span><\/p>\n<p><span style=\"font-weight: 400;\">Gummi: Z\u00e4h, widerstandsf\u00e4hig und gleichm\u00e4\u00dfig, erm\u00f6glicht eine optimale Farb\u00fcbertragung.<\/span><\/p>\n<p><span style=\"font-weight: 400;\">Struktur: stabiler Stahlrahmen, der Verformungen verhindert und Biegen oder Brechen verhindert.<\/span><\/p>\n<p><span style=\"font-weight: 400;\">Dimensionen: 12&#215;16 cm.<\/span><\/p>\n<p><span style=\"font-weight: 400;\">Gewicht: 170 Gramm.<\/span><\/p>\n<p><span style=\"font-weight: 400;\">Konservierung:. Waschen Sie es nach jedem Gebrauch mit Wasser und Seife (optional), Sie k\u00f6nnen es mit einem Tuch trocknen oder an der Luft trocknen lassen.<\/span><\/p>\n<p><span style=\"font-weight: 400;\">Empfohlen f\u00fcr: alle Arten von Stempeln und Druckfarben.<\/span><\/p>\n<p><span style=\"font-weight: 400;\">Referenz: BS-R01<\/span><\/p>\n","protected":false},"excerpt":{"rendered":"<p><span style=\"font-weight: 400;\">Die BigStamping-Walze ist ein einteiliges Hartgummiwerkzeug zum Auftragen der Farbe auf den Stempel. Diese gro\u00dfe Stempelwalze ist ca. 12&#215;16 cm gro\u00df (4,72&#215;6,29 in) (die Gr\u00f6\u00dfe der Walze kann variieren) und hat einen ergonomischen Griff, der das Greifen erleichtert. Seine Struktur eliminiert Verformungen und macht die Farb\u00fcbertragung glatt und gleichm\u00e4\u00dfig.<\/span><\/p>\n<p><span style=\"font-weight: 400;\">Geeignet f\u00fcr alle Farbtypen, sowohl Textil- als auch Flexodruckfarben. Durch seine Gr\u00f6\u00dfe passt er sich optimal an alle Gr\u00f6\u00dfen unserer Stempel an.<\/span><\/p>\n[acordeon_personalizado]<\/p>\n<p>[pestana_acordeon_personalizado titulo=\"Zus\u00e4tzliche Informationen \u00fcber BigStamping-Walzen\"]<\/p>\n<p><span style=\"font-weight: 400;\">Griff: Holz mit nat\u00fcrlicher Oberfl\u00e4che, ergonomisch weich und leicht zu handhaben.<\/span><\/p>\n<hr \/>\n<p><span style=\"font-weight: 400;\">Gummi: Z\u00e4h, widerstandsf\u00e4hig und gleichm\u00e4\u00dfig, erm\u00f6glicht eine optimale Farb\u00fcbertragung.<\/span><\/p>\n<hr \/>\n<p><span style=\"font-weight: 400;\">Struktur: stabiler Stahlrahmen, der Verformungen verhindert und Biegen oder Brechen verhindert.<\/span><\/p>\n<p><span style=\"font-weight: 400;\">Gewicht: 170 Gramm.<\/span><\/p>\n<hr \/>\n<p><span style=\"font-weight: 400;\">Aufbewahrung: Nach jedem Gebrauch mit Wasser und Seife waschen (optional). Vollst\u00e4ndig trocknen.<\/span><\/p>\n<hr \/>\n<p><span style=\"font-weight: 400;\">Empfohlen f\u00fcr: alle Arten von Stempeln und Druckfarben.<\/span><\/p>\n<p>[\/pestana_acordeon_personalizado]<\/p>\n<p>[pestana_acordeon_personalizado titulo=\"Wie kann ich bestellen?\"]<\/p>\n<p>Um dieses Produkt zu bestellen, w\u00e4hlen Sie einfach die gew\u00fcnschte Menge und klicken Sie auf die Schaltfl\u00e4che &#8222;n den Warenkorb&#8220;. Denken Sie daran, dass die Kits bereits eine Rolle enthalten, aber Sie k\u00f6nnen so viele bestellen, wie Sie m\u00f6chten. \ud83d\ude09<\/p>\n<p><strong>&#8211; Akzeptierte Zahlungsarten: Debit-\/Kreditkarten und Paypal.<\/strong><\/p>\n<p>[\/pestana_acordeon_personalizado]<\/p>\n<p>[pestana_acordeon_personalizado titulo=\"Lieferzeiten und Lieferkosten\"]<\/p>\n<p>Wir versenden in alle L\u00e4nder der Europ\u00e4ischen Wirtschaftsgemeinschaft. Wir liefern auch in die Vereinigten Staaten, das Vereinigte K\u00f6nigreich, die T\u00fcrkei, die Schweiz, Kanada, Australien, Chile, die Vereinigten Arabischen Emirate und Japan.<\/p>\n<p><strong>Liefertermine<\/strong><\/p>\n<p>Wenn Sie Ihre Bestellung aufgeben und es keine Probleme mit dem Entwurf gibt, dauert es etwa <strong>7 bis 15 Arbeitstage<\/strong>, bis Ihre Bestellung geliefert wird.<\/p>\n<p><span style=\"text-decoration: underline;\"><strong>*HINWEIS:<\/strong><\/span> Wir sind nicht verantwortlich f\u00fcr Verz\u00f6gerungen, die durch Transportunternehmen oder Kontrollinstanzen verursacht werden.<\/p>\n<p><strong>Kosten der Sendungen<\/strong><\/p>\n<p>Die Versandkosten werden automatisch von der Website je nach Land und den in den Warenkorb gelegten Artikeln berechnet.<\/p>\n<p>Je nach Lieferort erhalten Sie ab 190 \u20ac kostenlosen Versand. Genauere Informationen zu den Versandkosten und den Betr\u00e4gen, die f\u00fcr eine kostenlose Lieferung erforderlich sind, finden <a href=\"https:\/\/www.bigstamping.com\/de\/faq\/\">Sie im Abschnitt FAQ<\/a> und in den Bedingungen f\u00fcr Ihre Adresse.<\/p>\n<p>[\/pestana_acordeon_personalizado]<\/p>\n<p>[\/acordeon_personalizado]\n","protected":false},"featured_media":430602,"template":"","meta":{"_acf_changed":false,"_genesis_hide_title":false,"_genesis_hide_breadcrumbs":false,"_genesis_hide_singular_image":false,"_genesis_hide_footer_widgets":false,"_genesis_custom_body_class":"","_genesis_custom_post_class":"","_genesis_layout":""},"product_brand":[],"product_cat":[138],"product_tag":[],"class_list":{"0":"post-14036","1":"product","2":"type-product","3":"status-publish","4":"has-post-thumbnail","6":"product_cat-accessoires","7":"product_shipping_class-klasse-1","8":"entry","10":"first","11":"instock","12":"taxable","13":"shipping-taxable","14":"purchasable","15":"product-type-simple"},"acf":[],"yoast_head":"<!-- This site is optimized with the Yoast SEO plugin v26.7 - https:\/\/yoast.com\/wordpress\/plugins\/seo\/ -->\n<title>Roller (DE) (DE) - BigStamping<\/title>\n<meta name=\"description\" content=\"In Verbindung mit unseren Acetaten dient diese Walze dazu, die Farbe \u00fcber die gro\u00dfen kundenspezifischen BigStamping-Stempel zu verteilen.\" \/>\n<meta name=\"robots\" content=\"index, follow, max-snippet:-1, max-image-preview:large, max-video-preview:-1\" \/>\n<link rel=\"canonical\" href=\"https:\/\/www.bigstamping.com\/de\/producto\/roller\/\" \/>\n<meta property=\"og:locale\" content=\"de_DE\" \/>\n<meta property=\"og:type\" content=\"article\" \/>\n<meta property=\"og:title\" content=\"Roller (DE) (DE) - BigStamping\" \/>\n<meta property=\"og:description\" content=\"In Verbindung mit unseren Acetaten dient diese Walze dazu, die Farbe \u00fcber die gro\u00dfen kundenspezifischen BigStamping-Stempel zu verteilen.\" \/>\n<meta property=\"og:url\" content=\"https:\/\/www.bigstamping.com\/de\/producto\/roller\/\" \/>\n<meta property=\"og:site_name\" content=\"BigStamping\" \/>\n<meta property=\"article:publisher\" content=\"https:\/\/www.facebook.com\/Bigstamping-241206903231462\/\" \/>\n<meta property=\"article:modified_time\" content=\"2024-06-07T10:05:41+00:00\" \/>\n<meta property=\"og:image\" content=\"https:\/\/www.bigstamping.com\/wp-content\/uploads\/2018\/12\/unnamed-4.jpg\" \/>\n\t<meta property=\"og:image:width\" content=\"1080\" \/>\n\t<meta property=\"og:image:height\" content=\"1080\" \/>\n\t<meta property=\"og:image:type\" content=\"image\/jpeg\" \/>\n<meta name=\"twitter:card\" content=\"summary_large_image\" \/>\n<meta name=\"twitter:site\" content=\"@Bigstamping\" \/>\n<meta name=\"twitter:label1\" content=\"Gesch\u00e4tzte Lesezeit\" \/>\n\t<meta name=\"twitter:data1\" content=\"1\u00a0Minute\" \/>\n<script type=\"application\/ld+json\" class=\"yoast-schema-graph\">{\"@context\":\"https:\/\/schema.org\",\"@graph\":[{\"@type\":\"WebPage\",\"@id\":\"https:\/\/www.bigstamping.com\/de\/producto\/roller\/\",\"url\":\"https:\/\/www.bigstamping.com\/de\/producto\/roller\/\",\"name\":\"Roller (DE) (DE) - BigStamping\",\"isPartOf\":{\"@id\":\"https:\/\/www.bigstamping.com\/#website\"},\"primaryImageOfPage\":{\"@id\":\"https:\/\/www.bigstamping.com\/de\/producto\/roller\/#primaryimage\"},\"image\":{\"@id\":\"https:\/\/www.bigstamping.com\/de\/producto\/roller\/#primaryimage\"},\"thumbnailUrl\":\"https:\/\/www.bigstamping.com\/wp-content\/uploads\/2018\/12\/unnamed-4.jpg\",\"datePublished\":\"2020-07-13T12:26:31+00:00\",\"dateModified\":\"2024-06-07T10:05:41+00:00\",\"description\":\"In Verbindung mit unseren Acetaten dient diese Walze dazu, die Farbe \u00fcber die gro\u00dfen kundenspezifischen BigStamping-Stempel zu verteilen.\",\"breadcrumb\":{\"@id\":\"https:\/\/www.bigstamping.com\/de\/producto\/roller\/#breadcrumb\"},\"inLanguage\":\"de\",\"potentialAction\":[{\"@type\":\"ReadAction\",\"target\":[\"https:\/\/www.bigstamping.com\/de\/producto\/roller\/\"]}]},{\"@type\":\"ImageObject\",\"inLanguage\":\"de\",\"@id\":\"https:\/\/www.bigstamping.com\/de\/producto\/roller\/#primaryimage\",\"url\":\"https:\/\/www.bigstamping.com\/wp-content\/uploads\/2018\/12\/unnamed-4.jpg\",\"contentUrl\":\"https:\/\/www.bigstamping.com\/wp-content\/uploads\/2018\/12\/unnamed-4.jpg\",\"width\":1080,\"height\":1080,\"caption\":\"Rodillo BigStamping\"},{\"@type\":\"BreadcrumbList\",\"@id\":\"https:\/\/www.bigstamping.com\/de\/producto\/roller\/#breadcrumb\",\"itemListElement\":[{\"@type\":\"ListItem\",\"position\":1,\"name\":\"Portada\",\"item\":\"https:\/\/www.bigstamping.com\/\"},{\"@type\":\"ListItem\",\"position\":2,\"name\":\"Roller (DE)\"}]},{\"@type\":\"WebSite\",\"@id\":\"https:\/\/www.bigstamping.com\/#website\",\"url\":\"https:\/\/www.bigstamping.com\/\",\"name\":\"BigStamping\",\"description\":\"Sellos de gran tama\u00f1o para stampear\",\"publisher\":{\"@id\":\"https:\/\/www.bigstamping.com\/#organization\"},\"potentialAction\":[{\"@type\":\"SearchAction\",\"target\":{\"@type\":\"EntryPoint\",\"urlTemplate\":\"https:\/\/www.bigstamping.com\/?s={search_term_string}\"},\"query-input\":{\"@type\":\"PropertyValueSpecification\",\"valueRequired\":true,\"valueName\":\"search_term_string\"}}],\"inLanguage\":\"de\"},{\"@type\":\"Organization\",\"@id\":\"https:\/\/www.bigstamping.com\/#organization\",\"name\":\"BigStamping\",\"url\":\"https:\/\/www.bigstamping.com\/\",\"logo\":{\"@type\":\"ImageObject\",\"inLanguage\":\"de\",\"@id\":\"https:\/\/www.bigstamping.com\/#\/schema\/logo\/image\/\",\"url\":\"https:\/\/www.bigstamping.com\/wp-content\/uploads\/2018\/12\/big-stamper-amarillo.jpg\",\"contentUrl\":\"https:\/\/www.bigstamping.com\/wp-content\/uploads\/2018\/12\/big-stamper-amarillo.jpg\",\"width\":293,\"height\":300,\"caption\":\"BigStamping\"},\"image\":{\"@id\":\"https:\/\/www.bigstamping.com\/#\/schema\/logo\/image\/\"},\"sameAs\":[\"https:\/\/www.facebook.com\/Bigstamping-241206903231462\/\",\"https:\/\/x.com\/Bigstamping\",\"https:\/\/www.instagram.com\/bigstamping\/\",\"https:\/\/www.youtube.com\/channel\/UC_l3jNsBYYC-Ds9pzcZy_Vg\"]}]}<\/script>\n<!-- \/ Yoast SEO plugin. -->","yoast_head_json":{"title":"Roller (DE) (DE) - BigStamping","description":"In Verbindung mit unseren Acetaten dient diese Walze dazu, die Farbe \u00fcber die gro\u00dfen kundenspezifischen BigStamping-Stempel zu verteilen.","robots":{"index":"index","follow":"follow","max-snippet":"max-snippet:-1","max-image-preview":"max-image-preview:large","max-video-preview":"max-video-preview:-1"},"canonical":"https:\/\/www.bigstamping.com\/de\/producto\/roller\/","og_locale":"de_DE","og_type":"article","og_title":"Roller (DE) (DE) - BigStamping","og_description":"In Verbindung mit unseren Acetaten dient diese Walze dazu, die Farbe \u00fcber die gro\u00dfen kundenspezifischen BigStamping-Stempel zu verteilen.","og_url":"https:\/\/www.bigstamping.com\/de\/producto\/roller\/","og_site_name":"BigStamping","article_publisher":"https:\/\/www.facebook.com\/Bigstamping-241206903231462\/","article_modified_time":"2024-06-07T10:05:41+00:00","og_image":[{"width":1080,"height":1080,"url":"https:\/\/www.bigstamping.com\/wp-content\/uploads\/2018\/12\/unnamed-4.jpg","type":"image\/jpeg"}],"twitter_card":"summary_large_image","twitter_site":"@Bigstamping","twitter_misc":{"Gesch\u00e4tzte Lesezeit":"1\u00a0Minute"},"schema":{"@context":"https:\/\/schema.org","@graph":[{"@type":"WebPage","@id":"https:\/\/www.bigstamping.com\/de\/producto\/roller\/","url":"https:\/\/www.bigstamping.com\/de\/producto\/roller\/","name":"Roller (DE) (DE) - BigStamping","isPartOf":{"@id":"https:\/\/www.bigstamping.com\/#website"},"primaryImageOfPage":{"@id":"https:\/\/www.bigstamping.com\/de\/producto\/roller\/#primaryimage"},"image":{"@id":"https:\/\/www.bigstamping.com\/de\/producto\/roller\/#primaryimage"},"thumbnailUrl":"https:\/\/www.bigstamping.com\/wp-content\/uploads\/2018\/12\/unnamed-4.jpg","datePublished":"2020-07-13T12:26:31+00:00","dateModified":"2024-06-07T10:05:41+00:00","description":"In Verbindung mit unseren Acetaten dient diese Walze dazu, die Farbe \u00fcber die gro\u00dfen kundenspezifischen BigStamping-Stempel zu verteilen.","breadcrumb":{"@id":"https:\/\/www.bigstamping.com\/de\/producto\/roller\/#breadcrumb"},"inLanguage":"de","potentialAction":[{"@type":"ReadAction","target":["https:\/\/www.bigstamping.com\/de\/producto\/roller\/"]}]},{"@type":"ImageObject","inLanguage":"de","@id":"https:\/\/www.bigstamping.com\/de\/producto\/roller\/#primaryimage","url":"https:\/\/www.bigstamping.com\/wp-content\/uploads\/2018\/12\/unnamed-4.jpg","contentUrl":"https:\/\/www.bigstamping.com\/wp-content\/uploads\/2018\/12\/unnamed-4.jpg","width":1080,"height":1080,"caption":"Rodillo BigStamping"},{"@type":"BreadcrumbList","@id":"https:\/\/www.bigstamping.com\/de\/producto\/roller\/#breadcrumb","itemListElement":[{"@type":"ListItem","position":1,"name":"Portada","item":"https:\/\/www.bigstamping.com\/"},{"@type":"ListItem","position":2,"name":"Roller (DE)"}]},{"@type":"WebSite","@id":"https:\/\/www.bigstamping.com\/#website","url":"https:\/\/www.bigstamping.com\/","name":"BigStamping","description":"Sellos de gran tama\u00f1o para stampear","publisher":{"@id":"https:\/\/www.bigstamping.com\/#organization"},"potentialAction":[{"@type":"SearchAction","target":{"@type":"EntryPoint","urlTemplate":"https:\/\/www.bigstamping.com\/?s={search_term_string}"},"query-input":{"@type":"PropertyValueSpecification","valueRequired":true,"valueName":"search_term_string"}}],"inLanguage":"de"},{"@type":"Organization","@id":"https:\/\/www.bigstamping.com\/#organization","name":"BigStamping","url":"https:\/\/www.bigstamping.com\/","logo":{"@type":"ImageObject","inLanguage":"de","@id":"https:\/\/www.bigstamping.com\/#\/schema\/logo\/image\/","url":"https:\/\/www.bigstamping.com\/wp-content\/uploads\/2018\/12\/big-stamper-amarillo.jpg","contentUrl":"https:\/\/www.bigstamping.com\/wp-content\/uploads\/2018\/12\/big-stamper-amarillo.jpg","width":293,"height":300,"caption":"BigStamping"},"image":{"@id":"https:\/\/www.bigstamping.com\/#\/schema\/logo\/image\/"},"sameAs":["https:\/\/www.facebook.com\/Bigstamping-241206903231462\/","https:\/\/x.com\/Bigstamping","https:\/\/www.instagram.com\/bigstamping\/","https:\/\/www.youtube.com\/channel\/UC_l3jNsBYYC-Ds9pzcZy_Vg"]}]}},"_links":{"self":[{"href":"https:\/\/www.bigstamping.com\/de\/wp-json\/wp\/v2\/product\/14036","targetHints":{"allow":["GET"]}}],"collection":[{"href":"https:\/\/www.bigstamping.com\/de\/wp-json\/wp\/v2\/product"}],"about":[{"href":"https:\/\/www.bigstamping.com\/de\/wp-json\/wp\/v2\/types\/product"}],"version-history":[{"count":0,"href":"https:\/\/www.bigstamping.com\/de\/wp-json\/wp\/v2\/product\/14036\/revisions"}],"wp:featuredmedia":[{"embeddable":true,"href":"https:\/\/www.bigstamping.com\/de\/wp-json\/wp\/v2\/media\/430602"}],"wp:attachment":[{"href":"https:\/\/www.bigstamping.com\/de\/wp-json\/wp\/v2\/media?parent=14036"}],"wp:term":[{"taxonomy":"product_brand","embeddable":true,"href":"https:\/\/www.bigstamping.com\/de\/wp-json\/wp\/v2\/product_brand?post=14036"},{"taxonomy":"product_cat","embeddable":true,"href":"https:\/\/www.bigstamping.com\/de\/wp-json\/wp\/v2\/product_cat?post=14036"},{"taxonomy":"product_tag","embeddable":true,"href":"https:\/\/www.bigstamping.com\/de\/wp-json\/wp\/v2\/product_tag?post=14036"}],"curies":[{"name":"wp","href":"https:\/\/api.w.org\/{rel}","templated":true}]}}