{"id":14051,"date":"2018-12-05T17:18:02","date_gmt":"2018-12-05T17:18:02","guid":{"rendered":"https:\/\/www.bigstamping.com\/producto\/rechteckiger-ministempel\/"},"modified":"2024-06-26T19:03:10","modified_gmt":"2024-06-26T18:03:10","slug":"sello-mini-briefmarke-rechteckig","status":"publish","type":"product","link":"https:\/\/www.bigstamping.com\/de\/producto\/sello-mini-briefmarke-rechteckig\/","title":{"rendered":"Rechteckiger Ministempel"},"content":{"rendered":"<p><span style=\"font-weight: 400;\">Sattel: Kiefernholz, natur belassen und lackiert<\/span><\/p>\n<hr \/>\n<p><span style=\"font-weight: 400;\">Basis: 2mm Schaumstoff. <\/span><\/p>\n<hr \/>\n<p><span style=\"font-weight: 400;\">Gummi: Hergestellt aus weichem Harz, fl\u00fcssiges Photopolymer, 6 mm hoch.<\/span><\/p>\n<hr \/>\n<p><span style=\"font-weight: 400;\">Abmessungen: 10,5 x 4,5 x 7 cm<\/span><\/p>\n<hr \/>\n<p><span style=\"font-weight: 400;\">Gewicht: 70 Gramm.<\/span><\/p>\n<hr \/>\n<p><span style=\"font-weight: 400;\">Lagerung: Von Hitze und Sonne fernhalten. Nach jedem Gebrauch mit flie\u00dfendem Wasser waschen und mit einem Tuch abtrocknen.<\/span><\/p>\n<hr \/>\n<p><span style=\"font-weight: 400;\">Empfohlen f\u00fcr: alle Arten von Kreationen, insbesondere solche von kleinem Format. Diese Stempel lassen sich leicht mit einem herk\u00f6mmlichen Stempelkissen einf\u00e4rben.<\/span><\/p>\n<hr \/>\n<p><span style=\"font-weight: 400;\">Referenz: BS-M03<\/span><\/p>\n","protected":false},"excerpt":{"rendered":"<p><strong>Der Mini Stamp Rectangular ist der gr\u00f6\u00dfte unserer Mini-Stempel.<\/strong><\/p>\n<p><strong> Es ist ein Gummistempel mit einer Grundfl\u00e4che von 10,5 x 4,5 cm (4,1 x 1,77 in) und einem Holzst\u00e4nder mit einem ergonomischen Griff. <\/strong><\/p>\n<p><span style=\"font-weight: 400;\">Wie ihre gro\u00dfen Br\u00fcder sind auch <strong>die Mini-Rechteck-Stempel <\/strong> aus hochwertigem Kunstharz gefertigt, wodurch sie problemlos auf alle Arten von saugf\u00e4higen Oberfl\u00e4chen drucken k\u00f6nnen. <\/span><\/p>\n[acordeon_personalizado]<\/p>\n<p>[pestana_acordeon_personalizado titulo=\"Empfohlene Anwendungen\"]<\/p>\n<p><span style=\"font-weight: 400;\"><strong>Die Mini Stamps BigStamping-Stempel sind aufgrund ihrer Gr\u00f6\u00dfe f\u00fcr das Stempeln auf kleinen Fl\u00e4chen geeignet,<\/strong> <strong>Wir empfehlen seine Verwendung f\u00fcr allgemeine Schreibwaren wie Einladungen, Umschl\u00e4ge, Karten und Geschenkpapier. Nat\u00fcrlich k\u00f6nnen Sie es f\u00fcr alle erdenklichen Anwendungen verwenden, aber immer im Miniformat.<\/strong><\/span><\/p>\n<p>Und nicht vergessen! Wir verf\u00fcgen \u00fc<strong>ber ein spezielles Sortiment an Tinten f\u00fcr Ministempel:<\/strong> <a href=\"https:\/\/www.bigstamping.com\/producto\/tinta-textil-para-ministamps\/\">Textilfarbe,<\/a> <a href=\"https:\/\/www.bigstamping.com\/producto\/tinta-multisuperficie-de-secado-rapido\/\">schnell trocknende Mehrschichttinte <\/a> und <a href=\"https:\/\/www.bigstamping.com\/producto\/tinta-para-superficies-porosas\/\">Tinte f\u00fcr por\u00f6se Oberfl\u00e4chen<\/a> (Papier, Karton, Holz usw.).<\/p>\n<p><span style=\"font-weight: 400;\">Mit dem <strong>Mini-Rechteck-Stempel<\/strong> k\u00f6nnen Sie \u00fcberall Ihre Spuren hinterlassen, wo Sie es sich vorstellen k\u00f6nnen, und Sie k\u00f6nnen ihn immer bei sich tragen, seine Gr\u00f6\u00dfe macht es m\u00f6glich. <strong>Zeigen Sie Ihre Marke im Mini-Format, aber mit der Riesenqualit\u00e4t von BigStamping! \ud83d\ude09<\/strong><\/span><\/p>\n<p>[\/pestana_acordeon_personalizado]<\/p>\n<p>[pestana_acordeon_personalizado titulo=\"Wie kann ich bestellen?\"]<\/p>\n<p>Sobald Sie <strong>Ihren BigStamping-Stempel oder Mini-Stempel ausgew\u00e4hlt und die entsprechende Seite aufgerufen haben<\/strong>, finden Sie nach der Beschreibung und den Details einen Bereich \/ eine Schaltfl\u00e4che zum Hinzuf\u00fcgen der Datei mit Ihrem Design. F\u00fcgen Sie es dort ein!<\/p>\n<p>Wenn Sie es im Vektorformat haben, k\u00f6nnen wir besser damit arbeiten, aber wenn nicht, schicken Sie es uns in dem besten Bildformat, das Sie haben.<\/p>\n<p>Wenn wir irgendein Problem oder Zweifel mit Ihrem Entwurf haben, keine Sorge, wir werden Sie kontaktieren! Am Ende Ihres Kaufs gibt es einen Abschnitt \u201eNOTES\u201c, wo Sie jede Angabe oder Kommentar zu Ihrer Bestellung hinterlassen k\u00f6nnen: Design, endg\u00fcltige Gr\u00f6\u00dfe des Designs, wenn Sie eine vorherige Skizze sehen wollen, etc&#8230;<\/p>\n<p><strong>&#8211; Akzeptierte Zahlungsarten: Debit-\/Kreditkarten und Paypal.<\/strong><\/p>\n<p>[\/pestana_acordeon_personalizado]<\/p>\n<p>[pestana_acordeon_personalizado titulo=\"Unterst\u00fctzte Dateitypen\"]<\/p>\n<p><strong>Unterst\u00fctzte Dateitypen f\u00fcr die Erstellung Ihrer gro\u00dfen Stempel sind: svg, tiff, eps, ai, jpg, psd, pdf, jpeg, png, cdr, tif, etc.<\/strong><\/p>\n<p><strong>Maximale Dateigr\u00f6\u00dfe: 10 MB<\/strong><\/p>\n<p>Ideal ist es, die Entw\u00fcrfe in Vektorformaten zu senden, in ihrem urspr\u00fcnglichen Format, d.h. in dem Programm, in dem sie entworfen wurden: AI, CDR, PDF, etc.<\/p>\n<p>Falls Sie nicht \u00fcber diese Formate verf\u00fcgen, k\u00f6nnen Sie die Bilddatei in der h\u00f6chstm\u00f6glichen Qualit\u00e4t senden.<\/p>\n<p>Das Bild oder Design darf nicht mehr als eine Farbe enthalten. Weder Schattierungen noch Farbverl\u00e4ufe. Es muss sich um einfarbige 100% schwarze oder wei\u00dfe Tinte handeln.<\/p>\n<p>Wenn wir irgendwelche Probleme oder Zweifel mit Ihrem Entwurf haben, werden wir uns mit Ihnen in Verbindung setzen.<\/p>\n<p>[\/pestana_acordeon_personalizado]<\/p>\n<p>[pestana_acordeon_personalizado titulo=\"Lieferzeiten und Versandkosten\"]<\/p>\n<p>Wir versenden in alle L\u00e4nder der Europ\u00e4ischen Wirtschaftsgemeinschaft. Wir liefern auch in die Vereinigten Staaten, das Vereinigte K\u00f6nigreich, die T\u00fcrkei, die Schweiz, Kanada, Australien, Chile, die Vereinigten Arabischen Emirate und Japan.<\/p>\n<p><strong>Liefertermine<\/strong><\/p>\n<p>Wenn Sie Ihre Bestellung aufgeben und es keine Probleme mit dem Entwurf gibt, dauert es etwa <strong>7 bis 15 Arbeitstage<\/strong>, bis Ihre Bestellung geliefert wird.<\/p>\n<p><span style=\"text-decoration: underline;\"><strong>*HINWEIS:<\/strong><\/span> Wir sind nicht verantwortlich f\u00fcr Verz\u00f6gerungen, die durch Transportunternehmen oder Kontrollinstanzen verursacht werden.<\/p>\n<p><strong>Kosten der Sendungen<\/strong><\/p>\n<p>Die Versandkosten werden automatisch von der Website je nach Land und den in den Warenkorb gelegten Artikeln berechnet.<\/p>\n<p>Je nach Lieferort erhalten Sie ab 190 \u20ac kostenlosen Versand. Genauere Informationen zu den Versandkosten und den Betr\u00e4gen, die f\u00fcr eine kostenlose Lieferung erforderlich sind, finden <a href=\"https:\/\/www.bigstamping.com\/de\/faq\/\">Sie im Abschnitt FAQ<\/a> und in den Bedingungen f\u00fcr Ihre Adresse.<\/p>\n<p>[\/pestana_acordeon_personalizado]<\/p>\n<p>[\/acordeon_personalizado]\n<p>&nbsp;<\/p>\n","protected":false},"featured_media":430640,"template":"","meta":{"_acf_changed":false,"_genesis_hide_title":false,"_genesis_hide_breadcrumbs":false,"_genesis_hide_singular_image":false,"_genesis_hide_footer_widgets":false,"_genesis_custom_body_class":"","_genesis_custom_post_class":"","_genesis_layout":""},"product_brand":[],"product_cat":[137],"product_tag":[],"class_list":{"0":"post-14051","1":"product","2":"type-product","3":"status-publish","4":"has-post-thumbnail","6":"product_cat-mini-briefmarken","7":"entry","9":"first","10":"instock","11":"taxable","12":"shipping-taxable","13":"purchasable","14":"product-type-simple"},"acf":[],"yoast_head":"<!-- This site is optimized with the Yoast SEO plugin v26.7 - https:\/\/yoast.com\/wordpress\/plugins\/seo\/ -->\n<title>Rechteckiger Ministempel - BigStamping<\/title>\n<meta name=\"description\" content=\"Dies ist unser rechteckiges Minisiegel mit dem Markenzeichen BigStamping. Gleiche Qualit\u00e4t und Ausf\u00fchrung wie die gro\u00dfen, aber im Mini-Format.\" \/>\n<meta name=\"robots\" content=\"index, follow, max-snippet:-1, max-image-preview:large, max-video-preview:-1\" \/>\n<link rel=\"canonical\" href=\"https:\/\/www.bigstamping.com\/de\/producto\/sello-mini-briefmarke-rechteckig\/\" \/>\n<meta property=\"og:locale\" content=\"de_DE\" \/>\n<meta property=\"og:type\" content=\"article\" \/>\n<meta property=\"og:title\" content=\"Rechteckiger Ministempel - BigStamping\" \/>\n<meta property=\"og:description\" content=\"Dies ist unser rechteckiges Minisiegel mit dem Markenzeichen BigStamping. Gleiche Qualit\u00e4t und Ausf\u00fchrung wie die gro\u00dfen, aber im Mini-Format.\" \/>\n<meta property=\"og:url\" content=\"https:\/\/www.bigstamping.com\/de\/producto\/sello-mini-briefmarke-rechteckig\/\" \/>\n<meta property=\"og:site_name\" content=\"BigStamping\" \/>\n<meta property=\"article:publisher\" content=\"https:\/\/www.facebook.com\/Bigstamping-241206903231462\/\" \/>\n<meta property=\"article:modified_time\" content=\"2024-06-26T18:03:10+00:00\" \/>\n<meta property=\"og:image\" content=\"https:\/\/www.bigstamping.com\/wp-content\/uploads\/2018\/12\/unnamed-1.jpg\" \/>\n\t<meta property=\"og:image:width\" content=\"1080\" \/>\n\t<meta property=\"og:image:height\" content=\"1080\" \/>\n\t<meta property=\"og:image:type\" content=\"image\/jpeg\" \/>\n<meta name=\"twitter:card\" content=\"summary_large_image\" \/>\n<meta name=\"twitter:site\" content=\"@Bigstamping\" \/>\n<meta name=\"twitter:label1\" content=\"Gesch\u00e4tzte Lesezeit\" \/>\n\t<meta name=\"twitter:data1\" content=\"1\u00a0Minute\" \/>\n<script type=\"application\/ld+json\" class=\"yoast-schema-graph\">{\"@context\":\"https:\/\/schema.org\",\"@graph\":[{\"@type\":\"WebPage\",\"@id\":\"https:\/\/www.bigstamping.com\/de\/producto\/sello-mini-briefmarke-rechteckig\/\",\"url\":\"https:\/\/www.bigstamping.com\/de\/producto\/sello-mini-briefmarke-rechteckig\/\",\"name\":\"Rechteckiger Ministempel - BigStamping\",\"isPartOf\":{\"@id\":\"https:\/\/www.bigstamping.com\/#website\"},\"primaryImageOfPage\":{\"@id\":\"https:\/\/www.bigstamping.com\/de\/producto\/sello-mini-briefmarke-rechteckig\/#primaryimage\"},\"image\":{\"@id\":\"https:\/\/www.bigstamping.com\/de\/producto\/sello-mini-briefmarke-rechteckig\/#primaryimage\"},\"thumbnailUrl\":\"https:\/\/www.bigstamping.com\/wp-content\/uploads\/2018\/12\/unnamed-1.jpg\",\"datePublished\":\"2018-12-05T17:18:02+00:00\",\"dateModified\":\"2024-06-26T18:03:10+00:00\",\"description\":\"Dies ist unser rechteckiges Minisiegel mit dem Markenzeichen BigStamping. Gleiche Qualit\u00e4t und Ausf\u00fchrung wie die gro\u00dfen, aber im Mini-Format.\",\"breadcrumb\":{\"@id\":\"https:\/\/www.bigstamping.com\/de\/producto\/sello-mini-briefmarke-rechteckig\/#breadcrumb\"},\"inLanguage\":\"de\",\"potentialAction\":[{\"@type\":\"ReadAction\",\"target\":[\"https:\/\/www.bigstamping.com\/de\/producto\/sello-mini-briefmarke-rechteckig\/\"]}]},{\"@type\":\"ImageObject\",\"inLanguage\":\"de\",\"@id\":\"https:\/\/www.bigstamping.com\/de\/producto\/sello-mini-briefmarke-rechteckig\/#primaryimage\",\"url\":\"https:\/\/www.bigstamping.com\/wp-content\/uploads\/2018\/12\/unnamed-1.jpg\",\"contentUrl\":\"https:\/\/www.bigstamping.com\/wp-content\/uploads\/2018\/12\/unnamed-1.jpg\",\"width\":1080,\"height\":1080,\"caption\":\"Sello rectangular peque\u00f1o Bigstamping\"},{\"@type\":\"BreadcrumbList\",\"@id\":\"https:\/\/www.bigstamping.com\/de\/producto\/sello-mini-briefmarke-rechteckig\/#breadcrumb\",\"itemListElement\":[{\"@type\":\"ListItem\",\"position\":1,\"name\":\"Portada\",\"item\":\"https:\/\/www.bigstamping.com\/\"},{\"@type\":\"ListItem\",\"position\":2,\"name\":\"Rechteckiger Ministempel\"}]},{\"@type\":\"WebSite\",\"@id\":\"https:\/\/www.bigstamping.com\/#website\",\"url\":\"https:\/\/www.bigstamping.com\/\",\"name\":\"BigStamping\",\"description\":\"Sellos de gran tama\u00f1o para stampear\",\"publisher\":{\"@id\":\"https:\/\/www.bigstamping.com\/#organization\"},\"potentialAction\":[{\"@type\":\"SearchAction\",\"target\":{\"@type\":\"EntryPoint\",\"urlTemplate\":\"https:\/\/www.bigstamping.com\/?s={search_term_string}\"},\"query-input\":{\"@type\":\"PropertyValueSpecification\",\"valueRequired\":true,\"valueName\":\"search_term_string\"}}],\"inLanguage\":\"de\"},{\"@type\":\"Organization\",\"@id\":\"https:\/\/www.bigstamping.com\/#organization\",\"name\":\"BigStamping\",\"url\":\"https:\/\/www.bigstamping.com\/\",\"logo\":{\"@type\":\"ImageObject\",\"inLanguage\":\"de\",\"@id\":\"https:\/\/www.bigstamping.com\/#\/schema\/logo\/image\/\",\"url\":\"https:\/\/www.bigstamping.com\/wp-content\/uploads\/2018\/12\/big-stamper-amarillo.jpg\",\"contentUrl\":\"https:\/\/www.bigstamping.com\/wp-content\/uploads\/2018\/12\/big-stamper-amarillo.jpg\",\"width\":293,\"height\":300,\"caption\":\"BigStamping\"},\"image\":{\"@id\":\"https:\/\/www.bigstamping.com\/#\/schema\/logo\/image\/\"},\"sameAs\":[\"https:\/\/www.facebook.com\/Bigstamping-241206903231462\/\",\"https:\/\/x.com\/Bigstamping\",\"https:\/\/www.instagram.com\/bigstamping\/\",\"https:\/\/www.youtube.com\/channel\/UC_l3jNsBYYC-Ds9pzcZy_Vg\"]}]}<\/script>\n<!-- \/ Yoast SEO plugin. -->","yoast_head_json":{"title":"Rechteckiger Ministempel - BigStamping","description":"Dies ist unser rechteckiges Minisiegel mit dem Markenzeichen BigStamping. Gleiche Qualit\u00e4t und Ausf\u00fchrung wie die gro\u00dfen, aber im Mini-Format.","robots":{"index":"index","follow":"follow","max-snippet":"max-snippet:-1","max-image-preview":"max-image-preview:large","max-video-preview":"max-video-preview:-1"},"canonical":"https:\/\/www.bigstamping.com\/de\/producto\/sello-mini-briefmarke-rechteckig\/","og_locale":"de_DE","og_type":"article","og_title":"Rechteckiger Ministempel - BigStamping","og_description":"Dies ist unser rechteckiges Minisiegel mit dem Markenzeichen BigStamping. Gleiche Qualit\u00e4t und Ausf\u00fchrung wie die gro\u00dfen, aber im Mini-Format.","og_url":"https:\/\/www.bigstamping.com\/de\/producto\/sello-mini-briefmarke-rechteckig\/","og_site_name":"BigStamping","article_publisher":"https:\/\/www.facebook.com\/Bigstamping-241206903231462\/","article_modified_time":"2024-06-26T18:03:10+00:00","og_image":[{"width":1080,"height":1080,"url":"https:\/\/www.bigstamping.com\/wp-content\/uploads\/2018\/12\/unnamed-1.jpg","type":"image\/jpeg"}],"twitter_card":"summary_large_image","twitter_site":"@Bigstamping","twitter_misc":{"Gesch\u00e4tzte Lesezeit":"1\u00a0Minute"},"schema":{"@context":"https:\/\/schema.org","@graph":[{"@type":"WebPage","@id":"https:\/\/www.bigstamping.com\/de\/producto\/sello-mini-briefmarke-rechteckig\/","url":"https:\/\/www.bigstamping.com\/de\/producto\/sello-mini-briefmarke-rechteckig\/","name":"Rechteckiger Ministempel - BigStamping","isPartOf":{"@id":"https:\/\/www.bigstamping.com\/#website"},"primaryImageOfPage":{"@id":"https:\/\/www.bigstamping.com\/de\/producto\/sello-mini-briefmarke-rechteckig\/#primaryimage"},"image":{"@id":"https:\/\/www.bigstamping.com\/de\/producto\/sello-mini-briefmarke-rechteckig\/#primaryimage"},"thumbnailUrl":"https:\/\/www.bigstamping.com\/wp-content\/uploads\/2018\/12\/unnamed-1.jpg","datePublished":"2018-12-05T17:18:02+00:00","dateModified":"2024-06-26T18:03:10+00:00","description":"Dies ist unser rechteckiges Minisiegel mit dem Markenzeichen BigStamping. Gleiche Qualit\u00e4t und Ausf\u00fchrung wie die gro\u00dfen, aber im Mini-Format.","breadcrumb":{"@id":"https:\/\/www.bigstamping.com\/de\/producto\/sello-mini-briefmarke-rechteckig\/#breadcrumb"},"inLanguage":"de","potentialAction":[{"@type":"ReadAction","target":["https:\/\/www.bigstamping.com\/de\/producto\/sello-mini-briefmarke-rechteckig\/"]}]},{"@type":"ImageObject","inLanguage":"de","@id":"https:\/\/www.bigstamping.com\/de\/producto\/sello-mini-briefmarke-rechteckig\/#primaryimage","url":"https:\/\/www.bigstamping.com\/wp-content\/uploads\/2018\/12\/unnamed-1.jpg","contentUrl":"https:\/\/www.bigstamping.com\/wp-content\/uploads\/2018\/12\/unnamed-1.jpg","width":1080,"height":1080,"caption":"Sello rectangular peque\u00f1o Bigstamping"},{"@type":"BreadcrumbList","@id":"https:\/\/www.bigstamping.com\/de\/producto\/sello-mini-briefmarke-rechteckig\/#breadcrumb","itemListElement":[{"@type":"ListItem","position":1,"name":"Portada","item":"https:\/\/www.bigstamping.com\/"},{"@type":"ListItem","position":2,"name":"Rechteckiger Ministempel"}]},{"@type":"WebSite","@id":"https:\/\/www.bigstamping.com\/#website","url":"https:\/\/www.bigstamping.com\/","name":"BigStamping","description":"Sellos de gran tama\u00f1o para stampear","publisher":{"@id":"https:\/\/www.bigstamping.com\/#organization"},"potentialAction":[{"@type":"SearchAction","target":{"@type":"EntryPoint","urlTemplate":"https:\/\/www.bigstamping.com\/?s={search_term_string}"},"query-input":{"@type":"PropertyValueSpecification","valueRequired":true,"valueName":"search_term_string"}}],"inLanguage":"de"},{"@type":"Organization","@id":"https:\/\/www.bigstamping.com\/#organization","name":"BigStamping","url":"https:\/\/www.bigstamping.com\/","logo":{"@type":"ImageObject","inLanguage":"de","@id":"https:\/\/www.bigstamping.com\/#\/schema\/logo\/image\/","url":"https:\/\/www.bigstamping.com\/wp-content\/uploads\/2018\/12\/big-stamper-amarillo.jpg","contentUrl":"https:\/\/www.bigstamping.com\/wp-content\/uploads\/2018\/12\/big-stamper-amarillo.jpg","width":293,"height":300,"caption":"BigStamping"},"image":{"@id":"https:\/\/www.bigstamping.com\/#\/schema\/logo\/image\/"},"sameAs":["https:\/\/www.facebook.com\/Bigstamping-241206903231462\/","https:\/\/x.com\/Bigstamping","https:\/\/www.instagram.com\/bigstamping\/","https:\/\/www.youtube.com\/channel\/UC_l3jNsBYYC-Ds9pzcZy_Vg"]}]}},"_links":{"self":[{"href":"https:\/\/www.bigstamping.com\/de\/wp-json\/wp\/v2\/product\/14051","targetHints":{"allow":["GET"]}}],"collection":[{"href":"https:\/\/www.bigstamping.com\/de\/wp-json\/wp\/v2\/product"}],"about":[{"href":"https:\/\/www.bigstamping.com\/de\/wp-json\/wp\/v2\/types\/product"}],"version-history":[{"count":0,"href":"https:\/\/www.bigstamping.com\/de\/wp-json\/wp\/v2\/product\/14051\/revisions"}],"wp:featuredmedia":[{"embeddable":true,"href":"https:\/\/www.bigstamping.com\/de\/wp-json\/wp\/v2\/media\/430640"}],"wp:attachment":[{"href":"https:\/\/www.bigstamping.com\/de\/wp-json\/wp\/v2\/media?parent=14051"}],"wp:term":[{"taxonomy":"product_brand","embeddable":true,"href":"https:\/\/www.bigstamping.com\/de\/wp-json\/wp\/v2\/product_brand?post=14051"},{"taxonomy":"product_cat","embeddable":true,"href":"https:\/\/www.bigstamping.com\/de\/wp-json\/wp\/v2\/product_cat?post=14051"},{"taxonomy":"product_tag","embeddable":true,"href":"https:\/\/www.bigstamping.com\/de\/wp-json\/wp\/v2\/product_tag?post=14051"}],"curies":[{"name":"wp","href":"https:\/\/api.w.org\/{rel}","templated":true}]}}