{"id":14147,"date":"2018-12-05T17:12:00","date_gmt":"2018-12-05T17:12:00","guid":{"rendered":"https:\/\/www.bigstamping.com\/producto\/stempel-bigstamp-xxl\/"},"modified":"2025-10-17T20:52:44","modified_gmt":"2025-10-17T18:52:44","slug":"sattel-bigstamp-xxl","status":"publish","type":"product","link":"https:\/\/www.bigstamping.com\/de\/producto\/sattel-bigstamp-xxl\/","title":{"rendered":"Stempel Bigstamp xxl"},"content":{"rendered":"<p><span style=\"font-weight: 400;\">Sattel: Handgefertigtes Kiefernholz, natur und lackiert.<\/span><\/p>\n<hr \/>\n<p><span style=\"font-weight: 400;\">Basis: 2 cm Schaumstoff. <\/span><\/p>\n<hr \/>\n<p><span style=\"font-weight: 400;\">Gummi: Hergestellt aus weichem Harz, fl\u00fcssiges Photopolymer, 6 mm hoch.<\/span><\/p>\n<hr \/>\n<p><span style=\"font-weight: 400;\">Abmessungen: 39x27x8,5 cm<\/span><\/p>\n<hr \/>\n<p><span style=\"font-weight: 400;\">Gewicht: 1.200 Gramm.<\/span><\/p>\n<hr \/>\n<p><span style=\"font-weight: 400;\">Lagerung: Von Hitze und Sonne fernhalten. Nach jedem Gebrauch mit flie\u00dfendem Wasser waschen und mit einem Tuch abtrocknen.<\/span><\/p>\n<hr \/>\n<p><span style=\"font-weight: 400;\">Empfohlen f\u00fcr: Alle Arten von Kreationen. <\/span><\/p>\n<hr \/>\n<p><span style=\"font-weight: 400;\">Warnung: Aufgrund seiner Gr\u00f6\u00dfe erfordert es, dass sowohl die Einf\u00e4rbung als auch der ausge\u00fcbte Druck gleichm\u00e4\u00dfig sein m\u00fcssen, damit das Ergebnis des Drucks optimal ist. <\/span><\/p>\n<hr \/>\n<p><span style=\"font-weight: 400;\">Referenz: BS-S04<\/span><\/p>\n","protected":false},"excerpt":{"rendered":"<p><span style=\"font-weight: 400;\">Der <strong>Big Stamp XXL<\/strong> ist aus weichem und widerstandsf\u00e4higem Harz gefertigt, das sich an jede saugf\u00e4hige Oberfl\u00e4che anpasst.<\/span><\/p>\n<p><span style=\"font-weight: 400;\">Dieser <strong>39&#215;27 cm (15,3&#215;10,6 in) <\/strong> gro\u00dfe Gummistempel mit handgefertigtem Holzrahmen ist derjenige, den Sie in unserem <a href=\"https:\/\/www.bigstamping.com\/de\/producto\/grosartiges-mega-briefmarken-kit\/\"> Big Mega Stamping Kit<\/a> finden.<\/span><\/p>\n<p><span style=\"font-weight: 400;\">Er ist der <strong>gr\u00f6\u00dfte Stempel im BigStamping-Sortiment <\/strong> und eignet sich aufgrund seiner<\/span> <span style=\"font-weight: 400;\">Gr\u00f6\u00dfe perfekt zum <strong>Stempeln und Personalisieren<\/strong> von Kartons, Papiert\u00fcten und <strong>allen Arten von Verpackungen und gro\u00dfen Fl\u00e4chen.<\/strong><\/span><\/p>\n<p><span style=\"font-weight: 400;\">Wenn Sie auf der Suche nach einem personalisierten Stempel sind, mit dem Sie Ihr Motiv auf die gesamte Gr\u00f6\u00dfe eines T-Shirts, sowohl auf der Vorder- als auch auf der R\u00fcckseite, drucken k\u00f6nnen, dann ist dies der Stempel, den Sie w\u00e4hlen sollten \ud83d\ude09 .<\/span><\/p>\n[acordeon_personalizado]<\/p>\n<p>[pestana_acordeon_personalizado titulo=\"Zus\u00e4tzliche Informationen \u00fcber den Big Stamp XXL\"]<\/p>\n<p><strong>Die BigStamp-Gr\u00f6\u00dfe &#8222;XXL&#8220; hat die folgenden Abmessungen: 39&#215;27 cm (15,3&#215;10,6 in).<\/strong><\/p>\n<p>Die angegebenen Ma\u00dfe entsprechen der Gr\u00f6\u00dfe des Holzes.. Dieses Holz kann sowohl vertikal als auch horizontal verwendet werden, je nachdem, was Sie planen.<\/p>\n<p>Innerhalb der Abmessungen des Holzes k\u00f6nnen Sie das Design in jeder gew\u00fcnschten Gr\u00f6\u00dfe anfertigen. <strong>Wir werden Ihr Motiv in der Mitte des Holzes anbringen. Wenn Sie m\u00f6chten, dass Ihr Motiv bestimmte Ma\u00dfe im Inneren des Holzes hat, geben Sie dies bitte im Abschnitt &#8222;ANMERKUNGEN&#8220; am Ende Ihrer Bestellung an.<\/strong><\/p>\n<p><span style=\"text-decoration: underline;\"><strong>*HINWEIS:<\/strong><\/span> Falls das Stempelmotiv weniger als <strong>7 cm (2,7 in.) <\/strong> hoch ist, senden wir es Ihnen mit dem <strong>&#8222;Long Big Stamp XXL&#8220;<\/strong>-Haltermodell, das das Stempeln erleichtert.<\/p>\n<p>Der <strong>&#8222;Long Big Stamp XXL&#8220; ist ein l\u00e4nglicher Holzstempel mit den Ma\u00dfen 39 x 7 cm (15,3 x 2,7 in)<\/strong> und ist f\u00fcr l\u00e4ngliche Motive gedacht. Sie brauchen nichts zu tun. Wenn wir einen Entwurf erhalten, der f\u00fcr dieses Format geeignet ist, werden wir uns automatisch darum k\u00fcmmern.<\/p>\n<p>[\/pestana_acordeon_personalizado]<\/p>\n<p>[pestana_acordeon_personalizado titulo=\"Warum BigStamping-Stempel w\u00e4hlen?\"]<\/p>\n<p>Bei <strong>BigStamping<\/strong> stellen wir die gr\u00f6\u00dften Stempel der Welt her und bieten Ihnen dank unserer Erfahrung ein Produkt,<strong> das Ihnen \u00fcberraschende Leistungen und Ergebnisse liefert!<\/strong><\/p>\n<p>Jeder <strong>unserer Stempel verf\u00fcgt \u00fcber ein spezielles D\u00e4mpfungssystem<\/strong>, das daf\u00fcr sorgt, dass sich Ihr Stempel korrekt an alle Oberfl\u00e4chen anpasst, so dass die Farbe gleichm\u00e4\u00dfiger \u00fcbertragen wird und Sie beim Stempeln nicht zu viel Kraft\/Druck aus\u00fcben m\u00fcssen.<\/p>\n<p>Zusammen mit der Qualit\u00e4t unserer Tinten bedeutet dies, dass unsere Stempel Ihnen die Ergebnisse bieten k\u00f6nnen, die Sie bereits in den Videos und Fotos gesehen haben, die wir in den sozialen Netzwerken teilen und die in 99 % der F\u00e4lle von zufriedenen Kunden stammen. <strong>Daran besteht kein Zweifel! Holen Sie sich einen BigStamping-Stempel oder ein BigStamping-Kit und verst\u00e4rken Sie Ihr Markenimage mit Ergebnissen, die Sie noch nie zuvor gesehen haben.<\/strong><\/p>\n<p>[\/pestana_acordeon_personalizado]<\/p>\n<p>[pestana_acordeon_personalizado titulo=\"Wie kann ich bestellen?\"]<\/p>\n<p>Sobald Sie <strong>Ihren BigStamping-Stempel ausgew\u00e4hlt und die entsprechende Seite aufgerufen haben<\/strong>, finden Sie nach der Beschreibung und den Details einen Bereich \/ eine Schaltfl\u00e4che zum Hinzuf\u00fcgen der Datei mit Ihrem Design. F\u00fcgen Sie es dort ein!<\/p>\n<p>Wenn Sie es im Vektorformat haben, k\u00f6nnen wir besser damit arbeiten, aber wenn nicht, schicken Sie es uns in dem besten Bildformat, das Sie haben.<\/p>\n<p>Wenn wir irgendein Problem oder Zweifel mit Ihrem Entwurf haben, keine Sorge, wir werden Sie kontaktieren! Am Ende Ihres Kaufs gibt es einen Abschnitt \u201eNOTES\u201c, wo Sie jede Angabe oder Kommentar zu Ihrer Bestellung hinterlassen k\u00f6nnen: Design, endg\u00fcltige Gr\u00f6\u00dfe des Designs, wenn Sie eine vorherige Skizze sehen wollen, etc&#8230;<\/p>\n<p><strong>&#8211; Akzeptierte Zahlungsarten: Debit-\/Kreditkarten und Paypal.<\/strong><\/p>\n<p>[\/pestana_acordeon_personalizado]<\/p>\n<p>[pestana_acordeon_personalizado titulo=\"Unterst\u00fctzte Dateitypen\"]<\/p>\n<p><strong>Unterst\u00fctzte Dateitypen f\u00fcr die Erstellung Ihrer gro\u00dfen Stempel sind: svg, tiff, eps, ai, jpg, psd, pdf, jpeg, png, cdr, tif, etc.<\/strong><\/p>\n<p><strong>Maximale Dateigr\u00f6\u00dfe: 10 MB<\/strong><\/p>\n<p>Ideal ist es, die Entw\u00fcrfe in Vektorformaten zu senden, in ihrem urspr\u00fcnglichen Format, d.h. in dem Programm, in dem sie entworfen wurden: AI, CDR, PDF, etc.<\/p>\n<p>Falls Sie nicht \u00fcber diese Formate verf\u00fcgen, k\u00f6nnen Sie die Bilddatei in der h\u00f6chstm\u00f6glichen Qualit\u00e4t senden.<\/p>\n<p>Das Bild oder Design darf nicht mehr als eine Farbe enthalten. Weder Schattierungen noch Farbverl\u00e4ufe. Es muss sich um einfarbige 100% schwarze oder wei\u00dfe Tinte handeln.<\/p>\n<p>Wenn wir irgendwelche Probleme oder Zweifel mit Ihrem Entwurf haben, werden wir uns mit Ihnen in Verbindung setzen.<\/p>\n<p>[\/pestana_acordeon_personalizado]<\/p>\n<p>[pestana_acordeon_personalizado titulo=\"Lieferzeiten und Lieferkosten\"]<\/p>\n<p>Wir versenden in alle L\u00e4nder der Europ\u00e4ischen Wirtschaftsgemeinschaft. Wir liefern auch in die Vereinigten Staaten, das Vereinigte K\u00f6nigreich, die T\u00fcrkei, die Schweiz, Kanada, Australien, Chile, die Vereinigten Arabischen Emirate und Japan.<\/p>\n<p><strong>Liefertermine<\/strong><\/p>\n<p>Wenn Sie Ihre Bestellung aufgeben und es keine Probleme mit dem Entwurf gibt, dauert es etwa <strong>7 bis 15 Arbeitstage<\/strong>, bis Ihre Bestellung geliefert wird.<\/p>\n<p><span style=\"text-decoration: underline;\"><strong>*HINWEIS:<\/strong><\/span> Wir sind nicht verantwortlich f\u00fcr Verz\u00f6gerungen, die durch Transportunternehmen oder Kontrollinstanzen verursacht werden.<\/p>\n<p><strong>Kosten der Sendungen<\/strong><\/p>\n<p>Die Versandkosten werden automatisch von der Website je nach Land und den in den Warenkorb gelegten Artikeln berechnet.<\/p>\n<p>Je nach Lieferort erhalten Sie ab 190 \u20ac kostenlosen Versand. Genauere Informationen zu den Versandkosten und den Betr\u00e4gen, die f\u00fcr eine kostenlose Lieferung erforderlich sind, finden <a href=\"https:\/\/www.bigstamping.com\/de\/faq\/\">Sie im Abschnitt FAQ<\/a> und in den Bedingungen f\u00fcr Ihre Adresse.<\/p>\n<p>[\/pestana_acordeon_personalizado]<\/p>\n<p>[\/acordeon_personalizado]\n<p>&nbsp;<\/p>\n","protected":false},"featured_media":438376,"template":"","meta":{"_acf_changed":false,"_genesis_hide_title":false,"_genesis_hide_breadcrumbs":false,"_genesis_hide_singular_image":false,"_genesis_hide_footer_widgets":false,"_genesis_custom_body_class":"","_genesis_custom_post_class":"","_genesis_layout":""},"product_brand":[],"product_cat":[140],"product_tag":[],"class_list":{"0":"post-14147","1":"product","2":"type-product","3":"status-publish","4":"has-post-thumbnail","6":"product_cat-briefmarken","7":"product_shipping_class-clase-2-de","8":"entry","10":"first","11":"instock","12":"taxable","13":"shipping-taxable","14":"purchasable","15":"product-type-simple"},"acf":[],"yoast_head":"<!-- This site is optimized with the Yoast SEO plugin v26.7 - https:\/\/yoast.com\/wordpress\/plugins\/seo\/ -->\n<title>Stempel Bigstamp xxl - BigStamping<\/title>\n<meta name=\"description\" content=\"Unsere gr\u00f6\u00dfte Briefmarke. Die Gro\u00dfe Briefmarke XXL ist eine riesige Sonderbriefmarke mit den folgenden Abmessungen 39x27x8,5 cm . Ideale Para-Verpackung.\" \/>\n<meta name=\"robots\" content=\"index, follow, max-snippet:-1, max-image-preview:large, max-video-preview:-1\" \/>\n<link rel=\"canonical\" href=\"https:\/\/www.bigstamping.com\/de\/producto\/sattel-bigstamp-xxl\/\" \/>\n<meta property=\"og:locale\" content=\"de_DE\" \/>\n<meta property=\"og:type\" content=\"article\" \/>\n<meta property=\"og:title\" content=\"Stempel Bigstamp xxl - BigStamping\" \/>\n<meta property=\"og:description\" content=\"Unsere gr\u00f6\u00dfte Briefmarke. Die Gro\u00dfe Briefmarke XXL ist eine riesige Sonderbriefmarke mit den folgenden Abmessungen 39x27x8,5 cm . Ideale Para-Verpackung.\" \/>\n<meta property=\"og:url\" content=\"https:\/\/www.bigstamping.com\/de\/producto\/sattel-bigstamp-xxl\/\" \/>\n<meta property=\"og:site_name\" content=\"BigStamping\" \/>\n<meta property=\"article:publisher\" content=\"https:\/\/www.facebook.com\/Bigstamping-241206903231462\/\" \/>\n<meta property=\"article:modified_time\" content=\"2025-10-17T18:52:44+00:00\" \/>\n<meta property=\"og:image\" content=\"https:\/\/www.bigstamping.com\/wp-content\/uploads\/2018\/12\/SELLO-XXL-OK.webp\" \/>\n\t<meta property=\"og:image:width\" content=\"1080\" \/>\n\t<meta property=\"og:image:height\" content=\"1081\" \/>\n\t<meta property=\"og:image:type\" content=\"image\/webp\" \/>\n<meta name=\"twitter:card\" content=\"summary_large_image\" \/>\n<meta name=\"twitter:site\" content=\"@Bigstamping\" \/>\n<meta name=\"twitter:label1\" content=\"Gesch\u00e4tzte Lesezeit\" \/>\n\t<meta name=\"twitter:data1\" content=\"1\u00a0Minute\" \/>\n<script type=\"application\/ld+json\" class=\"yoast-schema-graph\">{\"@context\":\"https:\/\/schema.org\",\"@graph\":[{\"@type\":\"WebPage\",\"@id\":\"https:\/\/www.bigstamping.com\/de\/producto\/sattel-bigstamp-xxl\/\",\"url\":\"https:\/\/www.bigstamping.com\/de\/producto\/sattel-bigstamp-xxl\/\",\"name\":\"Stempel Bigstamp xxl - BigStamping\",\"isPartOf\":{\"@id\":\"https:\/\/www.bigstamping.com\/#website\"},\"primaryImageOfPage\":{\"@id\":\"https:\/\/www.bigstamping.com\/de\/producto\/sattel-bigstamp-xxl\/#primaryimage\"},\"image\":{\"@id\":\"https:\/\/www.bigstamping.com\/de\/producto\/sattel-bigstamp-xxl\/#primaryimage\"},\"thumbnailUrl\":\"https:\/\/www.bigstamping.com\/wp-content\/uploads\/2018\/12\/SELLO-XXL-OK.webp\",\"datePublished\":\"2018-12-05T17:12:00+00:00\",\"dateModified\":\"2025-10-17T18:52:44+00:00\",\"description\":\"Unsere gr\u00f6\u00dfte Briefmarke. Die Gro\u00dfe Briefmarke XXL ist eine riesige Sonderbriefmarke mit den folgenden Abmessungen 39x27x8,5 cm . Ideale Para-Verpackung.\",\"breadcrumb\":{\"@id\":\"https:\/\/www.bigstamping.com\/de\/producto\/sattel-bigstamp-xxl\/#breadcrumb\"},\"inLanguage\":\"de\",\"potentialAction\":[{\"@type\":\"ReadAction\",\"target\":[\"https:\/\/www.bigstamping.com\/de\/producto\/sattel-bigstamp-xxl\/\"]}]},{\"@type\":\"ImageObject\",\"inLanguage\":\"de\",\"@id\":\"https:\/\/www.bigstamping.com\/de\/producto\/sattel-bigstamp-xxl\/#primaryimage\",\"url\":\"https:\/\/www.bigstamping.com\/wp-content\/uploads\/2018\/12\/SELLO-XXL-OK.webp\",\"contentUrl\":\"https:\/\/www.bigstamping.com\/wp-content\/uploads\/2018\/12\/SELLO-XXL-OK.webp\",\"width\":1080,\"height\":1081,\"caption\":\"foto con medidas del sello personalizado XXL de BigStamping\"},{\"@type\":\"BreadcrumbList\",\"@id\":\"https:\/\/www.bigstamping.com\/de\/producto\/sattel-bigstamp-xxl\/#breadcrumb\",\"itemListElement\":[{\"@type\":\"ListItem\",\"position\":1,\"name\":\"Portada\",\"item\":\"https:\/\/www.bigstamping.com\/\"},{\"@type\":\"ListItem\",\"position\":2,\"name\":\"Stempel Bigstamp xxl\"}]},{\"@type\":\"WebSite\",\"@id\":\"https:\/\/www.bigstamping.com\/#website\",\"url\":\"https:\/\/www.bigstamping.com\/\",\"name\":\"BigStamping\",\"description\":\"Sellos de gran tama\u00f1o para stampear\",\"publisher\":{\"@id\":\"https:\/\/www.bigstamping.com\/#organization\"},\"potentialAction\":[{\"@type\":\"SearchAction\",\"target\":{\"@type\":\"EntryPoint\",\"urlTemplate\":\"https:\/\/www.bigstamping.com\/?s={search_term_string}\"},\"query-input\":{\"@type\":\"PropertyValueSpecification\",\"valueRequired\":true,\"valueName\":\"search_term_string\"}}],\"inLanguage\":\"de\"},{\"@type\":\"Organization\",\"@id\":\"https:\/\/www.bigstamping.com\/#organization\",\"name\":\"BigStamping\",\"url\":\"https:\/\/www.bigstamping.com\/\",\"logo\":{\"@type\":\"ImageObject\",\"inLanguage\":\"de\",\"@id\":\"https:\/\/www.bigstamping.com\/#\/schema\/logo\/image\/\",\"url\":\"https:\/\/www.bigstamping.com\/wp-content\/uploads\/2018\/12\/big-stamper-amarillo.jpg\",\"contentUrl\":\"https:\/\/www.bigstamping.com\/wp-content\/uploads\/2018\/12\/big-stamper-amarillo.jpg\",\"width\":293,\"height\":300,\"caption\":\"BigStamping\"},\"image\":{\"@id\":\"https:\/\/www.bigstamping.com\/#\/schema\/logo\/image\/\"},\"sameAs\":[\"https:\/\/www.facebook.com\/Bigstamping-241206903231462\/\",\"https:\/\/x.com\/Bigstamping\",\"https:\/\/www.instagram.com\/bigstamping\/\",\"https:\/\/www.youtube.com\/channel\/UC_l3jNsBYYC-Ds9pzcZy_Vg\"]}]}<\/script>\n<!-- \/ Yoast SEO plugin. -->","yoast_head_json":{"title":"Stempel Bigstamp xxl - BigStamping","description":"Unsere gr\u00f6\u00dfte Briefmarke. Die Gro\u00dfe Briefmarke XXL ist eine riesige Sonderbriefmarke mit den folgenden Abmessungen 39x27x8,5 cm . Ideale Para-Verpackung.","robots":{"index":"index","follow":"follow","max-snippet":"max-snippet:-1","max-image-preview":"max-image-preview:large","max-video-preview":"max-video-preview:-1"},"canonical":"https:\/\/www.bigstamping.com\/de\/producto\/sattel-bigstamp-xxl\/","og_locale":"de_DE","og_type":"article","og_title":"Stempel Bigstamp xxl - BigStamping","og_description":"Unsere gr\u00f6\u00dfte Briefmarke. Die Gro\u00dfe Briefmarke XXL ist eine riesige Sonderbriefmarke mit den folgenden Abmessungen 39x27x8,5 cm . Ideale Para-Verpackung.","og_url":"https:\/\/www.bigstamping.com\/de\/producto\/sattel-bigstamp-xxl\/","og_site_name":"BigStamping","article_publisher":"https:\/\/www.facebook.com\/Bigstamping-241206903231462\/","article_modified_time":"2025-10-17T18:52:44+00:00","og_image":[{"width":1080,"height":1081,"url":"https:\/\/www.bigstamping.com\/wp-content\/uploads\/2018\/12\/SELLO-XXL-OK.webp","type":"image\/webp"}],"twitter_card":"summary_large_image","twitter_site":"@Bigstamping","twitter_misc":{"Gesch\u00e4tzte Lesezeit":"1\u00a0Minute"},"schema":{"@context":"https:\/\/schema.org","@graph":[{"@type":"WebPage","@id":"https:\/\/www.bigstamping.com\/de\/producto\/sattel-bigstamp-xxl\/","url":"https:\/\/www.bigstamping.com\/de\/producto\/sattel-bigstamp-xxl\/","name":"Stempel Bigstamp xxl - BigStamping","isPartOf":{"@id":"https:\/\/www.bigstamping.com\/#website"},"primaryImageOfPage":{"@id":"https:\/\/www.bigstamping.com\/de\/producto\/sattel-bigstamp-xxl\/#primaryimage"},"image":{"@id":"https:\/\/www.bigstamping.com\/de\/producto\/sattel-bigstamp-xxl\/#primaryimage"},"thumbnailUrl":"https:\/\/www.bigstamping.com\/wp-content\/uploads\/2018\/12\/SELLO-XXL-OK.webp","datePublished":"2018-12-05T17:12:00+00:00","dateModified":"2025-10-17T18:52:44+00:00","description":"Unsere gr\u00f6\u00dfte Briefmarke. Die Gro\u00dfe Briefmarke XXL ist eine riesige Sonderbriefmarke mit den folgenden Abmessungen 39x27x8,5 cm . Ideale Para-Verpackung.","breadcrumb":{"@id":"https:\/\/www.bigstamping.com\/de\/producto\/sattel-bigstamp-xxl\/#breadcrumb"},"inLanguage":"de","potentialAction":[{"@type":"ReadAction","target":["https:\/\/www.bigstamping.com\/de\/producto\/sattel-bigstamp-xxl\/"]}]},{"@type":"ImageObject","inLanguage":"de","@id":"https:\/\/www.bigstamping.com\/de\/producto\/sattel-bigstamp-xxl\/#primaryimage","url":"https:\/\/www.bigstamping.com\/wp-content\/uploads\/2018\/12\/SELLO-XXL-OK.webp","contentUrl":"https:\/\/www.bigstamping.com\/wp-content\/uploads\/2018\/12\/SELLO-XXL-OK.webp","width":1080,"height":1081,"caption":"foto con medidas del sello personalizado XXL de BigStamping"},{"@type":"BreadcrumbList","@id":"https:\/\/www.bigstamping.com\/de\/producto\/sattel-bigstamp-xxl\/#breadcrumb","itemListElement":[{"@type":"ListItem","position":1,"name":"Portada","item":"https:\/\/www.bigstamping.com\/"},{"@type":"ListItem","position":2,"name":"Stempel Bigstamp xxl"}]},{"@type":"WebSite","@id":"https:\/\/www.bigstamping.com\/#website","url":"https:\/\/www.bigstamping.com\/","name":"BigStamping","description":"Sellos de gran tama\u00f1o para stampear","publisher":{"@id":"https:\/\/www.bigstamping.com\/#organization"},"potentialAction":[{"@type":"SearchAction","target":{"@type":"EntryPoint","urlTemplate":"https:\/\/www.bigstamping.com\/?s={search_term_string}"},"query-input":{"@type":"PropertyValueSpecification","valueRequired":true,"valueName":"search_term_string"}}],"inLanguage":"de"},{"@type":"Organization","@id":"https:\/\/www.bigstamping.com\/#organization","name":"BigStamping","url":"https:\/\/www.bigstamping.com\/","logo":{"@type":"ImageObject","inLanguage":"de","@id":"https:\/\/www.bigstamping.com\/#\/schema\/logo\/image\/","url":"https:\/\/www.bigstamping.com\/wp-content\/uploads\/2018\/12\/big-stamper-amarillo.jpg","contentUrl":"https:\/\/www.bigstamping.com\/wp-content\/uploads\/2018\/12\/big-stamper-amarillo.jpg","width":293,"height":300,"caption":"BigStamping"},"image":{"@id":"https:\/\/www.bigstamping.com\/#\/schema\/logo\/image\/"},"sameAs":["https:\/\/www.facebook.com\/Bigstamping-241206903231462\/","https:\/\/x.com\/Bigstamping","https:\/\/www.instagram.com\/bigstamping\/","https:\/\/www.youtube.com\/channel\/UC_l3jNsBYYC-Ds9pzcZy_Vg"]}]}},"_links":{"self":[{"href":"https:\/\/www.bigstamping.com\/de\/wp-json\/wp\/v2\/product\/14147","targetHints":{"allow":["GET"]}}],"collection":[{"href":"https:\/\/www.bigstamping.com\/de\/wp-json\/wp\/v2\/product"}],"about":[{"href":"https:\/\/www.bigstamping.com\/de\/wp-json\/wp\/v2\/types\/product"}],"version-history":[{"count":0,"href":"https:\/\/www.bigstamping.com\/de\/wp-json\/wp\/v2\/product\/14147\/revisions"}],"wp:featuredmedia":[{"embeddable":true,"href":"https:\/\/www.bigstamping.com\/de\/wp-json\/wp\/v2\/media\/438376"}],"wp:attachment":[{"href":"https:\/\/www.bigstamping.com\/de\/wp-json\/wp\/v2\/media?parent=14147"}],"wp:term":[{"taxonomy":"product_brand","embeddable":true,"href":"https:\/\/www.bigstamping.com\/de\/wp-json\/wp\/v2\/product_brand?post=14147"},{"taxonomy":"product_cat","embeddable":true,"href":"https:\/\/www.bigstamping.com\/de\/wp-json\/wp\/v2\/product_cat?post=14147"},{"taxonomy":"product_tag","embeddable":true,"href":"https:\/\/www.bigstamping.com\/de\/wp-json\/wp\/v2\/product_tag?post=14147"}],"curies":[{"name":"wp","href":"https:\/\/api.w.org\/{rel}","templated":true}]}}