{"id":14265,"date":"2018-12-05T16:53:11","date_gmt":"2020-07-15T11:50:54","guid":{"rendered":"https:\/\/www.bigstamping.com\/producto\/super-stamping-kit-de\/"},"modified":"2024-06-26T18:36:02","modified_gmt":"2024-06-26T17:36:02","slug":"super-briefmarken-satz","status":"publish","type":"product","link":"https:\/\/www.bigstamping.com\/de\/producto\/super-briefmarken-satz\/","title":{"rendered":"SUPER STAMPING KIT"},"content":{"rendered":"<p><span style=\"font-weight: 400;\">Abmessungen der Schachtel: 24x32x9 cm<\/span><\/p>\n<hr \/>\n<p><span style=\"font-weight: 400;\">Gewicht ca.: 1.400 Gramm<\/span><\/p>\n","protected":false},"excerpt":{"rendered":"<p>Das <strong>Super Stamping Kit<\/strong> ist unser meistverkauftes Kit. Dank der Gr\u00f6\u00dfe des Stempels <strong>(21&#215;15 cm \/ 8,2&#215;5,9 in)<\/strong> eignet er sich hervorragend f\u00fcr die <strong>Personalisierung von Papiert\u00fcten, Kartons, Textilien (T-Shirts, Totebags usw.) und anderen Oberfl\u00e4chen.<\/strong><\/p>\n<p>Denken Sie daran, dass Sie mit unseren personalisierten Stempeln Ihr Logo in mehreren Farben drucken k\u00f6nnen, indem Sie einfach die Tinte austauschen, was sehr einfach ist, da die von uns angebotenen Tinten leicht zu reinigen sind.<\/p>\n<p><strong>Hier finden Sie alle Details zu diesem brutalen Werkzeug, um die Sichtbarkeit Ihrer Marke zu verst\u00e4rken!<\/strong><\/p>\n[acordeon_personalizado]\n[pestana_acordeon_personalizado titulo=\"Was enth\u00e4lt das Super Stamping Kit?\"]<\/p>\n<p>In dem <strong>Super Stamping Kit<\/strong> finden Sie:<\/p>\n<p><strong>1 gro\u00dfer BigStamp-Stempel der Gr\u00f6\u00dfe &#8222;L&#8220; mit den Ma\u00dfen 21&#215;15 cm (8,2&#215;5,9 in)<\/strong><\/p>\n<p>Das angegebene Ma\u00df entspricht der Gr\u00f6\u00dfe des Holzes. Dieses Holz kann sowohl vertikal als auch horizontal verwendet werden, je nachdem, was Sie planen.<\/p>\n<p>Innerhalb der Abmessungen des Holzes k\u00f6nnen Sie das Design in jeder gew\u00fcnschten Gr\u00f6\u00dfe anfertigen. <strong>Wir werden Ihr Motiv in der Mitte des Holzes anbringen. Wenn Sie m\u00f6chten, dass Ihr Motiv bestimmte Ma\u00dfe im Inneren des Holzes hat, geben Sie dies bitte im Abschnitt &#8222;ANMERKUNGEN&#8220; am Ende Ihrer Bestellung an.<\/strong><\/p>\n<p><span style=\"text-decoration: underline;\"><strong>*HINWEIS:<\/strong><\/span> Wenn das Stempelmotiv weniger als <strong>7 cm (2,7 in.) <\/strong> hoch ist, wird es mit dem Modell <strong>Long Big Stamp L<\/strong> versandt, das das Stempeln erleichtert.<\/p>\n<p>Der <strong>&#8222;Long Bing Stamp L&#8220; ist ein l\u00e4ngliches Holz mit den Ma\u00dfen 21 x 7 cm (8,2 x 2,7 in)<\/strong> und ist f\u00fcr l\u00e4ngliche Designs gedacht. Sie brauchen nichts zu tun. Wenn wir einen Entwurf erhalten, der f\u00fcr dieses Format geeignet ist, werden wir uns automatisch darum k\u00fcmmern.<\/p>\n<p><strong>&#8211; 1 Dose oder Flasche mit Tinte zur Auswahl:<\/strong><br \/>\n&#8211; Flexodruckfarbe Papier, Karton und Holz 125 ml (4,2 oz.), 14 Farben verf\u00fcgbar.<br \/>\n&#8211; Textile Xylographic Ink 75 ml (2.5 oz.), 10 Farben verf\u00fcgbar.<\/p>\n<p><strong>&#8211; 1 Roller zum Auftragen der Farbe<\/strong><\/p>\n<p>Ein Werkzeug\/Gummiwalze zum Auftragen der Farbe auf den Stempel. Seine Struktur eliminiert Verformungen und macht die Farb\u00fcbertragung glatt und gleichm\u00e4\u00dfig.<\/p>\n<p><strong>&#8211; 4 PVC-Folien zum Auftragen der Tinte<\/strong><\/p>\n<p>A3-Folien mit abgerundeten Kanten, glatt und rutschig, so dass Sie die Tinte leicht und ohne zu verschmieren auftragen k\u00f6nnen. Sie k\u00f6nnen mit Wasser und Seife gewaschen und so oft wie m\u00f6glich verwendet werden!<\/p>\n<p><strong>&#8211; 5 Holzst\u00e4bchen, um die Farbe von der Innenseite der Dose zu entfernen<\/strong><\/p>\n<p>10&#215;1 cm gro\u00dfe Naturholzst\u00e4bchen. Bei Textiltinte ist dies nicht notwendig, da diese in Tuben geliefert wird.<\/p>\n<p>[\/pestana_acordeon_personalizado]\n[pestana_acordeon_personalizado titulo=\"Warum BigStamping-Stempel w\u00e4hlen?\"]<\/p>\n<p>Bei <strong>BigStamping<\/strong> stellen wir die gr\u00f6\u00dften Stempel der Welt her und bieten Ihnen dank unserer E<strong>rfahrung ein Produkt,<\/strong> das Ihnen \u00fcberraschende <strong>Leistungen und Ergebnisse liefert!<\/strong><\/p>\n<p>Jeder <strong>unserer Stempel verf\u00fcgt \u00fcber ein spezielles D\u00e4mpfungssystem<\/strong>, das daf\u00fcr sorgt, dass sich Ihr Stempel korrekt an alle Oberfl\u00e4chen anpasst, so dass die Farbe gleichm\u00e4\u00dfiger \u00fcbertragen wird und Sie beim Stempeln nicht zu viel Kraft\/Druck aus\u00fcben m\u00fcssen.<\/p>\n<p>Zusammen mit der Qualit\u00e4t unserer Tinten bedeutet dies, dass unsere Stempel Ihnen die Ergebnisse bieten k\u00f6nnen, die Sie bereits in den Videos und Fotos gesehen haben, die wir in den sozialen Netzwerken teilen und die in 99 % der F\u00e4lle von zufriedenen Kunden stammen. <strong>Daran besteht kein Zweifel! Holen Sie sich einen BigStamping-Stempel oder ein BigStamping-Kit und verst\u00e4rken Sie Ihr Markenimage mit Ergebnissen, die Sie noch nie zuvor gesehen haben.<\/strong><\/p>\n<p>[\/pestana_acordeon_personalizado]\n[pestana_acordeon_personalizado titulo=\"Wie kann ich bestellen?\"]<\/p>\n<p>Sobald <strong>Sie Ihr BigStamping Kit <\/strong> ausgew\u00e4hlt haben, finden Sie nach der Beschreibung und den Details einen Bereich \/ eine Schaltfl\u00e4che zum Hinzuf\u00fcgen der Datei mit Ihrem Design. Wenn Sie es im Vektorformat haben, k\u00f6nnen wir besser damit arbeiten, aber wenn nicht, schicken Sie es uns in dem besten Bildformat, das Sie haben.<\/p>\n<p>Nach diesem Schritt finden Sie den Tintenw\u00e4hler. W\u00e4hlen Sie den gew\u00fcnschten Tintentyp aus. Sie haben die Wahl zwischen:<\/p>\n<p><strong>-Flexodruckfarbe Papier, Karton und Holz 125 ml (4,2 oz.), 14 Farben verf\u00fcgbar.<\/strong><br \/>\n<strong>-Textile Xylographic Ink 75 ml (2.5 oz.), 10 Farben verf\u00fcgbar.<\/strong><\/p>\n<p>Der Kit enth\u00e4lt nur eine Tinte. Wenn Sie mehrere Tinten oder beide Arten von Tinte w\u00fcnschen, m\u00fcssen Sie diese auf der Produktseite in den Warenkorb legen.<\/p>\n<p>Wenn wir irgendein Problem oder Zweifel mit Ihrem Entwurf haben, keine Sorge, wir werden Sie kontaktieren! Am Ende Ihres Kaufs gibt es einen Abschnitt \u201eNOTES\u201c, wo Sie jede Angabe oder Kommentar zu Ihrer Bestellung hinterlassen k\u00f6nnen: Design, endg\u00fcltige Gr\u00f6\u00dfe des Designs, wenn Sie eine vorherige Skizze sehen wollen, etc&#8230;<\/p>\n<p><strong>&#8211; Akzeptierte Zahlungsarten: Debit-\/Kreditkarten und Paypal.<\/strong><\/p>\n<p>[\/pestana_acordeon_personalizado]\n[pestana_acordeon_personalizado titulo=\"Unterst\u00fctzte Dateiformate\"]<\/p>\n<p><strong>Unterst\u00fctzte Dateitypen f\u00fcr die Erstellung Ihrer gro\u00dfen Stempel sind: svg, tiff, eps, ai, jpg, psd, pdf, jpeg, png, cdr, tif, etc.<\/strong><\/p>\n<p><strong>Maximale Dateigr\u00f6\u00dfe: 10 MB<\/strong><\/p>\n<p>Ideal ist es, die Entw\u00fcrfe in Vektorformaten zu senden, in ihrem urspr\u00fcnglichen Format, d.h. in dem Programm, in dem sie entworfen wurden: AI, CDR, PDF, etc.<\/p>\n<p>Falls Sie nicht \u00fcber diese Formate verf\u00fcgen, k\u00f6nnen Sie die Bilddatei in der h\u00f6chstm\u00f6glichen Qualit\u00e4t senden.<\/p>\n<p>Das Bild oder Design darf nicht mehr als eine Farbe enthalten. Weder Schattierungen noch Farbverl\u00e4ufe. Es muss sich um einfarbige 100% schwarze oder wei\u00dfe Tinte handeln.<\/p>\n<p>Wenn wir irgendwelche Probleme oder Zweifel mit Ihrem Entwurf haben, werden wir uns mit Ihnen in Verbindung setzen.<\/p>\n<p>[\/pestana_acordeon_personalizado]\n[pestana_acordeon_personalizado titulo=\"Lieferzeiten und Versandkosten\"]<\/p>\n<p>Wir versenden in alle L\u00e4nder der Europ\u00e4ischen Wirtschaftsgemeinschaft. Wir liefern auch in die Vereinigten Staaten, das Vereinigte K\u00f6nigreich, die T\u00fcrkei, die Schweiz, Kanada, Australien, Chile, die Vereinigten Arabischen Emirate und Japan.<\/p>\n<p><strong>Liefertermine<\/strong><\/p>\n<p>Wenn Sie Ihre Bestellung aufgeben und es keine Probleme mit dem Entwurf gibt, dauert es etwa <strong>7 bis 15 Arbeitstage<\/strong>, bis Ihre Bestellung geliefert wird.<\/p>\n<p><span style=\"text-decoration: underline;\"><strong>*HINWEIS:<\/strong><\/span> Wir sind nicht verantwortlich f\u00fcr Verz\u00f6gerungen, die durch Transportunternehmen oder Kontrollinstanzen verursacht werden.<\/p>\n<p><strong>Kosten der Sendungen<\/strong><\/p>\n<p>Die Versandkosten werden automatisch von der Website je nach Land und den in den Warenkorb gelegten Artikeln berechnet.<\/p>\n<p>Je nach Lieferort erhalten Sie ab 190 \u20ac kostenlosen Versand. Genauere Informationen zu den Versandkosten und den Betr\u00e4gen, die f\u00fcr eine kostenlose Lieferung erforderlich sind, finden <a href=\"https:\/\/www.bigstamping.com\/de\/faq\/\">Sie im Abschnitt FAQ<\/a> und in den Bedingungen f\u00fcr Ihre Adresse.<\/p>\n<p>[\/pestana_acordeon_personalizado]\n<p>[\/acordeon_personalizado]<span style=\"font-weight: 400;\"><br \/>\n<\/span><\/p>\n","protected":false},"featured_media":430548,"template":"","meta":{"_acf_changed":false,"_genesis_hide_title":false,"_genesis_hide_breadcrumbs":false,"_genesis_hide_singular_image":false,"_genesis_hide_footer_widgets":false,"_genesis_custom_body_class":"","_genesis_custom_post_class":"","_genesis_layout":""},"product_brand":[],"product_cat":[141],"product_tag":[],"class_list":{"0":"post-14265","1":"product","2":"type-product","3":"status-publish","4":"has-post-thumbnail","6":"product_cat-bausatze","7":"product_shipping_class-clase-2-de","8":"entry","10":"first","11":"instock","12":"taxable","13":"shipping-taxable","14":"purchasable","15":"product-type-variable"},"acf":[],"yoast_head":"<!-- This site is optimized with the Yoast SEO plugin v26.7 - https:\/\/yoast.com\/wordpress\/plugins\/seo\/ -->\n<title>SUPER STAMPING KIT - BigStamping<\/title>\n<meta name=\"description\" content=\"Das mittlere BigStamping-Kit enth\u00e4lt einen Stempel im Format 21x15cm, eine Walze, ein Tintenfass Ihrer Wahl, Paletten und Acetat. Und zwar im gro\u00dfen Stil!\" \/>\n<meta name=\"robots\" content=\"index, follow, max-snippet:-1, max-image-preview:large, max-video-preview:-1\" \/>\n<link rel=\"canonical\" href=\"https:\/\/www.bigstamping.com\/de\/producto\/super-briefmarken-satz\/\" \/>\n<meta property=\"og:locale\" content=\"de_DE\" \/>\n<meta property=\"og:type\" content=\"article\" \/>\n<meta property=\"og:title\" content=\"SUPER STAMPING KIT - BigStamping\" \/>\n<meta property=\"og:description\" content=\"Das mittlere BigStamping-Kit enth\u00e4lt einen Stempel im Format 21x15cm, eine Walze, ein Tintenfass Ihrer Wahl, Paletten und Acetat. Und zwar im gro\u00dfen Stil!\" \/>\n<meta property=\"og:url\" content=\"https:\/\/www.bigstamping.com\/de\/producto\/super-briefmarken-satz\/\" \/>\n<meta property=\"og:site_name\" content=\"BigStamping\" \/>\n<meta property=\"article:publisher\" content=\"https:\/\/www.facebook.com\/Bigstamping-241206903231462\/\" \/>\n<meta property=\"article:modified_time\" content=\"2024-06-26T17:36:02+00:00\" \/>\n<meta property=\"og:image\" content=\"https:\/\/www.bigstamping.com\/wp-content\/uploads\/2018\/12\/Kit-L-med.jpg\" \/>\n\t<meta property=\"og:image:width\" content=\"1080\" \/>\n\t<meta property=\"og:image:height\" content=\"1080\" \/>\n\t<meta property=\"og:image:type\" content=\"image\/jpeg\" \/>\n<meta name=\"twitter:card\" content=\"summary_large_image\" \/>\n<meta name=\"twitter:site\" content=\"@Bigstamping\" \/>\n<meta name=\"twitter:label1\" content=\"Gesch\u00e4tzte Lesezeit\" \/>\n\t<meta name=\"twitter:data1\" content=\"1\u00a0Minute\" \/>\n<script type=\"application\/ld+json\" class=\"yoast-schema-graph\">{\"@context\":\"https:\/\/schema.org\",\"@graph\":[{\"@type\":\"WebPage\",\"@id\":\"https:\/\/www.bigstamping.com\/de\/producto\/super-briefmarken-satz\/\",\"url\":\"https:\/\/www.bigstamping.com\/de\/producto\/super-briefmarken-satz\/\",\"name\":\"SUPER STAMPING KIT - BigStamping\",\"isPartOf\":{\"@id\":\"https:\/\/www.bigstamping.com\/#website\"},\"primaryImageOfPage\":{\"@id\":\"https:\/\/www.bigstamping.com\/de\/producto\/super-briefmarken-satz\/#primaryimage\"},\"image\":{\"@id\":\"https:\/\/www.bigstamping.com\/de\/producto\/super-briefmarken-satz\/#primaryimage\"},\"thumbnailUrl\":\"https:\/\/www.bigstamping.com\/wp-content\/uploads\/2018\/12\/Kit-L-med.jpg\",\"datePublished\":\"2020-07-15T11:50:54+00:00\",\"dateModified\":\"2024-06-26T17:36:02+00:00\",\"description\":\"Das mittlere BigStamping-Kit enth\u00e4lt einen Stempel im Format 21x15cm, eine Walze, ein Tintenfass Ihrer Wahl, Paletten und Acetat. Und zwar im gro\u00dfen Stil!\",\"breadcrumb\":{\"@id\":\"https:\/\/www.bigstamping.com\/de\/producto\/super-briefmarken-satz\/#breadcrumb\"},\"inLanguage\":\"de\",\"potentialAction\":[{\"@type\":\"ReadAction\",\"target\":[\"https:\/\/www.bigstamping.com\/de\/producto\/super-briefmarken-satz\/\"]}]},{\"@type\":\"ImageObject\",\"inLanguage\":\"de\",\"@id\":\"https:\/\/www.bigstamping.com\/de\/producto\/super-briefmarken-satz\/#primaryimage\",\"url\":\"https:\/\/www.bigstamping.com\/wp-content\/uploads\/2018\/12\/Kit-L-med.jpg\",\"contentUrl\":\"https:\/\/www.bigstamping.com\/wp-content\/uploads\/2018\/12\/Kit-L-med.jpg\",\"width\":1080,\"height\":1080,\"caption\":\"Kit BigStamping L - Sellos personalizados de Gran Tama\u00f1o\"},{\"@type\":\"BreadcrumbList\",\"@id\":\"https:\/\/www.bigstamping.com\/de\/producto\/super-briefmarken-satz\/#breadcrumb\",\"itemListElement\":[{\"@type\":\"ListItem\",\"position\":1,\"name\":\"Portada\",\"item\":\"https:\/\/www.bigstamping.com\/\"},{\"@type\":\"ListItem\",\"position\":2,\"name\":\"SUPER STAMPING KIT\"}]},{\"@type\":\"WebSite\",\"@id\":\"https:\/\/www.bigstamping.com\/#website\",\"url\":\"https:\/\/www.bigstamping.com\/\",\"name\":\"BigStamping\",\"description\":\"Sellos de gran tama\u00f1o para stampear\",\"publisher\":{\"@id\":\"https:\/\/www.bigstamping.com\/#organization\"},\"potentialAction\":[{\"@type\":\"SearchAction\",\"target\":{\"@type\":\"EntryPoint\",\"urlTemplate\":\"https:\/\/www.bigstamping.com\/?s={search_term_string}\"},\"query-input\":{\"@type\":\"PropertyValueSpecification\",\"valueRequired\":true,\"valueName\":\"search_term_string\"}}],\"inLanguage\":\"de\"},{\"@type\":\"Organization\",\"@id\":\"https:\/\/www.bigstamping.com\/#organization\",\"name\":\"BigStamping\",\"url\":\"https:\/\/www.bigstamping.com\/\",\"logo\":{\"@type\":\"ImageObject\",\"inLanguage\":\"de\",\"@id\":\"https:\/\/www.bigstamping.com\/#\/schema\/logo\/image\/\",\"url\":\"https:\/\/www.bigstamping.com\/wp-content\/uploads\/2018\/12\/big-stamper-amarillo.jpg\",\"contentUrl\":\"https:\/\/www.bigstamping.com\/wp-content\/uploads\/2018\/12\/big-stamper-amarillo.jpg\",\"width\":293,\"height\":300,\"caption\":\"BigStamping\"},\"image\":{\"@id\":\"https:\/\/www.bigstamping.com\/#\/schema\/logo\/image\/\"},\"sameAs\":[\"https:\/\/www.facebook.com\/Bigstamping-241206903231462\/\",\"https:\/\/x.com\/Bigstamping\",\"https:\/\/www.instagram.com\/bigstamping\/\",\"https:\/\/www.youtube.com\/channel\/UC_l3jNsBYYC-Ds9pzcZy_Vg\"]}]}<\/script>\n<!-- \/ Yoast SEO plugin. -->","yoast_head_json":{"title":"SUPER STAMPING KIT - BigStamping","description":"Das mittlere BigStamping-Kit enth\u00e4lt einen Stempel im Format 21x15cm, eine Walze, ein Tintenfass Ihrer Wahl, Paletten und Acetat. Und zwar im gro\u00dfen Stil!","robots":{"index":"index","follow":"follow","max-snippet":"max-snippet:-1","max-image-preview":"max-image-preview:large","max-video-preview":"max-video-preview:-1"},"canonical":"https:\/\/www.bigstamping.com\/de\/producto\/super-briefmarken-satz\/","og_locale":"de_DE","og_type":"article","og_title":"SUPER STAMPING KIT - BigStamping","og_description":"Das mittlere BigStamping-Kit enth\u00e4lt einen Stempel im Format 21x15cm, eine Walze, ein Tintenfass Ihrer Wahl, Paletten und Acetat. Und zwar im gro\u00dfen Stil!","og_url":"https:\/\/www.bigstamping.com\/de\/producto\/super-briefmarken-satz\/","og_site_name":"BigStamping","article_publisher":"https:\/\/www.facebook.com\/Bigstamping-241206903231462\/","article_modified_time":"2024-06-26T17:36:02+00:00","og_image":[{"width":1080,"height":1080,"url":"https:\/\/www.bigstamping.com\/wp-content\/uploads\/2018\/12\/Kit-L-med.jpg","type":"image\/jpeg"}],"twitter_card":"summary_large_image","twitter_site":"@Bigstamping","twitter_misc":{"Gesch\u00e4tzte Lesezeit":"1\u00a0Minute"},"schema":{"@context":"https:\/\/schema.org","@graph":[{"@type":"WebPage","@id":"https:\/\/www.bigstamping.com\/de\/producto\/super-briefmarken-satz\/","url":"https:\/\/www.bigstamping.com\/de\/producto\/super-briefmarken-satz\/","name":"SUPER STAMPING KIT - BigStamping","isPartOf":{"@id":"https:\/\/www.bigstamping.com\/#website"},"primaryImageOfPage":{"@id":"https:\/\/www.bigstamping.com\/de\/producto\/super-briefmarken-satz\/#primaryimage"},"image":{"@id":"https:\/\/www.bigstamping.com\/de\/producto\/super-briefmarken-satz\/#primaryimage"},"thumbnailUrl":"https:\/\/www.bigstamping.com\/wp-content\/uploads\/2018\/12\/Kit-L-med.jpg","datePublished":"2020-07-15T11:50:54+00:00","dateModified":"2024-06-26T17:36:02+00:00","description":"Das mittlere BigStamping-Kit enth\u00e4lt einen Stempel im Format 21x15cm, eine Walze, ein Tintenfass Ihrer Wahl, Paletten und Acetat. Und zwar im gro\u00dfen Stil!","breadcrumb":{"@id":"https:\/\/www.bigstamping.com\/de\/producto\/super-briefmarken-satz\/#breadcrumb"},"inLanguage":"de","potentialAction":[{"@type":"ReadAction","target":["https:\/\/www.bigstamping.com\/de\/producto\/super-briefmarken-satz\/"]}]},{"@type":"ImageObject","inLanguage":"de","@id":"https:\/\/www.bigstamping.com\/de\/producto\/super-briefmarken-satz\/#primaryimage","url":"https:\/\/www.bigstamping.com\/wp-content\/uploads\/2018\/12\/Kit-L-med.jpg","contentUrl":"https:\/\/www.bigstamping.com\/wp-content\/uploads\/2018\/12\/Kit-L-med.jpg","width":1080,"height":1080,"caption":"Kit BigStamping L - Sellos personalizados de Gran Tama\u00f1o"},{"@type":"BreadcrumbList","@id":"https:\/\/www.bigstamping.com\/de\/producto\/super-briefmarken-satz\/#breadcrumb","itemListElement":[{"@type":"ListItem","position":1,"name":"Portada","item":"https:\/\/www.bigstamping.com\/"},{"@type":"ListItem","position":2,"name":"SUPER STAMPING KIT"}]},{"@type":"WebSite","@id":"https:\/\/www.bigstamping.com\/#website","url":"https:\/\/www.bigstamping.com\/","name":"BigStamping","description":"Sellos de gran tama\u00f1o para stampear","publisher":{"@id":"https:\/\/www.bigstamping.com\/#organization"},"potentialAction":[{"@type":"SearchAction","target":{"@type":"EntryPoint","urlTemplate":"https:\/\/www.bigstamping.com\/?s={search_term_string}"},"query-input":{"@type":"PropertyValueSpecification","valueRequired":true,"valueName":"search_term_string"}}],"inLanguage":"de"},{"@type":"Organization","@id":"https:\/\/www.bigstamping.com\/#organization","name":"BigStamping","url":"https:\/\/www.bigstamping.com\/","logo":{"@type":"ImageObject","inLanguage":"de","@id":"https:\/\/www.bigstamping.com\/#\/schema\/logo\/image\/","url":"https:\/\/www.bigstamping.com\/wp-content\/uploads\/2018\/12\/big-stamper-amarillo.jpg","contentUrl":"https:\/\/www.bigstamping.com\/wp-content\/uploads\/2018\/12\/big-stamper-amarillo.jpg","width":293,"height":300,"caption":"BigStamping"},"image":{"@id":"https:\/\/www.bigstamping.com\/#\/schema\/logo\/image\/"},"sameAs":["https:\/\/www.facebook.com\/Bigstamping-241206903231462\/","https:\/\/x.com\/Bigstamping","https:\/\/www.instagram.com\/bigstamping\/","https:\/\/www.youtube.com\/channel\/UC_l3jNsBYYC-Ds9pzcZy_Vg"]}]}},"_links":{"self":[{"href":"https:\/\/www.bigstamping.com\/de\/wp-json\/wp\/v2\/product\/14265","targetHints":{"allow":["GET"]}}],"collection":[{"href":"https:\/\/www.bigstamping.com\/de\/wp-json\/wp\/v2\/product"}],"about":[{"href":"https:\/\/www.bigstamping.com\/de\/wp-json\/wp\/v2\/types\/product"}],"version-history":[{"count":0,"href":"https:\/\/www.bigstamping.com\/de\/wp-json\/wp\/v2\/product\/14265\/revisions"}],"wp:featuredmedia":[{"embeddable":true,"href":"https:\/\/www.bigstamping.com\/de\/wp-json\/wp\/v2\/media\/430548"}],"wp:attachment":[{"href":"https:\/\/www.bigstamping.com\/de\/wp-json\/wp\/v2\/media?parent=14265"}],"wp:term":[{"taxonomy":"product_brand","embeddable":true,"href":"https:\/\/www.bigstamping.com\/de\/wp-json\/wp\/v2\/product_brand?post=14265"},{"taxonomy":"product_cat","embeddable":true,"href":"https:\/\/www.bigstamping.com\/de\/wp-json\/wp\/v2\/product_cat?post=14265"},{"taxonomy":"product_tag","embeddable":true,"href":"https:\/\/www.bigstamping.com\/de\/wp-json\/wp\/v2\/product_tag?post=14265"}],"curies":[{"name":"wp","href":"https:\/\/api.w.org\/{rel}","templated":true}]}}