{"id":16943,"date":"2020-08-18T10:44:15","date_gmt":"2020-08-18T10:44:15","guid":{"rendered":"https:\/\/www.bigstamping.com\/producto\/tinta-para-superficies-porosas\/"},"modified":"2024-06-26T19:04:53","modified_gmt":"2024-06-26T18:04:53","slug":"tinte-fur-porose","status":"publish","type":"product","link":"https:\/\/www.bigstamping.com\/de\/producto\/tinte-fur-porose\/","title":{"rendered":"Tinten f\u00fcr por\u00f6se Oberfl\u00e4chen (f\u00fcr MiniStamps)"},"content":{"rendered":"","protected":false},"excerpt":{"rendered":"<h2>STEMPELPAD F\u00dcR MINISTAMP!<\/h2>\n<p>Revolution\u00e4re Tinte auf <strong>Wasserbasis<\/strong>, die f\u00fcr por\u00f6se Oberfl\u00e4chen entwickelt wurde. In diesem Stempelkissen ist die Tinte bereits enthalten. Einfach den Deckel abnehmen, den <strong>Ministamp<\/strong> befeuchten und stempeln! Vergewissern Sie sich, dass der Stempel frei von \u00d6len oder R\u00fcckst\u00e4nden ist, bevor Sie diese Tinten verwenden.<\/p>\n<p>Dieses Produkt ist ideal f\u00fcr Projekte auf Papier, Karton, Holz und Mischtechniken. Reinigen Sie die Stempel sofort nach Gebrauch mit Wasser und Seife. Achten Sie darauf, sie gut zu trocknen und an einem trockenen, k\u00fchlen und lichtgesch\u00fctzten Ort zu lagern.<\/p>\n[acordeon_personalizado]<\/p>\n<p>[pestana_acordeon_personalizado titulo=\"Empfehlungen f\u00fcr die Verwendung\"]<\/p>\n<p>Diese Tinte hat eine relativ schnelle Trocknungszeit. Der Hersteller gibt an, dass eine Trocknung innerhalb von 5 bis 10 Minuten m\u00f6glich ist, abh\u00e4ngig von der Porosit\u00e4t des Materials und den \u00e4u\u00dferen Bedingungen.<\/p>\n<p>Sie k\u00f6nnen diese Art von Tinte auf jeder por\u00f6sen Oberfl\u00e4che, glattem Papier, Pauspapier, bedrucktem Papier, Kraftpapier, Karton, Holz, Baumwolle usw. verwenden.<\/p>\n<p><strong><span style=\"text-decoration: underline;\">WICHTIG:<\/span> Diese Tinte ist nicht abwaschbar.<\/strong><\/p>\n<p>Reinigen Sie die Stempel sofort nach Gebrauch mit Wasser und Seife. S\u00e9calos bien y gu\u00e1rdalos en lugar seco y fresco y protegido de la luz natural.Trocknen Sie sie gut ab und lagern Sie sie an einem k\u00fchlen, trockenen und lichtgesch\u00fctzten Ort.<\/p>\n<p>[\/pestana_acordeon_personalizado]<\/p>\n<p>[pestana_acordeon_personalizado titulo=\"Andere Merkmale\"]<\/p>\n<p><strong>Maximale Auflagefl\u00e4che: 77 x 47 mm (3,03 x 1,85 in)<\/strong><\/p>\n<p>Das Kissen kann mit etwas gr\u00f6\u00dferen Stempeln verwendet werden, da das Kissen gepr\u00e4gt ist, so dass es mit gr\u00f6\u00dferen Stempeln impr\u00e4gniert werden kann, obwohl es f\u00fcr die Funktionalit\u00e4t nicht empfohlen wird, \u00fcber die <strong>MINISTAMPS<\/strong> hinauszugehen.<\/p>\n<p>Die Ergebnisse der <strong>goldenen und silbernen Metallic-Farben <\/strong> werden Sie verbl\u00fcffen!<\/p>\n<p>[\/pestana_acordeon_personalizado]<\/p>\n<p>[pestana_acordeon_personalizado titulo=\"Wie kann ich bestellen?\"]<\/p>\n<p>Um dieses Produkt zu bestellen, w\u00e4hlen Sie einfach die gew\u00fcnschte Farbe und die Anzahl der gew\u00fcnschten Einheiten aus und klicken dann auf die Schaltfl\u00e4che &#8222;In den Warenkorb&#8220;. Da diese Tinte nur f\u00fcr <strong>MiniStamps<\/strong> empfohlen wird, ist sie nicht in den Kits enthalten, aber Sie k\u00f6nnen so viele Einheiten und Farben bestellen, wie Sie m\u00f6chten. \ud83d\ude09<\/p>\n<p><strong>&#8211; Akzeptierte Zahlungsarten: Debit-\/Kreditkarten und Paypal.<\/strong><\/p>\n<p>[\/pestana_acordeon_personalizado]<\/p>\n<p>[pestana_acordeon_personalizado titulo=\"Lieferzeiten und Lieferkosten\"]<\/p>\n<p>Wir versenden in alle L\u00e4nder der Europ\u00e4ischen Wirtschaftsgemeinschaft. Wir liefern auch in die Vereinigten Staaten, das Vereinigte K\u00f6nigreich, die T\u00fcrkei, die Schweiz, Kanada, Australien, Chile, die Vereinigten Arabischen Emirate und Japan.<\/p>\n<p><strong>Liefertermine<\/strong><\/p>\n<p>Wenn Sie Ihre Bestellung aufgeben und es keine Probleme mit dem Entwurf gibt, dauert es etwa <strong>7 bis 15 Arbeitstage<\/strong>, bis Ihre Bestellung geliefert wird.<\/p>\n<p><span style=\"text-decoration: underline;\"><strong>*HINWEIS:<\/strong><\/span> Wir sind nicht verantwortlich f\u00fcr Verz\u00f6gerungen, die durch Transportunternehmen oder Kontrollinstanzen verursacht werden.<\/p>\n<p><strong>Kosten der Sendungen<\/strong><\/p>\n<p>Die Versandkosten werden automatisch von der Website je nach Land und den in den Warenkorb gelegten Artikeln berechnet.<\/p>\n<p>Je nach Lieferort erhalten Sie ab 190 \u20ac kostenlosen Versand. Genauere Informationen zu den Versandkosten und den Betr\u00e4gen, die f\u00fcr eine kostenlose Lieferung erforderlich sind, finden <a href=\"https:\/\/www.bigstamping.com\/de\/faq\/\">Sie im Abschnitt FAQ<\/a> und in den Bedingungen f\u00fcr Ihre Adresse.<\/p>\n<p>[\/pestana_acordeon_personalizado]<\/p>\n<p>[\/acordeon_personalizado]\n","protected":false},"featured_media":16857,"template":"","meta":{"_acf_changed":false,"_genesis_hide_title":false,"_genesis_hide_breadcrumbs":false,"_genesis_hide_singular_image":false,"_genesis_hide_footer_widgets":false,"_genesis_custom_body_class":"","_genesis_custom_post_class":"","_genesis_layout":""},"product_brand":[],"product_cat":[138],"product_tag":[],"class_list":{"0":"post-16943","1":"product","2":"type-product","3":"status-publish","4":"has-post-thumbnail","6":"product_cat-accessoires","7":"entry","9":"first","10":"instock","11":"taxable","12":"shipping-taxable","13":"purchasable","14":"product-type-variable"},"acf":[],"yoast_head":"<!-- This site is optimized with the Yoast SEO plugin v26.7 - https:\/\/yoast.com\/wordpress\/plugins\/seo\/ -->\n<title>Tinten f\u00fcr por\u00f6se Oberfl\u00e4chen (f\u00fcr MiniStamps) - BigStamping<\/title>\n<meta name=\"description\" content=\"Druckfarben f\u00fcr por\u00f6se Oberfl\u00e4chen, die Sie mit Ihren BigStamps verwenden k\u00f6nnen. Verwenden Sie sie f\u00fcr stark absorbierende Materialien und profitieren Sie von ihrer schnellen Trocknung\" \/>\n<meta name=\"robots\" content=\"index, follow, max-snippet:-1, max-image-preview:large, max-video-preview:-1\" \/>\n<link rel=\"canonical\" href=\"https:\/\/www.bigstamping.com\/de\/producto\/tinte-fur-porose\/\" \/>\n<meta property=\"og:locale\" content=\"de_DE\" \/>\n<meta property=\"og:type\" content=\"article\" \/>\n<meta property=\"og:title\" content=\"Tinten f\u00fcr por\u00f6se Oberfl\u00e4chen (f\u00fcr MiniStamps) - BigStamping\" \/>\n<meta property=\"og:description\" content=\"Druckfarben f\u00fcr por\u00f6se Oberfl\u00e4chen, die Sie mit Ihren BigStamps verwenden k\u00f6nnen. Verwenden Sie sie f\u00fcr stark absorbierende Materialien und profitieren Sie von ihrer schnellen Trocknung\" \/>\n<meta property=\"og:url\" content=\"https:\/\/www.bigstamping.com\/de\/producto\/tinte-fur-porose\/\" \/>\n<meta property=\"og:site_name\" content=\"BigStamping\" \/>\n<meta property=\"article:publisher\" content=\"https:\/\/www.facebook.com\/Bigstamping-241206903231462\/\" \/>\n<meta property=\"article:modified_time\" content=\"2024-06-26T18:04:53+00:00\" \/>\n<meta property=\"og:image\" content=\"https:\/\/www.bigstamping.com\/wp-content\/uploads\/2020\/08\/TDE-191-DELICATA-ORO-METALICO.jpg\" \/>\n\t<meta property=\"og:image:width\" content=\"1000\" \/>\n\t<meta property=\"og:image:height\" content=\"1000\" \/>\n\t<meta property=\"og:image:type\" content=\"image\/jpeg\" \/>\n<meta name=\"twitter:card\" content=\"summary_large_image\" \/>\n<meta name=\"twitter:site\" content=\"@Bigstamping\" \/>\n<meta name=\"twitter:label1\" content=\"Gesch\u00e4tzte Lesezeit\" \/>\n\t<meta name=\"twitter:data1\" content=\"1\u00a0Minute\" \/>\n<script type=\"application\/ld+json\" class=\"yoast-schema-graph\">{\"@context\":\"https:\/\/schema.org\",\"@graph\":[{\"@type\":\"WebPage\",\"@id\":\"https:\/\/www.bigstamping.com\/de\/producto\/tinte-fur-porose\/\",\"url\":\"https:\/\/www.bigstamping.com\/de\/producto\/tinte-fur-porose\/\",\"name\":\"Tinten f\u00fcr por\u00f6se Oberfl\u00e4chen (f\u00fcr MiniStamps) - BigStamping\",\"isPartOf\":{\"@id\":\"https:\/\/www.bigstamping.com\/#website\"},\"primaryImageOfPage\":{\"@id\":\"https:\/\/www.bigstamping.com\/de\/producto\/tinte-fur-porose\/#primaryimage\"},\"image\":{\"@id\":\"https:\/\/www.bigstamping.com\/de\/producto\/tinte-fur-porose\/#primaryimage\"},\"thumbnailUrl\":\"https:\/\/www.bigstamping.com\/wp-content\/uploads\/2020\/08\/TDE-191-DELICATA-ORO-METALICO.jpg\",\"datePublished\":\"2020-08-18T10:44:15+00:00\",\"dateModified\":\"2024-06-26T18:04:53+00:00\",\"description\":\"Druckfarben f\u00fcr por\u00f6se Oberfl\u00e4chen, die Sie mit Ihren BigStamps verwenden k\u00f6nnen. Verwenden Sie sie f\u00fcr stark absorbierende Materialien und profitieren Sie von ihrer schnellen Trocknung\",\"breadcrumb\":{\"@id\":\"https:\/\/www.bigstamping.com\/de\/producto\/tinte-fur-porose\/#breadcrumb\"},\"inLanguage\":\"de\",\"potentialAction\":[{\"@type\":\"ReadAction\",\"target\":[\"https:\/\/www.bigstamping.com\/de\/producto\/tinte-fur-porose\/\"]}]},{\"@type\":\"ImageObject\",\"inLanguage\":\"de\",\"@id\":\"https:\/\/www.bigstamping.com\/de\/producto\/tinte-fur-porose\/#primaryimage\",\"url\":\"https:\/\/www.bigstamping.com\/wp-content\/uploads\/2020\/08\/TDE-191-DELICATA-ORO-METALICO.jpg\",\"contentUrl\":\"https:\/\/www.bigstamping.com\/wp-content\/uploads\/2020\/08\/TDE-191-DELICATA-ORO-METALICO.jpg\",\"width\":1000,\"height\":1000,\"caption\":\"Tinte f\u00fcr por\u00f6se Oberfl\u00e4chen, Farbe Gold\"},{\"@type\":\"BreadcrumbList\",\"@id\":\"https:\/\/www.bigstamping.com\/de\/producto\/tinte-fur-porose\/#breadcrumb\",\"itemListElement\":[{\"@type\":\"ListItem\",\"position\":1,\"name\":\"Portada\",\"item\":\"https:\/\/www.bigstamping.com\/\"},{\"@type\":\"ListItem\",\"position\":2,\"name\":\"Tinten f\u00fcr por\u00f6se Oberfl\u00e4chen (f\u00fcr MiniStamps)\"}]},{\"@type\":\"WebSite\",\"@id\":\"https:\/\/www.bigstamping.com\/#website\",\"url\":\"https:\/\/www.bigstamping.com\/\",\"name\":\"BigStamping\",\"description\":\"Sellos de gran tama\u00f1o para stampear\",\"publisher\":{\"@id\":\"https:\/\/www.bigstamping.com\/#organization\"},\"potentialAction\":[{\"@type\":\"SearchAction\",\"target\":{\"@type\":\"EntryPoint\",\"urlTemplate\":\"https:\/\/www.bigstamping.com\/?s={search_term_string}\"},\"query-input\":{\"@type\":\"PropertyValueSpecification\",\"valueRequired\":true,\"valueName\":\"search_term_string\"}}],\"inLanguage\":\"de\"},{\"@type\":\"Organization\",\"@id\":\"https:\/\/www.bigstamping.com\/#organization\",\"name\":\"BigStamping\",\"url\":\"https:\/\/www.bigstamping.com\/\",\"logo\":{\"@type\":\"ImageObject\",\"inLanguage\":\"de\",\"@id\":\"https:\/\/www.bigstamping.com\/#\/schema\/logo\/image\/\",\"url\":\"https:\/\/www.bigstamping.com\/wp-content\/uploads\/2018\/12\/big-stamper-amarillo.jpg\",\"contentUrl\":\"https:\/\/www.bigstamping.com\/wp-content\/uploads\/2018\/12\/big-stamper-amarillo.jpg\",\"width\":293,\"height\":300,\"caption\":\"BigStamping\"},\"image\":{\"@id\":\"https:\/\/www.bigstamping.com\/#\/schema\/logo\/image\/\"},\"sameAs\":[\"https:\/\/www.facebook.com\/Bigstamping-241206903231462\/\",\"https:\/\/x.com\/Bigstamping\",\"https:\/\/www.instagram.com\/bigstamping\/\",\"https:\/\/www.youtube.com\/channel\/UC_l3jNsBYYC-Ds9pzcZy_Vg\"]}]}<\/script>\n<!-- \/ Yoast SEO plugin. -->","yoast_head_json":{"title":"Tinten f\u00fcr por\u00f6se Oberfl\u00e4chen (f\u00fcr MiniStamps) - BigStamping","description":"Druckfarben f\u00fcr por\u00f6se Oberfl\u00e4chen, die Sie mit Ihren BigStamps verwenden k\u00f6nnen. Verwenden Sie sie f\u00fcr stark absorbierende Materialien und profitieren Sie von ihrer schnellen Trocknung","robots":{"index":"index","follow":"follow","max-snippet":"max-snippet:-1","max-image-preview":"max-image-preview:large","max-video-preview":"max-video-preview:-1"},"canonical":"https:\/\/www.bigstamping.com\/de\/producto\/tinte-fur-porose\/","og_locale":"de_DE","og_type":"article","og_title":"Tinten f\u00fcr por\u00f6se Oberfl\u00e4chen (f\u00fcr MiniStamps) - BigStamping","og_description":"Druckfarben f\u00fcr por\u00f6se Oberfl\u00e4chen, die Sie mit Ihren BigStamps verwenden k\u00f6nnen. Verwenden Sie sie f\u00fcr stark absorbierende Materialien und profitieren Sie von ihrer schnellen Trocknung","og_url":"https:\/\/www.bigstamping.com\/de\/producto\/tinte-fur-porose\/","og_site_name":"BigStamping","article_publisher":"https:\/\/www.facebook.com\/Bigstamping-241206903231462\/","article_modified_time":"2024-06-26T18:04:53+00:00","og_image":[{"width":1000,"height":1000,"url":"https:\/\/www.bigstamping.com\/wp-content\/uploads\/2020\/08\/TDE-191-DELICATA-ORO-METALICO.jpg","type":"image\/jpeg"}],"twitter_card":"summary_large_image","twitter_site":"@Bigstamping","twitter_misc":{"Gesch\u00e4tzte Lesezeit":"1\u00a0Minute"},"schema":{"@context":"https:\/\/schema.org","@graph":[{"@type":"WebPage","@id":"https:\/\/www.bigstamping.com\/de\/producto\/tinte-fur-porose\/","url":"https:\/\/www.bigstamping.com\/de\/producto\/tinte-fur-porose\/","name":"Tinten f\u00fcr por\u00f6se Oberfl\u00e4chen (f\u00fcr MiniStamps) - BigStamping","isPartOf":{"@id":"https:\/\/www.bigstamping.com\/#website"},"primaryImageOfPage":{"@id":"https:\/\/www.bigstamping.com\/de\/producto\/tinte-fur-porose\/#primaryimage"},"image":{"@id":"https:\/\/www.bigstamping.com\/de\/producto\/tinte-fur-porose\/#primaryimage"},"thumbnailUrl":"https:\/\/www.bigstamping.com\/wp-content\/uploads\/2020\/08\/TDE-191-DELICATA-ORO-METALICO.jpg","datePublished":"2020-08-18T10:44:15+00:00","dateModified":"2024-06-26T18:04:53+00:00","description":"Druckfarben f\u00fcr por\u00f6se Oberfl\u00e4chen, die Sie mit Ihren BigStamps verwenden k\u00f6nnen. Verwenden Sie sie f\u00fcr stark absorbierende Materialien und profitieren Sie von ihrer schnellen Trocknung","breadcrumb":{"@id":"https:\/\/www.bigstamping.com\/de\/producto\/tinte-fur-porose\/#breadcrumb"},"inLanguage":"de","potentialAction":[{"@type":"ReadAction","target":["https:\/\/www.bigstamping.com\/de\/producto\/tinte-fur-porose\/"]}]},{"@type":"ImageObject","inLanguage":"de","@id":"https:\/\/www.bigstamping.com\/de\/producto\/tinte-fur-porose\/#primaryimage","url":"https:\/\/www.bigstamping.com\/wp-content\/uploads\/2020\/08\/TDE-191-DELICATA-ORO-METALICO.jpg","contentUrl":"https:\/\/www.bigstamping.com\/wp-content\/uploads\/2020\/08\/TDE-191-DELICATA-ORO-METALICO.jpg","width":1000,"height":1000,"caption":"Tinte f\u00fcr por\u00f6se Oberfl\u00e4chen, Farbe Gold"},{"@type":"BreadcrumbList","@id":"https:\/\/www.bigstamping.com\/de\/producto\/tinte-fur-porose\/#breadcrumb","itemListElement":[{"@type":"ListItem","position":1,"name":"Portada","item":"https:\/\/www.bigstamping.com\/"},{"@type":"ListItem","position":2,"name":"Tinten f\u00fcr por\u00f6se Oberfl\u00e4chen (f\u00fcr MiniStamps)"}]},{"@type":"WebSite","@id":"https:\/\/www.bigstamping.com\/#website","url":"https:\/\/www.bigstamping.com\/","name":"BigStamping","description":"Sellos de gran tama\u00f1o para stampear","publisher":{"@id":"https:\/\/www.bigstamping.com\/#organization"},"potentialAction":[{"@type":"SearchAction","target":{"@type":"EntryPoint","urlTemplate":"https:\/\/www.bigstamping.com\/?s={search_term_string}"},"query-input":{"@type":"PropertyValueSpecification","valueRequired":true,"valueName":"search_term_string"}}],"inLanguage":"de"},{"@type":"Organization","@id":"https:\/\/www.bigstamping.com\/#organization","name":"BigStamping","url":"https:\/\/www.bigstamping.com\/","logo":{"@type":"ImageObject","inLanguage":"de","@id":"https:\/\/www.bigstamping.com\/#\/schema\/logo\/image\/","url":"https:\/\/www.bigstamping.com\/wp-content\/uploads\/2018\/12\/big-stamper-amarillo.jpg","contentUrl":"https:\/\/www.bigstamping.com\/wp-content\/uploads\/2018\/12\/big-stamper-amarillo.jpg","width":293,"height":300,"caption":"BigStamping"},"image":{"@id":"https:\/\/www.bigstamping.com\/#\/schema\/logo\/image\/"},"sameAs":["https:\/\/www.facebook.com\/Bigstamping-241206903231462\/","https:\/\/x.com\/Bigstamping","https:\/\/www.instagram.com\/bigstamping\/","https:\/\/www.youtube.com\/channel\/UC_l3jNsBYYC-Ds9pzcZy_Vg"]}]}},"_links":{"self":[{"href":"https:\/\/www.bigstamping.com\/de\/wp-json\/wp\/v2\/product\/16943","targetHints":{"allow":["GET"]}}],"collection":[{"href":"https:\/\/www.bigstamping.com\/de\/wp-json\/wp\/v2\/product"}],"about":[{"href":"https:\/\/www.bigstamping.com\/de\/wp-json\/wp\/v2\/types\/product"}],"version-history":[{"count":0,"href":"https:\/\/www.bigstamping.com\/de\/wp-json\/wp\/v2\/product\/16943\/revisions"}],"wp:featuredmedia":[{"embeddable":true,"href":"https:\/\/www.bigstamping.com\/de\/wp-json\/wp\/v2\/media\/16857"}],"wp:attachment":[{"href":"https:\/\/www.bigstamping.com\/de\/wp-json\/wp\/v2\/media?parent=16943"}],"wp:term":[{"taxonomy":"product_brand","embeddable":true,"href":"https:\/\/www.bigstamping.com\/de\/wp-json\/wp\/v2\/product_brand?post=16943"},{"taxonomy":"product_cat","embeddable":true,"href":"https:\/\/www.bigstamping.com\/de\/wp-json\/wp\/v2\/product_cat?post=16943"},{"taxonomy":"product_tag","embeddable":true,"href":"https:\/\/www.bigstamping.com\/de\/wp-json\/wp\/v2\/product_tag?post=16943"}],"curies":[{"name":"wp","href":"https:\/\/api.w.org\/{rel}","templated":true}]}}