{"id":17012,"date":"2020-08-18T10:00:44","date_gmt":"2020-08-18T10:00:44","guid":{"rendered":"https:\/\/www.bigstamping.com\/producto\/tinta-multisuperficie-de-secado-rapido\/"},"modified":"2024-06-10T10:52:46","modified_gmt":"2024-06-10T09:52:46","slug":"mehrflachige-schnell-trocknende-tinte","status":"publish","type":"product","link":"https:\/\/www.bigstamping.com\/de\/producto\/mehrflachige-schnell-trocknende-tinte\/","title":{"rendered":"Schnell trocknende Mehrfl\u00e4chentinten (f\u00fcr MiniStamps)"},"content":{"rendered":"","protected":false},"excerpt":{"rendered":"<h2><strong>Stempel auf jeder Oberfl\u00e4che!<\/strong><\/h2>\n<p>Entdecken Sie diese revolution\u00e4re Tinte f\u00fcr halbpor\u00f6se und nichtpor\u00f6se Oberfl\u00e4chen! In diesem Stempelkissen ist die Tinte bereits enthalten. Sie m\u00fcssen nur den Deckel abnehmen, dann die Schutzschale anheben, damit die Tinte nicht austrocknet, Ihren <strong>Ministamp<\/strong> anfeuchten und schon kann es losgehen mit dem Drucken! Setzen Sie die innere Kunststoffabdeckung nach Gebrauch wieder ein. Stellen Sie sicher, dass der Stempel frei von \u00d6len oder R\u00fcckst\u00e4nden ist, bevor Sie <strong>StazOn Quick-Drying Multi-Surface Ink<\/strong> verwenden.<\/p>\n[acordeon_personalizado]<\/p>\n<p>[pestana_acordeon_personalizado titulo=\"Empfehlungen f\u00fcr die Verwendung\"]<\/p>\n<p><strong>F\u00fcr diese Art von Tinte betr\u00e4gt die empfohlene Trocknungszeit 3 \u200b\u200bSekunden (por\u00f6se Oberfl\u00e4chen) bzw. 5 Minuten (nicht por\u00f6se Oberfl\u00e4chen). Sie variiert je nach Material, Luftfeuchtigkeit usw. <\/strong> Reinigen Sie die Stempel sofort nach Gebrauch mit Wasser und Seife. S\u00e9calos bien y gu\u00e1rdalos en lugar seco y fresco y protegido de la luz natural.Trocknen Sie sie gut ab und lagern Sie sie an einem k\u00fchlen, trockenen und lichtgesch\u00fctzten Ort.<\/p>\n<p><strong>Die schnell trocknende Multi-Oberfl\u00e4chen-Tinte von StazOn <\/strong> kann auch zum Dekorieren haut\u00e4hnlicher T\u00e4towierungen oder als Abzeichen f\u00fcr den Eintritt zu Veranstaltungen verwendet werden. Auf sauberer, trockener Haut anwenden, ohne R\u00fcckst\u00e4nde von Cremes, \u00d6len etc. Auf Leder stempeln und mindestens 10 Minuten nicht ber\u00fchren.<\/p>\n<p>[\/pestana_acordeon_personalizado]<\/p>\n<p>[pestana_acordeon_personalizado titulo=\"Weitere Merkmale der StazOn-Tinte\"]<\/p>\n<p><strong>Das StazOn Quick Dry Multi-Surface Stempelkissen hat eine maximale Oberfl\u00e4che von 77 x 47 mm (3,03 x 1,85 Zoll). L<\/strong>Der Block kann mit etwas gr\u00f6\u00dferen Stempeln verwendet werden, da dieser Block gepr\u00e4gt ist und daher mit gr\u00f6\u00dferen Stempeln impr\u00e4gniert werden kann. Dennoch empfehlen wir aufgrund der Funktionalit\u00e4t die Verwendung f\u00fcr andere Stempel als <strong>BigStamping MiniStamps<\/strong> nicht.<\/p>\n<p>Es halluziniert, mit den Ergebnissen<strong>derMetallfarben Gold und Silber.<\/strong><\/p>\n<p><strong>APPLIKATION:<\/strong>Kunststoff, Metall, Schrumpfplastik, Gummi, Leder, Polymer-Ton, plastifiziertes Papier, glattes Papier, strukturiertes Papier, Fotopapier, Glas, Porzellan, Terrakotta, Zellophan.<\/p>\n<p>[\/pestana_acordeon_personalizado]<\/p>\n<p>[pestana_acordeon_personalizado titulo=\"Wie kann ich bestellen?\"]<\/p>\n<p>Um dieses Produkt zu bestellen, w\u00e4hlen Sie einfach die gew\u00fcnschte Farbe und die Anzahl der gew\u00fcnschten Einheiten aus und klicken dann auf die Schaltfl\u00e4che &#8222;In den Warenkorb&#8220;. Diese Tinte wird nur f\u00fcr MiniStamps empfohlen und ist nicht in den Kits enthalten. Sie k\u00f6nnen jedoch die gew\u00fcnschten Einheiten und Farben bestellen. \ud83d\ude09<\/p>\n<p><strong>&#8211; Akzeptierte Zahlungsarten: Debit-\/Kreditkarten und Paypal.<\/strong><\/p>\n<p>[\/pestana_acordeon_personalizado]<\/p>\n<p>[pestana_acordeon_personalizado titulo=\"Lieferzeiten und Versandkosten\"]<\/p>\n<p>Wir versenden in alle L\u00e4nder der Europ\u00e4ischen Wirtschaftsgemeinschaft. Wir liefern auch in die Vereinigten Staaten, das Vereinigte K\u00f6nigreich, die T\u00fcrkei, die Schweiz, Kanada, Australien, Chile, die Vereinigten Arabischen Emirate und Japan.<\/p>\n<p><strong>Liefertermine<\/strong><\/p>\n<p>Wenn Sie Ihre Bestellung aufgeben und es keine Probleme mit dem Entwurf gibt, dauert es etwa <strong>7 bis 15 Arbeitstage<\/strong>, bis Ihre Bestellung geliefert wird.<\/p>\n<p><span style=\"text-decoration: underline;\"><strong>*HINWEIS:<\/strong><\/span> Wir sind nicht verantwortlich f\u00fcr Verz\u00f6gerungen, die durch Transportunternehmen oder Kontrollinstanzen verursacht werden.<\/p>\n<p><strong>Kosten der Sendungen<\/strong><\/p>\n<p>Die Versandkosten werden automatisch von der Website je nach Land und den in den Warenkorb gelegten Artikeln berechnet.<\/p>\n<p>Je nach Lieferort erhalten Sie ab 190 \u20ac kostenlosen Versand. Genauere Informationen zu den Versandkosten und den Betr\u00e4gen, die f\u00fcr eine kostenlose Lieferung erforderlich sind, finden <a href=\"https:\/\/www.bigstamping.com\/de\/faq\/\">Sie im Abschnitt FAQ<\/a> und in den Bedingungen f\u00fcr Ihre Adresse.<\/p>\n<p>[\/pestana_acordeon_personalizado]<\/p>\n<p>[\/acordeon_personalizado]\n","protected":false},"featured_media":16582,"template":"","meta":{"_acf_changed":false,"_genesis_hide_title":false,"_genesis_hide_breadcrumbs":false,"_genesis_hide_singular_image":false,"_genesis_hide_footer_widgets":false,"_genesis_custom_body_class":"","_genesis_custom_post_class":"","_genesis_layout":""},"product_brand":[],"product_cat":[138],"product_tag":[],"class_list":{"0":"post-17012","1":"product","2":"type-product","3":"status-publish","4":"has-post-thumbnail","6":"product_cat-accessoires","7":"product_shipping_class-klasse-1","8":"entry","10":"first","11":"instock","12":"taxable","13":"shipping-taxable","14":"purchasable","15":"product-type-variable"},"acf":[],"yoast_head":"<!-- This site is optimized with the Yoast SEO plugin v26.7 - https:\/\/yoast.com\/wordpress\/plugins\/seo\/ -->\n<title>Schnell trocknende Mehrfl\u00e4chentinten (f\u00fcr MiniStamps) - BigStamping<\/title>\n<meta name=\"description\" content=\"Schnell trocknende Druckfarben zum Stempeln Ihrer Marke oder Ihres Designs auf Oberfl\u00e4chen wie Kunststoff, Glas, Metall, Ton, Leder usw.\" \/>\n<meta name=\"robots\" content=\"index, follow, max-snippet:-1, max-image-preview:large, max-video-preview:-1\" \/>\n<link rel=\"canonical\" href=\"https:\/\/www.bigstamping.com\/de\/producto\/mehrflachige-schnell-trocknende-tinte\/\" \/>\n<meta property=\"og:locale\" content=\"de_DE\" \/>\n<meta property=\"og:type\" content=\"article\" \/>\n<meta property=\"og:title\" content=\"Schnell trocknende Mehrfl\u00e4chentinten (f\u00fcr MiniStamps) - BigStamping\" \/>\n<meta property=\"og:description\" content=\"Schnell trocknende Druckfarben zum Stempeln Ihrer Marke oder Ihres Designs auf Oberfl\u00e4chen wie Kunststoff, Glas, Metall, Ton, Leder usw.\" \/>\n<meta property=\"og:url\" content=\"https:\/\/www.bigstamping.com\/de\/producto\/mehrflachige-schnell-trocknende-tinte\/\" \/>\n<meta property=\"og:site_name\" content=\"BigStamping\" \/>\n<meta property=\"article:publisher\" content=\"https:\/\/www.facebook.com\/Bigstamping-241206903231462\/\" \/>\n<meta property=\"article:modified_time\" content=\"2024-06-10T09:52:46+00:00\" \/>\n<meta property=\"og:image\" content=\"https:\/\/www.bigstamping.com\/wp-content\/uploads\/2020\/08\/tinta-stazon-ultramarine.jpg\" \/>\n\t<meta property=\"og:image:width\" content=\"1500\" \/>\n\t<meta property=\"og:image:height\" content=\"1500\" \/>\n\t<meta property=\"og:image:type\" content=\"image\/jpeg\" \/>\n<meta name=\"twitter:card\" content=\"summary_large_image\" \/>\n<meta name=\"twitter:site\" content=\"@Bigstamping\" \/>\n<meta name=\"twitter:label1\" content=\"Gesch\u00e4tzte Lesezeit\" \/>\n\t<meta name=\"twitter:data1\" content=\"1\u00a0Minute\" \/>\n<script type=\"application\/ld+json\" class=\"yoast-schema-graph\">{\"@context\":\"https:\/\/schema.org\",\"@graph\":[{\"@type\":\"WebPage\",\"@id\":\"https:\/\/www.bigstamping.com\/de\/producto\/mehrflachige-schnell-trocknende-tinte\/\",\"url\":\"https:\/\/www.bigstamping.com\/de\/producto\/mehrflachige-schnell-trocknende-tinte\/\",\"name\":\"Schnell trocknende Mehrfl\u00e4chentinten (f\u00fcr MiniStamps) - BigStamping\",\"isPartOf\":{\"@id\":\"https:\/\/www.bigstamping.com\/#website\"},\"primaryImageOfPage\":{\"@id\":\"https:\/\/www.bigstamping.com\/de\/producto\/mehrflachige-schnell-trocknende-tinte\/#primaryimage\"},\"image\":{\"@id\":\"https:\/\/www.bigstamping.com\/de\/producto\/mehrflachige-schnell-trocknende-tinte\/#primaryimage\"},\"thumbnailUrl\":\"https:\/\/www.bigstamping.com\/wp-content\/uploads\/2020\/08\/tinta-stazon-ultramarine.jpg\",\"datePublished\":\"2020-08-18T10:00:44+00:00\",\"dateModified\":\"2024-06-10T09:52:46+00:00\",\"description\":\"Schnell trocknende Druckfarben zum Stempeln Ihrer Marke oder Ihres Designs auf Oberfl\u00e4chen wie Kunststoff, Glas, Metall, Ton, Leder usw.\",\"breadcrumb\":{\"@id\":\"https:\/\/www.bigstamping.com\/de\/producto\/mehrflachige-schnell-trocknende-tinte\/#breadcrumb\"},\"inLanguage\":\"de\",\"potentialAction\":[{\"@type\":\"ReadAction\",\"target\":[\"https:\/\/www.bigstamping.com\/de\/producto\/mehrflachige-schnell-trocknende-tinte\/\"]}]},{\"@type\":\"ImageObject\",\"inLanguage\":\"de\",\"@id\":\"https:\/\/www.bigstamping.com\/de\/producto\/mehrflachige-schnell-trocknende-tinte\/#primaryimage\",\"url\":\"https:\/\/www.bigstamping.com\/wp-content\/uploads\/2020\/08\/tinta-stazon-ultramarine.jpg\",\"contentUrl\":\"https:\/\/www.bigstamping.com\/wp-content\/uploads\/2020\/08\/tinta-stazon-ultramarine.jpg\",\"width\":1500,\"height\":1500,\"caption\":\"Schnell trocknende Tinte Stazon Ultramarinblau\"},{\"@type\":\"BreadcrumbList\",\"@id\":\"https:\/\/www.bigstamping.com\/de\/producto\/mehrflachige-schnell-trocknende-tinte\/#breadcrumb\",\"itemListElement\":[{\"@type\":\"ListItem\",\"position\":1,\"name\":\"Portada\",\"item\":\"https:\/\/www.bigstamping.com\/\"},{\"@type\":\"ListItem\",\"position\":2,\"name\":\"Schnell trocknende Mehrfl\u00e4chentinten (f\u00fcr MiniStamps)\"}]},{\"@type\":\"WebSite\",\"@id\":\"https:\/\/www.bigstamping.com\/#website\",\"url\":\"https:\/\/www.bigstamping.com\/\",\"name\":\"BigStamping\",\"description\":\"Sellos de gran tama\u00f1o para stampear\",\"publisher\":{\"@id\":\"https:\/\/www.bigstamping.com\/#organization\"},\"potentialAction\":[{\"@type\":\"SearchAction\",\"target\":{\"@type\":\"EntryPoint\",\"urlTemplate\":\"https:\/\/www.bigstamping.com\/?s={search_term_string}\"},\"query-input\":{\"@type\":\"PropertyValueSpecification\",\"valueRequired\":true,\"valueName\":\"search_term_string\"}}],\"inLanguage\":\"de\"},{\"@type\":\"Organization\",\"@id\":\"https:\/\/www.bigstamping.com\/#organization\",\"name\":\"BigStamping\",\"url\":\"https:\/\/www.bigstamping.com\/\",\"logo\":{\"@type\":\"ImageObject\",\"inLanguage\":\"de\",\"@id\":\"https:\/\/www.bigstamping.com\/#\/schema\/logo\/image\/\",\"url\":\"https:\/\/www.bigstamping.com\/wp-content\/uploads\/2018\/12\/big-stamper-amarillo.jpg\",\"contentUrl\":\"https:\/\/www.bigstamping.com\/wp-content\/uploads\/2018\/12\/big-stamper-amarillo.jpg\",\"width\":293,\"height\":300,\"caption\":\"BigStamping\"},\"image\":{\"@id\":\"https:\/\/www.bigstamping.com\/#\/schema\/logo\/image\/\"},\"sameAs\":[\"https:\/\/www.facebook.com\/Bigstamping-241206903231462\/\",\"https:\/\/x.com\/Bigstamping\",\"https:\/\/www.instagram.com\/bigstamping\/\",\"https:\/\/www.youtube.com\/channel\/UC_l3jNsBYYC-Ds9pzcZy_Vg\"]}]}<\/script>\n<!-- \/ Yoast SEO plugin. -->","yoast_head_json":{"title":"Schnell trocknende Mehrfl\u00e4chentinten (f\u00fcr MiniStamps) - BigStamping","description":"Schnell trocknende Druckfarben zum Stempeln Ihrer Marke oder Ihres Designs auf Oberfl\u00e4chen wie Kunststoff, Glas, Metall, Ton, Leder usw.","robots":{"index":"index","follow":"follow","max-snippet":"max-snippet:-1","max-image-preview":"max-image-preview:large","max-video-preview":"max-video-preview:-1"},"canonical":"https:\/\/www.bigstamping.com\/de\/producto\/mehrflachige-schnell-trocknende-tinte\/","og_locale":"de_DE","og_type":"article","og_title":"Schnell trocknende Mehrfl\u00e4chentinten (f\u00fcr MiniStamps) - BigStamping","og_description":"Schnell trocknende Druckfarben zum Stempeln Ihrer Marke oder Ihres Designs auf Oberfl\u00e4chen wie Kunststoff, Glas, Metall, Ton, Leder usw.","og_url":"https:\/\/www.bigstamping.com\/de\/producto\/mehrflachige-schnell-trocknende-tinte\/","og_site_name":"BigStamping","article_publisher":"https:\/\/www.facebook.com\/Bigstamping-241206903231462\/","article_modified_time":"2024-06-10T09:52:46+00:00","og_image":[{"width":1500,"height":1500,"url":"https:\/\/www.bigstamping.com\/wp-content\/uploads\/2020\/08\/tinta-stazon-ultramarine.jpg","type":"image\/jpeg"}],"twitter_card":"summary_large_image","twitter_site":"@Bigstamping","twitter_misc":{"Gesch\u00e4tzte Lesezeit":"1\u00a0Minute"},"schema":{"@context":"https:\/\/schema.org","@graph":[{"@type":"WebPage","@id":"https:\/\/www.bigstamping.com\/de\/producto\/mehrflachige-schnell-trocknende-tinte\/","url":"https:\/\/www.bigstamping.com\/de\/producto\/mehrflachige-schnell-trocknende-tinte\/","name":"Schnell trocknende Mehrfl\u00e4chentinten (f\u00fcr MiniStamps) - BigStamping","isPartOf":{"@id":"https:\/\/www.bigstamping.com\/#website"},"primaryImageOfPage":{"@id":"https:\/\/www.bigstamping.com\/de\/producto\/mehrflachige-schnell-trocknende-tinte\/#primaryimage"},"image":{"@id":"https:\/\/www.bigstamping.com\/de\/producto\/mehrflachige-schnell-trocknende-tinte\/#primaryimage"},"thumbnailUrl":"https:\/\/www.bigstamping.com\/wp-content\/uploads\/2020\/08\/tinta-stazon-ultramarine.jpg","datePublished":"2020-08-18T10:00:44+00:00","dateModified":"2024-06-10T09:52:46+00:00","description":"Schnell trocknende Druckfarben zum Stempeln Ihrer Marke oder Ihres Designs auf Oberfl\u00e4chen wie Kunststoff, Glas, Metall, Ton, Leder usw.","breadcrumb":{"@id":"https:\/\/www.bigstamping.com\/de\/producto\/mehrflachige-schnell-trocknende-tinte\/#breadcrumb"},"inLanguage":"de","potentialAction":[{"@type":"ReadAction","target":["https:\/\/www.bigstamping.com\/de\/producto\/mehrflachige-schnell-trocknende-tinte\/"]}]},{"@type":"ImageObject","inLanguage":"de","@id":"https:\/\/www.bigstamping.com\/de\/producto\/mehrflachige-schnell-trocknende-tinte\/#primaryimage","url":"https:\/\/www.bigstamping.com\/wp-content\/uploads\/2020\/08\/tinta-stazon-ultramarine.jpg","contentUrl":"https:\/\/www.bigstamping.com\/wp-content\/uploads\/2020\/08\/tinta-stazon-ultramarine.jpg","width":1500,"height":1500,"caption":"Schnell trocknende Tinte Stazon Ultramarinblau"},{"@type":"BreadcrumbList","@id":"https:\/\/www.bigstamping.com\/de\/producto\/mehrflachige-schnell-trocknende-tinte\/#breadcrumb","itemListElement":[{"@type":"ListItem","position":1,"name":"Portada","item":"https:\/\/www.bigstamping.com\/"},{"@type":"ListItem","position":2,"name":"Schnell trocknende Mehrfl\u00e4chentinten (f\u00fcr MiniStamps)"}]},{"@type":"WebSite","@id":"https:\/\/www.bigstamping.com\/#website","url":"https:\/\/www.bigstamping.com\/","name":"BigStamping","description":"Sellos de gran tama\u00f1o para stampear","publisher":{"@id":"https:\/\/www.bigstamping.com\/#organization"},"potentialAction":[{"@type":"SearchAction","target":{"@type":"EntryPoint","urlTemplate":"https:\/\/www.bigstamping.com\/?s={search_term_string}"},"query-input":{"@type":"PropertyValueSpecification","valueRequired":true,"valueName":"search_term_string"}}],"inLanguage":"de"},{"@type":"Organization","@id":"https:\/\/www.bigstamping.com\/#organization","name":"BigStamping","url":"https:\/\/www.bigstamping.com\/","logo":{"@type":"ImageObject","inLanguage":"de","@id":"https:\/\/www.bigstamping.com\/#\/schema\/logo\/image\/","url":"https:\/\/www.bigstamping.com\/wp-content\/uploads\/2018\/12\/big-stamper-amarillo.jpg","contentUrl":"https:\/\/www.bigstamping.com\/wp-content\/uploads\/2018\/12\/big-stamper-amarillo.jpg","width":293,"height":300,"caption":"BigStamping"},"image":{"@id":"https:\/\/www.bigstamping.com\/#\/schema\/logo\/image\/"},"sameAs":["https:\/\/www.facebook.com\/Bigstamping-241206903231462\/","https:\/\/x.com\/Bigstamping","https:\/\/www.instagram.com\/bigstamping\/","https:\/\/www.youtube.com\/channel\/UC_l3jNsBYYC-Ds9pzcZy_Vg"]}]}},"_links":{"self":[{"href":"https:\/\/www.bigstamping.com\/de\/wp-json\/wp\/v2\/product\/17012","targetHints":{"allow":["GET"]}}],"collection":[{"href":"https:\/\/www.bigstamping.com\/de\/wp-json\/wp\/v2\/product"}],"about":[{"href":"https:\/\/www.bigstamping.com\/de\/wp-json\/wp\/v2\/types\/product"}],"version-history":[{"count":0,"href":"https:\/\/www.bigstamping.com\/de\/wp-json\/wp\/v2\/product\/17012\/revisions"}],"wp:featuredmedia":[{"embeddable":true,"href":"https:\/\/www.bigstamping.com\/de\/wp-json\/wp\/v2\/media\/16582"}],"wp:attachment":[{"href":"https:\/\/www.bigstamping.com\/de\/wp-json\/wp\/v2\/media?parent=17012"}],"wp:term":[{"taxonomy":"product_brand","embeddable":true,"href":"https:\/\/www.bigstamping.com\/de\/wp-json\/wp\/v2\/product_brand?post=17012"},{"taxonomy":"product_cat","embeddable":true,"href":"https:\/\/www.bigstamping.com\/de\/wp-json\/wp\/v2\/product_cat?post=17012"},{"taxonomy":"product_tag","embeddable":true,"href":"https:\/\/www.bigstamping.com\/de\/wp-json\/wp\/v2\/product_tag?post=17012"}],"curies":[{"name":"wp","href":"https:\/\/api.w.org\/{rel}","templated":true}]}}