{"id":419833,"date":"2020-07-08T20:14:37","date_gmt":"2020-07-08T18:14:37","guid":{"rendered":"https:\/\/www.bigstamping.com\/producto\/tinta-textil-para-ministamps\/"},"modified":"2024-06-26T19:10:40","modified_gmt":"2024-06-26T18:10:40","slug":"farbe-textil-fur-ministamps","status":"publish","type":"product","link":"https:\/\/www.bigstamping.com\/de\/producto\/farbe-textil-fur-ministamps\/","title":{"rendered":"Textiltinte (f\u00fcr MiniStamps)"},"content":{"rendered":"","protected":false},"excerpt":{"rendered":"<h2>SIE HABEN ES SO GEWOLLT! TEXTILFARBKISSEN ZUR VERWENDUNG MIT MINISTEMPELN!<\/h2>\n<p>Wir pr\u00e4sentieren Ihnen die einfachste L\u00f6sung, um Ihre Stoffe mit unseren kleinen Stempeln zu bedrucken.<\/p>\n[acordeon_personalizado]<\/p>\n<p>[pestana_acordeon_personalizado titulo=\"Was genau ist Versacraft Textilfarbe?\"]<\/p>\n<p>Hierbei handelt es sich um eine spezielle Tinte zur Verwendung auf Textilien. Hierbei handelt es sich um eine Textilfarbe auf Wasserbasis im Stempelkissenformat (7,5 x 4,5 cm \/ 2,95 x 1,77 Zoll),<strong> die sich perfekt f\u00fcr unsere MiniStamps (kleine Stempel) eignet.<\/strong><\/p>\n<p>[\/pestana_acordeon_personalizado]<\/p>\n<p>[pestana_acordeon_personalizado titulo=\"Wie verwende ich es?\"]<\/p>\n<p>Nach dem Auftragen 2 Stunden lang trocknen lassen und dann den Druck auf der R\u00fcckseite b\u00fcgeln oder mit einer W\u00e4rmequelle fixieren.<\/p>\n<p><strong>Versacraft Textilfarbkissen <\/strong> sind f\u00fcr verschiedene Stoffe wie Baumwolle, Leinen, Seide, Rayon oder Polyester geeignet.<\/p>\n<p>Es kann auch auf Oberfl\u00e4chen wie Naturholz, Leder, Papier oder unglasierte Keramik aufgetragen werden.<\/p>\n<p>Nach dem B\u00fcgeln kann der Stoff bei 30\u00b0C gewaschen werden, ohne dass die Farbe abf\u00e4rbt. Gro\u00dfartig, nicht wahr?<\/p>\n<p>W\u00e4hlen Sie aus den von uns vorgeschlagenen Farben und denken Sie daran, bedruckte Kleidungsst\u00fccke nicht im Trockner zu trocknen!<\/p>\n<p>[\/pestana_acordeon_personalizado]<\/p>\n<p>[pestana_acordeon_personalizado titulo=\"Wie kann ich bestellen?\"]<\/p>\n<p>Um dieses Produkt zu bestellen, w\u00e4hlen Sie einfach Ihre Lieblingsfarbe, w\u00e4hlen Sie die Menge (standardm\u00e4\u00dfig ist eine Einheit ausgew\u00e4hlt) und klicken Sie auf die Schaltfl\u00e4che &#8222;In den Warenkorb&#8220;. Diese Art von Tinte ist nicht in den Kits enthalten, aber Sie k\u00f6nnen die gew\u00fcnschten Mengen und Farben bestellen, indem Sie den gleichen Vorgang wiederholen. \ud83d\ude09<\/p>\n<p><strong>&#8211; Akzeptierte Zahlungsarten: Debit-\/Kreditkarten und Paypal.<\/strong><\/p>\n<p>[\/pestana_acordeon_personalizado]<\/p>\n<p>[pestana_acordeon_personalizado titulo=\"Lieferzeiten und Lieferkosten\"]<\/p>\n<p>Wir versenden in alle L\u00e4nder der Europ\u00e4ischen Wirtschaftsgemeinschaft. Wir liefern auch in die Vereinigten Staaten, das Vereinigte K\u00f6nigreich, die T\u00fcrkei, die Schweiz, Kanada, Australien, Chile, die Vereinigten Arabischen Emirate und Japan.<\/p>\n<p><strong>Liefertermine<\/strong><\/p>\n<p>Wenn Sie Ihre Bestellung aufgeben und es keine Probleme mit dem Entwurf gibt, dauert es etwa <strong>7 bis 15 Arbeitstage<\/strong>, bis Ihre Bestellung geliefert wird.<\/p>\n<p><span style=\"text-decoration: underline;\"><strong>*HINWEIS:<\/strong><\/span> Wir sind nicht verantwortlich f\u00fcr Verz\u00f6gerungen, die durch Transportunternehmen oder Kontrollinstanzen verursacht werden.<\/p>\n<p><strong>Kosten der Sendungen<\/strong><\/p>\n<p>Die Versandkosten werden automatisch von der Website je nach Land und den in den Warenkorb gelegten Artikeln berechnet.<\/p>\n<p>Je nach Lieferort erhalten Sie ab 190 \u20ac kostenlosen Versand. Genauere Informationen zu den Versandkosten und den Betr\u00e4gen, die f\u00fcr eine kostenlose Lieferung erforderlich sind, finden <a href=\"https:\/\/www.bigstamping.com\/de\/faq\/\">Sie im Abschnitt FAQ<\/a> und in den Bedingungen f\u00fcr Ihre Adresse.<\/p>\n<p>[\/pestana_acordeon_personalizado]<\/p>\n<p>[\/acordeon_personalizado]\n","protected":false},"featured_media":419710,"template":"","meta":{"_acf_changed":false,"_genesis_hide_title":false,"_genesis_hide_breadcrumbs":false,"_genesis_hide_singular_image":false,"_genesis_hide_footer_widgets":false,"_genesis_custom_body_class":"","_genesis_custom_post_class":"","_genesis_layout":""},"product_brand":[],"product_cat":[138],"product_tag":[],"class_list":{"0":"post-419833","1":"product","2":"type-product","3":"status-publish","4":"has-post-thumbnail","6":"product_cat-accessoires","7":"entry","9":"first","10":"instock","11":"taxable","12":"shipping-taxable","13":"purchasable","14":"product-type-variable"},"acf":[],"yoast_head":"<!-- This site is optimized with the Yoast SEO plugin v26.7 - https:\/\/yoast.com\/wordpress\/plugins\/seo\/ -->\n<title>Textiltinte (f\u00fcr MiniStamps) - BigStamping<\/title>\n<meta name=\"description\" content=\"Textilfarbkissen perfekt f\u00fcr kleine Stempel. Personalisierung von Kleidungsst\u00fccken und auch auf Naturholz, Leder, Papier oder unglasierter Keramik.\" \/>\n<meta name=\"robots\" content=\"index, follow, max-snippet:-1, max-image-preview:large, max-video-preview:-1\" \/>\n<link rel=\"canonical\" href=\"https:\/\/www.bigstamping.com\/de\/producto\/farbe-textil-fur-ministamps\/\" \/>\n<meta property=\"og:locale\" content=\"de_DE\" \/>\n<meta property=\"og:type\" content=\"article\" \/>\n<meta property=\"og:title\" content=\"Textiltinte (f\u00fcr MiniStamps) - BigStamping\" \/>\n<meta property=\"og:description\" content=\"Textilfarbkissen perfekt f\u00fcr kleine Stempel. Personalisierung von Kleidungsst\u00fccken und auch auf Naturholz, Leder, Papier oder unglasierter Keramik.\" \/>\n<meta property=\"og:url\" content=\"https:\/\/www.bigstamping.com\/de\/producto\/farbe-textil-fur-ministamps\/\" \/>\n<meta property=\"og:site_name\" content=\"BigStamping\" \/>\n<meta property=\"article:publisher\" content=\"https:\/\/www.facebook.com\/Bigstamping-241206903231462\/\" \/>\n<meta property=\"article:modified_time\" content=\"2024-06-26T18:10:40+00:00\" \/>\n<meta property=\"og:image\" content=\"https:\/\/www.bigstamping.com\/wp-content\/uploads\/2023\/02\/portada-tinta-versacraf.jpg\" \/>\n\t<meta property=\"og:image:width\" content=\"300\" \/>\n\t<meta property=\"og:image:height\" content=\"300\" \/>\n\t<meta property=\"og:image:type\" content=\"image\/jpeg\" \/>\n<meta name=\"twitter:card\" content=\"summary_large_image\" \/>\n<meta name=\"twitter:site\" content=\"@Bigstamping\" \/>\n<meta name=\"twitter:label1\" content=\"Gesch\u00e4tzte Lesezeit\" \/>\n\t<meta name=\"twitter:data1\" content=\"1\u00a0Minute\" \/>\n<script type=\"application\/ld+json\" class=\"yoast-schema-graph\">{\"@context\":\"https:\/\/schema.org\",\"@graph\":[{\"@type\":\"WebPage\",\"@id\":\"https:\/\/www.bigstamping.com\/de\/producto\/farbe-textil-fur-ministamps\/\",\"url\":\"https:\/\/www.bigstamping.com\/de\/producto\/farbe-textil-fur-ministamps\/\",\"name\":\"Textiltinte (f\u00fcr MiniStamps) - BigStamping\",\"isPartOf\":{\"@id\":\"https:\/\/www.bigstamping.com\/#website\"},\"primaryImageOfPage\":{\"@id\":\"https:\/\/www.bigstamping.com\/de\/producto\/farbe-textil-fur-ministamps\/#primaryimage\"},\"image\":{\"@id\":\"https:\/\/www.bigstamping.com\/de\/producto\/farbe-textil-fur-ministamps\/#primaryimage\"},\"thumbnailUrl\":\"https:\/\/www.bigstamping.com\/wp-content\/uploads\/2023\/02\/portada-tinta-versacraf.jpg\",\"datePublished\":\"2020-07-08T18:14:37+00:00\",\"dateModified\":\"2024-06-26T18:10:40+00:00\",\"description\":\"Textilfarbkissen perfekt f\u00fcr kleine Stempel. Personalisierung von Kleidungsst\u00fccken und auch auf Naturholz, Leder, Papier oder unglasierter Keramik.\",\"breadcrumb\":{\"@id\":\"https:\/\/www.bigstamping.com\/de\/producto\/farbe-textil-fur-ministamps\/#breadcrumb\"},\"inLanguage\":\"de\",\"potentialAction\":[{\"@type\":\"ReadAction\",\"target\":[\"https:\/\/www.bigstamping.com\/de\/producto\/farbe-textil-fur-ministamps\/\"]}]},{\"@type\":\"ImageObject\",\"inLanguage\":\"de\",\"@id\":\"https:\/\/www.bigstamping.com\/de\/producto\/farbe-textil-fur-ministamps\/#primaryimage\",\"url\":\"https:\/\/www.bigstamping.com\/wp-content\/uploads\/2023\/02\/portada-tinta-versacraf.jpg\",\"contentUrl\":\"https:\/\/www.bigstamping.com\/wp-content\/uploads\/2023\/02\/portada-tinta-versacraf.jpg\",\"width\":300,\"height\":300,\"caption\":\"Tinta amarilla para tejidos en almohadilla\"},{\"@type\":\"BreadcrumbList\",\"@id\":\"https:\/\/www.bigstamping.com\/de\/producto\/farbe-textil-fur-ministamps\/#breadcrumb\",\"itemListElement\":[{\"@type\":\"ListItem\",\"position\":1,\"name\":\"Portada\",\"item\":\"https:\/\/www.bigstamping.com\/\"},{\"@type\":\"ListItem\",\"position\":2,\"name\":\"Textiltinte (f\u00fcr MiniStamps)\"}]},{\"@type\":\"WebSite\",\"@id\":\"https:\/\/www.bigstamping.com\/#website\",\"url\":\"https:\/\/www.bigstamping.com\/\",\"name\":\"BigStamping\",\"description\":\"Sellos de gran tama\u00f1o para stampear\",\"publisher\":{\"@id\":\"https:\/\/www.bigstamping.com\/#organization\"},\"potentialAction\":[{\"@type\":\"SearchAction\",\"target\":{\"@type\":\"EntryPoint\",\"urlTemplate\":\"https:\/\/www.bigstamping.com\/?s={search_term_string}\"},\"query-input\":{\"@type\":\"PropertyValueSpecification\",\"valueRequired\":true,\"valueName\":\"search_term_string\"}}],\"inLanguage\":\"de\"},{\"@type\":\"Organization\",\"@id\":\"https:\/\/www.bigstamping.com\/#organization\",\"name\":\"BigStamping\",\"url\":\"https:\/\/www.bigstamping.com\/\",\"logo\":{\"@type\":\"ImageObject\",\"inLanguage\":\"de\",\"@id\":\"https:\/\/www.bigstamping.com\/#\/schema\/logo\/image\/\",\"url\":\"https:\/\/www.bigstamping.com\/wp-content\/uploads\/2018\/12\/big-stamper-amarillo.jpg\",\"contentUrl\":\"https:\/\/www.bigstamping.com\/wp-content\/uploads\/2018\/12\/big-stamper-amarillo.jpg\",\"width\":293,\"height\":300,\"caption\":\"BigStamping\"},\"image\":{\"@id\":\"https:\/\/www.bigstamping.com\/#\/schema\/logo\/image\/\"},\"sameAs\":[\"https:\/\/www.facebook.com\/Bigstamping-241206903231462\/\",\"https:\/\/x.com\/Bigstamping\",\"https:\/\/www.instagram.com\/bigstamping\/\",\"https:\/\/www.youtube.com\/channel\/UC_l3jNsBYYC-Ds9pzcZy_Vg\"]}]}<\/script>\n<!-- \/ Yoast SEO plugin. -->","yoast_head_json":{"title":"Textiltinte (f\u00fcr MiniStamps) - BigStamping","description":"Textilfarbkissen perfekt f\u00fcr kleine Stempel. Personalisierung von Kleidungsst\u00fccken und auch auf Naturholz, Leder, Papier oder unglasierter Keramik.","robots":{"index":"index","follow":"follow","max-snippet":"max-snippet:-1","max-image-preview":"max-image-preview:large","max-video-preview":"max-video-preview:-1"},"canonical":"https:\/\/www.bigstamping.com\/de\/producto\/farbe-textil-fur-ministamps\/","og_locale":"de_DE","og_type":"article","og_title":"Textiltinte (f\u00fcr MiniStamps) - BigStamping","og_description":"Textilfarbkissen perfekt f\u00fcr kleine Stempel. Personalisierung von Kleidungsst\u00fccken und auch auf Naturholz, Leder, Papier oder unglasierter Keramik.","og_url":"https:\/\/www.bigstamping.com\/de\/producto\/farbe-textil-fur-ministamps\/","og_site_name":"BigStamping","article_publisher":"https:\/\/www.facebook.com\/Bigstamping-241206903231462\/","article_modified_time":"2024-06-26T18:10:40+00:00","og_image":[{"width":300,"height":300,"url":"https:\/\/www.bigstamping.com\/wp-content\/uploads\/2023\/02\/portada-tinta-versacraf.jpg","type":"image\/jpeg"}],"twitter_card":"summary_large_image","twitter_site":"@Bigstamping","twitter_misc":{"Gesch\u00e4tzte Lesezeit":"1\u00a0Minute"},"schema":{"@context":"https:\/\/schema.org","@graph":[{"@type":"WebPage","@id":"https:\/\/www.bigstamping.com\/de\/producto\/farbe-textil-fur-ministamps\/","url":"https:\/\/www.bigstamping.com\/de\/producto\/farbe-textil-fur-ministamps\/","name":"Textiltinte (f\u00fcr MiniStamps) - BigStamping","isPartOf":{"@id":"https:\/\/www.bigstamping.com\/#website"},"primaryImageOfPage":{"@id":"https:\/\/www.bigstamping.com\/de\/producto\/farbe-textil-fur-ministamps\/#primaryimage"},"image":{"@id":"https:\/\/www.bigstamping.com\/de\/producto\/farbe-textil-fur-ministamps\/#primaryimage"},"thumbnailUrl":"https:\/\/www.bigstamping.com\/wp-content\/uploads\/2023\/02\/portada-tinta-versacraf.jpg","datePublished":"2020-07-08T18:14:37+00:00","dateModified":"2024-06-26T18:10:40+00:00","description":"Textilfarbkissen perfekt f\u00fcr kleine Stempel. Personalisierung von Kleidungsst\u00fccken und auch auf Naturholz, Leder, Papier oder unglasierter Keramik.","breadcrumb":{"@id":"https:\/\/www.bigstamping.com\/de\/producto\/farbe-textil-fur-ministamps\/#breadcrumb"},"inLanguage":"de","potentialAction":[{"@type":"ReadAction","target":["https:\/\/www.bigstamping.com\/de\/producto\/farbe-textil-fur-ministamps\/"]}]},{"@type":"ImageObject","inLanguage":"de","@id":"https:\/\/www.bigstamping.com\/de\/producto\/farbe-textil-fur-ministamps\/#primaryimage","url":"https:\/\/www.bigstamping.com\/wp-content\/uploads\/2023\/02\/portada-tinta-versacraf.jpg","contentUrl":"https:\/\/www.bigstamping.com\/wp-content\/uploads\/2023\/02\/portada-tinta-versacraf.jpg","width":300,"height":300,"caption":"Tinta amarilla para tejidos en almohadilla"},{"@type":"BreadcrumbList","@id":"https:\/\/www.bigstamping.com\/de\/producto\/farbe-textil-fur-ministamps\/#breadcrumb","itemListElement":[{"@type":"ListItem","position":1,"name":"Portada","item":"https:\/\/www.bigstamping.com\/"},{"@type":"ListItem","position":2,"name":"Textiltinte (f\u00fcr MiniStamps)"}]},{"@type":"WebSite","@id":"https:\/\/www.bigstamping.com\/#website","url":"https:\/\/www.bigstamping.com\/","name":"BigStamping","description":"Sellos de gran tama\u00f1o para stampear","publisher":{"@id":"https:\/\/www.bigstamping.com\/#organization"},"potentialAction":[{"@type":"SearchAction","target":{"@type":"EntryPoint","urlTemplate":"https:\/\/www.bigstamping.com\/?s={search_term_string}"},"query-input":{"@type":"PropertyValueSpecification","valueRequired":true,"valueName":"search_term_string"}}],"inLanguage":"de"},{"@type":"Organization","@id":"https:\/\/www.bigstamping.com\/#organization","name":"BigStamping","url":"https:\/\/www.bigstamping.com\/","logo":{"@type":"ImageObject","inLanguage":"de","@id":"https:\/\/www.bigstamping.com\/#\/schema\/logo\/image\/","url":"https:\/\/www.bigstamping.com\/wp-content\/uploads\/2018\/12\/big-stamper-amarillo.jpg","contentUrl":"https:\/\/www.bigstamping.com\/wp-content\/uploads\/2018\/12\/big-stamper-amarillo.jpg","width":293,"height":300,"caption":"BigStamping"},"image":{"@id":"https:\/\/www.bigstamping.com\/#\/schema\/logo\/image\/"},"sameAs":["https:\/\/www.facebook.com\/Bigstamping-241206903231462\/","https:\/\/x.com\/Bigstamping","https:\/\/www.instagram.com\/bigstamping\/","https:\/\/www.youtube.com\/channel\/UC_l3jNsBYYC-Ds9pzcZy_Vg"]}]}},"_links":{"self":[{"href":"https:\/\/www.bigstamping.com\/de\/wp-json\/wp\/v2\/product\/419833","targetHints":{"allow":["GET"]}}],"collection":[{"href":"https:\/\/www.bigstamping.com\/de\/wp-json\/wp\/v2\/product"}],"about":[{"href":"https:\/\/www.bigstamping.com\/de\/wp-json\/wp\/v2\/types\/product"}],"version-history":[{"count":0,"href":"https:\/\/www.bigstamping.com\/de\/wp-json\/wp\/v2\/product\/419833\/revisions"}],"wp:featuredmedia":[{"embeddable":true,"href":"https:\/\/www.bigstamping.com\/de\/wp-json\/wp\/v2\/media\/419710"}],"wp:attachment":[{"href":"https:\/\/www.bigstamping.com\/de\/wp-json\/wp\/v2\/media?parent=419833"}],"wp:term":[{"taxonomy":"product_brand","embeddable":true,"href":"https:\/\/www.bigstamping.com\/de\/wp-json\/wp\/v2\/product_brand?post=419833"},{"taxonomy":"product_cat","embeddable":true,"href":"https:\/\/www.bigstamping.com\/de\/wp-json\/wp\/v2\/product_cat?post=419833"},{"taxonomy":"product_tag","embeddable":true,"href":"https:\/\/www.bigstamping.com\/de\/wp-json\/wp\/v2\/product_tag?post=419833"}],"curies":[{"name":"wp","href":"https:\/\/api.w.org\/{rel}","templated":true}]}}