{"id":3431,"date":"2018-11-27T11:21:51","date_gmt":"2018-11-27T11:21:51","guid":{"rendered":"https:\/\/www.bigstamping.com\/consejos-archivos\/"},"modified":"2024-06-14T17:49:33","modified_gmt":"2024-06-14T16:49:33","slug":"conseils-envoi-fichiers","status":"publish","type":"page","link":"https:\/\/www.bigstamping.com\/fr\/conseils-envoi-fichiers\/","title":{"rendered":"Conseils pour l&rsquo;envoi de fichiers"},"content":{"rendered":"\t\t<div data-elementor-type=\"wp-post\" data-elementor-id=\"3431\" class=\"elementor elementor-3431 elementor-89\" data-elementor-post-type=\"page\">\n\t\t\t\t\t\t<section class=\"elementor-section elementor-top-section elementor-element elementor-element-4091dd0 elementor-section-full_width elementor-section-height-default elementor-section-height-default\" data-id=\"4091dd0\" data-element_type=\"section\" data-settings=\"{&quot;background_background&quot;:&quot;classic&quot;}\">\n\t\t\t\t\t\t<div class=\"elementor-container elementor-column-gap-no\">\n\t\t\t\t\t<div class=\"elementor-column elementor-col-100 elementor-top-column elementor-element elementor-element-d43b9b0\" data-id=\"d43b9b0\" data-element_type=\"column\">\n\t\t\t<div class=\"elementor-widget-wrap elementor-element-populated\">\n\t\t\t\t\t\t<div class=\"elementor-element elementor-element-71f6f3e elementor-widget elementor-widget-heading\" data-id=\"71f6f3e\" data-element_type=\"widget\" data-widget_type=\"heading.default\">\n\t\t\t\t<div class=\"elementor-widget-container\">\n\t\t\t\t\t<h1 class=\"elementor-heading-title elementor-size-default\">Instructions d'exp\u00e9dition<\/h1>\t\t\t\t<\/div>\n\t\t\t\t<\/div>\n\t\t\t\t<div class=\"elementor-element elementor-element-dfaf57b elementor-widget elementor-widget-text-editor\" data-id=\"dfaf57b\" data-element_type=\"widget\" data-widget_type=\"text-editor.default\">\n\t\t\t\t<div class=\"elementor-widget-container\">\n\t\t\t\t\t\t\t\t\t<p>Pour \u00eatre un nouveau Stamper,<br \/>il vous suffit d&rsquo;envoyer votre design<\/p>\n\t\t\t\t\t\t\t\t<\/div>\n\t\t\t\t<\/div>\n\t\t\t\t<div class=\"elementor-element elementor-element-98447a7 elementor-widget elementor-widget-image\" data-id=\"98447a7\" data-element_type=\"widget\" data-widget_type=\"image.default\">\n\t\t\t\t<div class=\"elementor-widget-container\">\n\t\t\t\t\t\t\t\t\t\t\t\t\t\t\t<img decoding=\"async\" width=\"7\" height=\"30\" src=\"https:\/\/www.bigstamping.com\/wp-content\/uploads\/2018\/11\/flecha-down.png\" class=\"attachment-large size-large wp-image-2719\" alt=\"\" \/>\t\t\t\t\t\t\t\t\t\t\t\t\t\t\t<\/div>\n\t\t\t\t<\/div>\n\t\t\t\t<section class=\"elementor-section elementor-inner-section elementor-element elementor-element-457e9a3 elementor-section-boxed elementor-section-height-default elementor-section-height-default\" data-id=\"457e9a3\" data-element_type=\"section\">\n\t\t\t\t\t\t<div class=\"elementor-container elementor-column-gap-default\">\n\t\t\t\t\t<div class=\"elementor-column elementor-col-50 elementor-inner-column elementor-element elementor-element-116bf14\" data-id=\"116bf14\" data-element_type=\"column\">\n\t\t\t<div class=\"elementor-widget-wrap elementor-element-populated\">\n\t\t\t\t\t\t<div class=\"elementor-element elementor-element-9b418f5 elementor-widget elementor-widget-text-editor\" data-id=\"9b418f5\" data-element_type=\"widget\" data-widget_type=\"text-editor.default\">\n\t\t\t\t<div class=\"elementor-widget-container\">\n\t\t\t\t\t\t\t\t\t<p>Formats accept\u00e9s pour les dessins vectoriels:<\/p>\n\t\t\t\t\t\t\t\t<\/div>\n\t\t\t\t<\/div>\n\t\t\t\t\t<\/div>\n\t\t<\/div>\n\t\t\t\t<div class=\"elementor-column elementor-col-50 elementor-inner-column elementor-element elementor-element-1ed565c\" data-id=\"1ed565c\" data-element_type=\"column\">\n\t\t\t<div class=\"elementor-widget-wrap elementor-element-populated\">\n\t\t\t\t\t\t<div class=\"elementor-element elementor-element-7d263aa elementor-widget elementor-widget-image\" data-id=\"7d263aa\" data-element_type=\"widget\" data-widget_type=\"image.default\">\n\t\t\t\t<div class=\"elementor-widget-container\">\n\t\t\t\t\t\t\t\t\t\t\t\t\t\t\t<img decoding=\"async\" width=\"338\" height=\"74\" src=\"https:\/\/www.bigstamping.com\/wp-content\/uploads\/2018\/11\/iconos-formatos-1.png\" class=\"attachment-large size-large wp-image-2720\" alt=\"Ic\u00f4nes de formats Bigstamping\" srcset=\"https:\/\/www.bigstamping.com\/wp-content\/uploads\/2018\/11\/iconos-formatos-1.png 338w, https:\/\/www.bigstamping.com\/wp-content\/uploads\/2018\/11\/iconos-formatos-1-300x66.png 300w\" sizes=\"(max-width: 338px) 100vw, 338px\" \/>\t\t\t\t\t\t\t\t\t\t\t\t\t\t\t<\/div>\n\t\t\t\t<\/div>\n\t\t\t\t\t<\/div>\n\t\t<\/div>\n\t\t\t\t\t<\/div>\n\t\t<\/section>\n\t\t\t\t<section class=\"elementor-section elementor-inner-section elementor-element elementor-element-a0dd824 elementor-section-boxed elementor-section-height-default elementor-section-height-default\" data-id=\"a0dd824\" data-element_type=\"section\">\n\t\t\t\t\t\t<div class=\"elementor-container elementor-column-gap-default\">\n\t\t\t\t\t<div class=\"elementor-column elementor-col-50 elementor-inner-column elementor-element elementor-element-cdfd977\" data-id=\"cdfd977\" data-element_type=\"column\">\n\t\t\t<div class=\"elementor-widget-wrap elementor-element-populated\">\n\t\t\t\t\t\t<div class=\"elementor-element elementor-element-c236309 elementor-widget elementor-widget-text-editor\" data-id=\"c236309\" data-element_type=\"widget\" data-widget_type=\"text-editor.default\">\n\t\t\t\t<div class=\"elementor-widget-container\">\n\t\t\t\t\t\t\t\t\t<p>Formats accept\u00e9s pour les images:<\/p>\n\t\t\t\t\t\t\t\t<\/div>\n\t\t\t\t<\/div>\n\t\t\t\t\t<\/div>\n\t\t<\/div>\n\t\t\t\t<div class=\"elementor-column elementor-col-50 elementor-inner-column elementor-element elementor-element-b513078\" data-id=\"b513078\" data-element_type=\"column\">\n\t\t\t<div class=\"elementor-widget-wrap elementor-element-populated\">\n\t\t\t\t\t\t<div class=\"elementor-element elementor-element-5059ae0 elementor-widget elementor-widget-image\" data-id=\"5059ae0\" data-element_type=\"widget\" data-widget_type=\"image.default\">\n\t\t\t\t<div class=\"elementor-widget-container\">\n\t\t\t\t\t\t\t\t\t\t\t\t\t\t\t<img decoding=\"async\" width=\"268\" height=\"74\" src=\"https:\/\/www.bigstamping.com\/wp-content\/uploads\/2018\/11\/icono-formatos-2.png\" class=\"attachment-large size-large wp-image-2721\" alt=\"Conseils pour l&#039;envoi de fichiers\" \/>\t\t\t\t\t\t\t\t\t\t\t\t\t\t\t<\/div>\n\t\t\t\t<\/div>\n\t\t\t\t\t<\/div>\n\t\t<\/div>\n\t\t\t\t\t<\/div>\n\t\t<\/section>\n\t\t\t\t<div class=\"elementor-element elementor-element-1103181 elementor-widget elementor-widget-text-editor\" data-id=\"1103181\" data-element_type=\"widget\" data-widget_type=\"text-editor.default\">\n\t\t\t\t<div class=\"elementor-widget-container\">\n\t\t\t\t\t\t\t\t\t<p>Le meilleur format pour envoyer une image est un Tiff mais s&rsquo;il est tr\u00e8s lourd, essayez JPG.<br \/>Bien s\u00fbr, essayez toujours d&rsquo;avoir la taille finale, une encre et une r\u00e9solution de 300 dpi.<\/p>\n\t\t\t\t\t\t\t\t<\/div>\n\t\t\t\t<\/div>\n\t\t\t\t<div class=\"elementor-element elementor-element-ec889ac elementor-align-center elementor-mobile-align-center elementor-widget elementor-widget-button\" data-id=\"ec889ac\" data-element_type=\"widget\" data-widget_type=\"button.default\">\n\t\t\t\t<div class=\"elementor-widget-container\">\n\t\t\t\t\t\t\t\t\t<div class=\"elementor-button-wrapper\">\n\t\t\t\t\t<a class=\"elementor-button elementor-button-link elementor-size-sm elementor-animation-shrink\" href=\"#elementor-action%3Aaction%3Dpopup%3Aopen%26settings%3DeyJpZCI6NDM2OTksInRvZ2dsZSI6ZmFsc2V9\" target=\"_blank\">\n\t\t\t\t\t\t<span class=\"elementor-button-content-wrapper\">\n\t\t\t\t\t\t\t\t\t<span class=\"elementor-button-text\">Comment puis-je savoir si mon dessin est<br>bon ou mauvais ?<\/span>\n\t\t\t\t\t<\/span>\n\t\t\t\t\t<\/a>\n\t\t\t\t<\/div>\n\t\t\t\t\t\t\t\t<\/div>\n\t\t\t\t<\/div>\n\t\t\t\t<div class=\"elementor-element elementor-element-6f5b123 elementor-widget elementor-widget-heading\" data-id=\"6f5b123\" data-element_type=\"widget\" data-widget_type=\"heading.default\">\n\t\t\t\t<div class=\"elementor-widget-container\">\n\t\t\t\t\t<h2 class=\"elementor-heading-title elementor-size-default\">Conseils de base<\/h2>\t\t\t\t<\/div>\n\t\t\t\t<\/div>\n\t\t\t\t<div class=\"elementor-element elementor-element-690e266 elementor-widget elementor-widget-text-editor\" data-id=\"690e266\" data-element_type=\"widget\" data-widget_type=\"text-editor.default\">\n\t\t\t\t<div class=\"elementor-widget-container\">\n\t\t\t\t\t\t\t\t\t<ol>\n \t<li>\u00c9vitez d&rsquo;\u00e9crire des noms de fichiers tr\u00e8s longs ou contenant des caract\u00e8res sp\u00e9ciaux.<\/li>\n \t<li>Dans la mesure du possible, utilisez des fichiers vectoriels. Ce type de fichier\nvous permet d&rsquo;agrandir et de r\u00e9duire sans perte de qualit\u00e9.<\/li>\n \t<li>Si votre logo ou votre design est dans Word, Excel ou Publisher (petits programmes\nappropri\u00e9s \u00e0 la conception) envoyez-les au format PDF afin que le site les accepte.<\/li>\n \t<li>Pour vous aider \u00e0 importer des fichiers, nous avons \u00e9galement ajout\u00e9 des informations\nutile dans les produits o\u00f9 cela est n\u00e9cessaire (kits et joints).<\/li>\n \t<li>Lisez attentivement toutes les informations !<\/li>\n<\/ol>\t\t\t\t\t\t\t\t<\/div>\n\t\t\t\t<\/div>\n\t\t\t\t<div class=\"elementor-element elementor-element-3ca0571 elementor-widget elementor-widget-text-editor\" data-id=\"3ca0571\" data-element_type=\"widget\" data-widget_type=\"text-editor.default\">\n\t\t\t\t<div class=\"elementor-widget-container\">\n\t\t\t\t\t\t\t\t\t<p>Si nous avons des doutes sur votre projet, nous vous contacterons ou vous enverrons une premi\u00e8re esquisse.<\/p>\n\t\t\t\t\t\t\t\t<\/div>\n\t\t\t\t<\/div>\n\t\t\t\t\t<\/div>\n\t\t<\/div>\n\t\t\t\t\t<\/div>\n\t\t<\/section>\n\t\t\t\t<section class=\"elementor-section elementor-top-section elementor-element elementor-element-7891323 elementor-section-full_width elementor-section-height-min-height elementor-section-height-default elementor-section-items-middle\" data-id=\"7891323\" data-element_type=\"section\" data-settings=\"{&quot;background_background&quot;:&quot;classic&quot;}\">\n\t\t\t\t\t\t<div class=\"elementor-container elementor-column-gap-no\">\n\t\t\t\t\t<div class=\"elementor-column elementor-col-100 elementor-top-column elementor-element elementor-element-3adfb77\" data-id=\"3adfb77\" data-element_type=\"column\">\n\t\t\t<div class=\"elementor-widget-wrap\">\n\t\t\t\t\t\t\t<\/div>\n\t\t<\/div>\n\t\t\t\t\t<\/div>\n\t\t<\/section>\n\t\t\t\t<\/div>\n\t\t","protected":false},"excerpt":{"rendered":"<p>Instructions d&rsquo;exp\u00e9dition Pour \u00eatre un nouveau Stamper,il vous suffit d&rsquo;envoyer votre design Formats accept\u00e9s pour les dessins vectoriels: Formats accept\u00e9s pour les images: Le meilleur format pour envoyer une image est un Tiff mais s&rsquo;il est tr\u00e8s lourd, essayez JPG.Bien s\u00fbr, essayez toujours d&rsquo;avoir la taille finale, une encre et une r\u00e9solution de 300 dpi. [&hellip;]<\/p>\n","protected":false},"author":1,"featured_media":2712,"parent":0,"menu_order":0,"comment_status":"closed","ping_status":"closed","template":"","meta":{"_acf_changed":false,"_genesis_hide_title":false,"_genesis_hide_breadcrumbs":false,"_genesis_hide_singular_image":false,"_genesis_hide_footer_widgets":false,"_genesis_custom_body_class":"","_genesis_custom_post_class":"","_genesis_layout":"","footnotes":""},"class_list":{"0":"post-3431","1":"page","2":"type-page","3":"status-publish","4":"has-post-thumbnail","6":"entry"},"acf":[],"yoast_head":"<!-- This site is optimized with the Yoast SEO plugin v26.7 - https:\/\/yoast.com\/wordpress\/plugins\/seo\/ -->\n<title>Conseils pour l&#039;envoi de fichiers - BigStamping<\/title>\n<meta name=\"description\" content=\"Dans cette section, nous vous proposons des conseils pour l&#039;envoi de fichiers. Avec eux, nous pouvons personnaliser votre tampon Bigstamping et obtenir le r\u00e9sultat que vous recherchez\" \/>\n<meta name=\"robots\" content=\"index, follow, max-snippet:-1, max-image-preview:large, max-video-preview:-1\" \/>\n<link rel=\"canonical\" href=\"https:\/\/www.bigstamping.com\/consejos-archivos\/\" \/>\n<meta property=\"og:locale\" content=\"fr_FR\" \/>\n<meta property=\"og:type\" content=\"article\" \/>\n<meta property=\"og:title\" content=\"Conseils pour l&#039;envoi de fichiers - BigStamping\" \/>\n<meta property=\"og:description\" content=\"Dans cette section, nous vous proposons des conseils pour l&#039;envoi de fichiers. Avec eux, nous pouvons personnaliser votre tampon Bigstamping et obtenir le r\u00e9sultat que vous recherchez\" \/>\n<meta property=\"og:url\" content=\"https:\/\/www.bigstamping.com\/consejos-archivos\/\" \/>\n<meta property=\"og:site_name\" content=\"BigStamping\" \/>\n<meta property=\"article:publisher\" content=\"https:\/\/www.facebook.com\/Bigstamping-241206903231462\/\" \/>\n<meta property=\"article:modified_time\" content=\"2024-06-14T16:49:33+00:00\" \/>\n<meta property=\"og:image\" content=\"https:\/\/www.bigstamping.com\/wp-content\/uploads\/2018\/11\/big-stamping-en-bolsa.jpg\" \/>\n\t<meta property=\"og:image:width\" content=\"360\" \/>\n\t<meta property=\"og:image:height\" content=\"360\" \/>\n\t<meta property=\"og:image:type\" content=\"image\/jpeg\" \/>\n<meta name=\"twitter:card\" content=\"summary_large_image\" \/>\n<meta name=\"twitter:site\" content=\"@Bigstamping\" \/>\n<meta name=\"twitter:label1\" content=\"Dur\u00e9e de lecture estim\u00e9e\" \/>\n\t<meta name=\"twitter:data1\" content=\"2 minutes\" \/>\n<script type=\"application\/ld+json\" class=\"yoast-schema-graph\">{\"@context\":\"https:\/\/schema.org\",\"@graph\":[{\"@type\":\"WebPage\",\"@id\":\"https:\/\/www.bigstamping.com\/consejos-archivos\/\",\"url\":\"https:\/\/www.bigstamping.com\/consejos-archivos\/\",\"name\":\"Conseils pour l'envoi de fichiers - BigStamping\",\"isPartOf\":{\"@id\":\"https:\/\/www.bigstamping.com\/#website\"},\"primaryImageOfPage\":{\"@id\":\"https:\/\/www.bigstamping.com\/consejos-archivos\/#primaryimage\"},\"image\":{\"@id\":\"https:\/\/www.bigstamping.com\/consejos-archivos\/#primaryimage\"},\"thumbnailUrl\":\"https:\/\/www.bigstamping.com\/wp-content\/uploads\/2018\/11\/big-stamping-en-bolsa.jpg\",\"datePublished\":\"2018-11-27T11:21:51+00:00\",\"dateModified\":\"2024-06-14T16:49:33+00:00\",\"description\":\"Dans cette section, nous vous proposons des conseils pour l'envoi de fichiers. Avec eux, nous pouvons personnaliser votre tampon Bigstamping et obtenir le r\u00e9sultat que vous recherchez\",\"breadcrumb\":{\"@id\":\"https:\/\/www.bigstamping.com\/consejos-archivos\/#breadcrumb\"},\"inLanguage\":\"fr-FR\",\"potentialAction\":[{\"@type\":\"ReadAction\",\"target\":[\"https:\/\/www.bigstamping.com\/consejos-archivos\/\"]}]},{\"@type\":\"ImageObject\",\"inLanguage\":\"fr-FR\",\"@id\":\"https:\/\/www.bigstamping.com\/consejos-archivos\/#primaryimage\",\"url\":\"https:\/\/www.bigstamping.com\/wp-content\/uploads\/2018\/11\/big-stamping-en-bolsa.jpg\",\"contentUrl\":\"https:\/\/www.bigstamping.com\/wp-content\/uploads\/2018\/11\/big-stamping-en-bolsa.jpg\",\"width\":360,\"height\":360,\"caption\":\"Conseils pour l'envoi de fichiers\"},{\"@type\":\"BreadcrumbList\",\"@id\":\"https:\/\/www.bigstamping.com\/consejos-archivos\/#breadcrumb\",\"itemListElement\":[{\"@type\":\"ListItem\",\"position\":1,\"name\":\"Portada\",\"item\":\"https:\/\/www.bigstamping.com\/fr\/\"},{\"@type\":\"ListItem\",\"position\":2,\"name\":\"Conseils pour l&#8217;envoi de fichiers\"}]},{\"@type\":\"WebSite\",\"@id\":\"https:\/\/www.bigstamping.com\/#website\",\"url\":\"https:\/\/www.bigstamping.com\/\",\"name\":\"BigStamping\",\"description\":\"Sellos de gran tama\u00f1o para stampear\",\"publisher\":{\"@id\":\"https:\/\/www.bigstamping.com\/#organization\"},\"potentialAction\":[{\"@type\":\"SearchAction\",\"target\":{\"@type\":\"EntryPoint\",\"urlTemplate\":\"https:\/\/www.bigstamping.com\/?s={search_term_string}\"},\"query-input\":{\"@type\":\"PropertyValueSpecification\",\"valueRequired\":true,\"valueName\":\"search_term_string\"}}],\"inLanguage\":\"fr-FR\"},{\"@type\":\"Organization\",\"@id\":\"https:\/\/www.bigstamping.com\/#organization\",\"name\":\"BigStamping\",\"url\":\"https:\/\/www.bigstamping.com\/\",\"logo\":{\"@type\":\"ImageObject\",\"inLanguage\":\"fr-FR\",\"@id\":\"https:\/\/www.bigstamping.com\/#\/schema\/logo\/image\/\",\"url\":\"https:\/\/www.bigstamping.com\/wp-content\/uploads\/2018\/12\/big-stamper-amarillo.jpg\",\"contentUrl\":\"https:\/\/www.bigstamping.com\/wp-content\/uploads\/2018\/12\/big-stamper-amarillo.jpg\",\"width\":293,\"height\":300,\"caption\":\"BigStamping\"},\"image\":{\"@id\":\"https:\/\/www.bigstamping.com\/#\/schema\/logo\/image\/\"},\"sameAs\":[\"https:\/\/www.facebook.com\/Bigstamping-241206903231462\/\",\"https:\/\/x.com\/Bigstamping\",\"https:\/\/www.instagram.com\/bigstamping\/\",\"https:\/\/www.youtube.com\/channel\/UC_l3jNsBYYC-Ds9pzcZy_Vg\"]}]}<\/script>\n<!-- \/ Yoast SEO plugin. -->","yoast_head_json":{"title":"Conseils pour l'envoi de fichiers - BigStamping","description":"Dans cette section, nous vous proposons des conseils pour l'envoi de fichiers. Avec eux, nous pouvons personnaliser votre tampon Bigstamping et obtenir le r\u00e9sultat que vous recherchez","robots":{"index":"index","follow":"follow","max-snippet":"max-snippet:-1","max-image-preview":"max-image-preview:large","max-video-preview":"max-video-preview:-1"},"canonical":"https:\/\/www.bigstamping.com\/consejos-archivos\/","og_locale":"fr_FR","og_type":"article","og_title":"Conseils pour l'envoi de fichiers - BigStamping","og_description":"Dans cette section, nous vous proposons des conseils pour l'envoi de fichiers. Avec eux, nous pouvons personnaliser votre tampon Bigstamping et obtenir le r\u00e9sultat que vous recherchez","og_url":"https:\/\/www.bigstamping.com\/consejos-archivos\/","og_site_name":"BigStamping","article_publisher":"https:\/\/www.facebook.com\/Bigstamping-241206903231462\/","article_modified_time":"2024-06-14T16:49:33+00:00","og_image":[{"width":360,"height":360,"url":"https:\/\/www.bigstamping.com\/wp-content\/uploads\/2018\/11\/big-stamping-en-bolsa.jpg","type":"image\/jpeg"}],"twitter_card":"summary_large_image","twitter_site":"@Bigstamping","twitter_misc":{"Dur\u00e9e de lecture estim\u00e9e":"2 minutes"},"schema":{"@context":"https:\/\/schema.org","@graph":[{"@type":"WebPage","@id":"https:\/\/www.bigstamping.com\/consejos-archivos\/","url":"https:\/\/www.bigstamping.com\/consejos-archivos\/","name":"Conseils pour l'envoi de fichiers - BigStamping","isPartOf":{"@id":"https:\/\/www.bigstamping.com\/#website"},"primaryImageOfPage":{"@id":"https:\/\/www.bigstamping.com\/consejos-archivos\/#primaryimage"},"image":{"@id":"https:\/\/www.bigstamping.com\/consejos-archivos\/#primaryimage"},"thumbnailUrl":"https:\/\/www.bigstamping.com\/wp-content\/uploads\/2018\/11\/big-stamping-en-bolsa.jpg","datePublished":"2018-11-27T11:21:51+00:00","dateModified":"2024-06-14T16:49:33+00:00","description":"Dans cette section, nous vous proposons des conseils pour l'envoi de fichiers. Avec eux, nous pouvons personnaliser votre tampon Bigstamping et obtenir le r\u00e9sultat que vous recherchez","breadcrumb":{"@id":"https:\/\/www.bigstamping.com\/consejos-archivos\/#breadcrumb"},"inLanguage":"fr-FR","potentialAction":[{"@type":"ReadAction","target":["https:\/\/www.bigstamping.com\/consejos-archivos\/"]}]},{"@type":"ImageObject","inLanguage":"fr-FR","@id":"https:\/\/www.bigstamping.com\/consejos-archivos\/#primaryimage","url":"https:\/\/www.bigstamping.com\/wp-content\/uploads\/2018\/11\/big-stamping-en-bolsa.jpg","contentUrl":"https:\/\/www.bigstamping.com\/wp-content\/uploads\/2018\/11\/big-stamping-en-bolsa.jpg","width":360,"height":360,"caption":"Conseils pour l'envoi de fichiers"},{"@type":"BreadcrumbList","@id":"https:\/\/www.bigstamping.com\/consejos-archivos\/#breadcrumb","itemListElement":[{"@type":"ListItem","position":1,"name":"Portada","item":"https:\/\/www.bigstamping.com\/fr\/"},{"@type":"ListItem","position":2,"name":"Conseils pour l&#8217;envoi de fichiers"}]},{"@type":"WebSite","@id":"https:\/\/www.bigstamping.com\/#website","url":"https:\/\/www.bigstamping.com\/","name":"BigStamping","description":"Sellos de gran tama\u00f1o para stampear","publisher":{"@id":"https:\/\/www.bigstamping.com\/#organization"},"potentialAction":[{"@type":"SearchAction","target":{"@type":"EntryPoint","urlTemplate":"https:\/\/www.bigstamping.com\/?s={search_term_string}"},"query-input":{"@type":"PropertyValueSpecification","valueRequired":true,"valueName":"search_term_string"}}],"inLanguage":"fr-FR"},{"@type":"Organization","@id":"https:\/\/www.bigstamping.com\/#organization","name":"BigStamping","url":"https:\/\/www.bigstamping.com\/","logo":{"@type":"ImageObject","inLanguage":"fr-FR","@id":"https:\/\/www.bigstamping.com\/#\/schema\/logo\/image\/","url":"https:\/\/www.bigstamping.com\/wp-content\/uploads\/2018\/12\/big-stamper-amarillo.jpg","contentUrl":"https:\/\/www.bigstamping.com\/wp-content\/uploads\/2018\/12\/big-stamper-amarillo.jpg","width":293,"height":300,"caption":"BigStamping"},"image":{"@id":"https:\/\/www.bigstamping.com\/#\/schema\/logo\/image\/"},"sameAs":["https:\/\/www.facebook.com\/Bigstamping-241206903231462\/","https:\/\/x.com\/Bigstamping","https:\/\/www.instagram.com\/bigstamping\/","https:\/\/www.youtube.com\/channel\/UC_l3jNsBYYC-Ds9pzcZy_Vg"]}]}},"_links":{"self":[{"href":"https:\/\/www.bigstamping.com\/fr\/wp-json\/wp\/v2\/pages\/3431","targetHints":{"allow":["GET"]}}],"collection":[{"href":"https:\/\/www.bigstamping.com\/fr\/wp-json\/wp\/v2\/pages"}],"about":[{"href":"https:\/\/www.bigstamping.com\/fr\/wp-json\/wp\/v2\/types\/page"}],"author":[{"embeddable":true,"href":"https:\/\/www.bigstamping.com\/fr\/wp-json\/wp\/v2\/users\/1"}],"replies":[{"embeddable":true,"href":"https:\/\/www.bigstamping.com\/fr\/wp-json\/wp\/v2\/comments?post=3431"}],"version-history":[{"count":0,"href":"https:\/\/www.bigstamping.com\/fr\/wp-json\/wp\/v2\/pages\/3431\/revisions"}],"wp:featuredmedia":[{"embeddable":true,"href":"https:\/\/www.bigstamping.com\/fr\/wp-json\/wp\/v2\/media\/2712"}],"wp:attachment":[{"href":"https:\/\/www.bigstamping.com\/fr\/wp-json\/wp\/v2\/media?parent=3431"}],"curies":[{"name":"wp","href":"https:\/\/api.w.org\/{rel}","templated":true}]}}