{"id":49134,"date":"2021-03-25T16:28:04","date_gmt":"2021-03-25T16:28:04","guid":{"rendered":"https:\/\/www.bigstamping.com\/nous-avons-recu-votre-formulaire\/"},"modified":"2023-12-20T17:19:32","modified_gmt":"2023-12-20T16:19:32","slug":"nous-avons-recu-votre-formulaire","status":"publish","type":"page","link":"https:\/\/www.bigstamping.com\/fr\/nous-avons-recu-votre-formulaire\/","title":{"rendered":"Nous avons re\u00e7u votre formulaire !"},"content":{"rendered":"\t\t<div data-elementor-type=\"wp-page\" data-elementor-id=\"49134\" class=\"elementor elementor-49134 elementor-49036\" data-elementor-post-type=\"page\">\n\t\t\t\t\t\t<section class=\"elementor-section elementor-top-section elementor-element elementor-element-f124d34 elementor-section-full_width elementor-section-height-default elementor-section-height-default\" data-id=\"f124d34\" data-element_type=\"section\" data-settings=\"{&quot;background_background&quot;:&quot;classic&quot;}\">\n\t\t\t\t\t\t<div class=\"elementor-container elementor-column-gap-no\">\n\t\t\t\t\t<div class=\"elementor-column elementor-col-100 elementor-top-column elementor-element elementor-element-8f052e9\" data-id=\"8f052e9\" data-element_type=\"column\">\n\t\t\t<div class=\"elementor-widget-wrap elementor-element-populated\">\n\t\t\t\t\t\t<div class=\"elementor-element elementor-element-7ad3920 elementor-widget elementor-widget-image\" data-id=\"7ad3920\" data-element_type=\"widget\" data-widget_type=\"image.default\">\n\t\t\t\t<div class=\"elementor-widget-container\">\n\t\t\t\t\t\t\t\t\t\t\t\t\t\t\t<img fetchpriority=\"high\" decoding=\"async\" width=\"293\" height=\"300\" src=\"https:\/\/www.bigstamping.com\/wp-content\/uploads\/2018\/11\/big-stamper-amarillo.png\" class=\"attachment-large size-large wp-image-2724\" alt=\"BigStamping jaune forc\u00e9\" \/>\t\t\t\t\t\t\t\t\t\t\t\t\t\t\t<\/div>\n\t\t\t\t<\/div>\n\t\t\t\t<div class=\"elementor-element elementor-element-f3ef700 elementor-widget elementor-widget-heading\" data-id=\"f3ef700\" data-element_type=\"widget\" data-widget_type=\"heading.default\">\n\t\t\t\t<div class=\"elementor-widget-container\">\n\t\t\t\t\t<h1 class=\"elementor-heading-title elementor-size-default\">MERCI DE NOUS \u00c9CRIRE !<\/h1>\t\t\t\t<\/div>\n\t\t\t\t<\/div>\n\t\t\t\t<div class=\"elementor-element elementor-element-7b35c7e elementor-widget elementor-widget-heading\" data-id=\"7b35c7e\" data-element_type=\"widget\" data-widget_type=\"heading.default\">\n\t\t\t\t<div class=\"elementor-widget-container\">\n\t\t\t\t\t<h2 class=\"elementor-heading-title elementor-size-default\">VOTRE MESSAGE A BIEN \u00c9T\u00c9 RE\u00c7U ET NOUS VOUS R\u00c9PONDRONS DANS LES MEILLEURS D\u00c9LAIS.<\/h2>\t\t\t\t<\/div>\n\t\t\t\t<\/div>\n\t\t\t\t<div class=\"elementor-element elementor-element-d5e33ab elementor-widget elementor-widget-text-editor\" data-id=\"d5e33ab\" data-element_type=\"widget\" data-widget_type=\"text-editor.default\">\n\t\t\t\t<div class=\"elementor-widget-container\">\n\t\t\t\t\t\t\t\t\t<p>N&rsquo;oubliez pas que sur ce site, outre la possibilit\u00e9 de passer votre commande, vous disposez de plus d&rsquo;informations sur l&rsquo;utilisation de <span style=\"text-decoration: underline;\"><a href=\"https:\/\/www.bigstamping.com\/fr\/boutique\/\">nos produits<\/a><\/span>.<\/p>\n<p>Dans la section \u00ab\u00a0<a href=\"https:\/\/www.bigstamping.com\/consejos\/\"><span style=\"text-decoration: underline; color: #b4813f;\">Conseils<\/span><\/a>\u00ab\u00a0, vous trouverez des astuces et des recommandations sur l&rsquo;utilisation <strong>des tampons BigStamping<\/strong> sur diff\u00e9rentes surfaces et, dans la section \u00ab\u00a0<a href=\"https:\/\/www.bigstamping.com\/faq\/\"><span style=\"text-decoration: underline; color: #b4813f;\">FAQ : R\u00e9ponses aux questions fr\u00e9quemment pos\u00e9es<\/span><\/a>\u00ab\u00a0, nous vous informons sur les frais d&rsquo;exp\u00e9dition, les d\u00e9lais de livraison et bien plus encore.<\/p>\n<p>JETEZ UN COUP D&rsquo;\u0152IL !<\/p>\n\t\t\t\t\t\t\t\t<\/div>\n\t\t\t\t<\/div>\n\t\t\t\t\t<\/div>\n\t\t<\/div>\n\t\t\t\t\t<\/div>\n\t\t<\/section>\n\t\t\t\t<\/div>\n\t\t","protected":false},"excerpt":{"rendered":"<p>MERCI DE NOUS \u00c9CRIRE ! VOTRE MESSAGE A BIEN \u00c9T\u00c9 RE\u00c7U ET NOUS VOUS R\u00c9PONDRONS DANS LES MEILLEURS D\u00c9LAIS. N&rsquo;oubliez pas que sur ce site, outre la possibilit\u00e9 de passer votre commande, vous disposez de plus d&rsquo;informations sur l&rsquo;utilisation de nos produits. Dans la section \u00ab\u00a0Conseils\u00ab\u00a0, vous trouverez des astuces et des recommandations sur l&rsquo;utilisation [&hellip;]<\/p>\n","protected":false},"author":1,"featured_media":2891,"parent":0,"menu_order":0,"comment_status":"closed","ping_status":"closed","template":"elementor_header_footer","meta":{"_acf_changed":false,"_genesis_hide_title":false,"_genesis_hide_breadcrumbs":false,"_genesis_hide_singular_image":false,"_genesis_hide_footer_widgets":false,"_genesis_custom_body_class":"","_genesis_custom_post_class":"","_genesis_layout":"","footnotes":""},"class_list":{"0":"post-49134","1":"page","2":"type-page","3":"status-publish","4":"has-post-thumbnail","6":"entry"},"acf":[],"yoast_head":"<!-- This site is optimized with the Yoast SEO plugin v26.7 - https:\/\/yoast.com\/wordpress\/plugins\/seo\/ -->\n<title>Nous avons re\u00e7u votre formulaire ! - BigStamping<\/title>\n<meta name=\"description\" content=\"Page de remerciement pour avoir soumis un formulaire sur BigStamping (version fran\u00e7aise)\" \/>\n<meta name=\"robots\" content=\"index, follow, max-snippet:-1, max-image-preview:large, max-video-preview:-1\" \/>\n<link rel=\"canonical\" href=\"https:\/\/www.bigstamping.com\/fr\/nous-avons-recu-votre-formulaire\/\" \/>\n<meta property=\"og:locale\" content=\"fr_FR\" \/>\n<meta property=\"og:type\" content=\"article\" \/>\n<meta property=\"og:title\" content=\"Nous avons re\u00e7u votre formulaire ! - BigStamping\" \/>\n<meta property=\"og:description\" content=\"Page de remerciement pour avoir soumis un formulaire sur BigStamping (version fran\u00e7aise)\" \/>\n<meta property=\"og:url\" content=\"https:\/\/www.bigstamping.com\/fr\/nous-avons-recu-votre-formulaire\/\" \/>\n<meta property=\"og:site_name\" content=\"BigStamping\" \/>\n<meta property=\"article:publisher\" content=\"https:\/\/www.facebook.com\/Bigstamping-241206903231462\/\" \/>\n<meta property=\"article:modified_time\" content=\"2023-12-20T16:19:32+00:00\" \/>\n<meta property=\"og:image\" content=\"https:\/\/www.bigstamping.com\/wp-content\/uploads\/2018\/12\/BODEGON-PRIMERA-PAGINA.jpg\" \/>\n\t<meta property=\"og:image:width\" content=\"1500\" \/>\n\t<meta property=\"og:image:height\" content=\"1500\" \/>\n\t<meta property=\"og:image:type\" content=\"image\/jpeg\" \/>\n<meta name=\"twitter:card\" content=\"summary_large_image\" \/>\n<meta name=\"twitter:site\" content=\"@Bigstamping\" \/>\n<meta name=\"twitter:label1\" content=\"Dur\u00e9e de lecture estim\u00e9e\" \/>\n\t<meta name=\"twitter:data1\" content=\"1 minute\" \/>\n<script type=\"application\/ld+json\" class=\"yoast-schema-graph\">{\"@context\":\"https:\/\/schema.org\",\"@graph\":[{\"@type\":\"WebPage\",\"@id\":\"https:\/\/www.bigstamping.com\/fr\/nous-avons-recu-votre-formulaire\/\",\"url\":\"https:\/\/www.bigstamping.com\/fr\/nous-avons-recu-votre-formulaire\/\",\"name\":\"Nous avons re\u00e7u votre formulaire ! - BigStamping\",\"isPartOf\":{\"@id\":\"https:\/\/www.bigstamping.com\/#website\"},\"primaryImageOfPage\":{\"@id\":\"https:\/\/www.bigstamping.com\/fr\/nous-avons-recu-votre-formulaire\/#primaryimage\"},\"image\":{\"@id\":\"https:\/\/www.bigstamping.com\/fr\/nous-avons-recu-votre-formulaire\/#primaryimage\"},\"thumbnailUrl\":\"https:\/\/www.bigstamping.com\/wp-content\/uploads\/2018\/12\/BODEGON-PRIMERA-PAGINA.jpg\",\"datePublished\":\"2021-03-25T16:28:04+00:00\",\"dateModified\":\"2023-12-20T16:19:32+00:00\",\"description\":\"Page de remerciement pour avoir soumis un formulaire sur BigStamping (version fran\u00e7aise)\",\"breadcrumb\":{\"@id\":\"https:\/\/www.bigstamping.com\/fr\/nous-avons-recu-votre-formulaire\/#breadcrumb\"},\"inLanguage\":\"fr-FR\",\"potentialAction\":[{\"@type\":\"ReadAction\",\"target\":[\"https:\/\/www.bigstamping.com\/fr\/nous-avons-recu-votre-formulaire\/\"]}]},{\"@type\":\"ImageObject\",\"inLanguage\":\"fr-FR\",\"@id\":\"https:\/\/www.bigstamping.com\/fr\/nous-avons-recu-votre-formulaire\/#primaryimage\",\"url\":\"https:\/\/www.bigstamping.com\/wp-content\/uploads\/2018\/12\/BODEGON-PRIMERA-PAGINA.jpg\",\"contentUrl\":\"https:\/\/www.bigstamping.com\/wp-content\/uploads\/2018\/12\/BODEGON-PRIMERA-PAGINA.jpg\",\"width\":1500,\"height\":1500,\"caption\":\"Kits de contenu Tampons personnalis\u00e9s BigStamping grande taille\"},{\"@type\":\"BreadcrumbList\",\"@id\":\"https:\/\/www.bigstamping.com\/fr\/nous-avons-recu-votre-formulaire\/#breadcrumb\",\"itemListElement\":[{\"@type\":\"ListItem\",\"position\":1,\"name\":\"Portada\",\"item\":\"https:\/\/www.bigstamping.com\/fr\/\"},{\"@type\":\"ListItem\",\"position\":2,\"name\":\"Nous avons re\u00e7u votre formulaire !\"}]},{\"@type\":\"WebSite\",\"@id\":\"https:\/\/www.bigstamping.com\/#website\",\"url\":\"https:\/\/www.bigstamping.com\/\",\"name\":\"BigStamping\",\"description\":\"Sellos de gran tama\u00f1o para stampear\",\"publisher\":{\"@id\":\"https:\/\/www.bigstamping.com\/#organization\"},\"potentialAction\":[{\"@type\":\"SearchAction\",\"target\":{\"@type\":\"EntryPoint\",\"urlTemplate\":\"https:\/\/www.bigstamping.com\/?s={search_term_string}\"},\"query-input\":{\"@type\":\"PropertyValueSpecification\",\"valueRequired\":true,\"valueName\":\"search_term_string\"}}],\"inLanguage\":\"fr-FR\"},{\"@type\":\"Organization\",\"@id\":\"https:\/\/www.bigstamping.com\/#organization\",\"name\":\"BigStamping\",\"url\":\"https:\/\/www.bigstamping.com\/\",\"logo\":{\"@type\":\"ImageObject\",\"inLanguage\":\"fr-FR\",\"@id\":\"https:\/\/www.bigstamping.com\/#\/schema\/logo\/image\/\",\"url\":\"https:\/\/www.bigstamping.com\/wp-content\/uploads\/2018\/12\/big-stamper-amarillo.jpg\",\"contentUrl\":\"https:\/\/www.bigstamping.com\/wp-content\/uploads\/2018\/12\/big-stamper-amarillo.jpg\",\"width\":293,\"height\":300,\"caption\":\"BigStamping\"},\"image\":{\"@id\":\"https:\/\/www.bigstamping.com\/#\/schema\/logo\/image\/\"},\"sameAs\":[\"https:\/\/www.facebook.com\/Bigstamping-241206903231462\/\",\"https:\/\/x.com\/Bigstamping\",\"https:\/\/www.instagram.com\/bigstamping\/\",\"https:\/\/www.youtube.com\/channel\/UC_l3jNsBYYC-Ds9pzcZy_Vg\"]}]}<\/script>\n<!-- \/ Yoast SEO plugin. -->","yoast_head_json":{"title":"Nous avons re\u00e7u votre formulaire ! - BigStamping","description":"Page de remerciement pour avoir soumis un formulaire sur BigStamping (version fran\u00e7aise)","robots":{"index":"index","follow":"follow","max-snippet":"max-snippet:-1","max-image-preview":"max-image-preview:large","max-video-preview":"max-video-preview:-1"},"canonical":"https:\/\/www.bigstamping.com\/fr\/nous-avons-recu-votre-formulaire\/","og_locale":"fr_FR","og_type":"article","og_title":"Nous avons re\u00e7u votre formulaire ! - BigStamping","og_description":"Page de remerciement pour avoir soumis un formulaire sur BigStamping (version fran\u00e7aise)","og_url":"https:\/\/www.bigstamping.com\/fr\/nous-avons-recu-votre-formulaire\/","og_site_name":"BigStamping","article_publisher":"https:\/\/www.facebook.com\/Bigstamping-241206903231462\/","article_modified_time":"2023-12-20T16:19:32+00:00","og_image":[{"width":1500,"height":1500,"url":"https:\/\/www.bigstamping.com\/wp-content\/uploads\/2018\/12\/BODEGON-PRIMERA-PAGINA.jpg","type":"image\/jpeg"}],"twitter_card":"summary_large_image","twitter_site":"@Bigstamping","twitter_misc":{"Dur\u00e9e de lecture estim\u00e9e":"1 minute"},"schema":{"@context":"https:\/\/schema.org","@graph":[{"@type":"WebPage","@id":"https:\/\/www.bigstamping.com\/fr\/nous-avons-recu-votre-formulaire\/","url":"https:\/\/www.bigstamping.com\/fr\/nous-avons-recu-votre-formulaire\/","name":"Nous avons re\u00e7u votre formulaire ! - BigStamping","isPartOf":{"@id":"https:\/\/www.bigstamping.com\/#website"},"primaryImageOfPage":{"@id":"https:\/\/www.bigstamping.com\/fr\/nous-avons-recu-votre-formulaire\/#primaryimage"},"image":{"@id":"https:\/\/www.bigstamping.com\/fr\/nous-avons-recu-votre-formulaire\/#primaryimage"},"thumbnailUrl":"https:\/\/www.bigstamping.com\/wp-content\/uploads\/2018\/12\/BODEGON-PRIMERA-PAGINA.jpg","datePublished":"2021-03-25T16:28:04+00:00","dateModified":"2023-12-20T16:19:32+00:00","description":"Page de remerciement pour avoir soumis un formulaire sur BigStamping (version fran\u00e7aise)","breadcrumb":{"@id":"https:\/\/www.bigstamping.com\/fr\/nous-avons-recu-votre-formulaire\/#breadcrumb"},"inLanguage":"fr-FR","potentialAction":[{"@type":"ReadAction","target":["https:\/\/www.bigstamping.com\/fr\/nous-avons-recu-votre-formulaire\/"]}]},{"@type":"ImageObject","inLanguage":"fr-FR","@id":"https:\/\/www.bigstamping.com\/fr\/nous-avons-recu-votre-formulaire\/#primaryimage","url":"https:\/\/www.bigstamping.com\/wp-content\/uploads\/2018\/12\/BODEGON-PRIMERA-PAGINA.jpg","contentUrl":"https:\/\/www.bigstamping.com\/wp-content\/uploads\/2018\/12\/BODEGON-PRIMERA-PAGINA.jpg","width":1500,"height":1500,"caption":"Kits de contenu Tampons personnalis\u00e9s BigStamping grande taille"},{"@type":"BreadcrumbList","@id":"https:\/\/www.bigstamping.com\/fr\/nous-avons-recu-votre-formulaire\/#breadcrumb","itemListElement":[{"@type":"ListItem","position":1,"name":"Portada","item":"https:\/\/www.bigstamping.com\/fr\/"},{"@type":"ListItem","position":2,"name":"Nous avons re\u00e7u votre formulaire !"}]},{"@type":"WebSite","@id":"https:\/\/www.bigstamping.com\/#website","url":"https:\/\/www.bigstamping.com\/","name":"BigStamping","description":"Sellos de gran tama\u00f1o para stampear","publisher":{"@id":"https:\/\/www.bigstamping.com\/#organization"},"potentialAction":[{"@type":"SearchAction","target":{"@type":"EntryPoint","urlTemplate":"https:\/\/www.bigstamping.com\/?s={search_term_string}"},"query-input":{"@type":"PropertyValueSpecification","valueRequired":true,"valueName":"search_term_string"}}],"inLanguage":"fr-FR"},{"@type":"Organization","@id":"https:\/\/www.bigstamping.com\/#organization","name":"BigStamping","url":"https:\/\/www.bigstamping.com\/","logo":{"@type":"ImageObject","inLanguage":"fr-FR","@id":"https:\/\/www.bigstamping.com\/#\/schema\/logo\/image\/","url":"https:\/\/www.bigstamping.com\/wp-content\/uploads\/2018\/12\/big-stamper-amarillo.jpg","contentUrl":"https:\/\/www.bigstamping.com\/wp-content\/uploads\/2018\/12\/big-stamper-amarillo.jpg","width":293,"height":300,"caption":"BigStamping"},"image":{"@id":"https:\/\/www.bigstamping.com\/#\/schema\/logo\/image\/"},"sameAs":["https:\/\/www.facebook.com\/Bigstamping-241206903231462\/","https:\/\/x.com\/Bigstamping","https:\/\/www.instagram.com\/bigstamping\/","https:\/\/www.youtube.com\/channel\/UC_l3jNsBYYC-Ds9pzcZy_Vg"]}]}},"_links":{"self":[{"href":"https:\/\/www.bigstamping.com\/fr\/wp-json\/wp\/v2\/pages\/49134","targetHints":{"allow":["GET"]}}],"collection":[{"href":"https:\/\/www.bigstamping.com\/fr\/wp-json\/wp\/v2\/pages"}],"about":[{"href":"https:\/\/www.bigstamping.com\/fr\/wp-json\/wp\/v2\/types\/page"}],"author":[{"embeddable":true,"href":"https:\/\/www.bigstamping.com\/fr\/wp-json\/wp\/v2\/users\/1"}],"replies":[{"embeddable":true,"href":"https:\/\/www.bigstamping.com\/fr\/wp-json\/wp\/v2\/comments?post=49134"}],"version-history":[{"count":0,"href":"https:\/\/www.bigstamping.com\/fr\/wp-json\/wp\/v2\/pages\/49134\/revisions"}],"wp:featuredmedia":[{"embeddable":true,"href":"https:\/\/www.bigstamping.com\/fr\/wp-json\/wp\/v2\/media\/2891"}],"wp:attachment":[{"href":"https:\/\/www.bigstamping.com\/fr\/wp-json\/wp\/v2\/media?parent=49134"}],"curies":[{"name":"wp","href":"https:\/\/api.w.org\/{rel}","templated":true}]}}