{"id":16926,"date":"2020-08-18T10:44:15","date_gmt":"2020-08-18T10:44:15","guid":{"rendered":"https:\/\/www.bigstamping.com\/producto\/tinta-para-superficies-porosas\/"},"modified":"2025-07-30T15:36:28","modified_gmt":"2025-07-30T13:36:28","slug":"encre-pour-porter","status":"publish","type":"product","link":"https:\/\/www.bigstamping.com\/fr\/producto\/encre-pour-porter\/","title":{"rendered":"Encres pour surfaces poreuses (pour MiniStamps)"},"content":{"rendered":"","protected":false},"excerpt":{"rendered":"<h2>Les MiniStamp pads !<\/h2>\n<p>Encre r\u00e9volutionnaire \u00e0 <strong>base d&rsquo;eau<\/strong> formul\u00e9e pour les surfaces poreuses. Ce tampon contient d\u00e9j\u00e0 l&rsquo;encre. Il suffit de retirer le couvercle, de tremper le <strong>Ministamp<\/strong> dans le tampon et de tamponner ! Assurez-vous que le tampon est exempt d&rsquo;huiles ou de r\u00e9sidus avant d&rsquo;utiliser ces encres.<\/p>\n<p>Ce produit est id\u00e9al pour le papier, le carton, le bois et les projets mixtes. Nettoyer les joints imm\u00e9diatement apr\u00e8s utilisation avec de l&rsquo;eau et du savon. Veillez \u00e0 bien les s\u00e9cher et \u00e0 les conserver dans un endroit sec et frais, \u00e0 l&rsquo;abri de la lumi\u00e8re naturelle.<\/p>\n[acordeon_personalizado]<\/p>\n<p>[pestana_acordeon_personalizado titulo=\"Recomendaciones de uso\"]<\/p>\n<p>Cette encre a un temps de s\u00e9chage relativement rapide. Le fabricant indique que le s\u00e9chage est possible en 5 \u00e0 10 minutes, en fonction de la porosit\u00e9 du mat\u00e9riau et des conditions ext\u00e9rieures.<\/p>\n<p>Vous pouvez utiliser ce type d&rsquo;encre sur toute surface poreuse, papier lisse, papier calque, papier imprim\u00e9, papier kraft, carton, bois, coton, etc&#8230;<\/p>\n<p><strong><span style=\"text-decoration: underline;\">IMPORTANT :<\/span> Cette encre n&rsquo;est pas lavable.<\/strong><\/p>\n<p>Nettoyer les joints imm\u00e9diatement apr\u00e8s utilisation avec de l&rsquo;eau et du savon. S\u00e9chez-les bien et conservez-les dans un endroit frais et sec, \u00e0 l&rsquo;abri de la lumi\u00e8re naturelle.<\/p>\n<p>[\/pestana_acordeon_personalizado]<\/p>\n<p>[pestana_acordeon_personalizado titulo=\"Otras caracter\u00edsticas\"]<\/p>\n<p><strong>Surface maximale du tampon : 77 x 47 mm (3.03 x 1.85 in)<\/strong><\/p>\n<p>Le tampon peut \u00eatre utilis\u00e9 avec des tampons un peu plus grands car il est gaufr\u00e9 et peut donc \u00eatre impr\u00e9gn\u00e9 de tampons plus grands, bien qu&rsquo;il ne soit pas recommand\u00e9 d&rsquo;aller au-del\u00e0 de la fonctionnalit\u00e9 des <strong>MINISTAMPS. <\/strong><\/p>\n<p>Les r\u00e9sultats des <strong> couleurs m\u00e9talliques or et argent <\/strong> vous surprendront !<\/p>\n<p>[\/pestana_acordeon_personalizado]<\/p>\n<p>[pestana_acordeon_personalizado titulo=\"\u00bfC\u00f3mo hago mi pedido?\"]<\/p>\n<p>Pour commander ce produit, il vous suffit de choisir la couleur qui vous int\u00e9resse, le nombre d&rsquo;unit\u00e9s souhait\u00e9es et de cliquer sur le bouton \u00ab Ajouter au panier \u00bb. Cette encre, recommand\u00e9e uniquement pour les <strong>MiniStamps<\/strong>, n&rsquo;est pas incluse dans les kits, mais vous pouvez commander autant d&rsquo;unit\u00e9s et de couleurs que vous le souhaitez. \ud83d\ude09<\/p>\n<p><strong>\u00b7 Modes de paiement accept\u00e9s : cartes de d\u00e9bit\/cr\u00e9dit et Paypal.<\/strong><\/p>\n<p>[\/pestana_acordeon_personalizado]<\/p>\n<p>[pestana_acordeon_personalizado titulo=\"Plazos de entrega y costes de env\u00edo\"]<\/p>\n<p>Nous exp\u00e9dions vers tous les pays de la Communaut\u00e9 \u00e9conomique europ\u00e9enne. Nous exp\u00e9dions \u00e9galement vers les \u00c9tats-Unis, le Royaume-Uni, la Suisse, le Canada, l&rsquo;Australie, le Chili, les \u00c9mirats arabes unis et le Japon.<\/p>\n<p><strong>D\u00e9lais de livraison<\/strong><\/p>\n<p>\u00c0 partir du moment o\u00f9 vous passez votre commande, et s&rsquo;il n&rsquo;y a pas de probl\u00e8me avec le dessin, il faut compter environ <strong>7 \u00e0 10 jours ouvrables pour livrer votre commande.<\/strong><\/p>\n<p><span style=\"text-decoration: underline;\"><strong>*REMARQUE :<\/strong><\/span> nous ne sommes pas responsables des retards caus\u00e9s par les soci\u00e9t\u00e9s de transport ou les organismes de contr\u00f4le.<\/p>\n<p><strong>Co\u00fbt des envois<\/strong><\/p>\n<p>Les frais de port sont calcul\u00e9s automatiquement par le site en fonction du pays et des articles ajout\u00e9s au panier.<\/p>\n<p>Les frais de port sont gratuits \u00e0 partir de 100 euros, en fonction de la destination de la livraison. Pour des informations plus d\u00e9taill\u00e9es sur les frais de port et les montants requis pour une livraison gratuite, veuillez <a href=\"https:\/\/www.bigstamping.com\/fr\/faq\/\">consulter la section FAQ<\/a> et v\u00e9rifier les conditions relatives \u00e0 votre adresse.<\/p>\n<p>[\/pestana_acordeon_personalizado]<\/p>\n<p>[\/acordeon_personalizado]\n","protected":false},"featured_media":16856,"template":"","meta":{"_acf_changed":false,"_genesis_hide_title":false,"_genesis_hide_breadcrumbs":false,"_genesis_hide_singular_image":false,"_genesis_hide_footer_widgets":false,"_genesis_custom_body_class":"","_genesis_custom_post_class":"","_genesis_layout":""},"product_brand":[],"product_cat":[71],"product_tag":[],"class_list":{"0":"post-16926","1":"product","2":"type-product","3":"status-publish","4":"has-post-thumbnail","6":"product_cat-les-accessoires-fr","7":"entry","9":"first","10":"instock","11":"taxable","12":"shipping-taxable","13":"purchasable","14":"product-type-variable"},"acf":[],"yoast_head":"<!-- This site is optimized with the Yoast SEO plugin v26.7 - https:\/\/yoast.com\/wordpress\/plugins\/seo\/ -->\n<title>Encres pour surfaces poreuses (pour MiniStamps) - BigStamping<\/title>\n<meta name=\"description\" content=\"Encres pour surfaces poreuses que vous pouvez utiliser avec vos BigStamps. Utilisez-les pour les mat\u00e9riaux tr\u00e8s absorbants et profitez de leurs propri\u00e9t\u00e9s de s\u00e9chage rapide.\" \/>\n<meta name=\"robots\" content=\"index, follow, max-snippet:-1, max-image-preview:large, max-video-preview:-1\" \/>\n<link rel=\"canonical\" href=\"https:\/\/www.bigstamping.com\/fr\/producto\/encre-pour-porter\/\" \/>\n<meta property=\"og:locale\" content=\"fr_FR\" \/>\n<meta property=\"og:type\" content=\"article\" \/>\n<meta property=\"og:title\" content=\"Encres pour surfaces poreuses (pour MiniStamps) - BigStamping\" \/>\n<meta property=\"og:description\" content=\"Encres pour surfaces poreuses que vous pouvez utiliser avec vos BigStamps. Utilisez-les pour les mat\u00e9riaux tr\u00e8s absorbants et profitez de leurs propri\u00e9t\u00e9s de s\u00e9chage rapide.\" \/>\n<meta property=\"og:url\" content=\"https:\/\/www.bigstamping.com\/fr\/producto\/encre-pour-porter\/\" \/>\n<meta property=\"og:site_name\" content=\"BigStamping\" \/>\n<meta property=\"article:publisher\" content=\"https:\/\/www.facebook.com\/Bigstamping-241206903231462\/\" \/>\n<meta property=\"article:modified_time\" content=\"2025-07-30T13:36:28+00:00\" \/>\n<meta property=\"og:image\" content=\"https:\/\/www.bigstamping.com\/wp-content\/uploads\/2020\/08\/TDE-191-DELICATA-ORO-METALICO.jpg\" \/>\n\t<meta property=\"og:image:width\" content=\"1000\" \/>\n\t<meta property=\"og:image:height\" content=\"1000\" \/>\n\t<meta property=\"og:image:type\" content=\"image\/jpeg\" \/>\n<meta name=\"twitter:card\" content=\"summary_large_image\" \/>\n<meta name=\"twitter:site\" content=\"@Bigstamping\" \/>\n<meta name=\"twitter:label1\" content=\"Dur\u00e9e de lecture estim\u00e9e\" \/>\n\t<meta name=\"twitter:data1\" content=\"1 minute\" \/>\n<script type=\"application\/ld+json\" class=\"yoast-schema-graph\">{\"@context\":\"https:\/\/schema.org\",\"@graph\":[{\"@type\":\"WebPage\",\"@id\":\"https:\/\/www.bigstamping.com\/fr\/producto\/encre-pour-porter\/\",\"url\":\"https:\/\/www.bigstamping.com\/fr\/producto\/encre-pour-porter\/\",\"name\":\"Encres pour surfaces poreuses (pour MiniStamps) - BigStamping\",\"isPartOf\":{\"@id\":\"https:\/\/www.bigstamping.com\/#website\"},\"primaryImageOfPage\":{\"@id\":\"https:\/\/www.bigstamping.com\/fr\/producto\/encre-pour-porter\/#primaryimage\"},\"image\":{\"@id\":\"https:\/\/www.bigstamping.com\/fr\/producto\/encre-pour-porter\/#primaryimage\"},\"thumbnailUrl\":\"https:\/\/www.bigstamping.com\/wp-content\/uploads\/2020\/08\/TDE-191-DELICATA-ORO-METALICO.jpg\",\"datePublished\":\"2020-08-18T10:44:15+00:00\",\"dateModified\":\"2025-07-30T13:36:28+00:00\",\"description\":\"Encres pour surfaces poreuses que vous pouvez utiliser avec vos BigStamps. Utilisez-les pour les mat\u00e9riaux tr\u00e8s absorbants et profitez de leurs propri\u00e9t\u00e9s de s\u00e9chage rapide.\",\"breadcrumb\":{\"@id\":\"https:\/\/www.bigstamping.com\/fr\/producto\/encre-pour-porter\/#breadcrumb\"},\"inLanguage\":\"fr-FR\",\"potentialAction\":[{\"@type\":\"ReadAction\",\"target\":[\"https:\/\/www.bigstamping.com\/fr\/producto\/encre-pour-porter\/\"]}]},{\"@type\":\"ImageObject\",\"inLanguage\":\"fr-FR\",\"@id\":\"https:\/\/www.bigstamping.com\/fr\/producto\/encre-pour-porter\/#primaryimage\",\"url\":\"https:\/\/www.bigstamping.com\/wp-content\/uploads\/2020\/08\/TDE-191-DELICATA-ORO-METALICO.jpg\",\"contentUrl\":\"https:\/\/www.bigstamping.com\/wp-content\/uploads\/2020\/08\/TDE-191-DELICATA-ORO-METALICO.jpg\",\"width\":1000,\"height\":1000,\"caption\":\"Encre pour surfaces poreuses, couleur Or\"},{\"@type\":\"BreadcrumbList\",\"@id\":\"https:\/\/www.bigstamping.com\/fr\/producto\/encre-pour-porter\/#breadcrumb\",\"itemListElement\":[{\"@type\":\"ListItem\",\"position\":1,\"name\":\"Portada\",\"item\":\"https:\/\/www.bigstamping.com\/fr\/\"},{\"@type\":\"ListItem\",\"position\":2,\"name\":\"Encres pour surfaces poreuses (pour MiniStamps)\"}]},{\"@type\":\"WebSite\",\"@id\":\"https:\/\/www.bigstamping.com\/#website\",\"url\":\"https:\/\/www.bigstamping.com\/\",\"name\":\"BigStamping\",\"description\":\"Sellos de gran tama\u00f1o para stampear\",\"publisher\":{\"@id\":\"https:\/\/www.bigstamping.com\/#organization\"},\"potentialAction\":[{\"@type\":\"SearchAction\",\"target\":{\"@type\":\"EntryPoint\",\"urlTemplate\":\"https:\/\/www.bigstamping.com\/?s={search_term_string}\"},\"query-input\":{\"@type\":\"PropertyValueSpecification\",\"valueRequired\":true,\"valueName\":\"search_term_string\"}}],\"inLanguage\":\"fr-FR\"},{\"@type\":\"Organization\",\"@id\":\"https:\/\/www.bigstamping.com\/#organization\",\"name\":\"BigStamping\",\"url\":\"https:\/\/www.bigstamping.com\/\",\"logo\":{\"@type\":\"ImageObject\",\"inLanguage\":\"fr-FR\",\"@id\":\"https:\/\/www.bigstamping.com\/#\/schema\/logo\/image\/\",\"url\":\"https:\/\/www.bigstamping.com\/wp-content\/uploads\/2018\/12\/big-stamper-amarillo.jpg\",\"contentUrl\":\"https:\/\/www.bigstamping.com\/wp-content\/uploads\/2018\/12\/big-stamper-amarillo.jpg\",\"width\":293,\"height\":300,\"caption\":\"BigStamping\"},\"image\":{\"@id\":\"https:\/\/www.bigstamping.com\/#\/schema\/logo\/image\/\"},\"sameAs\":[\"https:\/\/www.facebook.com\/Bigstamping-241206903231462\/\",\"https:\/\/x.com\/Bigstamping\",\"https:\/\/www.instagram.com\/bigstamping\/\",\"https:\/\/www.youtube.com\/channel\/UC_l3jNsBYYC-Ds9pzcZy_Vg\"]}]}<\/script>\n<!-- \/ Yoast SEO plugin. -->","yoast_head_json":{"title":"Encres pour surfaces poreuses (pour MiniStamps) - BigStamping","description":"Encres pour surfaces poreuses que vous pouvez utiliser avec vos BigStamps. Utilisez-les pour les mat\u00e9riaux tr\u00e8s absorbants et profitez de leurs propri\u00e9t\u00e9s de s\u00e9chage rapide.","robots":{"index":"index","follow":"follow","max-snippet":"max-snippet:-1","max-image-preview":"max-image-preview:large","max-video-preview":"max-video-preview:-1"},"canonical":"https:\/\/www.bigstamping.com\/fr\/producto\/encre-pour-porter\/","og_locale":"fr_FR","og_type":"article","og_title":"Encres pour surfaces poreuses (pour MiniStamps) - BigStamping","og_description":"Encres pour surfaces poreuses que vous pouvez utiliser avec vos BigStamps. Utilisez-les pour les mat\u00e9riaux tr\u00e8s absorbants et profitez de leurs propri\u00e9t\u00e9s de s\u00e9chage rapide.","og_url":"https:\/\/www.bigstamping.com\/fr\/producto\/encre-pour-porter\/","og_site_name":"BigStamping","article_publisher":"https:\/\/www.facebook.com\/Bigstamping-241206903231462\/","article_modified_time":"2025-07-30T13:36:28+00:00","og_image":[{"width":1000,"height":1000,"url":"https:\/\/www.bigstamping.com\/wp-content\/uploads\/2020\/08\/TDE-191-DELICATA-ORO-METALICO.jpg","type":"image\/jpeg"}],"twitter_card":"summary_large_image","twitter_site":"@Bigstamping","twitter_misc":{"Dur\u00e9e de lecture estim\u00e9e":"1 minute"},"schema":{"@context":"https:\/\/schema.org","@graph":[{"@type":"WebPage","@id":"https:\/\/www.bigstamping.com\/fr\/producto\/encre-pour-porter\/","url":"https:\/\/www.bigstamping.com\/fr\/producto\/encre-pour-porter\/","name":"Encres pour surfaces poreuses (pour MiniStamps) - BigStamping","isPartOf":{"@id":"https:\/\/www.bigstamping.com\/#website"},"primaryImageOfPage":{"@id":"https:\/\/www.bigstamping.com\/fr\/producto\/encre-pour-porter\/#primaryimage"},"image":{"@id":"https:\/\/www.bigstamping.com\/fr\/producto\/encre-pour-porter\/#primaryimage"},"thumbnailUrl":"https:\/\/www.bigstamping.com\/wp-content\/uploads\/2020\/08\/TDE-191-DELICATA-ORO-METALICO.jpg","datePublished":"2020-08-18T10:44:15+00:00","dateModified":"2025-07-30T13:36:28+00:00","description":"Encres pour surfaces poreuses que vous pouvez utiliser avec vos BigStamps. Utilisez-les pour les mat\u00e9riaux tr\u00e8s absorbants et profitez de leurs propri\u00e9t\u00e9s de s\u00e9chage rapide.","breadcrumb":{"@id":"https:\/\/www.bigstamping.com\/fr\/producto\/encre-pour-porter\/#breadcrumb"},"inLanguage":"fr-FR","potentialAction":[{"@type":"ReadAction","target":["https:\/\/www.bigstamping.com\/fr\/producto\/encre-pour-porter\/"]}]},{"@type":"ImageObject","inLanguage":"fr-FR","@id":"https:\/\/www.bigstamping.com\/fr\/producto\/encre-pour-porter\/#primaryimage","url":"https:\/\/www.bigstamping.com\/wp-content\/uploads\/2020\/08\/TDE-191-DELICATA-ORO-METALICO.jpg","contentUrl":"https:\/\/www.bigstamping.com\/wp-content\/uploads\/2020\/08\/TDE-191-DELICATA-ORO-METALICO.jpg","width":1000,"height":1000,"caption":"Encre pour surfaces poreuses, couleur Or"},{"@type":"BreadcrumbList","@id":"https:\/\/www.bigstamping.com\/fr\/producto\/encre-pour-porter\/#breadcrumb","itemListElement":[{"@type":"ListItem","position":1,"name":"Portada","item":"https:\/\/www.bigstamping.com\/fr\/"},{"@type":"ListItem","position":2,"name":"Encres pour surfaces poreuses (pour MiniStamps)"}]},{"@type":"WebSite","@id":"https:\/\/www.bigstamping.com\/#website","url":"https:\/\/www.bigstamping.com\/","name":"BigStamping","description":"Sellos de gran tama\u00f1o para stampear","publisher":{"@id":"https:\/\/www.bigstamping.com\/#organization"},"potentialAction":[{"@type":"SearchAction","target":{"@type":"EntryPoint","urlTemplate":"https:\/\/www.bigstamping.com\/?s={search_term_string}"},"query-input":{"@type":"PropertyValueSpecification","valueRequired":true,"valueName":"search_term_string"}}],"inLanguage":"fr-FR"},{"@type":"Organization","@id":"https:\/\/www.bigstamping.com\/#organization","name":"BigStamping","url":"https:\/\/www.bigstamping.com\/","logo":{"@type":"ImageObject","inLanguage":"fr-FR","@id":"https:\/\/www.bigstamping.com\/#\/schema\/logo\/image\/","url":"https:\/\/www.bigstamping.com\/wp-content\/uploads\/2018\/12\/big-stamper-amarillo.jpg","contentUrl":"https:\/\/www.bigstamping.com\/wp-content\/uploads\/2018\/12\/big-stamper-amarillo.jpg","width":293,"height":300,"caption":"BigStamping"},"image":{"@id":"https:\/\/www.bigstamping.com\/#\/schema\/logo\/image\/"},"sameAs":["https:\/\/www.facebook.com\/Bigstamping-241206903231462\/","https:\/\/x.com\/Bigstamping","https:\/\/www.instagram.com\/bigstamping\/","https:\/\/www.youtube.com\/channel\/UC_l3jNsBYYC-Ds9pzcZy_Vg"]}]}},"_links":{"self":[{"href":"https:\/\/www.bigstamping.com\/fr\/wp-json\/wp\/v2\/product\/16926","targetHints":{"allow":["GET"]}}],"collection":[{"href":"https:\/\/www.bigstamping.com\/fr\/wp-json\/wp\/v2\/product"}],"about":[{"href":"https:\/\/www.bigstamping.com\/fr\/wp-json\/wp\/v2\/types\/product"}],"version-history":[{"count":0,"href":"https:\/\/www.bigstamping.com\/fr\/wp-json\/wp\/v2\/product\/16926\/revisions"}],"wp:featuredmedia":[{"embeddable":true,"href":"https:\/\/www.bigstamping.com\/fr\/wp-json\/wp\/v2\/media\/16856"}],"wp:attachment":[{"href":"https:\/\/www.bigstamping.com\/fr\/wp-json\/wp\/v2\/media?parent=16926"}],"wp:term":[{"taxonomy":"product_brand","embeddable":true,"href":"https:\/\/www.bigstamping.com\/fr\/wp-json\/wp\/v2\/product_brand?post=16926"},{"taxonomy":"product_cat","embeddable":true,"href":"https:\/\/www.bigstamping.com\/fr\/wp-json\/wp\/v2\/product_cat?post=16926"},{"taxonomy":"product_tag","embeddable":true,"href":"https:\/\/www.bigstamping.com\/fr\/wp-json\/wp\/v2\/product_tag?post=16926"}],"curies":[{"name":"wp","href":"https:\/\/api.w.org\/{rel}","templated":true}]}}