{"id":16998,"date":"2020-08-18T10:00:44","date_gmt":"2020-08-18T10:00:44","guid":{"rendered":"https:\/\/www.bigstamping.com\/producto\/tinta-multisuperficie-de-secado-rapido\/"},"modified":"2025-07-30T15:38:37","modified_gmt":"2025-07-30T13:38:37","slug":"encre-multi-surfaces-a-sechage-rapide","status":"publish","type":"product","link":"https:\/\/www.bigstamping.com\/fr\/producto\/encre-multi-surfaces-a-sechage-rapide\/","title":{"rendered":"Encres multi-surfaces \u00e0 s\u00e9chage rapide (pour MiniStamps)"},"content":{"rendered":"","protected":false},"excerpt":{"rendered":"<h2><strong>Tamponnez sur n&rsquo;importe quelle surface !<\/strong><\/h2>\n<p>D\u00e9couvrez cette encre r\u00e9volutionnaire formul\u00e9e pour les surfaces semi-poreuses et non poreuses ! Ce tampon contient d\u00e9j\u00e0 l&rsquo;encre. Il suffit de retirer le couvercle, puis de soulever son plateau de protection, pour que l&rsquo;encre ne s\u00e8che pas, de mouiller votre <strong>Ministamp<\/strong> sur son tampon et de tamponner ! Replacez le couvercle int\u00e9rieur en plastique apr\u00e8s utilisation. Assurez-vous que le tampon est exempt d&rsquo;huiles ou de r\u00e9sidus avant d&rsquo;utiliser <strong>l&rsquo;encre multi-surfaces \u00e0 s\u00e9chage rapide StazOn. <\/strong><\/p>\n[acordeon_personalizado]<\/p>\n<p>[pestana_acordeon_personalizado titulo=\"Recomendaciones de uso\"]<\/p>\n<p><strong>Pour ce type d&rsquo;encre, le temps de s\u00e9chage recommand\u00e9 est de 3 secondes (surfaces poreuses), 5 minutes (surfaces non poreuses). Varie en fonction du mat\u00e9riau, de l&rsquo;humidit\u00e9, etc&#8230; <\/strong> Nettoyer les tampons imm\u00e9diatement apr\u00e8s utilisation avec de l&rsquo;eau et du savon. S\u00e9chez-les bien et conservez-les dans un endroit frais et sec, \u00e0 l&rsquo;abri de la lumi\u00e8re naturelle.<\/p>\n<p><strong>L&rsquo;encre multisurface StazOn \u00e0 s\u00e9chage rapide <\/strong> peut \u00e9galement \u00eatre utilis\u00e9e pour d\u00e9corer la peau en imitant les tatouages ou comme badge pour participer \u00e0 des \u00e9v\u00e9nements. Utiliser sur une peau propre et s\u00e8che, exempte de r\u00e9sidus de cr\u00e8mes, d&rsquo;huiles, etc. Sur le cuir, tamponner et ne pas toucher pendant au moins 10 minutes.<\/p>\n<p>[\/pestana_acordeon_personalizado]<\/p>\n<p>[pestana_acordeon_personalizado titulo=\"Otras caracter\u00edsticas de la tinta StazOn\"]<\/p>\n<p><strong>Le tampon encreur multisurfaces StazOn \u00e0 s\u00e9chage rapide a une surface maximale de 77 x 47 mm (3,03&#215;1,85 in). L<\/strong>e tampon peut \u00eatre utilis\u00e9 avec des tampons un peu plus grands car il est gaufr\u00e9 et peut donc \u00eatre impr\u00e9gn\u00e9 de tampons plus grands. Cependant, pour des raisons de fonctionnalit\u00e9, nous ne recommandons pas son utilisation sur des timbres autres que les <strong>MiniStamps BigStamping. <\/strong><\/p>\n<p>Il hallucine, avec pour r\u00e9sultat <strong>descouleurs m\u00e9talliques or et argent.<\/strong><\/p>\n<p><strong>APPLICATION :<\/strong>plastique, m\u00e9tal, plastique r\u00e9tractable, caoutchouc, cuir, argile polym\u00e8re, papier plastifi\u00e9, papier lisse, papier textur\u00e9, papier photo, verre, porcelaine, terre cuite, cellophane.<\/p>\n<p>[\/pestana_acordeon_personalizado]<\/p>\n<p>[pestana_acordeon_personalizado titulo=\"\u00bfC\u00f3mo hago mi pedido?\"]<\/p>\n<p>Pour commander ce produit, il vous suffit de choisir la couleur qui vous int\u00e9resse, le nombre d&rsquo;unit\u00e9s souhait\u00e9es et de cliquer sur le bouton \u00ab Ajouter au panier \u00bb. Cette encre, recommand\u00e9e uniquement pour les MiniStamps, n&rsquo;est pas incluse dans les kits, mais vous pouvez commander autant d&rsquo;unit\u00e9s et de couleurs que vous le souhaitez. \ud83d\ude09<\/p>\n<p><strong>\u00b7 Modes de paiement accept\u00e9s : cartes de d\u00e9bit\/cr\u00e9dit et Paypal.<\/strong><\/p>\n<p>[\/pestana_acordeon_personalizado]<\/p>\n<p>[pestana_acordeon_personalizado titulo=\"Plazos de entrega y costes de env\u00edo\"]<\/p>\n<p>Nous exp\u00e9dions vers tous les pays de la Communaut\u00e9 \u00e9conomique europ\u00e9enne. Nous exp\u00e9dions \u00e9galement vers les \u00c9tats-Unis, le Royaume-Uni, la Suisse, le Canada, l&rsquo;Australie, le Chili, les \u00c9mirats arabes unis et le Japon.<\/p>\n<p><strong>D\u00e9lais de livraison<\/strong><\/p>\n<p>\u00c0 partir du moment o\u00f9 vous passez votre commande, et s&rsquo;il n&rsquo;y a pas de probl\u00e8me avec le dessin, il faut compter environ <strong>7 \u00e0 10 jours ouvrables pour livrer votre commande.<\/strong><\/p>\n<p><span style=\"text-decoration: underline;\"><strong>*REMARQUE :<\/strong><\/span> nous ne sommes pas responsables des retards caus\u00e9s par les soci\u00e9t\u00e9s de transport ou les organismes de contr\u00f4le.<\/p>\n<p><strong>Co\u00fbt des envois<\/strong><\/p>\n<p>Les frais de port sont calcul\u00e9s automatiquement par le site en fonction du pays et des articles ajout\u00e9s au panier.<\/p>\n<p>Les frais de port sont gratuits \u00e0 partir de 100 euros, en fonction de la destination de la livraison. Pour des informations plus d\u00e9taill\u00e9es sur les frais de port et les montants requis pour une livraison gratuite, veuillez <a href=\"https:\/\/www.bigstamping.com\/fr\/faq\/\">consulter la section FAQ<\/a> et v\u00e9rifier les conditions relatives \u00e0 votre adresse.<\/p>\n<p>[\/pestana_acordeon_personalizado]<\/p>\n<p>[\/acordeon_personalizado]\n","protected":false},"featured_media":16581,"template":"","meta":{"_acf_changed":false,"_genesis_hide_title":false,"_genesis_hide_breadcrumbs":false,"_genesis_hide_singular_image":false,"_genesis_hide_footer_widgets":false,"_genesis_custom_body_class":"","_genesis_custom_post_class":"","_genesis_layout":""},"product_brand":[],"product_cat":[71],"product_tag":[],"class_list":{"0":"post-16998","1":"product","2":"type-product","3":"status-publish","4":"has-post-thumbnail","6":"product_cat-les-accessoires-fr","7":"product_shipping_class-clase-1-fr","8":"entry","10":"first","11":"instock","12":"taxable","13":"shipping-taxable","14":"purchasable","15":"product-type-variable"},"acf":[],"yoast_head":"<!-- This site is optimized with the Yoast SEO plugin v26.7 - https:\/\/yoast.com\/wordpress\/plugins\/seo\/ -->\n<title>Encres multi-surfaces \u00e0 s\u00e9chage rapide (pour MiniStamps) - BigStamping<\/title>\n<meta name=\"description\" content=\"Encres \u00e0 s\u00e9chage rapide pour estamper votre marque ou vos dessins sur des surfaces telles que le plastique, le verre, le m\u00e9tal, l&#039;argile, le cuir, etc.\" \/>\n<meta name=\"robots\" content=\"index, follow, max-snippet:-1, max-image-preview:large, max-video-preview:-1\" \/>\n<link rel=\"canonical\" href=\"https:\/\/www.bigstamping.com\/fr\/producto\/encre-multi-surfaces-a-sechage-rapide\/\" \/>\n<meta property=\"og:locale\" content=\"fr_FR\" \/>\n<meta property=\"og:type\" content=\"article\" \/>\n<meta property=\"og:title\" content=\"Encres multi-surfaces \u00e0 s\u00e9chage rapide (pour MiniStamps) - BigStamping\" \/>\n<meta property=\"og:description\" content=\"Encres \u00e0 s\u00e9chage rapide pour estamper votre marque ou vos dessins sur des surfaces telles que le plastique, le verre, le m\u00e9tal, l&#039;argile, le cuir, etc.\" \/>\n<meta property=\"og:url\" content=\"https:\/\/www.bigstamping.com\/fr\/producto\/encre-multi-surfaces-a-sechage-rapide\/\" \/>\n<meta property=\"og:site_name\" content=\"BigStamping\" \/>\n<meta property=\"article:publisher\" content=\"https:\/\/www.facebook.com\/Bigstamping-241206903231462\/\" \/>\n<meta property=\"article:modified_time\" content=\"2025-07-30T13:38:37+00:00\" \/>\n<meta property=\"og:image\" content=\"https:\/\/www.bigstamping.com\/wp-content\/uploads\/2020\/08\/tinta-stazon-ultramarine.jpg\" \/>\n\t<meta property=\"og:image:width\" content=\"1500\" \/>\n\t<meta property=\"og:image:height\" content=\"1500\" \/>\n\t<meta property=\"og:image:type\" content=\"image\/jpeg\" \/>\n<meta name=\"twitter:card\" content=\"summary_large_image\" \/>\n<meta name=\"twitter:site\" content=\"@Bigstamping\" \/>\n<meta name=\"twitter:label1\" content=\"Dur\u00e9e de lecture estim\u00e9e\" \/>\n\t<meta name=\"twitter:data1\" content=\"1 minute\" \/>\n<script type=\"application\/ld+json\" class=\"yoast-schema-graph\">{\"@context\":\"https:\/\/schema.org\",\"@graph\":[{\"@type\":\"WebPage\",\"@id\":\"https:\/\/www.bigstamping.com\/fr\/producto\/encre-multi-surfaces-a-sechage-rapide\/\",\"url\":\"https:\/\/www.bigstamping.com\/fr\/producto\/encre-multi-surfaces-a-sechage-rapide\/\",\"name\":\"Encres multi-surfaces \u00e0 s\u00e9chage rapide (pour MiniStamps) - BigStamping\",\"isPartOf\":{\"@id\":\"https:\/\/www.bigstamping.com\/#website\"},\"primaryImageOfPage\":{\"@id\":\"https:\/\/www.bigstamping.com\/fr\/producto\/encre-multi-surfaces-a-sechage-rapide\/#primaryimage\"},\"image\":{\"@id\":\"https:\/\/www.bigstamping.com\/fr\/producto\/encre-multi-surfaces-a-sechage-rapide\/#primaryimage\"},\"thumbnailUrl\":\"https:\/\/www.bigstamping.com\/wp-content\/uploads\/2020\/08\/tinta-stazon-ultramarine.jpg\",\"datePublished\":\"2020-08-18T10:00:44+00:00\",\"dateModified\":\"2025-07-30T13:38:37+00:00\",\"description\":\"Encres \u00e0 s\u00e9chage rapide pour estamper votre marque ou vos dessins sur des surfaces telles que le plastique, le verre, le m\u00e9tal, l'argile, le cuir, etc.\",\"breadcrumb\":{\"@id\":\"https:\/\/www.bigstamping.com\/fr\/producto\/encre-multi-surfaces-a-sechage-rapide\/#breadcrumb\"},\"inLanguage\":\"fr-FR\",\"potentialAction\":[{\"@type\":\"ReadAction\",\"target\":[\"https:\/\/www.bigstamping.com\/fr\/producto\/encre-multi-surfaces-a-sechage-rapide\/\"]}]},{\"@type\":\"ImageObject\",\"inLanguage\":\"fr-FR\",\"@id\":\"https:\/\/www.bigstamping.com\/fr\/producto\/encre-multi-surfaces-a-sechage-rapide\/#primaryimage\",\"url\":\"https:\/\/www.bigstamping.com\/wp-content\/uploads\/2020\/08\/tinta-stazon-ultramarine.jpg\",\"contentUrl\":\"https:\/\/www.bigstamping.com\/wp-content\/uploads\/2020\/08\/tinta-stazon-ultramarine.jpg\",\"width\":1500,\"height\":1500,\"caption\":\"Encre \u00e0 s\u00e9chage rapide Stazon Ultramarine Blue\"},{\"@type\":\"BreadcrumbList\",\"@id\":\"https:\/\/www.bigstamping.com\/fr\/producto\/encre-multi-surfaces-a-sechage-rapide\/#breadcrumb\",\"itemListElement\":[{\"@type\":\"ListItem\",\"position\":1,\"name\":\"Portada\",\"item\":\"https:\/\/www.bigstamping.com\/fr\/\"},{\"@type\":\"ListItem\",\"position\":2,\"name\":\"Encres multi-surfaces \u00e0 s\u00e9chage rapide (pour MiniStamps)\"}]},{\"@type\":\"WebSite\",\"@id\":\"https:\/\/www.bigstamping.com\/#website\",\"url\":\"https:\/\/www.bigstamping.com\/\",\"name\":\"BigStamping\",\"description\":\"Sellos de gran tama\u00f1o para stampear\",\"publisher\":{\"@id\":\"https:\/\/www.bigstamping.com\/#organization\"},\"potentialAction\":[{\"@type\":\"SearchAction\",\"target\":{\"@type\":\"EntryPoint\",\"urlTemplate\":\"https:\/\/www.bigstamping.com\/?s={search_term_string}\"},\"query-input\":{\"@type\":\"PropertyValueSpecification\",\"valueRequired\":true,\"valueName\":\"search_term_string\"}}],\"inLanguage\":\"fr-FR\"},{\"@type\":\"Organization\",\"@id\":\"https:\/\/www.bigstamping.com\/#organization\",\"name\":\"BigStamping\",\"url\":\"https:\/\/www.bigstamping.com\/\",\"logo\":{\"@type\":\"ImageObject\",\"inLanguage\":\"fr-FR\",\"@id\":\"https:\/\/www.bigstamping.com\/#\/schema\/logo\/image\/\",\"url\":\"https:\/\/www.bigstamping.com\/wp-content\/uploads\/2018\/12\/big-stamper-amarillo.jpg\",\"contentUrl\":\"https:\/\/www.bigstamping.com\/wp-content\/uploads\/2018\/12\/big-stamper-amarillo.jpg\",\"width\":293,\"height\":300,\"caption\":\"BigStamping\"},\"image\":{\"@id\":\"https:\/\/www.bigstamping.com\/#\/schema\/logo\/image\/\"},\"sameAs\":[\"https:\/\/www.facebook.com\/Bigstamping-241206903231462\/\",\"https:\/\/x.com\/Bigstamping\",\"https:\/\/www.instagram.com\/bigstamping\/\",\"https:\/\/www.youtube.com\/channel\/UC_l3jNsBYYC-Ds9pzcZy_Vg\"]}]}<\/script>\n<!-- \/ Yoast SEO plugin. -->","yoast_head_json":{"title":"Encres multi-surfaces \u00e0 s\u00e9chage rapide (pour MiniStamps) - BigStamping","description":"Encres \u00e0 s\u00e9chage rapide pour estamper votre marque ou vos dessins sur des surfaces telles que le plastique, le verre, le m\u00e9tal, l'argile, le cuir, etc.","robots":{"index":"index","follow":"follow","max-snippet":"max-snippet:-1","max-image-preview":"max-image-preview:large","max-video-preview":"max-video-preview:-1"},"canonical":"https:\/\/www.bigstamping.com\/fr\/producto\/encre-multi-surfaces-a-sechage-rapide\/","og_locale":"fr_FR","og_type":"article","og_title":"Encres multi-surfaces \u00e0 s\u00e9chage rapide (pour MiniStamps) - BigStamping","og_description":"Encres \u00e0 s\u00e9chage rapide pour estamper votre marque ou vos dessins sur des surfaces telles que le plastique, le verre, le m\u00e9tal, l'argile, le cuir, etc.","og_url":"https:\/\/www.bigstamping.com\/fr\/producto\/encre-multi-surfaces-a-sechage-rapide\/","og_site_name":"BigStamping","article_publisher":"https:\/\/www.facebook.com\/Bigstamping-241206903231462\/","article_modified_time":"2025-07-30T13:38:37+00:00","og_image":[{"width":1500,"height":1500,"url":"https:\/\/www.bigstamping.com\/wp-content\/uploads\/2020\/08\/tinta-stazon-ultramarine.jpg","type":"image\/jpeg"}],"twitter_card":"summary_large_image","twitter_site":"@Bigstamping","twitter_misc":{"Dur\u00e9e de lecture estim\u00e9e":"1 minute"},"schema":{"@context":"https:\/\/schema.org","@graph":[{"@type":"WebPage","@id":"https:\/\/www.bigstamping.com\/fr\/producto\/encre-multi-surfaces-a-sechage-rapide\/","url":"https:\/\/www.bigstamping.com\/fr\/producto\/encre-multi-surfaces-a-sechage-rapide\/","name":"Encres multi-surfaces \u00e0 s\u00e9chage rapide (pour MiniStamps) - BigStamping","isPartOf":{"@id":"https:\/\/www.bigstamping.com\/#website"},"primaryImageOfPage":{"@id":"https:\/\/www.bigstamping.com\/fr\/producto\/encre-multi-surfaces-a-sechage-rapide\/#primaryimage"},"image":{"@id":"https:\/\/www.bigstamping.com\/fr\/producto\/encre-multi-surfaces-a-sechage-rapide\/#primaryimage"},"thumbnailUrl":"https:\/\/www.bigstamping.com\/wp-content\/uploads\/2020\/08\/tinta-stazon-ultramarine.jpg","datePublished":"2020-08-18T10:00:44+00:00","dateModified":"2025-07-30T13:38:37+00:00","description":"Encres \u00e0 s\u00e9chage rapide pour estamper votre marque ou vos dessins sur des surfaces telles que le plastique, le verre, le m\u00e9tal, l'argile, le cuir, etc.","breadcrumb":{"@id":"https:\/\/www.bigstamping.com\/fr\/producto\/encre-multi-surfaces-a-sechage-rapide\/#breadcrumb"},"inLanguage":"fr-FR","potentialAction":[{"@type":"ReadAction","target":["https:\/\/www.bigstamping.com\/fr\/producto\/encre-multi-surfaces-a-sechage-rapide\/"]}]},{"@type":"ImageObject","inLanguage":"fr-FR","@id":"https:\/\/www.bigstamping.com\/fr\/producto\/encre-multi-surfaces-a-sechage-rapide\/#primaryimage","url":"https:\/\/www.bigstamping.com\/wp-content\/uploads\/2020\/08\/tinta-stazon-ultramarine.jpg","contentUrl":"https:\/\/www.bigstamping.com\/wp-content\/uploads\/2020\/08\/tinta-stazon-ultramarine.jpg","width":1500,"height":1500,"caption":"Encre \u00e0 s\u00e9chage rapide Stazon Ultramarine Blue"},{"@type":"BreadcrumbList","@id":"https:\/\/www.bigstamping.com\/fr\/producto\/encre-multi-surfaces-a-sechage-rapide\/#breadcrumb","itemListElement":[{"@type":"ListItem","position":1,"name":"Portada","item":"https:\/\/www.bigstamping.com\/fr\/"},{"@type":"ListItem","position":2,"name":"Encres multi-surfaces \u00e0 s\u00e9chage rapide (pour MiniStamps)"}]},{"@type":"WebSite","@id":"https:\/\/www.bigstamping.com\/#website","url":"https:\/\/www.bigstamping.com\/","name":"BigStamping","description":"Sellos de gran tama\u00f1o para stampear","publisher":{"@id":"https:\/\/www.bigstamping.com\/#organization"},"potentialAction":[{"@type":"SearchAction","target":{"@type":"EntryPoint","urlTemplate":"https:\/\/www.bigstamping.com\/?s={search_term_string}"},"query-input":{"@type":"PropertyValueSpecification","valueRequired":true,"valueName":"search_term_string"}}],"inLanguage":"fr-FR"},{"@type":"Organization","@id":"https:\/\/www.bigstamping.com\/#organization","name":"BigStamping","url":"https:\/\/www.bigstamping.com\/","logo":{"@type":"ImageObject","inLanguage":"fr-FR","@id":"https:\/\/www.bigstamping.com\/#\/schema\/logo\/image\/","url":"https:\/\/www.bigstamping.com\/wp-content\/uploads\/2018\/12\/big-stamper-amarillo.jpg","contentUrl":"https:\/\/www.bigstamping.com\/wp-content\/uploads\/2018\/12\/big-stamper-amarillo.jpg","width":293,"height":300,"caption":"BigStamping"},"image":{"@id":"https:\/\/www.bigstamping.com\/#\/schema\/logo\/image\/"},"sameAs":["https:\/\/www.facebook.com\/Bigstamping-241206903231462\/","https:\/\/x.com\/Bigstamping","https:\/\/www.instagram.com\/bigstamping\/","https:\/\/www.youtube.com\/channel\/UC_l3jNsBYYC-Ds9pzcZy_Vg"]}]}},"_links":{"self":[{"href":"https:\/\/www.bigstamping.com\/fr\/wp-json\/wp\/v2\/product\/16998","targetHints":{"allow":["GET"]}}],"collection":[{"href":"https:\/\/www.bigstamping.com\/fr\/wp-json\/wp\/v2\/product"}],"about":[{"href":"https:\/\/www.bigstamping.com\/fr\/wp-json\/wp\/v2\/types\/product"}],"version-history":[{"count":0,"href":"https:\/\/www.bigstamping.com\/fr\/wp-json\/wp\/v2\/product\/16998\/revisions"}],"wp:featuredmedia":[{"embeddable":true,"href":"https:\/\/www.bigstamping.com\/fr\/wp-json\/wp\/v2\/media\/16581"}],"wp:attachment":[{"href":"https:\/\/www.bigstamping.com\/fr\/wp-json\/wp\/v2\/media?parent=16998"}],"wp:term":[{"taxonomy":"product_brand","embeddable":true,"href":"https:\/\/www.bigstamping.com\/fr\/wp-json\/wp\/v2\/product_brand?post=16998"},{"taxonomy":"product_cat","embeddable":true,"href":"https:\/\/www.bigstamping.com\/fr\/wp-json\/wp\/v2\/product_cat?post=16998"},{"taxonomy":"product_tag","embeddable":true,"href":"https:\/\/www.bigstamping.com\/fr\/wp-json\/wp\/v2\/product_tag?post=16998"}],"curies":[{"name":"wp","href":"https:\/\/api.w.org\/{rel}","templated":true}]}}