{"id":3640,"date":"2018-12-05T17:25:44","date_gmt":"2018-12-05T17:25:44","guid":{"rendered":"https:\/\/www.bigstamping.com\/producto\/tensor-textil\/"},"modified":"2024-05-24T19:24:01","modified_gmt":"2024-05-24T18:24:01","slug":"tendeur-textile","status":"publish","type":"product","link":"https:\/\/www.bigstamping.com\/fr\/producto\/tendeur-textile\/","title":{"rendered":"Tendeur de textile"},"content":{"rendered":"<p><span style=\"font-weight: 400;\">Fabriqu\u00e9 en: Bois naturel sans vernis \u00e0 la main. Il se compose de deux pi\u00e8ces.<\/span><\/p>\n<hr \/>\n<p><span style=\"font-weight: 400;\">Dimensions: 48x36x3<\/span><\/p>\n<hr \/>\n<p><span style=\"font-weight: 400;\">Poids: 2,300 grammes<\/span><\/p>\n<hr \/>\n<p><span style=\"font-weight: 400;\">Conservation:. Il ne n\u00e9cessite pas de conditions particuli\u00e8res.<\/span><\/p>\n<hr \/>\n<p><span style=\"font-weight: 400;\">Recommand\u00e9 pour: tous les types de tissus, en particulier les chemises<\/span><\/p>\n<hr \/>\n<p><span style=\"font-weight: 400;\">\u00c0 prendre en compte: il est con\u00e7u pour les tissus d&rsquo;\u00e9paisseur standard, comme le coton ou le lin.<\/span><\/p>\n<hr \/>\n<p><span style=\"font-weight: 400;\">R\u00e9f\u00e9rence: BS-TC01<\/span><\/p>\n","protected":false},"excerpt":{"rendered":"<p><span style=\"font-weight: 400;\"><strong>Le tendeur textile BigStamping<\/strong> est un accessoire en bois naturel, non verni et enti\u00e8rement fabriqu\u00e9 \u00e0 la main. Il est con\u00e7u comme un support pour les T-shirts et autres articles textiles (totebags, sweatshirts, etc.).<\/span><\/p>\n<p><span style=\"font-weight: 400;\">Notre tendeur vous aidera \u00e0 emp\u00eacher le mat\u00e9riau sur lequel vous choisissez d&rsquo;imprimer de bouger, \u00e9vitant ainsi que les tissus ne se froissent. Gr\u00e2ce \u00e0 lui, vous obtiendrez une uniformit\u00e9 dans vos cr\u00e9ations, en \u00e9vitant que l&rsquo;encre ne s&rsquo;\u00e9tale.<\/span><\/p>\n<p><span style=\"font-weight: 400;\">Ce tendeur se compose de deux parties.<\/span><\/p>\n[acordeon_personalizado]<\/p>\n<p>[pestana_acordeon_personalizado titulo=\"Informations compl\u00e9mentaires sur le tendeur BigStamping\"]<\/p>\n<p><span style=\"font-weight: 400;\">Dimensions : 48x36x3 (18,89&#215;14,17&#215;1,18 in)<\/span><\/p>\n<hr \/>\n<p><span style=\"font-weight: 400;\">Poids: 2,300 grammes<\/span><\/p>\n<hr \/>\n<p><span style=\"font-weight: 400;\">Stockage : aucune condition particuli\u00e8re n&rsquo;est requise.<\/span><\/p>\n<hr \/>\n<p><span style=\"font-weight: 400;\">Recommand\u00e9 pour tous les types de tissus, en particulier les T-shirts.<\/span><\/p>\n<hr \/>\n<p><span style=\"font-weight: 400;\">\u00c0 prendre en compte: il est con\u00e7u pour les tissus d&rsquo;\u00e9paisseur standard, comme le coton ou le lin.<\/span><\/p>\n<p>[\/pestana_acordeon_personalizado]<\/p>\n<p>[pestana_acordeon_personalizado titulo=\"Comment puis-je commander ?\"]<\/p>\n<p>Pour commander ce produit, il suffit de choisir la quantit\u00e9 et de cliquer sur le bouton \u00ab Ajouter au panier \u00bb. Le tendeur n&rsquo;est pas inclus dans les kits, mais vous pouvez en commander autant que n\u00e9cessaire ;).<\/p>\n<p><strong>\u00b7 Modes de paiement accept\u00e9s : cartes de d\u00e9bit\/cr\u00e9dit et Paypal.<\/strong><\/p>\n<p>[\/pestana_acordeon_personalizado]<\/p>\n<p>[pestana_acordeon_personalizado titulo=\"D\u00e9lais de livraison et frais d'exp\u00e9dition\"]<\/p>\n<p>Nous exp\u00e9dions vers tous les pays de la Communaut\u00e9 \u00e9conomique europ\u00e9enne. Nous exp\u00e9dions \u00e9galement vers les \u00c9tats-Unis, le Royaume-Uni, le Turquie, la Suisse, le Canada, l&rsquo;Australie, le Chili, les \u00c9mirats arabes unis et le Japon.<\/p>\n<p><strong>D\u00e9lais de livraison<\/strong><\/p>\n<p>\u00c0 partir du moment o\u00f9 vous passez votre commande, et s&rsquo;il n&rsquo;y a pas de probl\u00e8me avec le dessin, il faut compter environ <strong>7 \u00e0 15 jours ouvrables pour livrer votre commande.<\/strong><\/p>\n<p><span style=\"text-decoration: underline;\"><strong>*REMARQUE :<\/strong><\/span> nous ne sommes pas responsables des retards caus\u00e9s par les soci\u00e9t\u00e9s de transport ou les organismes de contr\u00f4le.<\/p>\n<p><strong>Co\u00fbt des envois<\/strong><\/p>\n<p>Les frais de port sont calcul\u00e9s automatiquement par le site en fonction du pays et des articles ajout\u00e9s au panier.<\/p>\n<p>Les frais de port sont gratuits \u00e0 partir de 190 euros, en fonction de la destination de la livraison. Pour des informations plus d\u00e9taill\u00e9es sur les frais de port et les montants requis pour une livraison gratuite, veuillez <a href=\"https:\/\/www.bigstamping.com\/fr\/faq\/\">consulter la section FAQ<\/a> et v\u00e9rifier les conditions relatives \u00e0 votre adresse.<\/p>\n<p>[\/pestana_acordeon_personalizado]<\/p>\n<p>[\/acordeon_personalizado]\n","protected":false},"featured_media":2811,"template":"","meta":{"_acf_changed":false,"_genesis_hide_title":false,"_genesis_hide_breadcrumbs":false,"_genesis_hide_singular_image":false,"_genesis_hide_footer_widgets":false,"_genesis_custom_body_class":"","_genesis_custom_post_class":"","_genesis_layout":""},"product_brand":[],"product_cat":[69,71,70],"product_tag":[],"class_list":{"0":"post-3640","1":"product","2":"type-product","3":"status-publish","4":"has-post-thumbnail","6":"product_cat-extras-fr","7":"product_cat-les-accessoires-fr","8":"product_cat-ministamps-fr","9":"product_shipping_class-tendeur","10":"entry","12":"first","13":"instock","14":"taxable","15":"shipping-taxable","16":"purchasable","17":"product-type-simple"},"acf":[],"yoast_head":"<!-- This site is optimized with the Yoast SEO plugin v26.7 - https:\/\/yoast.com\/wordpress\/plugins\/seo\/ -->\n<title>Tendeur de textile - BigStamping<\/title>\n<meta name=\"description\" content=\"Tendeur pour imprimer sur des mati\u00e8res textiles sans provoquer de plis. Id\u00e9al pour compl\u00e9ter nos tampons personnalis\u00e9s\" \/>\n<meta name=\"robots\" content=\"index, follow, max-snippet:-1, max-image-preview:large, max-video-preview:-1\" \/>\n<link rel=\"canonical\" href=\"https:\/\/www.bigstamping.com\/fr\/producto\/tendeur-textile\/\" \/>\n<meta property=\"og:locale\" content=\"fr_FR\" \/>\n<meta property=\"og:type\" content=\"article\" \/>\n<meta property=\"og:title\" content=\"Tendeur de textile - BigStamping\" \/>\n<meta property=\"og:description\" content=\"Tendeur pour imprimer sur des mati\u00e8res textiles sans provoquer de plis. Id\u00e9al pour compl\u00e9ter nos tampons personnalis\u00e9s\" \/>\n<meta property=\"og:url\" content=\"https:\/\/www.bigstamping.com\/fr\/producto\/tendeur-textile\/\" \/>\n<meta property=\"og:site_name\" content=\"BigStamping\" \/>\n<meta property=\"article:publisher\" content=\"https:\/\/www.facebook.com\/Bigstamping-241206903231462\/\" \/>\n<meta property=\"article:modified_time\" content=\"2024-05-24T18:24:01+00:00\" \/>\n<meta property=\"og:image\" content=\"https:\/\/www.bigstamping.com\/wp-content\/uploads\/2018\/12\/TENSOR-XEXU.jpg\" \/>\n\t<meta property=\"og:image:width\" content=\"1500\" \/>\n\t<meta property=\"og:image:height\" content=\"1500\" \/>\n\t<meta property=\"og:image:type\" content=\"image\/jpeg\" \/>\n<meta name=\"twitter:card\" content=\"summary_large_image\" \/>\n<meta name=\"twitter:site\" content=\"@Bigstamping\" \/>\n<meta name=\"twitter:label1\" content=\"Dur\u00e9e de lecture estim\u00e9e\" \/>\n\t<meta name=\"twitter:data1\" content=\"1 minute\" \/>\n<script type=\"application\/ld+json\" class=\"yoast-schema-graph\">{\"@context\":\"https:\/\/schema.org\",\"@graph\":[{\"@type\":\"WebPage\",\"@id\":\"https:\/\/www.bigstamping.com\/fr\/producto\/tendeur-textile\/\",\"url\":\"https:\/\/www.bigstamping.com\/fr\/producto\/tendeur-textile\/\",\"name\":\"Tendeur de textile - BigStamping\",\"isPartOf\":{\"@id\":\"https:\/\/www.bigstamping.com\/#website\"},\"primaryImageOfPage\":{\"@id\":\"https:\/\/www.bigstamping.com\/fr\/producto\/tendeur-textile\/#primaryimage\"},\"image\":{\"@id\":\"https:\/\/www.bigstamping.com\/fr\/producto\/tendeur-textile\/#primaryimage\"},\"thumbnailUrl\":\"https:\/\/www.bigstamping.com\/wp-content\/uploads\/2018\/12\/TENSOR-XEXU.jpg\",\"datePublished\":\"2018-12-05T17:25:44+00:00\",\"dateModified\":\"2024-05-24T18:24:01+00:00\",\"description\":\"Tendeur pour imprimer sur des mati\u00e8res textiles sans provoquer de plis. Id\u00e9al pour compl\u00e9ter nos tampons personnalis\u00e9s\",\"breadcrumb\":{\"@id\":\"https:\/\/www.bigstamping.com\/fr\/producto\/tendeur-textile\/#breadcrumb\"},\"inLanguage\":\"fr-FR\",\"potentialAction\":[{\"@type\":\"ReadAction\",\"target\":[\"https:\/\/www.bigstamping.com\/fr\/producto\/tendeur-textile\/\"]}]},{\"@type\":\"ImageObject\",\"inLanguage\":\"fr-FR\",\"@id\":\"https:\/\/www.bigstamping.com\/fr\/producto\/tendeur-textile\/#primaryimage\",\"url\":\"https:\/\/www.bigstamping.com\/wp-content\/uploads\/2018\/12\/TENSOR-XEXU.jpg\",\"contentUrl\":\"https:\/\/www.bigstamping.com\/wp-content\/uploads\/2018\/12\/TENSOR-XEXU.jpg\",\"width\":1500,\"height\":1500,\"caption\":\"Tendeur textile pour gros estampage\"},{\"@type\":\"BreadcrumbList\",\"@id\":\"https:\/\/www.bigstamping.com\/fr\/producto\/tendeur-textile\/#breadcrumb\",\"itemListElement\":[{\"@type\":\"ListItem\",\"position\":1,\"name\":\"Portada\",\"item\":\"https:\/\/www.bigstamping.com\/fr\/\"},{\"@type\":\"ListItem\",\"position\":2,\"name\":\"Tendeur de textile\"}]},{\"@type\":\"WebSite\",\"@id\":\"https:\/\/www.bigstamping.com\/#website\",\"url\":\"https:\/\/www.bigstamping.com\/\",\"name\":\"BigStamping\",\"description\":\"Sellos de gran tama\u00f1o para stampear\",\"publisher\":{\"@id\":\"https:\/\/www.bigstamping.com\/#organization\"},\"potentialAction\":[{\"@type\":\"SearchAction\",\"target\":{\"@type\":\"EntryPoint\",\"urlTemplate\":\"https:\/\/www.bigstamping.com\/?s={search_term_string}\"},\"query-input\":{\"@type\":\"PropertyValueSpecification\",\"valueRequired\":true,\"valueName\":\"search_term_string\"}}],\"inLanguage\":\"fr-FR\"},{\"@type\":\"Organization\",\"@id\":\"https:\/\/www.bigstamping.com\/#organization\",\"name\":\"BigStamping\",\"url\":\"https:\/\/www.bigstamping.com\/\",\"logo\":{\"@type\":\"ImageObject\",\"inLanguage\":\"fr-FR\",\"@id\":\"https:\/\/www.bigstamping.com\/#\/schema\/logo\/image\/\",\"url\":\"https:\/\/www.bigstamping.com\/wp-content\/uploads\/2018\/12\/big-stamper-amarillo.jpg\",\"contentUrl\":\"https:\/\/www.bigstamping.com\/wp-content\/uploads\/2018\/12\/big-stamper-amarillo.jpg\",\"width\":293,\"height\":300,\"caption\":\"BigStamping\"},\"image\":{\"@id\":\"https:\/\/www.bigstamping.com\/#\/schema\/logo\/image\/\"},\"sameAs\":[\"https:\/\/www.facebook.com\/Bigstamping-241206903231462\/\",\"https:\/\/x.com\/Bigstamping\",\"https:\/\/www.instagram.com\/bigstamping\/\",\"https:\/\/www.youtube.com\/channel\/UC_l3jNsBYYC-Ds9pzcZy_Vg\"]}]}<\/script>\n<!-- \/ Yoast SEO plugin. -->","yoast_head_json":{"title":"Tendeur de textile - BigStamping","description":"Tendeur pour imprimer sur des mati\u00e8res textiles sans provoquer de plis. Id\u00e9al pour compl\u00e9ter nos tampons personnalis\u00e9s","robots":{"index":"index","follow":"follow","max-snippet":"max-snippet:-1","max-image-preview":"max-image-preview:large","max-video-preview":"max-video-preview:-1"},"canonical":"https:\/\/www.bigstamping.com\/fr\/producto\/tendeur-textile\/","og_locale":"fr_FR","og_type":"article","og_title":"Tendeur de textile - BigStamping","og_description":"Tendeur pour imprimer sur des mati\u00e8res textiles sans provoquer de plis. Id\u00e9al pour compl\u00e9ter nos tampons personnalis\u00e9s","og_url":"https:\/\/www.bigstamping.com\/fr\/producto\/tendeur-textile\/","og_site_name":"BigStamping","article_publisher":"https:\/\/www.facebook.com\/Bigstamping-241206903231462\/","article_modified_time":"2024-05-24T18:24:01+00:00","og_image":[{"width":1500,"height":1500,"url":"https:\/\/www.bigstamping.com\/wp-content\/uploads\/2018\/12\/TENSOR-XEXU.jpg","type":"image\/jpeg"}],"twitter_card":"summary_large_image","twitter_site":"@Bigstamping","twitter_misc":{"Dur\u00e9e de lecture estim\u00e9e":"1 minute"},"schema":{"@context":"https:\/\/schema.org","@graph":[{"@type":"WebPage","@id":"https:\/\/www.bigstamping.com\/fr\/producto\/tendeur-textile\/","url":"https:\/\/www.bigstamping.com\/fr\/producto\/tendeur-textile\/","name":"Tendeur de textile - BigStamping","isPartOf":{"@id":"https:\/\/www.bigstamping.com\/#website"},"primaryImageOfPage":{"@id":"https:\/\/www.bigstamping.com\/fr\/producto\/tendeur-textile\/#primaryimage"},"image":{"@id":"https:\/\/www.bigstamping.com\/fr\/producto\/tendeur-textile\/#primaryimage"},"thumbnailUrl":"https:\/\/www.bigstamping.com\/wp-content\/uploads\/2018\/12\/TENSOR-XEXU.jpg","datePublished":"2018-12-05T17:25:44+00:00","dateModified":"2024-05-24T18:24:01+00:00","description":"Tendeur pour imprimer sur des mati\u00e8res textiles sans provoquer de plis. Id\u00e9al pour compl\u00e9ter nos tampons personnalis\u00e9s","breadcrumb":{"@id":"https:\/\/www.bigstamping.com\/fr\/producto\/tendeur-textile\/#breadcrumb"},"inLanguage":"fr-FR","potentialAction":[{"@type":"ReadAction","target":["https:\/\/www.bigstamping.com\/fr\/producto\/tendeur-textile\/"]}]},{"@type":"ImageObject","inLanguage":"fr-FR","@id":"https:\/\/www.bigstamping.com\/fr\/producto\/tendeur-textile\/#primaryimage","url":"https:\/\/www.bigstamping.com\/wp-content\/uploads\/2018\/12\/TENSOR-XEXU.jpg","contentUrl":"https:\/\/www.bigstamping.com\/wp-content\/uploads\/2018\/12\/TENSOR-XEXU.jpg","width":1500,"height":1500,"caption":"Tendeur textile pour gros estampage"},{"@type":"BreadcrumbList","@id":"https:\/\/www.bigstamping.com\/fr\/producto\/tendeur-textile\/#breadcrumb","itemListElement":[{"@type":"ListItem","position":1,"name":"Portada","item":"https:\/\/www.bigstamping.com\/fr\/"},{"@type":"ListItem","position":2,"name":"Tendeur de textile"}]},{"@type":"WebSite","@id":"https:\/\/www.bigstamping.com\/#website","url":"https:\/\/www.bigstamping.com\/","name":"BigStamping","description":"Sellos de gran tama\u00f1o para stampear","publisher":{"@id":"https:\/\/www.bigstamping.com\/#organization"},"potentialAction":[{"@type":"SearchAction","target":{"@type":"EntryPoint","urlTemplate":"https:\/\/www.bigstamping.com\/?s={search_term_string}"},"query-input":{"@type":"PropertyValueSpecification","valueRequired":true,"valueName":"search_term_string"}}],"inLanguage":"fr-FR"},{"@type":"Organization","@id":"https:\/\/www.bigstamping.com\/#organization","name":"BigStamping","url":"https:\/\/www.bigstamping.com\/","logo":{"@type":"ImageObject","inLanguage":"fr-FR","@id":"https:\/\/www.bigstamping.com\/#\/schema\/logo\/image\/","url":"https:\/\/www.bigstamping.com\/wp-content\/uploads\/2018\/12\/big-stamper-amarillo.jpg","contentUrl":"https:\/\/www.bigstamping.com\/wp-content\/uploads\/2018\/12\/big-stamper-amarillo.jpg","width":293,"height":300,"caption":"BigStamping"},"image":{"@id":"https:\/\/www.bigstamping.com\/#\/schema\/logo\/image\/"},"sameAs":["https:\/\/www.facebook.com\/Bigstamping-241206903231462\/","https:\/\/x.com\/Bigstamping","https:\/\/www.instagram.com\/bigstamping\/","https:\/\/www.youtube.com\/channel\/UC_l3jNsBYYC-Ds9pzcZy_Vg"]}]}},"_links":{"self":[{"href":"https:\/\/www.bigstamping.com\/fr\/wp-json\/wp\/v2\/product\/3640","targetHints":{"allow":["GET"]}}],"collection":[{"href":"https:\/\/www.bigstamping.com\/fr\/wp-json\/wp\/v2\/product"}],"about":[{"href":"https:\/\/www.bigstamping.com\/fr\/wp-json\/wp\/v2\/types\/product"}],"version-history":[{"count":0,"href":"https:\/\/www.bigstamping.com\/fr\/wp-json\/wp\/v2\/product\/3640\/revisions"}],"wp:featuredmedia":[{"embeddable":true,"href":"https:\/\/www.bigstamping.com\/fr\/wp-json\/wp\/v2\/media\/2811"}],"wp:attachment":[{"href":"https:\/\/www.bigstamping.com\/fr\/wp-json\/wp\/v2\/media?parent=3640"}],"wp:term":[{"taxonomy":"product_brand","embeddable":true,"href":"https:\/\/www.bigstamping.com\/fr\/wp-json\/wp\/v2\/product_brand?post=3640"},{"taxonomy":"product_cat","embeddable":true,"href":"https:\/\/www.bigstamping.com\/fr\/wp-json\/wp\/v2\/product_cat?post=3640"},{"taxonomy":"product_tag","embeddable":true,"href":"https:\/\/www.bigstamping.com\/fr\/wp-json\/wp\/v2\/product_tag?post=3640"}],"curies":[{"name":"wp","href":"https:\/\/api.w.org\/{rel}","templated":true}]}}