{"id":3643,"date":"2018-12-05T17:19:22","date_gmt":"2018-12-05T17:24:22","guid":{"rendered":"https:\/\/www.bigstamping.com\/producto\/acetatos\/"},"modified":"2024-05-24T19:23:28","modified_gmt":"2024-05-24T18:23:28","slug":"acetates","status":"publish","type":"product","link":"https:\/\/www.bigstamping.com\/fr\/producto\/acetates\/","title":{"rendered":"Les ac\u00e9tates"},"content":{"rendered":"<p><span style=\"font-weight: 400;\">Finition: douce au toucher. Il permet un glissement facile, uniforme et rapide du rouleau sur l&rsquo;encre.<\/span><\/p>\n<hr \/>\n<p><span style=\"font-weight: 400;\">Dimensions: 42 x 30 cm<\/span><\/p>\n<hr \/>\n<p><span style=\"font-weight: 400;\">Poids: 44 grammes<\/span><\/p>\n<hr \/>\n<p><span style=\"font-weight: 400;\">Epaisseur: 0,25 microns<\/span><\/p>\n<hr \/>\n<p><span style=\"font-weight: 400;\">Conservation:. Apr\u00e8s utilisation, laver \u00e0 l&rsquo;eau et au savon (facultatif).<\/span><\/p>\n<hr \/>\n<p><span style=\"font-weight: 400;\">Recommand\u00e9 pour: tous types de rouleaux, encres et joints.<\/span><\/p>\n<hr \/>\n<p><span style=\"font-weight: 400;\">R\u00e9f\u00e9rence: BS-A01<\/span><\/p>\n","protected":false},"excerpt":{"rendered":"<p><span style=\"font-weight: 400;\">Paquet de 4 ac\u00e9tates transparents de haute qualit\u00e9, format A3 (42&#215;29,7 cm \/ 16,53&#215;11,69 in). Sp\u00e9cialement con\u00e7u pour prolonger l&rsquo;encre. Ils aident \u00e0 transf\u00e9rer l&rsquo;encre sur le rouleau, rapidement et facilement, en raison de sa surface de glissement lisse.<\/span><\/p>\n<p><span style=\"font-weight: 400;\">Convient \u00e0 tous les types de peintures, rouleaux et encres.<\/span><\/p>\n[acordeon_personalizado]<\/p>\n<p>[pestana_acordeon_personalizado titulo=\"Informations compl\u00e9mentaires sur les ac\u00e9tates BigStamping\"]<\/p>\n<p><span style=\"font-weight: 400;\">Finition: douce au toucher. Il permet un glissement facile, uniforme et rapide du rouleau sur l&rsquo;encre.<br \/>\n<\/span><\/p>\n<hr \/>\n<p><span style=\"font-weight: 400;\">Poids: 44 grammes<\/span><\/p>\n<hr \/>\n<p><span style=\"font-weight: 400;\">Epaisseur: 0,25 microns<\/span><\/p>\n<hr \/>\n<p><span style=\"font-weight: 400;\">Stockage : Laver \u00e0 l&rsquo;eau et au savon apr\u00e8s utilisation. Vous pouvez l&rsquo;utiliser autant de fois que vous le souhaitez !<br \/>\n<\/span><\/p>\n<hr \/>\n<p><span style=\"font-weight: 400;\"> Recommandation d&rsquo;utilisation : Pour travailler confortablement, fixez-le \u00e0 votre bureau.<br \/>\n<\/span><\/p>\n<hr \/>\n<p><span style=\"font-weight: 400;\">Recommand\u00e9 pour: tous types de rouleaux, encres et joints.<\/span><\/p>\n<p>[\/pestana_acordeon_personalizado]<\/p>\n<p>[pestana_acordeon_personalizado titulo=\"Comment puis-je commander ?\"]<\/p>\n<p>Pour commander ce produit, il suffit de choisir la quantit\u00e9 et de cliquer sur le bouton \u00ab Ajouter au panier \u00bb. N&rsquo;oubliez pas que les kits comprennent d\u00e9j\u00e0 un paquet d&rsquo;ac\u00e9tates, mais vous pouvez en commander autant que vous le souhaitez. \ud83d\ude09<\/p>\n<p><strong>\u00b7 Modes de paiement accept\u00e9s : cartes de d\u00e9bit\/cr\u00e9dit et Paypal.<\/strong><\/p>\n<p>[\/pestana_acordeon_personalizado]<\/p>\n<p>[pestana_acordeon_personalizado titulo=\"D\u00e9lais de livraison et frais d'exp\u00e9dition\"]<\/p>\n<p>Nous exp\u00e9dions vers tous les pays de la Communaut\u00e9 \u00e9conomique europ\u00e9enne. Nous exp\u00e9dions \u00e9galement vers les \u00c9tats-Unis, le Royaume-Uni, le Turquie, la Suisse, le Canada, l&rsquo;Australie, le Chili, les \u00c9mirats arabes unis et le Japon.<\/p>\n<p><strong>D\u00e9lais de livraison<\/strong><\/p>\n<p>\u00c0 partir du moment o\u00f9 vous passez votre commande, et s&rsquo;il n&rsquo;y a pas de probl\u00e8me avec le dessin, il faut compter environ <strong>7 \u00e0 15 jours ouvrables pour livrer votre commande.<\/strong><\/p>\n<p><span style=\"text-decoration: underline;\"><strong>*REMARQUE :<\/strong><\/span> nous ne sommes pas responsables des retards caus\u00e9s par les soci\u00e9t\u00e9s de transport ou les organismes de contr\u00f4le.<\/p>\n<p><strong>Co\u00fbt des envois<\/strong><\/p>\n<p>Les frais de port sont calcul\u00e9s automatiquement par le site en fonction du pays et des articles ajout\u00e9s au panier.<\/p>\n<p>Les frais de port sont gratuits \u00e0 partir de 190 euros, en fonction de la destination de la livraison. Pour des informations plus d\u00e9taill\u00e9es sur les frais de port et les montants requis pour une livraison gratuite, veuillez <a href=\"https:\/\/www.bigstamping.com\/fr\/faq\/\">consulter la section FAQ<\/a> et v\u00e9rifier les conditions relatives \u00e0 votre adresse.<\/p>\n<p>[\/pestana_acordeon_personalizado]<\/p>\n<p>[\/acordeon_personalizado]\n","protected":false},"featured_media":2810,"template":"","meta":{"_acf_changed":false,"_genesis_hide_title":false,"_genesis_hide_breadcrumbs":false,"_genesis_hide_singular_image":false,"_genesis_hide_footer_widgets":false,"_genesis_custom_body_class":"","_genesis_custom_post_class":"","_genesis_layout":""},"product_brand":[],"product_cat":[71],"product_tag":[],"class_list":{"0":"post-3643","1":"product","2":"type-product","3":"status-publish","4":"has-post-thumbnail","6":"product_cat-les-accessoires-fr","7":"product_shipping_class-clase-1-fr","8":"entry","10":"first","11":"instock","12":"taxable","13":"shipping-taxable","14":"purchasable","15":"product-type-simple"},"acf":[],"yoast_head":"<!-- This site is optimized with the Yoast SEO plugin v26.7 - https:\/\/yoast.com\/wordpress\/plugins\/seo\/ -->\n<title>Les ac\u00e9tates - BigStamping | (FR)<\/title>\n<meta name=\"description\" content=\"Les ac\u00e9tates BigStamping servent de support \u00e0 l&#039;encre, l&#039;\u00e9tendent avec les rouleaux et tirent le meilleur parti de chaque application sur de gros joints\" \/>\n<meta name=\"robots\" content=\"index, follow, max-snippet:-1, max-image-preview:large, max-video-preview:-1\" \/>\n<link rel=\"canonical\" href=\"https:\/\/www.bigstamping.com\/fr\/producto\/acetates\/\" \/>\n<meta property=\"og:locale\" content=\"fr_FR\" \/>\n<meta property=\"og:type\" content=\"article\" \/>\n<meta property=\"og:title\" content=\"Les ac\u00e9tates - BigStamping | (FR)\" \/>\n<meta property=\"og:description\" content=\"Les ac\u00e9tates BigStamping servent de support \u00e0 l&#039;encre, l&#039;\u00e9tendent avec les rouleaux et tirent le meilleur parti de chaque application sur de gros joints\" \/>\n<meta property=\"og:url\" content=\"https:\/\/www.bigstamping.com\/fr\/producto\/acetates\/\" \/>\n<meta property=\"og:site_name\" content=\"BigStamping\" \/>\n<meta property=\"article:publisher\" content=\"https:\/\/www.facebook.com\/Bigstamping-241206903231462\/\" \/>\n<meta property=\"article:modified_time\" content=\"2024-05-24T18:23:28+00:00\" \/>\n<meta property=\"og:image\" content=\"https:\/\/www.bigstamping.com\/wp-content\/uploads\/2018\/12\/Acetato_7946_copia.jpg\" \/>\n\t<meta property=\"og:image:width\" content=\"1500\" \/>\n\t<meta property=\"og:image:height\" content=\"1500\" \/>\n\t<meta property=\"og:image:type\" content=\"image\/jpeg\" \/>\n<meta name=\"twitter:card\" content=\"summary_large_image\" \/>\n<meta name=\"twitter:site\" content=\"@Bigstamping\" \/>\n<meta name=\"twitter:label1\" content=\"Dur\u00e9e de lecture estim\u00e9e\" \/>\n\t<meta name=\"twitter:data1\" content=\"1 minute\" \/>\n<script type=\"application\/ld+json\" class=\"yoast-schema-graph\">{\"@context\":\"https:\/\/schema.org\",\"@graph\":[{\"@type\":\"WebPage\",\"@id\":\"https:\/\/www.bigstamping.com\/fr\/producto\/acetates\/\",\"url\":\"https:\/\/www.bigstamping.com\/fr\/producto\/acetates\/\",\"name\":\"Les ac\u00e9tates - BigStamping | (FR)\",\"isPartOf\":{\"@id\":\"https:\/\/www.bigstamping.com\/#website\"},\"primaryImageOfPage\":{\"@id\":\"https:\/\/www.bigstamping.com\/fr\/producto\/acetates\/#primaryimage\"},\"image\":{\"@id\":\"https:\/\/www.bigstamping.com\/fr\/producto\/acetates\/#primaryimage\"},\"thumbnailUrl\":\"https:\/\/www.bigstamping.com\/wp-content\/uploads\/2018\/12\/Acetato_7946_copia.jpg\",\"datePublished\":\"2018-12-05T17:24:22+00:00\",\"dateModified\":\"2024-05-24T18:23:28+00:00\",\"description\":\"Les ac\u00e9tates BigStamping servent de support \u00e0 l'encre, l'\u00e9tendent avec les rouleaux et tirent le meilleur parti de chaque application sur de gros joints\",\"breadcrumb\":{\"@id\":\"https:\/\/www.bigstamping.com\/fr\/producto\/acetates\/#breadcrumb\"},\"inLanguage\":\"fr-FR\",\"potentialAction\":[{\"@type\":\"ReadAction\",\"target\":[\"https:\/\/www.bigstamping.com\/fr\/producto\/acetates\/\"]}]},{\"@type\":\"ImageObject\",\"inLanguage\":\"fr-FR\",\"@id\":\"https:\/\/www.bigstamping.com\/fr\/producto\/acetates\/#primaryimage\",\"url\":\"https:\/\/www.bigstamping.com\/wp-content\/uploads\/2018\/12\/Acetato_7946_copia.jpg\",\"contentUrl\":\"https:\/\/www.bigstamping.com\/wp-content\/uploads\/2018\/12\/Acetato_7946_copia.jpg\",\"width\":1500,\"height\":1500,\"caption\":\"Grand pack d'ac\u00e9tates d'estampage\"},{\"@type\":\"BreadcrumbList\",\"@id\":\"https:\/\/www.bigstamping.com\/fr\/producto\/acetates\/#breadcrumb\",\"itemListElement\":[{\"@type\":\"ListItem\",\"position\":1,\"name\":\"Portada\",\"item\":\"https:\/\/www.bigstamping.com\/fr\/\"},{\"@type\":\"ListItem\",\"position\":2,\"name\":\"Les ac\u00e9tates\"}]},{\"@type\":\"WebSite\",\"@id\":\"https:\/\/www.bigstamping.com\/#website\",\"url\":\"https:\/\/www.bigstamping.com\/\",\"name\":\"BigStamping\",\"description\":\"Sellos de gran tama\u00f1o para stampear\",\"publisher\":{\"@id\":\"https:\/\/www.bigstamping.com\/#organization\"},\"potentialAction\":[{\"@type\":\"SearchAction\",\"target\":{\"@type\":\"EntryPoint\",\"urlTemplate\":\"https:\/\/www.bigstamping.com\/?s={search_term_string}\"},\"query-input\":{\"@type\":\"PropertyValueSpecification\",\"valueRequired\":true,\"valueName\":\"search_term_string\"}}],\"inLanguage\":\"fr-FR\"},{\"@type\":\"Organization\",\"@id\":\"https:\/\/www.bigstamping.com\/#organization\",\"name\":\"BigStamping\",\"url\":\"https:\/\/www.bigstamping.com\/\",\"logo\":{\"@type\":\"ImageObject\",\"inLanguage\":\"fr-FR\",\"@id\":\"https:\/\/www.bigstamping.com\/#\/schema\/logo\/image\/\",\"url\":\"https:\/\/www.bigstamping.com\/wp-content\/uploads\/2018\/12\/big-stamper-amarillo.jpg\",\"contentUrl\":\"https:\/\/www.bigstamping.com\/wp-content\/uploads\/2018\/12\/big-stamper-amarillo.jpg\",\"width\":293,\"height\":300,\"caption\":\"BigStamping\"},\"image\":{\"@id\":\"https:\/\/www.bigstamping.com\/#\/schema\/logo\/image\/\"},\"sameAs\":[\"https:\/\/www.facebook.com\/Bigstamping-241206903231462\/\",\"https:\/\/x.com\/Bigstamping\",\"https:\/\/www.instagram.com\/bigstamping\/\",\"https:\/\/www.youtube.com\/channel\/UC_l3jNsBYYC-Ds9pzcZy_Vg\"]}]}<\/script>\n<!-- \/ Yoast SEO plugin. -->","yoast_head_json":{"title":"Les ac\u00e9tates - BigStamping | (FR)","description":"Les ac\u00e9tates BigStamping servent de support \u00e0 l'encre, l'\u00e9tendent avec les rouleaux et tirent le meilleur parti de chaque application sur de gros joints","robots":{"index":"index","follow":"follow","max-snippet":"max-snippet:-1","max-image-preview":"max-image-preview:large","max-video-preview":"max-video-preview:-1"},"canonical":"https:\/\/www.bigstamping.com\/fr\/producto\/acetates\/","og_locale":"fr_FR","og_type":"article","og_title":"Les ac\u00e9tates - BigStamping | (FR)","og_description":"Les ac\u00e9tates BigStamping servent de support \u00e0 l'encre, l'\u00e9tendent avec les rouleaux et tirent le meilleur parti de chaque application sur de gros joints","og_url":"https:\/\/www.bigstamping.com\/fr\/producto\/acetates\/","og_site_name":"BigStamping","article_publisher":"https:\/\/www.facebook.com\/Bigstamping-241206903231462\/","article_modified_time":"2024-05-24T18:23:28+00:00","og_image":[{"width":1500,"height":1500,"url":"https:\/\/www.bigstamping.com\/wp-content\/uploads\/2018\/12\/Acetato_7946_copia.jpg","type":"image\/jpeg"}],"twitter_card":"summary_large_image","twitter_site":"@Bigstamping","twitter_misc":{"Dur\u00e9e de lecture estim\u00e9e":"1 minute"},"schema":{"@context":"https:\/\/schema.org","@graph":[{"@type":"WebPage","@id":"https:\/\/www.bigstamping.com\/fr\/producto\/acetates\/","url":"https:\/\/www.bigstamping.com\/fr\/producto\/acetates\/","name":"Les ac\u00e9tates - BigStamping | (FR)","isPartOf":{"@id":"https:\/\/www.bigstamping.com\/#website"},"primaryImageOfPage":{"@id":"https:\/\/www.bigstamping.com\/fr\/producto\/acetates\/#primaryimage"},"image":{"@id":"https:\/\/www.bigstamping.com\/fr\/producto\/acetates\/#primaryimage"},"thumbnailUrl":"https:\/\/www.bigstamping.com\/wp-content\/uploads\/2018\/12\/Acetato_7946_copia.jpg","datePublished":"2018-12-05T17:24:22+00:00","dateModified":"2024-05-24T18:23:28+00:00","description":"Les ac\u00e9tates BigStamping servent de support \u00e0 l'encre, l'\u00e9tendent avec les rouleaux et tirent le meilleur parti de chaque application sur de gros joints","breadcrumb":{"@id":"https:\/\/www.bigstamping.com\/fr\/producto\/acetates\/#breadcrumb"},"inLanguage":"fr-FR","potentialAction":[{"@type":"ReadAction","target":["https:\/\/www.bigstamping.com\/fr\/producto\/acetates\/"]}]},{"@type":"ImageObject","inLanguage":"fr-FR","@id":"https:\/\/www.bigstamping.com\/fr\/producto\/acetates\/#primaryimage","url":"https:\/\/www.bigstamping.com\/wp-content\/uploads\/2018\/12\/Acetato_7946_copia.jpg","contentUrl":"https:\/\/www.bigstamping.com\/wp-content\/uploads\/2018\/12\/Acetato_7946_copia.jpg","width":1500,"height":1500,"caption":"Grand pack d'ac\u00e9tates d'estampage"},{"@type":"BreadcrumbList","@id":"https:\/\/www.bigstamping.com\/fr\/producto\/acetates\/#breadcrumb","itemListElement":[{"@type":"ListItem","position":1,"name":"Portada","item":"https:\/\/www.bigstamping.com\/fr\/"},{"@type":"ListItem","position":2,"name":"Les ac\u00e9tates"}]},{"@type":"WebSite","@id":"https:\/\/www.bigstamping.com\/#website","url":"https:\/\/www.bigstamping.com\/","name":"BigStamping","description":"Sellos de gran tama\u00f1o para stampear","publisher":{"@id":"https:\/\/www.bigstamping.com\/#organization"},"potentialAction":[{"@type":"SearchAction","target":{"@type":"EntryPoint","urlTemplate":"https:\/\/www.bigstamping.com\/?s={search_term_string}"},"query-input":{"@type":"PropertyValueSpecification","valueRequired":true,"valueName":"search_term_string"}}],"inLanguage":"fr-FR"},{"@type":"Organization","@id":"https:\/\/www.bigstamping.com\/#organization","name":"BigStamping","url":"https:\/\/www.bigstamping.com\/","logo":{"@type":"ImageObject","inLanguage":"fr-FR","@id":"https:\/\/www.bigstamping.com\/#\/schema\/logo\/image\/","url":"https:\/\/www.bigstamping.com\/wp-content\/uploads\/2018\/12\/big-stamper-amarillo.jpg","contentUrl":"https:\/\/www.bigstamping.com\/wp-content\/uploads\/2018\/12\/big-stamper-amarillo.jpg","width":293,"height":300,"caption":"BigStamping"},"image":{"@id":"https:\/\/www.bigstamping.com\/#\/schema\/logo\/image\/"},"sameAs":["https:\/\/www.facebook.com\/Bigstamping-241206903231462\/","https:\/\/x.com\/Bigstamping","https:\/\/www.instagram.com\/bigstamping\/","https:\/\/www.youtube.com\/channel\/UC_l3jNsBYYC-Ds9pzcZy_Vg"]}]}},"_links":{"self":[{"href":"https:\/\/www.bigstamping.com\/fr\/wp-json\/wp\/v2\/product\/3643","targetHints":{"allow":["GET"]}}],"collection":[{"href":"https:\/\/www.bigstamping.com\/fr\/wp-json\/wp\/v2\/product"}],"about":[{"href":"https:\/\/www.bigstamping.com\/fr\/wp-json\/wp\/v2\/types\/product"}],"version-history":[{"count":0,"href":"https:\/\/www.bigstamping.com\/fr\/wp-json\/wp\/v2\/product\/3643\/revisions"}],"wp:featuredmedia":[{"embeddable":true,"href":"https:\/\/www.bigstamping.com\/fr\/wp-json\/wp\/v2\/media\/2810"}],"wp:attachment":[{"href":"https:\/\/www.bigstamping.com\/fr\/wp-json\/wp\/v2\/media?parent=3643"}],"wp:term":[{"taxonomy":"product_brand","embeddable":true,"href":"https:\/\/www.bigstamping.com\/fr\/wp-json\/wp\/v2\/product_brand?post=3643"},{"taxonomy":"product_cat","embeddable":true,"href":"https:\/\/www.bigstamping.com\/fr\/wp-json\/wp\/v2\/product_cat?post=3643"},{"taxonomy":"product_tag","embeddable":true,"href":"https:\/\/www.bigstamping.com\/fr\/wp-json\/wp\/v2\/product_tag?post=3643"}],"curies":[{"name":"wp","href":"https:\/\/api.w.org\/{rel}","templated":true}]}}