{"id":3646,"date":"2020-08-19T17:23:17","date_gmt":"2020-08-19T17:23:17","guid":{"rendered":"https:\/\/www.bigstamping.com\/producto\/tintas-flexograficas-papel\/"},"modified":"2025-07-30T13:42:53","modified_gmt":"2025-07-30T11:42:53","slug":"encres-papier-flexographique","status":"publish","type":"product","link":"https:\/\/www.bigstamping.com\/fr\/producto\/encres-papier-flexographique\/","title":{"rendered":"Encres flexographiques pour le papier, le carton et le bois"},"content":{"rendered":"<p><span style=\"font-weight: 400;\">Finition: douce au toucher. Mat et tr\u00e8s couvrant<\/span><\/p>\n<hr \/>\n<p>Dimensions: 7,5 x 7 cm.<\/p>\n<hr \/>\n<p>Poids: 300 grammes.<\/p>\n<hr \/>\n<p>Recommand\u00e9 pour: tous les types de tampons.<\/p>\n<hr \/>\n<p>Mat\u00e9riaux: papier, carton, bois et surfaces absorbantes. Ne convient pas aux tissus.<\/p>\n","protected":false},"excerpt":{"rendered":"<p><span style=\"font-weight: 400;\"><strong>Encre flexographique \u00e0 base d&rsquo;eau.<\/strong> Elle se pr\u00e9sente sous la forme de bo\u00eetes contenant 125 ml de cette encre dont l&rsquo;aspect peut \u00eatre tr\u00e8s diff\u00e9rent des autres encres du march\u00e9.<\/span><\/p>\n<p><span style=\"font-weight: 400;\"> <strong>Fabriqu\u00e9es par BigStamping, elles sont parfaites pour imprimer sur du papier, du carton <\/strong> et des surfaces absorbantes en g\u00e9n\u00e9ral. <strong>Mettez-les \u00e0 l&rsquo;\u00e9preuve et d\u00e9couvrez l&rsquo;\u00e9norme quantit\u00e9 d&rsquo;\u00ab impressions \u00bb que vous pouvez obtenir avec chaque bo\u00eete.<\/strong><\/span><\/p>\n[acordeon_personalizado]<\/p>\n<p>[pestana_acordeon_personalizado titulo=\"Recomendaciones de uso\"]<\/p>\n<p><span style=\"font-weight: 400;\">Les impressions sur papier ou carton r\u00e9alis\u00e9es avec ces encres s\u00e8chent au toucher entre 30 minutes et 24 heures, en fonction de la porosit\u00e9 et de l&rsquo;absorption du mat\u00e9riau d&rsquo;impression et des conditions environnementales (humidit\u00e9, temp\u00e9rature, etc.).<\/span><\/p>\n<p><span style=\"font-weight: 400;\">Ces encres sont con\u00e7ues pour \u00eatre utilis\u00e9es sur les <strong>tampons en caoutchouc BigStamping <\/strong> et sont appliqu\u00e9es directement avec le rouleau sur le tampon pour l&rsquo;estampage ult\u00e9rieur. <strong>Les encres de diff\u00e9rentes couleurs peuvent \u00eatre m\u00e9lang\u00e9es pour obtenir une vari\u00e9t\u00e9 de nuances.<\/strong><\/span><\/p>\n<p><strong>Ils ne conviennent pas aux tissus.<\/strong><\/p>\n<p>Vous trouverez d&rsquo;autres conseils et recommandations d&rsquo;utilisation dans la section \u00ab <a href=\"https:\/\/www.bigstamping.com\/fr\/conseils-kits-d-impresion\/\">Conseils<\/a> \u00bb de notre site web.<\/p>\n<p>[\/pestana_acordeon_personalizado]<\/p>\n<p>[pestana_acordeon_personalizado titulo=\"Otras caracter\u00edsticas\"]<\/p>\n<p><span style=\"font-weight: 400;\">Finition: douce au toucher. Mat et tr\u00e8s couvrant<\/span><\/p>\n<hr>\n<p>Poids: 300 grammes.<\/p>\n<hr>\n<p>Recommand\u00e9 pour: tous les types de timbres.<\/p>\n<hr>\n<p>Mat\u00e9riaux: papier, carton, bois et surfaces absorbantes. Ne convient pas aux tissus.<\/p>\n<p>Nettoyer les joints imm\u00e9diatement apr\u00e8s utilisation avec de l&rsquo;eau et du savon. S\u00e9chez-les bien et conservez-les dans un endroit frais et sec, \u00e0 l&rsquo;abri de la lumi\u00e8re naturelle.<\/p>\n<p>Cette encre est respectueuse de l&rsquo;environnement et ne contient pas de plastisols.<\/p>\n<p>[\/pestana_acordeon_personalizado]<\/p>\n<p>[pestana_acordeon_personalizado titulo=\"\u00bfC\u00f3mo hago mi pedido?\"]<\/p>\n<p>Pour commander ce produit, il vous suffit de choisir la couleur qui vous int\u00e9resse, la quantit\u00e9 souhait\u00e9e, puis de cliquer sur le bouton \u00ab Ajouter au panier \u00bb. <strong>Les kits BigStamping<\/strong> comprennent une encre \u00e0 choisir parmi celles qui se trouvent dans ces flacons<strong> d&rsquo;encre pour papier et carton<\/strong>. Si vous avez besoin d&rsquo;autres unit\u00e9s ou couleurs en plus de celles que vous choisissez dans le kit (n&rsquo;oubliez pas que vous pouvez \u00e9galement choisir de l&rsquo;encre textile), c&rsquo;est ici que vous pouvez commander les unit\u00e9s et les couleurs que vous souhaitez. \ud83d\ude09<\/p>\n<p><strong>\u00b7 Modes de paiement accept\u00e9s : cartes de d\u00e9bit\/cr\u00e9dit et Paypal.<\/strong><\/p>\n<p>[\/pestana_acordeon_personalizado]<\/p>\n<p>[pestana_acordeon_personalizado titulo=\"Plazos de entrega y costes de env\u00edo\"]<\/p>\n<p>Nous exp\u00e9dions vers tous les pays de la Communaut\u00e9 \u00e9conomique europ\u00e9enne. Nous exp\u00e9dions \u00e9galement vers les \u00c9tats-Unis, le Royaume-Uni, la Suisse, le Canada, l&rsquo;Australie, le Chili, les \u00c9mirats arabes unis et le Japon.<\/p>\n<p><strong>D\u00e9lais de livraison<\/strong><\/p>\n<p>\u00c0 partir du moment o\u00f9 vous passez votre commande, et s&rsquo;il n&rsquo;y a pas de probl\u00e8me avec le dessin, il faut compter environ <strong>7 \u00e0 10 jours ouvrables pour livrer votre commande.<\/strong><\/p>\n<p><span style=\"text-decoration: underline;\"><strong>*REMARQUE :<\/strong><\/span> nous ne sommes pas responsables des retards caus\u00e9s par les soci\u00e9t\u00e9s de transport ou les organismes de contr\u00f4le.<\/p>\n<p><strong>Co\u00fbt des envois<\/strong><\/p>\n<p>Les frais de port sont calcul\u00e9s automatiquement par le site en fonction du pays et des articles ajout\u00e9s au panier.<\/p>\n<p>Les frais de port sont gratuits \u00e0 partir de 100 euros, en fonction de la destination de la livraison. Pour des informations plus d\u00e9taill\u00e9es sur les frais de port et les montants requis pour une livraison gratuite, veuillez <a href=\"https:\/\/www.bigstamping.com\/fr\/faq\/\">consulter la section FAQ<\/a> et v\u00e9rifier les conditions relatives \u00e0 votre adresse.<\/p>\n<p>[\/pestana_acordeon_personalizado]<\/p>\n<p>[\/acordeon_personalizado]\n","protected":false},"featured_media":21080,"template":"","meta":{"_acf_changed":false,"_genesis_hide_title":false,"_genesis_hide_breadcrumbs":false,"_genesis_hide_singular_image":false,"_genesis_hide_footer_widgets":false,"_genesis_custom_body_class":"","_genesis_custom_post_class":"","_genesis_layout":""},"product_brand":[],"product_cat":[71],"product_tag":[],"class_list":{"0":"post-3646","1":"product","2":"type-product","3":"status-publish","4":"has-post-thumbnail","6":"product_cat-les-accessoires-fr","7":"product_shipping_class-clase-1-fr","8":"entry","10":"first","11":"instock","12":"taxable","13":"shipping-taxable","14":"purchasable","15":"product-type-variable"},"acf":[],"yoast_head":"<!-- This site is optimized with the Yoast SEO plugin v26.7 - https:\/\/yoast.com\/wordpress\/plugins\/seo\/ -->\n<title>Encres flexographiques pour le papier, le carton et le bois - BigStamping<\/title>\n<meta name=\"description\" content=\"Encres sp\u00e9ciales pour papier, carton et mat\u00e9riaux similaires. Nous les avons en diff\u00e9rentes couleurs et sommes test\u00e9s avec les joints BigStamping.\" \/>\n<meta name=\"robots\" content=\"index, follow, max-snippet:-1, max-image-preview:large, max-video-preview:-1\" \/>\n<link rel=\"canonical\" href=\"https:\/\/www.bigstamping.com\/fr\/producto\/encres-papier-flexographique\/\" \/>\n<meta property=\"og:locale\" content=\"fr_FR\" \/>\n<meta property=\"og:type\" content=\"article\" \/>\n<meta property=\"og:title\" content=\"Encres flexographiques pour le papier, le carton et le bois - BigStamping\" \/>\n<meta property=\"og:description\" content=\"Encres sp\u00e9ciales pour papier, carton et mat\u00e9riaux similaires. Nous les avons en diff\u00e9rentes couleurs et sommes test\u00e9s avec les joints BigStamping.\" \/>\n<meta property=\"og:url\" content=\"https:\/\/www.bigstamping.com\/fr\/producto\/encres-papier-flexographique\/\" \/>\n<meta property=\"og:site_name\" content=\"BigStamping\" \/>\n<meta property=\"article:publisher\" content=\"https:\/\/www.facebook.com\/Bigstamping-241206903231462\/\" \/>\n<meta property=\"article:modified_time\" content=\"2025-07-30T11:42:53+00:00\" \/>\n<meta property=\"og:image\" content=\"https:\/\/www.bigstamping.com\/wp-content\/uploads\/2020\/08\/Bote-pintura_7047_copia.png\" \/>\n\t<meta property=\"og:image:width\" content=\"1500\" \/>\n\t<meta property=\"og:image:height\" content=\"1500\" \/>\n\t<meta property=\"og:image:type\" content=\"image\/png\" \/>\n<meta name=\"twitter:card\" content=\"summary_large_image\" \/>\n<meta name=\"twitter:site\" content=\"@Bigstamping\" \/>\n<meta name=\"twitter:label1\" content=\"Dur\u00e9e de lecture estim\u00e9e\" \/>\n\t<meta name=\"twitter:data1\" content=\"1 minute\" \/>\n<script type=\"application\/ld+json\" class=\"yoast-schema-graph\">{\"@context\":\"https:\/\/schema.org\",\"@graph\":[{\"@type\":\"WebPage\",\"@id\":\"https:\/\/www.bigstamping.com\/fr\/producto\/encres-papier-flexographique\/\",\"url\":\"https:\/\/www.bigstamping.com\/fr\/producto\/encres-papier-flexographique\/\",\"name\":\"Encres flexographiques pour le papier, le carton et le bois - BigStamping\",\"isPartOf\":{\"@id\":\"https:\/\/www.bigstamping.com\/#website\"},\"primaryImageOfPage\":{\"@id\":\"https:\/\/www.bigstamping.com\/fr\/producto\/encres-papier-flexographique\/#primaryimage\"},\"image\":{\"@id\":\"https:\/\/www.bigstamping.com\/fr\/producto\/encres-papier-flexographique\/#primaryimage\"},\"thumbnailUrl\":\"https:\/\/www.bigstamping.com\/wp-content\/uploads\/2020\/08\/Bote-pintura_7047_copia.png\",\"datePublished\":\"2020-08-19T17:23:17+00:00\",\"dateModified\":\"2025-07-30T11:42:53+00:00\",\"description\":\"Encres sp\u00e9ciales pour papier, carton et mat\u00e9riaux similaires. Nous les avons en diff\u00e9rentes couleurs et sommes test\u00e9s avec les joints BigStamping.\",\"breadcrumb\":{\"@id\":\"https:\/\/www.bigstamping.com\/fr\/producto\/encres-papier-flexographique\/#breadcrumb\"},\"inLanguage\":\"fr-FR\",\"potentialAction\":[{\"@type\":\"ReadAction\",\"target\":[\"https:\/\/www.bigstamping.com\/fr\/producto\/encres-papier-flexographique\/\"]}]},{\"@type\":\"ImageObject\",\"inLanguage\":\"fr-FR\",\"@id\":\"https:\/\/www.bigstamping.com\/fr\/producto\/encres-papier-flexographique\/#primaryimage\",\"url\":\"https:\/\/www.bigstamping.com\/wp-content\/uploads\/2020\/08\/Bote-pintura_7047_copia.png\",\"contentUrl\":\"https:\/\/www.bigstamping.com\/wp-content\/uploads\/2020\/08\/Bote-pintura_7047_copia.png\",\"width\":1500,\"height\":1500,\"caption\":\"Bote pintura papel Big Stamping\"},{\"@type\":\"BreadcrumbList\",\"@id\":\"https:\/\/www.bigstamping.com\/fr\/producto\/encres-papier-flexographique\/#breadcrumb\",\"itemListElement\":[{\"@type\":\"ListItem\",\"position\":1,\"name\":\"Portada\",\"item\":\"https:\/\/www.bigstamping.com\/fr\/\"},{\"@type\":\"ListItem\",\"position\":2,\"name\":\"Encres flexographiques pour le papier, le carton et le bois\"}]},{\"@type\":\"WebSite\",\"@id\":\"https:\/\/www.bigstamping.com\/#website\",\"url\":\"https:\/\/www.bigstamping.com\/\",\"name\":\"BigStamping\",\"description\":\"Sellos de gran tama\u00f1o para stampear\",\"publisher\":{\"@id\":\"https:\/\/www.bigstamping.com\/#organization\"},\"potentialAction\":[{\"@type\":\"SearchAction\",\"target\":{\"@type\":\"EntryPoint\",\"urlTemplate\":\"https:\/\/www.bigstamping.com\/?s={search_term_string}\"},\"query-input\":{\"@type\":\"PropertyValueSpecification\",\"valueRequired\":true,\"valueName\":\"search_term_string\"}}],\"inLanguage\":\"fr-FR\"},{\"@type\":\"Organization\",\"@id\":\"https:\/\/www.bigstamping.com\/#organization\",\"name\":\"BigStamping\",\"url\":\"https:\/\/www.bigstamping.com\/\",\"logo\":{\"@type\":\"ImageObject\",\"inLanguage\":\"fr-FR\",\"@id\":\"https:\/\/www.bigstamping.com\/#\/schema\/logo\/image\/\",\"url\":\"https:\/\/www.bigstamping.com\/wp-content\/uploads\/2018\/12\/big-stamper-amarillo.jpg\",\"contentUrl\":\"https:\/\/www.bigstamping.com\/wp-content\/uploads\/2018\/12\/big-stamper-amarillo.jpg\",\"width\":293,\"height\":300,\"caption\":\"BigStamping\"},\"image\":{\"@id\":\"https:\/\/www.bigstamping.com\/#\/schema\/logo\/image\/\"},\"sameAs\":[\"https:\/\/www.facebook.com\/Bigstamping-241206903231462\/\",\"https:\/\/x.com\/Bigstamping\",\"https:\/\/www.instagram.com\/bigstamping\/\",\"https:\/\/www.youtube.com\/channel\/UC_l3jNsBYYC-Ds9pzcZy_Vg\"]}]}<\/script>\n<!-- \/ Yoast SEO plugin. -->","yoast_head_json":{"title":"Encres flexographiques pour le papier, le carton et le bois - BigStamping","description":"Encres sp\u00e9ciales pour papier, carton et mat\u00e9riaux similaires. Nous les avons en diff\u00e9rentes couleurs et sommes test\u00e9s avec les joints BigStamping.","robots":{"index":"index","follow":"follow","max-snippet":"max-snippet:-1","max-image-preview":"max-image-preview:large","max-video-preview":"max-video-preview:-1"},"canonical":"https:\/\/www.bigstamping.com\/fr\/producto\/encres-papier-flexographique\/","og_locale":"fr_FR","og_type":"article","og_title":"Encres flexographiques pour le papier, le carton et le bois - BigStamping","og_description":"Encres sp\u00e9ciales pour papier, carton et mat\u00e9riaux similaires. Nous les avons en diff\u00e9rentes couleurs et sommes test\u00e9s avec les joints BigStamping.","og_url":"https:\/\/www.bigstamping.com\/fr\/producto\/encres-papier-flexographique\/","og_site_name":"BigStamping","article_publisher":"https:\/\/www.facebook.com\/Bigstamping-241206903231462\/","article_modified_time":"2025-07-30T11:42:53+00:00","og_image":[{"width":1500,"height":1500,"url":"https:\/\/www.bigstamping.com\/wp-content\/uploads\/2020\/08\/Bote-pintura_7047_copia.png","type":"image\/png"}],"twitter_card":"summary_large_image","twitter_site":"@Bigstamping","twitter_misc":{"Dur\u00e9e de lecture estim\u00e9e":"1 minute"},"schema":{"@context":"https:\/\/schema.org","@graph":[{"@type":"WebPage","@id":"https:\/\/www.bigstamping.com\/fr\/producto\/encres-papier-flexographique\/","url":"https:\/\/www.bigstamping.com\/fr\/producto\/encres-papier-flexographique\/","name":"Encres flexographiques pour le papier, le carton et le bois - BigStamping","isPartOf":{"@id":"https:\/\/www.bigstamping.com\/#website"},"primaryImageOfPage":{"@id":"https:\/\/www.bigstamping.com\/fr\/producto\/encres-papier-flexographique\/#primaryimage"},"image":{"@id":"https:\/\/www.bigstamping.com\/fr\/producto\/encres-papier-flexographique\/#primaryimage"},"thumbnailUrl":"https:\/\/www.bigstamping.com\/wp-content\/uploads\/2020\/08\/Bote-pintura_7047_copia.png","datePublished":"2020-08-19T17:23:17+00:00","dateModified":"2025-07-30T11:42:53+00:00","description":"Encres sp\u00e9ciales pour papier, carton et mat\u00e9riaux similaires. Nous les avons en diff\u00e9rentes couleurs et sommes test\u00e9s avec les joints BigStamping.","breadcrumb":{"@id":"https:\/\/www.bigstamping.com\/fr\/producto\/encres-papier-flexographique\/#breadcrumb"},"inLanguage":"fr-FR","potentialAction":[{"@type":"ReadAction","target":["https:\/\/www.bigstamping.com\/fr\/producto\/encres-papier-flexographique\/"]}]},{"@type":"ImageObject","inLanguage":"fr-FR","@id":"https:\/\/www.bigstamping.com\/fr\/producto\/encres-papier-flexographique\/#primaryimage","url":"https:\/\/www.bigstamping.com\/wp-content\/uploads\/2020\/08\/Bote-pintura_7047_copia.png","contentUrl":"https:\/\/www.bigstamping.com\/wp-content\/uploads\/2020\/08\/Bote-pintura_7047_copia.png","width":1500,"height":1500,"caption":"Bote pintura papel Big Stamping"},{"@type":"BreadcrumbList","@id":"https:\/\/www.bigstamping.com\/fr\/producto\/encres-papier-flexographique\/#breadcrumb","itemListElement":[{"@type":"ListItem","position":1,"name":"Portada","item":"https:\/\/www.bigstamping.com\/fr\/"},{"@type":"ListItem","position":2,"name":"Encres flexographiques pour le papier, le carton et le bois"}]},{"@type":"WebSite","@id":"https:\/\/www.bigstamping.com\/#website","url":"https:\/\/www.bigstamping.com\/","name":"BigStamping","description":"Sellos de gran tama\u00f1o para stampear","publisher":{"@id":"https:\/\/www.bigstamping.com\/#organization"},"potentialAction":[{"@type":"SearchAction","target":{"@type":"EntryPoint","urlTemplate":"https:\/\/www.bigstamping.com\/?s={search_term_string}"},"query-input":{"@type":"PropertyValueSpecification","valueRequired":true,"valueName":"search_term_string"}}],"inLanguage":"fr-FR"},{"@type":"Organization","@id":"https:\/\/www.bigstamping.com\/#organization","name":"BigStamping","url":"https:\/\/www.bigstamping.com\/","logo":{"@type":"ImageObject","inLanguage":"fr-FR","@id":"https:\/\/www.bigstamping.com\/#\/schema\/logo\/image\/","url":"https:\/\/www.bigstamping.com\/wp-content\/uploads\/2018\/12\/big-stamper-amarillo.jpg","contentUrl":"https:\/\/www.bigstamping.com\/wp-content\/uploads\/2018\/12\/big-stamper-amarillo.jpg","width":293,"height":300,"caption":"BigStamping"},"image":{"@id":"https:\/\/www.bigstamping.com\/#\/schema\/logo\/image\/"},"sameAs":["https:\/\/www.facebook.com\/Bigstamping-241206903231462\/","https:\/\/x.com\/Bigstamping","https:\/\/www.instagram.com\/bigstamping\/","https:\/\/www.youtube.com\/channel\/UC_l3jNsBYYC-Ds9pzcZy_Vg"]}]}},"_links":{"self":[{"href":"https:\/\/www.bigstamping.com\/fr\/wp-json\/wp\/v2\/product\/3646","targetHints":{"allow":["GET"]}}],"collection":[{"href":"https:\/\/www.bigstamping.com\/fr\/wp-json\/wp\/v2\/product"}],"about":[{"href":"https:\/\/www.bigstamping.com\/fr\/wp-json\/wp\/v2\/types\/product"}],"version-history":[{"count":0,"href":"https:\/\/www.bigstamping.com\/fr\/wp-json\/wp\/v2\/product\/3646\/revisions"}],"wp:featuredmedia":[{"embeddable":true,"href":"https:\/\/www.bigstamping.com\/fr\/wp-json\/wp\/v2\/media\/21080"}],"wp:attachment":[{"href":"https:\/\/www.bigstamping.com\/fr\/wp-json\/wp\/v2\/media?parent=3646"}],"wp:term":[{"taxonomy":"product_brand","embeddable":true,"href":"https:\/\/www.bigstamping.com\/fr\/wp-json\/wp\/v2\/product_brand?post=3646"},{"taxonomy":"product_cat","embeddable":true,"href":"https:\/\/www.bigstamping.com\/fr\/wp-json\/wp\/v2\/product_cat?post=3646"},{"taxonomy":"product_tag","embeddable":true,"href":"https:\/\/www.bigstamping.com\/fr\/wp-json\/wp\/v2\/product_tag?post=3646"}],"curies":[{"name":"wp","href":"https:\/\/api.w.org\/{rel}","templated":true}]}}