{"id":3657,"date":"2020-08-19T17:21:08","date_gmt":"2020-08-19T17:21:08","guid":{"rendered":"https:\/\/www.bigstamping.com\/producto\/tintas-xilografica-textil\/"},"modified":"2025-07-30T15:34:54","modified_gmt":"2025-07-30T13:34:54","slug":"encres-gravure-sur-bois-textile","status":"publish","type":"product","link":"https:\/\/www.bigstamping.com\/fr\/producto\/encres-gravure-sur-bois-textile\/","title":{"rendered":"Encres xylographiques textiles"},"content":{"rendered":"<p><span style=\"font-weight: 400;\">Finition: douce au toucher. Opaque et couvrant qui donne des couleurs vives.<\/span><\/p>\n<hr \/>\n<p><span style=\"font-weight: 400;\">Taille: 75 ml<\/span><\/p>\n<hr \/>\n<p><span style=\"font-weight: 400;\">Poids: 100 grammes<\/span><\/p>\n<hr \/>\n<p><span style=\"font-weight: 400;\">Recommand\u00e9 pour: tous les types de tampons. <\/span><\/p>\n<hr \/>\n<p><span style=\"font-weight: 400;\">Mat\u00e9riaux: Tissus, sauf nylon. Papier et carton.<\/span><\/p>\n","protected":false},"excerpt":{"rendered":"<p><span style=\"font-weight: 400;\"><strong>L&rsquo;encre Speedball 75 ml pour gravure sur bois est particuli\u00e8rement adapt\u00e9e aux surfaces textiles (coton, lin, lycra ou rayonne).<\/strong> Elle peut \u00e9galement \u00eatre utilis\u00e9e sur du papier et du carton, mais le nombre d&rsquo;impressions sera inf\u00e9rieur \u00e0 celui obtenu avec <a href=\"https:\/\/www.bigstamping.com\/fr\/producto\/encres-papier-flexographique\/\"> notre encre BigStamping pour papier et carton. <\/a> <\/span><\/p>\n<p><span style=\"font-weight: 400;\"><strong>Les encres textiles Speedball s\u00e8chent au toucher dans les 24 heures<\/strong>, sans besoin de chaleur, et sont lavables \u00e0 l&rsquo;eau et au savon 7 jours apr\u00e8s leur application. Cette encre convient \u00e9galement au lavage \u00e0 la main et en machine, mais l&rsquo;utilisation de s\u00e8che-linge n&rsquo;est pas recommand\u00e9e.<\/span><\/p>\n<p><span style=\"font-weight: 400;\">Ils sont sp\u00e9cialement con\u00e7us pour \u00eatre utilis\u00e9s sur les grands tampons en caoutchouc de <strong>BigStamping.<\/strong> L&rsquo;encre est appliqu\u00e9e directement avec le rouleau sur le tampon pour l&rsquo;estampage ult\u00e9rieur.<\/span><\/p>\n[acordeon_personalizado]<\/p>\n<p>[pestana_acordeon_personalizado titulo=\"Recomendaciones de uso\"]<\/p>\n<p>Il est essentiel d&rsquo;\u00e9viter les plis avant l&#8217;emboutissage, pour cela nous vous proposons notre t-shirt tendeur. Il est recommand\u00e9 de d\u00e9poser une nouvelle goutte de peinture sur l&rsquo;ac\u00e9tate pour chaque tirage. Appuyer sur la touche et la maintenir enfonc\u00e9e pendant 3 \u00e0 4 secondes, puis soulever d\u00e9licatement le sceau. Le temps de s\u00e9chage recommand\u00e9 par le fabricant est de 48 heures et il n&rsquo;est pas recommand\u00e9 de laver le v\u00eatement imprim\u00e9 7 jours plus tard.<\/p>\n<p>Laver \u00e0 basse temp\u00e9rature et ne pas s\u00e9cher en machine.<\/p>\n<p>Sur les tissus tr\u00e8s fonc\u00e9s, pour garantir un r\u00e9sultat d&rsquo;impression optimal, utilisez <strong>nos encres blanc ou turquoise. Ils sont les plus couvrants.<\/strong> En cas de doute, <strong>nous consulter. <\/strong><\/p>\n<p>Nettoyer les joints imm\u00e9diatement apr\u00e8s utilisation avec de l&rsquo;eau et du savon. S\u00e9chez-les bien et conservez-les dans un endroit frais et sec, \u00e0 l&rsquo;abri de la lumi\u00e8re naturelle.<\/p>\n<p><strong>Tissus d\u00e9conseill\u00e9s : <\/strong> Nylon, N\u00e9opr\u00e8ne et autres tissus plastiques non absorbants.<\/p>\n<p>[\/pestana_acordeon_personalizado]<\/p>\n<p>[pestana_acordeon_personalizado titulo=\"Otras caracter\u00edsticas\"]<\/p>\n<p><span style=\"font-weight: 400;\">Finition: douce au toucher. Opaque et couvrant qui donne des couleurs vives.<\/span><\/p>\n<hr>\n<p><span style=\"font-weight: 400;\">Taille: 75 ml<\/span><\/p>\n<hr>\n<p><span style=\"font-weight: 400;\">Poids: 100 grammes<\/span><\/p>\n<hr>\n<p><span style=\"font-weight: 400;\">Recommand\u00e9 pour : Tous les types de timbres.<\/span><\/p>\n<hr>\n<p>&nbsp;<\/p>\n<p>Encre \u00e9cologique. Ne contient pas de plastisols.<\/p>\n<p>[\/pestana_acordeon_personalizado]<\/p>\n<p>[pestana_acordeon_personalizado titulo=\"\u00bfC\u00f3mo hago mi pedido?\"]<\/p>\n<p>Pour commander ce produit, il vous suffit de choisir la couleur qui vous int\u00e9resse, la quantit\u00e9 souhait\u00e9e, puis de cliquer sur le bouton \u00ab Ajouter au panier \u00bb. <strong>Les kits BigStamping <\/strong>comprennent une encre \u00e0 choisir parmi celles qui se trouvent dans ces flacons<strong> d&rsquo;encre textile Speedball.<\/strong> Si vous avez besoin d&rsquo;autres unit\u00e9s ou couleurs en plus de celles que vous choisissez dans le kit (n&rsquo;oubliez pas que vous pouvez \u00e9galement choisir de l&rsquo;encre pour papier et carton), c&rsquo;est ici que vous pouvez commander les unit\u00e9s et les couleurs que vous souhaitez. \ud83d\ude09<\/p>\n<p><strong>\u00b7 Modes de paiement accept\u00e9s : cartes de d\u00e9bit\/cr\u00e9dit et Paypal.<\/strong><\/p>\n<p>[\/pestana_acordeon_personalizado]<\/p>\n<p>[pestana_acordeon_personalizado titulo=\"Plazos de entrega y costes de env\u00edo\"]<\/p>\n<p>Nous exp\u00e9dions vers tous les pays de la Communaut\u00e9 \u00e9conomique europ\u00e9enne. Nous exp\u00e9dions \u00e9galement vers les \u00c9tats-Unis, le Royaume-Uni, la Suisse, le Canada, l&rsquo;Australie, le Chili, les \u00c9mirats arabes unis et le Japon.<\/p>\n<p><strong>D\u00e9lais de livraison<\/strong><\/p>\n<p>\u00c0 partir du moment o\u00f9 vous passez votre commande, et s&rsquo;il n&rsquo;y a pas de probl\u00e8me avec le dessin, il faut compter environ <strong>7 \u00e0 10 jours ouvrables pour livrer votre commande.<\/strong><\/p>\n<p><span style=\"text-decoration: underline;\"><strong>*REMARQUE :<\/strong><\/span> nous ne sommes pas responsables des retards caus\u00e9s par les soci\u00e9t\u00e9s de transport ou les organismes de contr\u00f4le.<\/p>\n<p><strong>Co\u00fbt des envois<\/strong><\/p>\n<p>Les frais de port sont calcul\u00e9s automatiquement par le site en fonction du pays et des articles ajout\u00e9s au panier.<\/p>\n<p>Les frais de port sont gratuits \u00e0 partir de 100 euros, en fonction de la destination de la livraison. Pour des informations plus d\u00e9taill\u00e9es sur les frais de port et les montants requis pour une livraison gratuite, veuillez <a href=\"https:\/\/www.bigstamping.com\/fr\/faq\/\">consulter la section FAQ<\/a> et v\u00e9rifier les conditions relatives \u00e0 votre adresse.<\/p>\n<p>[\/pestana_acordeon_personalizado]<\/p>\n<p>[\/acordeon_personalizado]\n","protected":false},"featured_media":2829,"template":"","meta":{"_acf_changed":false,"_genesis_hide_title":false,"_genesis_hide_breadcrumbs":false,"_genesis_hide_singular_image":false,"_genesis_hide_footer_widgets":false,"_genesis_custom_body_class":"","_genesis_custom_post_class":"","_genesis_layout":""},"product_brand":[],"product_cat":[71],"product_tag":[],"class_list":{"0":"post-3657","1":"product","2":"type-product","3":"status-publish","4":"has-post-thumbnail","6":"product_cat-les-accessoires-fr","7":"product_shipping_class-clase-1-fr","8":"entry","10":"first","11":"instock","12":"taxable","13":"shipping-taxable","14":"purchasable","15":"product-type-variable"},"acf":[],"yoast_head":"<!-- This site is optimized with the Yoast SEO plugin v26.7 - https:\/\/yoast.com\/wordpress\/plugins\/seo\/ -->\n<title>Encres xylographiques textiles - BigStamping<\/title>\n<meta name=\"description\" content=\"Encres sp\u00e9ciales pour l&#039;utilisation de joints BigStamping dans les mati\u00e8res textiles. Ils garantissent plus de 100 lavages dans les conditions que nous recommandons.\" \/>\n<meta name=\"robots\" content=\"index, follow, max-snippet:-1, max-image-preview:large, max-video-preview:-1\" \/>\n<link rel=\"canonical\" href=\"https:\/\/www.bigstamping.com\/fr\/producto\/encres-gravure-sur-bois-textile\/\" \/>\n<meta property=\"og:locale\" content=\"fr_FR\" \/>\n<meta property=\"og:type\" content=\"article\" \/>\n<meta property=\"og:title\" content=\"Encres xylographiques textiles - BigStamping\" \/>\n<meta property=\"og:description\" content=\"Encres sp\u00e9ciales pour l&#039;utilisation de joints BigStamping dans les mati\u00e8res textiles. Ils garantissent plus de 100 lavages dans les conditions que nous recommandons.\" \/>\n<meta property=\"og:url\" content=\"https:\/\/www.bigstamping.com\/fr\/producto\/encres-gravure-sur-bois-textile\/\" \/>\n<meta property=\"og:site_name\" content=\"BigStamping\" \/>\n<meta property=\"article:publisher\" content=\"https:\/\/www.facebook.com\/Bigstamping-241206903231462\/\" \/>\n<meta property=\"article:modified_time\" content=\"2025-07-30T13:34:54+00:00\" \/>\n<meta property=\"og:image\" content=\"https:\/\/www.bigstamping.com\/wp-content\/uploads\/2018\/12\/SPEEDBALL-NEGRO.png\" \/>\n\t<meta property=\"og:image:width\" content=\"1500\" \/>\n\t<meta property=\"og:image:height\" content=\"1500\" \/>\n\t<meta property=\"og:image:type\" content=\"image\/png\" \/>\n<meta name=\"twitter:card\" content=\"summary_large_image\" \/>\n<meta name=\"twitter:site\" content=\"@Bigstamping\" \/>\n<meta name=\"twitter:label1\" content=\"Dur\u00e9e de lecture estim\u00e9e\" \/>\n\t<meta name=\"twitter:data1\" content=\"1 minute\" \/>\n<script type=\"application\/ld+json\" class=\"yoast-schema-graph\">{\"@context\":\"https:\/\/schema.org\",\"@graph\":[{\"@type\":\"WebPage\",\"@id\":\"https:\/\/www.bigstamping.com\/fr\/producto\/encres-gravure-sur-bois-textile\/\",\"url\":\"https:\/\/www.bigstamping.com\/fr\/producto\/encres-gravure-sur-bois-textile\/\",\"name\":\"Encres xylographiques textiles - BigStamping\",\"isPartOf\":{\"@id\":\"https:\/\/www.bigstamping.com\/#website\"},\"primaryImageOfPage\":{\"@id\":\"https:\/\/www.bigstamping.com\/fr\/producto\/encres-gravure-sur-bois-textile\/#primaryimage\"},\"image\":{\"@id\":\"https:\/\/www.bigstamping.com\/fr\/producto\/encres-gravure-sur-bois-textile\/#primaryimage\"},\"thumbnailUrl\":\"https:\/\/www.bigstamping.com\/wp-content\/uploads\/2018\/12\/SPEEDBALL-NEGRO.png\",\"datePublished\":\"2020-08-19T17:21:08+00:00\",\"dateModified\":\"2025-07-30T13:34:54+00:00\",\"description\":\"Encres sp\u00e9ciales pour l'utilisation de joints BigStamping dans les mati\u00e8res textiles. Ils garantissent plus de 100 lavages dans les conditions que nous recommandons.\",\"breadcrumb\":{\"@id\":\"https:\/\/www.bigstamping.com\/fr\/producto\/encres-gravure-sur-bois-textile\/#breadcrumb\"},\"inLanguage\":\"fr-FR\",\"potentialAction\":[{\"@type\":\"ReadAction\",\"target\":[\"https:\/\/www.bigstamping.com\/fr\/producto\/encres-gravure-sur-bois-textile\/\"]}]},{\"@type\":\"ImageObject\",\"inLanguage\":\"fr-FR\",\"@id\":\"https:\/\/www.bigstamping.com\/fr\/producto\/encres-gravure-sur-bois-textile\/#primaryimage\",\"url\":\"https:\/\/www.bigstamping.com\/wp-content\/uploads\/2018\/12\/SPEEDBALL-NEGRO.png\",\"contentUrl\":\"https:\/\/www.bigstamping.com\/wp-content\/uploads\/2018\/12\/SPEEDBALL-NEGRO.png\",\"width\":1500,\"height\":1500,\"caption\":\"SPEEDBALL BLACK\"},{\"@type\":\"BreadcrumbList\",\"@id\":\"https:\/\/www.bigstamping.com\/fr\/producto\/encres-gravure-sur-bois-textile\/#breadcrumb\",\"itemListElement\":[{\"@type\":\"ListItem\",\"position\":1,\"name\":\"Portada\",\"item\":\"https:\/\/www.bigstamping.com\/fr\/\"},{\"@type\":\"ListItem\",\"position\":2,\"name\":\"Encres xylographiques textiles\"}]},{\"@type\":\"WebSite\",\"@id\":\"https:\/\/www.bigstamping.com\/#website\",\"url\":\"https:\/\/www.bigstamping.com\/\",\"name\":\"BigStamping\",\"description\":\"Sellos de gran tama\u00f1o para stampear\",\"publisher\":{\"@id\":\"https:\/\/www.bigstamping.com\/#organization\"},\"potentialAction\":[{\"@type\":\"SearchAction\",\"target\":{\"@type\":\"EntryPoint\",\"urlTemplate\":\"https:\/\/www.bigstamping.com\/?s={search_term_string}\"},\"query-input\":{\"@type\":\"PropertyValueSpecification\",\"valueRequired\":true,\"valueName\":\"search_term_string\"}}],\"inLanguage\":\"fr-FR\"},{\"@type\":\"Organization\",\"@id\":\"https:\/\/www.bigstamping.com\/#organization\",\"name\":\"BigStamping\",\"url\":\"https:\/\/www.bigstamping.com\/\",\"logo\":{\"@type\":\"ImageObject\",\"inLanguage\":\"fr-FR\",\"@id\":\"https:\/\/www.bigstamping.com\/#\/schema\/logo\/image\/\",\"url\":\"https:\/\/www.bigstamping.com\/wp-content\/uploads\/2018\/12\/big-stamper-amarillo.jpg\",\"contentUrl\":\"https:\/\/www.bigstamping.com\/wp-content\/uploads\/2018\/12\/big-stamper-amarillo.jpg\",\"width\":293,\"height\":300,\"caption\":\"BigStamping\"},\"image\":{\"@id\":\"https:\/\/www.bigstamping.com\/#\/schema\/logo\/image\/\"},\"sameAs\":[\"https:\/\/www.facebook.com\/Bigstamping-241206903231462\/\",\"https:\/\/x.com\/Bigstamping\",\"https:\/\/www.instagram.com\/bigstamping\/\",\"https:\/\/www.youtube.com\/channel\/UC_l3jNsBYYC-Ds9pzcZy_Vg\"]}]}<\/script>\n<!-- \/ Yoast SEO plugin. -->","yoast_head_json":{"title":"Encres xylographiques textiles - BigStamping","description":"Encres sp\u00e9ciales pour l'utilisation de joints BigStamping dans les mati\u00e8res textiles. Ils garantissent plus de 100 lavages dans les conditions que nous recommandons.","robots":{"index":"index","follow":"follow","max-snippet":"max-snippet:-1","max-image-preview":"max-image-preview:large","max-video-preview":"max-video-preview:-1"},"canonical":"https:\/\/www.bigstamping.com\/fr\/producto\/encres-gravure-sur-bois-textile\/","og_locale":"fr_FR","og_type":"article","og_title":"Encres xylographiques textiles - BigStamping","og_description":"Encres sp\u00e9ciales pour l'utilisation de joints BigStamping dans les mati\u00e8res textiles. Ils garantissent plus de 100 lavages dans les conditions que nous recommandons.","og_url":"https:\/\/www.bigstamping.com\/fr\/producto\/encres-gravure-sur-bois-textile\/","og_site_name":"BigStamping","article_publisher":"https:\/\/www.facebook.com\/Bigstamping-241206903231462\/","article_modified_time":"2025-07-30T13:34:54+00:00","og_image":[{"width":1500,"height":1500,"url":"https:\/\/www.bigstamping.com\/wp-content\/uploads\/2018\/12\/SPEEDBALL-NEGRO.png","type":"image\/png"}],"twitter_card":"summary_large_image","twitter_site":"@Bigstamping","twitter_misc":{"Dur\u00e9e de lecture estim\u00e9e":"1 minute"},"schema":{"@context":"https:\/\/schema.org","@graph":[{"@type":"WebPage","@id":"https:\/\/www.bigstamping.com\/fr\/producto\/encres-gravure-sur-bois-textile\/","url":"https:\/\/www.bigstamping.com\/fr\/producto\/encres-gravure-sur-bois-textile\/","name":"Encres xylographiques textiles - BigStamping","isPartOf":{"@id":"https:\/\/www.bigstamping.com\/#website"},"primaryImageOfPage":{"@id":"https:\/\/www.bigstamping.com\/fr\/producto\/encres-gravure-sur-bois-textile\/#primaryimage"},"image":{"@id":"https:\/\/www.bigstamping.com\/fr\/producto\/encres-gravure-sur-bois-textile\/#primaryimage"},"thumbnailUrl":"https:\/\/www.bigstamping.com\/wp-content\/uploads\/2018\/12\/SPEEDBALL-NEGRO.png","datePublished":"2020-08-19T17:21:08+00:00","dateModified":"2025-07-30T13:34:54+00:00","description":"Encres sp\u00e9ciales pour l'utilisation de joints BigStamping dans les mati\u00e8res textiles. Ils garantissent plus de 100 lavages dans les conditions que nous recommandons.","breadcrumb":{"@id":"https:\/\/www.bigstamping.com\/fr\/producto\/encres-gravure-sur-bois-textile\/#breadcrumb"},"inLanguage":"fr-FR","potentialAction":[{"@type":"ReadAction","target":["https:\/\/www.bigstamping.com\/fr\/producto\/encres-gravure-sur-bois-textile\/"]}]},{"@type":"ImageObject","inLanguage":"fr-FR","@id":"https:\/\/www.bigstamping.com\/fr\/producto\/encres-gravure-sur-bois-textile\/#primaryimage","url":"https:\/\/www.bigstamping.com\/wp-content\/uploads\/2018\/12\/SPEEDBALL-NEGRO.png","contentUrl":"https:\/\/www.bigstamping.com\/wp-content\/uploads\/2018\/12\/SPEEDBALL-NEGRO.png","width":1500,"height":1500,"caption":"SPEEDBALL BLACK"},{"@type":"BreadcrumbList","@id":"https:\/\/www.bigstamping.com\/fr\/producto\/encres-gravure-sur-bois-textile\/#breadcrumb","itemListElement":[{"@type":"ListItem","position":1,"name":"Portada","item":"https:\/\/www.bigstamping.com\/fr\/"},{"@type":"ListItem","position":2,"name":"Encres xylographiques textiles"}]},{"@type":"WebSite","@id":"https:\/\/www.bigstamping.com\/#website","url":"https:\/\/www.bigstamping.com\/","name":"BigStamping","description":"Sellos de gran tama\u00f1o para stampear","publisher":{"@id":"https:\/\/www.bigstamping.com\/#organization"},"potentialAction":[{"@type":"SearchAction","target":{"@type":"EntryPoint","urlTemplate":"https:\/\/www.bigstamping.com\/?s={search_term_string}"},"query-input":{"@type":"PropertyValueSpecification","valueRequired":true,"valueName":"search_term_string"}}],"inLanguage":"fr-FR"},{"@type":"Organization","@id":"https:\/\/www.bigstamping.com\/#organization","name":"BigStamping","url":"https:\/\/www.bigstamping.com\/","logo":{"@type":"ImageObject","inLanguage":"fr-FR","@id":"https:\/\/www.bigstamping.com\/#\/schema\/logo\/image\/","url":"https:\/\/www.bigstamping.com\/wp-content\/uploads\/2018\/12\/big-stamper-amarillo.jpg","contentUrl":"https:\/\/www.bigstamping.com\/wp-content\/uploads\/2018\/12\/big-stamper-amarillo.jpg","width":293,"height":300,"caption":"BigStamping"},"image":{"@id":"https:\/\/www.bigstamping.com\/#\/schema\/logo\/image\/"},"sameAs":["https:\/\/www.facebook.com\/Bigstamping-241206903231462\/","https:\/\/x.com\/Bigstamping","https:\/\/www.instagram.com\/bigstamping\/","https:\/\/www.youtube.com\/channel\/UC_l3jNsBYYC-Ds9pzcZy_Vg"]}]}},"_links":{"self":[{"href":"https:\/\/www.bigstamping.com\/fr\/wp-json\/wp\/v2\/product\/3657","targetHints":{"allow":["GET"]}}],"collection":[{"href":"https:\/\/www.bigstamping.com\/fr\/wp-json\/wp\/v2\/product"}],"about":[{"href":"https:\/\/www.bigstamping.com\/fr\/wp-json\/wp\/v2\/types\/product"}],"version-history":[{"count":0,"href":"https:\/\/www.bigstamping.com\/fr\/wp-json\/wp\/v2\/product\/3657\/revisions"}],"wp:featuredmedia":[{"embeddable":true,"href":"https:\/\/www.bigstamping.com\/fr\/wp-json\/wp\/v2\/media\/2829"}],"wp:attachment":[{"href":"https:\/\/www.bigstamping.com\/fr\/wp-json\/wp\/v2\/media?parent=3657"}],"wp:term":[{"taxonomy":"product_brand","embeddable":true,"href":"https:\/\/www.bigstamping.com\/fr\/wp-json\/wp\/v2\/product_brand?post=3657"},{"taxonomy":"product_cat","embeddable":true,"href":"https:\/\/www.bigstamping.com\/fr\/wp-json\/wp\/v2\/product_cat?post=3657"},{"taxonomy":"product_tag","embeddable":true,"href":"https:\/\/www.bigstamping.com\/fr\/wp-json\/wp\/v2\/product_tag?post=3657"}],"curies":[{"name":"wp","href":"https:\/\/api.w.org\/{rel}","templated":true}]}}