{"id":3669,"date":"2018-12-05T17:20:02","date_gmt":"2018-12-05T17:20:02","guid":{"rendered":"https:\/\/www.bigstamping.com\/producto\/rodillo\/"},"modified":"2025-07-25T17:22:14","modified_gmt":"2025-07-25T15:22:14","slug":"roller","status":"publish","type":"product","link":"https:\/\/www.bigstamping.com\/fr\/producto\/roller\/","title":{"rendered":"Roller"},"content":{"rendered":"<p><span style=\"font-weight: 400;\">Manche: Bois avec finition naturelle, ergonomique doux et maniable.<\/span><\/p>\n<p><span style=\"font-weight: 400;\">Caoutchouc: dur, r\u00e9sistant et uniforme, permettant un transfert d&rsquo;encre optimal.<\/span><\/p>\n<p><span style=\"font-weight: 400;\">Structure: cadre en acier robuste qui \u00e9limine la flexion et l&#8217;emp\u00eache de se plier ou de se casser.<\/span><\/p>\n<p><span style=\"font-weight: 400;\">Dimensions: 12&#215;16 cm.<\/span><\/p>\n<p><span style=\"font-weight: 400;\">Poids: 170 grammes.<\/span><\/p>\n<p><span style=\"font-weight: 400;\">Conservation:. Laver apr\u00e8s chaque utilisation avec du savon et de l&rsquo;eau (facultatif). Vous pouvez utiliser un chiffon pour le s\u00e9cher ou le laisser s\u00e9cher \u00e0 l&rsquo;air.<\/span><\/p>\n<p><span style=\"font-weight: 400;\">Recommand\u00e9 pour: tous types de tampons et encres.<\/span><\/p>\n<p><span style=\"font-weight: 400;\">R\u00e9f\u00e9rence: BS-R01<\/span><\/p>\n","protected":false},"excerpt":{"rendered":"<p><span style=\"font-weight: 400;\">Le rouleau BigStamping est un outil en caoutchouc dur d&rsquo;une seule pi\u00e8ce qui permet d&rsquo;appliquer l&rsquo;encre sur le tampon. Ce grand rouleau \u00e0 tampons mesure environ 12 x 16 cm (4,72&#215;6,29 in) (la taille du rouleau peut varier) et dispose d&rsquo;une poign\u00e9e ergonomique pour une prise en main facile. Sa structure \u00e9limine les d\u00e9formations et rend le transfert d&rsquo;encre fluide et uniforme.<\/span><\/p>\n<p>Convient \u00e0 tous les types d&rsquo;encres, tant textiles que flexographiques. Sa taille lui permet de s&rsquo;adapter de mani\u00e8re optimale \u00e0 toutes les tailles de nos tampons.<\/p>\n[acordeon_personalizado]<\/p>\n<p>[pestana_acordeon_personalizado titulo=\"Informations compl\u00e9mentaires sur les rouleaux BigStamping\"]<\/p>\n<p><span style=\"font-weight: 400;\">Manche : en bois avec finition naturelle, ergonomique et doux, facile \u00e0 manipuler.<\/span><\/p>\n<hr \/>\n<p><span style=\"font-weight: 400;\">Caoutchouc: dur, r\u00e9sistant et uniforme, permettant un transfert d&rsquo;encre optimal.<\/span><\/p>\n<hr \/>\n<p><span style=\"font-weight: 400;\">Structure: cadre en acier robuste qui \u00e9limine la flexion et l&#8217;emp\u00eache de se plier ou de se casser.<\/span><\/p>\n<p><span style=\"font-weight: 400;\">Poids: 170 grammes.<\/span><\/p>\n<hr \/>\n<p><span style=\"font-weight: 400;\">Conservation:. Laver apr\u00e8s chaque utilisation avec du savon et de l&rsquo;eau (facultatif). S\u00e9cher compl\u00e8tement.<\/span><\/p>\n<hr \/>\n<p><span style=\"font-weight: 400;\">Recommand\u00e9 pour: tous types de tampons et encres.<\/span><\/p>\n<p>[\/pestana_acordeon_personalizado]<\/p>\n<p>[pestana_acordeon_personalizado titulo=\"Comment puis-je commander ?\"]<\/p>\n<p>Pour commander ce produit, il suffit de choisir la quantit\u00e9 et de cliquer sur le bouton \u00ab Ajouter au panier \u00bb. Rappelez-vous que les kits comprennent d\u00e9j\u00e0 un rouleau, mais vous pouvez en commander autant que vous le souhaitez. \ud83d\ude09<\/p>\n<p><strong>\u00b7 Modes de paiement accept\u00e9s : cartes de d\u00e9bit\/cr\u00e9dit et Paypal.<\/strong><\/p>\n<p>[\/pestana_acordeon_personalizado]<\/p>\n<p>[pestana_acordeon_personalizado titulo=\"D\u00e9lais de livraison et frais d'exp\u00e9dition\"]<\/p>\n<p>Nous exp\u00e9dions vers tous les pays de la Communaut\u00e9 \u00e9conomique europ\u00e9enne. Nous exp\u00e9dions \u00e9galement vers les \u00c9tats-Unis, le Royaume-Uni, le Turquie, la Suisse, le Canada, l&rsquo;Australie, le Chili, les \u00c9mirats arabes unis et le Japon.<\/p>\n<p><strong>D\u00e9lais de livraison<\/strong><\/p>\n<p>\u00c0 partir du moment o\u00f9 vous passez votre commande, et s&rsquo;il n&rsquo;y a pas de probl\u00e8me avec le dessin, il faut compter environ <strong>7 \u00e0 15 jours ouvrables pour livrer votre commande.<\/strong><\/p>\n<p><span style=\"text-decoration: underline;\"><strong>*REMARQUE :<\/strong><\/span> nous ne sommes pas responsables des retards caus\u00e9s par les soci\u00e9t\u00e9s de transport ou les organismes de contr\u00f4le.<\/p>\n<p><strong>Co\u00fbt des envois<\/strong><\/p>\n<p>Les frais de port sont calcul\u00e9s automatiquement par le site en fonction du pays et des articles ajout\u00e9s au panier.<\/p>\n<p>Les frais de port sont gratuits \u00e0 partir de 190 euros, en fonction de la destination de la livraison. Pour des informations plus d\u00e9taill\u00e9es sur les frais de port et les montants requis pour une livraison gratuite, veuillez <a href=\"https:\/\/www.bigstamping.com\/fr\/faq\/\">consulter la section FAQ<\/a> et v\u00e9rifier les conditions relatives \u00e0 votre adresse.<\/p>\n<p>[\/pestana_acordeon_personalizado]<\/p>\n<p>[\/acordeon_personalizado]\n","protected":false},"featured_media":430601,"template":"","meta":{"_acf_changed":false,"_genesis_hide_title":false,"_genesis_hide_breadcrumbs":false,"_genesis_hide_singular_image":false,"_genesis_hide_footer_widgets":false,"_genesis_custom_body_class":"","_genesis_custom_post_class":"","_genesis_layout":""},"product_brand":[],"product_cat":[71],"product_tag":[],"class_list":{"0":"post-3669","1":"product","2":"type-product","3":"status-publish","4":"has-post-thumbnail","6":"product_cat-les-accessoires-fr","7":"product_shipping_class-clase-1-fr","8":"entry","10":"first","11":"instock","12":"taxable","13":"shipping-taxable","14":"purchasable","15":"product-type-simple"},"acf":[],"yoast_head":"<!-- This site is optimized with the Yoast SEO plugin v26.7 - https:\/\/yoast.com\/wordpress\/plugins\/seo\/ -->\n<title>Roller - BigStamping | (FR)<\/title>\n<meta name=\"description\" content=\"Utilis\u00e9 avec nos ac\u00e9tates, ce rouleau est utilis\u00e9 pour r\u00e9pandre l&#039;encre sur les grands tampons personnalis\u00e9s BigStamping.\" \/>\n<meta name=\"robots\" content=\"index, follow, max-snippet:-1, max-image-preview:large, max-video-preview:-1\" \/>\n<link rel=\"canonical\" href=\"https:\/\/www.bigstamping.com\/fr\/producto\/roller\/\" \/>\n<meta property=\"og:locale\" content=\"fr_FR\" \/>\n<meta property=\"og:type\" content=\"article\" \/>\n<meta property=\"og:title\" content=\"Roller - BigStamping | (FR)\" \/>\n<meta property=\"og:description\" content=\"Utilis\u00e9 avec nos ac\u00e9tates, ce rouleau est utilis\u00e9 pour r\u00e9pandre l&#039;encre sur les grands tampons personnalis\u00e9s BigStamping.\" \/>\n<meta property=\"og:url\" content=\"https:\/\/www.bigstamping.com\/fr\/producto\/roller\/\" \/>\n<meta property=\"og:site_name\" content=\"BigStamping\" \/>\n<meta property=\"article:publisher\" content=\"https:\/\/www.facebook.com\/Bigstamping-241206903231462\/\" \/>\n<meta property=\"article:modified_time\" content=\"2025-07-25T15:22:14+00:00\" \/>\n<meta property=\"og:image\" content=\"https:\/\/www.bigstamping.com\/wp-content\/uploads\/2018\/12\/unnamed-4.jpg\" \/>\n\t<meta property=\"og:image:width\" content=\"1080\" \/>\n\t<meta property=\"og:image:height\" content=\"1080\" \/>\n\t<meta property=\"og:image:type\" content=\"image\/jpeg\" \/>\n<meta name=\"twitter:card\" content=\"summary_large_image\" \/>\n<meta name=\"twitter:site\" content=\"@Bigstamping\" \/>\n<meta name=\"twitter:label1\" content=\"Dur\u00e9e de lecture estim\u00e9e\" \/>\n\t<meta name=\"twitter:data1\" content=\"1 minute\" \/>\n<script type=\"application\/ld+json\" class=\"yoast-schema-graph\">{\"@context\":\"https:\/\/schema.org\",\"@graph\":[{\"@type\":\"WebPage\",\"@id\":\"https:\/\/www.bigstamping.com\/fr\/producto\/roller\/\",\"url\":\"https:\/\/www.bigstamping.com\/fr\/producto\/roller\/\",\"name\":\"Roller - BigStamping | (FR)\",\"isPartOf\":{\"@id\":\"https:\/\/www.bigstamping.com\/#website\"},\"primaryImageOfPage\":{\"@id\":\"https:\/\/www.bigstamping.com\/fr\/producto\/roller\/#primaryimage\"},\"image\":{\"@id\":\"https:\/\/www.bigstamping.com\/fr\/producto\/roller\/#primaryimage\"},\"thumbnailUrl\":\"https:\/\/www.bigstamping.com\/wp-content\/uploads\/2018\/12\/unnamed-4.jpg\",\"datePublished\":\"2018-12-05T17:20:02+00:00\",\"dateModified\":\"2025-07-25T15:22:14+00:00\",\"description\":\"Utilis\u00e9 avec nos ac\u00e9tates, ce rouleau est utilis\u00e9 pour r\u00e9pandre l'encre sur les grands tampons personnalis\u00e9s BigStamping.\",\"breadcrumb\":{\"@id\":\"https:\/\/www.bigstamping.com\/fr\/producto\/roller\/#breadcrumb\"},\"inLanguage\":\"fr-FR\",\"potentialAction\":[{\"@type\":\"ReadAction\",\"target\":[\"https:\/\/www.bigstamping.com\/fr\/producto\/roller\/\"]}]},{\"@type\":\"ImageObject\",\"inLanguage\":\"fr-FR\",\"@id\":\"https:\/\/www.bigstamping.com\/fr\/producto\/roller\/#primaryimage\",\"url\":\"https:\/\/www.bigstamping.com\/wp-content\/uploads\/2018\/12\/unnamed-4.jpg\",\"contentUrl\":\"https:\/\/www.bigstamping.com\/wp-content\/uploads\/2018\/12\/unnamed-4.jpg\",\"width\":1080,\"height\":1080,\"caption\":\"Rodillo BigStamping\"},{\"@type\":\"BreadcrumbList\",\"@id\":\"https:\/\/www.bigstamping.com\/fr\/producto\/roller\/#breadcrumb\",\"itemListElement\":[{\"@type\":\"ListItem\",\"position\":1,\"name\":\"Portada\",\"item\":\"https:\/\/www.bigstamping.com\/fr\/\"},{\"@type\":\"ListItem\",\"position\":2,\"name\":\"Roller\"}]},{\"@type\":\"WebSite\",\"@id\":\"https:\/\/www.bigstamping.com\/#website\",\"url\":\"https:\/\/www.bigstamping.com\/\",\"name\":\"BigStamping\",\"description\":\"Sellos de gran tama\u00f1o para stampear\",\"publisher\":{\"@id\":\"https:\/\/www.bigstamping.com\/#organization\"},\"potentialAction\":[{\"@type\":\"SearchAction\",\"target\":{\"@type\":\"EntryPoint\",\"urlTemplate\":\"https:\/\/www.bigstamping.com\/?s={search_term_string}\"},\"query-input\":{\"@type\":\"PropertyValueSpecification\",\"valueRequired\":true,\"valueName\":\"search_term_string\"}}],\"inLanguage\":\"fr-FR\"},{\"@type\":\"Organization\",\"@id\":\"https:\/\/www.bigstamping.com\/#organization\",\"name\":\"BigStamping\",\"url\":\"https:\/\/www.bigstamping.com\/\",\"logo\":{\"@type\":\"ImageObject\",\"inLanguage\":\"fr-FR\",\"@id\":\"https:\/\/www.bigstamping.com\/#\/schema\/logo\/image\/\",\"url\":\"https:\/\/www.bigstamping.com\/wp-content\/uploads\/2018\/12\/big-stamper-amarillo.jpg\",\"contentUrl\":\"https:\/\/www.bigstamping.com\/wp-content\/uploads\/2018\/12\/big-stamper-amarillo.jpg\",\"width\":293,\"height\":300,\"caption\":\"BigStamping\"},\"image\":{\"@id\":\"https:\/\/www.bigstamping.com\/#\/schema\/logo\/image\/\"},\"sameAs\":[\"https:\/\/www.facebook.com\/Bigstamping-241206903231462\/\",\"https:\/\/x.com\/Bigstamping\",\"https:\/\/www.instagram.com\/bigstamping\/\",\"https:\/\/www.youtube.com\/channel\/UC_l3jNsBYYC-Ds9pzcZy_Vg\"]}]}<\/script>\n<!-- \/ Yoast SEO plugin. -->","yoast_head_json":{"title":"Roller - BigStamping | (FR)","description":"Utilis\u00e9 avec nos ac\u00e9tates, ce rouleau est utilis\u00e9 pour r\u00e9pandre l'encre sur les grands tampons personnalis\u00e9s BigStamping.","robots":{"index":"index","follow":"follow","max-snippet":"max-snippet:-1","max-image-preview":"max-image-preview:large","max-video-preview":"max-video-preview:-1"},"canonical":"https:\/\/www.bigstamping.com\/fr\/producto\/roller\/","og_locale":"fr_FR","og_type":"article","og_title":"Roller - BigStamping | (FR)","og_description":"Utilis\u00e9 avec nos ac\u00e9tates, ce rouleau est utilis\u00e9 pour r\u00e9pandre l'encre sur les grands tampons personnalis\u00e9s BigStamping.","og_url":"https:\/\/www.bigstamping.com\/fr\/producto\/roller\/","og_site_name":"BigStamping","article_publisher":"https:\/\/www.facebook.com\/Bigstamping-241206903231462\/","article_modified_time":"2025-07-25T15:22:14+00:00","og_image":[{"width":1080,"height":1080,"url":"https:\/\/www.bigstamping.com\/wp-content\/uploads\/2018\/12\/unnamed-4.jpg","type":"image\/jpeg"}],"twitter_card":"summary_large_image","twitter_site":"@Bigstamping","twitter_misc":{"Dur\u00e9e de lecture estim\u00e9e":"1 minute"},"schema":{"@context":"https:\/\/schema.org","@graph":[{"@type":"WebPage","@id":"https:\/\/www.bigstamping.com\/fr\/producto\/roller\/","url":"https:\/\/www.bigstamping.com\/fr\/producto\/roller\/","name":"Roller - BigStamping | (FR)","isPartOf":{"@id":"https:\/\/www.bigstamping.com\/#website"},"primaryImageOfPage":{"@id":"https:\/\/www.bigstamping.com\/fr\/producto\/roller\/#primaryimage"},"image":{"@id":"https:\/\/www.bigstamping.com\/fr\/producto\/roller\/#primaryimage"},"thumbnailUrl":"https:\/\/www.bigstamping.com\/wp-content\/uploads\/2018\/12\/unnamed-4.jpg","datePublished":"2018-12-05T17:20:02+00:00","dateModified":"2025-07-25T15:22:14+00:00","description":"Utilis\u00e9 avec nos ac\u00e9tates, ce rouleau est utilis\u00e9 pour r\u00e9pandre l'encre sur les grands tampons personnalis\u00e9s BigStamping.","breadcrumb":{"@id":"https:\/\/www.bigstamping.com\/fr\/producto\/roller\/#breadcrumb"},"inLanguage":"fr-FR","potentialAction":[{"@type":"ReadAction","target":["https:\/\/www.bigstamping.com\/fr\/producto\/roller\/"]}]},{"@type":"ImageObject","inLanguage":"fr-FR","@id":"https:\/\/www.bigstamping.com\/fr\/producto\/roller\/#primaryimage","url":"https:\/\/www.bigstamping.com\/wp-content\/uploads\/2018\/12\/unnamed-4.jpg","contentUrl":"https:\/\/www.bigstamping.com\/wp-content\/uploads\/2018\/12\/unnamed-4.jpg","width":1080,"height":1080,"caption":"Rodillo BigStamping"},{"@type":"BreadcrumbList","@id":"https:\/\/www.bigstamping.com\/fr\/producto\/roller\/#breadcrumb","itemListElement":[{"@type":"ListItem","position":1,"name":"Portada","item":"https:\/\/www.bigstamping.com\/fr\/"},{"@type":"ListItem","position":2,"name":"Roller"}]},{"@type":"WebSite","@id":"https:\/\/www.bigstamping.com\/#website","url":"https:\/\/www.bigstamping.com\/","name":"BigStamping","description":"Sellos de gran tama\u00f1o para stampear","publisher":{"@id":"https:\/\/www.bigstamping.com\/#organization"},"potentialAction":[{"@type":"SearchAction","target":{"@type":"EntryPoint","urlTemplate":"https:\/\/www.bigstamping.com\/?s={search_term_string}"},"query-input":{"@type":"PropertyValueSpecification","valueRequired":true,"valueName":"search_term_string"}}],"inLanguage":"fr-FR"},{"@type":"Organization","@id":"https:\/\/www.bigstamping.com\/#organization","name":"BigStamping","url":"https:\/\/www.bigstamping.com\/","logo":{"@type":"ImageObject","inLanguage":"fr-FR","@id":"https:\/\/www.bigstamping.com\/#\/schema\/logo\/image\/","url":"https:\/\/www.bigstamping.com\/wp-content\/uploads\/2018\/12\/big-stamper-amarillo.jpg","contentUrl":"https:\/\/www.bigstamping.com\/wp-content\/uploads\/2018\/12\/big-stamper-amarillo.jpg","width":293,"height":300,"caption":"BigStamping"},"image":{"@id":"https:\/\/www.bigstamping.com\/#\/schema\/logo\/image\/"},"sameAs":["https:\/\/www.facebook.com\/Bigstamping-241206903231462\/","https:\/\/x.com\/Bigstamping","https:\/\/www.instagram.com\/bigstamping\/","https:\/\/www.youtube.com\/channel\/UC_l3jNsBYYC-Ds9pzcZy_Vg"]}]}},"_links":{"self":[{"href":"https:\/\/www.bigstamping.com\/fr\/wp-json\/wp\/v2\/product\/3669","targetHints":{"allow":["GET"]}}],"collection":[{"href":"https:\/\/www.bigstamping.com\/fr\/wp-json\/wp\/v2\/product"}],"about":[{"href":"https:\/\/www.bigstamping.com\/fr\/wp-json\/wp\/v2\/types\/product"}],"version-history":[{"count":0,"href":"https:\/\/www.bigstamping.com\/fr\/wp-json\/wp\/v2\/product\/3669\/revisions"}],"wp:featuredmedia":[{"embeddable":true,"href":"https:\/\/www.bigstamping.com\/fr\/wp-json\/wp\/v2\/media\/430601"}],"wp:attachment":[{"href":"https:\/\/www.bigstamping.com\/fr\/wp-json\/wp\/v2\/media?parent=3669"}],"wp:term":[{"taxonomy":"product_brand","embeddable":true,"href":"https:\/\/www.bigstamping.com\/fr\/wp-json\/wp\/v2\/product_brand?post=3669"},{"taxonomy":"product_cat","embeddable":true,"href":"https:\/\/www.bigstamping.com\/fr\/wp-json\/wp\/v2\/product_cat?post=3669"},{"taxonomy":"product_tag","embeddable":true,"href":"https:\/\/www.bigstamping.com\/fr\/wp-json\/wp\/v2\/product_tag?post=3669"}],"curies":[{"name":"wp","href":"https:\/\/api.w.org\/{rel}","templated":true}]}}