{"id":3671,"date":"2018-12-05T17:18:02","date_gmt":"2018-12-05T17:18:02","guid":{"rendered":"https:\/\/www.bigstamping.com\/producto\/sello-mini-stamp-rectangular\/"},"modified":"2025-07-25T17:14:43","modified_gmt":"2025-07-25T15:14:43","slug":"tampon-mini-tampon-rectangulaire","status":"publish","type":"product","link":"https:\/\/www.bigstamping.com\/fr\/producto\/tampon-mini-tampon-rectangulaire\/","title":{"rendered":"Tampon Mini Stamp rectangulaire"},"content":{"rendered":"<p><span style=\"font-weight: 400;\">Structure: bois de pin, finition naturelle et vernie<\/span><\/p>\n<hr \/>\n<p><span style=\"font-weight: 400;\">Base: mousse 2 mm. <\/span><\/p>\n<hr \/>\n<p><span style=\"font-weight: 400;\">Caoutchouc: en r\u00e9sine souple, photopolym\u00e8re liquide de 6 mm de haut.<\/span><\/p>\n<hr \/>\n<p><span style=\"font-weight: 400;\">Dimensions: 10,5 x 4,5 x 7 cm<\/span><\/p>\n<hr \/>\n<p><span style=\"font-weight: 400;\">Poids: 70 grammes<\/span><\/p>\n<hr \/>\n<p><span style=\"font-weight: 400;\">Conservation: Tenir \u00e0 l&rsquo;\u00e9cart de la chaleur et du soleil. Laver apr\u00e8s chaque utilisation \u00e0 l&rsquo;eau courante et s\u00e9cher avec un chiffon.<\/span><\/p>\n<hr \/>\n<p><span style=\"font-weight: 400;\">Recommand\u00e9 pour: tous les types de cr\u00e9ations, en particulier les petites. Ces tampons peuvent \u00eatre facilement encr\u00e9s avec un tampon encreur traditionnel.<\/span><\/p>\n<hr \/>\n<p><span style=\"font-weight: 400;\">R\u00e9f\u00e9rence: BS-M03<\/span><\/p>\n","protected":false},"excerpt":{"rendered":"<p><strong>Le Mini Stamp Rectangulaire est le plus grand de nos mini tampons.<\/strong><\/p>\n<p><strong> Il s&rsquo;agit d&rsquo;un tampon en caoutchouc avec une base de 10,5 x 4,5 cm (4,1 x 1,77 in) et un support en bois avec une poign\u00e9e ergonomique. <\/strong><\/p>\n<p><span style=\"font-weight: 400;\">Comme leurs grands fr\u00e8res, <strong>les Mini Stamps rectangulaires<\/strong> sont fabriqu\u00e9s en r\u00e9sine de haute qualit\u00e9, ce qui leur permet d&rsquo;imprimer facilement sur tous les types de surfaces absorbantes. <\/span><\/p>\n[acordeon_personalizado]<\/p>\n<p>[pestana_acordeon_personalizado titulo=\"Usages recommand\u00e9s\"]<\/p>\n<p><span style=\"font-weight: 400;\">En raison de leur taille, <strong> les tampons Mini Stamps BigStamping conviennent \u00e0 l&rsquo;estampage de petites surfaces.<\/strong> <strong>Nous recommandons leur utilisation pour la papeterie g\u00e9n\u00e9rale telle que les invitations, les enveloppes, les cartes et le papier cadeau. Bien s\u00fbr, vous pouvez l&rsquo;utiliser pour toutes les applications auxquelles vous pouvez penser, mais toujours en format mini.<\/strong><\/span><\/p>\n<p>Et n&rsquo;oubliez pas ! Nous <strong> disposons d&rsquo;une gamme sp\u00e9ciale d&rsquo;encres pour mini-tampons<\/strong> : <a href=\"https:\/\/www.bigstamping.com\/fr\/producto\/ink-textile-for-ministamps\/\">encre textile<\/a>, <a href=\"https:\/\/www.bigstamping.com\/fr\/producto\/encre-multi-surfaces-a-sechage-rapide\/\">encre multi-surfaces \u00e0 s\u00e9chage rapide<\/a> et <a href=\"https:\/\/www.bigstamping.com\/fr\/producto\/encre-pour-porter\/\">encre pour surfaces poreuses<\/a> (papier, carton, bois, etc.).<\/p>\n<p><span style=\"font-weight: 400;\">Avec <strong>le Mini Stamp Rectangulaire,<\/strong> vous pouvez laisser votre empreinte partout o\u00f9 vous l&rsquo;imaginez et vous pouvez toujours l&#8217;emporter avec vous, gr\u00e2ce \u00e0 sa taille. <strong>Affichez votre marque en format mini, mais avec la qualit\u00e9 g\u00e9ante de BigStamping ! \ud83d\ude09<\/strong><\/span><\/p>\n<p>[\/pestana_acordeon_personalizado]<\/p>\n<p>[pestana_acordeon_personalizado titulo=\"Comment puis-je commander ?\"]<\/p>\n<p>Une fois que vous avez choisi <strong>votre tampon BigStamping ou votre mini-tampon et que vous \u00eates entr\u00e9 dans la page correspondante<\/strong>, apr\u00e8s la description et les d\u00e9tails, vous trouverez une zone \/ un bouton pour ajouter le fichier contenant votre dessin. Ajoutez-le ici !<\/p>\n<p>Si vous l&rsquo;avez en format vectoriel, nous travaillerons mieux avec, mais sinon, envoyez-le nous dans le format d&rsquo;image de meilleure qualit\u00e9 dont vous disposez.<\/p>\n<p>Si nous avons un probl\u00e8me ou un doute avec votre dessin, ne vous inqui\u00e9tez pas, nous vous contacterons ! A la fin de votre achat, il y a une section \u00ab\u00a0NOTES\u00a0\u00bb o\u00f9 vous pouvez laisser n&rsquo;importe quelle indication ou commentaire sur votre commande : dessin, taille finale du dessin, si vous voulez voir un croquis pr\u00e9c\u00e9dent, etc&#8230;<\/p>\n<p><strong>\u00b7 Modes de paiement accept\u00e9s : cartes de d\u00e9bit\/cr\u00e9dit et Paypal.<\/strong><\/p>\n<p>[\/pestana_acordeon_personalizado]<\/p>\n<p>[pestana_acordeon_personalizado titulo=\"Types de fichiers support\u00e9s\"]<\/p>\n<p><strong>Les types de fichiers pris en charge pour cr\u00e9er vos grands tampons sont : svg, tiff, eps, ai, jpg, psd, pdf, jpeg, png, cdr, tif, etc.<\/strong><\/p>\n<p><strong>Taille maximale du fichier : 10 Mo<\/strong><\/p>\n<p>L&rsquo;id\u00e9al est d&rsquo;envoyer les dessins en format vectoriel, dans leur format natif, c&rsquo;est-\u00e0-dire dans le programme dans lequel ils ont \u00e9t\u00e9 con\u00e7us : AI, CDR, PDF, etc.<\/p>\n<p>Si vous ne disposez pas de ces formats, vous pouvez envoyer le fichier image dans la meilleure qualit\u00e9 possible.<\/p>\n<p>L&rsquo;image ou le dessin ne doit pas contenir plus d&rsquo;une couleur. Ni nuances, ni d\u00e9grad\u00e9s. Il doit \u00eatre monochrome, \u00e0 100 % d&rsquo;encre noire ou blanche.<\/p>\n<p>Si nous avons des probl\u00e8mes ou des doutes concernant votre conception, ne vous inqui\u00e9tez pas, nous vous contacterons.<\/p>\n<p>[\/pestana_acordeon_personalizado]<\/p>\n<p>[pestana_acordeon_personalizado titulo=\"D\u00e9lais de livraison et frais d'exp\u00e9dition\"]<\/p>\n<p>Nous exp\u00e9dions vers tous les pays de la Communaut\u00e9 \u00e9conomique europ\u00e9enne. Nous exp\u00e9dions \u00e9galement vers les \u00c9tats-Unis, le Royaume-Uni, le Turquie, la Suisse, le Canada, l&rsquo;Australie, le Chili, les \u00c9mirats arabes unis et le Japon.<\/p>\n<p><strong>D\u00e9lais de livraison<\/strong><\/p>\n<p>\u00c0 partir du moment o\u00f9 vous passez votre commande, et s&rsquo;il n&rsquo;y a pas de probl\u00e8me avec le dessin, il faut compter environ <strong>7 \u00e0 15 jours ouvrables pour livrer votre commande.<\/strong><\/p>\n<p><span style=\"text-decoration: underline;\"><strong>*REMARQUE :<\/strong><\/span> nous ne sommes pas responsables des retards caus\u00e9s par les soci\u00e9t\u00e9s de transport ou les organismes de contr\u00f4le.<\/p>\n<p><strong>Co\u00fbt des envois<\/strong><\/p>\n<p>Les frais de port sont calcul\u00e9s automatiquement par le site en fonction du pays et des articles ajout\u00e9s au panier.<\/p>\n<p>Les frais de port sont gratuits \u00e0 partir de 190 euros, en fonction de la destination de la livraison. Pour des informations plus d\u00e9taill\u00e9es sur les frais de port et les montants requis pour une livraison gratuite, veuillez <a href=\"https:\/\/www.bigstamping.com\/fr\/faq\/\">consulter la section FAQ<\/a> et v\u00e9rifier les conditions relatives \u00e0 votre adresse.<\/p>\n<p>[\/pestana_acordeon_personalizado]<\/p>\n<p>[\/acordeon_personalizado]\n<p>&nbsp;<\/p>\n","protected":false},"featured_media":430639,"template":"","meta":{"_acf_changed":false,"_genesis_hide_title":false,"_genesis_hide_breadcrumbs":false,"_genesis_hide_singular_image":false,"_genesis_hide_footer_widgets":false,"_genesis_custom_body_class":"","_genesis_custom_post_class":"","_genesis_layout":""},"product_brand":[],"product_cat":[70],"product_tag":[],"class_list":{"0":"post-3671","1":"product","2":"type-product","3":"status-publish","4":"has-post-thumbnail","6":"product_cat-ministamps-fr","7":"entry","9":"first","10":"instock","11":"taxable","12":"shipping-taxable","13":"purchasable","14":"product-type-simple"},"acf":[],"yoast_head":"<!-- This site is optimized with the Yoast SEO plugin v26.7 - https:\/\/yoast.com\/wordpress\/plugins\/seo\/ -->\n<title>Tampon Mini Stamp rectangulaire - BigStamping<\/title>\n<meta name=\"description\" content=\"Il s&#039;agit de notre marque rectangulaire personnalis\u00e9e BigStamping minisello. La m\u00eame qualit\u00e9 et les m\u00eames finitions que les grandes, mais en taille mini.\" \/>\n<meta name=\"robots\" content=\"index, follow, max-snippet:-1, max-image-preview:large, max-video-preview:-1\" \/>\n<link rel=\"canonical\" href=\"https:\/\/www.bigstamping.com\/fr\/producto\/tampon-mini-tampon-rectangulaire\/\" \/>\n<meta property=\"og:locale\" content=\"fr_FR\" \/>\n<meta property=\"og:type\" content=\"article\" \/>\n<meta property=\"og:title\" content=\"Tampon Mini Stamp rectangulaire - BigStamping\" \/>\n<meta property=\"og:description\" content=\"Il s&#039;agit de notre marque rectangulaire personnalis\u00e9e BigStamping minisello. La m\u00eame qualit\u00e9 et les m\u00eames finitions que les grandes, mais en taille mini.\" \/>\n<meta property=\"og:url\" content=\"https:\/\/www.bigstamping.com\/fr\/producto\/tampon-mini-tampon-rectangulaire\/\" \/>\n<meta property=\"og:site_name\" content=\"BigStamping\" \/>\n<meta property=\"article:publisher\" content=\"https:\/\/www.facebook.com\/Bigstamping-241206903231462\/\" \/>\n<meta property=\"article:modified_time\" content=\"2025-07-25T15:14:43+00:00\" \/>\n<meta property=\"og:image\" content=\"https:\/\/www.bigstamping.com\/wp-content\/uploads\/2018\/12\/unnamed-1.jpg\" \/>\n\t<meta property=\"og:image:width\" content=\"1080\" \/>\n\t<meta property=\"og:image:height\" content=\"1080\" \/>\n\t<meta property=\"og:image:type\" content=\"image\/jpeg\" \/>\n<meta name=\"twitter:card\" content=\"summary_large_image\" \/>\n<meta name=\"twitter:site\" content=\"@Bigstamping\" \/>\n<meta name=\"twitter:label1\" content=\"Dur\u00e9e de lecture estim\u00e9e\" \/>\n\t<meta name=\"twitter:data1\" content=\"1 minute\" \/>\n<script type=\"application\/ld+json\" class=\"yoast-schema-graph\">{\"@context\":\"https:\/\/schema.org\",\"@graph\":[{\"@type\":\"WebPage\",\"@id\":\"https:\/\/www.bigstamping.com\/fr\/producto\/tampon-mini-tampon-rectangulaire\/\",\"url\":\"https:\/\/www.bigstamping.com\/fr\/producto\/tampon-mini-tampon-rectangulaire\/\",\"name\":\"Tampon Mini Stamp rectangulaire - BigStamping\",\"isPartOf\":{\"@id\":\"https:\/\/www.bigstamping.com\/#website\"},\"primaryImageOfPage\":{\"@id\":\"https:\/\/www.bigstamping.com\/fr\/producto\/tampon-mini-tampon-rectangulaire\/#primaryimage\"},\"image\":{\"@id\":\"https:\/\/www.bigstamping.com\/fr\/producto\/tampon-mini-tampon-rectangulaire\/#primaryimage\"},\"thumbnailUrl\":\"https:\/\/www.bigstamping.com\/wp-content\/uploads\/2018\/12\/unnamed-1.jpg\",\"datePublished\":\"2018-12-05T17:18:02+00:00\",\"dateModified\":\"2025-07-25T15:14:43+00:00\",\"description\":\"Il s'agit de notre marque rectangulaire personnalis\u00e9e BigStamping minisello. La m\u00eame qualit\u00e9 et les m\u00eames finitions que les grandes, mais en taille mini.\",\"breadcrumb\":{\"@id\":\"https:\/\/www.bigstamping.com\/fr\/producto\/tampon-mini-tampon-rectangulaire\/#breadcrumb\"},\"inLanguage\":\"fr-FR\",\"potentialAction\":[{\"@type\":\"ReadAction\",\"target\":[\"https:\/\/www.bigstamping.com\/fr\/producto\/tampon-mini-tampon-rectangulaire\/\"]}]},{\"@type\":\"ImageObject\",\"inLanguage\":\"fr-FR\",\"@id\":\"https:\/\/www.bigstamping.com\/fr\/producto\/tampon-mini-tampon-rectangulaire\/#primaryimage\",\"url\":\"https:\/\/www.bigstamping.com\/wp-content\/uploads\/2018\/12\/unnamed-1.jpg\",\"contentUrl\":\"https:\/\/www.bigstamping.com\/wp-content\/uploads\/2018\/12\/unnamed-1.jpg\",\"width\":1080,\"height\":1080,\"caption\":\"Sello rectangular peque\u00f1o Bigstamping\"},{\"@type\":\"BreadcrumbList\",\"@id\":\"https:\/\/www.bigstamping.com\/fr\/producto\/tampon-mini-tampon-rectangulaire\/#breadcrumb\",\"itemListElement\":[{\"@type\":\"ListItem\",\"position\":1,\"name\":\"Portada\",\"item\":\"https:\/\/www.bigstamping.com\/fr\/\"},{\"@type\":\"ListItem\",\"position\":2,\"name\":\"Tampon Mini Stamp rectangulaire\"}]},{\"@type\":\"WebSite\",\"@id\":\"https:\/\/www.bigstamping.com\/#website\",\"url\":\"https:\/\/www.bigstamping.com\/\",\"name\":\"BigStamping\",\"description\":\"Sellos de gran tama\u00f1o para stampear\",\"publisher\":{\"@id\":\"https:\/\/www.bigstamping.com\/#organization\"},\"potentialAction\":[{\"@type\":\"SearchAction\",\"target\":{\"@type\":\"EntryPoint\",\"urlTemplate\":\"https:\/\/www.bigstamping.com\/?s={search_term_string}\"},\"query-input\":{\"@type\":\"PropertyValueSpecification\",\"valueRequired\":true,\"valueName\":\"search_term_string\"}}],\"inLanguage\":\"fr-FR\"},{\"@type\":\"Organization\",\"@id\":\"https:\/\/www.bigstamping.com\/#organization\",\"name\":\"BigStamping\",\"url\":\"https:\/\/www.bigstamping.com\/\",\"logo\":{\"@type\":\"ImageObject\",\"inLanguage\":\"fr-FR\",\"@id\":\"https:\/\/www.bigstamping.com\/#\/schema\/logo\/image\/\",\"url\":\"https:\/\/www.bigstamping.com\/wp-content\/uploads\/2018\/12\/big-stamper-amarillo.jpg\",\"contentUrl\":\"https:\/\/www.bigstamping.com\/wp-content\/uploads\/2018\/12\/big-stamper-amarillo.jpg\",\"width\":293,\"height\":300,\"caption\":\"BigStamping\"},\"image\":{\"@id\":\"https:\/\/www.bigstamping.com\/#\/schema\/logo\/image\/\"},\"sameAs\":[\"https:\/\/www.facebook.com\/Bigstamping-241206903231462\/\",\"https:\/\/x.com\/Bigstamping\",\"https:\/\/www.instagram.com\/bigstamping\/\",\"https:\/\/www.youtube.com\/channel\/UC_l3jNsBYYC-Ds9pzcZy_Vg\"]}]}<\/script>\n<!-- \/ Yoast SEO plugin. -->","yoast_head_json":{"title":"Tampon Mini Stamp rectangulaire - BigStamping","description":"Il s'agit de notre marque rectangulaire personnalis\u00e9e BigStamping minisello. La m\u00eame qualit\u00e9 et les m\u00eames finitions que les grandes, mais en taille mini.","robots":{"index":"index","follow":"follow","max-snippet":"max-snippet:-1","max-image-preview":"max-image-preview:large","max-video-preview":"max-video-preview:-1"},"canonical":"https:\/\/www.bigstamping.com\/fr\/producto\/tampon-mini-tampon-rectangulaire\/","og_locale":"fr_FR","og_type":"article","og_title":"Tampon Mini Stamp rectangulaire - BigStamping","og_description":"Il s'agit de notre marque rectangulaire personnalis\u00e9e BigStamping minisello. La m\u00eame qualit\u00e9 et les m\u00eames finitions que les grandes, mais en taille mini.","og_url":"https:\/\/www.bigstamping.com\/fr\/producto\/tampon-mini-tampon-rectangulaire\/","og_site_name":"BigStamping","article_publisher":"https:\/\/www.facebook.com\/Bigstamping-241206903231462\/","article_modified_time":"2025-07-25T15:14:43+00:00","og_image":[{"width":1080,"height":1080,"url":"https:\/\/www.bigstamping.com\/wp-content\/uploads\/2018\/12\/unnamed-1.jpg","type":"image\/jpeg"}],"twitter_card":"summary_large_image","twitter_site":"@Bigstamping","twitter_misc":{"Dur\u00e9e de lecture estim\u00e9e":"1 minute"},"schema":{"@context":"https:\/\/schema.org","@graph":[{"@type":"WebPage","@id":"https:\/\/www.bigstamping.com\/fr\/producto\/tampon-mini-tampon-rectangulaire\/","url":"https:\/\/www.bigstamping.com\/fr\/producto\/tampon-mini-tampon-rectangulaire\/","name":"Tampon Mini Stamp rectangulaire - BigStamping","isPartOf":{"@id":"https:\/\/www.bigstamping.com\/#website"},"primaryImageOfPage":{"@id":"https:\/\/www.bigstamping.com\/fr\/producto\/tampon-mini-tampon-rectangulaire\/#primaryimage"},"image":{"@id":"https:\/\/www.bigstamping.com\/fr\/producto\/tampon-mini-tampon-rectangulaire\/#primaryimage"},"thumbnailUrl":"https:\/\/www.bigstamping.com\/wp-content\/uploads\/2018\/12\/unnamed-1.jpg","datePublished":"2018-12-05T17:18:02+00:00","dateModified":"2025-07-25T15:14:43+00:00","description":"Il s'agit de notre marque rectangulaire personnalis\u00e9e BigStamping minisello. La m\u00eame qualit\u00e9 et les m\u00eames finitions que les grandes, mais en taille mini.","breadcrumb":{"@id":"https:\/\/www.bigstamping.com\/fr\/producto\/tampon-mini-tampon-rectangulaire\/#breadcrumb"},"inLanguage":"fr-FR","potentialAction":[{"@type":"ReadAction","target":["https:\/\/www.bigstamping.com\/fr\/producto\/tampon-mini-tampon-rectangulaire\/"]}]},{"@type":"ImageObject","inLanguage":"fr-FR","@id":"https:\/\/www.bigstamping.com\/fr\/producto\/tampon-mini-tampon-rectangulaire\/#primaryimage","url":"https:\/\/www.bigstamping.com\/wp-content\/uploads\/2018\/12\/unnamed-1.jpg","contentUrl":"https:\/\/www.bigstamping.com\/wp-content\/uploads\/2018\/12\/unnamed-1.jpg","width":1080,"height":1080,"caption":"Sello rectangular peque\u00f1o Bigstamping"},{"@type":"BreadcrumbList","@id":"https:\/\/www.bigstamping.com\/fr\/producto\/tampon-mini-tampon-rectangulaire\/#breadcrumb","itemListElement":[{"@type":"ListItem","position":1,"name":"Portada","item":"https:\/\/www.bigstamping.com\/fr\/"},{"@type":"ListItem","position":2,"name":"Tampon Mini Stamp rectangulaire"}]},{"@type":"WebSite","@id":"https:\/\/www.bigstamping.com\/#website","url":"https:\/\/www.bigstamping.com\/","name":"BigStamping","description":"Sellos de gran tama\u00f1o para stampear","publisher":{"@id":"https:\/\/www.bigstamping.com\/#organization"},"potentialAction":[{"@type":"SearchAction","target":{"@type":"EntryPoint","urlTemplate":"https:\/\/www.bigstamping.com\/?s={search_term_string}"},"query-input":{"@type":"PropertyValueSpecification","valueRequired":true,"valueName":"search_term_string"}}],"inLanguage":"fr-FR"},{"@type":"Organization","@id":"https:\/\/www.bigstamping.com\/#organization","name":"BigStamping","url":"https:\/\/www.bigstamping.com\/","logo":{"@type":"ImageObject","inLanguage":"fr-FR","@id":"https:\/\/www.bigstamping.com\/#\/schema\/logo\/image\/","url":"https:\/\/www.bigstamping.com\/wp-content\/uploads\/2018\/12\/big-stamper-amarillo.jpg","contentUrl":"https:\/\/www.bigstamping.com\/wp-content\/uploads\/2018\/12\/big-stamper-amarillo.jpg","width":293,"height":300,"caption":"BigStamping"},"image":{"@id":"https:\/\/www.bigstamping.com\/#\/schema\/logo\/image\/"},"sameAs":["https:\/\/www.facebook.com\/Bigstamping-241206903231462\/","https:\/\/x.com\/Bigstamping","https:\/\/www.instagram.com\/bigstamping\/","https:\/\/www.youtube.com\/channel\/UC_l3jNsBYYC-Ds9pzcZy_Vg"]}]}},"_links":{"self":[{"href":"https:\/\/www.bigstamping.com\/fr\/wp-json\/wp\/v2\/product\/3671","targetHints":{"allow":["GET"]}}],"collection":[{"href":"https:\/\/www.bigstamping.com\/fr\/wp-json\/wp\/v2\/product"}],"about":[{"href":"https:\/\/www.bigstamping.com\/fr\/wp-json\/wp\/v2\/types\/product"}],"version-history":[{"count":0,"href":"https:\/\/www.bigstamping.com\/fr\/wp-json\/wp\/v2\/product\/3671\/revisions"}],"wp:featuredmedia":[{"embeddable":true,"href":"https:\/\/www.bigstamping.com\/fr\/wp-json\/wp\/v2\/media\/430639"}],"wp:attachment":[{"href":"https:\/\/www.bigstamping.com\/fr\/wp-json\/wp\/v2\/media?parent=3671"}],"wp:term":[{"taxonomy":"product_brand","embeddable":true,"href":"https:\/\/www.bigstamping.com\/fr\/wp-json\/wp\/v2\/product_brand?post=3671"},{"taxonomy":"product_cat","embeddable":true,"href":"https:\/\/www.bigstamping.com\/fr\/wp-json\/wp\/v2\/product_cat?post=3671"},{"taxonomy":"product_tag","embeddable":true,"href":"https:\/\/www.bigstamping.com\/fr\/wp-json\/wp\/v2\/product_tag?post=3671"}],"curies":[{"name":"wp","href":"https:\/\/api.w.org\/{rel}","templated":true}]}}