{"id":3684,"date":"2018-12-05T17:01:17","date_gmt":"2018-12-05T17:01:17","guid":{"rendered":"https:\/\/www.bigstamping.com\/producto\/sello-big-stamp-l\/"},"modified":"2025-10-17T20:41:44","modified_gmt":"2025-10-17T18:41:44","slug":"timbre-big-stamp-l","status":"publish","type":"product","link":"https:\/\/www.bigstamping.com\/fr\/producto\/timbre-big-stamp-l\/","title":{"rendered":"Tampon Big Stamp L"},"content":{"rendered":"<p><span style=\"font-weight: 400;\">Structure: bois de pin verni \u00e0 la main, avec finition naturelle.<\/span><\/p>\n<hr \/>\n<p><span style=\"font-weight: 400;\">Base: mousse de 1 cm. <\/span><\/p>\n<hr \/>\n<p><span style=\"font-weight: 400;\">Caoutchouc: en r\u00e9sine souple, photopolym\u00e8re liquide de 6 mm de haut.<\/span><\/p>\n<hr \/>\n<p><span style=\"font-weight: 400;\">Dimensions: 21x15x7,5 cm<\/span><\/p>\n<hr \/>\n<p><span style=\"font-weight: 400;\">Poids: 550 grammes.<\/span><\/p>\n<hr \/>\n<p><span style=\"font-weight: 400;\">Conservation: Tenir \u00e0 l&rsquo;\u00e9cart de la chaleur et du soleil. Laver apr\u00e8s chaque utilisation \u00e0 l&rsquo;eau courante et s\u00e9cher avec un chiffon.<\/span><\/p>\n<hr \/>\n<p><span style=\"font-weight: 400;\">Recommand\u00e9 pour: Tous types de cr\u00e9ations.<\/span><\/p>\n<hr \/>\n<p><span style=\"font-weight: 400;\">R\u00e9f\u00e9rence: BS-S02<\/span><\/p>\n","protected":false},"excerpt":{"rendered":"<p><span style=\"font-weight: 400;\"><strong>Le Big Stamp L est notre tampon le plus vendu<\/strong> et celui que vous trouverez dans le <a href=\"https:\/\/www.bigstamping.com\/fr\/producto\/super-stamping-kit\/\">Super Stamping Kit.<\/a> Il s&rsquo;agit d&rsquo;un tampon en caoutchouc avec un cadre en bois fait \u00e0 la main et d&rsquo;une <strong>taille de 21&#215;15 cm (8.2&#215;5.9x in). <\/strong><\/span><\/p>\n<p><span style=\"font-weight: 400;\">Comme tous les tampons <strong>BigStamping<\/strong>, celui-ci est \u00e9galement fabriqu\u00e9 en r\u00e9sine souple et r\u00e9sistante de haute qualit\u00e9, ce qui le rend facile \u00e0 tamponner\/imprimer sur n&rsquo;importe quelle surface absorbante.<\/span><\/p>\n<p><span style=\"font-weight: 400;\">Le <strong> Big Stamp L <\/strong> et les autres tampons (que vous pouvez acheter \u00e0 l&rsquo;unit\u00e9 ou en kit) sont parfaits pour r\u00e9aliser des cr\u00e9ations uniques et inimitables. Il suffit de choisir l&rsquo;encre appropri\u00e9e (textile ou flexo) et de tamponner \u00e0 l&rsquo;endroit et sur la surface choisis.<\/span><\/p>\n<p><span style=\"font-weight: 400;\">Gr\u00e2ce \u00e0 leurs dimensions, leur polyvalence et leur facilit\u00e9 d&rsquo;utilisation, nos tampons sont parfaits pour sceller de mani\u00e8re pratique les emballages de votre marque, les sacs et les bo\u00eetes en carton. Avec tous nos tampons, vous pouvez tamponner et personnaliser des T-shirts, des coussins, des rideaux et des meubles en bois non vernis. <\/span><\/p>\n[acordeon_personalizado]<\/p>\n<p>[pestana_acordeon_personalizado titulo=\"Informations compl\u00e9mentaires sur le Big Stamp L\"]<\/p>\n<p><strong>Le BigStamp de taille \u00ab L \u00bb a les dimensions suivantes : 21&#215;15 cm (8,2&#215;5,9x in).<\/strong><\/p>\n<p>Les dimensions mentionn\u00e9es correspondent \u00e0 la taille du bois. Ce bois peut \u00eatre utilis\u00e9 \u00e0 la fois verticalement et horizontalement, en fonction de votre conception.<\/p>\n<p>Dans les limites des dimensions du bois, vous pouvez r\u00e9aliser le dessin dans la taille que vous souhaitez. <strong>Si vous souhaitez que votre dessin ait des dimensions sp\u00e9cifiques \u00e0 l&rsquo;int\u00e9rieur du bois, veuillez l&rsquo;indiquer dans la section \u00ab\u00a0NOTES\u00a0\u00bb \u00e0 la fin de votre commande.<\/strong><\/p>\n<p><span style=\"text-decoration: underline;\"><strong>*REMARQUE<\/strong><\/span> : si le motif du tampon est d&rsquo;une hauteur inf\u00e9rieure \u00e0 <strong>7 cm (2,7 in.)<\/strong>, nous l&rsquo;enverrons avec le mod\u00e8le de support <strong> Long Big Stamp L,<\/strong> ce qui facilitera l&rsquo;apposition du tampon.<\/p>\n<p>Le tampon <strong>Long Big L est un bois allong\u00e9 mesurant 21 x 7cm (8,2 x 2,7 in)<\/strong> et est destin\u00e9 aux dessins allong\u00e9s. Vous n&rsquo;avez rien \u00e0 faire. Lorsque nous recevons un dessin adapt\u00e9 \u00e0 ce format, nous nous en occupons automatiquement.<\/p>\n<p>[\/pestana_acordeon_personalizado]<\/p>\n<p>[pestana_acordeon_personalizado titulo=\"Pourquoi choisir les tampons BigStamping ?\"]<\/p>\n<p>Chez <strong>BigStamping<\/strong>, nous fabriquons les plus grands tampons du monde et gr\u00e2ce \u00e0 notre exp\u00e9rience, nous vous offrons u<strong>n produit capable de vous donner des performances et des r\u00e9sultats SPECTACULAIRES.<\/strong><\/p>\n<p>Chacun de <strong>nos tampons est dot\u00e9 d&rsquo;un syst\u00e8me d&rsquo;amortissement sp\u00e9cial<\/strong> qui permet \u00e0 votre tampon de s&rsquo;adapter correctement \u00e0 toutes les surfaces, ce qui rend le transfert d&rsquo;encre plus homog\u00e8ne et \u00e9vite d&rsquo;avoir \u00e0 exercer trop de force ou de pression lors de l&rsquo;impression.<\/p>\n<p>Gr\u00e2ce \u00e0 cela et \u00e0 la qualit\u00e9 de nos encres, nos tampons peuvent vous offrir les r\u00e9sultats que vous avez d\u00e9j\u00e0 vus dans les vid\u00e9os et les photos que nous partageons sur les r\u00e9seaux sociaux et qui, dans 99 % des cas, proviennent de clients satisfaits. <strong>N&rsquo;en doutez pas! Procurez-vous un tampon ou un kit BigStamping et renforcez votre image de marque avec des r\u00e9sultats comme vous n&rsquo;en avez jamais vus auparavant.<\/strong><\/p>\n<p>[\/pestana_acordeon_personalizado]<\/p>\n<p>[pestana_acordeon_personalizado titulo=\"Comment puis-je commander ?\"]<\/p>\n<p>Une fois que vous avez choisi <strong>votre tampon BigStamping et que vous \u00eates entr\u00e9 dans la page correspondante, <\/strong> apr\u00e8s la description et les d\u00e9tails, vous trouverez une zone \/ un bouton pour ajouter le fichier contenant votre dessin. Ajoutez-le ici !<\/p>\n<p>Si vous l&rsquo;avez en format vectoriel, nous travaillerons mieux avec, mais sinon, envoyez-le nous dans le format d&rsquo;image de meilleure qualit\u00e9 dont vous disposez.<\/p>\n<p>Si nous avons un probl\u00e8me ou un doute avec votre dessin, ne vous inqui\u00e9tez pas, nous vous contacterons ! A la fin de votre achat, il y a une section \u00ab\u00a0NOTES\u00a0\u00bb o\u00f9 vous pouvez laisser n&rsquo;importe quelle indication ou commentaire sur votre commande : dessin, taille finale du dessin, si vous voulez voir un croquis pr\u00e9c\u00e9dent, etc&#8230;<\/p>\n<p><strong>\u00b7 Modes de paiement accept\u00e9s : cartes de d\u00e9bit\/cr\u00e9dit et Paypal.<\/strong><\/p>\n<p>[\/pestana_acordeon_personalizado]<\/p>\n<p>[pestana_acordeon_personalizado titulo=\"Types de fichiers support\u00e9s\"]<\/p>\n<p><strong>Les types de fichiers pris en charge pour cr\u00e9er vos grands tampons sont : svg, tiff, eps, ai, jpg, psd, pdf, jpeg, png, cdr, tif, etc.<\/strong><\/p>\n<p><strong>Taille maximale du fichier : 10 Mo<\/strong><\/p>\n<p>L&rsquo;id\u00e9al est d&rsquo;envoyer les dessins en format vectoriel, dans leur format natif, c&rsquo;est-\u00e0-dire dans le programme dans lequel ils ont \u00e9t\u00e9 con\u00e7us : AI, CDR, PDF, etc.<\/p>\n<p>Si vous ne disposez pas de ces formats, vous pouvez envoyer le fichier image dans la meilleure qualit\u00e9 possible.<\/p>\n<p>L&rsquo;image ou le dessin ne doit pas contenir plus d&rsquo;une couleur. Ni nuances, ni d\u00e9grad\u00e9s. Il doit \u00eatre monochrome, \u00e0 100 % d&rsquo;encre noire ou blanche.<\/p>\n<p>Si nous avons des probl\u00e8mes ou des doutes concernant votre conception, ne vous inqui\u00e9tez pas, nous vous contacterons.<\/p>\n<p>[\/pestana_acordeon_personalizado]<\/p>\n<p>[pestana_acordeon_personalizado titulo=\"D\u00e9lais de livraison et frais d'exp\u00e9dition\"]<\/p>\n<p>Nous exp\u00e9dions vers tous les pays de la Communaut\u00e9 \u00e9conomique europ\u00e9enne. Nous exp\u00e9dions \u00e9galement vers les \u00c9tats-Unis, le Royaume-Uni, le Turquie, la Suisse, le Canada, l&rsquo;Australie, le Chili, les \u00c9mirats arabes unis et le Japon.<\/p>\n<p><strong>D\u00e9lais de livraison<\/strong><\/p>\n<p>\u00c0 partir du moment o\u00f9 vous passez votre commande, et s&rsquo;il n&rsquo;y a pas de probl\u00e8me avec le dessin, il faut compter environ <strong>7 \u00e0 15 jours ouvrables pour livrer votre commande.<\/strong><\/p>\n<p><span style=\"text-decoration: underline;\"><strong>*REMARQUE :<\/strong><\/span> nous ne sommes pas responsables des retards caus\u00e9s par les soci\u00e9t\u00e9s de transport ou les organismes de contr\u00f4le.<\/p>\n<p><strong>Co\u00fbt des envois<\/strong><\/p>\n<p>Les frais de port sont calcul\u00e9s automatiquement par le site en fonction du pays et des articles ajout\u00e9s au panier.<\/p>\n<p>Les frais de port sont gratuits \u00e0 partir de 190 euros, en fonction de la destination de la livraison. Pour des informations plus d\u00e9taill\u00e9es sur les frais de port et les montants requis pour une livraison gratuite, veuillez <a href=\"https:\/\/www.bigstamping.com\/fr\/faq\/\">consulter la section FAQ<\/a> et v\u00e9rifier les conditions relatives \u00e0 votre adresse.<\/p>\n<p>[\/pestana_acordeon_personalizado]<\/p>\n<p>[\/acordeon_personalizado]\n<p>&nbsp;<\/p>\n","protected":false},"featured_media":429299,"template":"","meta":{"_acf_changed":false,"_genesis_hide_title":false,"_genesis_hide_breadcrumbs":false,"_genesis_hide_singular_image":false,"_genesis_hide_footer_widgets":false,"_genesis_custom_body_class":"","_genesis_custom_post_class":"","_genesis_layout":""},"product_brand":[],"product_cat":[92],"product_tag":[],"class_list":{"0":"post-3684","1":"product","2":"type-product","3":"status-publish","4":"has-post-thumbnail","6":"product_cat-timbres","7":"product_shipping_class-clase-2-fr","8":"entry","10":"first","11":"instock","12":"taxable","13":"shipping-taxable","14":"purchasable","15":"product-type-simple"},"acf":[],"yoast_head":"<!-- This site is optimized with the Yoast SEO plugin v26.7 - https:\/\/yoast.com\/wordpress\/plugins\/seo\/ -->\n<title>Tampon Big Stamp L - BigStamping<\/title>\n<meta name=\"description\" content=\"Notre tampon personnalis\u00e9 de grande taille en taille L. Ses dimensions sont de 21x15x7,5 cm et sert \u00e0 personnaliser le merchandising, les sacs et laisser une marque.\" \/>\n<meta name=\"robots\" content=\"index, follow, max-snippet:-1, max-image-preview:large, max-video-preview:-1\" \/>\n<link rel=\"canonical\" href=\"https:\/\/www.bigstamping.com\/fr\/producto\/timbre-big-stamp-l\/\" \/>\n<meta property=\"og:locale\" content=\"fr_FR\" \/>\n<meta property=\"og:type\" content=\"article\" \/>\n<meta property=\"og:title\" content=\"Tampon Big Stamp L - BigStamping\" \/>\n<meta property=\"og:description\" content=\"Notre tampon personnalis\u00e9 de grande taille en taille L. Ses dimensions sont de 21x15x7,5 cm et sert \u00e0 personnaliser le merchandising, les sacs et laisser une marque.\" \/>\n<meta property=\"og:url\" content=\"https:\/\/www.bigstamping.com\/fr\/producto\/timbre-big-stamp-l\/\" \/>\n<meta property=\"og:site_name\" content=\"BigStamping\" \/>\n<meta property=\"article:publisher\" content=\"https:\/\/www.facebook.com\/Bigstamping-241206903231462\/\" \/>\n<meta property=\"article:modified_time\" content=\"2025-10-17T18:41:44+00:00\" \/>\n<meta property=\"og:image\" content=\"https:\/\/www.bigstamping.com\/wp-content\/uploads\/2018\/12\/SELLO-L-ok.jpg\" \/>\n\t<meta property=\"og:image:width\" content=\"1080\" \/>\n\t<meta property=\"og:image:height\" content=\"1082\" \/>\n\t<meta property=\"og:image:type\" content=\"image\/jpeg\" \/>\n<meta name=\"twitter:card\" content=\"summary_large_image\" \/>\n<meta name=\"twitter:site\" content=\"@Bigstamping\" \/>\n<meta name=\"twitter:label1\" content=\"Dur\u00e9e de lecture estim\u00e9e\" \/>\n\t<meta name=\"twitter:data1\" content=\"1 minute\" \/>\n<script type=\"application\/ld+json\" class=\"yoast-schema-graph\">{\"@context\":\"https:\/\/schema.org\",\"@graph\":[{\"@type\":\"WebPage\",\"@id\":\"https:\/\/www.bigstamping.com\/fr\/producto\/timbre-big-stamp-l\/\",\"url\":\"https:\/\/www.bigstamping.com\/fr\/producto\/timbre-big-stamp-l\/\",\"name\":\"Tampon Big Stamp L - BigStamping\",\"isPartOf\":{\"@id\":\"https:\/\/www.bigstamping.com\/#website\"},\"primaryImageOfPage\":{\"@id\":\"https:\/\/www.bigstamping.com\/fr\/producto\/timbre-big-stamp-l\/#primaryimage\"},\"image\":{\"@id\":\"https:\/\/www.bigstamping.com\/fr\/producto\/timbre-big-stamp-l\/#primaryimage\"},\"thumbnailUrl\":\"https:\/\/www.bigstamping.com\/wp-content\/uploads\/2018\/12\/SELLO-L-ok.jpg\",\"datePublished\":\"2018-12-05T17:01:17+00:00\",\"dateModified\":\"2025-10-17T18:41:44+00:00\",\"description\":\"Notre tampon personnalis\u00e9 de grande taille en taille L. Ses dimensions sont de 21x15x7,5 cm et sert \u00e0 personnaliser le merchandising, les sacs et laisser une marque.\",\"breadcrumb\":{\"@id\":\"https:\/\/www.bigstamping.com\/fr\/producto\/timbre-big-stamp-l\/#breadcrumb\"},\"inLanguage\":\"fr-FR\",\"potentialAction\":[{\"@type\":\"ReadAction\",\"target\":[\"https:\/\/www.bigstamping.com\/fr\/producto\/timbre-big-stamp-l\/\"]}]},{\"@type\":\"ImageObject\",\"inLanguage\":\"fr-FR\",\"@id\":\"https:\/\/www.bigstamping.com\/fr\/producto\/timbre-big-stamp-l\/#primaryimage\",\"url\":\"https:\/\/www.bigstamping.com\/wp-content\/uploads\/2018\/12\/SELLO-L-ok.jpg\",\"contentUrl\":\"https:\/\/www.bigstamping.com\/wp-content\/uploads\/2018\/12\/SELLO-L-ok.jpg\",\"width\":1080,\"height\":1082,\"caption\":\"Medidas Sello talla L de BigStamping. El sello incluido en el Super Stamping Kit\"},{\"@type\":\"BreadcrumbList\",\"@id\":\"https:\/\/www.bigstamping.com\/fr\/producto\/timbre-big-stamp-l\/#breadcrumb\",\"itemListElement\":[{\"@type\":\"ListItem\",\"position\":1,\"name\":\"Portada\",\"item\":\"https:\/\/www.bigstamping.com\/fr\/\"},{\"@type\":\"ListItem\",\"position\":2,\"name\":\"Tampon Big Stamp L\"}]},{\"@type\":\"WebSite\",\"@id\":\"https:\/\/www.bigstamping.com\/#website\",\"url\":\"https:\/\/www.bigstamping.com\/\",\"name\":\"BigStamping\",\"description\":\"Sellos de gran tama\u00f1o para stampear\",\"publisher\":{\"@id\":\"https:\/\/www.bigstamping.com\/#organization\"},\"potentialAction\":[{\"@type\":\"SearchAction\",\"target\":{\"@type\":\"EntryPoint\",\"urlTemplate\":\"https:\/\/www.bigstamping.com\/?s={search_term_string}\"},\"query-input\":{\"@type\":\"PropertyValueSpecification\",\"valueRequired\":true,\"valueName\":\"search_term_string\"}}],\"inLanguage\":\"fr-FR\"},{\"@type\":\"Organization\",\"@id\":\"https:\/\/www.bigstamping.com\/#organization\",\"name\":\"BigStamping\",\"url\":\"https:\/\/www.bigstamping.com\/\",\"logo\":{\"@type\":\"ImageObject\",\"inLanguage\":\"fr-FR\",\"@id\":\"https:\/\/www.bigstamping.com\/#\/schema\/logo\/image\/\",\"url\":\"https:\/\/www.bigstamping.com\/wp-content\/uploads\/2018\/12\/big-stamper-amarillo.jpg\",\"contentUrl\":\"https:\/\/www.bigstamping.com\/wp-content\/uploads\/2018\/12\/big-stamper-amarillo.jpg\",\"width\":293,\"height\":300,\"caption\":\"BigStamping\"},\"image\":{\"@id\":\"https:\/\/www.bigstamping.com\/#\/schema\/logo\/image\/\"},\"sameAs\":[\"https:\/\/www.facebook.com\/Bigstamping-241206903231462\/\",\"https:\/\/x.com\/Bigstamping\",\"https:\/\/www.instagram.com\/bigstamping\/\",\"https:\/\/www.youtube.com\/channel\/UC_l3jNsBYYC-Ds9pzcZy_Vg\"]}]}<\/script>\n<!-- \/ Yoast SEO plugin. -->","yoast_head_json":{"title":"Tampon Big Stamp L - BigStamping","description":"Notre tampon personnalis\u00e9 de grande taille en taille L. Ses dimensions sont de 21x15x7,5 cm et sert \u00e0 personnaliser le merchandising, les sacs et laisser une marque.","robots":{"index":"index","follow":"follow","max-snippet":"max-snippet:-1","max-image-preview":"max-image-preview:large","max-video-preview":"max-video-preview:-1"},"canonical":"https:\/\/www.bigstamping.com\/fr\/producto\/timbre-big-stamp-l\/","og_locale":"fr_FR","og_type":"article","og_title":"Tampon Big Stamp L - BigStamping","og_description":"Notre tampon personnalis\u00e9 de grande taille en taille L. Ses dimensions sont de 21x15x7,5 cm et sert \u00e0 personnaliser le merchandising, les sacs et laisser une marque.","og_url":"https:\/\/www.bigstamping.com\/fr\/producto\/timbre-big-stamp-l\/","og_site_name":"BigStamping","article_publisher":"https:\/\/www.facebook.com\/Bigstamping-241206903231462\/","article_modified_time":"2025-10-17T18:41:44+00:00","og_image":[{"width":1080,"height":1082,"url":"https:\/\/www.bigstamping.com\/wp-content\/uploads\/2018\/12\/SELLO-L-ok.jpg","type":"image\/jpeg"}],"twitter_card":"summary_large_image","twitter_site":"@Bigstamping","twitter_misc":{"Dur\u00e9e de lecture estim\u00e9e":"1 minute"},"schema":{"@context":"https:\/\/schema.org","@graph":[{"@type":"WebPage","@id":"https:\/\/www.bigstamping.com\/fr\/producto\/timbre-big-stamp-l\/","url":"https:\/\/www.bigstamping.com\/fr\/producto\/timbre-big-stamp-l\/","name":"Tampon Big Stamp L - BigStamping","isPartOf":{"@id":"https:\/\/www.bigstamping.com\/#website"},"primaryImageOfPage":{"@id":"https:\/\/www.bigstamping.com\/fr\/producto\/timbre-big-stamp-l\/#primaryimage"},"image":{"@id":"https:\/\/www.bigstamping.com\/fr\/producto\/timbre-big-stamp-l\/#primaryimage"},"thumbnailUrl":"https:\/\/www.bigstamping.com\/wp-content\/uploads\/2018\/12\/SELLO-L-ok.jpg","datePublished":"2018-12-05T17:01:17+00:00","dateModified":"2025-10-17T18:41:44+00:00","description":"Notre tampon personnalis\u00e9 de grande taille en taille L. Ses dimensions sont de 21x15x7,5 cm et sert \u00e0 personnaliser le merchandising, les sacs et laisser une marque.","breadcrumb":{"@id":"https:\/\/www.bigstamping.com\/fr\/producto\/timbre-big-stamp-l\/#breadcrumb"},"inLanguage":"fr-FR","potentialAction":[{"@type":"ReadAction","target":["https:\/\/www.bigstamping.com\/fr\/producto\/timbre-big-stamp-l\/"]}]},{"@type":"ImageObject","inLanguage":"fr-FR","@id":"https:\/\/www.bigstamping.com\/fr\/producto\/timbre-big-stamp-l\/#primaryimage","url":"https:\/\/www.bigstamping.com\/wp-content\/uploads\/2018\/12\/SELLO-L-ok.jpg","contentUrl":"https:\/\/www.bigstamping.com\/wp-content\/uploads\/2018\/12\/SELLO-L-ok.jpg","width":1080,"height":1082,"caption":"Medidas Sello talla L de BigStamping. El sello incluido en el Super Stamping Kit"},{"@type":"BreadcrumbList","@id":"https:\/\/www.bigstamping.com\/fr\/producto\/timbre-big-stamp-l\/#breadcrumb","itemListElement":[{"@type":"ListItem","position":1,"name":"Portada","item":"https:\/\/www.bigstamping.com\/fr\/"},{"@type":"ListItem","position":2,"name":"Tampon Big Stamp L"}]},{"@type":"WebSite","@id":"https:\/\/www.bigstamping.com\/#website","url":"https:\/\/www.bigstamping.com\/","name":"BigStamping","description":"Sellos de gran tama\u00f1o para stampear","publisher":{"@id":"https:\/\/www.bigstamping.com\/#organization"},"potentialAction":[{"@type":"SearchAction","target":{"@type":"EntryPoint","urlTemplate":"https:\/\/www.bigstamping.com\/?s={search_term_string}"},"query-input":{"@type":"PropertyValueSpecification","valueRequired":true,"valueName":"search_term_string"}}],"inLanguage":"fr-FR"},{"@type":"Organization","@id":"https:\/\/www.bigstamping.com\/#organization","name":"BigStamping","url":"https:\/\/www.bigstamping.com\/","logo":{"@type":"ImageObject","inLanguage":"fr-FR","@id":"https:\/\/www.bigstamping.com\/#\/schema\/logo\/image\/","url":"https:\/\/www.bigstamping.com\/wp-content\/uploads\/2018\/12\/big-stamper-amarillo.jpg","contentUrl":"https:\/\/www.bigstamping.com\/wp-content\/uploads\/2018\/12\/big-stamper-amarillo.jpg","width":293,"height":300,"caption":"BigStamping"},"image":{"@id":"https:\/\/www.bigstamping.com\/#\/schema\/logo\/image\/"},"sameAs":["https:\/\/www.facebook.com\/Bigstamping-241206903231462\/","https:\/\/x.com\/Bigstamping","https:\/\/www.instagram.com\/bigstamping\/","https:\/\/www.youtube.com\/channel\/UC_l3jNsBYYC-Ds9pzcZy_Vg"]}]}},"_links":{"self":[{"href":"https:\/\/www.bigstamping.com\/fr\/wp-json\/wp\/v2\/product\/3684","targetHints":{"allow":["GET"]}}],"collection":[{"href":"https:\/\/www.bigstamping.com\/fr\/wp-json\/wp\/v2\/product"}],"about":[{"href":"https:\/\/www.bigstamping.com\/fr\/wp-json\/wp\/v2\/types\/product"}],"version-history":[{"count":0,"href":"https:\/\/www.bigstamping.com\/fr\/wp-json\/wp\/v2\/product\/3684\/revisions"}],"wp:featuredmedia":[{"embeddable":true,"href":"https:\/\/www.bigstamping.com\/fr\/wp-json\/wp\/v2\/media\/429299"}],"wp:attachment":[{"href":"https:\/\/www.bigstamping.com\/fr\/wp-json\/wp\/v2\/media?parent=3684"}],"wp:term":[{"taxonomy":"product_brand","embeddable":true,"href":"https:\/\/www.bigstamping.com\/fr\/wp-json\/wp\/v2\/product_brand?post=3684"},{"taxonomy":"product_cat","embeddable":true,"href":"https:\/\/www.bigstamping.com\/fr\/wp-json\/wp\/v2\/product_cat?post=3684"},{"taxonomy":"product_tag","embeddable":true,"href":"https:\/\/www.bigstamping.com\/fr\/wp-json\/wp\/v2\/product_tag?post=3684"}],"curies":[{"name":"wp","href":"https:\/\/api.w.org\/{rel}","templated":true}]}}