{"id":3730,"date":"2018-12-05T16:55:28","date_gmt":"2018-12-05T16:55:28","guid":{"rendered":"https:\/\/www.bigstamping.com\/producto\/mega-stamping-kit\/"},"modified":"2024-05-24T19:16:44","modified_gmt":"2024-05-24T18:16:44","slug":"mega-stamping-kit","status":"publish","type":"product","link":"https:\/\/www.bigstamping.com\/fr\/producto\/mega-stamping-kit\/","title":{"rendered":"MEGA STAMPING KIT"},"content":{"rendered":"<p><span style=\"font-weight: 400;\">Dimensions de la bo\u00eete: 42x28x12 cm<\/span><\/p>\n<hr \/>\n<p><span style=\"font-weight: 400;\">Peso aprox: 1.800 gramos<\/span><\/p>\n","protected":false},"excerpt":{"rendered":"<p>L\u00e9g\u00e8rement <strong>plus grand que le format A4, le tampon XL inclus dans notre Mega Stamping Kit vous permet de r\u00e9aliser d&rsquo;\u00e9normes tampons avec votre logo ou dessin pr\u00e9f\u00e9r\u00e9 sur toutes sortes de surfaces. <\/strong><\/p>\n<p>Si vous cherchez <strong>un grand tampon pour personnaliser des t-shirts, des sacs en tissu, des sacs en papier ou des bo\u00eetes en carton,<\/strong> vous allez adorer cette option !<\/p>\n<p>Vous savez probablement d\u00e9j\u00e0 que <strong>les kits BigStamping comprennent tout ce dont vous avez besoin pour commencer \u00e0 montrer votre marque sur toutes sortes de surfaces,<\/strong> mais juste au cas o\u00f9, nous sp\u00e9cifions ici tout en d\u00e9tail. <strong>Obtenez votre kit de tampons personnalis\u00e9s d\u00e8s maintenant ! \ud83d\ude09<\/strong><\/p>\n[acordeon_personalizado]<\/p>\n<p>[pestana_acordeon_personalizado titulo=\"Que contient le Mega Stamping Kit ?\"]<\/p>\n<p>Dans le <strong>Mega Stamping Kit <\/strong> vous trouverez :<\/p>\n<p><strong>-1 grand tampon BigStamp de taille \u00ab\u00a0XL\u00a0\u00bb avec des dimensions : 21&#215;30 cm (8,2&#215;11,8 in)<\/strong><\/p>\n<p>La mesure mentionn\u00e9e correspond \u00e0 la taille du bois. Ce bois peut \u00eatre utilis\u00e9 \u00e0 la fois verticalement et horizontalement, en fonction de votre conception.<\/p>\n<p>Dans les limites des dimensions du bois, vous pouvez r\u00e9aliser le dessin dans la taille que vous souhaitez. <strong>Si vous souhaitez que votre dessin ait des dimensions sp\u00e9cifiques \u00e0 l&rsquo;int\u00e9rieur du bois, veuillez l&rsquo;indiquer dans la section \u00ab\u00a0NOTES\u00a0\u00bb \u00e0 la fin de votre commande.<\/strong><\/p>\n<p><span style=\"text-decoration: underline;\"><strong>*REMARQUE :<\/strong><\/span> Si le motif de votre tampon est inf\u00e9rieur \u00e0 <strong>7 cm (2,7 in.) <\/strong> de haut, nous l&rsquo;enverrons avec le mod\u00e8le de support <strong>Long Big Stamp XL<\/strong>, ce qui facilitera l&rsquo;apposition des tampons.<\/p>\n<p>Le support <strong>Long Bing Stamp XL est un bois allong\u00e9 mesurant 30 x 7cm (11,8 x 2,7 in)<\/strong> et est destin\u00e9 aux dessins allong\u00e9s. Vous n&rsquo;avez rien \u00e0 faire. Lorsque nous recevons un dessin adapt\u00e9 \u00e0 ce format, nous nous en occupons automatiquement.<\/p>\n<p><strong>&#8211; 1 Bo\u00eete ou bouteille d&rsquo;encre au choix :<\/strong><br \/>\n\u00b7 Encre flexographique Papier, carton et bois 125 ml (4.2 oz.), 14 couleurs disponibles.<br \/>\n\u00b7 Encre Xylographique Textile 75 ml (2.5 oz.), 10 couleurs disponibles.<\/p>\n<p><strong>\u00b7 1 Rouleau pour \u00e9taler l&rsquo;encre<\/strong><\/p>\n<p>Un outil\/rouleau en caoutchouc pour appliquer l&rsquo;encre sur le tampon. Sa structure \u00e9limine les d\u00e9formations et rend le transfert d&rsquo;encre fluide et uniforme.<\/p>\n<p><strong>&#8211; 4 feuilles de PVC pour d\u00e9poser l&rsquo;encre<\/strong><\/p>\n<p>Feuilles de format A3 aux bords arrondis, lisses et glissantes, permettant d&rsquo;\u00e9taler l&rsquo;encre facilement et sans bavure. Ils peuvent \u00eatre lav\u00e9s \u00e0 l&rsquo;eau et au savon et utilis\u00e9s aussi souvent que vous le souhaitez !<\/p>\n<p><strong>&#8211; 5 Palettes en bois pour l&rsquo;\u00e9limination de l&rsquo;encre<\/strong><\/p>\n<p>B\u00e2tonnets en bois naturel de 10\u00d71 cm pour retirer facilement et sans d\u00e9g\u00e2ts l&rsquo;encre pour papier et carton de la bo\u00eete. Pour l&rsquo;encre textile, comme elle se pr\u00e9sente sous forme de tubes, il n&rsquo;est pas n\u00e9cessaire de les utiliser.<\/p>\n<p>[\/pestana_acordeon_personalizado]<\/p>\n<p>[pestana_acordeon_personalizado titulo=\"Pourquoi choisir les tampons BigStamping ?\"]<\/p>\n<p>Chez <strong>BigStamping<\/strong>, nous fabriquons les plus grands tampons du monde et gr\u00e2ce \u00e0 notre exp\u00e9rience, nous vous offrons u<strong>n produit capable de vous donner des performances et des r\u00e9sultats SPECTACULAIRES.<\/strong><\/p>\n<p>Chacun de <strong>nos tampons est dot\u00e9 d&rsquo;un syst\u00e8me d&rsquo;amortissement sp\u00e9cial<\/strong> qui permet \u00e0 votre tampon de s&rsquo;adapter correctement \u00e0 toutes les surfaces, ce qui rend le transfert d&rsquo;encre plus homog\u00e8ne et \u00e9vite d&rsquo;avoir \u00e0 exercer trop de force ou de pression lors de l&rsquo;impression.<\/p>\n<p>Gr\u00e2ce \u00e0 cela et \u00e0 la qualit\u00e9 de nos encres, nos tampons peuvent vous offrir les r\u00e9sultats que vous avez d\u00e9j\u00e0 vus dans les vid\u00e9os et les photos que nous partageons sur les r\u00e9seaux sociaux et qui, dans 99 % des cas, proviennent de clients satisfaits. <strong>N&rsquo;en doutez pas! Procurez-vous un tampon ou un kit BigStamping et renforcez votre image de marque avec des r\u00e9sultats comme vous n&rsquo;en avez jamais vus auparavant.<\/strong><\/p>\n<p>[\/pestana_acordeon_personalizado]<\/p>\n<p>[pestana_acordeon_personalizado titulo=\"Comment puis-je commander ?\"]<\/p>\n<p>Une fois que vous avez choisi votre <strong> BigStamping Kit,<\/strong> et apr\u00e8s la description et les d\u00e9tails, vous trouverez une zone \/ un bouton pour ajouter le fichier contenant votre design. Si vous l&rsquo;avez en format vectoriel, nous travaillerons mieux avec, mais sinon, envoyez-le nous dans le format d&rsquo;image de meilleure qualit\u00e9 dont vous disposez.<\/p>\n<p>Apr\u00e8s cette \u00e9tape, vous trouverez le s\u00e9lecteur d&rsquo;encre. S\u00e9lectionnez le type d&rsquo;encre souhait\u00e9. Vous avez le choix entre :<\/p>\n<p><strong>\u00b7 Encre flexographique Papier, carton et bois 125 ml, 14 couleurs disponibles.<\/strong><br \/>\n<strong>\u00b7 Encre xylographique textile 75 ml (2.5 oz.), 10 couleurs disponibles.<\/strong><\/p>\n<p>Une seule encre est incluse dans le kit. Si vous voulez plus d&rsquo;encres ou les deux types d&rsquo;encres, vous devez les ajouter au panier \u00e0 partir de la page du produit.<\/p>\n<p>Si nous avons un probl\u00e8me ou un doute avec votre dessin, ne vous inqui\u00e9tez pas, nous vous contacterons ! A la fin de votre achat, il y a une section \u00ab\u00a0NOTES\u00a0\u00bb o\u00f9 vous pouvez laisser n&rsquo;importe quelle indication ou commentaire sur votre commande : dessin, taille finale du dessin, si vous voulez voir un croquis pr\u00e9c\u00e9dent, etc&#8230;<\/p>\n<p><strong>\u00b7 Modes de paiement accept\u00e9s : cartes de d\u00e9bit\/cr\u00e9dit et Paypal.<\/strong><\/p>\n<p>[\/pestana_acordeon_personalizado]<\/p>\n<p>[pestana_acordeon_personalizado titulo=\"Types de fichiers support\u00e9s\"]<\/p>\n<p><strong>Les types de fichiers pris en charge pour cr\u00e9er vos grands tampons sont : svg, tiff, eps, ai, jpg, psd, pdf, jpeg, png, cdr, tif, etc.<\/strong><\/p>\n<p><strong>Taille maximale du fichier : 10 Mo<\/strong><\/p>\n<p>L&rsquo;id\u00e9al est d&rsquo;envoyer les dessins en format vectoriel, dans leur format natif, c&rsquo;est-\u00e0-dire dans le programme dans lequel ils ont \u00e9t\u00e9 con\u00e7us : AI, CDR, PDF, etc.<\/p>\n<p>Si vous ne disposez pas de ces formats, vous pouvez envoyer le fichier image dans la meilleure qualit\u00e9 possible.<\/p>\n<p>L&rsquo;image ou le dessin ne doit pas contenir plus d&rsquo;une couleur. Ni nuances, ni d\u00e9grad\u00e9s. Il doit \u00eatre monochrome, \u00e0 100 % d&rsquo;encre noire ou blanche.<\/p>\n<p>Si nous avons des probl\u00e8mes ou des doutes concernant votre conception, ne vous inqui\u00e9tez pas, nous vous contacterons.<\/p>\n<p>[\/pestana_acordeon_personalizado]<\/p>\n<p>[pestana_acordeon_personalizado titulo=\"D\u00e9lais et frais de livraison\"]<\/p>\n<p>Nous exp\u00e9dions vers tous les pays de la Communaut\u00e9 \u00e9conomique europ\u00e9enne. Nous exp\u00e9dions \u00e9galement vers les \u00c9tats-Unis, le Royaume-Uni, le Turquie, la Suisse, le Canada, l&rsquo;Australie, le Chili, les \u00c9mirats arabes unis et le Japon.<\/p>\n<p><strong>D\u00e9lais de livraison<\/strong><\/p>\n<p>\u00c0 partir du moment o\u00f9 vous passez votre commande, et s&rsquo;il n&rsquo;y a pas de probl\u00e8me avec le dessin, il faut compter environ <strong>7 \u00e0 15 jours ouvrables pour livrer votre commande.<\/strong><\/p>\n<p><span style=\"text-decoration: underline;\"><strong>*REMARQUE :<\/strong><\/span> nous ne sommes pas responsables des retards caus\u00e9s par les soci\u00e9t\u00e9s de transport ou les organismes de contr\u00f4le.<\/p>\n<p><strong>Co\u00fbt des envois<\/strong><\/p>\n<p>Les frais de port sont calcul\u00e9s automatiquement par le site en fonction du pays et des articles ajout\u00e9s au panier.<\/p>\n<p>Les frais de port sont gratuits \u00e0 partir de 190 euros, en fonction de la destination de la livraison. Pour des informations plus d\u00e9taill\u00e9es sur les frais de port et les montants requis pour une livraison gratuite, veuillez <a href=\"https:\/\/www.bigstamping.com\/fr\/faq\/\">consulter la section FAQ<\/a> et v\u00e9rifier les conditions relatives \u00e0 votre adresse.<\/p>\n<p>[\/pestana_acordeon_personalizado]<\/p>\n<p>[\/acordeon_personalizado]\n","protected":false},"featured_media":430558,"template":"","meta":{"_acf_changed":false,"_genesis_hide_title":false,"_genesis_hide_breadcrumbs":false,"_genesis_hide_singular_image":false,"_genesis_hide_footer_widgets":false,"_genesis_custom_body_class":"","_genesis_custom_post_class":"","_genesis_layout":""},"product_brand":[],"product_cat":[94],"product_tag":[],"class_list":{"0":"post-3730","1":"product","2":"type-product","3":"status-publish","4":"has-post-thumbnail","6":"product_cat-kits-fr","7":"product_shipping_class-clase-2-fr","8":"entry","10":"first","11":"instock","12":"taxable","13":"shipping-taxable","14":"purchasable","15":"product-type-variable"},"acf":[],"yoast_head":"<!-- This site is optimized with the Yoast SEO plugin v26.7 - https:\/\/yoast.com\/wordpress\/plugins\/seo\/ -->\n<title>MEGA STAMPING KIT - BigStamping<\/title>\n<meta name=\"description\" content=\"Notre tampon XL dans un kit qui comprend tout ce dont vous avez besoin pour personnaliser des t-shirts, des sacs et tout ce \u00e0 quoi vous pouvez penser.\" \/>\n<meta name=\"robots\" content=\"index, follow, max-snippet:-1, max-image-preview:large, max-video-preview:-1\" \/>\n<link rel=\"canonical\" href=\"https:\/\/www.bigstamping.com\/fr\/producto\/mega-stamping-kit\/\" \/>\n<meta property=\"og:locale\" content=\"fr_FR\" \/>\n<meta property=\"og:type\" content=\"article\" \/>\n<meta property=\"og:title\" content=\"MEGA STAMPING KIT - BigStamping\" \/>\n<meta property=\"og:description\" content=\"Notre tampon XL dans un kit qui comprend tout ce dont vous avez besoin pour personnaliser des t-shirts, des sacs et tout ce \u00e0 quoi vous pouvez penser.\" \/>\n<meta property=\"og:url\" content=\"https:\/\/www.bigstamping.com\/fr\/producto\/mega-stamping-kit\/\" \/>\n<meta property=\"og:site_name\" content=\"BigStamping\" \/>\n<meta property=\"article:publisher\" content=\"https:\/\/www.facebook.com\/Bigstamping-241206903231462\/\" \/>\n<meta property=\"article:modified_time\" content=\"2024-05-24T18:16:44+00:00\" \/>\n<meta property=\"og:image\" content=\"https:\/\/www.bigstamping.com\/wp-content\/uploads\/2018\/12\/KIT-XL-med.jpg\" \/>\n\t<meta property=\"og:image:width\" content=\"1080\" \/>\n\t<meta property=\"og:image:height\" content=\"1080\" \/>\n\t<meta property=\"og:image:type\" content=\"image\/jpeg\" \/>\n<meta name=\"twitter:card\" content=\"summary_large_image\" \/>\n<meta name=\"twitter:site\" content=\"@Bigstamping\" \/>\n<meta name=\"twitter:label1\" content=\"Dur\u00e9e de lecture estim\u00e9e\" \/>\n\t<meta name=\"twitter:data1\" content=\"1 minute\" \/>\n<script type=\"application\/ld+json\" class=\"yoast-schema-graph\">{\"@context\":\"https:\/\/schema.org\",\"@graph\":[{\"@type\":\"WebPage\",\"@id\":\"https:\/\/www.bigstamping.com\/fr\/producto\/mega-stamping-kit\/\",\"url\":\"https:\/\/www.bigstamping.com\/fr\/producto\/mega-stamping-kit\/\",\"name\":\"MEGA STAMPING KIT - BigStamping\",\"isPartOf\":{\"@id\":\"https:\/\/www.bigstamping.com\/#website\"},\"primaryImageOfPage\":{\"@id\":\"https:\/\/www.bigstamping.com\/fr\/producto\/mega-stamping-kit\/#primaryimage\"},\"image\":{\"@id\":\"https:\/\/www.bigstamping.com\/fr\/producto\/mega-stamping-kit\/#primaryimage\"},\"thumbnailUrl\":\"https:\/\/www.bigstamping.com\/wp-content\/uploads\/2018\/12\/KIT-XL-med.jpg\",\"datePublished\":\"2018-12-05T16:55:28+00:00\",\"dateModified\":\"2024-05-24T18:16:44+00:00\",\"description\":\"Notre tampon XL dans un kit qui comprend tout ce dont vous avez besoin pour personnaliser des t-shirts, des sacs et tout ce \u00e0 quoi vous pouvez penser.\",\"breadcrumb\":{\"@id\":\"https:\/\/www.bigstamping.com\/fr\/producto\/mega-stamping-kit\/#breadcrumb\"},\"inLanguage\":\"fr-FR\",\"potentialAction\":[{\"@type\":\"ReadAction\",\"target\":[\"https:\/\/www.bigstamping.com\/fr\/producto\/mega-stamping-kit\/\"]}]},{\"@type\":\"ImageObject\",\"inLanguage\":\"fr-FR\",\"@id\":\"https:\/\/www.bigstamping.com\/fr\/producto\/mega-stamping-kit\/#primaryimage\",\"url\":\"https:\/\/www.bigstamping.com\/wp-content\/uploads\/2018\/12\/KIT-XL-med.jpg\",\"contentUrl\":\"https:\/\/www.bigstamping.com\/wp-content\/uploads\/2018\/12\/KIT-XL-med.jpg\",\"width\":1080,\"height\":1080,\"caption\":\"Kit BigStamping XL - Sellos personalizados de Gran Tama\u00f1o\"},{\"@type\":\"BreadcrumbList\",\"@id\":\"https:\/\/www.bigstamping.com\/fr\/producto\/mega-stamping-kit\/#breadcrumb\",\"itemListElement\":[{\"@type\":\"ListItem\",\"position\":1,\"name\":\"Portada\",\"item\":\"https:\/\/www.bigstamping.com\/fr\/\"},{\"@type\":\"ListItem\",\"position\":2,\"name\":\"MEGA STAMPING KIT\"}]},{\"@type\":\"WebSite\",\"@id\":\"https:\/\/www.bigstamping.com\/#website\",\"url\":\"https:\/\/www.bigstamping.com\/\",\"name\":\"BigStamping\",\"description\":\"Sellos de gran tama\u00f1o para stampear\",\"publisher\":{\"@id\":\"https:\/\/www.bigstamping.com\/#organization\"},\"potentialAction\":[{\"@type\":\"SearchAction\",\"target\":{\"@type\":\"EntryPoint\",\"urlTemplate\":\"https:\/\/www.bigstamping.com\/?s={search_term_string}\"},\"query-input\":{\"@type\":\"PropertyValueSpecification\",\"valueRequired\":true,\"valueName\":\"search_term_string\"}}],\"inLanguage\":\"fr-FR\"},{\"@type\":\"Organization\",\"@id\":\"https:\/\/www.bigstamping.com\/#organization\",\"name\":\"BigStamping\",\"url\":\"https:\/\/www.bigstamping.com\/\",\"logo\":{\"@type\":\"ImageObject\",\"inLanguage\":\"fr-FR\",\"@id\":\"https:\/\/www.bigstamping.com\/#\/schema\/logo\/image\/\",\"url\":\"https:\/\/www.bigstamping.com\/wp-content\/uploads\/2018\/12\/big-stamper-amarillo.jpg\",\"contentUrl\":\"https:\/\/www.bigstamping.com\/wp-content\/uploads\/2018\/12\/big-stamper-amarillo.jpg\",\"width\":293,\"height\":300,\"caption\":\"BigStamping\"},\"image\":{\"@id\":\"https:\/\/www.bigstamping.com\/#\/schema\/logo\/image\/\"},\"sameAs\":[\"https:\/\/www.facebook.com\/Bigstamping-241206903231462\/\",\"https:\/\/x.com\/Bigstamping\",\"https:\/\/www.instagram.com\/bigstamping\/\",\"https:\/\/www.youtube.com\/channel\/UC_l3jNsBYYC-Ds9pzcZy_Vg\"]}]}<\/script>\n<!-- \/ Yoast SEO plugin. -->","yoast_head_json":{"title":"MEGA STAMPING KIT - BigStamping","description":"Notre tampon XL dans un kit qui comprend tout ce dont vous avez besoin pour personnaliser des t-shirts, des sacs et tout ce \u00e0 quoi vous pouvez penser.","robots":{"index":"index","follow":"follow","max-snippet":"max-snippet:-1","max-image-preview":"max-image-preview:large","max-video-preview":"max-video-preview:-1"},"canonical":"https:\/\/www.bigstamping.com\/fr\/producto\/mega-stamping-kit\/","og_locale":"fr_FR","og_type":"article","og_title":"MEGA STAMPING KIT - BigStamping","og_description":"Notre tampon XL dans un kit qui comprend tout ce dont vous avez besoin pour personnaliser des t-shirts, des sacs et tout ce \u00e0 quoi vous pouvez penser.","og_url":"https:\/\/www.bigstamping.com\/fr\/producto\/mega-stamping-kit\/","og_site_name":"BigStamping","article_publisher":"https:\/\/www.facebook.com\/Bigstamping-241206903231462\/","article_modified_time":"2024-05-24T18:16:44+00:00","og_image":[{"width":1080,"height":1080,"url":"https:\/\/www.bigstamping.com\/wp-content\/uploads\/2018\/12\/KIT-XL-med.jpg","type":"image\/jpeg"}],"twitter_card":"summary_large_image","twitter_site":"@Bigstamping","twitter_misc":{"Dur\u00e9e de lecture estim\u00e9e":"1 minute"},"schema":{"@context":"https:\/\/schema.org","@graph":[{"@type":"WebPage","@id":"https:\/\/www.bigstamping.com\/fr\/producto\/mega-stamping-kit\/","url":"https:\/\/www.bigstamping.com\/fr\/producto\/mega-stamping-kit\/","name":"MEGA STAMPING KIT - BigStamping","isPartOf":{"@id":"https:\/\/www.bigstamping.com\/#website"},"primaryImageOfPage":{"@id":"https:\/\/www.bigstamping.com\/fr\/producto\/mega-stamping-kit\/#primaryimage"},"image":{"@id":"https:\/\/www.bigstamping.com\/fr\/producto\/mega-stamping-kit\/#primaryimage"},"thumbnailUrl":"https:\/\/www.bigstamping.com\/wp-content\/uploads\/2018\/12\/KIT-XL-med.jpg","datePublished":"2018-12-05T16:55:28+00:00","dateModified":"2024-05-24T18:16:44+00:00","description":"Notre tampon XL dans un kit qui comprend tout ce dont vous avez besoin pour personnaliser des t-shirts, des sacs et tout ce \u00e0 quoi vous pouvez penser.","breadcrumb":{"@id":"https:\/\/www.bigstamping.com\/fr\/producto\/mega-stamping-kit\/#breadcrumb"},"inLanguage":"fr-FR","potentialAction":[{"@type":"ReadAction","target":["https:\/\/www.bigstamping.com\/fr\/producto\/mega-stamping-kit\/"]}]},{"@type":"ImageObject","inLanguage":"fr-FR","@id":"https:\/\/www.bigstamping.com\/fr\/producto\/mega-stamping-kit\/#primaryimage","url":"https:\/\/www.bigstamping.com\/wp-content\/uploads\/2018\/12\/KIT-XL-med.jpg","contentUrl":"https:\/\/www.bigstamping.com\/wp-content\/uploads\/2018\/12\/KIT-XL-med.jpg","width":1080,"height":1080,"caption":"Kit BigStamping XL - Sellos personalizados de Gran Tama\u00f1o"},{"@type":"BreadcrumbList","@id":"https:\/\/www.bigstamping.com\/fr\/producto\/mega-stamping-kit\/#breadcrumb","itemListElement":[{"@type":"ListItem","position":1,"name":"Portada","item":"https:\/\/www.bigstamping.com\/fr\/"},{"@type":"ListItem","position":2,"name":"MEGA STAMPING KIT"}]},{"@type":"WebSite","@id":"https:\/\/www.bigstamping.com\/#website","url":"https:\/\/www.bigstamping.com\/","name":"BigStamping","description":"Sellos de gran tama\u00f1o para stampear","publisher":{"@id":"https:\/\/www.bigstamping.com\/#organization"},"potentialAction":[{"@type":"SearchAction","target":{"@type":"EntryPoint","urlTemplate":"https:\/\/www.bigstamping.com\/?s={search_term_string}"},"query-input":{"@type":"PropertyValueSpecification","valueRequired":true,"valueName":"search_term_string"}}],"inLanguage":"fr-FR"},{"@type":"Organization","@id":"https:\/\/www.bigstamping.com\/#organization","name":"BigStamping","url":"https:\/\/www.bigstamping.com\/","logo":{"@type":"ImageObject","inLanguage":"fr-FR","@id":"https:\/\/www.bigstamping.com\/#\/schema\/logo\/image\/","url":"https:\/\/www.bigstamping.com\/wp-content\/uploads\/2018\/12\/big-stamper-amarillo.jpg","contentUrl":"https:\/\/www.bigstamping.com\/wp-content\/uploads\/2018\/12\/big-stamper-amarillo.jpg","width":293,"height":300,"caption":"BigStamping"},"image":{"@id":"https:\/\/www.bigstamping.com\/#\/schema\/logo\/image\/"},"sameAs":["https:\/\/www.facebook.com\/Bigstamping-241206903231462\/","https:\/\/x.com\/Bigstamping","https:\/\/www.instagram.com\/bigstamping\/","https:\/\/www.youtube.com\/channel\/UC_l3jNsBYYC-Ds9pzcZy_Vg"]}]}},"_links":{"self":[{"href":"https:\/\/www.bigstamping.com\/fr\/wp-json\/wp\/v2\/product\/3730","targetHints":{"allow":["GET"]}}],"collection":[{"href":"https:\/\/www.bigstamping.com\/fr\/wp-json\/wp\/v2\/product"}],"about":[{"href":"https:\/\/www.bigstamping.com\/fr\/wp-json\/wp\/v2\/types\/product"}],"version-history":[{"count":0,"href":"https:\/\/www.bigstamping.com\/fr\/wp-json\/wp\/v2\/product\/3730\/revisions"}],"wp:featuredmedia":[{"embeddable":true,"href":"https:\/\/www.bigstamping.com\/fr\/wp-json\/wp\/v2\/media\/430558"}],"wp:attachment":[{"href":"https:\/\/www.bigstamping.com\/fr\/wp-json\/wp\/v2\/media?parent=3730"}],"wp:term":[{"taxonomy":"product_brand","embeddable":true,"href":"https:\/\/www.bigstamping.com\/fr\/wp-json\/wp\/v2\/product_brand?post=3730"},{"taxonomy":"product_cat","embeddable":true,"href":"https:\/\/www.bigstamping.com\/fr\/wp-json\/wp\/v2\/product_cat?post=3730"},{"taxonomy":"product_tag","embeddable":true,"href":"https:\/\/www.bigstamping.com\/fr\/wp-json\/wp\/v2\/product_tag?post=3730"}],"curies":[{"name":"wp","href":"https:\/\/api.w.org\/{rel}","templated":true}]}}