{"id":3770,"date":"2018-12-05T13:09:16","date_gmt":"2018-12-05T13:09:16","guid":{"rendered":"https:\/\/www.bigstamping.com\/producto\/basic-stamping-kit\/"},"modified":"2024-05-24T19:16:12","modified_gmt":"2024-05-24T18:16:12","slug":"basic-stamping-kit","status":"publish","type":"product","link":"https:\/\/www.bigstamping.com\/fr\/producto\/basic-stamping-kit\/","title":{"rendered":"BASIC STAMPING KIT"},"content":{"rendered":"<p><span style=\"font-weight: 400;\">Dimensions de la bo\u00eete: 30x22x8 cm<\/span><\/p>\n<hr \/>\n<p><span style=\"font-weight: 400;\">Poids environ: 1,100 grammes<\/span><\/p>\n","protected":false},"excerpt":{"rendered":"<p>Notre <strong>Basic Stamping Kit <\/strong> contient tout ce dont vous avez besoin pour commencer \u00e0 tamponner. En achetant ce kit ou l&rsquo;un de nos grands kits de tampons, vous serez assur\u00e9 de recevoir tous les \u00e9l\u00e9ments <strong>pour imprimer vos cr\u00e9ations sur une multitude de supports tels que bo\u00eetes en carton, sacs en papier, bo\u00eetes en bois, t-shirts, sweatshirts, etc. <\/strong><\/p>\n<p>Lib\u00e9rez votre cr\u00e9ativit\u00e9 avec la fantastique gamme de grands tampons et de kits de <strong> BigStamping. <\/strong><\/p>\n[acordeon_personalizado]<\/p>\n<p>[pestana_acordeon_personalizado titulo=\"Que contient le Basic Stamping Kit ?\"]<\/p>\n<p>Dans le <strong>Basic Stamping Kit,<\/strong> vous trouverez:<\/p>\n<p><strong>-1 grand tampon BigStamp de taille \u00ab\u00a0M\u00a0\u00bb mesurant 15\u00d710.5cm (5.9 x 4.1 in.)<\/strong><\/p>\n<p>La mesure mentionn\u00e9e correspond \u00e0 la taille du bois. Ce bois peut \u00eatre utilis\u00e9 \u00e0 la fois verticalement et horizontalement, en fonction de votre conception.<\/p>\n<p>Dans les limites des dimensions du bois, vous pouvez r\u00e9aliser le dessin dans la taille que vous souhaitez. <strong>Si vous souhaitez que votre dessin ait des dimensions sp\u00e9cifiques \u00e0 l&rsquo;int\u00e9rieur du bois, veuillez l&rsquo;indiquer dans la section \u00ab\u00a0NOTES\u00a0\u00bb \u00e0 la fin de votre commande.<\/strong><\/p>\n<p><span style=\"text-decoration: underline;\"><strong>*REMARQUE :<\/strong><\/span> Si le motif du tampon a une hauteur inf\u00e9rieure \u00e0 <strong>7 cm (2,7 in.)<\/strong>, nous vous l&rsquo;enverrons avec le mod\u00e8le de support <strong>Long Big Stamp M<\/strong>, ce qui facilitera l&rsquo;apposition du tampon.<\/p>\n<p><strong>Le tampon Long Bing M est un bois allong\u00e9 mesurant 15 x 7cm (5,9 x 2,7 in) <\/strong> et est destin\u00e9 aux dessins allong\u00e9s. Vous n&rsquo;avez rien \u00e0 faire. Lorsque nous recevons un dessin adapt\u00e9 \u00e0 ce format, nous nous en occupons automatiquement.<\/p>\n<p><strong>&#8211; 1 Bo\u00eete ou bouteille d&rsquo;encre au choix :<\/strong><br \/>\n\u00b7 Encre flexographique Papier, carton et bois 125 ml (4.2 oz.), 14 couleurs disponibles.<br \/>\n\u00b7 Encre Xylographique Textile 75 ml (2.5 oz.), 10 couleurs disponibles.<\/p>\n<p><strong>\u00b7 1 Rouleau pour \u00e9taler l&rsquo;encre<\/strong><\/p>\n<p>Un outil\/rouleau en caoutchouc pour appliquer l&rsquo;encre sur le tampon. Sa structure \u00e9limine les d\u00e9formations et rend le transfert d&rsquo;encre fluide et uniforme.<\/p>\n<p><strong>&#8211; 4 feuilles de PVC pour d\u00e9poser l&rsquo;encre<\/strong><\/p>\n<p>Feuilles de format A3 aux bords arrondis, lisses et glissantes, permettant d&rsquo;\u00e9taler l&rsquo;encre facilement et sans bavure. Ils peuvent \u00eatre lav\u00e9s \u00e0 l&rsquo;eau et au savon et utilis\u00e9s aussi souvent que vous le souhaitez !<\/p>\n<p><strong>&#8211; 5 Palettes en bois pour l&rsquo;\u00e9limination de l&rsquo;encre<\/strong><\/p>\n<p>B\u00e2tonnets en bois naturel de 10\u00d71 cm pour retirer facilement et sans d\u00e9g\u00e2ts l&rsquo;encre pour papier et carton de la bo\u00eete. Pour l&rsquo;encre textile, comme elle se pr\u00e9sente sous forme de tubes, il n&rsquo;est pas n\u00e9cessaire de les utiliser.<\/p>\n<p>[\/pestana_acordeon_personalizado]<\/p>\n<p>[pestana_acordeon_personalizado titulo=\"Pourquoi choisir les tampons BigStamping ?\"]<\/p>\n<p>Chez <strong>BigStamping<\/strong>, nous fabriquons les plus grands tampons du monde et gr\u00e2ce \u00e0 notre exp\u00e9rience, nous vous offrons u<strong>n produit capable de vous donner des performances et des r\u00e9sultats SPECTACULAIRES.<\/strong><\/p>\n<p>Chacun de <strong>nos tampons est dot\u00e9 d&rsquo;un syst\u00e8me d&rsquo;amortissement sp\u00e9cial<\/strong> qui permet \u00e0 votre tampon de s&rsquo;adapter correctement \u00e0 toutes les surfaces, ce qui rend le transfert d&rsquo;encre plus homog\u00e8ne et \u00e9vite d&rsquo;avoir \u00e0 exercer trop de force ou de pression lors de l&rsquo;impression.<\/p>\n<p>Gr\u00e2ce \u00e0 cela et \u00e0 la qualit\u00e9 de nos encres, nos tampons peuvent vous offrir les r\u00e9sultats que vous avez d\u00e9j\u00e0 vus dans les vid\u00e9os et les photos que nous partageons sur les r\u00e9seaux sociaux et qui, dans 99 % des cas, proviennent de clients satisfaits. <strong>N&rsquo;en doutez pas! Procurez-vous un tampon ou un kit BigStamping et renforcez votre image de marque avec des r\u00e9sultats comme vous n&rsquo;en avez jamais vus auparavant.<\/strong><\/p>\n<p>[\/pestana_acordeon_personalizado]<\/p>\n<p>[pestana_acordeon_personalizado titulo=\"Comment puis-je commander ?\"]<\/p>\n<p>Une fois que vous avez choisi votre <strong> BigStamping Kit,<\/strong> et apr\u00e8s la description et les d\u00e9tails, vous trouverez une zone \/ un bouton pour ajouter le fichier contenant votre design. Si vous l&rsquo;avez en format vectoriel, nous travaillerons mieux avec, mais sinon, envoyez-le nous dans le format d&rsquo;image de meilleure qualit\u00e9 dont vous disposez.<\/p>\n<p>Apr\u00e8s cette \u00e9tape, vous trouverez le s\u00e9lecteur d&rsquo;encre. S\u00e9lectionnez le type d&rsquo;encre souhait\u00e9. Vous avez le choix entre :<\/p>\n<p><strong>\u00b7 Encre flexographique Papier, carton et bois 125 ml, 14 couleurs disponibles.<\/strong><br \/>\n<strong>\u00b7 Encre xylographique textile 75 ml (2.5 oz.), 10 couleurs disponibles.<\/strong><\/p>\n<p>Une seule encre est incluse dans le kit. Si vous voulez plus d&rsquo;encres ou les deux types d&rsquo;encres, vous devez les ajouter au panier \u00e0 partir de la page du produit.<\/p>\n<p>Si nous avons un probl\u00e8me ou un doute avec votre dessin, ne vous inqui\u00e9tez pas, nous vous contacterons ! A la fin de votre achat, il y a une section \u00ab\u00a0NOTES\u00a0\u00bb o\u00f9 vous pouvez laisser n&rsquo;importe quelle indication ou commentaire sur votre commande : dessin, taille finale du dessin, si vous voulez voir un croquis pr\u00e9c\u00e9dent, etc&#8230;<\/p>\n<p><strong>\u00b7 Modes de paiement accept\u00e9s : cartes de d\u00e9bit\/cr\u00e9dit et Paypal.<\/strong><\/p>\n<p>[\/pestana_acordeon_personalizado]<\/p>\n<p>[pestana_acordeon_personalizado titulo=\"Types de fichiers pris en charge\"]<\/p>\n<p><strong>Les types de fichiers pris en charge pour cr\u00e9er vos grands tampons sont : svg, tiff, eps, ai, jpg, psd, pdf, jpeg, png, cdr, tif, etc.<\/strong><\/p>\n<p><strong>Taille maximale du fichier : 10 Mo<\/strong><\/p>\n<p>L&rsquo;id\u00e9al est d&rsquo;envoyer les dessins en format vectoriel, dans leur format natif, c&rsquo;est-\u00e0-dire dans le programme dans lequel ils ont \u00e9t\u00e9 con\u00e7us : AI, CDR, PDF, etc.<\/p>\n<p>Si vous ne disposez pas de ces formats, vous pouvez envoyer le fichier image dans la meilleure qualit\u00e9 possible.<\/p>\n<p>L&rsquo;image ou le dessin ne doit pas contenir plus d&rsquo;une couleur. Ni nuances, ni d\u00e9grad\u00e9s. Il doit \u00eatre monochrome, \u00e0 100 % d&rsquo;encre noire ou blanche.<\/p>\n<p>Si nous avons des probl\u00e8mes ou des doutes concernant votre conception, ne vous inqui\u00e9tez pas, nous vous contacterons.<\/p>\n<p>[\/pestana_acordeon_personalizado]<\/p>\n<p>[pestana_acordeon_personalizado titulo=\"D\u00e9lais et frais de livraison\"]<\/p>\n<p>Nous exp\u00e9dions vers tous les pays de la Communaut\u00e9 \u00e9conomique europ\u00e9enne. Nous exp\u00e9dions \u00e9galement vers les \u00c9tats-Unis, le Royaume-Uni, le Turquie, la Suisse, le Canada, l&rsquo;Australie, le Chili, les \u00c9mirats arabes unis et le Japon.<\/p>\n<p><strong>D\u00e9lais de livraison<\/strong><\/p>\n<p>\u00c0 partir du moment o\u00f9 vous passez votre commande, et s&rsquo;il n&rsquo;y a pas de probl\u00e8me avec le dessin, il faut compter environ <strong>7 \u00e0 15 jours ouvrables pour livrer votre commande.<\/strong><\/p>\n<p><span style=\"text-decoration: underline;\"><strong>*REMARQUE :<\/strong><\/span> nous ne sommes pas responsables des retards caus\u00e9s par les soci\u00e9t\u00e9s de transport ou les organismes de contr\u00f4le.<\/p>\n<p><strong>Co\u00fbt des envois<\/strong><\/p>\n<p>Les frais de port sont calcul\u00e9s automatiquement par le site en fonction du pays et des articles ajout\u00e9s au panier.<\/p>\n<p>Les frais de port sont gratuits \u00e0 partir de 190 euros, en fonction de la destination de la livraison. Pour des informations plus d\u00e9taill\u00e9es sur les frais de port et les montants requis pour une livraison gratuite, veuillez <a href=\"https:\/\/www.bigstamping.com\/fr\/faq\/\">consulter la section FAQ<\/a> et v\u00e9rifier les conditions relatives \u00e0 votre adresse.<\/p>\n<p>[\/pestana_acordeon_personalizado]<\/p>\n<p>[\/acordeon_personalizado]\n","protected":false},"featured_media":430536,"template":"","meta":{"_acf_changed":false,"_genesis_hide_title":false,"_genesis_hide_breadcrumbs":false,"_genesis_hide_singular_image":false,"_genesis_hide_footer_widgets":false,"_genesis_custom_body_class":"","_genesis_custom_post_class":"","_genesis_layout":""},"product_brand":[],"product_cat":[94],"product_tag":[],"class_list":{"0":"post-3770","1":"product","2":"type-product","3":"status-publish","4":"has-post-thumbnail","6":"product_cat-kits-fr","7":"product_shipping_class-clase-2-fr","8":"entry","10":"first","11":"instock","12":"taxable","13":"shipping-taxable","14":"purchasable","15":"product-type-variable"},"acf":[],"yoast_head":"<!-- This site is optimized with the Yoast SEO plugin v26.7 - https:\/\/yoast.com\/wordpress\/plugins\/seo\/ -->\n<title>BASIC STAMPING KIT - BigStamping<\/title>\n<meta name=\"description\" content=\"Obtenez notre tampon M (15x10,5cm) dans un kit parfait pour imprimer des t-shirts, des bo\u00eetes, des sacs, des casquettes, des couvertures et tout ce que vous pouvez imaginer.\" \/>\n<meta name=\"robots\" content=\"index, follow, max-snippet:-1, max-image-preview:large, max-video-preview:-1\" \/>\n<link rel=\"canonical\" href=\"https:\/\/www.bigstamping.com\/fr\/producto\/basic-stamping-kit\/\" \/>\n<meta property=\"og:locale\" content=\"fr_FR\" \/>\n<meta property=\"og:type\" content=\"article\" \/>\n<meta property=\"og:title\" content=\"BASIC STAMPING KIT - BigStamping\" \/>\n<meta property=\"og:description\" content=\"Obtenez notre tampon M (15x10,5cm) dans un kit parfait pour imprimer des t-shirts, des bo\u00eetes, des sacs, des casquettes, des couvertures et tout ce que vous pouvez imaginer.\" \/>\n<meta property=\"og:url\" content=\"https:\/\/www.bigstamping.com\/fr\/producto\/basic-stamping-kit\/\" \/>\n<meta property=\"og:site_name\" content=\"BigStamping\" \/>\n<meta property=\"article:publisher\" content=\"https:\/\/www.facebook.com\/Bigstamping-241206903231462\/\" \/>\n<meta property=\"article:modified_time\" content=\"2024-05-24T18:16:12+00:00\" \/>\n<meta property=\"og:image\" content=\"https:\/\/www.bigstamping.com\/wp-content\/uploads\/2018\/12\/Kit-M-med.jpg\" \/>\n\t<meta property=\"og:image:width\" content=\"1080\" \/>\n\t<meta property=\"og:image:height\" content=\"1080\" \/>\n\t<meta property=\"og:image:type\" content=\"image\/jpeg\" \/>\n<meta name=\"twitter:card\" content=\"summary_large_image\" \/>\n<meta name=\"twitter:site\" content=\"@Bigstamping\" \/>\n<meta name=\"twitter:label1\" content=\"Dur\u00e9e de lecture estim\u00e9e\" \/>\n\t<meta name=\"twitter:data1\" content=\"1 minute\" \/>\n<script type=\"application\/ld+json\" class=\"yoast-schema-graph\">{\"@context\":\"https:\/\/schema.org\",\"@graph\":[{\"@type\":\"WebPage\",\"@id\":\"https:\/\/www.bigstamping.com\/fr\/producto\/basic-stamping-kit\/\",\"url\":\"https:\/\/www.bigstamping.com\/fr\/producto\/basic-stamping-kit\/\",\"name\":\"BASIC STAMPING KIT - BigStamping\",\"isPartOf\":{\"@id\":\"https:\/\/www.bigstamping.com\/#website\"},\"primaryImageOfPage\":{\"@id\":\"https:\/\/www.bigstamping.com\/fr\/producto\/basic-stamping-kit\/#primaryimage\"},\"image\":{\"@id\":\"https:\/\/www.bigstamping.com\/fr\/producto\/basic-stamping-kit\/#primaryimage\"},\"thumbnailUrl\":\"https:\/\/www.bigstamping.com\/wp-content\/uploads\/2018\/12\/Kit-M-med.jpg\",\"datePublished\":\"2018-12-05T13:09:16+00:00\",\"dateModified\":\"2024-05-24T18:16:12+00:00\",\"description\":\"Obtenez notre tampon M (15x10,5cm) dans un kit parfait pour imprimer des t-shirts, des bo\u00eetes, des sacs, des casquettes, des couvertures et tout ce que vous pouvez imaginer.\",\"breadcrumb\":{\"@id\":\"https:\/\/www.bigstamping.com\/fr\/producto\/basic-stamping-kit\/#breadcrumb\"},\"inLanguage\":\"fr-FR\",\"potentialAction\":[{\"@type\":\"ReadAction\",\"target\":[\"https:\/\/www.bigstamping.com\/fr\/producto\/basic-stamping-kit\/\"]}]},{\"@type\":\"ImageObject\",\"inLanguage\":\"fr-FR\",\"@id\":\"https:\/\/www.bigstamping.com\/fr\/producto\/basic-stamping-kit\/#primaryimage\",\"url\":\"https:\/\/www.bigstamping.com\/wp-content\/uploads\/2018\/12\/Kit-M-med.jpg\",\"contentUrl\":\"https:\/\/www.bigstamping.com\/wp-content\/uploads\/2018\/12\/Kit-M-med.jpg\",\"width\":1080,\"height\":1080,\"caption\":\"Kit BigStamping M - Sellos personalizados de Gran Tama\u00f1o\"},{\"@type\":\"BreadcrumbList\",\"@id\":\"https:\/\/www.bigstamping.com\/fr\/producto\/basic-stamping-kit\/#breadcrumb\",\"itemListElement\":[{\"@type\":\"ListItem\",\"position\":1,\"name\":\"Portada\",\"item\":\"https:\/\/www.bigstamping.com\/fr\/\"},{\"@type\":\"ListItem\",\"position\":2,\"name\":\"BASIC STAMPING KIT\"}]},{\"@type\":\"WebSite\",\"@id\":\"https:\/\/www.bigstamping.com\/#website\",\"url\":\"https:\/\/www.bigstamping.com\/\",\"name\":\"BigStamping\",\"description\":\"Sellos de gran tama\u00f1o para stampear\",\"publisher\":{\"@id\":\"https:\/\/www.bigstamping.com\/#organization\"},\"potentialAction\":[{\"@type\":\"SearchAction\",\"target\":{\"@type\":\"EntryPoint\",\"urlTemplate\":\"https:\/\/www.bigstamping.com\/?s={search_term_string}\"},\"query-input\":{\"@type\":\"PropertyValueSpecification\",\"valueRequired\":true,\"valueName\":\"search_term_string\"}}],\"inLanguage\":\"fr-FR\"},{\"@type\":\"Organization\",\"@id\":\"https:\/\/www.bigstamping.com\/#organization\",\"name\":\"BigStamping\",\"url\":\"https:\/\/www.bigstamping.com\/\",\"logo\":{\"@type\":\"ImageObject\",\"inLanguage\":\"fr-FR\",\"@id\":\"https:\/\/www.bigstamping.com\/#\/schema\/logo\/image\/\",\"url\":\"https:\/\/www.bigstamping.com\/wp-content\/uploads\/2018\/12\/big-stamper-amarillo.jpg\",\"contentUrl\":\"https:\/\/www.bigstamping.com\/wp-content\/uploads\/2018\/12\/big-stamper-amarillo.jpg\",\"width\":293,\"height\":300,\"caption\":\"BigStamping\"},\"image\":{\"@id\":\"https:\/\/www.bigstamping.com\/#\/schema\/logo\/image\/\"},\"sameAs\":[\"https:\/\/www.facebook.com\/Bigstamping-241206903231462\/\",\"https:\/\/x.com\/Bigstamping\",\"https:\/\/www.instagram.com\/bigstamping\/\",\"https:\/\/www.youtube.com\/channel\/UC_l3jNsBYYC-Ds9pzcZy_Vg\"]}]}<\/script>\n<!-- \/ Yoast SEO plugin. -->","yoast_head_json":{"title":"BASIC STAMPING KIT - BigStamping","description":"Obtenez notre tampon M (15x10,5cm) dans un kit parfait pour imprimer des t-shirts, des bo\u00eetes, des sacs, des casquettes, des couvertures et tout ce que vous pouvez imaginer.","robots":{"index":"index","follow":"follow","max-snippet":"max-snippet:-1","max-image-preview":"max-image-preview:large","max-video-preview":"max-video-preview:-1"},"canonical":"https:\/\/www.bigstamping.com\/fr\/producto\/basic-stamping-kit\/","og_locale":"fr_FR","og_type":"article","og_title":"BASIC STAMPING KIT - BigStamping","og_description":"Obtenez notre tampon M (15x10,5cm) dans un kit parfait pour imprimer des t-shirts, des bo\u00eetes, des sacs, des casquettes, des couvertures et tout ce que vous pouvez imaginer.","og_url":"https:\/\/www.bigstamping.com\/fr\/producto\/basic-stamping-kit\/","og_site_name":"BigStamping","article_publisher":"https:\/\/www.facebook.com\/Bigstamping-241206903231462\/","article_modified_time":"2024-05-24T18:16:12+00:00","og_image":[{"width":1080,"height":1080,"url":"https:\/\/www.bigstamping.com\/wp-content\/uploads\/2018\/12\/Kit-M-med.jpg","type":"image\/jpeg"}],"twitter_card":"summary_large_image","twitter_site":"@Bigstamping","twitter_misc":{"Dur\u00e9e de lecture estim\u00e9e":"1 minute"},"schema":{"@context":"https:\/\/schema.org","@graph":[{"@type":"WebPage","@id":"https:\/\/www.bigstamping.com\/fr\/producto\/basic-stamping-kit\/","url":"https:\/\/www.bigstamping.com\/fr\/producto\/basic-stamping-kit\/","name":"BASIC STAMPING KIT - BigStamping","isPartOf":{"@id":"https:\/\/www.bigstamping.com\/#website"},"primaryImageOfPage":{"@id":"https:\/\/www.bigstamping.com\/fr\/producto\/basic-stamping-kit\/#primaryimage"},"image":{"@id":"https:\/\/www.bigstamping.com\/fr\/producto\/basic-stamping-kit\/#primaryimage"},"thumbnailUrl":"https:\/\/www.bigstamping.com\/wp-content\/uploads\/2018\/12\/Kit-M-med.jpg","datePublished":"2018-12-05T13:09:16+00:00","dateModified":"2024-05-24T18:16:12+00:00","description":"Obtenez notre tampon M (15x10,5cm) dans un kit parfait pour imprimer des t-shirts, des bo\u00eetes, des sacs, des casquettes, des couvertures et tout ce que vous pouvez imaginer.","breadcrumb":{"@id":"https:\/\/www.bigstamping.com\/fr\/producto\/basic-stamping-kit\/#breadcrumb"},"inLanguage":"fr-FR","potentialAction":[{"@type":"ReadAction","target":["https:\/\/www.bigstamping.com\/fr\/producto\/basic-stamping-kit\/"]}]},{"@type":"ImageObject","inLanguage":"fr-FR","@id":"https:\/\/www.bigstamping.com\/fr\/producto\/basic-stamping-kit\/#primaryimage","url":"https:\/\/www.bigstamping.com\/wp-content\/uploads\/2018\/12\/Kit-M-med.jpg","contentUrl":"https:\/\/www.bigstamping.com\/wp-content\/uploads\/2018\/12\/Kit-M-med.jpg","width":1080,"height":1080,"caption":"Kit BigStamping M - Sellos personalizados de Gran Tama\u00f1o"},{"@type":"BreadcrumbList","@id":"https:\/\/www.bigstamping.com\/fr\/producto\/basic-stamping-kit\/#breadcrumb","itemListElement":[{"@type":"ListItem","position":1,"name":"Portada","item":"https:\/\/www.bigstamping.com\/fr\/"},{"@type":"ListItem","position":2,"name":"BASIC STAMPING KIT"}]},{"@type":"WebSite","@id":"https:\/\/www.bigstamping.com\/#website","url":"https:\/\/www.bigstamping.com\/","name":"BigStamping","description":"Sellos de gran tama\u00f1o para stampear","publisher":{"@id":"https:\/\/www.bigstamping.com\/#organization"},"potentialAction":[{"@type":"SearchAction","target":{"@type":"EntryPoint","urlTemplate":"https:\/\/www.bigstamping.com\/?s={search_term_string}"},"query-input":{"@type":"PropertyValueSpecification","valueRequired":true,"valueName":"search_term_string"}}],"inLanguage":"fr-FR"},{"@type":"Organization","@id":"https:\/\/www.bigstamping.com\/#organization","name":"BigStamping","url":"https:\/\/www.bigstamping.com\/","logo":{"@type":"ImageObject","inLanguage":"fr-FR","@id":"https:\/\/www.bigstamping.com\/#\/schema\/logo\/image\/","url":"https:\/\/www.bigstamping.com\/wp-content\/uploads\/2018\/12\/big-stamper-amarillo.jpg","contentUrl":"https:\/\/www.bigstamping.com\/wp-content\/uploads\/2018\/12\/big-stamper-amarillo.jpg","width":293,"height":300,"caption":"BigStamping"},"image":{"@id":"https:\/\/www.bigstamping.com\/#\/schema\/logo\/image\/"},"sameAs":["https:\/\/www.facebook.com\/Bigstamping-241206903231462\/","https:\/\/x.com\/Bigstamping","https:\/\/www.instagram.com\/bigstamping\/","https:\/\/www.youtube.com\/channel\/UC_l3jNsBYYC-Ds9pzcZy_Vg"]}]}},"_links":{"self":[{"href":"https:\/\/www.bigstamping.com\/fr\/wp-json\/wp\/v2\/product\/3770","targetHints":{"allow":["GET"]}}],"collection":[{"href":"https:\/\/www.bigstamping.com\/fr\/wp-json\/wp\/v2\/product"}],"about":[{"href":"https:\/\/www.bigstamping.com\/fr\/wp-json\/wp\/v2\/types\/product"}],"version-history":[{"count":0,"href":"https:\/\/www.bigstamping.com\/fr\/wp-json\/wp\/v2\/product\/3770\/revisions"}],"wp:featuredmedia":[{"embeddable":true,"href":"https:\/\/www.bigstamping.com\/fr\/wp-json\/wp\/v2\/media\/430536"}],"wp:attachment":[{"href":"https:\/\/www.bigstamping.com\/fr\/wp-json\/wp\/v2\/media?parent=3770"}],"wp:term":[{"taxonomy":"product_brand","embeddable":true,"href":"https:\/\/www.bigstamping.com\/fr\/wp-json\/wp\/v2\/product_brand?post=3770"},{"taxonomy":"product_cat","embeddable":true,"href":"https:\/\/www.bigstamping.com\/fr\/wp-json\/wp\/v2\/product_cat?post=3770"},{"taxonomy":"product_tag","embeddable":true,"href":"https:\/\/www.bigstamping.com\/fr\/wp-json\/wp\/v2\/product_tag?post=3770"}],"curies":[{"name":"wp","href":"https:\/\/api.w.org\/{rel}","templated":true}]}}