{"id":419823,"date":"2020-07-08T20:14:37","date_gmt":"2020-07-08T18:14:37","guid":{"rendered":"https:\/\/www.bigstamping.com\/producto\/tinta-textil-para-ministamps\/"},"modified":"2025-07-30T15:41:44","modified_gmt":"2025-07-30T13:41:44","slug":"ink-textile-for-ministamps","status":"publish","type":"product","link":"https:\/\/www.bigstamping.com\/fr\/producto\/ink-textile-for-ministamps\/","title":{"rendered":"Encre textile (pour les mini-tampons)"},"content":{"rendered":"","protected":false},"excerpt":{"rendered":"<h2>VOUS L&rsquo;AVEZ DEMAND\u00c9 ! COUSSINETS D&rsquo;ENCRE POUR TEXTILE \u00c0 UTILISER AVEC LES MINISTAMPS !<\/h2>\n<p>Nous savions que beaucoup d&rsquo;entre vous trouvaient un peu difficile <strong>d&rsquo;imprimer sur des tissus avec <\/strong> BigStamping et notre syst\u00e8me de rouleau et d&rsquo;ac\u00e9tate, alors nous vous apportons enfin une solution plus confortable pour vos petits tampons.<\/p>\n[acordeon_personalizado]<\/p>\n<p>[pestana_acordeon_personalizado titulo=\"\u00bfQu\u00e9 es exactamente la tinta textil Versacraft?\"]<\/p>\n<p>Il s&rsquo;agit d&rsquo;une encre sp\u00e9ciale pour l&rsquo;application sur les tissus. Il s&rsquo;agit d&rsquo;une encre textile \u00e0 base d&rsquo;eau au format tampon (7,5 x 4,5 cm \/ 2,95 x 1,77 in) <strong>parfaite pour une utilisation avec nos MiniStamps. <\/strong><\/p>\n<p>[\/pestana_acordeon_personalizado]<\/p>\n<p>[pestana_acordeon_personalizado titulo=\"\u00bfC\u00f3mo la uso?\"]<\/p>\n<p>Apr\u00e8s l&rsquo;application, laissez s\u00e9cher pendant 2 heures, puis repassez l&rsquo;impression au dos ou appliquez une source de chaleur pour fixer l&rsquo;impression.<\/p>\n<p><strong>Les tampons encreurs pour textiles de Versacraft <\/strong> conviennent \u00e0 divers tissus tels que le coton, le lin, la soie, la rayonne ou le polyester.<\/p>\n<p>Il peut \u00e9galement \u00eatre appliqu\u00e9 sur des surfaces telles que le bois naturel, le cuir, le papier ou les c\u00e9ramiques non \u00e9maill\u00e9es.<\/p>\n<p>Apr\u00e8s le repassage, le tissu peut \u00eatre lav\u00e9 \u00e0 30\u00b0C et l&rsquo;encre ne d\u00e9teint pas. G\u00e9nial, n&rsquo;est-ce pas ?<\/p>\n<p>Choisissez parmi les couleurs que nous sugg\u00e9rons et rappelez-vous, ne s\u00e9chez pas les v\u00eatements imprim\u00e9s au s\u00e8che-linge !<\/p>\n<p>[\/pestana_acordeon_personalizado]<\/p>\n<p>[pestana_acordeon_personalizado titulo=\"\u00bfC\u00f3mo hago mi pedido?\"]<\/p>\n<p>Pour commander ce produit, il vous suffit de s\u00e9lectionner votre couleur pr\u00e9f\u00e9r\u00e9e, de choisir la quantit\u00e9 (une unit\u00e9 est s\u00e9lectionn\u00e9e par d\u00e9faut) et de cliquer sur le bouton \u00ab Ajouter au panier \u00bb. Ce type d&rsquo;encre n&rsquo;est pas inclus dans les kits, mais vous pouvez commander les quantit\u00e9s et les couleurs que vous souhaitez en r\u00e9p\u00e9tant le m\u00eame processus. \ud83d\ude09<\/p>\n<p><strong>\u00b7 Modes de paiement accept\u00e9s : cartes de d\u00e9bit\/cr\u00e9dit et Paypal.<\/strong><\/p>\n<p>[\/pestana_acordeon_personalizado]<\/p>\n<p>[pestana_acordeon_personalizado titulo=\"Plazos de entrega y costes de env\u00edo\"]<\/p>\n<p>Nous exp\u00e9dions vers tous les pays de la Communaut\u00e9 \u00e9conomique europ\u00e9enne. Nous exp\u00e9dions \u00e9galement vers les \u00c9tats-Unis, le Royaume-Uni, la Suisse, le Canada, l&rsquo;Australie, le Chili, les \u00c9mirats arabes unis et le Japon.<\/p>\n<p><strong>D\u00e9lais de livraison<\/strong><\/p>\n<p>\u00c0 partir du moment o\u00f9 vous passez votre commande, et s&rsquo;il n&rsquo;y a pas de probl\u00e8me avec le dessin, il faut compter environ <strong>7 \u00e0 10 jours ouvrables pour livrer votre commande.<\/strong><\/p>\n<p><span style=\"text-decoration: underline;\"><strong>*REMARQUE :<\/strong><\/span> nous ne sommes pas responsables des retards caus\u00e9s par les soci\u00e9t\u00e9s de transport ou les organismes de contr\u00f4le.<\/p>\n<p><strong>Co\u00fbt des envois<\/strong><\/p>\n<p>Les frais de port sont calcul\u00e9s automatiquement par le site en fonction du pays et des articles ajout\u00e9s au panier.<\/p>\n<p>Les frais de port sont gratuits \u00e0 partir de 100 euros, en fonction de la destination de la livraison. Pour des informations plus d\u00e9taill\u00e9es sur les frais de port et les montants requis pour une livraison gratuite, veuillez <a href=\"https:\/\/www.bigstamping.com\/fr\/faq\/\">consulter la section FAQ<\/a> et v\u00e9rifier les conditions relatives \u00e0 votre adresse.<\/p>\n<p>[\/pestana_acordeon_personalizado]<\/p>\n<p>[\/acordeon_personalizado]\n","protected":false},"featured_media":419709,"template":"","meta":{"_acf_changed":false,"_genesis_hide_title":false,"_genesis_hide_breadcrumbs":false,"_genesis_hide_singular_image":false,"_genesis_hide_footer_widgets":false,"_genesis_custom_body_class":"","_genesis_custom_post_class":"","_genesis_layout":""},"product_brand":[],"product_cat":[71],"product_tag":[],"class_list":{"0":"post-419823","1":"product","2":"type-product","3":"status-publish","4":"has-post-thumbnail","6":"product_cat-les-accessoires-fr","7":"entry","9":"first","10":"instock","11":"taxable","12":"shipping-taxable","13":"purchasable","14":"product-type-variable"},"acf":[],"yoast_head":"<!-- This site is optimized with the Yoast SEO plugin v26.7 - https:\/\/yoast.com\/wordpress\/plugins\/seo\/ -->\n<title>Encre textile (pour les mini-tampons) - BigStamping<\/title>\n<meta name=\"description\" content=\"Tampons encreurs textiles parfaits pour les petits tampons. Personnalisez vos v\u00eatements, mais aussi sur du bois naturel, du cuir, du papier ou des c\u00e9ramiques non \u00e9maill\u00e9es.\" \/>\n<meta name=\"robots\" content=\"index, follow, max-snippet:-1, max-image-preview:large, max-video-preview:-1\" \/>\n<link rel=\"canonical\" href=\"https:\/\/www.bigstamping.com\/fr\/producto\/ink-textile-for-ministamps\/\" \/>\n<meta property=\"og:locale\" content=\"fr_FR\" \/>\n<meta property=\"og:type\" content=\"article\" \/>\n<meta property=\"og:title\" content=\"Encre textile (pour les mini-tampons) - BigStamping\" \/>\n<meta property=\"og:description\" content=\"Tampons encreurs textiles parfaits pour les petits tampons. Personnalisez vos v\u00eatements, mais aussi sur du bois naturel, du cuir, du papier ou des c\u00e9ramiques non \u00e9maill\u00e9es.\" \/>\n<meta property=\"og:url\" content=\"https:\/\/www.bigstamping.com\/fr\/producto\/ink-textile-for-ministamps\/\" \/>\n<meta property=\"og:site_name\" content=\"BigStamping\" \/>\n<meta property=\"article:publisher\" content=\"https:\/\/www.facebook.com\/Bigstamping-241206903231462\/\" \/>\n<meta property=\"article:modified_time\" content=\"2025-07-30T13:41:44+00:00\" \/>\n<meta property=\"og:image\" content=\"https:\/\/www.bigstamping.com\/wp-content\/uploads\/2023\/02\/portada-tinta-versacraf.jpg\" \/>\n\t<meta property=\"og:image:width\" content=\"300\" \/>\n\t<meta property=\"og:image:height\" content=\"300\" \/>\n\t<meta property=\"og:image:type\" content=\"image\/jpeg\" \/>\n<meta name=\"twitter:card\" content=\"summary_large_image\" \/>\n<meta name=\"twitter:site\" content=\"@Bigstamping\" \/>\n<meta name=\"twitter:label1\" content=\"Dur\u00e9e de lecture estim\u00e9e\" \/>\n\t<meta name=\"twitter:data1\" content=\"1 minute\" \/>\n<script type=\"application\/ld+json\" class=\"yoast-schema-graph\">{\"@context\":\"https:\/\/schema.org\",\"@graph\":[{\"@type\":\"WebPage\",\"@id\":\"https:\/\/www.bigstamping.com\/fr\/producto\/ink-textile-for-ministamps\/\",\"url\":\"https:\/\/www.bigstamping.com\/fr\/producto\/ink-textile-for-ministamps\/\",\"name\":\"Encre textile (pour les mini-tampons) - BigStamping\",\"isPartOf\":{\"@id\":\"https:\/\/www.bigstamping.com\/#website\"},\"primaryImageOfPage\":{\"@id\":\"https:\/\/www.bigstamping.com\/fr\/producto\/ink-textile-for-ministamps\/#primaryimage\"},\"image\":{\"@id\":\"https:\/\/www.bigstamping.com\/fr\/producto\/ink-textile-for-ministamps\/#primaryimage\"},\"thumbnailUrl\":\"https:\/\/www.bigstamping.com\/wp-content\/uploads\/2023\/02\/portada-tinta-versacraf.jpg\",\"datePublished\":\"2020-07-08T18:14:37+00:00\",\"dateModified\":\"2025-07-30T13:41:44+00:00\",\"description\":\"Tampons encreurs textiles parfaits pour les petits tampons. Personnalisez vos v\u00eatements, mais aussi sur du bois naturel, du cuir, du papier ou des c\u00e9ramiques non \u00e9maill\u00e9es.\",\"breadcrumb\":{\"@id\":\"https:\/\/www.bigstamping.com\/fr\/producto\/ink-textile-for-ministamps\/#breadcrumb\"},\"inLanguage\":\"fr-FR\",\"potentialAction\":[{\"@type\":\"ReadAction\",\"target\":[\"https:\/\/www.bigstamping.com\/fr\/producto\/ink-textile-for-ministamps\/\"]}]},{\"@type\":\"ImageObject\",\"inLanguage\":\"fr-FR\",\"@id\":\"https:\/\/www.bigstamping.com\/fr\/producto\/ink-textile-for-ministamps\/#primaryimage\",\"url\":\"https:\/\/www.bigstamping.com\/wp-content\/uploads\/2023\/02\/portada-tinta-versacraf.jpg\",\"contentUrl\":\"https:\/\/www.bigstamping.com\/wp-content\/uploads\/2023\/02\/portada-tinta-versacraf.jpg\",\"width\":300,\"height\":300,\"caption\":\"Tinta amarilla para tejidos en almohadilla\"},{\"@type\":\"BreadcrumbList\",\"@id\":\"https:\/\/www.bigstamping.com\/fr\/producto\/ink-textile-for-ministamps\/#breadcrumb\",\"itemListElement\":[{\"@type\":\"ListItem\",\"position\":1,\"name\":\"Portada\",\"item\":\"https:\/\/www.bigstamping.com\/fr\/\"},{\"@type\":\"ListItem\",\"position\":2,\"name\":\"Encre textile (pour les mini-tampons)\"}]},{\"@type\":\"WebSite\",\"@id\":\"https:\/\/www.bigstamping.com\/#website\",\"url\":\"https:\/\/www.bigstamping.com\/\",\"name\":\"BigStamping\",\"description\":\"Sellos de gran tama\u00f1o para stampear\",\"publisher\":{\"@id\":\"https:\/\/www.bigstamping.com\/#organization\"},\"potentialAction\":[{\"@type\":\"SearchAction\",\"target\":{\"@type\":\"EntryPoint\",\"urlTemplate\":\"https:\/\/www.bigstamping.com\/?s={search_term_string}\"},\"query-input\":{\"@type\":\"PropertyValueSpecification\",\"valueRequired\":true,\"valueName\":\"search_term_string\"}}],\"inLanguage\":\"fr-FR\"},{\"@type\":\"Organization\",\"@id\":\"https:\/\/www.bigstamping.com\/#organization\",\"name\":\"BigStamping\",\"url\":\"https:\/\/www.bigstamping.com\/\",\"logo\":{\"@type\":\"ImageObject\",\"inLanguage\":\"fr-FR\",\"@id\":\"https:\/\/www.bigstamping.com\/#\/schema\/logo\/image\/\",\"url\":\"https:\/\/www.bigstamping.com\/wp-content\/uploads\/2018\/12\/big-stamper-amarillo.jpg\",\"contentUrl\":\"https:\/\/www.bigstamping.com\/wp-content\/uploads\/2018\/12\/big-stamper-amarillo.jpg\",\"width\":293,\"height\":300,\"caption\":\"BigStamping\"},\"image\":{\"@id\":\"https:\/\/www.bigstamping.com\/#\/schema\/logo\/image\/\"},\"sameAs\":[\"https:\/\/www.facebook.com\/Bigstamping-241206903231462\/\",\"https:\/\/x.com\/Bigstamping\",\"https:\/\/www.instagram.com\/bigstamping\/\",\"https:\/\/www.youtube.com\/channel\/UC_l3jNsBYYC-Ds9pzcZy_Vg\"]}]}<\/script>\n<!-- \/ Yoast SEO plugin. -->","yoast_head_json":{"title":"Encre textile (pour les mini-tampons) - BigStamping","description":"Tampons encreurs textiles parfaits pour les petits tampons. Personnalisez vos v\u00eatements, mais aussi sur du bois naturel, du cuir, du papier ou des c\u00e9ramiques non \u00e9maill\u00e9es.","robots":{"index":"index","follow":"follow","max-snippet":"max-snippet:-1","max-image-preview":"max-image-preview:large","max-video-preview":"max-video-preview:-1"},"canonical":"https:\/\/www.bigstamping.com\/fr\/producto\/ink-textile-for-ministamps\/","og_locale":"fr_FR","og_type":"article","og_title":"Encre textile (pour les mini-tampons) - BigStamping","og_description":"Tampons encreurs textiles parfaits pour les petits tampons. Personnalisez vos v\u00eatements, mais aussi sur du bois naturel, du cuir, du papier ou des c\u00e9ramiques non \u00e9maill\u00e9es.","og_url":"https:\/\/www.bigstamping.com\/fr\/producto\/ink-textile-for-ministamps\/","og_site_name":"BigStamping","article_publisher":"https:\/\/www.facebook.com\/Bigstamping-241206903231462\/","article_modified_time":"2025-07-30T13:41:44+00:00","og_image":[{"width":300,"height":300,"url":"https:\/\/www.bigstamping.com\/wp-content\/uploads\/2023\/02\/portada-tinta-versacraf.jpg","type":"image\/jpeg"}],"twitter_card":"summary_large_image","twitter_site":"@Bigstamping","twitter_misc":{"Dur\u00e9e de lecture estim\u00e9e":"1 minute"},"schema":{"@context":"https:\/\/schema.org","@graph":[{"@type":"WebPage","@id":"https:\/\/www.bigstamping.com\/fr\/producto\/ink-textile-for-ministamps\/","url":"https:\/\/www.bigstamping.com\/fr\/producto\/ink-textile-for-ministamps\/","name":"Encre textile (pour les mini-tampons) - BigStamping","isPartOf":{"@id":"https:\/\/www.bigstamping.com\/#website"},"primaryImageOfPage":{"@id":"https:\/\/www.bigstamping.com\/fr\/producto\/ink-textile-for-ministamps\/#primaryimage"},"image":{"@id":"https:\/\/www.bigstamping.com\/fr\/producto\/ink-textile-for-ministamps\/#primaryimage"},"thumbnailUrl":"https:\/\/www.bigstamping.com\/wp-content\/uploads\/2023\/02\/portada-tinta-versacraf.jpg","datePublished":"2020-07-08T18:14:37+00:00","dateModified":"2025-07-30T13:41:44+00:00","description":"Tampons encreurs textiles parfaits pour les petits tampons. Personnalisez vos v\u00eatements, mais aussi sur du bois naturel, du cuir, du papier ou des c\u00e9ramiques non \u00e9maill\u00e9es.","breadcrumb":{"@id":"https:\/\/www.bigstamping.com\/fr\/producto\/ink-textile-for-ministamps\/#breadcrumb"},"inLanguage":"fr-FR","potentialAction":[{"@type":"ReadAction","target":["https:\/\/www.bigstamping.com\/fr\/producto\/ink-textile-for-ministamps\/"]}]},{"@type":"ImageObject","inLanguage":"fr-FR","@id":"https:\/\/www.bigstamping.com\/fr\/producto\/ink-textile-for-ministamps\/#primaryimage","url":"https:\/\/www.bigstamping.com\/wp-content\/uploads\/2023\/02\/portada-tinta-versacraf.jpg","contentUrl":"https:\/\/www.bigstamping.com\/wp-content\/uploads\/2023\/02\/portada-tinta-versacraf.jpg","width":300,"height":300,"caption":"Tinta amarilla para tejidos en almohadilla"},{"@type":"BreadcrumbList","@id":"https:\/\/www.bigstamping.com\/fr\/producto\/ink-textile-for-ministamps\/#breadcrumb","itemListElement":[{"@type":"ListItem","position":1,"name":"Portada","item":"https:\/\/www.bigstamping.com\/fr\/"},{"@type":"ListItem","position":2,"name":"Encre textile (pour les mini-tampons)"}]},{"@type":"WebSite","@id":"https:\/\/www.bigstamping.com\/#website","url":"https:\/\/www.bigstamping.com\/","name":"BigStamping","description":"Sellos de gran tama\u00f1o para stampear","publisher":{"@id":"https:\/\/www.bigstamping.com\/#organization"},"potentialAction":[{"@type":"SearchAction","target":{"@type":"EntryPoint","urlTemplate":"https:\/\/www.bigstamping.com\/?s={search_term_string}"},"query-input":{"@type":"PropertyValueSpecification","valueRequired":true,"valueName":"search_term_string"}}],"inLanguage":"fr-FR"},{"@type":"Organization","@id":"https:\/\/www.bigstamping.com\/#organization","name":"BigStamping","url":"https:\/\/www.bigstamping.com\/","logo":{"@type":"ImageObject","inLanguage":"fr-FR","@id":"https:\/\/www.bigstamping.com\/#\/schema\/logo\/image\/","url":"https:\/\/www.bigstamping.com\/wp-content\/uploads\/2018\/12\/big-stamper-amarillo.jpg","contentUrl":"https:\/\/www.bigstamping.com\/wp-content\/uploads\/2018\/12\/big-stamper-amarillo.jpg","width":293,"height":300,"caption":"BigStamping"},"image":{"@id":"https:\/\/www.bigstamping.com\/#\/schema\/logo\/image\/"},"sameAs":["https:\/\/www.facebook.com\/Bigstamping-241206903231462\/","https:\/\/x.com\/Bigstamping","https:\/\/www.instagram.com\/bigstamping\/","https:\/\/www.youtube.com\/channel\/UC_l3jNsBYYC-Ds9pzcZy_Vg"]}]}},"_links":{"self":[{"href":"https:\/\/www.bigstamping.com\/fr\/wp-json\/wp\/v2\/product\/419823","targetHints":{"allow":["GET"]}}],"collection":[{"href":"https:\/\/www.bigstamping.com\/fr\/wp-json\/wp\/v2\/product"}],"about":[{"href":"https:\/\/www.bigstamping.com\/fr\/wp-json\/wp\/v2\/types\/product"}],"version-history":[{"count":0,"href":"https:\/\/www.bigstamping.com\/fr\/wp-json\/wp\/v2\/product\/419823\/revisions"}],"wp:featuredmedia":[{"embeddable":true,"href":"https:\/\/www.bigstamping.com\/fr\/wp-json\/wp\/v2\/media\/419709"}],"wp:attachment":[{"href":"https:\/\/www.bigstamping.com\/fr\/wp-json\/wp\/v2\/media?parent=419823"}],"wp:term":[{"taxonomy":"product_brand","embeddable":true,"href":"https:\/\/www.bigstamping.com\/fr\/wp-json\/wp\/v2\/product_brand?post=419823"},{"taxonomy":"product_cat","embeddable":true,"href":"https:\/\/www.bigstamping.com\/fr\/wp-json\/wp\/v2\/product_cat?post=419823"},{"taxonomy":"product_tag","embeddable":true,"href":"https:\/\/www.bigstamping.com\/fr\/wp-json\/wp\/v2\/product_tag?post=419823"}],"curies":[{"name":"wp","href":"https:\/\/api.w.org\/{rel}","templated":true}]}}