{"id":34759,"date":"2021-01-15T17:58:42","date_gmt":"2021-01-15T17:58:42","guid":{"rendered":"https:\/\/www.bigstamping.com\/suggerimenti-per-linvio-di-file\/"},"modified":"2024-06-14T17:44:34","modified_gmt":"2024-06-14T16:44:34","slug":"suggerimenti-per-linvio-di-file","status":"publish","type":"page","link":"https:\/\/www.bigstamping.com\/it\/suggerimenti-per-linvio-di-file\/","title":{"rendered":"Suggerimenti per l&#8217;invio di file"},"content":{"rendered":"\t\t<div data-elementor-type=\"wp-post\" data-elementor-id=\"34759\" class=\"elementor elementor-34759 elementor-89\" data-elementor-post-type=\"page\">\n\t\t\t\t\t\t<section class=\"elementor-section elementor-top-section elementor-element elementor-element-4091dd0 elementor-section-full_width elementor-section-height-default elementor-section-height-default\" data-id=\"4091dd0\" data-element_type=\"section\" data-settings=\"{&quot;background_background&quot;:&quot;classic&quot;}\">\n\t\t\t\t\t\t<div class=\"elementor-container elementor-column-gap-no\">\n\t\t\t\t\t<div class=\"elementor-column elementor-col-100 elementor-top-column elementor-element elementor-element-d43b9b0\" data-id=\"d43b9b0\" data-element_type=\"column\">\n\t\t\t<div class=\"elementor-widget-wrap elementor-element-populated\">\n\t\t\t\t\t\t<div class=\"elementor-element elementor-element-71f6f3e elementor-widget elementor-widget-heading\" data-id=\"71f6f3e\" data-element_type=\"widget\" data-widget_type=\"heading.default\">\n\t\t\t\t<div class=\"elementor-widget-container\">\n\t\t\t\t\t<h1 class=\"elementor-heading-title elementor-size-default\">ISTRUZIONI DI INVIO<\/h1>\t\t\t\t<\/div>\n\t\t\t\t<\/div>\n\t\t\t\t<div class=\"elementor-element elementor-element-dfaf57b elementor-widget elementor-widget-text-editor\" data-id=\"dfaf57b\" data-element_type=\"widget\" data-widget_type=\"text-editor.default\">\n\t\t\t\t<div class=\"elementor-widget-container\">\n\t\t\t\t\t\t\t\t\t<p>Per essere un nuovo Stamper,<br \/>ti manca solo inviare il tuo disegno<\/p>\n\t\t\t\t\t\t\t\t<\/div>\n\t\t\t\t<\/div>\n\t\t\t\t<div class=\"elementor-element elementor-element-98447a7 elementor-widget elementor-widget-image\" data-id=\"98447a7\" data-element_type=\"widget\" data-widget_type=\"image.default\">\n\t\t\t\t<div class=\"elementor-widget-container\">\n\t\t\t\t\t\t\t\t\t\t\t\t\t\t\t<img decoding=\"async\" width=\"7\" height=\"30\" src=\"https:\/\/www.bigstamping.com\/wp-content\/uploads\/2018\/11\/flecha-down.png\" class=\"attachment-large size-large wp-image-34748\" alt=\"\" \/>\t\t\t\t\t\t\t\t\t\t\t\t\t\t\t<\/div>\n\t\t\t\t<\/div>\n\t\t\t\t<section class=\"elementor-section elementor-inner-section elementor-element elementor-element-457e9a3 elementor-section-boxed elementor-section-height-default elementor-section-height-default\" data-id=\"457e9a3\" data-element_type=\"section\">\n\t\t\t\t\t\t<div class=\"elementor-container elementor-column-gap-default\">\n\t\t\t\t\t<div class=\"elementor-column elementor-col-50 elementor-inner-column elementor-element elementor-element-116bf14\" data-id=\"116bf14\" data-element_type=\"column\">\n\t\t\t<div class=\"elementor-widget-wrap elementor-element-populated\">\n\t\t\t\t\t\t<div class=\"elementor-element elementor-element-9b418f5 elementor-widget elementor-widget-text-editor\" data-id=\"9b418f5\" data-element_type=\"widget\" data-widget_type=\"text-editor.default\">\n\t\t\t\t<div class=\"elementor-widget-container\">\n\t\t\t\t\t\t\t\t\t<p>Formati accettati per Disegni Vettoriali:<\/p>\n\t\t\t\t\t\t\t\t<\/div>\n\t\t\t\t<\/div>\n\t\t\t\t\t<\/div>\n\t\t<\/div>\n\t\t\t\t<div class=\"elementor-column elementor-col-50 elementor-inner-column elementor-element elementor-element-1ed565c\" data-id=\"1ed565c\" data-element_type=\"column\">\n\t\t\t<div class=\"elementor-widget-wrap elementor-element-populated\">\n\t\t\t\t\t\t<div class=\"elementor-element elementor-element-7d263aa elementor-widget elementor-widget-image\" data-id=\"7d263aa\" data-element_type=\"widget\" data-widget_type=\"image.default\">\n\t\t\t\t<div class=\"elementor-widget-container\">\n\t\t\t\t\t\t\t\t\t\t\t\t\t\t\t<img decoding=\"async\" width=\"338\" height=\"74\" src=\"https:\/\/www.bigstamping.com\/wp-content\/uploads\/2018\/11\/iconos-formatos-1.png\" class=\"attachment-large size-large wp-image-34760\" alt=\"Formati Bigstamping Icone\" srcset=\"https:\/\/www.bigstamping.com\/wp-content\/uploads\/2018\/11\/iconos-formatos-1.png 338w, https:\/\/www.bigstamping.com\/wp-content\/uploads\/2018\/11\/iconos-formatos-1-300x66.png 300w\" sizes=\"(max-width: 338px) 100vw, 338px\" \/>\t\t\t\t\t\t\t\t\t\t\t\t\t\t\t<\/div>\n\t\t\t\t<\/div>\n\t\t\t\t\t<\/div>\n\t\t<\/div>\n\t\t\t\t\t<\/div>\n\t\t<\/section>\n\t\t\t\t<section class=\"elementor-section elementor-inner-section elementor-element elementor-element-a0dd824 elementor-section-boxed elementor-section-height-default elementor-section-height-default\" data-id=\"a0dd824\" data-element_type=\"section\">\n\t\t\t\t\t\t<div class=\"elementor-container elementor-column-gap-default\">\n\t\t\t\t\t<div class=\"elementor-column elementor-col-50 elementor-inner-column elementor-element elementor-element-cdfd977\" data-id=\"cdfd977\" data-element_type=\"column\">\n\t\t\t<div class=\"elementor-widget-wrap elementor-element-populated\">\n\t\t\t\t\t\t<div class=\"elementor-element elementor-element-c236309 elementor-widget elementor-widget-text-editor\" data-id=\"c236309\" data-element_type=\"widget\" data-widget_type=\"text-editor.default\">\n\t\t\t\t<div class=\"elementor-widget-container\">\n\t\t\t\t\t\t\t\t\t<p>Formati accettati per immagini:<\/p>\n\t\t\t\t\t\t\t\t<\/div>\n\t\t\t\t<\/div>\n\t\t\t\t\t<\/div>\n\t\t<\/div>\n\t\t\t\t<div class=\"elementor-column elementor-col-50 elementor-inner-column elementor-element elementor-element-b513078\" data-id=\"b513078\" data-element_type=\"column\">\n\t\t\t<div class=\"elementor-widget-wrap elementor-element-populated\">\n\t\t\t\t\t\t<div class=\"elementor-element elementor-element-5059ae0 elementor-widget elementor-widget-image\" data-id=\"5059ae0\" data-element_type=\"widget\" data-widget_type=\"image.default\">\n\t\t\t\t<div class=\"elementor-widget-container\">\n\t\t\t\t\t\t\t\t\t\t\t\t\t\t\t<img decoding=\"async\" width=\"268\" height=\"74\" src=\"https:\/\/www.bigstamping.com\/wp-content\/uploads\/2018\/11\/icono-formatos-2.png\" class=\"attachment-large size-large wp-image-34761\" alt=\"Suggerimenti per l&#039;invio di file\" \/>\t\t\t\t\t\t\t\t\t\t\t\t\t\t\t<\/div>\n\t\t\t\t<\/div>\n\t\t\t\t\t<\/div>\n\t\t<\/div>\n\t\t\t\t\t<\/div>\n\t\t<\/section>\n\t\t\t\t<div class=\"elementor-element elementor-element-1103181 elementor-widget elementor-widget-text-editor\" data-id=\"1103181\" data-element_type=\"widget\" data-widget_type=\"text-editor.default\">\n\t\t\t\t<div class=\"elementor-widget-container\">\n\t\t\t\t\t\t\t\t\t<p>Il miglior formato per inviare un\u2019immagine \u00e8 TIFF per\u00f2, se \u00e8 molto pesante, prova con JPG.<br \/>Ovviamente, assicurati che sia nella dimensione finale, inchiostro e risoluzione di 300 Dpi.<\/p>\n\t\t\t\t\t\t\t\t<\/div>\n\t\t\t\t<\/div>\n\t\t\t\t<div class=\"elementor-element elementor-element-ec889ac elementor-align-center elementor-mobile-align-center elementor-widget elementor-widget-button\" data-id=\"ec889ac\" data-element_type=\"widget\" data-widget_type=\"button.default\">\n\t\t\t\t<div class=\"elementor-widget-container\">\n\t\t\t\t\t\t\t\t\t<div class=\"elementor-button-wrapper\">\n\t\t\t\t\t<a class=\"elementor-button elementor-button-link elementor-size-sm elementor-animation-shrink\" href=\"#elementor-action%3Aaction%3Dpopup%3Aopen%26settings%3DeyJpZCI6NDM2OTYsInRvZ2dsZSI6ZmFsc2V9\" target=\"_blank\">\n\t\t\t\t\t\t<span class=\"elementor-button-content-wrapper\">\n\t\t\t\t\t\t\t\t\t<span class=\"elementor-button-text\">COME CAPISCO SE IL MIO DISEGNO<br>E\u2019 CORRETTO O INCORRETTO?<\/span>\n\t\t\t\t\t<\/span>\n\t\t\t\t\t<\/a>\n\t\t\t\t<\/div>\n\t\t\t\t\t\t\t\t<\/div>\n\t\t\t\t<\/div>\n\t\t\t\t<div class=\"elementor-element elementor-element-6f5b123 elementor-widget elementor-widget-heading\" data-id=\"6f5b123\" data-element_type=\"widget\" data-widget_type=\"heading.default\">\n\t\t\t\t<div class=\"elementor-widget-container\">\n\t\t\t\t\t<h2 class=\"elementor-heading-title elementor-size-default\">CONSIGLI DI BASE<\/h2>\t\t\t\t<\/div>\n\t\t\t\t<\/div>\n\t\t\t\t<div class=\"elementor-element elementor-element-690e266 elementor-widget elementor-widget-text-editor\" data-id=\"690e266\" data-element_type=\"widget\" data-widget_type=\"text-editor.default\">\n\t\t\t\t<div class=\"elementor-widget-container\">\n\t\t\t\t\t\t\t\t\t<ol>\n \t<li>Evitate di digitare nomi di file molto lunghi o con caratteri speciali.<\/li>\n \t<li>Quando possibile, utilizzare file vettoriali. Questo tipo di file\nconsente di ingrandire e rimpicciolire senza perdita di qualit\u00e0.<\/li>\n \t<li>Se avete il vostro logo o disegno in Word, Excel o Publisher (programmi non molto\nadatti al design) inviateli in PDF in modo che il web li accetti.<\/li>\n \t<li>Per aiutarvi a caricare i file, abbiamo aggiunto informazioni\nutili sui prodotti in cui \u00e8 necessario farlo (kit e timbri).<\/li>\n \t<li>Leggete attentamente tutte le informazioni!<\/li>\n<\/ol>\t\t\t\t\t\t\t\t<\/div>\n\t\t\t\t<\/div>\n\t\t\t\t<div class=\"elementor-element elementor-element-3ca0571 elementor-widget elementor-widget-text-editor\" data-id=\"3ca0571\" data-element_type=\"widget\" data-widget_type=\"text-editor.default\">\n\t\t\t\t<div class=\"elementor-widget-container\">\n\t\t\t\t\t\t\t\t\t<p>Se abbiamo dei dubbi sul vostro progetto, vi contatteremo o vi invieremo uno schizzo preliminare.<\/p>\n\t\t\t\t\t\t\t\t<\/div>\n\t\t\t\t<\/div>\n\t\t\t\t\t<\/div>\n\t\t<\/div>\n\t\t\t\t\t<\/div>\n\t\t<\/section>\n\t\t\t\t<section class=\"elementor-section elementor-top-section elementor-element elementor-element-7891323 elementor-section-full_width elementor-section-height-min-height elementor-section-height-default elementor-section-items-middle\" data-id=\"7891323\" data-element_type=\"section\" data-settings=\"{&quot;background_background&quot;:&quot;classic&quot;}\">\n\t\t\t\t\t\t<div class=\"elementor-container elementor-column-gap-no\">\n\t\t\t\t\t<div class=\"elementor-column elementor-col-100 elementor-top-column elementor-element elementor-element-3adfb77\" data-id=\"3adfb77\" data-element_type=\"column\">\n\t\t\t<div class=\"elementor-widget-wrap\">\n\t\t\t\t\t\t\t<\/div>\n\t\t<\/div>\n\t\t\t\t\t<\/div>\n\t\t<\/section>\n\t\t\t\t<\/div>\n\t\t","protected":false},"excerpt":{"rendered":"<p>ISTRUZIONI DI INVIO Per essere un nuovo Stamper,ti manca solo inviare il tuo disegno Formati accettati per Disegni Vettoriali: Formati accettati per immagini: Il miglior formato per inviare un\u2019immagine \u00e8 TIFF per\u00f2, se \u00e8 molto pesante, prova con JPG.Ovviamente, assicurati che sia nella dimensione finale, inchiostro e risoluzione di 300 Dpi. COME CAPISCO SE IL [&hellip;]<\/p>\n","protected":false},"author":1,"featured_media":29038,"parent":0,"menu_order":0,"comment_status":"closed","ping_status":"closed","template":"","meta":{"_acf_changed":false,"_genesis_hide_title":false,"_genesis_hide_breadcrumbs":false,"_genesis_hide_singular_image":false,"_genesis_hide_footer_widgets":false,"_genesis_custom_body_class":"","_genesis_custom_post_class":"","_genesis_layout":"","footnotes":""},"class_list":{"0":"post-34759","1":"page","2":"type-page","3":"status-publish","4":"has-post-thumbnail","6":"entry"},"acf":[],"yoast_head":"<!-- This site is optimized with the Yoast SEO plugin v26.7 - https:\/\/yoast.com\/wordpress\/plugins\/seo\/ -->\n<title>Suggerimenti per l&#039;invio di file - BigStamping<\/title>\n<meta name=\"description\" content=\"In questa sezione vi offriamo suggerimenti per l&#039;invio di file. Con loro, saremo in grado di personalizzare il vostro Bigstamping e raggiungere il risultato che state cercando\" \/>\n<meta name=\"robots\" content=\"index, follow, max-snippet:-1, max-image-preview:large, max-video-preview:-1\" \/>\n<link rel=\"canonical\" href=\"https:\/\/www.bigstamping.com\/it\/suggerimenti-per-linvio-di-file\/\" \/>\n<meta property=\"og:locale\" content=\"it_IT\" \/>\n<meta property=\"og:type\" content=\"article\" \/>\n<meta property=\"og:title\" content=\"Suggerimenti per l&#039;invio di file - BigStamping\" \/>\n<meta property=\"og:description\" content=\"In questa sezione vi offriamo suggerimenti per l&#039;invio di file. Con loro, saremo in grado di personalizzare il vostro Bigstamping e raggiungere il risultato che state cercando\" \/>\n<meta property=\"og:url\" content=\"https:\/\/www.bigstamping.com\/it\/suggerimenti-per-linvio-di-file\/\" \/>\n<meta property=\"og:site_name\" content=\"BigStamping\" \/>\n<meta property=\"article:publisher\" content=\"https:\/\/www.facebook.com\/Bigstamping-241206903231462\/\" \/>\n<meta property=\"article:modified_time\" content=\"2024-06-14T16:44:34+00:00\" \/>\n<meta property=\"og:image\" content=\"https:\/\/www.bigstamping.com\/wp-content\/uploads\/2018\/11\/big-stamping-en-bolsa.jpg\" \/>\n\t<meta property=\"og:image:width\" content=\"360\" \/>\n\t<meta property=\"og:image:height\" content=\"360\" \/>\n\t<meta property=\"og:image:type\" content=\"image\/jpeg\" \/>\n<meta name=\"twitter:card\" content=\"summary_large_image\" \/>\n<meta name=\"twitter:site\" content=\"@Bigstamping\" \/>\n<meta name=\"twitter:label1\" content=\"Tempo di lettura stimato\" \/>\n\t<meta name=\"twitter:data1\" content=\"2 minuti\" \/>\n<script type=\"application\/ld+json\" class=\"yoast-schema-graph\">{\"@context\":\"https:\/\/schema.org\",\"@graph\":[{\"@type\":\"WebPage\",\"@id\":\"https:\/\/www.bigstamping.com\/it\/suggerimenti-per-linvio-di-file\/\",\"url\":\"https:\/\/www.bigstamping.com\/it\/suggerimenti-per-linvio-di-file\/\",\"name\":\"Suggerimenti per l'invio di file - BigStamping\",\"isPartOf\":{\"@id\":\"https:\/\/www.bigstamping.com\/#website\"},\"primaryImageOfPage\":{\"@id\":\"https:\/\/www.bigstamping.com\/it\/suggerimenti-per-linvio-di-file\/#primaryimage\"},\"image\":{\"@id\":\"https:\/\/www.bigstamping.com\/it\/suggerimenti-per-linvio-di-file\/#primaryimage\"},\"thumbnailUrl\":\"https:\/\/www.bigstamping.com\/wp-content\/uploads\/2018\/11\/big-stamping-en-bolsa.jpg\",\"datePublished\":\"2021-01-15T17:58:42+00:00\",\"dateModified\":\"2024-06-14T16:44:34+00:00\",\"description\":\"In questa sezione vi offriamo suggerimenti per l'invio di file. Con loro, saremo in grado di personalizzare il vostro Bigstamping e raggiungere il risultato che state cercando\",\"breadcrumb\":{\"@id\":\"https:\/\/www.bigstamping.com\/it\/suggerimenti-per-linvio-di-file\/#breadcrumb\"},\"inLanguage\":\"it-IT\",\"potentialAction\":[{\"@type\":\"ReadAction\",\"target\":[\"https:\/\/www.bigstamping.com\/it\/suggerimenti-per-linvio-di-file\/\"]}]},{\"@type\":\"ImageObject\",\"inLanguage\":\"it-IT\",\"@id\":\"https:\/\/www.bigstamping.com\/it\/suggerimenti-per-linvio-di-file\/#primaryimage\",\"url\":\"https:\/\/www.bigstamping.com\/wp-content\/uploads\/2018\/11\/big-stamping-en-bolsa.jpg\",\"contentUrl\":\"https:\/\/www.bigstamping.com\/wp-content\/uploads\/2018\/11\/big-stamping-en-bolsa.jpg\",\"width\":360,\"height\":360,\"caption\":\"Suggerimenti per l'invio di file\"},{\"@type\":\"BreadcrumbList\",\"@id\":\"https:\/\/www.bigstamping.com\/it\/suggerimenti-per-linvio-di-file\/#breadcrumb\",\"itemListElement\":[{\"@type\":\"ListItem\",\"position\":1,\"name\":\"Portada\",\"item\":\"https:\/\/www.bigstamping.com\/en\/\"},{\"@type\":\"ListItem\",\"position\":2,\"name\":\"Suggerimenti per l&#8217;invio di file\"}]},{\"@type\":\"WebSite\",\"@id\":\"https:\/\/www.bigstamping.com\/#website\",\"url\":\"https:\/\/www.bigstamping.com\/\",\"name\":\"BigStamping\",\"description\":\"Sellos de gran tama\u00f1o para stampear\",\"publisher\":{\"@id\":\"https:\/\/www.bigstamping.com\/#organization\"},\"potentialAction\":[{\"@type\":\"SearchAction\",\"target\":{\"@type\":\"EntryPoint\",\"urlTemplate\":\"https:\/\/www.bigstamping.com\/?s={search_term_string}\"},\"query-input\":{\"@type\":\"PropertyValueSpecification\",\"valueRequired\":true,\"valueName\":\"search_term_string\"}}],\"inLanguage\":\"it-IT\"},{\"@type\":\"Organization\",\"@id\":\"https:\/\/www.bigstamping.com\/#organization\",\"name\":\"BigStamping\",\"url\":\"https:\/\/www.bigstamping.com\/\",\"logo\":{\"@type\":\"ImageObject\",\"inLanguage\":\"it-IT\",\"@id\":\"https:\/\/www.bigstamping.com\/#\/schema\/logo\/image\/\",\"url\":\"https:\/\/www.bigstamping.com\/wp-content\/uploads\/2018\/12\/big-stamper-amarillo.jpg\",\"contentUrl\":\"https:\/\/www.bigstamping.com\/wp-content\/uploads\/2018\/12\/big-stamper-amarillo.jpg\",\"width\":293,\"height\":300,\"caption\":\"BigStamping\"},\"image\":{\"@id\":\"https:\/\/www.bigstamping.com\/#\/schema\/logo\/image\/\"},\"sameAs\":[\"https:\/\/www.facebook.com\/Bigstamping-241206903231462\/\",\"https:\/\/x.com\/Bigstamping\",\"https:\/\/www.instagram.com\/bigstamping\/\",\"https:\/\/www.youtube.com\/channel\/UC_l3jNsBYYC-Ds9pzcZy_Vg\"]}]}<\/script>\n<!-- \/ Yoast SEO plugin. -->","yoast_head_json":{"title":"Suggerimenti per l'invio di file - BigStamping","description":"In questa sezione vi offriamo suggerimenti per l'invio di file. Con loro, saremo in grado di personalizzare il vostro Bigstamping e raggiungere il risultato che state cercando","robots":{"index":"index","follow":"follow","max-snippet":"max-snippet:-1","max-image-preview":"max-image-preview:large","max-video-preview":"max-video-preview:-1"},"canonical":"https:\/\/www.bigstamping.com\/it\/suggerimenti-per-linvio-di-file\/","og_locale":"it_IT","og_type":"article","og_title":"Suggerimenti per l'invio di file - BigStamping","og_description":"In questa sezione vi offriamo suggerimenti per l'invio di file. Con loro, saremo in grado di personalizzare il vostro Bigstamping e raggiungere il risultato che state cercando","og_url":"https:\/\/www.bigstamping.com\/it\/suggerimenti-per-linvio-di-file\/","og_site_name":"BigStamping","article_publisher":"https:\/\/www.facebook.com\/Bigstamping-241206903231462\/","article_modified_time":"2024-06-14T16:44:34+00:00","og_image":[{"width":360,"height":360,"url":"https:\/\/www.bigstamping.com\/wp-content\/uploads\/2018\/11\/big-stamping-en-bolsa.jpg","type":"image\/jpeg"}],"twitter_card":"summary_large_image","twitter_site":"@Bigstamping","twitter_misc":{"Tempo di lettura stimato":"2 minuti"},"schema":{"@context":"https:\/\/schema.org","@graph":[{"@type":"WebPage","@id":"https:\/\/www.bigstamping.com\/it\/suggerimenti-per-linvio-di-file\/","url":"https:\/\/www.bigstamping.com\/it\/suggerimenti-per-linvio-di-file\/","name":"Suggerimenti per l'invio di file - BigStamping","isPartOf":{"@id":"https:\/\/www.bigstamping.com\/#website"},"primaryImageOfPage":{"@id":"https:\/\/www.bigstamping.com\/it\/suggerimenti-per-linvio-di-file\/#primaryimage"},"image":{"@id":"https:\/\/www.bigstamping.com\/it\/suggerimenti-per-linvio-di-file\/#primaryimage"},"thumbnailUrl":"https:\/\/www.bigstamping.com\/wp-content\/uploads\/2018\/11\/big-stamping-en-bolsa.jpg","datePublished":"2021-01-15T17:58:42+00:00","dateModified":"2024-06-14T16:44:34+00:00","description":"In questa sezione vi offriamo suggerimenti per l'invio di file. Con loro, saremo in grado di personalizzare il vostro Bigstamping e raggiungere il risultato che state cercando","breadcrumb":{"@id":"https:\/\/www.bigstamping.com\/it\/suggerimenti-per-linvio-di-file\/#breadcrumb"},"inLanguage":"it-IT","potentialAction":[{"@type":"ReadAction","target":["https:\/\/www.bigstamping.com\/it\/suggerimenti-per-linvio-di-file\/"]}]},{"@type":"ImageObject","inLanguage":"it-IT","@id":"https:\/\/www.bigstamping.com\/it\/suggerimenti-per-linvio-di-file\/#primaryimage","url":"https:\/\/www.bigstamping.com\/wp-content\/uploads\/2018\/11\/big-stamping-en-bolsa.jpg","contentUrl":"https:\/\/www.bigstamping.com\/wp-content\/uploads\/2018\/11\/big-stamping-en-bolsa.jpg","width":360,"height":360,"caption":"Suggerimenti per l'invio di file"},{"@type":"BreadcrumbList","@id":"https:\/\/www.bigstamping.com\/it\/suggerimenti-per-linvio-di-file\/#breadcrumb","itemListElement":[{"@type":"ListItem","position":1,"name":"Portada","item":"https:\/\/www.bigstamping.com\/en\/"},{"@type":"ListItem","position":2,"name":"Suggerimenti per l&#8217;invio di file"}]},{"@type":"WebSite","@id":"https:\/\/www.bigstamping.com\/#website","url":"https:\/\/www.bigstamping.com\/","name":"BigStamping","description":"Sellos de gran tama\u00f1o para stampear","publisher":{"@id":"https:\/\/www.bigstamping.com\/#organization"},"potentialAction":[{"@type":"SearchAction","target":{"@type":"EntryPoint","urlTemplate":"https:\/\/www.bigstamping.com\/?s={search_term_string}"},"query-input":{"@type":"PropertyValueSpecification","valueRequired":true,"valueName":"search_term_string"}}],"inLanguage":"it-IT"},{"@type":"Organization","@id":"https:\/\/www.bigstamping.com\/#organization","name":"BigStamping","url":"https:\/\/www.bigstamping.com\/","logo":{"@type":"ImageObject","inLanguage":"it-IT","@id":"https:\/\/www.bigstamping.com\/#\/schema\/logo\/image\/","url":"https:\/\/www.bigstamping.com\/wp-content\/uploads\/2018\/12\/big-stamper-amarillo.jpg","contentUrl":"https:\/\/www.bigstamping.com\/wp-content\/uploads\/2018\/12\/big-stamper-amarillo.jpg","width":293,"height":300,"caption":"BigStamping"},"image":{"@id":"https:\/\/www.bigstamping.com\/#\/schema\/logo\/image\/"},"sameAs":["https:\/\/www.facebook.com\/Bigstamping-241206903231462\/","https:\/\/x.com\/Bigstamping","https:\/\/www.instagram.com\/bigstamping\/","https:\/\/www.youtube.com\/channel\/UC_l3jNsBYYC-Ds9pzcZy_Vg"]}]}},"_links":{"self":[{"href":"https:\/\/www.bigstamping.com\/it\/wp-json\/wp\/v2\/pages\/34759","targetHints":{"allow":["GET"]}}],"collection":[{"href":"https:\/\/www.bigstamping.com\/it\/wp-json\/wp\/v2\/pages"}],"about":[{"href":"https:\/\/www.bigstamping.com\/it\/wp-json\/wp\/v2\/types\/page"}],"author":[{"embeddable":true,"href":"https:\/\/www.bigstamping.com\/it\/wp-json\/wp\/v2\/users\/1"}],"replies":[{"embeddable":true,"href":"https:\/\/www.bigstamping.com\/it\/wp-json\/wp\/v2\/comments?post=34759"}],"version-history":[{"count":0,"href":"https:\/\/www.bigstamping.com\/it\/wp-json\/wp\/v2\/pages\/34759\/revisions"}],"wp:featuredmedia":[{"embeddable":true,"href":"https:\/\/www.bigstamping.com\/it\/wp-json\/wp\/v2\/media\/29038"}],"wp:attachment":[{"href":"https:\/\/www.bigstamping.com\/it\/wp-json\/wp\/v2\/media?parent=34759"}],"curies":[{"name":"wp","href":"https:\/\/api.w.org\/{rel}","templated":true}]}}