{"id":417981,"date":"2022-11-16T20:37:01","date_gmt":"2022-11-16T18:37:01","guid":{"rendered":"https:\/\/www.bigstamping.com\/aviso-legal\/"},"modified":"2023-08-18T13:40:49","modified_gmt":"2023-08-18T11:40:49","slug":"aviso-legal","status":"publish","type":"page","link":"https:\/\/www.bigstamping.com\/it\/aviso-legal\/","title":{"rendered":"AVVISO LEGALE"},"content":{"rendered":"\t\t<div data-elementor-type=\"wp-page\" data-elementor-id=\"417981\" class=\"elementor elementor-417981 elementor-416219\" data-elementor-post-type=\"page\">\n\t\t\t\t\t\t<section class=\"elementor-section elementor-top-section elementor-element elementor-element-50906c6 elementor-section-full_width elementor-section-stretched elementor-section-height-default elementor-section-height-default\" data-id=\"50906c6\" data-element_type=\"section\" data-settings=\"{&quot;background_background&quot;:&quot;classic&quot;,&quot;stretch_section&quot;:&quot;section-stretched&quot;}\">\n\t\t\t\t\t\t<div class=\"elementor-container elementor-column-gap-no\">\n\t\t\t\t\t<div class=\"elementor-column elementor-col-100 elementor-top-column elementor-element elementor-element-e9979f7\" data-id=\"e9979f7\" data-element_type=\"column\">\n\t\t\t<div class=\"elementor-widget-wrap elementor-element-populated\">\n\t\t\t\t\t\t<div class=\"elementor-element elementor-element-f632127 elementor-widget elementor-widget-spacer\" data-id=\"f632127\" data-element_type=\"widget\" data-widget_type=\"spacer.default\">\n\t\t\t\t<div class=\"elementor-widget-container\">\n\t\t\t\t\t\t\t<div class=\"elementor-spacer\">\n\t\t\t<div class=\"elementor-spacer-inner\"><\/div>\n\t\t<\/div>\n\t\t\t\t\t\t<\/div>\n\t\t\t\t<\/div>\n\t\t\t\t<div class=\"elementor-element elementor-element-476b5eb elementor-widget elementor-widget-image\" data-id=\"476b5eb\" data-element_type=\"widget\" data-widget_type=\"image.default\">\n\t\t\t\t<div class=\"elementor-widget-container\">\n\t\t\t\t\t\t\t\t\t\t\t\t\t\t\t<img fetchpriority=\"high\" decoding=\"async\" width=\"1024\" height=\"397\" src=\"https:\/\/www.bigstamping.com\/wp-content\/uploads\/2018\/11\/think-big-blanco-1024x397.png\" class=\"attachment-large size-large wp-image-34773\" alt=\"pensare-grande segno bianco BigStamping\" srcset=\"https:\/\/www.bigstamping.com\/wp-content\/uploads\/2018\/11\/think-big-blanco-1024x397.png 1024w, https:\/\/www.bigstamping.com\/wp-content\/uploads\/2018\/11\/think-big-blanco-300x116.png 300w, https:\/\/www.bigstamping.com\/wp-content\/uploads\/2018\/11\/think-big-blanco-768x298.png 768w, https:\/\/www.bigstamping.com\/wp-content\/uploads\/2018\/11\/think-big-blanco-600x233.png 600w\" sizes=\"(max-width: 1024px) 100vw, 1024px\" \/>\t\t\t\t\t\t\t\t\t\t\t\t\t\t\t<\/div>\n\t\t\t\t<\/div>\n\t\t\t\t<div class=\"elementor-element elementor-element-e1d7d0a elementor-widget elementor-widget-heading\" data-id=\"e1d7d0a\" data-element_type=\"widget\" data-widget_type=\"heading.default\">\n\t\t\t\t<div class=\"elementor-widget-container\">\n\t\t\t\t\t<h1 class=\"elementor-heading-title elementor-size-default\">AVVISO LEGALE\n<\/h1>\t\t\t\t<\/div>\n\t\t\t\t<\/div>\n\t\t\t\t\t<\/div>\n\t\t<\/div>\n\t\t\t\t\t<\/div>\n\t\t<\/section>\n\t\t\t\t<section class=\"elementor-section elementor-top-section elementor-element elementor-element-4a02e34e elementor-section-boxed elementor-section-height-default elementor-section-height-default\" data-id=\"4a02e34e\" data-element_type=\"section\">\n\t\t\t\t\t\t<div class=\"elementor-container elementor-column-gap-default\">\n\t\t\t\t\t<div class=\"elementor-column elementor-col-100 elementor-top-column elementor-element elementor-element-50eddff\" data-id=\"50eddff\" data-element_type=\"column\">\n\t\t\t<div class=\"elementor-widget-wrap elementor-element-populated\">\n\t\t\t\t\t\t<div class=\"elementor-element elementor-element-2840f2a5 elementor-widget elementor-widget-text-editor\" data-id=\"2840f2a5\" data-element_type=\"widget\" data-widget_type=\"text-editor.default\">\n\t\t\t\t<div class=\"elementor-widget-container\">\n\t\t\t\t\t\t\t\t\t<p><strong><u><span><span>01&nbsp;<\/span><\/span><\/u><\/strong><strong><u><span><span>.&nbsp;<\/span><\/span><\/u><\/strong><strong><u><span>&#8211; Introduzione<\/span><\/u><\/strong><\/p>\n<p><span>Lo scopo del presente documento \u00e8 quello di stabilire e disciplinare le regole di utilizzo del Sito&nbsp;<a href=\"https:\/\/translate.google.com\/website?sl=auto&amp;tl=it&amp;hl=es&amp;client=webapp&amp;u=http:\/\/www.bigstamping.com\/\">https:\/\/www.bigstamping.com\/ (di seguito il &#8216;Sito&#8217;), intendendo per Sito tutte le pagine e i loro contenuti di propriet\u00e0 di&nbsp;<\/a><\/span>BigStamping SL&nbsp;<span>&nbsp;( di seguito BIGSTAMPING), a cui si accede attraverso il dominio&nbsp;<u>https:\/\/www.bigstamping.com\/&nbsp;<\/u><a href=\"https:\/\/translate.google.com\/website?sl=auto&amp;tl=it&amp;hl=es&amp;client=webapp&amp;u=http:\/\/www.bigstamping.com\/\">e<\/a>&nbsp;i suoi sottodomini.<\/span><u><\/u><\/p>\n<p><span>L&#8217;utilizzo del Sito attribuisce la condizione di utente dello stesso e implica l&#8217;accettazione di tutte le condizioni incluse nel presente Avviso Legale.&nbsp;L&#8217;utente si impegna a leggere attentamente il presente Avviso Legale in ciascuna delle occasioni in cui intende utilizzare il Sito, poich\u00e9 esso e le sue condizioni d&#8217;uso contenute nel presente Avviso Legale possono essere modificate.<\/span><\/p>\n<p><\/p>\n<p><strong><u><span>02&nbsp;<\/span><\/u><\/strong><strong><u><span>.&nbsp;<\/span><\/u><\/strong><strong><u><span>\u2013 Propriet\u00e0 del sito web<\/span><\/u><\/strong><\/p>\n<p><span>Il proprietario di questo sito \u00e8&nbsp;<\/span>BigStamping SL&nbsp;<span>,&nbsp;&nbsp;<\/span><span>con CIF B10607307 e indirizzo presso Pol\u00edgono Industrial Pagusa, C\/ Labrador, 13 \u2013 41007 Sevilla<\/span><\/p>\n<p><span>Registrato in RM di SEVILLA T 7252, F 106, S 8, H SE135407, I\/A 1<\/span><\/p>\n<p><span>Telefono: 954999492<\/span><\/p>\n<p><span>E-mail:&nbsp;<\/span><a href=\"mailto:info@bigstamping.com?_x_tr_sl=auto&amp;_x_tr_tl=it&amp;_x_tr_hl=es&amp;_x_tr_pto=wapp\"><span>info@bigstamping.com<\/span><\/a><\/p>\n<p><\/p>\n<p><strong><u><span>03&nbsp;<\/span><\/u><\/strong><strong><u><span>.&nbsp;<\/span><\/u><\/strong><strong><u><span>\u2013 Propriet\u00e0 Intellettuale e Industriale<\/span><\/u><\/strong><\/p>\n<p><span>I diritti di propriet\u00e0 intellettuale di questo sito sono di propriet\u00e0 di&nbsp;<\/span>BigStamping SL&nbsp;<span>&nbsp;(&#8220;BIGSTAMPING&#8221;).<\/span><\/p>\n<p><span>La riproduzione, distribuzione, commercializzazione o trasformazione non autorizzata, in tutto o in parte, del contenuto del Sito, a meno che non sia per uso personale e privato, costituisce una violazione dei diritti di propriet\u00e0 intellettuale di BIGSTAMPING.&nbsp;Sono altres\u00ec tutelati dalla Legge tutti i marchi o segni distintivi di qualsiasi natura contenuti nel Sito. L&#8217;uso non autorizzato delle informazioni contenute in questo Sito, nonch\u00e9 i danni arrecati ai diritti di propriet\u00e0 intellettuale e industriale di BIGSTAMPING, possono dar luogo a l&#8217;esercizio delle azioni che legalmente corrispondono e, se del caso, le responsabilit\u00e0 derivate.<\/span><\/p>\n<p><\/p>\n<p><strong><u><span>04&nbsp;<\/span><\/u><\/strong><strong><u><span>.&nbsp;<\/span><\/u><\/strong><strong><u><span>\u2013 Esclusione di responsabilit\u00e0<\/span><\/u><\/strong><\/p>\n<p><span>I contenuti, le informazioni e\/oi consigli espressi in questo Sito devono intendersi meramente indicativi.&nbsp;BIGSTAMPING non \u00e8 in alcun modo responsabile della loro efficacia o accuratezza, essendo esente da ogni responsabilit\u00e0 contrattuale o extracontrattuale con gli utenti che ne fanno uso, poich\u00e9 sono loro che devono decidere secondo i propri criteri l&#8217;opportunit\u00e0 degli stessi.<\/span><\/p>\n<p><span>Su questo Sito possono essere pubblicati contenuti forniti da soggetti terzi o societ\u00e0, BIGSTAMPING non \u00e8 responsabile della veridicit\u00e0 e correttezza degli stessi, essendo esente da qualsiasi responsabilit\u00e0 contrattuale ed extracontrattuale nei confronti degli utenti che ne fanno uso.<\/span><\/p>\n<p><span>BIGSTAMPING si riserva il diritto di modificare il contenuto del Sito senza preavviso e senza alcun tipo di limitazione.<\/span><\/p>\n<p><span>BIGSTAMPING declina ogni responsabilit\u00e0 per eventuali danni che possano essere causati dalla mancata disponibilit\u00e0 o continuit\u00e0 di questo Sito e dei servizi offerti.&nbsp;BIGSTAMPING non garantisce l&#8217;assenza di virus o altri elementi sul Web che potrebbero causare alterazioni nel sistema informatico.&nbsp;BIGSTAMPING declina ogni responsabilit\u00e0 contrattuale o extracontrattuale nei confronti degli utenti che ne fanno uso e subiscano danni di qualsiasi natura causati da virus informatici o elementi informatici di qualsiasi tipo.<\/span><\/p>\n<p><\/p>\n<p><strong><u><span>05&nbsp;<\/span><\/u><\/strong><strong><u><span>.&nbsp;<\/span><\/u><\/strong><strong><u><span>\u2013 Condizioni di utilizzo del Sito per gli utenti<\/span><\/u><\/strong><\/p>\n<p><span>L&#8217;accesso a questo Sito \u00e8 gratuito ad eccezione del costo della connessione attraverso la rete di telecomunicazioni fornita dal fornitore di accesso contrattato dagli utenti.<\/span>&nbsp;<\/p>\n<p><\/p>\n<p><span>BIGSTAMPING attualmente non ha alcuna conoscenza effettiva che l&#8217;attivit\u00e0 o le informazioni a cui si riferiscono o raccomandano sia illegale o che danneggi propriet\u00e0 o diritti di terzi soggetti a risarcimento.<\/span><\/p>\n<p><span>Se BIGSTAMPING viene a conoscenza che uno qualsiasi dei collegamenti \u00e8 illegale, agir\u00e0 diligentemente per rimuovere o disabilitare il collegamento corrispondente.&nbsp;In tal senso, nessun organo competente ha dichiarato l&#8217;illegittimit\u00e0 dei dati, ne ha ordinato il ritiro o ne ha reso impossibile l&#8217;accesso.<\/span><\/p>\n<p><span>\u00c8 espressamente vietato utilizzare il Sito per scopi che ledano la propriet\u00e0 o gli interessi di BIGSTAMPING o di terzi o che in qualsiasi altro modo sovraccaricano, danneggiano o disabilitano le reti, i server e altre apparecchiature informatiche (hardware) o prodotti e applicazioni informatiche (software ) di BIGSTAMPING o di terzi.&nbsp;Nel caso in cui l&#8217;utente sia a conoscenza del fatto che i Siti Collegati rimandano a pagine i cui contenuti o servizi sono illegali, dannosi, umilianti, violenti o contrari al buon costume, saremmo grati se contattasse BIGSTAMPING.<\/span><\/p>\n<p><\/p>\n<p><strong><u><span>06&nbsp;<\/span><\/u><\/strong><strong><u><span>.&nbsp;<\/span><\/u><\/strong><strong><u><span>\u2013 Forum, commenti e opinioni<\/span><\/u><\/strong><\/p>\n<p><span>Nel caso in cui siano abilitate le sezioni Forum, Commenti e Opinioni, quelle formulate da persone esterne a BIGSTAMPING saranno rese sotto la loro sola ed esclusiva responsabilit\u00e0.&nbsp;I partecipanti ai forum si impegnano a utilizzarli in conformit\u00e0 con la legge, le condizioni generali riportate nel presente Avviso legale, nonch\u00e9 la moralit\u00e0 e le buone consuetudini generalmente accettate.&nbsp;I partecipanti ai forum si impegnano a risarcire BIGSTAMPING per qualsiasi danno o perdita che possa essere causata dall&#8217;utilizzo dei forum, in violazione delle presenti condizioni generali e\/o della normativa vigente.&nbsp;BIGSTAMPING non \u00e8 responsabile della veridicit\u00e0 e correttezza delle opinioni espresse nei forum, essendo esente da qualsiasi responsabilit\u00e0 contrattuale o extracontrattuale nei confronti della persona o societ\u00e0 che ne fa uso.&nbsp;\u00c8 vietato l&#8217;invio di qualsiasi contenuto o opinione che violi la normativa vigente e\/oi legittimi diritti di altre persone.&nbsp;BIGSTAMPING si riserva il diritto di adottare le misure legali che riterr\u00e0 opportune.&nbsp;BIGSTAMPING si riserva il diritto di ammettere e\/o cancellare qualsiasi opinione e\/o utente, senza preavviso e senza alcuna giustificazione o compenso di sorta.&nbsp;BIGSTAMPING si riserva il diritto di modificare il testo delle opinioni espresse per adattarle alle caratteristiche di ogni specifico forum.&nbsp;BIGSTAMPING si riserva di attribuire il parere alla sezione e\/o sottosezione che riterr\u00e0 pi\u00f9 opportuna.&nbsp;BIGSTAMPING si riserva il diritto di adottare le misure legali che riterr\u00e0 opportune.&nbsp;BIGSTAMPING si riserva il diritto di ammettere e\/o cancellare qualsiasi opinione e\/o utente, senza preavviso e senza alcuna giustificazione o compenso di sorta.&nbsp;BIGSTAMPING si riserva il diritto di modificare il testo delle opinioni espresse per adattarle alle caratteristiche di ogni specifico forum.&nbsp;BIGSTAMPING si riserva di attribuire il parere alla sezione e\/o sottosezione che riterr\u00e0 pi\u00f9 opportuna.&nbsp;BIGSTAMPING si riserva il diritto di adottare le misure legali che riterr\u00e0 opportune.&nbsp;BIGSTAMPING si riserva il diritto di ammettere e\/o cancellare qualsiasi opinione e\/o utente, senza preavviso e senza alcuna giustificazione o compenso di sorta.&nbsp;BIGSTAMPING si riserva il diritto di modificare il testo delle opinioni espresse per adattarle alle caratteristiche di ogni specifico forum.&nbsp;BIGSTAMPING si riserva di attribuire il parere alla sezione e\/o sottosezione che riterr\u00e0 pi\u00f9 opportuna.&nbsp;BIGSTAMPING si riserva il diritto di modificare il testo delle opinioni espresse per adattarle alle caratteristiche di ogni specifico forum.&nbsp;BIGSTAMPING si riserva di attribuire il parere alla sezione e\/o sottosezione che riterr\u00e0 pi\u00f9 opportuna.&nbsp;BIGSTAMPING si riserva il diritto di modificare il testo delle opinioni espresse per adattarle alle caratteristiche di ogni specifico forum.&nbsp;BIGSTAMPING si riserva di attribuire il parere alla sezione e\/o sottosezione che riterr\u00e0 pi\u00f9 opportuna.<\/span><\/p>\n<p><span>Se ritieni che qualsiasi contenuto e\/o informazione su questo Sito violi un diritto legittimo o la legislazione vigente, ti saremmo grati se contattassi BIGSTAMPING in modo che possiamo prendere le misure appropriate.<\/span><\/p>\n<p><\/p>\n<p><strong><u><span>07&nbsp;<\/span><\/u><\/strong><strong><u><span>.&nbsp;<\/span><\/u><\/strong><strong><u><span>&#8211; Legislazione<\/span><\/u><\/strong><\/p>\n<p><span>Il presente Avviso Legale \u00e8 disciplinato in tutti i suoi estremi dalla Legislazione Spagnola.<\/span><\/p>\n<p><\/p>\n<p><strong><u><span>08&nbsp;<\/span><\/u><\/strong><strong><u><span>.&nbsp;<\/span><\/u><\/strong><strong><u><span>&#8211; Contattaci<\/span><\/u><\/strong><\/p>\n<p><span>In caso di domande sulle condizioni riportate nel presente Avviso legale o se si desidera fornire suggerimenti o raccomandazioni, si prega di contattarci tramite il modulo di contatto o via e-mail all&#8217;indirizzo&nbsp;<\/span><a href=\"mailto:info@bigstamping.com?_x_tr_sl=auto&amp;_x_tr_tl=it&amp;_x_tr_hl=es&amp;_x_tr_pto=wapp\"><span>info@bigstamping.com<\/span><\/a><span>&nbsp;.<\/span><\/p>\t\t\t\t\t\t\t\t<\/div>\n\t\t\t\t<\/div>\n\t\t\t\t\t<\/div>\n\t\t<\/div>\n\t\t\t\t\t<\/div>\n\t\t<\/section>\n\t\t\t\t<\/div>\n\t\t","protected":false},"excerpt":{"rendered":"<p>AVVISO LEGALE 01&nbsp;.&nbsp;&#8211; Introduzione Lo scopo del presente documento \u00e8 quello di stabilire e disciplinare le regole di utilizzo del Sito&nbsp;https:\/\/www.bigstamping.com\/ (di seguito il &#8216;Sito&#8217;), intendendo per Sito tutte le pagine e i loro contenuti di propriet\u00e0 di&nbsp;BigStamping SL&nbsp;&nbsp;( di seguito BIGSTAMPING), a cui si accede attraverso il dominio&nbsp;https:\/\/www.bigstamping.com\/&nbsp;e&nbsp;i suoi sottodomini. L&#8217;utilizzo del Sito attribuisce [&hellip;]<\/p>\n","protected":false},"author":1,"featured_media":0,"parent":0,"menu_order":0,"comment_status":"closed","ping_status":"closed","template":"","meta":{"_acf_changed":false,"_genesis_hide_title":false,"_genesis_hide_breadcrumbs":false,"_genesis_hide_singular_image":false,"_genesis_hide_footer_widgets":false,"_genesis_custom_body_class":"","_genesis_custom_post_class":"","_genesis_layout":"","footnotes":""},"class_list":{"0":"post-417981","1":"page","2":"type-page","3":"status-publish","5":"entry"},"acf":[],"yoast_head":"<!-- This site is optimized with the Yoast SEO plugin v26.7 - https:\/\/yoast.com\/wordpress\/plugins\/seo\/ -->\n<title>AVVISO LEGALE - BigStamping<\/title>\n<meta name=\"description\" content=\"P\u00e1gina con el Aviso Legal de la web www.bigstamping.com exigido por la normativa de protecci\u00f3n de datos.\" \/>\n<meta name=\"robots\" content=\"noindex, nofollow\" \/>\n<meta property=\"og:locale\" content=\"it_IT\" \/>\n<meta property=\"og:type\" content=\"article\" \/>\n<meta property=\"og:title\" content=\"AVVISO LEGALE - BigStamping\" \/>\n<meta property=\"og:description\" content=\"P\u00e1gina con el Aviso Legal de la web www.bigstamping.com exigido por la normativa de protecci\u00f3n de datos.\" \/>\n<meta property=\"og:url\" content=\"https:\/\/www.bigstamping.com\/it\/aviso-legal\/\" \/>\n<meta property=\"og:site_name\" content=\"BigStamping\" \/>\n<meta property=\"article:publisher\" content=\"https:\/\/www.facebook.com\/Bigstamping-241206903231462\/\" \/>\n<meta property=\"article:modified_time\" content=\"2023-08-18T11:40:49+00:00\" \/>\n<meta property=\"og:image\" content=\"https:\/\/www.bigstamping.com\/wp-content\/uploads\/2018\/11\/think-big-blanco-1024x397.png\" \/>\n<meta name=\"twitter:card\" content=\"summary_large_image\" \/>\n<meta name=\"twitter:site\" content=\"@Bigstamping\" \/>\n<meta name=\"twitter:label1\" content=\"Tempo di lettura stimato\" \/>\n\t<meta name=\"twitter:data1\" content=\"7 minuti\" \/>\n<script type=\"application\/ld+json\" class=\"yoast-schema-graph\">{\"@context\":\"https:\/\/schema.org\",\"@graph\":[{\"@type\":\"WebPage\",\"@id\":\"https:\/\/www.bigstamping.com\/it\/aviso-legal\/\",\"url\":\"https:\/\/www.bigstamping.com\/it\/aviso-legal\/\",\"name\":\"AVVISO LEGALE - BigStamping\",\"isPartOf\":{\"@id\":\"https:\/\/www.bigstamping.com\/#website\"},\"primaryImageOfPage\":{\"@id\":\"https:\/\/www.bigstamping.com\/it\/aviso-legal\/#primaryimage\"},\"image\":{\"@id\":\"https:\/\/www.bigstamping.com\/it\/aviso-legal\/#primaryimage\"},\"thumbnailUrl\":\"https:\/\/www.bigstamping.com\/wp-content\/uploads\/2018\/11\/think-big-blanco-1024x397.png\",\"datePublished\":\"2022-11-16T18:37:01+00:00\",\"dateModified\":\"2023-08-18T11:40:49+00:00\",\"description\":\"P\u00e1gina con el Aviso Legal de la web www.bigstamping.com exigido por la normativa de protecci\u00f3n de datos.\",\"breadcrumb\":{\"@id\":\"https:\/\/www.bigstamping.com\/it\/aviso-legal\/#breadcrumb\"},\"inLanguage\":\"it-IT\",\"potentialAction\":[{\"@type\":\"ReadAction\",\"target\":[\"https:\/\/www.bigstamping.com\/it\/aviso-legal\/\"]}]},{\"@type\":\"ImageObject\",\"inLanguage\":\"it-IT\",\"@id\":\"https:\/\/www.bigstamping.com\/it\/aviso-legal\/#primaryimage\",\"url\":\"https:\/\/www.bigstamping.com\/wp-content\/uploads\/2018\/11\/think-big-blanco-1024x397.png\",\"contentUrl\":\"https:\/\/www.bigstamping.com\/wp-content\/uploads\/2018\/11\/think-big-blanco-1024x397.png\"},{\"@type\":\"BreadcrumbList\",\"@id\":\"https:\/\/www.bigstamping.com\/it\/aviso-legal\/#breadcrumb\",\"itemListElement\":[{\"@type\":\"ListItem\",\"position\":1,\"name\":\"Portada\",\"item\":\"https:\/\/www.bigstamping.com\/en\/\"},{\"@type\":\"ListItem\",\"position\":2,\"name\":\"AVVISO LEGALE\"}]},{\"@type\":\"WebSite\",\"@id\":\"https:\/\/www.bigstamping.com\/#website\",\"url\":\"https:\/\/www.bigstamping.com\/\",\"name\":\"BigStamping\",\"description\":\"Sellos de gran tama\u00f1o para stampear\",\"publisher\":{\"@id\":\"https:\/\/www.bigstamping.com\/#organization\"},\"potentialAction\":[{\"@type\":\"SearchAction\",\"target\":{\"@type\":\"EntryPoint\",\"urlTemplate\":\"https:\/\/www.bigstamping.com\/?s={search_term_string}\"},\"query-input\":{\"@type\":\"PropertyValueSpecification\",\"valueRequired\":true,\"valueName\":\"search_term_string\"}}],\"inLanguage\":\"it-IT\"},{\"@type\":\"Organization\",\"@id\":\"https:\/\/www.bigstamping.com\/#organization\",\"name\":\"BigStamping\",\"url\":\"https:\/\/www.bigstamping.com\/\",\"logo\":{\"@type\":\"ImageObject\",\"inLanguage\":\"it-IT\",\"@id\":\"https:\/\/www.bigstamping.com\/#\/schema\/logo\/image\/\",\"url\":\"https:\/\/www.bigstamping.com\/wp-content\/uploads\/2018\/12\/big-stamper-amarillo.jpg\",\"contentUrl\":\"https:\/\/www.bigstamping.com\/wp-content\/uploads\/2018\/12\/big-stamper-amarillo.jpg\",\"width\":293,\"height\":300,\"caption\":\"BigStamping\"},\"image\":{\"@id\":\"https:\/\/www.bigstamping.com\/#\/schema\/logo\/image\/\"},\"sameAs\":[\"https:\/\/www.facebook.com\/Bigstamping-241206903231462\/\",\"https:\/\/x.com\/Bigstamping\",\"https:\/\/www.instagram.com\/bigstamping\/\",\"https:\/\/www.youtube.com\/channel\/UC_l3jNsBYYC-Ds9pzcZy_Vg\"]}]}<\/script>\n<!-- \/ Yoast SEO plugin. -->","yoast_head_json":{"title":"AVVISO LEGALE - BigStamping","description":"P\u00e1gina con el Aviso Legal de la web www.bigstamping.com exigido por la normativa de protecci\u00f3n de datos.","robots":{"index":"noindex","follow":"nofollow"},"og_locale":"it_IT","og_type":"article","og_title":"AVVISO LEGALE - BigStamping","og_description":"P\u00e1gina con el Aviso Legal de la web www.bigstamping.com exigido por la normativa de protecci\u00f3n de datos.","og_url":"https:\/\/www.bigstamping.com\/it\/aviso-legal\/","og_site_name":"BigStamping","article_publisher":"https:\/\/www.facebook.com\/Bigstamping-241206903231462\/","article_modified_time":"2023-08-18T11:40:49+00:00","og_image":[{"url":"https:\/\/www.bigstamping.com\/wp-content\/uploads\/2018\/11\/think-big-blanco-1024x397.png","type":"","width":"","height":""}],"twitter_card":"summary_large_image","twitter_site":"@Bigstamping","twitter_misc":{"Tempo di lettura stimato":"7 minuti"},"schema":{"@context":"https:\/\/schema.org","@graph":[{"@type":"WebPage","@id":"https:\/\/www.bigstamping.com\/it\/aviso-legal\/","url":"https:\/\/www.bigstamping.com\/it\/aviso-legal\/","name":"AVVISO LEGALE - BigStamping","isPartOf":{"@id":"https:\/\/www.bigstamping.com\/#website"},"primaryImageOfPage":{"@id":"https:\/\/www.bigstamping.com\/it\/aviso-legal\/#primaryimage"},"image":{"@id":"https:\/\/www.bigstamping.com\/it\/aviso-legal\/#primaryimage"},"thumbnailUrl":"https:\/\/www.bigstamping.com\/wp-content\/uploads\/2018\/11\/think-big-blanco-1024x397.png","datePublished":"2022-11-16T18:37:01+00:00","dateModified":"2023-08-18T11:40:49+00:00","description":"P\u00e1gina con el Aviso Legal de la web www.bigstamping.com exigido por la normativa de protecci\u00f3n de datos.","breadcrumb":{"@id":"https:\/\/www.bigstamping.com\/it\/aviso-legal\/#breadcrumb"},"inLanguage":"it-IT","potentialAction":[{"@type":"ReadAction","target":["https:\/\/www.bigstamping.com\/it\/aviso-legal\/"]}]},{"@type":"ImageObject","inLanguage":"it-IT","@id":"https:\/\/www.bigstamping.com\/it\/aviso-legal\/#primaryimage","url":"https:\/\/www.bigstamping.com\/wp-content\/uploads\/2018\/11\/think-big-blanco-1024x397.png","contentUrl":"https:\/\/www.bigstamping.com\/wp-content\/uploads\/2018\/11\/think-big-blanco-1024x397.png"},{"@type":"BreadcrumbList","@id":"https:\/\/www.bigstamping.com\/it\/aviso-legal\/#breadcrumb","itemListElement":[{"@type":"ListItem","position":1,"name":"Portada","item":"https:\/\/www.bigstamping.com\/en\/"},{"@type":"ListItem","position":2,"name":"AVVISO LEGALE"}]},{"@type":"WebSite","@id":"https:\/\/www.bigstamping.com\/#website","url":"https:\/\/www.bigstamping.com\/","name":"BigStamping","description":"Sellos de gran tama\u00f1o para stampear","publisher":{"@id":"https:\/\/www.bigstamping.com\/#organization"},"potentialAction":[{"@type":"SearchAction","target":{"@type":"EntryPoint","urlTemplate":"https:\/\/www.bigstamping.com\/?s={search_term_string}"},"query-input":{"@type":"PropertyValueSpecification","valueRequired":true,"valueName":"search_term_string"}}],"inLanguage":"it-IT"},{"@type":"Organization","@id":"https:\/\/www.bigstamping.com\/#organization","name":"BigStamping","url":"https:\/\/www.bigstamping.com\/","logo":{"@type":"ImageObject","inLanguage":"it-IT","@id":"https:\/\/www.bigstamping.com\/#\/schema\/logo\/image\/","url":"https:\/\/www.bigstamping.com\/wp-content\/uploads\/2018\/12\/big-stamper-amarillo.jpg","contentUrl":"https:\/\/www.bigstamping.com\/wp-content\/uploads\/2018\/12\/big-stamper-amarillo.jpg","width":293,"height":300,"caption":"BigStamping"},"image":{"@id":"https:\/\/www.bigstamping.com\/#\/schema\/logo\/image\/"},"sameAs":["https:\/\/www.facebook.com\/Bigstamping-241206903231462\/","https:\/\/x.com\/Bigstamping","https:\/\/www.instagram.com\/bigstamping\/","https:\/\/www.youtube.com\/channel\/UC_l3jNsBYYC-Ds9pzcZy_Vg"]}]}},"_links":{"self":[{"href":"https:\/\/www.bigstamping.com\/it\/wp-json\/wp\/v2\/pages\/417981","targetHints":{"allow":["GET"]}}],"collection":[{"href":"https:\/\/www.bigstamping.com\/it\/wp-json\/wp\/v2\/pages"}],"about":[{"href":"https:\/\/www.bigstamping.com\/it\/wp-json\/wp\/v2\/types\/page"}],"author":[{"embeddable":true,"href":"https:\/\/www.bigstamping.com\/it\/wp-json\/wp\/v2\/users\/1"}],"replies":[{"embeddable":true,"href":"https:\/\/www.bigstamping.com\/it\/wp-json\/wp\/v2\/comments?post=417981"}],"version-history":[{"count":0,"href":"https:\/\/www.bigstamping.com\/it\/wp-json\/wp\/v2\/pages\/417981\/revisions"}],"wp:attachment":[{"href":"https:\/\/www.bigstamping.com\/it\/wp-json\/wp\/v2\/media?parent=417981"}],"curies":[{"name":"wp","href":"https:\/\/api.w.org\/{rel}","templated":true}]}}