{"id":35765,"date":"2018-11-28T18:49:26","date_gmt":"2018-11-28T18:49:26","guid":{"rendered":"https:\/\/www.bigstamping.com\/producto\/timbro-big-stamp-m\/"},"modified":"2025-10-17T20:46:17","modified_gmt":"2025-10-17T18:46:17","slug":"venta-big-stamp-medio","status":"publish","type":"product","link":"https:\/\/www.bigstamping.com\/it\/producto\/venta-big-stamp-medio\/","title":{"rendered":"TIMBRO BIG STAMP M"},"content":{"rendered":"<p><strong>Montare:<\/strong> Legno di pino verniciato a mano, con finitura naturale.<\/p>\n<hr \/>\n<p><strong>Base:<\/strong> E&#8217; lungo 1cm.<\/p>\n<hr \/>\n<p><strong>Gomma:<\/strong> Realizzato in resina morbida, fotopolimero liquido, alto 6 mm.<\/p>\n<hr \/>\n<p><strong>Dimensioni:<\/strong> 15&#215;10,5&#215;10,5&#215;7,5 cm<\/p>\n<hr \/>\n<p><strong>Peso:<\/strong> 400 grammi.<\/p>\n<hr \/>\n<p><strong>Conservazione: <\/strong>Tenere lontano dal calore e dal sole. Lavare dopo ogni utilizzo con acqua corrente e asciugare con un panno.<\/p>\n<hr \/>\n<p><strong>Consigliato per:<\/strong> Tutti i tipi di creazioni.<\/p>\n<hr \/>\n<p><strong>Riferimento:<\/strong> BS-S01<\/p>\n","protected":false},"excerpt":{"rendered":"<p><strong>Il Big Stamp M \u00e8 un timbro di gomma di 15&#215;10,5 cm (5,9&#215;4,1 in) con base in legno fatta a mano.<\/strong><\/p>\n<p><span style=\"font-weight: 400;\">Tutti i <strong>timbri BigStamping sono realizzati in resina morbida e resistente<\/strong>, che permette loro di adattarsi a qualsiasi superficie assorbente.<\/span><\/p>\n<p><span style=\"font-weight: 400;\">Progettato per realizzare creazioni uniche e irripetibili, basta scegliere l&#8217;inchiostro giusto (tessile o flessografico) e timbrare sulle superfici e sui luoghi prescelti.<\/span><\/p>\n<p><span style=\"font-weight: 400;\">Grazie alle sue dimensioni, <strong>il Big Stamp M \u00e8 un timbro facile da maneggiare. <\/strong> Le sue dimensioni lo rendono <strong>ideale per sigillare comodamente gli imballaggi in generale,<\/strong> ma i nostri clienti lo utilizzano anche per l&#8217;artigianato e la decorazione (casa, abbigliamento, mobili e tutti i tipi di prodotti commerciali) e per personalizzare i loro hobby (skateboard, tavole da surf).<\/span><\/p>\n[acordeon_personalizado]<\/p>\n<p>[pestana_acordeon_personalizado titulo=\"Ulteriori informazioni sul Big Stamp M\"]<\/p>\n<p><strong>Il formato BigStamp \u201cM\u201d misura 15&#215;10,5 cm (5,9&#215;4,1 in).<\/strong><\/p>\n<p>Le dimensioni indicate corrispondono alle dimensioni del legno. Questo legno pu\u00f2 essere utilizzato sia in verticale che in orizzontale, a seconda del progetto.<\/p>\n<p>Nel rispetto delle dimensioni del legno, \u00e8 possibile realizzare il disegno nelle dimensioni desiderate. <strong>Se desiderate che il vostro disegno abbia misure specifiche all&#8217;interno del legno, vi preghiamo di indicarlo nella sezione \u201cNOTE\u201d alla fine dell&#8217;ordine.<\/strong><\/p>\n<p><span style=\"text-decoration: underline;\"><strong>*NOTA:<\/strong><\/span> se il disegno del timbro ha un&#8217;altezza inferiore a <strong>7 cm (2,7 in)<\/strong>, vi invieremo il modello di supporto <strong>Long Big Stamp M<\/strong>, che faciliter\u00e0 la timbratura.<\/p>\n<p>Il supporto <strong>Long Big M \u00e8 un legno allungato che misura 15 x 7 cm (5,9 x 2,7 in) <\/strong> ed \u00e8 destinato a disegni allungati. Non dovete fare nulla. Quando riceveremo un progetto adatto a questo formato, ce ne occuperemo automaticamente.<\/p>\n<p>[\/pestana_acordeon_personalizado]<\/p>\n<p>[pestana_acordeon_personalizado titulo=\"Perch\u00e9 scegliere i timbri BigStamping?\"]<\/p>\n<p>Noi di <strong>BigStamping <\/strong> produciamo i timbri pi\u00f9 grandi del mondo e, grazie alla nostra esperienza, vi offriamo un prodotto in grado di darvi <strong>prestazioni e risultati SPETTACOLARI.<\/strong><\/p>\n<p>Ciascuno dei <strong>nostri timbri \u00e8 dotato di uno speciale sistema di ammortizzazione <\/strong> che fa s\u00ec che la timbratura si adatti correttamente a tutte le superfici, consentendo un trasferimento dell&#8217;inchiostro pi\u00f9 omogeneo e non dovendo esercitare troppa forza\/pressione durante la timbratura.<\/p>\n<p>Questo, insieme alla qualit\u00e0 dei nostri inchiostri, fa s\u00ec che i nostri timbri possano offrirvi quei risultati che avete gi\u00e0 visto nei video e nelle fotografie che condividiamo sui social network e che, nel 99% dei casi, provengono da clienti soddisfatti. <strong>Non c&#8217;\u00e8 dubbio! Acquistate un timbro BigStamping o un kit BigStamping e rafforzate l&#8217;immagine del vostro marchio con risultati mai visti prima.<\/strong><\/p>\n<p>[\/pestana_acordeon_personalizado]<\/p>\n<p>[pestana_acordeon_personalizado titulo=\"Come si ordina?\"]<\/p>\n<p>Una volta scelto <strong>il vostro timbro BigStamping ed entrati nella pagina corrispondente<\/strong>, dopo la descrizione e i dettagli, troverete un&#8217;area\/tasto per aggiungere il file contenente il vostro disegno. Aggiungetelo l\u00ec!<\/p>\n<p>Se avete un&#8217;immagine in formato vettoriale, potremo lavorarci meglio; in caso contrario, inviatecela nel formato di immagine di migliore qualit\u00e0 che avete.<\/p>\n<p>Se abbiamo qualche problema o dubbio con il vostro disegno, non preoccupatevi, vi contatteremo! Alla fine del vostro acquisto c&#8217;\u00e8 una sezione \u201cNOTE\u201d dove potete lasciare qualsiasi indicazione o commento sul vostro ordine: disegno, dimensioni finali del disegno, se volete vedere uno schizzo precedente, ecc&#8230;<\/p>\n<p><strong>\u00b7 Metodi di pagamento accettati: carte di debito\/credito e Paypal.<\/strong><\/p>\n<p>[\/pestana_acordeon_personalizado]<\/p>\n<p>[pestana_acordeon_personalizado titulo=\"Tipi di file supportati\"]<\/p>\n<p><strong>I tipi di file supportati per la creazione di timbri di grandi dimensioni sono: svg, tiff, eps, ai, jpg, psd, pdf, jpeg, png, cdr, tif, ecc.<\/strong><\/p>\n<p><strong>Dimensione massima del file: 10 MB<\/strong><\/p>\n<p>L&#8217;ideale \u00e8 inviare i disegni in formato vettoriale, nel loro formato nativo, cio\u00e8 nel programma in cui sono stati progettati: AI, CDR, PDF, ecc.<\/p>\n<p>Nel caso in cui non si disponga di questi formati, \u00e8 possibile inviare il file immagine nella massima qualit\u00e0 possibile.<\/p>\n<p>L&#8217;immagine o il disegno non devono contenere pi\u00f9 di un colore. N\u00e9 sfumature n\u00e9 gradienti. Deve essere monocromatico con inchiostro bianco o nero al 100%.<\/p>\n<p>Se abbiamo qualche problema o dubbio con il vostro progetto, non preoccupatevi, vi contatteremo.<\/p>\n<p>[\/pestana_acordeon_personalizado]<\/p>\n<p>[pestana_acordeon_personalizado titulo=\"Tempi di consegna e costi di spedizione\"]<\/p>\n<p>Spediamo in tutti i Paesi della Comunit\u00e0 Economica Europea. Spediamo anche negli Stati Uniti, Regno Unito, Turchia, Svizzera, Canada, Australia, Cile, Emirati Arabi Uniti e Giappone.<\/p>\n<p><strong>Termini di consegna<\/strong><\/p>\n<p>Dal momento dell&#8217;ordine e se non ci sono problemi con il disegno, ci vorranno circa <strong>7-15 giorni lavorativi per consegnare l&#8217;ordine.<\/strong><\/p>\n<p><span style=\"text-decoration: underline;\"><strong>*NOTA:<\/strong><\/span> Non siamo responsabili di eventuali ritardi causati da societ\u00e0 di trasporto o enti di controllo.<\/p>\n<p><strong>Costo delle spedizioni<\/strong><\/p>\n<p>Il costo della spedizione viene calcolato automaticamente dal sito web in base al paese e agli articoli aggiunti al carrello.<\/p>\n<p>\u00c8 possibile ottenere la spedizione gratuita a partire da 100 euro, a seconda della destinazione di consegna. Per informazioni pi\u00f9 dettagliate sui costi di spedizione e sugli importi richiesti per la consegna gratuita, <a href=\"https:\/\/www.bigstamping.com\/it\/faq\/\">visitate la sezione FAQ<\/a> e verificate le condizioni relative al vostro indirizzo.<\/p>\n<p>[\/pestana_acordeon_personalizado]<\/p>\n<p>[\/acordeon_personalizado]\n","protected":false},"featured_media":429257,"template":"","meta":{"_acf_changed":false,"_genesis_hide_title":false,"_genesis_hide_breadcrumbs":false,"_genesis_hide_singular_image":false,"_genesis_hide_footer_widgets":false,"_genesis_custom_body_class":"","_genesis_custom_post_class":"","_genesis_layout":""},"product_brand":[],"product_cat":[342],"product_tag":[],"class_list":{"0":"post-35765","1":"product","2":"type-product","3":"status-publish","4":"has-post-thumbnail","6":"product_cat-francobolli","7":"product_shipping_class-classe-2","8":"entry","10":"first","11":"instock","12":"taxable","13":"shipping-taxable","14":"purchasable","15":"product-type-simple"},"acf":[],"yoast_head":"<!-- This site is optimized with the Yoast SEO plugin v26.7 - https:\/\/yoast.com\/wordpress\/plugins\/seo\/ -->\n<title>TIMBRO BIG STAMP M - BigStamping<\/title>\n<meta name=\"description\" content=\"Il timbro BigStamping M misura 15x10,5x7,5 cm e pu\u00f2 essere utilizzato per magliette, borse e qualsiasi altra cosa vi venga in mente.\" \/>\n<meta name=\"robots\" content=\"index, follow, max-snippet:-1, max-image-preview:large, max-video-preview:-1\" \/>\n<link rel=\"canonical\" href=\"https:\/\/www.bigstamping.com\/it\/producto\/venta-big-stamp-medio\/\" \/>\n<meta property=\"og:locale\" content=\"it_IT\" \/>\n<meta property=\"og:type\" content=\"article\" \/>\n<meta property=\"og:title\" content=\"TIMBRO BIG STAMP M - BigStamping\" \/>\n<meta property=\"og:description\" content=\"Il timbro BigStamping M misura 15x10,5x7,5 cm e pu\u00f2 essere utilizzato per magliette, borse e qualsiasi altra cosa vi venga in mente.\" \/>\n<meta property=\"og:url\" content=\"https:\/\/www.bigstamping.com\/it\/producto\/venta-big-stamp-medio\/\" \/>\n<meta property=\"og:site_name\" content=\"BigStamping\" \/>\n<meta property=\"article:publisher\" content=\"https:\/\/www.facebook.com\/Bigstamping-241206903231462\/\" \/>\n<meta property=\"article:modified_time\" content=\"2025-10-17T18:46:17+00:00\" \/>\n<meta property=\"og:image\" content=\"https:\/\/www.bigstamping.com\/wp-content\/uploads\/2018\/12\/SELLO-M-OK.jpg\" \/>\n\t<meta property=\"og:image:width\" content=\"1080\" \/>\n\t<meta property=\"og:image:height\" content=\"1080\" \/>\n\t<meta property=\"og:image:type\" content=\"image\/jpeg\" \/>\n<meta name=\"twitter:card\" content=\"summary_large_image\" \/>\n<meta name=\"twitter:site\" content=\"@Bigstamping\" \/>\n<meta name=\"twitter:label1\" content=\"Tempo di lettura stimato\" \/>\n\t<meta name=\"twitter:data1\" content=\"1 minuto\" \/>\n<script type=\"application\/ld+json\" class=\"yoast-schema-graph\">{\"@context\":\"https:\/\/schema.org\",\"@graph\":[{\"@type\":\"WebPage\",\"@id\":\"https:\/\/www.bigstamping.com\/it\/producto\/venta-big-stamp-medio\/\",\"url\":\"https:\/\/www.bigstamping.com\/it\/producto\/venta-big-stamp-medio\/\",\"name\":\"TIMBRO BIG STAMP M - BigStamping\",\"isPartOf\":{\"@id\":\"https:\/\/www.bigstamping.com\/#website\"},\"primaryImageOfPage\":{\"@id\":\"https:\/\/www.bigstamping.com\/it\/producto\/venta-big-stamp-medio\/#primaryimage\"},\"image\":{\"@id\":\"https:\/\/www.bigstamping.com\/it\/producto\/venta-big-stamp-medio\/#primaryimage\"},\"thumbnailUrl\":\"https:\/\/www.bigstamping.com\/wp-content\/uploads\/2018\/12\/SELLO-M-OK.jpg\",\"datePublished\":\"2018-11-28T18:49:26+00:00\",\"dateModified\":\"2025-10-17T18:46:17+00:00\",\"description\":\"Il timbro BigStamping M misura 15x10,5x7,5 cm e pu\u00f2 essere utilizzato per magliette, borse e qualsiasi altra cosa vi venga in mente.\",\"breadcrumb\":{\"@id\":\"https:\/\/www.bigstamping.com\/it\/producto\/venta-big-stamp-medio\/#breadcrumb\"},\"inLanguage\":\"it-IT\",\"potentialAction\":[{\"@type\":\"ReadAction\",\"target\":[\"https:\/\/www.bigstamping.com\/it\/producto\/venta-big-stamp-medio\/\"]}]},{\"@type\":\"ImageObject\",\"inLanguage\":\"it-IT\",\"@id\":\"https:\/\/www.bigstamping.com\/it\/producto\/venta-big-stamp-medio\/#primaryimage\",\"url\":\"https:\/\/www.bigstamping.com\/wp-content\/uploads\/2018\/12\/SELLO-M-OK.jpg\",\"contentUrl\":\"https:\/\/www.bigstamping.com\/wp-content\/uploads\/2018\/12\/SELLO-M-OK.jpg\",\"width\":1080,\"height\":1080,\"caption\":\"Medidas sello BigStamping M incluido en el Kit Basic\"},{\"@type\":\"BreadcrumbList\",\"@id\":\"https:\/\/www.bigstamping.com\/it\/producto\/venta-big-stamp-medio\/#breadcrumb\",\"itemListElement\":[{\"@type\":\"ListItem\",\"position\":1,\"name\":\"Portada\",\"item\":\"https:\/\/www.bigstamping.com\/en\/\"},{\"@type\":\"ListItem\",\"position\":2,\"name\":\"TIMBRO BIG STAMP M\"}]},{\"@type\":\"WebSite\",\"@id\":\"https:\/\/www.bigstamping.com\/#website\",\"url\":\"https:\/\/www.bigstamping.com\/\",\"name\":\"BigStamping\",\"description\":\"Sellos de gran tama\u00f1o para stampear\",\"publisher\":{\"@id\":\"https:\/\/www.bigstamping.com\/#organization\"},\"potentialAction\":[{\"@type\":\"SearchAction\",\"target\":{\"@type\":\"EntryPoint\",\"urlTemplate\":\"https:\/\/www.bigstamping.com\/?s={search_term_string}\"},\"query-input\":{\"@type\":\"PropertyValueSpecification\",\"valueRequired\":true,\"valueName\":\"search_term_string\"}}],\"inLanguage\":\"it-IT\"},{\"@type\":\"Organization\",\"@id\":\"https:\/\/www.bigstamping.com\/#organization\",\"name\":\"BigStamping\",\"url\":\"https:\/\/www.bigstamping.com\/\",\"logo\":{\"@type\":\"ImageObject\",\"inLanguage\":\"it-IT\",\"@id\":\"https:\/\/www.bigstamping.com\/#\/schema\/logo\/image\/\",\"url\":\"https:\/\/www.bigstamping.com\/wp-content\/uploads\/2018\/12\/big-stamper-amarillo.jpg\",\"contentUrl\":\"https:\/\/www.bigstamping.com\/wp-content\/uploads\/2018\/12\/big-stamper-amarillo.jpg\",\"width\":293,\"height\":300,\"caption\":\"BigStamping\"},\"image\":{\"@id\":\"https:\/\/www.bigstamping.com\/#\/schema\/logo\/image\/\"},\"sameAs\":[\"https:\/\/www.facebook.com\/Bigstamping-241206903231462\/\",\"https:\/\/x.com\/Bigstamping\",\"https:\/\/www.instagram.com\/bigstamping\/\",\"https:\/\/www.youtube.com\/channel\/UC_l3jNsBYYC-Ds9pzcZy_Vg\"]}]}<\/script>\n<!-- \/ Yoast SEO plugin. -->","yoast_head_json":{"title":"TIMBRO BIG STAMP M - BigStamping","description":"Il timbro BigStamping M misura 15x10,5x7,5 cm e pu\u00f2 essere utilizzato per magliette, borse e qualsiasi altra cosa vi venga in mente.","robots":{"index":"index","follow":"follow","max-snippet":"max-snippet:-1","max-image-preview":"max-image-preview:large","max-video-preview":"max-video-preview:-1"},"canonical":"https:\/\/www.bigstamping.com\/it\/producto\/venta-big-stamp-medio\/","og_locale":"it_IT","og_type":"article","og_title":"TIMBRO BIG STAMP M - BigStamping","og_description":"Il timbro BigStamping M misura 15x10,5x7,5 cm e pu\u00f2 essere utilizzato per magliette, borse e qualsiasi altra cosa vi venga in mente.","og_url":"https:\/\/www.bigstamping.com\/it\/producto\/venta-big-stamp-medio\/","og_site_name":"BigStamping","article_publisher":"https:\/\/www.facebook.com\/Bigstamping-241206903231462\/","article_modified_time":"2025-10-17T18:46:17+00:00","og_image":[{"width":1080,"height":1080,"url":"https:\/\/www.bigstamping.com\/wp-content\/uploads\/2018\/12\/SELLO-M-OK.jpg","type":"image\/jpeg"}],"twitter_card":"summary_large_image","twitter_site":"@Bigstamping","twitter_misc":{"Tempo di lettura stimato":"1 minuto"},"schema":{"@context":"https:\/\/schema.org","@graph":[{"@type":"WebPage","@id":"https:\/\/www.bigstamping.com\/it\/producto\/venta-big-stamp-medio\/","url":"https:\/\/www.bigstamping.com\/it\/producto\/venta-big-stamp-medio\/","name":"TIMBRO BIG STAMP M - BigStamping","isPartOf":{"@id":"https:\/\/www.bigstamping.com\/#website"},"primaryImageOfPage":{"@id":"https:\/\/www.bigstamping.com\/it\/producto\/venta-big-stamp-medio\/#primaryimage"},"image":{"@id":"https:\/\/www.bigstamping.com\/it\/producto\/venta-big-stamp-medio\/#primaryimage"},"thumbnailUrl":"https:\/\/www.bigstamping.com\/wp-content\/uploads\/2018\/12\/SELLO-M-OK.jpg","datePublished":"2018-11-28T18:49:26+00:00","dateModified":"2025-10-17T18:46:17+00:00","description":"Il timbro BigStamping M misura 15x10,5x7,5 cm e pu\u00f2 essere utilizzato per magliette, borse e qualsiasi altra cosa vi venga in mente.","breadcrumb":{"@id":"https:\/\/www.bigstamping.com\/it\/producto\/venta-big-stamp-medio\/#breadcrumb"},"inLanguage":"it-IT","potentialAction":[{"@type":"ReadAction","target":["https:\/\/www.bigstamping.com\/it\/producto\/venta-big-stamp-medio\/"]}]},{"@type":"ImageObject","inLanguage":"it-IT","@id":"https:\/\/www.bigstamping.com\/it\/producto\/venta-big-stamp-medio\/#primaryimage","url":"https:\/\/www.bigstamping.com\/wp-content\/uploads\/2018\/12\/SELLO-M-OK.jpg","contentUrl":"https:\/\/www.bigstamping.com\/wp-content\/uploads\/2018\/12\/SELLO-M-OK.jpg","width":1080,"height":1080,"caption":"Medidas sello BigStamping M incluido en el Kit Basic"},{"@type":"BreadcrumbList","@id":"https:\/\/www.bigstamping.com\/it\/producto\/venta-big-stamp-medio\/#breadcrumb","itemListElement":[{"@type":"ListItem","position":1,"name":"Portada","item":"https:\/\/www.bigstamping.com\/en\/"},{"@type":"ListItem","position":2,"name":"TIMBRO BIG STAMP M"}]},{"@type":"WebSite","@id":"https:\/\/www.bigstamping.com\/#website","url":"https:\/\/www.bigstamping.com\/","name":"BigStamping","description":"Sellos de gran tama\u00f1o para stampear","publisher":{"@id":"https:\/\/www.bigstamping.com\/#organization"},"potentialAction":[{"@type":"SearchAction","target":{"@type":"EntryPoint","urlTemplate":"https:\/\/www.bigstamping.com\/?s={search_term_string}"},"query-input":{"@type":"PropertyValueSpecification","valueRequired":true,"valueName":"search_term_string"}}],"inLanguage":"it-IT"},{"@type":"Organization","@id":"https:\/\/www.bigstamping.com\/#organization","name":"BigStamping","url":"https:\/\/www.bigstamping.com\/","logo":{"@type":"ImageObject","inLanguage":"it-IT","@id":"https:\/\/www.bigstamping.com\/#\/schema\/logo\/image\/","url":"https:\/\/www.bigstamping.com\/wp-content\/uploads\/2018\/12\/big-stamper-amarillo.jpg","contentUrl":"https:\/\/www.bigstamping.com\/wp-content\/uploads\/2018\/12\/big-stamper-amarillo.jpg","width":293,"height":300,"caption":"BigStamping"},"image":{"@id":"https:\/\/www.bigstamping.com\/#\/schema\/logo\/image\/"},"sameAs":["https:\/\/www.facebook.com\/Bigstamping-241206903231462\/","https:\/\/x.com\/Bigstamping","https:\/\/www.instagram.com\/bigstamping\/","https:\/\/www.youtube.com\/channel\/UC_l3jNsBYYC-Ds9pzcZy_Vg"]}]}},"_links":{"self":[{"href":"https:\/\/www.bigstamping.com\/it\/wp-json\/wp\/v2\/product\/35765","targetHints":{"allow":["GET"]}}],"collection":[{"href":"https:\/\/www.bigstamping.com\/it\/wp-json\/wp\/v2\/product"}],"about":[{"href":"https:\/\/www.bigstamping.com\/it\/wp-json\/wp\/v2\/types\/product"}],"version-history":[{"count":0,"href":"https:\/\/www.bigstamping.com\/it\/wp-json\/wp\/v2\/product\/35765\/revisions"}],"wp:featuredmedia":[{"embeddable":true,"href":"https:\/\/www.bigstamping.com\/it\/wp-json\/wp\/v2\/media\/429257"}],"wp:attachment":[{"href":"https:\/\/www.bigstamping.com\/it\/wp-json\/wp\/v2\/media?parent=35765"}],"wp:term":[{"taxonomy":"product_brand","embeddable":true,"href":"https:\/\/www.bigstamping.com\/it\/wp-json\/wp\/v2\/product_brand?post=35765"},{"taxonomy":"product_cat","embeddable":true,"href":"https:\/\/www.bigstamping.com\/it\/wp-json\/wp\/v2\/product_cat?post=35765"},{"taxonomy":"product_tag","embeddable":true,"href":"https:\/\/www.bigstamping.com\/it\/wp-json\/wp\/v2\/product_tag?post=35765"}],"curies":[{"name":"wp","href":"https:\/\/api.w.org\/{rel}","templated":true}]}}