{"id":35786,"date":"2018-12-05T17:01:17","date_gmt":"2018-12-05T17:01:17","guid":{"rendered":"https:\/\/www.bigstamping.com\/producto\/timbro-big-stamp-l\/"},"modified":"2025-10-17T20:46:30","modified_gmt":"2025-10-17T18:46:30","slug":"timbro-big-stamp-l","status":"publish","type":"product","link":"https:\/\/www.bigstamping.com\/it\/producto\/timbro-big-stamp-l\/","title":{"rendered":"TIMBRO BIG STAMP L"},"content":{"rendered":"<p><span style=\"font-weight: 400;\">Sella: legno di pino verniciato a mano, con finitura naturale.<\/span><\/p>\n<hr \/>\n<p><span style=\"font-weight: 400;\">Base: Schiuma di 1 cm. <\/span><\/p>\n<hr \/>\n<p><span style=\"font-weight: 400;\">Gomma: Realizzata in resina morbida, foto polimero liquido alto 6 mm.<\/span><\/p>\n<hr \/>\n<p><span style=\"font-weight: 400;\">Dimensioni: 21x15x7,5 cm<\/span><\/p>\n<hr \/>\n<p><span style=\"font-weight: 400;\">Peso: 550 grammi.<\/span><\/p>\n<hr \/>\n<p><span style=\"font-weight: 400;\">Conservazione: Proteggere dal calore e dal sole. Lavare dopo ogni utilizzo con acqua corrente e asciugare con un panno.<\/span><\/p>\n<hr \/>\n<p><span style=\"font-weight: 400;\">Consigliato per: Qualsiasi tipo di creazione<\/span><\/p>\n<hr \/>\n<p><span style=\"font-weight: 400;\">Riferimento: BS-S02<\/span><\/p>\n","protected":false},"excerpt":{"rendered":"<p><span style=\"font-weight: 400;\"><strong>Il Big Stamp L \u00e8 il nostro timbro pi\u00f9 venduto <\/strong> e quello che troverete all&#8217;interno del <a href=\"https:\/\/www.bigstamping.com\/it\/producto\/super-stamping-kit\/\">Super Stamping Kit.<\/a> Si tratta di un timbro in gomma con base in legno fatta a mano e un <strong>formato di 21&#215;15 cm (8,2&#215;5,9x in)<\/strong>.<\/span><\/p>\n<p><span style=\"font-weight: 400;\">Come tutti i timbri <strong>BigStamping<\/strong>, anche questo \u00e8 realizzato in resina morbida e resistente di alta qualit\u00e0 che lo rende facile da timbrare\/stampare su qualsiasi superficie assorbente.<\/span><\/p>\n<p><span style=\"font-weight: 400;\">Sia il <strong>Big Stamp L<\/strong> che gli altri timbri (acquistabili singolarmente o in kit) sono ideali per realizzare creazioni uniche e irripetibili. Basta scegliere l&#8217;inchiostro giusto (tessile o flexo) e timbrare sul luogo e sulla superficie prescelti.<\/span><\/p>\n<p><span style=\"font-weight: 400;\">Grazie alle loro dimensioni, alla versatilit\u00e0 e alla facilit\u00e0 di utilizzo, i nostri timbri sono perfetti per sigillare comodamente gli imballaggi, i sacchetti e le scatole di cartone del vostro marchio. Con tutti i nostri timbri \u00e8 possibile timbrare e personalizzare magliette, cuscini, tende e mobili in legno non verniciato. <\/span><\/p>\n[acordeon_personalizado]<\/p>\n<p>[pestana_acordeon_personalizado titulo=\"Ulteriori informazioni sul Big Stamp L\"]<\/p>\n<p><strong>Il formato BigStamp \u201cL\u201d ha le seguenti dimensioni: 21&#215;15 cm (8,2&#215;5,9x in).<\/strong><\/p>\n<p>Le dimensioni indicate corrispondono alle dimensioni del legno. Questo legno pu\u00f2 essere utilizzato sia in verticale che in orizzontale, a seconda del progetto.<\/p>\n<p>Nel rispetto delle dimensioni del legno, \u00e8 possibile realizzare il disegno nelle dimensioni desiderate. <strong>Se desiderate che il vostro disegno abbia misure specifiche all&#8217;interno del legno, vi preghiamo di indicarlo nella sezione \u201cNOTE\u201d alla fine dell&#8217;ordine.<\/strong><\/p>\n<p><span style=\"text-decoration: underline;\"><strong>*NOTA:<\/strong><\/span> se il disegno del timbro ha un&#8217;altezza inferiore a <strong>7 cm (2,7 in)<\/strong>, lo invieremo con il modello di supporto <strong>Long Big Stamp L<\/strong>, che faciliter\u00e0 la timbratura.<\/p>\n<p>Il supporto <strong>Long Big Stamp L \u00e8 un legno allungato che misura 21 x 7 cm (8,2 x 2,7 in)<\/strong> ed \u00e8 destinato a disegni allungati. Non dovete fare nulla. Quando riceveremo un progetto adatto a questo formato, ce ne occuperemo automaticamente.<\/p>\n<p>[\/pestana_acordeon_personalizado]<\/p>\n<p>[pestana_acordeon_personalizado titulo=\"\u00bfPerch\u00e9 scegliere i timbri BigStamping?\"]<\/p>\n<p>Noi di <strong>BigStamping <\/strong> produciamo i timbri pi\u00f9 grandi del mondo e, grazie alla nostra esperienza, vi offriamo un prodotto in grado di darvi <strong>prestazioni e risultati SPETTACOLARI.<\/strong><\/p>\n<p>Ciascuno dei <strong>nostri timbri \u00e8 dotato di uno speciale sistema di ammortizzazione <\/strong> che fa s\u00ec che la timbratura si adatti correttamente a tutte le superfici, consentendo un trasferimento dell&#8217;inchiostro pi\u00f9 omogeneo e non dovendo esercitare troppa forza\/pressione durante la timbratura.<\/p>\n<p>Questo, insieme alla qualit\u00e0 dei nostri inchiostri, fa s\u00ec che i nostri timbri possano offrirvi quei risultati che avete gi\u00e0 visto nei video e nelle fotografie che condividiamo sui social network e che, nel 99% dei casi, provengono da clienti soddisfatti. <strong>Non c&#8217;\u00e8 dubbio! Acquistate un timbro BigStamping o un kit BigStamping e rafforzate l&#8217;immagine del vostro marchio con risultati mai visti prima.<\/strong><\/p>\n<p>[\/pestana_acordeon_personalizado]<\/p>\n<p>[pestana_acordeon_personalizado titulo=\"Come si ordina?\"]<\/p>\n<p>Una volta scelto <strong>il vostro timbro BigStamping ed entrati nella pagina corrispondente<\/strong>, dopo la descrizione e i dettagli, troverete un&#8217;area\/tasto per aggiungere il file contenente il vostro disegno. Aggiungetelo l\u00ec!<\/p>\n<p>Se avete un&#8217;immagine in formato vettoriale, potremo lavorarci meglio; in caso contrario, inviatecela nel formato di immagine di migliore qualit\u00e0 che avete.<\/p>\n<p>Se abbiamo qualche problema o dubbio con il vostro disegno, non preoccupatevi, vi contatteremo! Alla fine del vostro acquisto c&#8217;\u00e8 una sezione \u201cNOTE\u201d dove potete lasciare qualsiasi indicazione o commento sul vostro ordine: disegno, dimensioni finali del disegno, se volete vedere uno schizzo precedente, ecc&#8230;<\/p>\n<p><strong>\u00b7 Metodi di pagamento accettati: carte di debito\/credito e Paypal.<\/strong><\/p>\n<p>[\/pestana_acordeon_personalizado]<\/p>\n<p>[pestana_acordeon_personalizado titulo=\"Tipi di file supportati\"]<\/p>\n<p><strong>I tipi di file supportati per la creazione di timbri di grandi dimensioni sono: svg, tiff, eps, ai, jpg, psd, pdf, jpeg, png, cdr, tif, ecc.<\/strong><\/p>\n<p><strong>Dimensione massima del file: 10 MB<\/strong><\/p>\n<p>L&#8217;ideale \u00e8 inviare i disegni in formato vettoriale, nel loro formato nativo, cio\u00e8 nel programma in cui sono stati progettati: AI, CDR, PDF, ecc.<\/p>\n<p>Nel caso in cui non si disponga di questi formati, \u00e8 possibile inviare il file immagine nella massima qualit\u00e0 possibile.<\/p>\n<p>L&#8217;immagine o il disegno non devono contenere pi\u00f9 di un colore. N\u00e9 sfumature n\u00e9 gradienti. Deve essere monocromatico con inchiostro bianco o nero al 100%.<\/p>\n<p>Se abbiamo qualche problema o dubbio con il vostro progetto, non preoccupatevi, vi contatteremo.<\/p>\n<p>[\/pestana_acordeon_personalizado]<\/p>\n<p>[pestana_acordeon_personalizado titulo=\"Tempi di consegna e costi di spedizione\"]<\/p>\n<p>Spediamo in tutti i Paesi della Comunit\u00e0 Economica Europea. Spediamo anche negli Stati Uniti, Regno Unito, Turchia, Svizzera, Canada, Australia, Cile, Emirati Arabi Uniti e Giappone.<\/p>\n<p><strong>Termini di consegna<\/strong><\/p>\n<p>Dal momento dell&#8217;ordine e se non ci sono problemi con il disegno, ci vorranno circa <strong>7-15 giorni lavorativi per consegnare l&#8217;ordine.<\/strong><\/p>\n<p><span style=\"text-decoration: underline;\"><strong>*NOTA:<\/strong><\/span> Non siamo responsabili di eventuali ritardi causati da societ\u00e0 di trasporto o enti di controllo.<\/p>\n<p><strong>Costo delle spedizioni<\/strong><\/p>\n<p>Il costo della spedizione viene calcolato automaticamente dal sito web in base al paese e agli articoli aggiunti al carrello.<\/p>\n<p>\u00c8 possibile ottenere la spedizione gratuita a partire da 100 euro, a seconda della destinazione di consegna. Per informazioni pi\u00f9 dettagliate sui costi di spedizione e sugli importi richiesti per la consegna gratuita, <a href=\"https:\/\/www.bigstamping.com\/it\/faq\/\">visitate la sezione FAQ<\/a> e verificate le condizioni relative al vostro indirizzo.<\/p>\n<p>[\/pestana_acordeon_personalizado]<\/p>\n<p>[\/acordeon_personalizado]\n<p>&nbsp;<\/p>\n","protected":false},"featured_media":429303,"template":"","meta":{"_acf_changed":false,"_genesis_hide_title":false,"_genesis_hide_breadcrumbs":false,"_genesis_hide_singular_image":false,"_genesis_hide_footer_widgets":false,"_genesis_custom_body_class":"","_genesis_custom_post_class":"","_genesis_layout":""},"product_brand":[],"product_cat":[342],"product_tag":[],"class_list":{"0":"post-35786","1":"product","2":"type-product","3":"status-publish","4":"has-post-thumbnail","6":"product_cat-francobolli","7":"product_shipping_class-classe-2","8":"entry","10":"first","11":"instock","12":"taxable","13":"shipping-taxable","14":"purchasable","15":"product-type-simple"},"acf":[],"yoast_head":"<!-- This site is optimized with the Yoast SEO plugin v26.7 - https:\/\/yoast.com\/wordpress\/plugins\/seo\/ -->\n<title>TIMBRO BIG STAMP L - BigStamping<\/title>\n<meta name=\"description\" content=\"Il nostro grande sigillo personalizzato in formato L. Le sue dimensioni sono 21x15x7,5 cm e viene utilizzato per personalizzare il merchandising, le borse e lasciare un segno.\" \/>\n<meta name=\"robots\" content=\"index, follow, max-snippet:-1, max-image-preview:large, max-video-preview:-1\" \/>\n<link rel=\"canonical\" href=\"https:\/\/www.bigstamping.com\/it\/producto\/timbro-big-stamp-l\/\" \/>\n<meta property=\"og:locale\" content=\"it_IT\" \/>\n<meta property=\"og:type\" content=\"article\" \/>\n<meta property=\"og:title\" content=\"TIMBRO BIG STAMP L - BigStamping\" \/>\n<meta property=\"og:description\" content=\"Il nostro grande sigillo personalizzato in formato L. Le sue dimensioni sono 21x15x7,5 cm e viene utilizzato per personalizzare il merchandising, le borse e lasciare un segno.\" \/>\n<meta property=\"og:url\" content=\"https:\/\/www.bigstamping.com\/it\/producto\/timbro-big-stamp-l\/\" \/>\n<meta property=\"og:site_name\" content=\"BigStamping\" \/>\n<meta property=\"article:publisher\" content=\"https:\/\/www.facebook.com\/Bigstamping-241206903231462\/\" \/>\n<meta property=\"article:modified_time\" content=\"2025-10-17T18:46:30+00:00\" \/>\n<meta property=\"og:image\" content=\"https:\/\/www.bigstamping.com\/wp-content\/uploads\/2018\/12\/SELLO-L-ok.jpg\" \/>\n\t<meta property=\"og:image:width\" content=\"1080\" \/>\n\t<meta property=\"og:image:height\" content=\"1082\" \/>\n\t<meta property=\"og:image:type\" content=\"image\/jpeg\" \/>\n<meta name=\"twitter:card\" content=\"summary_large_image\" \/>\n<meta name=\"twitter:site\" content=\"@Bigstamping\" \/>\n<meta name=\"twitter:label1\" content=\"Tempo di lettura stimato\" \/>\n\t<meta name=\"twitter:data1\" content=\"1 minuto\" \/>\n<script type=\"application\/ld+json\" class=\"yoast-schema-graph\">{\"@context\":\"https:\/\/schema.org\",\"@graph\":[{\"@type\":\"WebPage\",\"@id\":\"https:\/\/www.bigstamping.com\/it\/producto\/timbro-big-stamp-l\/\",\"url\":\"https:\/\/www.bigstamping.com\/it\/producto\/timbro-big-stamp-l\/\",\"name\":\"TIMBRO BIG STAMP L - BigStamping\",\"isPartOf\":{\"@id\":\"https:\/\/www.bigstamping.com\/#website\"},\"primaryImageOfPage\":{\"@id\":\"https:\/\/www.bigstamping.com\/it\/producto\/timbro-big-stamp-l\/#primaryimage\"},\"image\":{\"@id\":\"https:\/\/www.bigstamping.com\/it\/producto\/timbro-big-stamp-l\/#primaryimage\"},\"thumbnailUrl\":\"https:\/\/www.bigstamping.com\/wp-content\/uploads\/2018\/12\/SELLO-L-ok.jpg\",\"datePublished\":\"2018-12-05T17:01:17+00:00\",\"dateModified\":\"2025-10-17T18:46:30+00:00\",\"description\":\"Il nostro grande sigillo personalizzato in formato L. Le sue dimensioni sono 21x15x7,5 cm e viene utilizzato per personalizzare il merchandising, le borse e lasciare un segno.\",\"breadcrumb\":{\"@id\":\"https:\/\/www.bigstamping.com\/it\/producto\/timbro-big-stamp-l\/#breadcrumb\"},\"inLanguage\":\"it-IT\",\"potentialAction\":[{\"@type\":\"ReadAction\",\"target\":[\"https:\/\/www.bigstamping.com\/it\/producto\/timbro-big-stamp-l\/\"]}]},{\"@type\":\"ImageObject\",\"inLanguage\":\"it-IT\",\"@id\":\"https:\/\/www.bigstamping.com\/it\/producto\/timbro-big-stamp-l\/#primaryimage\",\"url\":\"https:\/\/www.bigstamping.com\/wp-content\/uploads\/2018\/12\/SELLO-L-ok.jpg\",\"contentUrl\":\"https:\/\/www.bigstamping.com\/wp-content\/uploads\/2018\/12\/SELLO-L-ok.jpg\",\"width\":1080,\"height\":1082,\"caption\":\"Medidas Sello talla L de BigStamping. El sello incluido en el Super Stamping Kit\"},{\"@type\":\"BreadcrumbList\",\"@id\":\"https:\/\/www.bigstamping.com\/it\/producto\/timbro-big-stamp-l\/#breadcrumb\",\"itemListElement\":[{\"@type\":\"ListItem\",\"position\":1,\"name\":\"Portada\",\"item\":\"https:\/\/www.bigstamping.com\/en\/\"},{\"@type\":\"ListItem\",\"position\":2,\"name\":\"TIMBRO BIG STAMP L\"}]},{\"@type\":\"WebSite\",\"@id\":\"https:\/\/www.bigstamping.com\/#website\",\"url\":\"https:\/\/www.bigstamping.com\/\",\"name\":\"BigStamping\",\"description\":\"Sellos de gran tama\u00f1o para stampear\",\"publisher\":{\"@id\":\"https:\/\/www.bigstamping.com\/#organization\"},\"potentialAction\":[{\"@type\":\"SearchAction\",\"target\":{\"@type\":\"EntryPoint\",\"urlTemplate\":\"https:\/\/www.bigstamping.com\/?s={search_term_string}\"},\"query-input\":{\"@type\":\"PropertyValueSpecification\",\"valueRequired\":true,\"valueName\":\"search_term_string\"}}],\"inLanguage\":\"it-IT\"},{\"@type\":\"Organization\",\"@id\":\"https:\/\/www.bigstamping.com\/#organization\",\"name\":\"BigStamping\",\"url\":\"https:\/\/www.bigstamping.com\/\",\"logo\":{\"@type\":\"ImageObject\",\"inLanguage\":\"it-IT\",\"@id\":\"https:\/\/www.bigstamping.com\/#\/schema\/logo\/image\/\",\"url\":\"https:\/\/www.bigstamping.com\/wp-content\/uploads\/2018\/12\/big-stamper-amarillo.jpg\",\"contentUrl\":\"https:\/\/www.bigstamping.com\/wp-content\/uploads\/2018\/12\/big-stamper-amarillo.jpg\",\"width\":293,\"height\":300,\"caption\":\"BigStamping\"},\"image\":{\"@id\":\"https:\/\/www.bigstamping.com\/#\/schema\/logo\/image\/\"},\"sameAs\":[\"https:\/\/www.facebook.com\/Bigstamping-241206903231462\/\",\"https:\/\/x.com\/Bigstamping\",\"https:\/\/www.instagram.com\/bigstamping\/\",\"https:\/\/www.youtube.com\/channel\/UC_l3jNsBYYC-Ds9pzcZy_Vg\"]}]}<\/script>\n<!-- \/ Yoast SEO plugin. -->","yoast_head_json":{"title":"TIMBRO BIG STAMP L - BigStamping","description":"Il nostro grande sigillo personalizzato in formato L. Le sue dimensioni sono 21x15x7,5 cm e viene utilizzato per personalizzare il merchandising, le borse e lasciare un segno.","robots":{"index":"index","follow":"follow","max-snippet":"max-snippet:-1","max-image-preview":"max-image-preview:large","max-video-preview":"max-video-preview:-1"},"canonical":"https:\/\/www.bigstamping.com\/it\/producto\/timbro-big-stamp-l\/","og_locale":"it_IT","og_type":"article","og_title":"TIMBRO BIG STAMP L - BigStamping","og_description":"Il nostro grande sigillo personalizzato in formato L. Le sue dimensioni sono 21x15x7,5 cm e viene utilizzato per personalizzare il merchandising, le borse e lasciare un segno.","og_url":"https:\/\/www.bigstamping.com\/it\/producto\/timbro-big-stamp-l\/","og_site_name":"BigStamping","article_publisher":"https:\/\/www.facebook.com\/Bigstamping-241206903231462\/","article_modified_time":"2025-10-17T18:46:30+00:00","og_image":[{"width":1080,"height":1082,"url":"https:\/\/www.bigstamping.com\/wp-content\/uploads\/2018\/12\/SELLO-L-ok.jpg","type":"image\/jpeg"}],"twitter_card":"summary_large_image","twitter_site":"@Bigstamping","twitter_misc":{"Tempo di lettura stimato":"1 minuto"},"schema":{"@context":"https:\/\/schema.org","@graph":[{"@type":"WebPage","@id":"https:\/\/www.bigstamping.com\/it\/producto\/timbro-big-stamp-l\/","url":"https:\/\/www.bigstamping.com\/it\/producto\/timbro-big-stamp-l\/","name":"TIMBRO BIG STAMP L - BigStamping","isPartOf":{"@id":"https:\/\/www.bigstamping.com\/#website"},"primaryImageOfPage":{"@id":"https:\/\/www.bigstamping.com\/it\/producto\/timbro-big-stamp-l\/#primaryimage"},"image":{"@id":"https:\/\/www.bigstamping.com\/it\/producto\/timbro-big-stamp-l\/#primaryimage"},"thumbnailUrl":"https:\/\/www.bigstamping.com\/wp-content\/uploads\/2018\/12\/SELLO-L-ok.jpg","datePublished":"2018-12-05T17:01:17+00:00","dateModified":"2025-10-17T18:46:30+00:00","description":"Il nostro grande sigillo personalizzato in formato L. Le sue dimensioni sono 21x15x7,5 cm e viene utilizzato per personalizzare il merchandising, le borse e lasciare un segno.","breadcrumb":{"@id":"https:\/\/www.bigstamping.com\/it\/producto\/timbro-big-stamp-l\/#breadcrumb"},"inLanguage":"it-IT","potentialAction":[{"@type":"ReadAction","target":["https:\/\/www.bigstamping.com\/it\/producto\/timbro-big-stamp-l\/"]}]},{"@type":"ImageObject","inLanguage":"it-IT","@id":"https:\/\/www.bigstamping.com\/it\/producto\/timbro-big-stamp-l\/#primaryimage","url":"https:\/\/www.bigstamping.com\/wp-content\/uploads\/2018\/12\/SELLO-L-ok.jpg","contentUrl":"https:\/\/www.bigstamping.com\/wp-content\/uploads\/2018\/12\/SELLO-L-ok.jpg","width":1080,"height":1082,"caption":"Medidas Sello talla L de BigStamping. El sello incluido en el Super Stamping Kit"},{"@type":"BreadcrumbList","@id":"https:\/\/www.bigstamping.com\/it\/producto\/timbro-big-stamp-l\/#breadcrumb","itemListElement":[{"@type":"ListItem","position":1,"name":"Portada","item":"https:\/\/www.bigstamping.com\/en\/"},{"@type":"ListItem","position":2,"name":"TIMBRO BIG STAMP L"}]},{"@type":"WebSite","@id":"https:\/\/www.bigstamping.com\/#website","url":"https:\/\/www.bigstamping.com\/","name":"BigStamping","description":"Sellos de gran tama\u00f1o para stampear","publisher":{"@id":"https:\/\/www.bigstamping.com\/#organization"},"potentialAction":[{"@type":"SearchAction","target":{"@type":"EntryPoint","urlTemplate":"https:\/\/www.bigstamping.com\/?s={search_term_string}"},"query-input":{"@type":"PropertyValueSpecification","valueRequired":true,"valueName":"search_term_string"}}],"inLanguage":"it-IT"},{"@type":"Organization","@id":"https:\/\/www.bigstamping.com\/#organization","name":"BigStamping","url":"https:\/\/www.bigstamping.com\/","logo":{"@type":"ImageObject","inLanguage":"it-IT","@id":"https:\/\/www.bigstamping.com\/#\/schema\/logo\/image\/","url":"https:\/\/www.bigstamping.com\/wp-content\/uploads\/2018\/12\/big-stamper-amarillo.jpg","contentUrl":"https:\/\/www.bigstamping.com\/wp-content\/uploads\/2018\/12\/big-stamper-amarillo.jpg","width":293,"height":300,"caption":"BigStamping"},"image":{"@id":"https:\/\/www.bigstamping.com\/#\/schema\/logo\/image\/"},"sameAs":["https:\/\/www.facebook.com\/Bigstamping-241206903231462\/","https:\/\/x.com\/Bigstamping","https:\/\/www.instagram.com\/bigstamping\/","https:\/\/www.youtube.com\/channel\/UC_l3jNsBYYC-Ds9pzcZy_Vg"]}]}},"_links":{"self":[{"href":"https:\/\/www.bigstamping.com\/it\/wp-json\/wp\/v2\/product\/35786","targetHints":{"allow":["GET"]}}],"collection":[{"href":"https:\/\/www.bigstamping.com\/it\/wp-json\/wp\/v2\/product"}],"about":[{"href":"https:\/\/www.bigstamping.com\/it\/wp-json\/wp\/v2\/types\/product"}],"version-history":[{"count":0,"href":"https:\/\/www.bigstamping.com\/it\/wp-json\/wp\/v2\/product\/35786\/revisions"}],"wp:featuredmedia":[{"embeddable":true,"href":"https:\/\/www.bigstamping.com\/it\/wp-json\/wp\/v2\/media\/429303"}],"wp:attachment":[{"href":"https:\/\/www.bigstamping.com\/it\/wp-json\/wp\/v2\/media?parent=35786"}],"wp:term":[{"taxonomy":"product_brand","embeddable":true,"href":"https:\/\/www.bigstamping.com\/it\/wp-json\/wp\/v2\/product_brand?post=35786"},{"taxonomy":"product_cat","embeddable":true,"href":"https:\/\/www.bigstamping.com\/it\/wp-json\/wp\/v2\/product_cat?post=35786"},{"taxonomy":"product_tag","embeddable":true,"href":"https:\/\/www.bigstamping.com\/it\/wp-json\/wp\/v2\/product_tag?post=35786"}],"curies":[{"name":"wp","href":"https:\/\/api.w.org\/{rel}","templated":true}]}}