{"id":36082,"date":"2018-12-05T16:57:09","date_gmt":"2021-01-19T16:45:50","guid":{"rendered":"https:\/\/www.bigstamping.com\/producto\/grande-mega-stamping-kit\/"},"modified":"2024-09-12T12:44:36","modified_gmt":"2024-09-12T11:44:36","slug":"gran-mega-stamping-kit","status":"publish","type":"product","link":"https:\/\/www.bigstamping.com\/it\/producto\/gran-mega-stamping-kit\/","title":{"rendered":"GRANDE MEGA STAMPING KIT"},"content":{"rendered":"<p><span style=\"font-weight: 400;\">Dimensioni della scatola: 42x28x12 cm<\/span><\/p>\n<hr \/>\n<p>Peso circa: 2.300 grammi<\/p>\n","protected":false},"excerpt":{"rendered":"<p><strong>Vi abbiamo gi\u00e0 detto che noi di BigStamping produciamo i francobolli pi\u00f9 grandi del mondo?<\/strong> Con i kit e i timbri precedenti avrete gi\u00e0 capito che facciamo sul serio, ma se stavate cercando<strong> francobolli giganti<\/strong>con cui includiamo in <strong>el Mega Stamping Kit<\/strong>sarete sorpresi in modo significativo!<\/p>\n<p>Questo kit comprende il nostro timbro pi\u00f9 grande e coloro che lo hanno acquistato hanno gi\u00e0 confermato che, nonostante le sue dimensioni imponenti, \u00e8 comunque <strong>perfetto per timbrare loghi e disegni di grandi dimensioni su tutti i tipi di superfici con risultati eccellenti!<\/strong><\/p>\n<p>Di seguito troverete tutti i dettagli su questo kit, le modalit\u00e0 di personalizzazione, i tempi di consegna, ecc. <strong>Non esitate e unitevi alla nostra comunit\u00e0 di timbratori!<\/strong><\/p>\n[acordeon_personalizado]<\/p>\n<p>[pestana_acordeon_personalizado titulo=\"Cosa contiene il Big Mega Stamping Kit?\"]<\/p>\n<p>Nel <strong>Gran Mega Stamping<\/strong> Kit troverete:<\/p>\n<p><strong>-1 grande francobollo BigStamp formato \u201cXXL\u201d di 39&#215;27 cm (15,3&#215;10,6 in)<\/strong><\/p>\n<p>La misura indicata corrisponde alle dimensioni del legno. Questo legno pu\u00f2 essere utilizzato sia in verticale che in orizzontale, a seconda del progetto.<\/p>\n<p>Nel rispetto delle dimensioni del legno, \u00e8 possibile realizzare il disegno nelle dimensioni desiderate. <strong>Se desiderate che il vostro disegno abbia misure specifiche all&#8217;interno del legno, vi preghiamo di indicarlo nella sezione \u201cNOTE\u201d alla fine dell&#8217;ordine.<\/strong><\/p>\n<p><span style=\"text-decoration: underline;\"><strong>*NOTA:<\/strong><\/span> se il disegno del timbro ha un&#8217;altezza inferiore a <strong>7 cm (2,7 in)<\/strong>, lo invieremo con il modello di supporto <strong>Long Big Stamp XXL<\/strong>, che faciliter\u00e0 la timbratura.<\/p>\n<p>Il supporto <strong>Long Bing XXL \u00e8 un legno allungato che misura 39 x 7 cm (15,3 x 2,7 in)<\/strong> ed \u00e8 destinato a disegni allungati. Non dovete fare nulla. Quando riceveremo un progetto adatto a questo formato, ce ne occuperemo automaticamente.<\/p>\n<p><strong>&#8211; 1 barattolo o flacone di inchiostro a scelta:<\/strong><br \/>\n&#8211; Inchiostro flessografico Carta, cartone e legno 125 ml (4,2 oz.), 14 colori disponibili.<br \/>\n&#8211; Inchiostro Xilografico Tessile 75 ml (2,5 oz.), 10 colori disponibili.<\/p>\n<p><strong>&#8211; 1 Rullo per stendere l&#8217;inchiostro<\/strong><\/p>\n<p>Uno strumento\/rullo di gomma per applicare l&#8217;inchiostro al timbro. La sua struttura elimina la deformazione e rende il trasferimento dell&#8217;inchiostro fluido e uniforme.<\/p>\n<p><strong>&#8211; 4 fogli di PVC per il deposito dell&#8217;inchiostro<\/strong><\/p>\n<p>Fogli in formato A3 con bordi arrotondati, lisci e scivolosi, che consentono di stendere l&#8217;inchiostro facilmente e senza sbavature. Possono essere lavati con acqua e sapone e utilizzati tutte le volte che si vuole!<\/p>\n<p><strong>&#8211; 5 Spatole di legno per la rimozione dell&#8217;inchiostro<\/strong><\/p>\n<p>Bastoncini in legno naturale di dimensioni 10\u00d71 cm. per rimuovere facilmente e senza problemi l&#8217;inchiostro per carta e cartone dal barattolo. Per l&#8217;inchiostro per tessuti, essendo in tubetto, non \u00e8 necessario utilizzarli.<\/p>\n<p>[\/pestana_acordeon_personalizado]<\/p>\n<p>[pestana_acordeon_personalizado titulo=\"Perch\u00e9 scegliere i timbri BigStamping?\"]<\/p>\n<p>Noi di <strong>BigStamping <\/strong> produciamo i timbri pi\u00f9 grandi del mondo e, grazie alla nostra esperienza, vi offriamo un prodotto in grado di darvi <strong>prestazioni e risultati SPETTACOLARI.<\/strong><\/p>\n<p>Ciascuno dei <strong>nostri timbri \u00e8 dotato di uno speciale sistema di ammortizzazione <\/strong> che fa s\u00ec che la timbratura si adatti correttamente a tutte le superfici, consentendo un trasferimento dell&#8217;inchiostro pi\u00f9 omogeneo e non dovendo esercitare troppa forza\/pressione durante la timbratura.<\/p>\n<p>Questo, insieme alla qualit\u00e0 dei nostri inchiostri, fa s\u00ec che i nostri timbri possano offrirvi quei risultati che avete gi\u00e0 visto nei video e nelle fotografie che condividiamo sui social network e che, nel 99% dei casi, provengono da clienti soddisfatti. <strong>Non c&#8217;\u00e8 dubbio! Acquistate un timbro BigStamping o un kit BigStamping e rafforzate l&#8217;immagine del vostro marchio con risultati mai visti prima.<\/strong><\/p>\n<p>[\/pestana_acordeon_personalizado]<\/p>\n<p>[pestana_acordeon_personalizado titulo=\"Come si ordina?\"]<\/p>\n<p>Una volta scelto <strong>il kit BigStamping<\/strong>, dopo la descrizione e i dettagli, troverete un&#8217;area\/tasto per aggiungere il file contenente il vostro disegno. Se avete un&#8217;immagine in formato vettoriale, potremo lavorarci meglio; in caso contrario, inviatecela nel formato di immagine di migliore qualit\u00e0 che avete.<\/p>\n<p>Dopo questo passaggio, si trova il selettore dell&#8217;inchiostro. Selezionare il tipo di inchiostro desiderato. \u00c8 possibile scegliere tra:<\/p>\n<p><strong>\u2022Inchiostro flessografico Carta, cartone e legno 125 ml (4,2 oz.), 14 colori disponibili.<\/strong><br \/>\n<strong>\u2022Inchiostro Xilografico Tessile 75 ml (2,5 oz.), 10 colori disponibili.<\/strong><\/p>\n<p>Nel kit \u00e8 incluso un solo inchiostro. Se si desiderano altri inchiostri o entrambi i tipi di inchiostro, \u00e8 necessario aggiungerli al carrello dalla pagina del prodotto.Se si desiderano altri inchiostri o entrambi i tipi di inchiostro, \u00e8 necessario aggiungerli al carrello dalla pagina del prodotto.<\/p>\n<p>Se abbiamo qualche problema o dubbio con il vostro disegno, non preoccupatevi, vi contatteremo! Alla fine del vostro acquisto c&#8217;\u00e8 una sezione \u201cNOTE\u201d dove potete lasciare qualsiasi indicazione o commento sul vostro ordine: disegno, dimensioni finali del disegno, se volete vedere uno schizzo precedente, ecc&#8230;<\/p>\n<p><strong>\u00b7 Metodi di pagamento accettati: carte di debito\/credito e Paypal.<\/strong><\/p>\n<p>[\/pestana_acordeon_personalizado]<\/p>\n<p>[pestana_acordeon_personalizado titulo=\"Tipi di file supportati\"]<\/p>\n<p><strong>I tipi di file supportati per la creazione di timbri di grandi dimensioni sono: svg, tiff, eps, ai, jpg, psd, pdf, jpeg, png, cdr, tif, ecc.<\/strong><\/p>\n<p><strong>Dimensione massima del file: 10 MB<\/strong><\/p>\n<p>L&#8217;ideale \u00e8 inviare i disegni in formato vettoriale, nel loro formato nativo, cio\u00e8 nel programma in cui sono stati progettati: AI, CDR, PDF, ecc.<\/p>\n<p>Nel caso in cui non si disponga di questi formati, \u00e8 possibile inviare il file immagine nella massima qualit\u00e0 possibile.<\/p>\n<p>L&#8217;immagine o il disegno non devono contenere pi\u00f9 di un colore. N\u00e9 sfumature n\u00e9 gradienti. Deve essere monocromatico con inchiostro bianco o nero al 100%.<\/p>\n<p>Se abbiamo qualche problema o dubbio con il vostro progetto, non preoccupatevi, vi contatteremo.<\/p>\n<p>[\/pestana_acordeon_personalizado]<\/p>\n<p>[pestana_acordeon_personalizado titulo=\"Tempi di consegna e costi di spedizione\"]<\/p>\n<p>Spediamo in tutti i Paesi della Comunit\u00e0 Economica Europea. Spediamo anche negli Stati Uniti, Regno Unito, Turchia, Svizzera, Canada, Australia, Cile, Emirati Arabi Uniti e Giappone.<\/p>\n<p><strong>Termini di consegna<\/strong><\/p>\n<p>Dal momento dell&#8217;ordine e se non ci sono problemi con il disegno, ci vorranno circa <strong>7-15 giorni lavorativi per consegnare l&#8217;ordine.<\/strong><\/p>\n<p><span style=\"text-decoration: underline;\"><strong>*NOTA:<\/strong><\/span> Non siamo responsabili di eventuali ritardi causati da societ\u00e0 di trasporto o enti di controllo.<\/p>\n<p><strong>Costo delle spedizioni<\/strong><\/p>\n<p>Il costo della spedizione viene calcolato automaticamente dal sito web in base al paese e agli articoli aggiunti al carrello.<\/p>\n<p>\u00c8 possibile ottenere la spedizione gratuita a partire da 100 euro, a seconda della destinazione di consegna. Per informazioni pi\u00f9 dettagliate sui costi di spedizione e sugli importi richiesti per la consegna gratuita, <a href=\"https:\/\/www.bigstamping.com\/it\/faq\/\">visitate la sezione FAQ<\/a> e verificate le condizioni relative al vostro indirizzo.<\/p>\n<p>[\/pestana_acordeon_personalizado]<\/p>\n<p>[\/acordeon_personalizado]\n","protected":false},"featured_media":438368,"template":"","meta":{"_acf_changed":false,"_genesis_hide_title":false,"_genesis_hide_breadcrumbs":false,"_genesis_hide_singular_image":false,"_genesis_hide_footer_widgets":false,"_genesis_custom_body_class":"","_genesis_custom_post_class":"","_genesis_layout":""},"product_brand":[],"product_cat":[345],"product_tag":[363],"class_list":{"0":"post-36082","1":"product","2":"type-product","3":"status-publish","4":"has-post-thumbnail","6":"product_cat-kits-it","7":"product_tag-megastamping-kit-it","8":"product_shipping_class-costo-extra-kit-gran-mega","9":"entry","11":"first","12":"instock","13":"taxable","14":"shipping-taxable","15":"purchasable","16":"product-type-variable"},"acf":[],"yoast_head":"<!-- This site is optimized with the Yoast SEO plugin v26.7 - https:\/\/yoast.com\/wordpress\/plugins\/seo\/ -->\n<title>GRANDE MEGA STAMPING KIT<\/title>\n<meta name=\"description\" content=\"Il nostro kit di francobolli giganti comprende un francobollo XXL, inchiostro, acetato, pallet e rullo. Tutto ci\u00f2 che serve per personalizzare il merchandising.\" \/>\n<meta name=\"robots\" content=\"index, follow, max-snippet:-1, max-image-preview:large, max-video-preview:-1\" \/>\n<link rel=\"canonical\" href=\"https:\/\/www.bigstamping.com\/it\/producto\/gran-mega-stamping-kit\/\" \/>\n<meta property=\"og:locale\" content=\"it_IT\" \/>\n<meta property=\"og:type\" content=\"article\" \/>\n<meta property=\"og:title\" content=\"GRANDE MEGA STAMPING KIT\" \/>\n<meta property=\"og:description\" content=\"Il nostro kit di francobolli giganti comprende un francobollo XXL, inchiostro, acetato, pallet e rullo. Tutto ci\u00f2 che serve per personalizzare il merchandising.\" \/>\n<meta property=\"og:url\" content=\"https:\/\/www.bigstamping.com\/it\/producto\/gran-mega-stamping-kit\/\" \/>\n<meta property=\"og:site_name\" content=\"BigStamping\" \/>\n<meta property=\"article:publisher\" content=\"https:\/\/www.facebook.com\/Bigstamping-241206903231462\/\" \/>\n<meta property=\"article:modified_time\" content=\"2024-09-12T11:44:36+00:00\" \/>\n<meta property=\"og:image\" content=\"https:\/\/www.bigstamping.com\/wp-content\/uploads\/2018\/12\/KIT-MEGA-OK.webp\" \/>\n\t<meta property=\"og:image:width\" content=\"1080\" \/>\n\t<meta property=\"og:image:height\" content=\"1080\" \/>\n\t<meta property=\"og:image:type\" content=\"image\/webp\" \/>\n<meta name=\"twitter:card\" content=\"summary_large_image\" \/>\n<meta name=\"twitter:site\" content=\"@Bigstamping\" \/>\n<meta name=\"twitter:label1\" content=\"Tempo di lettura stimato\" \/>\n\t<meta name=\"twitter:data1\" content=\"1 minuto\" \/>\n<script type=\"application\/ld+json\" class=\"yoast-schema-graph\">{\"@context\":\"https:\/\/schema.org\",\"@graph\":[{\"@type\":\"WebPage\",\"@id\":\"https:\/\/www.bigstamping.com\/it\/producto\/gran-mega-stamping-kit\/\",\"url\":\"https:\/\/www.bigstamping.com\/it\/producto\/gran-mega-stamping-kit\/\",\"name\":\"GRANDE MEGA STAMPING KIT\",\"isPartOf\":{\"@id\":\"https:\/\/www.bigstamping.com\/#website\"},\"primaryImageOfPage\":{\"@id\":\"https:\/\/www.bigstamping.com\/it\/producto\/gran-mega-stamping-kit\/#primaryimage\"},\"image\":{\"@id\":\"https:\/\/www.bigstamping.com\/it\/producto\/gran-mega-stamping-kit\/#primaryimage\"},\"thumbnailUrl\":\"https:\/\/www.bigstamping.com\/wp-content\/uploads\/2018\/12\/KIT-MEGA-OK.webp\",\"datePublished\":\"2021-01-19T16:45:50+00:00\",\"dateModified\":\"2024-09-12T11:44:36+00:00\",\"description\":\"Il nostro kit di francobolli giganti comprende un francobollo XXL, inchiostro, acetato, pallet e rullo. Tutto ci\u00f2 che serve per personalizzare il merchandising.\",\"breadcrumb\":{\"@id\":\"https:\/\/www.bigstamping.com\/it\/producto\/gran-mega-stamping-kit\/#breadcrumb\"},\"inLanguage\":\"it-IT\",\"potentialAction\":[{\"@type\":\"ReadAction\",\"target\":[\"https:\/\/www.bigstamping.com\/it\/producto\/gran-mega-stamping-kit\/\"]}]},{\"@type\":\"ImageObject\",\"inLanguage\":\"it-IT\",\"@id\":\"https:\/\/www.bigstamping.com\/it\/producto\/gran-mega-stamping-kit\/#primaryimage\",\"url\":\"https:\/\/www.bigstamping.com\/wp-content\/uploads\/2018\/12\/KIT-MEGA-OK.webp\",\"contentUrl\":\"https:\/\/www.bigstamping.com\/wp-content\/uploads\/2018\/12\/KIT-MEGA-OK.webp\",\"width\":1080,\"height\":1080,\"caption\":\"Kit Big Stamping XXL que incluye sello personalizado de gran tama\u00f1o, acetatos, rodillo, pintura y paletas\"},{\"@type\":\"BreadcrumbList\",\"@id\":\"https:\/\/www.bigstamping.com\/it\/producto\/gran-mega-stamping-kit\/#breadcrumb\",\"itemListElement\":[{\"@type\":\"ListItem\",\"position\":1,\"name\":\"Portada\",\"item\":\"https:\/\/www.bigstamping.com\/en\/\"},{\"@type\":\"ListItem\",\"position\":2,\"name\":\"GRANDE MEGA STAMPING KIT\"}]},{\"@type\":\"WebSite\",\"@id\":\"https:\/\/www.bigstamping.com\/#website\",\"url\":\"https:\/\/www.bigstamping.com\/\",\"name\":\"BigStamping\",\"description\":\"Sellos de gran tama\u00f1o para stampear\",\"publisher\":{\"@id\":\"https:\/\/www.bigstamping.com\/#organization\"},\"potentialAction\":[{\"@type\":\"SearchAction\",\"target\":{\"@type\":\"EntryPoint\",\"urlTemplate\":\"https:\/\/www.bigstamping.com\/?s={search_term_string}\"},\"query-input\":{\"@type\":\"PropertyValueSpecification\",\"valueRequired\":true,\"valueName\":\"search_term_string\"}}],\"inLanguage\":\"it-IT\"},{\"@type\":\"Organization\",\"@id\":\"https:\/\/www.bigstamping.com\/#organization\",\"name\":\"BigStamping\",\"url\":\"https:\/\/www.bigstamping.com\/\",\"logo\":{\"@type\":\"ImageObject\",\"inLanguage\":\"it-IT\",\"@id\":\"https:\/\/www.bigstamping.com\/#\/schema\/logo\/image\/\",\"url\":\"https:\/\/www.bigstamping.com\/wp-content\/uploads\/2018\/12\/big-stamper-amarillo.jpg\",\"contentUrl\":\"https:\/\/www.bigstamping.com\/wp-content\/uploads\/2018\/12\/big-stamper-amarillo.jpg\",\"width\":293,\"height\":300,\"caption\":\"BigStamping\"},\"image\":{\"@id\":\"https:\/\/www.bigstamping.com\/#\/schema\/logo\/image\/\"},\"sameAs\":[\"https:\/\/www.facebook.com\/Bigstamping-241206903231462\/\",\"https:\/\/x.com\/Bigstamping\",\"https:\/\/www.instagram.com\/bigstamping\/\",\"https:\/\/www.youtube.com\/channel\/UC_l3jNsBYYC-Ds9pzcZy_Vg\"]}]}<\/script>\n<!-- \/ Yoast SEO plugin. -->","yoast_head_json":{"title":"GRANDE MEGA STAMPING KIT","description":"Il nostro kit di francobolli giganti comprende un francobollo XXL, inchiostro, acetato, pallet e rullo. Tutto ci\u00f2 che serve per personalizzare il merchandising.","robots":{"index":"index","follow":"follow","max-snippet":"max-snippet:-1","max-image-preview":"max-image-preview:large","max-video-preview":"max-video-preview:-1"},"canonical":"https:\/\/www.bigstamping.com\/it\/producto\/gran-mega-stamping-kit\/","og_locale":"it_IT","og_type":"article","og_title":"GRANDE MEGA STAMPING KIT","og_description":"Il nostro kit di francobolli giganti comprende un francobollo XXL, inchiostro, acetato, pallet e rullo. Tutto ci\u00f2 che serve per personalizzare il merchandising.","og_url":"https:\/\/www.bigstamping.com\/it\/producto\/gran-mega-stamping-kit\/","og_site_name":"BigStamping","article_publisher":"https:\/\/www.facebook.com\/Bigstamping-241206903231462\/","article_modified_time":"2024-09-12T11:44:36+00:00","og_image":[{"width":1080,"height":1080,"url":"https:\/\/www.bigstamping.com\/wp-content\/uploads\/2018\/12\/KIT-MEGA-OK.webp","type":"image\/webp"}],"twitter_card":"summary_large_image","twitter_site":"@Bigstamping","twitter_misc":{"Tempo di lettura stimato":"1 minuto"},"schema":{"@context":"https:\/\/schema.org","@graph":[{"@type":"WebPage","@id":"https:\/\/www.bigstamping.com\/it\/producto\/gran-mega-stamping-kit\/","url":"https:\/\/www.bigstamping.com\/it\/producto\/gran-mega-stamping-kit\/","name":"GRANDE MEGA STAMPING KIT","isPartOf":{"@id":"https:\/\/www.bigstamping.com\/#website"},"primaryImageOfPage":{"@id":"https:\/\/www.bigstamping.com\/it\/producto\/gran-mega-stamping-kit\/#primaryimage"},"image":{"@id":"https:\/\/www.bigstamping.com\/it\/producto\/gran-mega-stamping-kit\/#primaryimage"},"thumbnailUrl":"https:\/\/www.bigstamping.com\/wp-content\/uploads\/2018\/12\/KIT-MEGA-OK.webp","datePublished":"2021-01-19T16:45:50+00:00","dateModified":"2024-09-12T11:44:36+00:00","description":"Il nostro kit di francobolli giganti comprende un francobollo XXL, inchiostro, acetato, pallet e rullo. Tutto ci\u00f2 che serve per personalizzare il merchandising.","breadcrumb":{"@id":"https:\/\/www.bigstamping.com\/it\/producto\/gran-mega-stamping-kit\/#breadcrumb"},"inLanguage":"it-IT","potentialAction":[{"@type":"ReadAction","target":["https:\/\/www.bigstamping.com\/it\/producto\/gran-mega-stamping-kit\/"]}]},{"@type":"ImageObject","inLanguage":"it-IT","@id":"https:\/\/www.bigstamping.com\/it\/producto\/gran-mega-stamping-kit\/#primaryimage","url":"https:\/\/www.bigstamping.com\/wp-content\/uploads\/2018\/12\/KIT-MEGA-OK.webp","contentUrl":"https:\/\/www.bigstamping.com\/wp-content\/uploads\/2018\/12\/KIT-MEGA-OK.webp","width":1080,"height":1080,"caption":"Kit Big Stamping XXL que incluye sello personalizado de gran tama\u00f1o, acetatos, rodillo, pintura y paletas"},{"@type":"BreadcrumbList","@id":"https:\/\/www.bigstamping.com\/it\/producto\/gran-mega-stamping-kit\/#breadcrumb","itemListElement":[{"@type":"ListItem","position":1,"name":"Portada","item":"https:\/\/www.bigstamping.com\/en\/"},{"@type":"ListItem","position":2,"name":"GRANDE MEGA STAMPING KIT"}]},{"@type":"WebSite","@id":"https:\/\/www.bigstamping.com\/#website","url":"https:\/\/www.bigstamping.com\/","name":"BigStamping","description":"Sellos de gran tama\u00f1o para stampear","publisher":{"@id":"https:\/\/www.bigstamping.com\/#organization"},"potentialAction":[{"@type":"SearchAction","target":{"@type":"EntryPoint","urlTemplate":"https:\/\/www.bigstamping.com\/?s={search_term_string}"},"query-input":{"@type":"PropertyValueSpecification","valueRequired":true,"valueName":"search_term_string"}}],"inLanguage":"it-IT"},{"@type":"Organization","@id":"https:\/\/www.bigstamping.com\/#organization","name":"BigStamping","url":"https:\/\/www.bigstamping.com\/","logo":{"@type":"ImageObject","inLanguage":"it-IT","@id":"https:\/\/www.bigstamping.com\/#\/schema\/logo\/image\/","url":"https:\/\/www.bigstamping.com\/wp-content\/uploads\/2018\/12\/big-stamper-amarillo.jpg","contentUrl":"https:\/\/www.bigstamping.com\/wp-content\/uploads\/2018\/12\/big-stamper-amarillo.jpg","width":293,"height":300,"caption":"BigStamping"},"image":{"@id":"https:\/\/www.bigstamping.com\/#\/schema\/logo\/image\/"},"sameAs":["https:\/\/www.facebook.com\/Bigstamping-241206903231462\/","https:\/\/x.com\/Bigstamping","https:\/\/www.instagram.com\/bigstamping\/","https:\/\/www.youtube.com\/channel\/UC_l3jNsBYYC-Ds9pzcZy_Vg"]}]}},"_links":{"self":[{"href":"https:\/\/www.bigstamping.com\/it\/wp-json\/wp\/v2\/product\/36082","targetHints":{"allow":["GET"]}}],"collection":[{"href":"https:\/\/www.bigstamping.com\/it\/wp-json\/wp\/v2\/product"}],"about":[{"href":"https:\/\/www.bigstamping.com\/it\/wp-json\/wp\/v2\/types\/product"}],"version-history":[{"count":0,"href":"https:\/\/www.bigstamping.com\/it\/wp-json\/wp\/v2\/product\/36082\/revisions"}],"wp:featuredmedia":[{"embeddable":true,"href":"https:\/\/www.bigstamping.com\/it\/wp-json\/wp\/v2\/media\/438368"}],"wp:attachment":[{"href":"https:\/\/www.bigstamping.com\/it\/wp-json\/wp\/v2\/media?parent=36082"}],"wp:term":[{"taxonomy":"product_brand","embeddable":true,"href":"https:\/\/www.bigstamping.com\/it\/wp-json\/wp\/v2\/product_brand?post=36082"},{"taxonomy":"product_cat","embeddable":true,"href":"https:\/\/www.bigstamping.com\/it\/wp-json\/wp\/v2\/product_cat?post=36082"},{"taxonomy":"product_tag","embeddable":true,"href":"https:\/\/www.bigstamping.com\/it\/wp-json\/wp\/v2\/product_tag?post=36082"}],"curies":[{"name":"wp","href":"https:\/\/api.w.org\/{rel}","templated":true}]}}