{"id":36152,"date":"2018-12-05T17:18:02","date_gmt":"2018-12-05T17:18:02","guid":{"rendered":"https:\/\/www.bigstamping.com\/producto\/timbro-mini-stamp-rettangole\/"},"modified":"2024-06-26T19:31:54","modified_gmt":"2024-06-26T18:31:54","slug":"sello-mini-stampo-rettangolare","status":"publish","type":"product","link":"https:\/\/www.bigstamping.com\/it\/producto\/sello-mini-stampo-rettangolare\/","title":{"rendered":"TIMBRO MINI STAMP RETTANGOLARE"},"content":{"rendered":"<p><span style=\"font-weight: 400;\">Silla de montar: Madera de pino, acabado natural y barnizado<\/span><\/p>\n<hr \/>\n<p><span style=\"font-weight: 400;\">Base: Schiuma 2mm. <\/span><\/p>\n<hr \/>\n<p><span style=\"font-weight: 400;\">Gomma: Realizzata in resina morbida, foto polimero liquido alto 6 mm.<\/span><\/p>\n<hr \/>\n<p><span style=\"font-weight: 400;\">Dimensioni: 10,5 x 4,5 x 7 cm<\/span><\/p>\n<hr \/>\n<p><span style=\"font-weight: 400;\">Peso: 70 grammi.<\/span><\/p>\n<hr \/>\n<p><span style=\"font-weight: 400;\">Conservazione: Proteggere dal calore e dal sole. Lavare dopo ogni utilizzo con acqua corrente e asciugare con un panno.<\/span><\/p>\n<hr \/>\n<p><span style=\"font-weight: 400;\">Consigliato per: tutti i tipi di creazioni, soprattutto quelle di piccolo formato. Questi francobolli possono essere facilmente inchiostrate con un tampone tradizionale.<\/span><\/p>\n<hr \/>\n<p><span style=\"font-weight: 400;\">Numero di parte: BS-M03<\/span><\/p>\n","protected":false},"excerpt":{"rendered":"<p><strong>Il Mini Stamp Rettangolare \u00e8 il pi\u00f9 grande dei nostri mini timbri.<\/strong><\/p>\n<p><strong> Si tratta di un timbro in gomma con una base di 10,5&#215;4,5 cm (4,1&#215;1,77 in) e un supporto in legno con un&#8217;impugnatura ergonomica. <\/strong><\/p>\n<p><span style=\"font-weight: 400;\">Come i loro fratelli maggiori, <strong>i Mini Stamp Rettangolari<\/strong> sono realizzati in resina di alta qualit\u00e0, che consente di stampare facilmente su tutti i tipi di superfici assorbenti. <\/span><\/p>\n[acordeon_personalizado]<\/p>\n<p>[pestana_acordeon_personalizado titulo=\"Usi consigliati\"]<\/p>\n<p><span style=\"font-weight: 400;\">Grazie alle loro dimensioni, i <strong> timbri Mini Stamps BigStamping sono adatti a timbrare piccole superfici, <\/strong> <strong>ne consigliamo l&#8217;uso per la cancelleria generale, come inviti, buste, biglietti e confezioni regalo. Naturalmente \u00e8 possibile utilizzarlo per tutte le applicazioni possibili, ma sempre in formato mini.<\/strong><\/span><\/p>\n<p>E ricordate! Abbiamo una <strong>gamma speciale di inchiostri per mini timbri<\/strong>: <a href=\"https:\/\/www.bigstamping.com\/producto\/tinta-textil-para-ministamps\/\">inchiostro per tessuti<\/a>, <a href=\"https:\/\/www.bigstamping.com\/producto\/tinta-multisuperficie-de-secado-rapido\/\">inchiostro multisuperficie a rapida essiccazione<\/a> e <a href=\"https:\/\/www.bigstamping.com\/producto\/tinta-para-superficies-porosas\/\">inchiostro per superfici porose<\/a> (carta, cartone, legno, ecc.).<\/p>\n<p><span style=\"font-weight: 400;\">Con il <strong>Mini Stamp Rettangolare<\/strong> potrete lasciare il vostro segno ovunque possiate immaginare e potrete portarlo sempre con voi, grazie alle sue dimensioni. <strong>Mostrate il vostro marchio in formato mini, ma con la qualit\u00e0 gigante di BigStamping! \ud83d\ude09<\/strong><\/span><\/p>\n<p>[\/pestana_acordeon_personalizado]<\/p>\n<p>[pestana_acordeon_personalizado titulo=\"Come si ordina?\"]<\/p>\n<p>Una volta scelto <strong>il timbro BigStamping o il mini timbro ed entrati nella pagina corrispondente<\/strong>, dopo la descrizione e i dettagli, troverete un&#8217;area\/tasto per aggiungere il file contenente il vostro disegno. Aggiungetelo l\u00ec!<\/p>\n<p>Se avete un&#8217;immagine in formato vettoriale, potremo lavorarci meglio; in caso contrario, inviatecela nel formato di immagine di migliore qualit\u00e0 che avete.<\/p>\n<p>Se abbiamo qualche problema o dubbio con il vostro disegno, non preoccupatevi, vi contatteremo! Alla fine del vostro acquisto c&#8217;\u00e8 una sezione \u201cNOTE\u201d dove potete lasciare qualsiasi indicazione o commento sul vostro ordine: disegno, dimensioni finali del disegno, se volete vedere uno schizzo precedente, ecc&#8230;<\/p>\n<p><strong>\u00b7 Metodi di pagamento accettati: carte di debito\/credito e Paypal.<\/strong><\/p>\n<p>[\/pestana_acordeon_personalizado]<\/p>\n<p>[pestana_acordeon_personalizado titulo=\"Tipi di file supportati\"]<\/p>\n<p><strong>I tipi di file supportati per la creazione di timbri di grandi dimensioni sono: svg, tiff, eps, ai, jpg, psd, pdf, jpeg, png, cdr, tif, ecc.<\/strong><\/p>\n<p><strong>Dimensione massima del file: 10 MB<\/strong><\/p>\n<p>L&#8217;ideale \u00e8 inviare i disegni in formato vettoriale, nel loro formato nativo, cio\u00e8 nel programma in cui sono stati progettati: AI, CDR, PDF, ecc.<\/p>\n<p>Nel caso in cui non si disponga di questi formati, \u00e8 possibile inviare il file immagine nella massima qualit\u00e0 possibile.<\/p>\n<p>L&#8217;immagine o il disegno non devono contenere pi\u00f9 di un colore. N\u00e9 sfumature n\u00e9 gradienti. Deve essere monocromatico con inchiostro bianco o nero al 100%.<\/p>\n<p>Se abbiamo qualche problema o dubbio con il vostro progetto, non preoccupatevi, vi contatteremo.<\/p>\n<p>[\/pestana_acordeon_personalizado]<\/p>\n<p>[pestana_acordeon_personalizado titulo=\"Tempi di consegna e costi di spedizione\"]<\/p>\n<p>Spediamo in tutti i Paesi della Comunit\u00e0 Economica Europea. Spediamo anche negli Stati Uniti, Regno Unito, Turchia, Svizzera, Canada, Australia, Cile, Emirati Arabi Uniti e Giappone.<\/p>\n<p><strong>Termini di consegna<\/strong><\/p>\n<p>Dal momento dell&#8217;ordine e se non ci sono problemi con il disegno, ci vorranno circa <strong>7-15 giorni lavorativi per consegnare l&#8217;ordine.<\/strong><\/p>\n<p><span style=\"text-decoration: underline;\"><strong>*NOTA:<\/strong><\/span> Non siamo responsabili di eventuali ritardi causati da societ\u00e0 di trasporto o enti di controllo.<\/p>\n<p><strong>Costo delle spedizioni<\/strong><\/p>\n<p>Il costo della spedizione viene calcolato automaticamente dal sito web in base al paese e agli articoli aggiunti al carrello.<\/p>\n<p>\u00c8 possibile ottenere la spedizione gratuita a partire da 100 euro, a seconda della destinazione di consegna. Per informazioni pi\u00f9 dettagliate sui costi di spedizione e sugli importi richiesti per la consegna gratuita, <a href=\"https:\/\/www.bigstamping.com\/it\/faq\/\">visitate la sezione FAQ<\/a> e verificate le condizioni relative al vostro indirizzo.<\/p>\n<p>[\/pestana_acordeon_personalizado]<\/p>\n<p>[\/acordeon_personalizado]\n<p>&nbsp;<\/p>\n","protected":false},"featured_media":430643,"template":"","meta":{"_acf_changed":false,"_genesis_hide_title":false,"_genesis_hide_breadcrumbs":false,"_genesis_hide_singular_image":false,"_genesis_hide_footer_widgets":false,"_genesis_custom_body_class":"","_genesis_custom_post_class":"","_genesis_layout":""},"product_brand":[],"product_cat":[364],"product_tag":[],"class_list":{"0":"post-36152","1":"product","2":"type-product","3":"status-publish","4":"has-post-thumbnail","6":"product_cat-ministamps-it","7":"entry","9":"first","10":"instock","11":"taxable","12":"shipping-taxable","13":"purchasable","14":"product-type-simple"},"acf":[],"yoast_head":"<!-- This site is optimized with the Yoast SEO plugin v26.7 - https:\/\/yoast.com\/wordpress\/plugins\/seo\/ -->\n<title>TIMBRO MINI STAMP RETTANGOLARE - BigStamping<\/title>\n<meta name=\"description\" content=\"Questo \u00e8 il nostro mini timbro rettangolare personalizzato BigStamping. Stessa qualit\u00e0 e finitura di quelle grandi, ma in formato mini.\" \/>\n<meta name=\"robots\" content=\"index, follow, max-snippet:-1, max-image-preview:large, max-video-preview:-1\" \/>\n<link rel=\"canonical\" href=\"https:\/\/www.bigstamping.com\/it\/producto\/sello-mini-stampo-rettangolare\/\" \/>\n<meta property=\"og:locale\" content=\"it_IT\" \/>\n<meta property=\"og:type\" content=\"article\" \/>\n<meta property=\"og:title\" content=\"TIMBRO MINI STAMP RETTANGOLARE - BigStamping\" \/>\n<meta property=\"og:description\" content=\"Questo \u00e8 il nostro mini timbro rettangolare personalizzato BigStamping. Stessa qualit\u00e0 e finitura di quelle grandi, ma in formato mini.\" \/>\n<meta property=\"og:url\" content=\"https:\/\/www.bigstamping.com\/it\/producto\/sello-mini-stampo-rettangolare\/\" \/>\n<meta property=\"og:site_name\" content=\"BigStamping\" \/>\n<meta property=\"article:publisher\" content=\"https:\/\/www.facebook.com\/Bigstamping-241206903231462\/\" \/>\n<meta property=\"article:modified_time\" content=\"2024-06-26T18:31:54+00:00\" \/>\n<meta property=\"og:image\" content=\"https:\/\/www.bigstamping.com\/wp-content\/uploads\/2018\/12\/unnamed-1.jpg\" \/>\n\t<meta property=\"og:image:width\" content=\"1080\" \/>\n\t<meta property=\"og:image:height\" content=\"1080\" \/>\n\t<meta property=\"og:image:type\" content=\"image\/jpeg\" \/>\n<meta name=\"twitter:card\" content=\"summary_large_image\" \/>\n<meta name=\"twitter:site\" content=\"@Bigstamping\" \/>\n<meta name=\"twitter:label1\" content=\"Tempo di lettura stimato\" \/>\n\t<meta name=\"twitter:data1\" content=\"1 minuto\" \/>\n<script type=\"application\/ld+json\" class=\"yoast-schema-graph\">{\"@context\":\"https:\/\/schema.org\",\"@graph\":[{\"@type\":\"WebPage\",\"@id\":\"https:\/\/www.bigstamping.com\/it\/producto\/sello-mini-stampo-rettangolare\/\",\"url\":\"https:\/\/www.bigstamping.com\/it\/producto\/sello-mini-stampo-rettangolare\/\",\"name\":\"TIMBRO MINI STAMP RETTANGOLARE - BigStamping\",\"isPartOf\":{\"@id\":\"https:\/\/www.bigstamping.com\/#website\"},\"primaryImageOfPage\":{\"@id\":\"https:\/\/www.bigstamping.com\/it\/producto\/sello-mini-stampo-rettangolare\/#primaryimage\"},\"image\":{\"@id\":\"https:\/\/www.bigstamping.com\/it\/producto\/sello-mini-stampo-rettangolare\/#primaryimage\"},\"thumbnailUrl\":\"https:\/\/www.bigstamping.com\/wp-content\/uploads\/2018\/12\/unnamed-1.jpg\",\"datePublished\":\"2018-12-05T17:18:02+00:00\",\"dateModified\":\"2024-06-26T18:31:54+00:00\",\"description\":\"Questo \u00e8 il nostro mini timbro rettangolare personalizzato BigStamping. Stessa qualit\u00e0 e finitura di quelle grandi, ma in formato mini.\",\"breadcrumb\":{\"@id\":\"https:\/\/www.bigstamping.com\/it\/producto\/sello-mini-stampo-rettangolare\/#breadcrumb\"},\"inLanguage\":\"it-IT\",\"potentialAction\":[{\"@type\":\"ReadAction\",\"target\":[\"https:\/\/www.bigstamping.com\/it\/producto\/sello-mini-stampo-rettangolare\/\"]}]},{\"@type\":\"ImageObject\",\"inLanguage\":\"it-IT\",\"@id\":\"https:\/\/www.bigstamping.com\/it\/producto\/sello-mini-stampo-rettangolare\/#primaryimage\",\"url\":\"https:\/\/www.bigstamping.com\/wp-content\/uploads\/2018\/12\/unnamed-1.jpg\",\"contentUrl\":\"https:\/\/www.bigstamping.com\/wp-content\/uploads\/2018\/12\/unnamed-1.jpg\",\"width\":1080,\"height\":1080,\"caption\":\"Sello rectangular peque\u00f1o Bigstamping\"},{\"@type\":\"BreadcrumbList\",\"@id\":\"https:\/\/www.bigstamping.com\/it\/producto\/sello-mini-stampo-rettangolare\/#breadcrumb\",\"itemListElement\":[{\"@type\":\"ListItem\",\"position\":1,\"name\":\"Portada\",\"item\":\"https:\/\/www.bigstamping.com\/en\/\"},{\"@type\":\"ListItem\",\"position\":2,\"name\":\"TIMBRO MINI STAMP RETTANGOLARE\"}]},{\"@type\":\"WebSite\",\"@id\":\"https:\/\/www.bigstamping.com\/#website\",\"url\":\"https:\/\/www.bigstamping.com\/\",\"name\":\"BigStamping\",\"description\":\"Sellos de gran tama\u00f1o para stampear\",\"publisher\":{\"@id\":\"https:\/\/www.bigstamping.com\/#organization\"},\"potentialAction\":[{\"@type\":\"SearchAction\",\"target\":{\"@type\":\"EntryPoint\",\"urlTemplate\":\"https:\/\/www.bigstamping.com\/?s={search_term_string}\"},\"query-input\":{\"@type\":\"PropertyValueSpecification\",\"valueRequired\":true,\"valueName\":\"search_term_string\"}}],\"inLanguage\":\"it-IT\"},{\"@type\":\"Organization\",\"@id\":\"https:\/\/www.bigstamping.com\/#organization\",\"name\":\"BigStamping\",\"url\":\"https:\/\/www.bigstamping.com\/\",\"logo\":{\"@type\":\"ImageObject\",\"inLanguage\":\"it-IT\",\"@id\":\"https:\/\/www.bigstamping.com\/#\/schema\/logo\/image\/\",\"url\":\"https:\/\/www.bigstamping.com\/wp-content\/uploads\/2018\/12\/big-stamper-amarillo.jpg\",\"contentUrl\":\"https:\/\/www.bigstamping.com\/wp-content\/uploads\/2018\/12\/big-stamper-amarillo.jpg\",\"width\":293,\"height\":300,\"caption\":\"BigStamping\"},\"image\":{\"@id\":\"https:\/\/www.bigstamping.com\/#\/schema\/logo\/image\/\"},\"sameAs\":[\"https:\/\/www.facebook.com\/Bigstamping-241206903231462\/\",\"https:\/\/x.com\/Bigstamping\",\"https:\/\/www.instagram.com\/bigstamping\/\",\"https:\/\/www.youtube.com\/channel\/UC_l3jNsBYYC-Ds9pzcZy_Vg\"]}]}<\/script>\n<!-- \/ Yoast SEO plugin. -->","yoast_head_json":{"title":"TIMBRO MINI STAMP RETTANGOLARE - BigStamping","description":"Questo \u00e8 il nostro mini timbro rettangolare personalizzato BigStamping. Stessa qualit\u00e0 e finitura di quelle grandi, ma in formato mini.","robots":{"index":"index","follow":"follow","max-snippet":"max-snippet:-1","max-image-preview":"max-image-preview:large","max-video-preview":"max-video-preview:-1"},"canonical":"https:\/\/www.bigstamping.com\/it\/producto\/sello-mini-stampo-rettangolare\/","og_locale":"it_IT","og_type":"article","og_title":"TIMBRO MINI STAMP RETTANGOLARE - BigStamping","og_description":"Questo \u00e8 il nostro mini timbro rettangolare personalizzato BigStamping. Stessa qualit\u00e0 e finitura di quelle grandi, ma in formato mini.","og_url":"https:\/\/www.bigstamping.com\/it\/producto\/sello-mini-stampo-rettangolare\/","og_site_name":"BigStamping","article_publisher":"https:\/\/www.facebook.com\/Bigstamping-241206903231462\/","article_modified_time":"2024-06-26T18:31:54+00:00","og_image":[{"width":1080,"height":1080,"url":"https:\/\/www.bigstamping.com\/wp-content\/uploads\/2018\/12\/unnamed-1.jpg","type":"image\/jpeg"}],"twitter_card":"summary_large_image","twitter_site":"@Bigstamping","twitter_misc":{"Tempo di lettura stimato":"1 minuto"},"schema":{"@context":"https:\/\/schema.org","@graph":[{"@type":"WebPage","@id":"https:\/\/www.bigstamping.com\/it\/producto\/sello-mini-stampo-rettangolare\/","url":"https:\/\/www.bigstamping.com\/it\/producto\/sello-mini-stampo-rettangolare\/","name":"TIMBRO MINI STAMP RETTANGOLARE - BigStamping","isPartOf":{"@id":"https:\/\/www.bigstamping.com\/#website"},"primaryImageOfPage":{"@id":"https:\/\/www.bigstamping.com\/it\/producto\/sello-mini-stampo-rettangolare\/#primaryimage"},"image":{"@id":"https:\/\/www.bigstamping.com\/it\/producto\/sello-mini-stampo-rettangolare\/#primaryimage"},"thumbnailUrl":"https:\/\/www.bigstamping.com\/wp-content\/uploads\/2018\/12\/unnamed-1.jpg","datePublished":"2018-12-05T17:18:02+00:00","dateModified":"2024-06-26T18:31:54+00:00","description":"Questo \u00e8 il nostro mini timbro rettangolare personalizzato BigStamping. Stessa qualit\u00e0 e finitura di quelle grandi, ma in formato mini.","breadcrumb":{"@id":"https:\/\/www.bigstamping.com\/it\/producto\/sello-mini-stampo-rettangolare\/#breadcrumb"},"inLanguage":"it-IT","potentialAction":[{"@type":"ReadAction","target":["https:\/\/www.bigstamping.com\/it\/producto\/sello-mini-stampo-rettangolare\/"]}]},{"@type":"ImageObject","inLanguage":"it-IT","@id":"https:\/\/www.bigstamping.com\/it\/producto\/sello-mini-stampo-rettangolare\/#primaryimage","url":"https:\/\/www.bigstamping.com\/wp-content\/uploads\/2018\/12\/unnamed-1.jpg","contentUrl":"https:\/\/www.bigstamping.com\/wp-content\/uploads\/2018\/12\/unnamed-1.jpg","width":1080,"height":1080,"caption":"Sello rectangular peque\u00f1o Bigstamping"},{"@type":"BreadcrumbList","@id":"https:\/\/www.bigstamping.com\/it\/producto\/sello-mini-stampo-rettangolare\/#breadcrumb","itemListElement":[{"@type":"ListItem","position":1,"name":"Portada","item":"https:\/\/www.bigstamping.com\/en\/"},{"@type":"ListItem","position":2,"name":"TIMBRO MINI STAMP RETTANGOLARE"}]},{"@type":"WebSite","@id":"https:\/\/www.bigstamping.com\/#website","url":"https:\/\/www.bigstamping.com\/","name":"BigStamping","description":"Sellos de gran tama\u00f1o para stampear","publisher":{"@id":"https:\/\/www.bigstamping.com\/#organization"},"potentialAction":[{"@type":"SearchAction","target":{"@type":"EntryPoint","urlTemplate":"https:\/\/www.bigstamping.com\/?s={search_term_string}"},"query-input":{"@type":"PropertyValueSpecification","valueRequired":true,"valueName":"search_term_string"}}],"inLanguage":"it-IT"},{"@type":"Organization","@id":"https:\/\/www.bigstamping.com\/#organization","name":"BigStamping","url":"https:\/\/www.bigstamping.com\/","logo":{"@type":"ImageObject","inLanguage":"it-IT","@id":"https:\/\/www.bigstamping.com\/#\/schema\/logo\/image\/","url":"https:\/\/www.bigstamping.com\/wp-content\/uploads\/2018\/12\/big-stamper-amarillo.jpg","contentUrl":"https:\/\/www.bigstamping.com\/wp-content\/uploads\/2018\/12\/big-stamper-amarillo.jpg","width":293,"height":300,"caption":"BigStamping"},"image":{"@id":"https:\/\/www.bigstamping.com\/#\/schema\/logo\/image\/"},"sameAs":["https:\/\/www.facebook.com\/Bigstamping-241206903231462\/","https:\/\/x.com\/Bigstamping","https:\/\/www.instagram.com\/bigstamping\/","https:\/\/www.youtube.com\/channel\/UC_l3jNsBYYC-Ds9pzcZy_Vg"]}]}},"_links":{"self":[{"href":"https:\/\/www.bigstamping.com\/it\/wp-json\/wp\/v2\/product\/36152","targetHints":{"allow":["GET"]}}],"collection":[{"href":"https:\/\/www.bigstamping.com\/it\/wp-json\/wp\/v2\/product"}],"about":[{"href":"https:\/\/www.bigstamping.com\/it\/wp-json\/wp\/v2\/types\/product"}],"version-history":[{"count":0,"href":"https:\/\/www.bigstamping.com\/it\/wp-json\/wp\/v2\/product\/36152\/revisions"}],"wp:featuredmedia":[{"embeddable":true,"href":"https:\/\/www.bigstamping.com\/it\/wp-json\/wp\/v2\/media\/430643"}],"wp:attachment":[{"href":"https:\/\/www.bigstamping.com\/it\/wp-json\/wp\/v2\/media?parent=36152"}],"wp:term":[{"taxonomy":"product_brand","embeddable":true,"href":"https:\/\/www.bigstamping.com\/it\/wp-json\/wp\/v2\/product_brand?post=36152"},{"taxonomy":"product_cat","embeddable":true,"href":"https:\/\/www.bigstamping.com\/it\/wp-json\/wp\/v2\/product_cat?post=36152"},{"taxonomy":"product_tag","embeddable":true,"href":"https:\/\/www.bigstamping.com\/it\/wp-json\/wp\/v2\/product_tag?post=36152"}],"curies":[{"name":"wp","href":"https:\/\/api.w.org\/{rel}","templated":true}]}}