{"id":36228,"date":"2020-08-19T17:21:08","date_gmt":"2021-01-19T17:15:57","guid":{"rendered":"https:\/\/www.bigstamping.com\/producto\/inchicotri-tessile-xilografici\/"},"modified":"2025-04-08T10:46:06","modified_gmt":"2025-04-08T09:46:06","slug":"inchicotri-tessile-xilografici","status":"publish","type":"product","link":"https:\/\/www.bigstamping.com\/it\/producto\/inchicotri-tessile-xilografici\/","title":{"rendered":"Inchiostro Tessile"},"content":{"rendered":"<p><span style=\"font-weight: 400;\">Finitura: liscio al tatto. Opaco e coprente che si traduce in colori brillanti.<\/span><\/p>\n<hr \/>\n<p><span style=\"font-weight: 400;\">Dimensione: 75 ml<\/span><\/p>\n<hr \/>\n<p><span style=\"font-weight: 400;\">Peso: 100 grammi.<\/span><\/p>\n<hr \/>\n<p><span style=\"font-weight: 400;\">Consigliato per: Tutti i tipi di francobolli. <\/span><\/p>\n<hr \/>\n<p><span style=\"font-weight: 400;\">Materiali: Tessuti, eccetto nylon. Carta e cartone.<\/span><\/p>\n","protected":false},"excerpt":{"rendered":"<p><span style=\"font-weight: 400;\"><strong>L&#8217;inchiostro per xilografia Speedball 75 ml<\/strong> \u00e8 particolarmente indicato per le superfici tessili (ad esempio cotone, lino, lycra o rayon). Pu\u00f2 essere utilizzato anche su carta e cartone, ma il numero di stampe sar\u00e0 inferiore a quello dell&#8217;<a href=\"https:\/\/www.bigstamping.com\/producto\/tintas-flexograficas-papel\/\">inchiostro per carta e cartone BigStamping. <\/a> <\/span><\/p>\n<p><span style=\"font-weight: 400;\"><strong>L&#8217;inchiostro per tessuti Speedball si asciuga a temperatura ambiente in circa 48 ore. Non lavare per 7 giorni. Lavare a bassa temperatura e non asciugare in asciugatrice. Pu\u00f2 resistere a pi\u00f9 di 100 lavaggi!<\/strong><\/span><\/p>\n<p><span style=\"font-weight: 400;\">Sono stati progettati appositamente per essere utilizzati sui grandi timbri in gomma di <strong>BigStamping.<\/strong> L&#8217;inchiostro viene applicato direttamente con il rullo sul timbro per la successiva timbratura.<\/span><\/p>\n[acordeon_personalizado]<\/p>\n<p>[pestana_acordeon_personalizado titulo=\"Raccomandazioni per l'uso\"]<\/p>\n<p>\u00c8 essenziale evitare le pieghe prima della stampa, ecco perch\u00e9 offriamo il nostro porta-t-shirt. Si consiglia di versare una nuova goccia di inchiostro sull&#8217;acetato per ogni stampa. Tenere premuto per 3-4 secondi e sollevare delicatamente il timbro. Il tempo di asciugatura consigliato dal produttore \u00e8 di 48 ore e non \u00e8 consigliabile lavare il capo stampato dopo 7 giorni.<\/p>\n<p>Lavare a bassa temperatura e non asciugare in asciugatrice.<\/p>\n<p>Su tessuti molto scuri, per garantire risultati di stampa ottimali, utilizza<strong> i nostri inchiostri bianco\/bianco o turchese. Sono quelli pi\u00f9 coprenti. Se avete domande, non esitate a contattarci.<\/strong><\/p>\n<p>Pulisci il timbro immediatamente dopo l&#8217;uso con acqua e sapone. Asciugateli bene e conservateli in un luogo fresco e asciutto, lontano dalla luce naturale.<\/p>\n<p><strong>Tessuti sconsigliati:<\/strong> Nylon e altri tessuti plastici non assorbenti.<\/p>\n<p>[\/pestana_acordeon_personalizado]<\/p>\n<p>[pestana_acordeon_personalizado titulo=\"Altre caratteristiche\"]<\/p>\n<p><span style=\"font-weight: 400;\">Finitura: liscio al tatto. Opaco e coprente che si traduce in colori brillanti.<\/span><\/p>\n<hr \/>\n<p><span style=\"font-weight: 400;\">Dimensione: 75 ml<\/span><\/p>\n<hr \/>\n<p><span style=\"font-weight: 400;\">Peso: 100 grammi.<\/span><\/p>\n<hr \/>\n<p><span style=\"font-weight: 400;\">Consigliato per: Tutti i tipi di timbri.<\/span><\/p>\n<hr \/>\n<p>Inchiostro ecologico. Non contiene plastisol.<\/p>\n<p>[\/pestana_acordeon_personalizado]<\/p>\n<p>[pestana_acordeon_personalizado titulo=\"Come si ordina?\"]<\/p>\n<p>Per ordinare questo prodotto, \u00e8 sufficiente scegliere il colore di interesse, il numero di unit\u00e0 desiderate e fare clic sul pulsante Aggiungi al carrello. <strong>I kit BigStamping<\/strong> includono un inchiostro tra cui scegliere, tra cui queste bottiglie di <strong>Inchiostro per tessuti Speedball.<\/strong> Se avete bisogno di altre unit\u00e0 o colori oltre a quelli scelti nel kit (ricordate che potete scegliere anche l&#8217;inchiostro per la carta e il cartone), potete ordinare le unit\u00e0 e i colori desiderati da qui. \ud83d\ude09<\/p>\n<p><strong>\u00b7 Metodi di pagamento accettati: carte di debito\/credito e Paypal.<\/strong><\/p>\n<p>[\/pestana_acordeon_personalizado]<\/p>\n<p>[pestana_acordeon_personalizado titulo=\"Tempi di consegna e costi di spedizione\"]<\/p>\n<p>Spediamo in tutti i Paesi della Comunit\u00e0 Economica Europea. Spediamo anche negli Stati Uniti, Regno Unito, Turchia, Svizzera, Canada, Australia, Cile, Emirati Arabi Uniti e Giappone.<\/p>\n<p><strong>Termini di consegna<\/strong><\/p>\n<p>Dal momento dell&#8217;ordine e se non ci sono problemi con il disegno, ci vorranno circa <strong>7-15 giorni lavorativi per consegnare l&#8217;ordine.<\/strong><\/p>\n<p><span style=\"text-decoration: underline;\"><strong>*NOTA:<\/strong><\/span> Non siamo responsabili di eventuali ritardi causati da societ\u00e0 di trasporto o enti di controllo.<\/p>\n<p><strong>Costo delle spedizioni<\/strong><\/p>\n<p>Il costo della spedizione viene calcolato automaticamente dal sito web in base al paese e agli articoli aggiunti al carrello.<\/p>\n<p>\u00c8 possibile ottenere la spedizione gratuita a partire da 100 euro, a seconda della destinazione di consegna. Per informazioni pi\u00f9 dettagliate sui costi di spedizione e sugli importi richiesti per la consegna gratuita, <a href=\"https:\/\/www.bigstamping.com\/it\/faq\/\">visitate la sezione FAQ<\/a> e verificate le condizioni relative al vostro indirizzo.<\/p>\n<p>[\/pestana_acordeon_personalizado]<\/p>\n<p>[\/acordeon_personalizado]\n","protected":false},"featured_media":36229,"template":"","meta":{"_acf_changed":false,"_genesis_hide_title":false,"_genesis_hide_breadcrumbs":false,"_genesis_hide_singular_image":false,"_genesis_hide_footer_widgets":false,"_genesis_custom_body_class":"","_genesis_custom_post_class":"","_genesis_layout":""},"product_brand":[],"product_cat":[365],"product_tag":[],"class_list":{"0":"post-36228","1":"product","2":"type-product","3":"status-publish","4":"has-post-thumbnail","6":"product_cat-accesorios-it","7":"product_shipping_class-classe-1","8":"entry","10":"first","11":"instock","12":"taxable","13":"shipping-taxable","14":"purchasable","15":"product-type-variable"},"acf":[],"yoast_head":"<!-- This site is optimized with the Yoast SEO plugin v26.7 - https:\/\/yoast.com\/wordpress\/plugins\/seo\/ -->\n<title>Inchiostro Tessile - BigStamping<\/title>\n<meta name=\"description\" content=\"Inchiostri speciali per l&#039;utilizzo di BigStamping su materiali tessili. Garantiscono pi\u00f9 di 100 lavaggi nelle condizioni da noi consigliate.\" \/>\n<meta name=\"robots\" content=\"index, follow, max-snippet:-1, max-image-preview:large, max-video-preview:-1\" \/>\n<link rel=\"canonical\" href=\"https:\/\/www.bigstamping.com\/it\/producto\/inchicotri-tessile-xilografici\/\" \/>\n<meta property=\"og:locale\" content=\"it_IT\" \/>\n<meta property=\"og:type\" content=\"article\" \/>\n<meta property=\"og:title\" content=\"Inchiostro Tessile - BigStamping\" \/>\n<meta property=\"og:description\" content=\"Inchiostri speciali per l&#039;utilizzo di BigStamping su materiali tessili. Garantiscono pi\u00f9 di 100 lavaggi nelle condizioni da noi consigliate.\" \/>\n<meta property=\"og:url\" content=\"https:\/\/www.bigstamping.com\/it\/producto\/inchicotri-tessile-xilografici\/\" \/>\n<meta property=\"og:site_name\" content=\"BigStamping\" \/>\n<meta property=\"article:publisher\" content=\"https:\/\/www.facebook.com\/Bigstamping-241206903231462\/\" \/>\n<meta property=\"article:modified_time\" content=\"2025-04-08T09:46:06+00:00\" \/>\n<meta property=\"og:image\" content=\"https:\/\/www.bigstamping.com\/wp-content\/uploads\/2018\/12\/SPEEDBALL-NEGRO.png\" \/>\n\t<meta property=\"og:image:width\" content=\"1500\" \/>\n\t<meta property=\"og:image:height\" content=\"1500\" \/>\n\t<meta property=\"og:image:type\" content=\"image\/png\" \/>\n<meta name=\"twitter:card\" content=\"summary_large_image\" \/>\n<meta name=\"twitter:site\" content=\"@Bigstamping\" \/>\n<meta name=\"twitter:label1\" content=\"Tempo di lettura stimato\" \/>\n\t<meta name=\"twitter:data1\" content=\"1 minuto\" \/>\n<script type=\"application\/ld+json\" class=\"yoast-schema-graph\">{\"@context\":\"https:\/\/schema.org\",\"@graph\":[{\"@type\":\"WebPage\",\"@id\":\"https:\/\/www.bigstamping.com\/it\/producto\/inchicotri-tessile-xilografici\/\",\"url\":\"https:\/\/www.bigstamping.com\/it\/producto\/inchicotri-tessile-xilografici\/\",\"name\":\"Inchiostro Tessile - BigStamping\",\"isPartOf\":{\"@id\":\"https:\/\/www.bigstamping.com\/#website\"},\"primaryImageOfPage\":{\"@id\":\"https:\/\/www.bigstamping.com\/it\/producto\/inchicotri-tessile-xilografici\/#primaryimage\"},\"image\":{\"@id\":\"https:\/\/www.bigstamping.com\/it\/producto\/inchicotri-tessile-xilografici\/#primaryimage\"},\"thumbnailUrl\":\"https:\/\/www.bigstamping.com\/wp-content\/uploads\/2018\/12\/SPEEDBALL-NEGRO.png\",\"datePublished\":\"2021-01-19T17:15:57+00:00\",\"dateModified\":\"2025-04-08T09:46:06+00:00\",\"description\":\"Inchiostri speciali per l'utilizzo di BigStamping su materiali tessili. Garantiscono pi\u00f9 di 100 lavaggi nelle condizioni da noi consigliate.\",\"breadcrumb\":{\"@id\":\"https:\/\/www.bigstamping.com\/it\/producto\/inchicotri-tessile-xilografici\/#breadcrumb\"},\"inLanguage\":\"it-IT\",\"potentialAction\":[{\"@type\":\"ReadAction\",\"target\":[\"https:\/\/www.bigstamping.com\/it\/producto\/inchicotri-tessile-xilografici\/\"]}]},{\"@type\":\"ImageObject\",\"inLanguage\":\"it-IT\",\"@id\":\"https:\/\/www.bigstamping.com\/it\/producto\/inchicotri-tessile-xilografici\/#primaryimage\",\"url\":\"https:\/\/www.bigstamping.com\/wp-content\/uploads\/2018\/12\/SPEEDBALL-NEGRO.png\",\"contentUrl\":\"https:\/\/www.bigstamping.com\/wp-content\/uploads\/2018\/12\/SPEEDBALL-NEGRO.png\",\"width\":1500,\"height\":1500,\"caption\":\"SPEEDBALL NERO\"},{\"@type\":\"BreadcrumbList\",\"@id\":\"https:\/\/www.bigstamping.com\/it\/producto\/inchicotri-tessile-xilografici\/#breadcrumb\",\"itemListElement\":[{\"@type\":\"ListItem\",\"position\":1,\"name\":\"Portada\",\"item\":\"https:\/\/www.bigstamping.com\/en\/\"},{\"@type\":\"ListItem\",\"position\":2,\"name\":\"Inchiostro Tessile\"}]},{\"@type\":\"WebSite\",\"@id\":\"https:\/\/www.bigstamping.com\/#website\",\"url\":\"https:\/\/www.bigstamping.com\/\",\"name\":\"BigStamping\",\"description\":\"Sellos de gran tama\u00f1o para stampear\",\"publisher\":{\"@id\":\"https:\/\/www.bigstamping.com\/#organization\"},\"potentialAction\":[{\"@type\":\"SearchAction\",\"target\":{\"@type\":\"EntryPoint\",\"urlTemplate\":\"https:\/\/www.bigstamping.com\/?s={search_term_string}\"},\"query-input\":{\"@type\":\"PropertyValueSpecification\",\"valueRequired\":true,\"valueName\":\"search_term_string\"}}],\"inLanguage\":\"it-IT\"},{\"@type\":\"Organization\",\"@id\":\"https:\/\/www.bigstamping.com\/#organization\",\"name\":\"BigStamping\",\"url\":\"https:\/\/www.bigstamping.com\/\",\"logo\":{\"@type\":\"ImageObject\",\"inLanguage\":\"it-IT\",\"@id\":\"https:\/\/www.bigstamping.com\/#\/schema\/logo\/image\/\",\"url\":\"https:\/\/www.bigstamping.com\/wp-content\/uploads\/2018\/12\/big-stamper-amarillo.jpg\",\"contentUrl\":\"https:\/\/www.bigstamping.com\/wp-content\/uploads\/2018\/12\/big-stamper-amarillo.jpg\",\"width\":293,\"height\":300,\"caption\":\"BigStamping\"},\"image\":{\"@id\":\"https:\/\/www.bigstamping.com\/#\/schema\/logo\/image\/\"},\"sameAs\":[\"https:\/\/www.facebook.com\/Bigstamping-241206903231462\/\",\"https:\/\/x.com\/Bigstamping\",\"https:\/\/www.instagram.com\/bigstamping\/\",\"https:\/\/www.youtube.com\/channel\/UC_l3jNsBYYC-Ds9pzcZy_Vg\"]}]}<\/script>\n<!-- \/ Yoast SEO plugin. -->","yoast_head_json":{"title":"Inchiostro Tessile - BigStamping","description":"Inchiostri speciali per l'utilizzo di BigStamping su materiali tessili. Garantiscono pi\u00f9 di 100 lavaggi nelle condizioni da noi consigliate.","robots":{"index":"index","follow":"follow","max-snippet":"max-snippet:-1","max-image-preview":"max-image-preview:large","max-video-preview":"max-video-preview:-1"},"canonical":"https:\/\/www.bigstamping.com\/it\/producto\/inchicotri-tessile-xilografici\/","og_locale":"it_IT","og_type":"article","og_title":"Inchiostro Tessile - BigStamping","og_description":"Inchiostri speciali per l'utilizzo di BigStamping su materiali tessili. Garantiscono pi\u00f9 di 100 lavaggi nelle condizioni da noi consigliate.","og_url":"https:\/\/www.bigstamping.com\/it\/producto\/inchicotri-tessile-xilografici\/","og_site_name":"BigStamping","article_publisher":"https:\/\/www.facebook.com\/Bigstamping-241206903231462\/","article_modified_time":"2025-04-08T09:46:06+00:00","og_image":[{"width":1500,"height":1500,"url":"https:\/\/www.bigstamping.com\/wp-content\/uploads\/2018\/12\/SPEEDBALL-NEGRO.png","type":"image\/png"}],"twitter_card":"summary_large_image","twitter_site":"@Bigstamping","twitter_misc":{"Tempo di lettura stimato":"1 minuto"},"schema":{"@context":"https:\/\/schema.org","@graph":[{"@type":"WebPage","@id":"https:\/\/www.bigstamping.com\/it\/producto\/inchicotri-tessile-xilografici\/","url":"https:\/\/www.bigstamping.com\/it\/producto\/inchicotri-tessile-xilografici\/","name":"Inchiostro Tessile - BigStamping","isPartOf":{"@id":"https:\/\/www.bigstamping.com\/#website"},"primaryImageOfPage":{"@id":"https:\/\/www.bigstamping.com\/it\/producto\/inchicotri-tessile-xilografici\/#primaryimage"},"image":{"@id":"https:\/\/www.bigstamping.com\/it\/producto\/inchicotri-tessile-xilografici\/#primaryimage"},"thumbnailUrl":"https:\/\/www.bigstamping.com\/wp-content\/uploads\/2018\/12\/SPEEDBALL-NEGRO.png","datePublished":"2021-01-19T17:15:57+00:00","dateModified":"2025-04-08T09:46:06+00:00","description":"Inchiostri speciali per l'utilizzo di BigStamping su materiali tessili. Garantiscono pi\u00f9 di 100 lavaggi nelle condizioni da noi consigliate.","breadcrumb":{"@id":"https:\/\/www.bigstamping.com\/it\/producto\/inchicotri-tessile-xilografici\/#breadcrumb"},"inLanguage":"it-IT","potentialAction":[{"@type":"ReadAction","target":["https:\/\/www.bigstamping.com\/it\/producto\/inchicotri-tessile-xilografici\/"]}]},{"@type":"ImageObject","inLanguage":"it-IT","@id":"https:\/\/www.bigstamping.com\/it\/producto\/inchicotri-tessile-xilografici\/#primaryimage","url":"https:\/\/www.bigstamping.com\/wp-content\/uploads\/2018\/12\/SPEEDBALL-NEGRO.png","contentUrl":"https:\/\/www.bigstamping.com\/wp-content\/uploads\/2018\/12\/SPEEDBALL-NEGRO.png","width":1500,"height":1500,"caption":"SPEEDBALL NERO"},{"@type":"BreadcrumbList","@id":"https:\/\/www.bigstamping.com\/it\/producto\/inchicotri-tessile-xilografici\/#breadcrumb","itemListElement":[{"@type":"ListItem","position":1,"name":"Portada","item":"https:\/\/www.bigstamping.com\/en\/"},{"@type":"ListItem","position":2,"name":"Inchiostro Tessile"}]},{"@type":"WebSite","@id":"https:\/\/www.bigstamping.com\/#website","url":"https:\/\/www.bigstamping.com\/","name":"BigStamping","description":"Sellos de gran tama\u00f1o para stampear","publisher":{"@id":"https:\/\/www.bigstamping.com\/#organization"},"potentialAction":[{"@type":"SearchAction","target":{"@type":"EntryPoint","urlTemplate":"https:\/\/www.bigstamping.com\/?s={search_term_string}"},"query-input":{"@type":"PropertyValueSpecification","valueRequired":true,"valueName":"search_term_string"}}],"inLanguage":"it-IT"},{"@type":"Organization","@id":"https:\/\/www.bigstamping.com\/#organization","name":"BigStamping","url":"https:\/\/www.bigstamping.com\/","logo":{"@type":"ImageObject","inLanguage":"it-IT","@id":"https:\/\/www.bigstamping.com\/#\/schema\/logo\/image\/","url":"https:\/\/www.bigstamping.com\/wp-content\/uploads\/2018\/12\/big-stamper-amarillo.jpg","contentUrl":"https:\/\/www.bigstamping.com\/wp-content\/uploads\/2018\/12\/big-stamper-amarillo.jpg","width":293,"height":300,"caption":"BigStamping"},"image":{"@id":"https:\/\/www.bigstamping.com\/#\/schema\/logo\/image\/"},"sameAs":["https:\/\/www.facebook.com\/Bigstamping-241206903231462\/","https:\/\/x.com\/Bigstamping","https:\/\/www.instagram.com\/bigstamping\/","https:\/\/www.youtube.com\/channel\/UC_l3jNsBYYC-Ds9pzcZy_Vg"]}]}},"_links":{"self":[{"href":"https:\/\/www.bigstamping.com\/it\/wp-json\/wp\/v2\/product\/36228","targetHints":{"allow":["GET"]}}],"collection":[{"href":"https:\/\/www.bigstamping.com\/it\/wp-json\/wp\/v2\/product"}],"about":[{"href":"https:\/\/www.bigstamping.com\/it\/wp-json\/wp\/v2\/types\/product"}],"version-history":[{"count":0,"href":"https:\/\/www.bigstamping.com\/it\/wp-json\/wp\/v2\/product\/36228\/revisions"}],"wp:featuredmedia":[{"embeddable":true,"href":"https:\/\/www.bigstamping.com\/it\/wp-json\/wp\/v2\/media\/36229"}],"wp:attachment":[{"href":"https:\/\/www.bigstamping.com\/it\/wp-json\/wp\/v2\/media?parent=36228"}],"wp:term":[{"taxonomy":"product_brand","embeddable":true,"href":"https:\/\/www.bigstamping.com\/it\/wp-json\/wp\/v2\/product_brand?post=36228"},{"taxonomy":"product_cat","embeddable":true,"href":"https:\/\/www.bigstamping.com\/it\/wp-json\/wp\/v2\/product_cat?post=36228"},{"taxonomy":"product_tag","embeddable":true,"href":"https:\/\/www.bigstamping.com\/it\/wp-json\/wp\/v2\/product_tag?post=36228"}],"curies":[{"name":"wp","href":"https:\/\/api.w.org\/{rel}","templated":true}]}}