{"id":36308,"date":"2020-08-18T10:44:15","date_gmt":"2021-01-19T17:25:12","guid":{"rendered":"https:\/\/www.bigstamping.com\/producto\/tinte-per-superfici-porose-per-ministamp\/"},"modified":"2024-06-26T19:40:24","modified_gmt":"2024-06-26T18:40:24","slug":"inchiostro-per-superfici-porose","status":"publish","type":"product","link":"https:\/\/www.bigstamping.com\/it\/producto\/inchiostro-per-superfici-porose\/","title":{"rendered":"INCHIOSTRO PER SUPERFICI POROSE (PER MINI TIMBRI)"},"content":{"rendered":"","protected":false},"excerpt":{"rendered":"<h2>TAMPONE PER MINISTAMP!<\/h2>\n<p>Rivoluzionario inchiostro a <strong> base d&#8217;acqua<\/strong> formulato per superfici porose. Questo tampone contiene gi\u00e0 l&#8217;inchiostro al suo interno. Basta rimuovere il coperchio, bagnare la <strong>Ministamp<\/strong> e timbrare! Prima di utilizzare questi inchiostri, assicurarsi che il timbro sia privo di oli o residui.<\/p>\n<p>Questo prodotto \u00e8 ideale per progetti su carta, cartone, legno e tecniche miste. Pulisci il timbro immediatamente dopo l&#8217;uso con acqua e sapone. Assicurati di asciugarli bene e conservarli in un luogo fresco e asciutto, lontano dalla luce naturale.<\/p>\n[acordeon_personalizado]<\/p>\n<p>[pestana_acordeon_personalizado titulo=\"Raccomandazioni per l'uso\"]<\/p>\n<p>Questo inchiostro ha un tempo di asciugatura relativamente rapido. Il produttore indica che l&#8217;essiccazione \u00e8 possibile entro 5-10 minuti, a seconda della porosit\u00e0 del materiale e delle condizioni esterne.<\/p>\n<p>\u00c8 possibile utilizzare questo tipo di inchiostro su qualsiasi superficie porosa, carta liscia, carta da lucido, carta stampata, carta kraft, cartone, legno, cotone, ecc&#8230;<\/p>\n<p><strong><span style=\"text-decoration: underline;\">IMPORTANTE: questo inchiostro non \u00e8 lavabile.<\/span><\/strong><\/p>\n<p>Pulisci il timbro immediatamente dopo l&#8217;uso con acqua e sapone. Assicurati di asciugarli bene e conservarli in un luogo fresco e asciutto, lontano dalla luce naturale.<\/p>\n<p>[\/pestana_acordeon_personalizado]<\/p>\n<p>[pestana_acordeon_personalizado titulo=\"Altre caratteristiche\"]<\/p>\n<p><strong>Superficie massima del pad: 77 x 47 mm (3,03 x 1,85 in)<\/strong><\/p>\n<p>Il Pad pu\u00f2 essere utilizzato con timbri leggermente pi\u00f9 grandi perch\u00e9 \u00e8 in rilievo, quindi pu\u00f2 essere infuso con timbri pi\u00f9 grandi, anche se non \u00e8 consigliabile che la funzionalit\u00e0 esca dai <strong>MINISTAMPS.<\/strong><\/p>\n<p>I risultati dei c<strong>olori metallizzati oro e argento <\/strong> vi stupiranno!<\/p>\n<p>[\/pestana_acordeon_personalizado]<\/p>\n<p>[pestana_acordeon_personalizado titulo=\"Come si ordina?\"]<\/p>\n<p>Per ordinare questo prodotto, \u00e8 sufficiente scegliere il colore di interesse, il numero di unit\u00e0 desiderate e fare clic sul pulsante Aggiungi al carrello. Questo inchiostro, essendo consigliato solo per i <strong>MiniStamp<\/strong>, non \u00e8 incluso nei kit, ma potete ordinare tutte le unit\u00e0 e i colori che volete. \ud83d\ude09<\/p>\n<p><strong>\u00b7 Metodi di pagamento accettati: carte di debito\/credito e Paypal.<\/strong><\/p>\n<p>[\/pestana_acordeon_personalizado]<\/p>\n<p>[pestana_acordeon_personalizado titulo=\"Tempi di consegna e costi di spedizione\"]<\/p>\n<p>Spediamo in tutti i Paesi della Comunit\u00e0 Economica Europea. Spediamo anche negli Stati Uniti, Regno Unito, Turchia, Svizzera, Canada, Australia, Cile, Emirati Arabi Uniti e Giappone.<\/p>\n<p><strong>Termini di consegna<\/strong><\/p>\n<p>Dal momento dell&#8217;ordine e se non ci sono problemi con il disegno, ci vorranno circa <strong>7-15 giorni lavorativi per consegnare l&#8217;ordine.<\/strong><\/p>\n<p><span style=\"text-decoration: underline;\"><strong>*NOTA:<\/strong><\/span> Non siamo responsabili di eventuali ritardi causati da societ\u00e0 di trasporto o enti di controllo.<\/p>\n<p><strong>Costo delle spedizioni<\/strong><\/p>\n<p>Il costo della spedizione viene calcolato automaticamente dal sito web in base al paese e agli articoli aggiunti al carrello.<\/p>\n<p>\u00c8 possibile ottenere la spedizione gratuita a partire da 100 euro, a seconda della destinazione di consegna. Per informazioni pi\u00f9 dettagliate sui costi di spedizione e sugli importi richiesti per la consegna gratuita, <a href=\"https:\/\/www.bigstamping.com\/it\/faq\/\">visitate la sezione FAQ<\/a> e verificate le condizioni relative al vostro indirizzo.<\/p>\n<p>[\/pestana_acordeon_personalizado]<\/p>\n<p>[\/acordeon_personalizado]\n","protected":false},"featured_media":36309,"template":"","meta":{"_acf_changed":false,"_genesis_hide_title":false,"_genesis_hide_breadcrumbs":false,"_genesis_hide_singular_image":false,"_genesis_hide_footer_widgets":false,"_genesis_custom_body_class":"","_genesis_custom_post_class":"","_genesis_layout":""},"product_brand":[],"product_cat":[365],"product_tag":[],"class_list":{"0":"post-36308","1":"product","2":"type-product","3":"status-publish","4":"has-post-thumbnail","6":"product_cat-accesorios-it","7":"entry","9":"first","10":"instock","11":"taxable","12":"shipping-taxable","13":"purchasable","14":"product-type-variable"},"acf":[],"yoast_head":"<!-- This site is optimized with the Yoast SEO plugin v26.7 - https:\/\/yoast.com\/wordpress\/plugins\/seo\/ -->\n<title>INCHIOSTRO PER SUPERFICI POROSE (PER MINI TIMBRI) - BigStamping<\/title>\n<meta name=\"description\" content=\"Inchiostri per superfici porose che potete utilizzare con i vostri BigStamp. Utilizzateli per materiali altamente assorbenti e sfruttate la loro rapida essiccazione\" \/>\n<meta name=\"robots\" content=\"index, follow, max-snippet:-1, max-image-preview:large, max-video-preview:-1\" \/>\n<link rel=\"canonical\" href=\"https:\/\/www.bigstamping.com\/it\/producto\/inchiostro-per-superfici-porose\/\" \/>\n<meta property=\"og:locale\" content=\"it_IT\" \/>\n<meta property=\"og:type\" content=\"article\" \/>\n<meta property=\"og:title\" content=\"INCHIOSTRO PER SUPERFICI POROSE (PER MINI TIMBRI) - BigStamping\" \/>\n<meta property=\"og:description\" content=\"Inchiostri per superfici porose che potete utilizzare con i vostri BigStamp. Utilizzateli per materiali altamente assorbenti e sfruttate la loro rapida essiccazione\" \/>\n<meta property=\"og:url\" content=\"https:\/\/www.bigstamping.com\/it\/producto\/inchiostro-per-superfici-porose\/\" \/>\n<meta property=\"og:site_name\" content=\"BigStamping\" \/>\n<meta property=\"article:publisher\" content=\"https:\/\/www.facebook.com\/Bigstamping-241206903231462\/\" \/>\n<meta property=\"article:modified_time\" content=\"2024-06-26T18:40:24+00:00\" \/>\n<meta property=\"og:image\" content=\"https:\/\/www.bigstamping.com\/wp-content\/uploads\/2020\/08\/TDE-191-DELICATA-ORO-METALICO.jpg\" \/>\n\t<meta property=\"og:image:width\" content=\"1000\" \/>\n\t<meta property=\"og:image:height\" content=\"1000\" \/>\n\t<meta property=\"og:image:type\" content=\"image\/jpeg\" \/>\n<meta name=\"twitter:card\" content=\"summary_large_image\" \/>\n<meta name=\"twitter:site\" content=\"@Bigstamping\" \/>\n<meta name=\"twitter:label1\" content=\"Tempo di lettura stimato\" \/>\n\t<meta name=\"twitter:data1\" content=\"1 minuto\" \/>\n<script type=\"application\/ld+json\" class=\"yoast-schema-graph\">{\"@context\":\"https:\/\/schema.org\",\"@graph\":[{\"@type\":\"WebPage\",\"@id\":\"https:\/\/www.bigstamping.com\/it\/producto\/inchiostro-per-superfici-porose\/\",\"url\":\"https:\/\/www.bigstamping.com\/it\/producto\/inchiostro-per-superfici-porose\/\",\"name\":\"INCHIOSTRO PER SUPERFICI POROSE (PER MINI TIMBRI) - BigStamping\",\"isPartOf\":{\"@id\":\"https:\/\/www.bigstamping.com\/#website\"},\"primaryImageOfPage\":{\"@id\":\"https:\/\/www.bigstamping.com\/it\/producto\/inchiostro-per-superfici-porose\/#primaryimage\"},\"image\":{\"@id\":\"https:\/\/www.bigstamping.com\/it\/producto\/inchiostro-per-superfici-porose\/#primaryimage\"},\"thumbnailUrl\":\"https:\/\/www.bigstamping.com\/wp-content\/uploads\/2020\/08\/TDE-191-DELICATA-ORO-METALICO.jpg\",\"datePublished\":\"2021-01-19T17:25:12+00:00\",\"dateModified\":\"2024-06-26T18:40:24+00:00\",\"description\":\"Inchiostri per superfici porose che potete utilizzare con i vostri BigStamp. Utilizzateli per materiali altamente assorbenti e sfruttate la loro rapida essiccazione\",\"breadcrumb\":{\"@id\":\"https:\/\/www.bigstamping.com\/it\/producto\/inchiostro-per-superfici-porose\/#breadcrumb\"},\"inLanguage\":\"it-IT\",\"potentialAction\":[{\"@type\":\"ReadAction\",\"target\":[\"https:\/\/www.bigstamping.com\/it\/producto\/inchiostro-per-superfici-porose\/\"]}]},{\"@type\":\"ImageObject\",\"inLanguage\":\"it-IT\",\"@id\":\"https:\/\/www.bigstamping.com\/it\/producto\/inchiostro-per-superfici-porose\/#primaryimage\",\"url\":\"https:\/\/www.bigstamping.com\/wp-content\/uploads\/2020\/08\/TDE-191-DELICATA-ORO-METALICO.jpg\",\"contentUrl\":\"https:\/\/www.bigstamping.com\/wp-content\/uploads\/2020\/08\/TDE-191-DELICATA-ORO-METALICO.jpg\",\"width\":1000,\"height\":1000,\"caption\":\"Inchiostro per superfici porose, colore Oro\"},{\"@type\":\"BreadcrumbList\",\"@id\":\"https:\/\/www.bigstamping.com\/it\/producto\/inchiostro-per-superfici-porose\/#breadcrumb\",\"itemListElement\":[{\"@type\":\"ListItem\",\"position\":1,\"name\":\"Portada\",\"item\":\"https:\/\/www.bigstamping.com\/en\/\"},{\"@type\":\"ListItem\",\"position\":2,\"name\":\"INCHIOSTRO PER SUPERFICI POROSE (PER MINI TIMBRI)\"}]},{\"@type\":\"WebSite\",\"@id\":\"https:\/\/www.bigstamping.com\/#website\",\"url\":\"https:\/\/www.bigstamping.com\/\",\"name\":\"BigStamping\",\"description\":\"Sellos de gran tama\u00f1o para stampear\",\"publisher\":{\"@id\":\"https:\/\/www.bigstamping.com\/#organization\"},\"potentialAction\":[{\"@type\":\"SearchAction\",\"target\":{\"@type\":\"EntryPoint\",\"urlTemplate\":\"https:\/\/www.bigstamping.com\/?s={search_term_string}\"},\"query-input\":{\"@type\":\"PropertyValueSpecification\",\"valueRequired\":true,\"valueName\":\"search_term_string\"}}],\"inLanguage\":\"it-IT\"},{\"@type\":\"Organization\",\"@id\":\"https:\/\/www.bigstamping.com\/#organization\",\"name\":\"BigStamping\",\"url\":\"https:\/\/www.bigstamping.com\/\",\"logo\":{\"@type\":\"ImageObject\",\"inLanguage\":\"it-IT\",\"@id\":\"https:\/\/www.bigstamping.com\/#\/schema\/logo\/image\/\",\"url\":\"https:\/\/www.bigstamping.com\/wp-content\/uploads\/2018\/12\/big-stamper-amarillo.jpg\",\"contentUrl\":\"https:\/\/www.bigstamping.com\/wp-content\/uploads\/2018\/12\/big-stamper-amarillo.jpg\",\"width\":293,\"height\":300,\"caption\":\"BigStamping\"},\"image\":{\"@id\":\"https:\/\/www.bigstamping.com\/#\/schema\/logo\/image\/\"},\"sameAs\":[\"https:\/\/www.facebook.com\/Bigstamping-241206903231462\/\",\"https:\/\/x.com\/Bigstamping\",\"https:\/\/www.instagram.com\/bigstamping\/\",\"https:\/\/www.youtube.com\/channel\/UC_l3jNsBYYC-Ds9pzcZy_Vg\"]}]}<\/script>\n<!-- \/ Yoast SEO plugin. -->","yoast_head_json":{"title":"INCHIOSTRO PER SUPERFICI POROSE (PER MINI TIMBRI) - BigStamping","description":"Inchiostri per superfici porose che potete utilizzare con i vostri BigStamp. Utilizzateli per materiali altamente assorbenti e sfruttate la loro rapida essiccazione","robots":{"index":"index","follow":"follow","max-snippet":"max-snippet:-1","max-image-preview":"max-image-preview:large","max-video-preview":"max-video-preview:-1"},"canonical":"https:\/\/www.bigstamping.com\/it\/producto\/inchiostro-per-superfici-porose\/","og_locale":"it_IT","og_type":"article","og_title":"INCHIOSTRO PER SUPERFICI POROSE (PER MINI TIMBRI) - BigStamping","og_description":"Inchiostri per superfici porose che potete utilizzare con i vostri BigStamp. Utilizzateli per materiali altamente assorbenti e sfruttate la loro rapida essiccazione","og_url":"https:\/\/www.bigstamping.com\/it\/producto\/inchiostro-per-superfici-porose\/","og_site_name":"BigStamping","article_publisher":"https:\/\/www.facebook.com\/Bigstamping-241206903231462\/","article_modified_time":"2024-06-26T18:40:24+00:00","og_image":[{"width":1000,"height":1000,"url":"https:\/\/www.bigstamping.com\/wp-content\/uploads\/2020\/08\/TDE-191-DELICATA-ORO-METALICO.jpg","type":"image\/jpeg"}],"twitter_card":"summary_large_image","twitter_site":"@Bigstamping","twitter_misc":{"Tempo di lettura stimato":"1 minuto"},"schema":{"@context":"https:\/\/schema.org","@graph":[{"@type":"WebPage","@id":"https:\/\/www.bigstamping.com\/it\/producto\/inchiostro-per-superfici-porose\/","url":"https:\/\/www.bigstamping.com\/it\/producto\/inchiostro-per-superfici-porose\/","name":"INCHIOSTRO PER SUPERFICI POROSE (PER MINI TIMBRI) - BigStamping","isPartOf":{"@id":"https:\/\/www.bigstamping.com\/#website"},"primaryImageOfPage":{"@id":"https:\/\/www.bigstamping.com\/it\/producto\/inchiostro-per-superfici-porose\/#primaryimage"},"image":{"@id":"https:\/\/www.bigstamping.com\/it\/producto\/inchiostro-per-superfici-porose\/#primaryimage"},"thumbnailUrl":"https:\/\/www.bigstamping.com\/wp-content\/uploads\/2020\/08\/TDE-191-DELICATA-ORO-METALICO.jpg","datePublished":"2021-01-19T17:25:12+00:00","dateModified":"2024-06-26T18:40:24+00:00","description":"Inchiostri per superfici porose che potete utilizzare con i vostri BigStamp. Utilizzateli per materiali altamente assorbenti e sfruttate la loro rapida essiccazione","breadcrumb":{"@id":"https:\/\/www.bigstamping.com\/it\/producto\/inchiostro-per-superfici-porose\/#breadcrumb"},"inLanguage":"it-IT","potentialAction":[{"@type":"ReadAction","target":["https:\/\/www.bigstamping.com\/it\/producto\/inchiostro-per-superfici-porose\/"]}]},{"@type":"ImageObject","inLanguage":"it-IT","@id":"https:\/\/www.bigstamping.com\/it\/producto\/inchiostro-per-superfici-porose\/#primaryimage","url":"https:\/\/www.bigstamping.com\/wp-content\/uploads\/2020\/08\/TDE-191-DELICATA-ORO-METALICO.jpg","contentUrl":"https:\/\/www.bigstamping.com\/wp-content\/uploads\/2020\/08\/TDE-191-DELICATA-ORO-METALICO.jpg","width":1000,"height":1000,"caption":"Inchiostro per superfici porose, colore Oro"},{"@type":"BreadcrumbList","@id":"https:\/\/www.bigstamping.com\/it\/producto\/inchiostro-per-superfici-porose\/#breadcrumb","itemListElement":[{"@type":"ListItem","position":1,"name":"Portada","item":"https:\/\/www.bigstamping.com\/en\/"},{"@type":"ListItem","position":2,"name":"INCHIOSTRO PER SUPERFICI POROSE (PER MINI TIMBRI)"}]},{"@type":"WebSite","@id":"https:\/\/www.bigstamping.com\/#website","url":"https:\/\/www.bigstamping.com\/","name":"BigStamping","description":"Sellos de gran tama\u00f1o para stampear","publisher":{"@id":"https:\/\/www.bigstamping.com\/#organization"},"potentialAction":[{"@type":"SearchAction","target":{"@type":"EntryPoint","urlTemplate":"https:\/\/www.bigstamping.com\/?s={search_term_string}"},"query-input":{"@type":"PropertyValueSpecification","valueRequired":true,"valueName":"search_term_string"}}],"inLanguage":"it-IT"},{"@type":"Organization","@id":"https:\/\/www.bigstamping.com\/#organization","name":"BigStamping","url":"https:\/\/www.bigstamping.com\/","logo":{"@type":"ImageObject","inLanguage":"it-IT","@id":"https:\/\/www.bigstamping.com\/#\/schema\/logo\/image\/","url":"https:\/\/www.bigstamping.com\/wp-content\/uploads\/2018\/12\/big-stamper-amarillo.jpg","contentUrl":"https:\/\/www.bigstamping.com\/wp-content\/uploads\/2018\/12\/big-stamper-amarillo.jpg","width":293,"height":300,"caption":"BigStamping"},"image":{"@id":"https:\/\/www.bigstamping.com\/#\/schema\/logo\/image\/"},"sameAs":["https:\/\/www.facebook.com\/Bigstamping-241206903231462\/","https:\/\/x.com\/Bigstamping","https:\/\/www.instagram.com\/bigstamping\/","https:\/\/www.youtube.com\/channel\/UC_l3jNsBYYC-Ds9pzcZy_Vg"]}]}},"_links":{"self":[{"href":"https:\/\/www.bigstamping.com\/it\/wp-json\/wp\/v2\/product\/36308","targetHints":{"allow":["GET"]}}],"collection":[{"href":"https:\/\/www.bigstamping.com\/it\/wp-json\/wp\/v2\/product"}],"about":[{"href":"https:\/\/www.bigstamping.com\/it\/wp-json\/wp\/v2\/types\/product"}],"version-history":[{"count":0,"href":"https:\/\/www.bigstamping.com\/it\/wp-json\/wp\/v2\/product\/36308\/revisions"}],"wp:featuredmedia":[{"embeddable":true,"href":"https:\/\/www.bigstamping.com\/it\/wp-json\/wp\/v2\/media\/36309"}],"wp:attachment":[{"href":"https:\/\/www.bigstamping.com\/it\/wp-json\/wp\/v2\/media?parent=36308"}],"wp:term":[{"taxonomy":"product_brand","embeddable":true,"href":"https:\/\/www.bigstamping.com\/it\/wp-json\/wp\/v2\/product_brand?post=36308"},{"taxonomy":"product_cat","embeddable":true,"href":"https:\/\/www.bigstamping.com\/it\/wp-json\/wp\/v2\/product_cat?post=36308"},{"taxonomy":"product_tag","embeddable":true,"href":"https:\/\/www.bigstamping.com\/it\/wp-json\/wp\/v2\/product_tag?post=36308"}],"curies":[{"name":"wp","href":"https:\/\/api.w.org\/{rel}","templated":true}]}}