{"id":36415,"date":"2020-08-18T10:00:44","date_gmt":"2020-08-18T10:00:44","guid":{"rendered":"https:\/\/www.bigstamping.com\/producto\/tinte-multisuperficie-ad-asciugatura-rapida-per-ministamp\/"},"modified":"2024-06-26T19:41:36","modified_gmt":"2024-06-26T18:41:36","slug":"multisuperficie-ad-asciugatura-a-secco","status":"publish","type":"product","link":"https:\/\/www.bigstamping.com\/it\/producto\/multisuperficie-ad-asciugatura-a-secco\/","title":{"rendered":"INCHIOSTRO MULTI-SUPERFICIE AD ASCIUGATURA RAPIDA (PER MINITIMBRI)"},"content":{"rendered":"","protected":false},"excerpt":{"rendered":"<h2><strong>Timbra su qualsiasi superficie!<\/strong><\/h2>\n<p>Scoprite questo rivoluzionario inchiostro formulato per superfici semi-porose e non porose! Questo tampone contiene gi\u00e0 l&#8217;inchiostro al suo interno. \u00c8 sufficiente rimuovere il coperchio, sollevare il vassoio protettivo per evitare che l&#8217;inchiostro si secchi, immergere la <strong>Ministamp<\/strong> e iniziare a stampare! Riposizionare la copertura di plastica interna dopo l&#8217;uso. Assicurarsi che il timbro sia privo di oli o residui prima di utilizzare <strong>l&#8217;inchiostro multisuperficie a rapida essiccazione StazOn.<\/strong><\/p>\n[acordeon_personalizado]<\/p>\n<p>[pestana_acordeon_personalizado titulo=\"Raccomandazioni per l'uso\"]<\/p>\n<p><strong>Per questo tipo di inchiostro, il tempo di asciugatura consigliato \u00e8 di 3 secondi (superfici porose), 5 minuti (superfici non porose). Varia a seconda del materiale, dell&#8217;umidit\u00e0, ecc&#8230;<\/strong> Pulire i timbri immediatamente dopo l&#8217;uso con acqua e sapone. Asciugatele bene e conservatele in un luogo fresco e asciutto, lontano dalla luce naturale.<\/p>\n<p><strong>L&#8217;inchiostro multisuperficie StazOn a rapida <\/strong> essiccazione pu\u00f2 essere utilizzato anche per decorare la pelle imitando i tatuaggi o come badge per l&#8217;ingresso agli eventi. Utilizzare sulla pelle pulita e asciutta, priva di residui di creme, oli, ecc. Sul cuoio, timbrare e non toccare per almeno 10 minuti.<\/p>\n<p>[\/pestana_acordeon_personalizado]<\/p>\n<p>[pestana_acordeon_personalizado titulo=\"Altre caratteristiche dell'inchiostro StazOn\"]<\/p>\n<p><strong>Il tampone d&#8217;inchiostro multisuperficie a rapida essiccazione StazOn ha una superficie massima di 77 x 47 mm (3,03&#215;1,85 in). L<\/strong>Il tampone pu\u00f2 essere utilizzato con timbri leggermente pi\u00f9 grandi perch\u00e9 \u00e8 in rilievo, quindi pu\u00f2 essere impregnato con timbri pi\u00f9 grandi. Tuttavia, per motivi di funzionalit\u00e0, non ne consigliamo l&#8217;uso su francobolli diversi dai <strong>MiniStamps BigStamping<\/strong>.<\/p>\n<p>Spettacolari i risultati dei <strong>colori metallici oro e argento.<\/strong><\/p>\n<p><strong>APPLICAZIONE:<\/strong> Plastica, metallo, plastica termoretraibile, gomma, pelle, pasta polimerica, carta laminata, carta liscia, carta ruvida, carta fotografica, vetro, porcellana, terracotta, cellophane.<\/p>\n<p>[\/pestana_acordeon_personalizado]<\/p>\n<p>[pestana_acordeon_personalizado titulo=\"Come si ordina?\"]<\/p>\n<p>Per ordinare questo prodotto, \u00e8 sufficiente scegliere il colore di interesse, il numero di unit\u00e0 desiderate e fare clic sul pulsante Aggiungi al carrello. Questo inchiostro, essendo consigliato solo per i MiniStamp, non \u00e8 incluso nei kit, ma potete ordinare tutte le unit\u00e0 e i colori che volete. \ud83d\ude09<\/p>\n<p><strong>\u00b7 Metodi di pagamento accettati: carte di debito\/credito e Paypal.<\/strong><\/p>\n<p>[\/pestana_acordeon_personalizado]<\/p>\n<p>[pestana_acordeon_personalizado titulo=\"Tempi di consegna e costi di spedizione\"]<\/p>\n<p>Spediamo in tutti i Paesi della Comunit\u00e0 Economica Europea. Spediamo anche negli Stati Uniti, Regno Unito, Turchia, Svizzera, Canada, Australia, Cile, Emirati Arabi Uniti e Giappone.<\/p>\n<p><strong>Termini di consegna<\/strong><\/p>\n<p>Dal momento dell&#8217;ordine e se non ci sono problemi con il disegno, ci vorranno circa <strong>7-15 giorni lavorativi per consegnare l&#8217;ordine.<\/strong><\/p>\n<p><span style=\"text-decoration: underline;\"><strong>*NOTA:<\/strong><\/span> Non siamo responsabili di eventuali ritardi causati da societ\u00e0 di trasporto o enti di controllo.<\/p>\n<p><strong>Costo delle spedizioni<\/strong><\/p>\n<p>Il costo della spedizione viene calcolato automaticamente dal sito web in base al paese e agli articoli aggiunti al carrello.<\/p>\n<p>\u00c8 possibile ottenere la spedizione gratuita a partire da 100 euro, a seconda della destinazione di consegna. Per informazioni pi\u00f9 dettagliate sui costi di spedizione e sugli importi richiesti per la consegna gratuita, <a href=\"https:\/\/www.bigstamping.com\/it\/faq\/\">visitate la sezione FAQ<\/a> e verificate le condizioni relative al vostro indirizzo.<\/p>\n<p>[\/pestana_acordeon_personalizado]<\/p>\n<p>[\/acordeon_personalizado]\n","protected":false},"featured_media":36417,"template":"","meta":{"_acf_changed":false,"_genesis_hide_title":false,"_genesis_hide_breadcrumbs":false,"_genesis_hide_singular_image":false,"_genesis_hide_footer_widgets":false,"_genesis_custom_body_class":"","_genesis_custom_post_class":"","_genesis_layout":""},"product_brand":[],"product_cat":[365],"product_tag":[],"class_list":{"0":"post-36415","1":"product","2":"type-product","3":"status-publish","4":"has-post-thumbnail","6":"product_cat-accesorios-it","7":"product_shipping_class-classe-1","8":"entry","10":"first","11":"instock","12":"taxable","13":"shipping-taxable","14":"purchasable","15":"product-type-variable"},"acf":[],"yoast_head":"<!-- This site is optimized with the Yoast SEO plugin v26.7 - https:\/\/yoast.com\/wordpress\/plugins\/seo\/ -->\n<title>INCHIOSTRO MULTI-SUPERFICIE AD ASCIUGATURA RAPIDA (PER MINITIMBRI) - BigStamping<\/title>\n<meta name=\"description\" content=\"Inchiostri ad asciugatura rapida per stampare il vostro marchio o i vostri disegni su superfici come plastica, vetro, metallo, argilla, pelle, ecc.\" \/>\n<meta name=\"robots\" content=\"index, follow, max-snippet:-1, max-image-preview:large, max-video-preview:-1\" \/>\n<link rel=\"canonical\" href=\"https:\/\/www.bigstamping.com\/it\/producto\/multisuperficie-ad-asciugatura-a-secco\/\" \/>\n<meta property=\"og:locale\" content=\"it_IT\" \/>\n<meta property=\"og:type\" content=\"article\" \/>\n<meta property=\"og:title\" content=\"INCHIOSTRO MULTI-SUPERFICIE AD ASCIUGATURA RAPIDA (PER MINITIMBRI) - BigStamping\" \/>\n<meta property=\"og:description\" content=\"Inchiostri ad asciugatura rapida per stampare il vostro marchio o i vostri disegni su superfici come plastica, vetro, metallo, argilla, pelle, ecc.\" \/>\n<meta property=\"og:url\" content=\"https:\/\/www.bigstamping.com\/it\/producto\/multisuperficie-ad-asciugatura-a-secco\/\" \/>\n<meta property=\"og:site_name\" content=\"BigStamping\" \/>\n<meta property=\"article:publisher\" content=\"https:\/\/www.facebook.com\/Bigstamping-241206903231462\/\" \/>\n<meta property=\"article:modified_time\" content=\"2024-06-26T18:41:36+00:00\" \/>\n<meta property=\"og:image\" content=\"https:\/\/www.bigstamping.com\/wp-content\/uploads\/2020\/08\/tinta-stazon-ultramarine.jpg\" \/>\n\t<meta property=\"og:image:width\" content=\"1500\" \/>\n\t<meta property=\"og:image:height\" content=\"1500\" \/>\n\t<meta property=\"og:image:type\" content=\"image\/jpeg\" \/>\n<meta name=\"twitter:card\" content=\"summary_large_image\" \/>\n<meta name=\"twitter:site\" content=\"@Bigstamping\" \/>\n<meta name=\"twitter:label1\" content=\"Tempo di lettura stimato\" \/>\n\t<meta name=\"twitter:data1\" content=\"1 minuto\" \/>\n<script type=\"application\/ld+json\" class=\"yoast-schema-graph\">{\"@context\":\"https:\/\/schema.org\",\"@graph\":[{\"@type\":\"WebPage\",\"@id\":\"https:\/\/www.bigstamping.com\/it\/producto\/multisuperficie-ad-asciugatura-a-secco\/\",\"url\":\"https:\/\/www.bigstamping.com\/it\/producto\/multisuperficie-ad-asciugatura-a-secco\/\",\"name\":\"INCHIOSTRO MULTI-SUPERFICIE AD ASCIUGATURA RAPIDA (PER MINITIMBRI) - BigStamping\",\"isPartOf\":{\"@id\":\"https:\/\/www.bigstamping.com\/#website\"},\"primaryImageOfPage\":{\"@id\":\"https:\/\/www.bigstamping.com\/it\/producto\/multisuperficie-ad-asciugatura-a-secco\/#primaryimage\"},\"image\":{\"@id\":\"https:\/\/www.bigstamping.com\/it\/producto\/multisuperficie-ad-asciugatura-a-secco\/#primaryimage\"},\"thumbnailUrl\":\"https:\/\/www.bigstamping.com\/wp-content\/uploads\/2020\/08\/tinta-stazon-ultramarine.jpg\",\"datePublished\":\"2020-08-18T10:00:44+00:00\",\"dateModified\":\"2024-06-26T18:41:36+00:00\",\"description\":\"Inchiostri ad asciugatura rapida per stampare il vostro marchio o i vostri disegni su superfici come plastica, vetro, metallo, argilla, pelle, ecc.\",\"breadcrumb\":{\"@id\":\"https:\/\/www.bigstamping.com\/it\/producto\/multisuperficie-ad-asciugatura-a-secco\/#breadcrumb\"},\"inLanguage\":\"it-IT\",\"potentialAction\":[{\"@type\":\"ReadAction\",\"target\":[\"https:\/\/www.bigstamping.com\/it\/producto\/multisuperficie-ad-asciugatura-a-secco\/\"]}]},{\"@type\":\"ImageObject\",\"inLanguage\":\"it-IT\",\"@id\":\"https:\/\/www.bigstamping.com\/it\/producto\/multisuperficie-ad-asciugatura-a-secco\/#primaryimage\",\"url\":\"https:\/\/www.bigstamping.com\/wp-content\/uploads\/2020\/08\/tinta-stazon-ultramarine.jpg\",\"contentUrl\":\"https:\/\/www.bigstamping.com\/wp-content\/uploads\/2020\/08\/tinta-stazon-ultramarine.jpg\",\"width\":1500,\"height\":1500,\"caption\":\"Stazon Quick Dry Overseas Blue Paint\"},{\"@type\":\"BreadcrumbList\",\"@id\":\"https:\/\/www.bigstamping.com\/it\/producto\/multisuperficie-ad-asciugatura-a-secco\/#breadcrumb\",\"itemListElement\":[{\"@type\":\"ListItem\",\"position\":1,\"name\":\"Portada\",\"item\":\"https:\/\/www.bigstamping.com\/en\/\"},{\"@type\":\"ListItem\",\"position\":2,\"name\":\"INCHIOSTRO MULTI-SUPERFICIE AD ASCIUGATURA RAPIDA (PER MINITIMBRI)\"}]},{\"@type\":\"WebSite\",\"@id\":\"https:\/\/www.bigstamping.com\/#website\",\"url\":\"https:\/\/www.bigstamping.com\/\",\"name\":\"BigStamping\",\"description\":\"Sellos de gran tama\u00f1o para stampear\",\"publisher\":{\"@id\":\"https:\/\/www.bigstamping.com\/#organization\"},\"potentialAction\":[{\"@type\":\"SearchAction\",\"target\":{\"@type\":\"EntryPoint\",\"urlTemplate\":\"https:\/\/www.bigstamping.com\/?s={search_term_string}\"},\"query-input\":{\"@type\":\"PropertyValueSpecification\",\"valueRequired\":true,\"valueName\":\"search_term_string\"}}],\"inLanguage\":\"it-IT\"},{\"@type\":\"Organization\",\"@id\":\"https:\/\/www.bigstamping.com\/#organization\",\"name\":\"BigStamping\",\"url\":\"https:\/\/www.bigstamping.com\/\",\"logo\":{\"@type\":\"ImageObject\",\"inLanguage\":\"it-IT\",\"@id\":\"https:\/\/www.bigstamping.com\/#\/schema\/logo\/image\/\",\"url\":\"https:\/\/www.bigstamping.com\/wp-content\/uploads\/2018\/12\/big-stamper-amarillo.jpg\",\"contentUrl\":\"https:\/\/www.bigstamping.com\/wp-content\/uploads\/2018\/12\/big-stamper-amarillo.jpg\",\"width\":293,\"height\":300,\"caption\":\"BigStamping\"},\"image\":{\"@id\":\"https:\/\/www.bigstamping.com\/#\/schema\/logo\/image\/\"},\"sameAs\":[\"https:\/\/www.facebook.com\/Bigstamping-241206903231462\/\",\"https:\/\/x.com\/Bigstamping\",\"https:\/\/www.instagram.com\/bigstamping\/\",\"https:\/\/www.youtube.com\/channel\/UC_l3jNsBYYC-Ds9pzcZy_Vg\"]}]}<\/script>\n<!-- \/ Yoast SEO plugin. -->","yoast_head_json":{"title":"INCHIOSTRO MULTI-SUPERFICIE AD ASCIUGATURA RAPIDA (PER MINITIMBRI) - BigStamping","description":"Inchiostri ad asciugatura rapida per stampare il vostro marchio o i vostri disegni su superfici come plastica, vetro, metallo, argilla, pelle, ecc.","robots":{"index":"index","follow":"follow","max-snippet":"max-snippet:-1","max-image-preview":"max-image-preview:large","max-video-preview":"max-video-preview:-1"},"canonical":"https:\/\/www.bigstamping.com\/it\/producto\/multisuperficie-ad-asciugatura-a-secco\/","og_locale":"it_IT","og_type":"article","og_title":"INCHIOSTRO MULTI-SUPERFICIE AD ASCIUGATURA RAPIDA (PER MINITIMBRI) - BigStamping","og_description":"Inchiostri ad asciugatura rapida per stampare il vostro marchio o i vostri disegni su superfici come plastica, vetro, metallo, argilla, pelle, ecc.","og_url":"https:\/\/www.bigstamping.com\/it\/producto\/multisuperficie-ad-asciugatura-a-secco\/","og_site_name":"BigStamping","article_publisher":"https:\/\/www.facebook.com\/Bigstamping-241206903231462\/","article_modified_time":"2024-06-26T18:41:36+00:00","og_image":[{"width":1500,"height":1500,"url":"https:\/\/www.bigstamping.com\/wp-content\/uploads\/2020\/08\/tinta-stazon-ultramarine.jpg","type":"image\/jpeg"}],"twitter_card":"summary_large_image","twitter_site":"@Bigstamping","twitter_misc":{"Tempo di lettura stimato":"1 minuto"},"schema":{"@context":"https:\/\/schema.org","@graph":[{"@type":"WebPage","@id":"https:\/\/www.bigstamping.com\/it\/producto\/multisuperficie-ad-asciugatura-a-secco\/","url":"https:\/\/www.bigstamping.com\/it\/producto\/multisuperficie-ad-asciugatura-a-secco\/","name":"INCHIOSTRO MULTI-SUPERFICIE AD ASCIUGATURA RAPIDA (PER MINITIMBRI) - BigStamping","isPartOf":{"@id":"https:\/\/www.bigstamping.com\/#website"},"primaryImageOfPage":{"@id":"https:\/\/www.bigstamping.com\/it\/producto\/multisuperficie-ad-asciugatura-a-secco\/#primaryimage"},"image":{"@id":"https:\/\/www.bigstamping.com\/it\/producto\/multisuperficie-ad-asciugatura-a-secco\/#primaryimage"},"thumbnailUrl":"https:\/\/www.bigstamping.com\/wp-content\/uploads\/2020\/08\/tinta-stazon-ultramarine.jpg","datePublished":"2020-08-18T10:00:44+00:00","dateModified":"2024-06-26T18:41:36+00:00","description":"Inchiostri ad asciugatura rapida per stampare il vostro marchio o i vostri disegni su superfici come plastica, vetro, metallo, argilla, pelle, ecc.","breadcrumb":{"@id":"https:\/\/www.bigstamping.com\/it\/producto\/multisuperficie-ad-asciugatura-a-secco\/#breadcrumb"},"inLanguage":"it-IT","potentialAction":[{"@type":"ReadAction","target":["https:\/\/www.bigstamping.com\/it\/producto\/multisuperficie-ad-asciugatura-a-secco\/"]}]},{"@type":"ImageObject","inLanguage":"it-IT","@id":"https:\/\/www.bigstamping.com\/it\/producto\/multisuperficie-ad-asciugatura-a-secco\/#primaryimage","url":"https:\/\/www.bigstamping.com\/wp-content\/uploads\/2020\/08\/tinta-stazon-ultramarine.jpg","contentUrl":"https:\/\/www.bigstamping.com\/wp-content\/uploads\/2020\/08\/tinta-stazon-ultramarine.jpg","width":1500,"height":1500,"caption":"Stazon Quick Dry Overseas Blue Paint"},{"@type":"BreadcrumbList","@id":"https:\/\/www.bigstamping.com\/it\/producto\/multisuperficie-ad-asciugatura-a-secco\/#breadcrumb","itemListElement":[{"@type":"ListItem","position":1,"name":"Portada","item":"https:\/\/www.bigstamping.com\/en\/"},{"@type":"ListItem","position":2,"name":"INCHIOSTRO MULTI-SUPERFICIE AD ASCIUGATURA RAPIDA (PER MINITIMBRI)"}]},{"@type":"WebSite","@id":"https:\/\/www.bigstamping.com\/#website","url":"https:\/\/www.bigstamping.com\/","name":"BigStamping","description":"Sellos de gran tama\u00f1o para stampear","publisher":{"@id":"https:\/\/www.bigstamping.com\/#organization"},"potentialAction":[{"@type":"SearchAction","target":{"@type":"EntryPoint","urlTemplate":"https:\/\/www.bigstamping.com\/?s={search_term_string}"},"query-input":{"@type":"PropertyValueSpecification","valueRequired":true,"valueName":"search_term_string"}}],"inLanguage":"it-IT"},{"@type":"Organization","@id":"https:\/\/www.bigstamping.com\/#organization","name":"BigStamping","url":"https:\/\/www.bigstamping.com\/","logo":{"@type":"ImageObject","inLanguage":"it-IT","@id":"https:\/\/www.bigstamping.com\/#\/schema\/logo\/image\/","url":"https:\/\/www.bigstamping.com\/wp-content\/uploads\/2018\/12\/big-stamper-amarillo.jpg","contentUrl":"https:\/\/www.bigstamping.com\/wp-content\/uploads\/2018\/12\/big-stamper-amarillo.jpg","width":293,"height":300,"caption":"BigStamping"},"image":{"@id":"https:\/\/www.bigstamping.com\/#\/schema\/logo\/image\/"},"sameAs":["https:\/\/www.facebook.com\/Bigstamping-241206903231462\/","https:\/\/x.com\/Bigstamping","https:\/\/www.instagram.com\/bigstamping\/","https:\/\/www.youtube.com\/channel\/UC_l3jNsBYYC-Ds9pzcZy_Vg"]}]}},"_links":{"self":[{"href":"https:\/\/www.bigstamping.com\/it\/wp-json\/wp\/v2\/product\/36415","targetHints":{"allow":["GET"]}}],"collection":[{"href":"https:\/\/www.bigstamping.com\/it\/wp-json\/wp\/v2\/product"}],"about":[{"href":"https:\/\/www.bigstamping.com\/it\/wp-json\/wp\/v2\/types\/product"}],"version-history":[{"count":0,"href":"https:\/\/www.bigstamping.com\/it\/wp-json\/wp\/v2\/product\/36415\/revisions"}],"wp:featuredmedia":[{"embeddable":true,"href":"https:\/\/www.bigstamping.com\/it\/wp-json\/wp\/v2\/media\/36417"}],"wp:attachment":[{"href":"https:\/\/www.bigstamping.com\/it\/wp-json\/wp\/v2\/media?parent=36415"}],"wp:term":[{"taxonomy":"product_brand","embeddable":true,"href":"https:\/\/www.bigstamping.com\/it\/wp-json\/wp\/v2\/product_brand?post=36415"},{"taxonomy":"product_cat","embeddable":true,"href":"https:\/\/www.bigstamping.com\/it\/wp-json\/wp\/v2\/product_cat?post=36415"},{"taxonomy":"product_tag","embeddable":true,"href":"https:\/\/www.bigstamping.com\/it\/wp-json\/wp\/v2\/product_tag?post=36415"}],"curies":[{"name":"wp","href":"https:\/\/api.w.org\/{rel}","templated":true}]}}