{"id":36544,"date":"2018-12-05T17:25:44","date_gmt":"2021-01-19T17:41:51","guid":{"rendered":"https:\/\/www.bigstamping.com\/producto\/tenditore-tessile\/"},"modified":"2024-06-14T19:31:25","modified_gmt":"2024-06-14T18:31:25","slug":"tenditore-tessile","status":"publish","type":"product","link":"https:\/\/www.bigstamping.com\/it\/producto\/tenditore-tessile\/","title":{"rendered":"Tenditore Tessile"},"content":{"rendered":"<p><span style=\"font-weight: 400;\">Condotto in: Legno naturale senza verniciatura a mano. Si compone di due pezzi.<\/span><\/p>\n<hr \/>\n<p><span style=\"font-weight: 400;\">Dimensioni: 48x36x3<\/span><\/p>\n<hr \/>\n<p><span style=\"font-weight: 400;\">Peso: 2.300 grammi<\/span><\/p>\n<hr \/>\n<p><span style=\"font-weight: 400;\">Conservazione:. non richiede condizioni particolari.<\/span><\/p>\n<hr \/>\n<p><span style=\"font-weight: 400;\">Consigliato per: tutti i tipi di tessuti, in particolare T-shirt<\/span><\/p>\n<hr \/>\n<p><span style=\"font-weight: 400;\">Nota bene: \u00e8 progettato per tessuti di spessore standard, come il cotone o il lino.<\/span><\/p>\n<hr \/>\n<p><span style=\"font-weight: 400;\">Numero di parte: BS-TC01<\/span><\/p>\n","protected":false},"excerpt":{"rendered":"<p><span style=\"font-weight: 400;\"><strong>Il tendi-tessuto BigStamping<\/strong> \u00e8 un accessorio realizzato in legno naturale, non verniciato e completamente fatto a mano. \u00c8 un supporto per magliette e altri articoli tessili (totebag, felpe, ecc.).<\/span><\/p>\n<p><span style=\"font-weight: 400;\">Il nostro tenditore vi aiuter\u00e0 a non far muovere il materiale su cui avete scelto di stampare, evitando che i tessuti si stropiccino. Grazie ad esso, otterrete un&#8217;uniformit\u00e0 nelle vostre creazioni, impedendo all&#8217;inchiostro di sbavare.<\/span><\/p>\n<p><span style=\"font-weight: 400;\">Questo tenditore \u00e8 composto da due parti.<\/span><\/p>\n[acordeon_personalizado]<\/p>\n<p>[pestana_acordeon_personalizado titulo=\"Ulteriori informazioni sul tensionatore BigStamping\"]<\/p>\n<p><span style=\"font-weight: 400;\">Dimensioni: 48x36x3 (18,89&#215;14,17&#215;1,18 in)<\/span><\/p>\n<hr \/>\n<p><span style=\"font-weight: 400;\">Peso: 2.300 grammi<\/span><\/p>\n<hr \/>\n<p><span style=\"font-weight: 400;\">Stoccaggio: non sono richieste condizioni particolari.<\/span><\/p>\n<hr \/>\n<p><span style=\"font-weight: 400;\">Consigliato per tutti i tipi di tessuto, in particolare per le magliette.<\/span><\/p>\n<hr \/>\n<p><span style=\"font-weight: 400;\">Nota bene: \u00e8 progettato per tessuti di spessore standard, come il cotone o il lino.<\/span><\/p>\n<p>[\/pestana_acordeon_personalizado]<\/p>\n<p>[pestana_acordeon_personalizado titulo=\"Come si ordina?\"]<\/p>\n<p>Per ordinare questo prodotto, \u00e8 sufficiente scegliere la quantit\u00e0 e fare clic sul pulsante Aggiungi al carrello. Il tensionatore non \u00e8 incluso nei kit, ma potete ordinarne quanti ne volete ;).<\/p>\n<p><strong>\u00b7 Metodi di pagamento accettati: carte di debito\/credito e Paypal.<\/strong><\/p>\n<p>[\/pestana_acordeon_personalizado]<\/p>\n<p>[pestana_acordeon_personalizado titulo=\"Tempi di consegna e costi di spedizione\"]<\/p>\n<p>Spediamo in tutti i Paesi della Comunit\u00e0 Economica Europea. Spediamo anche negli Stati Uniti, Regno Unito, Turchia, Svizzera, Canada, Australia, Cile, Emirati Arabi Uniti e Giappone.<\/p>\n<p><strong>Termini di consegna<\/strong><\/p>\n<p>Dal momento dell&#8217;ordine e se non ci sono problemi con il disegno, ci vorranno circa <strong>7-15 giorni lavorativi per consegnare l&#8217;ordine.<\/strong><\/p>\n<p><span style=\"text-decoration: underline;\"><strong>*NOTA:<\/strong><\/span> Non siamo responsabili di eventuali ritardi causati da societ\u00e0 di trasporto o enti di controllo.<\/p>\n<p><strong>Costo delle spedizioni<\/strong><\/p>\n<p>Il costo della spedizione viene calcolato automaticamente dal sito web in base al paese e agli articoli aggiunti al carrello.<\/p>\n<p>\u00c8 possibile ottenere la spedizione gratuita a partire da 100 euro, a seconda della destinazione di consegna. Per informazioni pi\u00f9 dettagliate sui costi di spedizione e sugli importi richiesti per la consegna gratuita, <a href=\"https:\/\/www.bigstamping.com\/it\/faq\/\">visitate la sezione FAQ<\/a> e verificate le condizioni relative al vostro indirizzo.<\/p>\n<p>[\/pestana_acordeon_personalizado]<\/p>\n<p>[\/acordeon_personalizado]\n","protected":false},"featured_media":36546,"template":"","meta":{"_acf_changed":false,"_genesis_hide_title":false,"_genesis_hide_breadcrumbs":false,"_genesis_hide_singular_image":false,"_genesis_hide_footer_widgets":false,"_genesis_custom_body_class":"","_genesis_custom_post_class":"","_genesis_layout":""},"product_brand":[],"product_cat":[365,379,364],"product_tag":[],"class_list":{"0":"post-36544","1":"product","2":"type-product","3":"status-publish","4":"has-post-thumbnail","6":"product_cat-accesorios-it","7":"product_cat-extras-it","8":"product_cat-ministamps-it","9":"product_shipping_class-tensor-it","10":"entry","12":"first","13":"instock","14":"taxable","15":"shipping-taxable","16":"purchasable","17":"product-type-simple"},"acf":[],"yoast_head":"<!-- This site is optimized with the Yoast SEO plugin v26.7 - https:\/\/yoast.com\/wordpress\/plugins\/seo\/ -->\n<title>Tenditore Tessile - BigStamping<\/title>\n<meta name=\"description\" content=\"Tenditore per la stampa su materiali tessili senza difetti dovuti a grinze. Ottimo per completare i nostri francobolli personalizzati\" \/>\n<meta name=\"robots\" content=\"index, follow, max-snippet:-1, max-image-preview:large, max-video-preview:-1\" \/>\n<link rel=\"canonical\" href=\"https:\/\/www.bigstamping.com\/it\/producto\/tenditore-tessile\/\" \/>\n<meta property=\"og:locale\" content=\"it_IT\" \/>\n<meta property=\"og:type\" content=\"article\" \/>\n<meta property=\"og:title\" content=\"Tenditore Tessile - BigStamping\" \/>\n<meta property=\"og:description\" content=\"Tenditore per la stampa su materiali tessili senza difetti dovuti a grinze. Ottimo per completare i nostri francobolli personalizzati\" \/>\n<meta property=\"og:url\" content=\"https:\/\/www.bigstamping.com\/it\/producto\/tenditore-tessile\/\" \/>\n<meta property=\"og:site_name\" content=\"BigStamping\" \/>\n<meta property=\"article:publisher\" content=\"https:\/\/www.facebook.com\/Bigstamping-241206903231462\/\" \/>\n<meta property=\"article:modified_time\" content=\"2024-06-14T18:31:25+00:00\" \/>\n<meta property=\"og:image\" content=\"https:\/\/www.bigstamping.com\/wp-content\/uploads\/2018\/12\/TENSOR-XEXU.jpg\" \/>\n\t<meta property=\"og:image:width\" content=\"1500\" \/>\n\t<meta property=\"og:image:height\" content=\"1500\" \/>\n\t<meta property=\"og:image:type\" content=\"image\/jpeg\" \/>\n<meta name=\"twitter:card\" content=\"summary_large_image\" \/>\n<meta name=\"twitter:site\" content=\"@Bigstamping\" \/>\n<meta name=\"twitter:label1\" content=\"Tempo di lettura stimato\" \/>\n\t<meta name=\"twitter:data1\" content=\"1 minuto\" \/>\n<script type=\"application\/ld+json\" class=\"yoast-schema-graph\">{\"@context\":\"https:\/\/schema.org\",\"@graph\":[{\"@type\":\"WebPage\",\"@id\":\"https:\/\/www.bigstamping.com\/it\/producto\/tenditore-tessile\/\",\"url\":\"https:\/\/www.bigstamping.com\/it\/producto\/tenditore-tessile\/\",\"name\":\"Tenditore Tessile - BigStamping\",\"isPartOf\":{\"@id\":\"https:\/\/www.bigstamping.com\/#website\"},\"primaryImageOfPage\":{\"@id\":\"https:\/\/www.bigstamping.com\/it\/producto\/tenditore-tessile\/#primaryimage\"},\"image\":{\"@id\":\"https:\/\/www.bigstamping.com\/it\/producto\/tenditore-tessile\/#primaryimage\"},\"thumbnailUrl\":\"https:\/\/www.bigstamping.com\/wp-content\/uploads\/2018\/12\/TENSOR-XEXU.jpg\",\"datePublished\":\"2021-01-19T17:41:51+00:00\",\"dateModified\":\"2024-06-14T18:31:25+00:00\",\"description\":\"Tenditore per la stampa su materiali tessili senza difetti dovuti a grinze. Ottimo per completare i nostri francobolli personalizzati\",\"breadcrumb\":{\"@id\":\"https:\/\/www.bigstamping.com\/it\/producto\/tenditore-tessile\/#breadcrumb\"},\"inLanguage\":\"it-IT\",\"potentialAction\":[{\"@type\":\"ReadAction\",\"target\":[\"https:\/\/www.bigstamping.com\/it\/producto\/tenditore-tessile\/\"]}]},{\"@type\":\"ImageObject\",\"inLanguage\":\"it-IT\",\"@id\":\"https:\/\/www.bigstamping.com\/it\/producto\/tenditore-tessile\/#primaryimage\",\"url\":\"https:\/\/www.bigstamping.com\/wp-content\/uploads\/2018\/12\/TENSOR-XEXU.jpg\",\"contentUrl\":\"https:\/\/www.bigstamping.com\/wp-content\/uploads\/2018\/12\/TENSOR-XEXU.jpg\",\"width\":1500,\"height\":1500,\"caption\":\"Tensor Tessile Big Stamping\"},{\"@type\":\"BreadcrumbList\",\"@id\":\"https:\/\/www.bigstamping.com\/it\/producto\/tenditore-tessile\/#breadcrumb\",\"itemListElement\":[{\"@type\":\"ListItem\",\"position\":1,\"name\":\"Portada\",\"item\":\"https:\/\/www.bigstamping.com\/en\/\"},{\"@type\":\"ListItem\",\"position\":2,\"name\":\"Tenditore Tessile\"}]},{\"@type\":\"WebSite\",\"@id\":\"https:\/\/www.bigstamping.com\/#website\",\"url\":\"https:\/\/www.bigstamping.com\/\",\"name\":\"BigStamping\",\"description\":\"Sellos de gran tama\u00f1o para stampear\",\"publisher\":{\"@id\":\"https:\/\/www.bigstamping.com\/#organization\"},\"potentialAction\":[{\"@type\":\"SearchAction\",\"target\":{\"@type\":\"EntryPoint\",\"urlTemplate\":\"https:\/\/www.bigstamping.com\/?s={search_term_string}\"},\"query-input\":{\"@type\":\"PropertyValueSpecification\",\"valueRequired\":true,\"valueName\":\"search_term_string\"}}],\"inLanguage\":\"it-IT\"},{\"@type\":\"Organization\",\"@id\":\"https:\/\/www.bigstamping.com\/#organization\",\"name\":\"BigStamping\",\"url\":\"https:\/\/www.bigstamping.com\/\",\"logo\":{\"@type\":\"ImageObject\",\"inLanguage\":\"it-IT\",\"@id\":\"https:\/\/www.bigstamping.com\/#\/schema\/logo\/image\/\",\"url\":\"https:\/\/www.bigstamping.com\/wp-content\/uploads\/2018\/12\/big-stamper-amarillo.jpg\",\"contentUrl\":\"https:\/\/www.bigstamping.com\/wp-content\/uploads\/2018\/12\/big-stamper-amarillo.jpg\",\"width\":293,\"height\":300,\"caption\":\"BigStamping\"},\"image\":{\"@id\":\"https:\/\/www.bigstamping.com\/#\/schema\/logo\/image\/\"},\"sameAs\":[\"https:\/\/www.facebook.com\/Bigstamping-241206903231462\/\",\"https:\/\/x.com\/Bigstamping\",\"https:\/\/www.instagram.com\/bigstamping\/\",\"https:\/\/www.youtube.com\/channel\/UC_l3jNsBYYC-Ds9pzcZy_Vg\"]}]}<\/script>\n<!-- \/ Yoast SEO plugin. -->","yoast_head_json":{"title":"Tenditore Tessile - BigStamping","description":"Tenditore per la stampa su materiali tessili senza difetti dovuti a grinze. Ottimo per completare i nostri francobolli personalizzati","robots":{"index":"index","follow":"follow","max-snippet":"max-snippet:-1","max-image-preview":"max-image-preview:large","max-video-preview":"max-video-preview:-1"},"canonical":"https:\/\/www.bigstamping.com\/it\/producto\/tenditore-tessile\/","og_locale":"it_IT","og_type":"article","og_title":"Tenditore Tessile - BigStamping","og_description":"Tenditore per la stampa su materiali tessili senza difetti dovuti a grinze. Ottimo per completare i nostri francobolli personalizzati","og_url":"https:\/\/www.bigstamping.com\/it\/producto\/tenditore-tessile\/","og_site_name":"BigStamping","article_publisher":"https:\/\/www.facebook.com\/Bigstamping-241206903231462\/","article_modified_time":"2024-06-14T18:31:25+00:00","og_image":[{"width":1500,"height":1500,"url":"https:\/\/www.bigstamping.com\/wp-content\/uploads\/2018\/12\/TENSOR-XEXU.jpg","type":"image\/jpeg"}],"twitter_card":"summary_large_image","twitter_site":"@Bigstamping","twitter_misc":{"Tempo di lettura stimato":"1 minuto"},"schema":{"@context":"https:\/\/schema.org","@graph":[{"@type":"WebPage","@id":"https:\/\/www.bigstamping.com\/it\/producto\/tenditore-tessile\/","url":"https:\/\/www.bigstamping.com\/it\/producto\/tenditore-tessile\/","name":"Tenditore Tessile - BigStamping","isPartOf":{"@id":"https:\/\/www.bigstamping.com\/#website"},"primaryImageOfPage":{"@id":"https:\/\/www.bigstamping.com\/it\/producto\/tenditore-tessile\/#primaryimage"},"image":{"@id":"https:\/\/www.bigstamping.com\/it\/producto\/tenditore-tessile\/#primaryimage"},"thumbnailUrl":"https:\/\/www.bigstamping.com\/wp-content\/uploads\/2018\/12\/TENSOR-XEXU.jpg","datePublished":"2021-01-19T17:41:51+00:00","dateModified":"2024-06-14T18:31:25+00:00","description":"Tenditore per la stampa su materiali tessili senza difetti dovuti a grinze. Ottimo per completare i nostri francobolli personalizzati","breadcrumb":{"@id":"https:\/\/www.bigstamping.com\/it\/producto\/tenditore-tessile\/#breadcrumb"},"inLanguage":"it-IT","potentialAction":[{"@type":"ReadAction","target":["https:\/\/www.bigstamping.com\/it\/producto\/tenditore-tessile\/"]}]},{"@type":"ImageObject","inLanguage":"it-IT","@id":"https:\/\/www.bigstamping.com\/it\/producto\/tenditore-tessile\/#primaryimage","url":"https:\/\/www.bigstamping.com\/wp-content\/uploads\/2018\/12\/TENSOR-XEXU.jpg","contentUrl":"https:\/\/www.bigstamping.com\/wp-content\/uploads\/2018\/12\/TENSOR-XEXU.jpg","width":1500,"height":1500,"caption":"Tensor Tessile Big Stamping"},{"@type":"BreadcrumbList","@id":"https:\/\/www.bigstamping.com\/it\/producto\/tenditore-tessile\/#breadcrumb","itemListElement":[{"@type":"ListItem","position":1,"name":"Portada","item":"https:\/\/www.bigstamping.com\/en\/"},{"@type":"ListItem","position":2,"name":"Tenditore Tessile"}]},{"@type":"WebSite","@id":"https:\/\/www.bigstamping.com\/#website","url":"https:\/\/www.bigstamping.com\/","name":"BigStamping","description":"Sellos de gran tama\u00f1o para stampear","publisher":{"@id":"https:\/\/www.bigstamping.com\/#organization"},"potentialAction":[{"@type":"SearchAction","target":{"@type":"EntryPoint","urlTemplate":"https:\/\/www.bigstamping.com\/?s={search_term_string}"},"query-input":{"@type":"PropertyValueSpecification","valueRequired":true,"valueName":"search_term_string"}}],"inLanguage":"it-IT"},{"@type":"Organization","@id":"https:\/\/www.bigstamping.com\/#organization","name":"BigStamping","url":"https:\/\/www.bigstamping.com\/","logo":{"@type":"ImageObject","inLanguage":"it-IT","@id":"https:\/\/www.bigstamping.com\/#\/schema\/logo\/image\/","url":"https:\/\/www.bigstamping.com\/wp-content\/uploads\/2018\/12\/big-stamper-amarillo.jpg","contentUrl":"https:\/\/www.bigstamping.com\/wp-content\/uploads\/2018\/12\/big-stamper-amarillo.jpg","width":293,"height":300,"caption":"BigStamping"},"image":{"@id":"https:\/\/www.bigstamping.com\/#\/schema\/logo\/image\/"},"sameAs":["https:\/\/www.facebook.com\/Bigstamping-241206903231462\/","https:\/\/x.com\/Bigstamping","https:\/\/www.instagram.com\/bigstamping\/","https:\/\/www.youtube.com\/channel\/UC_l3jNsBYYC-Ds9pzcZy_Vg"]}]}},"_links":{"self":[{"href":"https:\/\/www.bigstamping.com\/it\/wp-json\/wp\/v2\/product\/36544","targetHints":{"allow":["GET"]}}],"collection":[{"href":"https:\/\/www.bigstamping.com\/it\/wp-json\/wp\/v2\/product"}],"about":[{"href":"https:\/\/www.bigstamping.com\/it\/wp-json\/wp\/v2\/types\/product"}],"version-history":[{"count":0,"href":"https:\/\/www.bigstamping.com\/it\/wp-json\/wp\/v2\/product\/36544\/revisions"}],"wp:featuredmedia":[{"embeddable":true,"href":"https:\/\/www.bigstamping.com\/it\/wp-json\/wp\/v2\/media\/36546"}],"wp:attachment":[{"href":"https:\/\/www.bigstamping.com\/it\/wp-json\/wp\/v2\/media?parent=36544"}],"wp:term":[{"taxonomy":"product_brand","embeddable":true,"href":"https:\/\/www.bigstamping.com\/it\/wp-json\/wp\/v2\/product_brand?post=36544"},{"taxonomy":"product_cat","embeddable":true,"href":"https:\/\/www.bigstamping.com\/it\/wp-json\/wp\/v2\/product_cat?post=36544"},{"taxonomy":"product_tag","embeddable":true,"href":"https:\/\/www.bigstamping.com\/it\/wp-json\/wp\/v2\/product_tag?post=36544"}],"curies":[{"name":"wp","href":"https:\/\/api.w.org\/{rel}","templated":true}]}}