{"id":36587,"date":"2018-12-05T17:20:02","date_gmt":"2021-01-19T17:45:57","guid":{"rendered":"https:\/\/www.bigstamping.com\/producto\/rullo\/"},"modified":"2024-06-14T19:31:04","modified_gmt":"2024-06-14T18:31:04","slug":"rullo","status":"publish","type":"product","link":"https:\/\/www.bigstamping.com\/it\/producto\/rullo\/","title":{"rendered":"Rullo"},"content":{"rendered":"<p><span style=\"font-weight: 400;\">Manico: Legno con finitura naturale, ergonomico, morbido e maneggevole.<\/span><\/p>\n<p><span style=\"font-weight: 400;\">Gomma: robusta, resistente e uniforme, che consente un trasferimento ottimale dell&#8217;inchiostro.<\/span><\/p>\n<p><span style=\"font-weight: 400;\">Struttura: robusto telaio in acciaio che elimina la deformazione e previene la piegatura o la rottura.<\/span><\/p>\n<p><span style=\"font-weight: 400;\">Dimensioni: 12&#215;16 cm.<\/span><\/p>\n<p><span style=\"font-weight: 400;\">Peso: 170 grammi.<\/span><\/p>\n<p><span style=\"font-weight: 400;\">Conservazione:. Lavare dopo ogni utilizzo con acqua e sapone (opzionale), \u00e8 possibile utilizzare un panno per asciugarlo o lasciarlo asciugare all&#8217;aria.<\/span><\/p>\n<p><span style=\"font-weight: 400;\">Consigliato per: tutti i tipi di francobolli e inchiostri.<\/span><\/p>\n<p><span style=\"font-weight: 400;\">Riferimento: BS-R01<\/span><\/p>\n","protected":false},"excerpt":{"rendered":"<p><span style=\"font-weight: 400;\">Il rullo BigStamping \u00e8 uno strumento in gomma dura in un unico pezzo per applicare l&#8217;inchiostro al timbro. Questo rullo per timbri di grandi dimensioni misura circa 12&#215;16 cm (4,72&#215;6,29 in) (le dimensioni del rullo possono variare) ed \u00e8 dotato di un&#8217;impugnatura ergonomica che ne facilita la presa. La sua struttura elimina la deformazione e rende il trasferimento dell&#8217;inchiostro fluido e uniforme.<\/span><\/p>\n<p><span style=\"font-weight: 400;\">Adatto a tutti i tipi di inchiostri, sia tessili che flessografici. Le sue dimensioni consentono di adattarsi in modo ottimale a tutti i formati dei nostri timbri.<\/span><\/p>\n[acordeon_personalizado]<\/p>\n<p>[pestana_acordeon_personalizado titulo=\"Ulteriori informazioni sui rulli BigStamping\"]<\/p>\n<p><span style=\"font-weight: 400;\">Manico: legno con finitura naturale, ergonomicamente morbido e facile da maneggiare.<\/span><\/p>\n<hr \/>\n<p><span style=\"font-weight: 400;\">Gomma: robusta, resistente e uniforme, che consente un trasferimento ottimale dell&#8217;inchiostro.<\/span><\/p>\n<hr \/>\n<p><span style=\"font-weight: 400;\">Struttura: robusto telaio in acciaio che elimina la deformazione e previene la piegatura o la rottura.<\/span><\/p>\n<p><span style=\"font-weight: 400;\">Peso: 170 grammi.<\/span><\/p>\n<hr \/>\n<p><span style=\"font-weight: 400;\">Conservazione: Lavare dopo ogni utilizzo con acqua e sapone (opzionale). Asciugare completamente.<\/span><\/p>\n<hr \/>\n<p><span style=\"font-weight: 400;\">Consigliato per: tutti i tipi di francobolli e inchiostri.<\/span><\/p>\n<p>[\/pestana_acordeon_personalizado]<\/p>\n<p>[pestana_acordeon_personalizado titulo=\"Come si ordina?\"]<\/p>\n<p>Per ordinare questo prodotto, \u00e8 sufficiente scegliere la quantit\u00e0 e fare clic sul pulsante Aggiungi al carrello. Ricordate che i kit includono gi\u00e0 un rullo, ma potete ordinarne quanti ne volete. \ud83d\ude09<\/p>\n<p><strong>\u00b7 Metodi di pagamento accettati: carte di debito\/credito e Paypal.<\/strong><\/p>\n<p>[\/pestana_acordeon_personalizado]<\/p>\n<p>[pestana_acordeon_personalizado titulo=\"Tempi di consegna e costi di spedizione\"]<\/p>\n<p>Spediamo in tutti i Paesi della Comunit\u00e0 Economica Europea. Spediamo anche negli Stati Uniti, Regno Unito, Turchia, Svizzera, Canada, Australia, Cile, Emirati Arabi Uniti e Giappone.<\/p>\n<p><strong>Termini di consegna<\/strong><\/p>\n<p>Dal momento dell&#8217;ordine e se non ci sono problemi con il disegno, ci vorranno circa <strong>7-15 giorni lavorativi per consegnare l&#8217;ordine.<\/strong><\/p>\n<p><span style=\"text-decoration: underline;\"><strong>*NOTA:<\/strong><\/span> Non siamo responsabili di eventuali ritardi causati da societ\u00e0 di trasporto o enti di controllo.<\/p>\n<p><strong>Costo delle spedizioni<\/strong><\/p>\n<p>Il costo della spedizione viene calcolato automaticamente dal sito web in base al paese e agli articoli aggiunti al carrello.<\/p>\n<p>\u00c8 possibile ottenere la spedizione gratuita a partire da 100 euro, a seconda della destinazione di consegna. Per informazioni pi\u00f9 dettagliate sui costi di spedizione e sugli importi richiesti per la consegna gratuita, <a href=\"https:\/\/www.bigstamping.com\/it\/faq\/\">visitate la sezione FAQ<\/a> e verificate le condizioni relative al vostro indirizzo.<\/p>\n<p>[\/pestana_acordeon_personalizado]<\/p>\n<p>[\/acordeon_personalizado]\n","protected":false},"featured_media":430605,"template":"","meta":{"_acf_changed":false,"_genesis_hide_title":false,"_genesis_hide_breadcrumbs":false,"_genesis_hide_singular_image":false,"_genesis_hide_footer_widgets":false,"_genesis_custom_body_class":"","_genesis_custom_post_class":"","_genesis_layout":""},"product_brand":[],"product_cat":[365],"product_tag":[],"class_list":{"0":"post-36587","1":"product","2":"type-product","3":"status-publish","4":"has-post-thumbnail","6":"product_cat-accesorios-it","7":"product_shipping_class-classe-1","8":"entry","10":"first","11":"instock","12":"taxable","13":"shipping-taxable","14":"purchasable","15":"product-type-simple"},"acf":[],"yoast_head":"<!-- This site is optimized with the Yoast SEO plugin v26.7 - https:\/\/yoast.com\/wordpress\/plugins\/seo\/ -->\n<title>Rullo - BigStamping<\/title>\n<meta name=\"description\" content=\"Utilizzato in combinazione con i nostri acetati, questo rullo serve a stendere l&#039;inchiostro sui grandi francobolli BigStamping personalizzati.\" \/>\n<meta name=\"robots\" content=\"index, follow, max-snippet:-1, max-image-preview:large, max-video-preview:-1\" \/>\n<link rel=\"canonical\" href=\"https:\/\/www.bigstamping.com\/it\/producto\/rullo\/\" \/>\n<meta property=\"og:locale\" content=\"it_IT\" \/>\n<meta property=\"og:type\" content=\"article\" \/>\n<meta property=\"og:title\" content=\"Rullo - BigStamping\" \/>\n<meta property=\"og:description\" content=\"Utilizzato in combinazione con i nostri acetati, questo rullo serve a stendere l&#039;inchiostro sui grandi francobolli BigStamping personalizzati.\" \/>\n<meta property=\"og:url\" content=\"https:\/\/www.bigstamping.com\/it\/producto\/rullo\/\" \/>\n<meta property=\"og:site_name\" content=\"BigStamping\" \/>\n<meta property=\"article:publisher\" content=\"https:\/\/www.facebook.com\/Bigstamping-241206903231462\/\" \/>\n<meta property=\"article:modified_time\" content=\"2024-06-14T18:31:04+00:00\" \/>\n<meta property=\"og:image\" content=\"https:\/\/www.bigstamping.com\/wp-content\/uploads\/2018\/12\/unnamed-4.jpg\" \/>\n\t<meta property=\"og:image:width\" content=\"1080\" \/>\n\t<meta property=\"og:image:height\" content=\"1080\" \/>\n\t<meta property=\"og:image:type\" content=\"image\/jpeg\" \/>\n<meta name=\"twitter:card\" content=\"summary_large_image\" \/>\n<meta name=\"twitter:site\" content=\"@Bigstamping\" \/>\n<meta name=\"twitter:label1\" content=\"Tempo di lettura stimato\" \/>\n\t<meta name=\"twitter:data1\" content=\"1 minuto\" \/>\n<script type=\"application\/ld+json\" class=\"yoast-schema-graph\">{\"@context\":\"https:\/\/schema.org\",\"@graph\":[{\"@type\":\"WebPage\",\"@id\":\"https:\/\/www.bigstamping.com\/it\/producto\/rullo\/\",\"url\":\"https:\/\/www.bigstamping.com\/it\/producto\/rullo\/\",\"name\":\"Rullo - BigStamping\",\"isPartOf\":{\"@id\":\"https:\/\/www.bigstamping.com\/#website\"},\"primaryImageOfPage\":{\"@id\":\"https:\/\/www.bigstamping.com\/it\/producto\/rullo\/#primaryimage\"},\"image\":{\"@id\":\"https:\/\/www.bigstamping.com\/it\/producto\/rullo\/#primaryimage\"},\"thumbnailUrl\":\"https:\/\/www.bigstamping.com\/wp-content\/uploads\/2018\/12\/unnamed-4.jpg\",\"datePublished\":\"2021-01-19T17:45:57+00:00\",\"dateModified\":\"2024-06-14T18:31:04+00:00\",\"description\":\"Utilizzato in combinazione con i nostri acetati, questo rullo serve a stendere l'inchiostro sui grandi francobolli BigStamping personalizzati.\",\"breadcrumb\":{\"@id\":\"https:\/\/www.bigstamping.com\/it\/producto\/rullo\/#breadcrumb\"},\"inLanguage\":\"it-IT\",\"potentialAction\":[{\"@type\":\"ReadAction\",\"target\":[\"https:\/\/www.bigstamping.com\/it\/producto\/rullo\/\"]}]},{\"@type\":\"ImageObject\",\"inLanguage\":\"it-IT\",\"@id\":\"https:\/\/www.bigstamping.com\/it\/producto\/rullo\/#primaryimage\",\"url\":\"https:\/\/www.bigstamping.com\/wp-content\/uploads\/2018\/12\/unnamed-4.jpg\",\"contentUrl\":\"https:\/\/www.bigstamping.com\/wp-content\/uploads\/2018\/12\/unnamed-4.jpg\",\"width\":1080,\"height\":1080,\"caption\":\"Rodillo BigStamping\"},{\"@type\":\"BreadcrumbList\",\"@id\":\"https:\/\/www.bigstamping.com\/it\/producto\/rullo\/#breadcrumb\",\"itemListElement\":[{\"@type\":\"ListItem\",\"position\":1,\"name\":\"Portada\",\"item\":\"https:\/\/www.bigstamping.com\/en\/\"},{\"@type\":\"ListItem\",\"position\":2,\"name\":\"Rullo\"}]},{\"@type\":\"WebSite\",\"@id\":\"https:\/\/www.bigstamping.com\/#website\",\"url\":\"https:\/\/www.bigstamping.com\/\",\"name\":\"BigStamping\",\"description\":\"Sellos de gran tama\u00f1o para stampear\",\"publisher\":{\"@id\":\"https:\/\/www.bigstamping.com\/#organization\"},\"potentialAction\":[{\"@type\":\"SearchAction\",\"target\":{\"@type\":\"EntryPoint\",\"urlTemplate\":\"https:\/\/www.bigstamping.com\/?s={search_term_string}\"},\"query-input\":{\"@type\":\"PropertyValueSpecification\",\"valueRequired\":true,\"valueName\":\"search_term_string\"}}],\"inLanguage\":\"it-IT\"},{\"@type\":\"Organization\",\"@id\":\"https:\/\/www.bigstamping.com\/#organization\",\"name\":\"BigStamping\",\"url\":\"https:\/\/www.bigstamping.com\/\",\"logo\":{\"@type\":\"ImageObject\",\"inLanguage\":\"it-IT\",\"@id\":\"https:\/\/www.bigstamping.com\/#\/schema\/logo\/image\/\",\"url\":\"https:\/\/www.bigstamping.com\/wp-content\/uploads\/2018\/12\/big-stamper-amarillo.jpg\",\"contentUrl\":\"https:\/\/www.bigstamping.com\/wp-content\/uploads\/2018\/12\/big-stamper-amarillo.jpg\",\"width\":293,\"height\":300,\"caption\":\"BigStamping\"},\"image\":{\"@id\":\"https:\/\/www.bigstamping.com\/#\/schema\/logo\/image\/\"},\"sameAs\":[\"https:\/\/www.facebook.com\/Bigstamping-241206903231462\/\",\"https:\/\/x.com\/Bigstamping\",\"https:\/\/www.instagram.com\/bigstamping\/\",\"https:\/\/www.youtube.com\/channel\/UC_l3jNsBYYC-Ds9pzcZy_Vg\"]}]}<\/script>\n<!-- \/ Yoast SEO plugin. -->","yoast_head_json":{"title":"Rullo - BigStamping","description":"Utilizzato in combinazione con i nostri acetati, questo rullo serve a stendere l'inchiostro sui grandi francobolli BigStamping personalizzati.","robots":{"index":"index","follow":"follow","max-snippet":"max-snippet:-1","max-image-preview":"max-image-preview:large","max-video-preview":"max-video-preview:-1"},"canonical":"https:\/\/www.bigstamping.com\/it\/producto\/rullo\/","og_locale":"it_IT","og_type":"article","og_title":"Rullo - BigStamping","og_description":"Utilizzato in combinazione con i nostri acetati, questo rullo serve a stendere l'inchiostro sui grandi francobolli BigStamping personalizzati.","og_url":"https:\/\/www.bigstamping.com\/it\/producto\/rullo\/","og_site_name":"BigStamping","article_publisher":"https:\/\/www.facebook.com\/Bigstamping-241206903231462\/","article_modified_time":"2024-06-14T18:31:04+00:00","og_image":[{"width":1080,"height":1080,"url":"https:\/\/www.bigstamping.com\/wp-content\/uploads\/2018\/12\/unnamed-4.jpg","type":"image\/jpeg"}],"twitter_card":"summary_large_image","twitter_site":"@Bigstamping","twitter_misc":{"Tempo di lettura stimato":"1 minuto"},"schema":{"@context":"https:\/\/schema.org","@graph":[{"@type":"WebPage","@id":"https:\/\/www.bigstamping.com\/it\/producto\/rullo\/","url":"https:\/\/www.bigstamping.com\/it\/producto\/rullo\/","name":"Rullo - BigStamping","isPartOf":{"@id":"https:\/\/www.bigstamping.com\/#website"},"primaryImageOfPage":{"@id":"https:\/\/www.bigstamping.com\/it\/producto\/rullo\/#primaryimage"},"image":{"@id":"https:\/\/www.bigstamping.com\/it\/producto\/rullo\/#primaryimage"},"thumbnailUrl":"https:\/\/www.bigstamping.com\/wp-content\/uploads\/2018\/12\/unnamed-4.jpg","datePublished":"2021-01-19T17:45:57+00:00","dateModified":"2024-06-14T18:31:04+00:00","description":"Utilizzato in combinazione con i nostri acetati, questo rullo serve a stendere l'inchiostro sui grandi francobolli BigStamping personalizzati.","breadcrumb":{"@id":"https:\/\/www.bigstamping.com\/it\/producto\/rullo\/#breadcrumb"},"inLanguage":"it-IT","potentialAction":[{"@type":"ReadAction","target":["https:\/\/www.bigstamping.com\/it\/producto\/rullo\/"]}]},{"@type":"ImageObject","inLanguage":"it-IT","@id":"https:\/\/www.bigstamping.com\/it\/producto\/rullo\/#primaryimage","url":"https:\/\/www.bigstamping.com\/wp-content\/uploads\/2018\/12\/unnamed-4.jpg","contentUrl":"https:\/\/www.bigstamping.com\/wp-content\/uploads\/2018\/12\/unnamed-4.jpg","width":1080,"height":1080,"caption":"Rodillo BigStamping"},{"@type":"BreadcrumbList","@id":"https:\/\/www.bigstamping.com\/it\/producto\/rullo\/#breadcrumb","itemListElement":[{"@type":"ListItem","position":1,"name":"Portada","item":"https:\/\/www.bigstamping.com\/en\/"},{"@type":"ListItem","position":2,"name":"Rullo"}]},{"@type":"WebSite","@id":"https:\/\/www.bigstamping.com\/#website","url":"https:\/\/www.bigstamping.com\/","name":"BigStamping","description":"Sellos de gran tama\u00f1o para stampear","publisher":{"@id":"https:\/\/www.bigstamping.com\/#organization"},"potentialAction":[{"@type":"SearchAction","target":{"@type":"EntryPoint","urlTemplate":"https:\/\/www.bigstamping.com\/?s={search_term_string}"},"query-input":{"@type":"PropertyValueSpecification","valueRequired":true,"valueName":"search_term_string"}}],"inLanguage":"it-IT"},{"@type":"Organization","@id":"https:\/\/www.bigstamping.com\/#organization","name":"BigStamping","url":"https:\/\/www.bigstamping.com\/","logo":{"@type":"ImageObject","inLanguage":"it-IT","@id":"https:\/\/www.bigstamping.com\/#\/schema\/logo\/image\/","url":"https:\/\/www.bigstamping.com\/wp-content\/uploads\/2018\/12\/big-stamper-amarillo.jpg","contentUrl":"https:\/\/www.bigstamping.com\/wp-content\/uploads\/2018\/12\/big-stamper-amarillo.jpg","width":293,"height":300,"caption":"BigStamping"},"image":{"@id":"https:\/\/www.bigstamping.com\/#\/schema\/logo\/image\/"},"sameAs":["https:\/\/www.facebook.com\/Bigstamping-241206903231462\/","https:\/\/x.com\/Bigstamping","https:\/\/www.instagram.com\/bigstamping\/","https:\/\/www.youtube.com\/channel\/UC_l3jNsBYYC-Ds9pzcZy_Vg"]}]}},"_links":{"self":[{"href":"https:\/\/www.bigstamping.com\/it\/wp-json\/wp\/v2\/product\/36587","targetHints":{"allow":["GET"]}}],"collection":[{"href":"https:\/\/www.bigstamping.com\/it\/wp-json\/wp\/v2\/product"}],"about":[{"href":"https:\/\/www.bigstamping.com\/it\/wp-json\/wp\/v2\/types\/product"}],"version-history":[{"count":0,"href":"https:\/\/www.bigstamping.com\/it\/wp-json\/wp\/v2\/product\/36587\/revisions"}],"wp:featuredmedia":[{"embeddable":true,"href":"https:\/\/www.bigstamping.com\/it\/wp-json\/wp\/v2\/media\/430605"}],"wp:attachment":[{"href":"https:\/\/www.bigstamping.com\/it\/wp-json\/wp\/v2\/media?parent=36587"}],"wp:term":[{"taxonomy":"product_brand","embeddable":true,"href":"https:\/\/www.bigstamping.com\/it\/wp-json\/wp\/v2\/product_brand?post=36587"},{"taxonomy":"product_cat","embeddable":true,"href":"https:\/\/www.bigstamping.com\/it\/wp-json\/wp\/v2\/product_cat?post=36587"},{"taxonomy":"product_tag","embeddable":true,"href":"https:\/\/www.bigstamping.com\/it\/wp-json\/wp\/v2\/product_tag?post=36587"}],"curies":[{"name":"wp","href":"https:\/\/api.w.org\/{rel}","templated":true}]}}