{"id":36603,"date":"2018-12-05T17:19:22","date_gmt":"2021-01-19T17:49:27","guid":{"rendered":"https:\/\/www.bigstamping.com\/producto\/fogli-acetati\/"},"modified":"2024-06-14T19:30:51","modified_gmt":"2024-06-14T18:30:51","slug":"fogli-acetati","status":"publish","type":"product","link":"https:\/\/www.bigstamping.com\/it\/producto\/fogli-acetati\/","title":{"rendered":"Fogli Acetati"},"content":{"rendered":"<p><span style=\"font-weight: 400;\">Finitura: liscio al tatto. Permette uno scorrimento facile, uniforme e veloce del rullo sull&#8217;inchiostro.<\/span><\/p>\n<hr \/>\n<p><span style=\"font-weight: 400;\">Dimensioni: 42 x 30 cm<\/span><\/p>\n<hr \/>\n<p><span style=\"font-weight: 400;\">Peso: 44 grammi<\/span><\/p>\n<hr \/>\n<p><span style=\"font-weight: 400;\">Spessore: 0,25 micron<\/span><\/p>\n<hr \/>\n<p><span style=\"font-weight: 400;\">Conservazione:. Dopo l&#8217;uso lavare con acqua e sapone (opzionale).<\/span><\/p>\n<hr \/>\n<p><span style=\"font-weight: 400;\">Consigliato per: tutti i tipi di rulli, inchiostri e timbri.<\/span><\/p>\n<hr \/>\n<p><span style=\"font-weight: 400;\">Riferimento: BS-A01<\/span><\/p>\n","protected":false},"excerpt":{"rendered":"<p><span style=\"font-weight: 400;\">Confezione con 4 acetati trasparenti di alta qualit\u00e0, formato A3 (42&#215;29,7 cm\/ 16,53&#215;11,69 in). Appositamente progettato per stendere l&#8217;inchiostro. Aiutano a trasferire l&#8217;inchiostro sul rullo, rapidamente e facilmente, grazie alla loro superficie liscia e scorrevole.<\/span><\/p>\n<p><span style=\"font-weight: 400;\">Adatto a tutti i tipi di vernici, rulli e inchiostri.<\/span><\/p>\n[acordeon_personalizado]<\/p>\n<p>[pestana_acordeon_personalizado titulo=\"Ulteriori informazioni sugli acetati BigStamping\"]<\/p>\n<p><span style=\"font-weight: 400;\">Finitura: liscio al tatto. Permette uno scorrimento facile, uniforme e veloce del rullo sull&#8217;inchiostro.<br \/>\n<\/span><\/p>\n<hr \/>\n<p><span style=\"font-weight: 400;\">Peso: 44 grammi<\/span><\/p>\n<hr \/>\n<p><span style=\"font-weight: 400;\">Spessore: 0,25 micron<\/span><\/p>\n<hr \/>\n<p><span style=\"font-weight: 400;\">Conservazione: lavare con acqua e sapone dopo l&#8217;uso. Potete usarlo tutte le volte che volete!<br \/>\n<\/span><\/p>\n<hr \/>\n<p><span style=\"font-weight: 400;\"> Consigli per l&#8217;uso: per lavorare comodamente, fissatelo alla scrivania.<br \/>\n<\/span><\/p>\n<hr \/>\n<p><span style=\"font-weight: 400;\">Consigliato per: tutti i tipi di rulli, inchiostri e timbri.<\/span><\/p>\n<p>[\/pestana_acordeon_personalizado]<\/p>\n<p>[pestana_acordeon_personalizado titulo=\"Come si ordina?\"]<\/p>\n<p>Per ordinare questo prodotto, \u00e8 sufficiente scegliere la quantit\u00e0 e fare clic sul pulsante Aggiungi al carrello. Ricordate che i kit includono gi\u00e0 una confezione di acetati, ma potete ordinarne quanti ne volete. \ud83d\ude09<\/p>\n<p><strong>\u00b7 Metodi di pagamento accettati: carte di debito\/credito e Paypal.<\/strong><\/p>\n<p>[\/pestana_acordeon_personalizado]<\/p>\n<p>[pestana_acordeon_personalizado titulo=\"Tempi di consegna e costi di spedizione\"]<\/p>\n<p>Spediamo in tutti i Paesi della Comunit\u00e0 Economica Europea. Spediamo anche negli Stati Uniti, Regno Unito, Turchia, Svizzera, Canada, Australia, Cile, Emirati Arabi Uniti e Giappone.<\/p>\n<p><strong>Termini di consegna<\/strong><\/p>\n<p>Dal momento dell&#8217;ordine e se non ci sono problemi con il disegno, ci vorranno circa <strong>7-15 giorni lavorativi per consegnare l&#8217;ordine.<\/strong><\/p>\n<p><span style=\"text-decoration: underline;\"><strong>*NOTA:<\/strong><\/span> Non siamo responsabili di eventuali ritardi causati da societ\u00e0 di trasporto o enti di controllo.<\/p>\n<p><strong>Costo delle spedizioni<\/strong><\/p>\n<p>Il costo della spedizione viene calcolato automaticamente dal sito web in base al paese e agli articoli aggiunti al carrello.<\/p>\n<p>\u00c8 possibile ottenere la spedizione gratuita a partire da 100 euro, a seconda della destinazione di consegna. Per informazioni pi\u00f9 dettagliate sui costi di spedizione e sugli importi richiesti per la consegna gratuita, <a href=\"https:\/\/www.bigstamping.com\/it\/faq\/\">visitate la sezione FAQ<\/a> e verificate le condizioni relative al vostro indirizzo.<\/p>\n<p>[\/pestana_acordeon_personalizado]<\/p>\n<p>[\/acordeon_personalizado]\n","protected":false},"featured_media":36562,"template":"","meta":{"_acf_changed":false,"_genesis_hide_title":false,"_genesis_hide_breadcrumbs":false,"_genesis_hide_singular_image":false,"_genesis_hide_footer_widgets":false,"_genesis_custom_body_class":"","_genesis_custom_post_class":"","_genesis_layout":""},"product_brand":[],"product_cat":[365],"product_tag":[],"class_list":{"0":"post-36603","1":"product","2":"type-product","3":"status-publish","4":"has-post-thumbnail","6":"product_cat-accesorios-it","7":"product_shipping_class-classe-1","8":"entry","10":"first","11":"instock","12":"taxable","13":"shipping-taxable","14":"purchasable","15":"product-type-simple"},"acf":[],"yoast_head":"<!-- This site is optimized with the Yoast SEO plugin v26.7 - https:\/\/yoast.com\/wordpress\/plugins\/seo\/ -->\n<title>Fogli Acetati - BigStamping<\/title>\n<meta name=\"description\" content=\"Gli acetati BigStamping fungono da supporto per l&#039;inchiostro, lo spalmano con i rulli e sfruttano al meglio ogni applicazione sui francobolli di grandi dimensioni\" \/>\n<meta name=\"robots\" content=\"index, follow, max-snippet:-1, max-image-preview:large, max-video-preview:-1\" \/>\n<link rel=\"canonical\" href=\"https:\/\/www.bigstamping.com\/it\/producto\/fogli-acetati\/\" \/>\n<meta property=\"og:locale\" content=\"it_IT\" \/>\n<meta property=\"og:type\" content=\"article\" \/>\n<meta property=\"og:title\" content=\"Fogli Acetati - BigStamping\" \/>\n<meta property=\"og:description\" content=\"Gli acetati BigStamping fungono da supporto per l&#039;inchiostro, lo spalmano con i rulli e sfruttano al meglio ogni applicazione sui francobolli di grandi dimensioni\" \/>\n<meta property=\"og:url\" content=\"https:\/\/www.bigstamping.com\/it\/producto\/fogli-acetati\/\" \/>\n<meta property=\"og:site_name\" content=\"BigStamping\" \/>\n<meta property=\"article:publisher\" content=\"https:\/\/www.facebook.com\/Bigstamping-241206903231462\/\" \/>\n<meta property=\"article:modified_time\" content=\"2024-06-14T18:30:51+00:00\" \/>\n<meta property=\"og:image\" content=\"https:\/\/www.bigstamping.com\/wp-content\/uploads\/2018\/12\/Acetato_7946_copia.jpg\" \/>\n\t<meta property=\"og:image:width\" content=\"1500\" \/>\n\t<meta property=\"og:image:height\" content=\"1500\" \/>\n\t<meta property=\"og:image:type\" content=\"image\/jpeg\" \/>\n<meta name=\"twitter:card\" content=\"summary_large_image\" \/>\n<meta name=\"twitter:site\" content=\"@Bigstamping\" \/>\n<meta name=\"twitter:label1\" content=\"Tempo di lettura stimato\" \/>\n\t<meta name=\"twitter:data1\" content=\"1 minuto\" \/>\n<script type=\"application\/ld+json\" class=\"yoast-schema-graph\">{\"@context\":\"https:\/\/schema.org\",\"@graph\":[{\"@type\":\"WebPage\",\"@id\":\"https:\/\/www.bigstamping.com\/it\/producto\/fogli-acetati\/\",\"url\":\"https:\/\/www.bigstamping.com\/it\/producto\/fogli-acetati\/\",\"name\":\"Fogli Acetati - BigStamping\",\"isPartOf\":{\"@id\":\"https:\/\/www.bigstamping.com\/#website\"},\"primaryImageOfPage\":{\"@id\":\"https:\/\/www.bigstamping.com\/it\/producto\/fogli-acetati\/#primaryimage\"},\"image\":{\"@id\":\"https:\/\/www.bigstamping.com\/it\/producto\/fogli-acetati\/#primaryimage\"},\"thumbnailUrl\":\"https:\/\/www.bigstamping.com\/wp-content\/uploads\/2018\/12\/Acetato_7946_copia.jpg\",\"datePublished\":\"2021-01-19T17:49:27+00:00\",\"dateModified\":\"2024-06-14T18:30:51+00:00\",\"description\":\"Gli acetati BigStamping fungono da supporto per l'inchiostro, lo spalmano con i rulli e sfruttano al meglio ogni applicazione sui francobolli di grandi dimensioni\",\"breadcrumb\":{\"@id\":\"https:\/\/www.bigstamping.com\/it\/producto\/fogli-acetati\/#breadcrumb\"},\"inLanguage\":\"it-IT\",\"potentialAction\":[{\"@type\":\"ReadAction\",\"target\":[\"https:\/\/www.bigstamping.com\/it\/producto\/fogli-acetati\/\"]}]},{\"@type\":\"ImageObject\",\"inLanguage\":\"it-IT\",\"@id\":\"https:\/\/www.bigstamping.com\/it\/producto\/fogli-acetati\/#primaryimage\",\"url\":\"https:\/\/www.bigstamping.com\/wp-content\/uploads\/2018\/12\/Acetato_7946_copia.jpg\",\"contentUrl\":\"https:\/\/www.bigstamping.com\/wp-content\/uploads\/2018\/12\/Acetato_7946_copia.jpg\",\"width\":1500,\"height\":1500,\"caption\":\"Pacchetto Acetato Big Stamping\"},{\"@type\":\"BreadcrumbList\",\"@id\":\"https:\/\/www.bigstamping.com\/it\/producto\/fogli-acetati\/#breadcrumb\",\"itemListElement\":[{\"@type\":\"ListItem\",\"position\":1,\"name\":\"Portada\",\"item\":\"https:\/\/www.bigstamping.com\/en\/\"},{\"@type\":\"ListItem\",\"position\":2,\"name\":\"Fogli Acetati\"}]},{\"@type\":\"WebSite\",\"@id\":\"https:\/\/www.bigstamping.com\/#website\",\"url\":\"https:\/\/www.bigstamping.com\/\",\"name\":\"BigStamping\",\"description\":\"Sellos de gran tama\u00f1o para stampear\",\"publisher\":{\"@id\":\"https:\/\/www.bigstamping.com\/#organization\"},\"potentialAction\":[{\"@type\":\"SearchAction\",\"target\":{\"@type\":\"EntryPoint\",\"urlTemplate\":\"https:\/\/www.bigstamping.com\/?s={search_term_string}\"},\"query-input\":{\"@type\":\"PropertyValueSpecification\",\"valueRequired\":true,\"valueName\":\"search_term_string\"}}],\"inLanguage\":\"it-IT\"},{\"@type\":\"Organization\",\"@id\":\"https:\/\/www.bigstamping.com\/#organization\",\"name\":\"BigStamping\",\"url\":\"https:\/\/www.bigstamping.com\/\",\"logo\":{\"@type\":\"ImageObject\",\"inLanguage\":\"it-IT\",\"@id\":\"https:\/\/www.bigstamping.com\/#\/schema\/logo\/image\/\",\"url\":\"https:\/\/www.bigstamping.com\/wp-content\/uploads\/2018\/12\/big-stamper-amarillo.jpg\",\"contentUrl\":\"https:\/\/www.bigstamping.com\/wp-content\/uploads\/2018\/12\/big-stamper-amarillo.jpg\",\"width\":293,\"height\":300,\"caption\":\"BigStamping\"},\"image\":{\"@id\":\"https:\/\/www.bigstamping.com\/#\/schema\/logo\/image\/\"},\"sameAs\":[\"https:\/\/www.facebook.com\/Bigstamping-241206903231462\/\",\"https:\/\/x.com\/Bigstamping\",\"https:\/\/www.instagram.com\/bigstamping\/\",\"https:\/\/www.youtube.com\/channel\/UC_l3jNsBYYC-Ds9pzcZy_Vg\"]}]}<\/script>\n<!-- \/ Yoast SEO plugin. -->","yoast_head_json":{"title":"Fogli Acetati - BigStamping","description":"Gli acetati BigStamping fungono da supporto per l'inchiostro, lo spalmano con i rulli e sfruttano al meglio ogni applicazione sui francobolli di grandi dimensioni","robots":{"index":"index","follow":"follow","max-snippet":"max-snippet:-1","max-image-preview":"max-image-preview:large","max-video-preview":"max-video-preview:-1"},"canonical":"https:\/\/www.bigstamping.com\/it\/producto\/fogli-acetati\/","og_locale":"it_IT","og_type":"article","og_title":"Fogli Acetati - BigStamping","og_description":"Gli acetati BigStamping fungono da supporto per l'inchiostro, lo spalmano con i rulli e sfruttano al meglio ogni applicazione sui francobolli di grandi dimensioni","og_url":"https:\/\/www.bigstamping.com\/it\/producto\/fogli-acetati\/","og_site_name":"BigStamping","article_publisher":"https:\/\/www.facebook.com\/Bigstamping-241206903231462\/","article_modified_time":"2024-06-14T18:30:51+00:00","og_image":[{"width":1500,"height":1500,"url":"https:\/\/www.bigstamping.com\/wp-content\/uploads\/2018\/12\/Acetato_7946_copia.jpg","type":"image\/jpeg"}],"twitter_card":"summary_large_image","twitter_site":"@Bigstamping","twitter_misc":{"Tempo di lettura stimato":"1 minuto"},"schema":{"@context":"https:\/\/schema.org","@graph":[{"@type":"WebPage","@id":"https:\/\/www.bigstamping.com\/it\/producto\/fogli-acetati\/","url":"https:\/\/www.bigstamping.com\/it\/producto\/fogli-acetati\/","name":"Fogli Acetati - BigStamping","isPartOf":{"@id":"https:\/\/www.bigstamping.com\/#website"},"primaryImageOfPage":{"@id":"https:\/\/www.bigstamping.com\/it\/producto\/fogli-acetati\/#primaryimage"},"image":{"@id":"https:\/\/www.bigstamping.com\/it\/producto\/fogli-acetati\/#primaryimage"},"thumbnailUrl":"https:\/\/www.bigstamping.com\/wp-content\/uploads\/2018\/12\/Acetato_7946_copia.jpg","datePublished":"2021-01-19T17:49:27+00:00","dateModified":"2024-06-14T18:30:51+00:00","description":"Gli acetati BigStamping fungono da supporto per l'inchiostro, lo spalmano con i rulli e sfruttano al meglio ogni applicazione sui francobolli di grandi dimensioni","breadcrumb":{"@id":"https:\/\/www.bigstamping.com\/it\/producto\/fogli-acetati\/#breadcrumb"},"inLanguage":"it-IT","potentialAction":[{"@type":"ReadAction","target":["https:\/\/www.bigstamping.com\/it\/producto\/fogli-acetati\/"]}]},{"@type":"ImageObject","inLanguage":"it-IT","@id":"https:\/\/www.bigstamping.com\/it\/producto\/fogli-acetati\/#primaryimage","url":"https:\/\/www.bigstamping.com\/wp-content\/uploads\/2018\/12\/Acetato_7946_copia.jpg","contentUrl":"https:\/\/www.bigstamping.com\/wp-content\/uploads\/2018\/12\/Acetato_7946_copia.jpg","width":1500,"height":1500,"caption":"Pacchetto Acetato Big Stamping"},{"@type":"BreadcrumbList","@id":"https:\/\/www.bigstamping.com\/it\/producto\/fogli-acetati\/#breadcrumb","itemListElement":[{"@type":"ListItem","position":1,"name":"Portada","item":"https:\/\/www.bigstamping.com\/en\/"},{"@type":"ListItem","position":2,"name":"Fogli Acetati"}]},{"@type":"WebSite","@id":"https:\/\/www.bigstamping.com\/#website","url":"https:\/\/www.bigstamping.com\/","name":"BigStamping","description":"Sellos de gran tama\u00f1o para stampear","publisher":{"@id":"https:\/\/www.bigstamping.com\/#organization"},"potentialAction":[{"@type":"SearchAction","target":{"@type":"EntryPoint","urlTemplate":"https:\/\/www.bigstamping.com\/?s={search_term_string}"},"query-input":{"@type":"PropertyValueSpecification","valueRequired":true,"valueName":"search_term_string"}}],"inLanguage":"it-IT"},{"@type":"Organization","@id":"https:\/\/www.bigstamping.com\/#organization","name":"BigStamping","url":"https:\/\/www.bigstamping.com\/","logo":{"@type":"ImageObject","inLanguage":"it-IT","@id":"https:\/\/www.bigstamping.com\/#\/schema\/logo\/image\/","url":"https:\/\/www.bigstamping.com\/wp-content\/uploads\/2018\/12\/big-stamper-amarillo.jpg","contentUrl":"https:\/\/www.bigstamping.com\/wp-content\/uploads\/2018\/12\/big-stamper-amarillo.jpg","width":293,"height":300,"caption":"BigStamping"},"image":{"@id":"https:\/\/www.bigstamping.com\/#\/schema\/logo\/image\/"},"sameAs":["https:\/\/www.facebook.com\/Bigstamping-241206903231462\/","https:\/\/x.com\/Bigstamping","https:\/\/www.instagram.com\/bigstamping\/","https:\/\/www.youtube.com\/channel\/UC_l3jNsBYYC-Ds9pzcZy_Vg"]}]}},"_links":{"self":[{"href":"https:\/\/www.bigstamping.com\/it\/wp-json\/wp\/v2\/product\/36603","targetHints":{"allow":["GET"]}}],"collection":[{"href":"https:\/\/www.bigstamping.com\/it\/wp-json\/wp\/v2\/product"}],"about":[{"href":"https:\/\/www.bigstamping.com\/it\/wp-json\/wp\/v2\/types\/product"}],"version-history":[{"count":0,"href":"https:\/\/www.bigstamping.com\/it\/wp-json\/wp\/v2\/product\/36603\/revisions"}],"wp:featuredmedia":[{"embeddable":true,"href":"https:\/\/www.bigstamping.com\/it\/wp-json\/wp\/v2\/media\/36562"}],"wp:attachment":[{"href":"https:\/\/www.bigstamping.com\/it\/wp-json\/wp\/v2\/media?parent=36603"}],"wp:term":[{"taxonomy":"product_brand","embeddable":true,"href":"https:\/\/www.bigstamping.com\/it\/wp-json\/wp\/v2\/product_brand?post=36603"},{"taxonomy":"product_cat","embeddable":true,"href":"https:\/\/www.bigstamping.com\/it\/wp-json\/wp\/v2\/product_cat?post=36603"},{"taxonomy":"product_tag","embeddable":true,"href":"https:\/\/www.bigstamping.com\/it\/wp-json\/wp\/v2\/product_tag?post=36603"}],"curies":[{"name":"wp","href":"https:\/\/api.w.org\/{rel}","templated":true}]}}