{"id":17237,"date":"2018-11-28T18:08:52","date_gmt":"2018-11-28T18:08:52","guid":{"rendered":"https:\/\/www.bigstamping.com\/sobre-nosotros\/"},"modified":"2022-07-13T12:29:45","modified_gmt":"2022-07-13T10:29:45","slug":"sobre-nos","status":"publish","type":"page","link":"https:\/\/www.bigstamping.com\/pt-pt\/sobre-nos\/","title":{"rendered":"SOBRE N\u00d3S"},"content":{"rendered":"\t\t<div data-elementor-type=\"wp-post\" data-elementor-id=\"17237\" class=\"elementor elementor-17237 elementor-140\" data-elementor-post-type=\"page\">\n\t\t\t\t\t\t<section class=\"elementor-section elementor-top-section elementor-element elementor-element-9462f5c elementor-section-full_width elementor-section-height-default elementor-section-height-default\" data-id=\"9462f5c\" data-element_type=\"section\" data-settings=\"{&quot;background_background&quot;:&quot;classic&quot;}\">\n\t\t\t\t\t\t<div class=\"elementor-container elementor-column-gap-no\">\n\t\t\t\t\t<div class=\"elementor-column elementor-col-100 elementor-top-column elementor-element elementor-element-ac2b3a4\" data-id=\"ac2b3a4\" data-element_type=\"column\">\n\t\t\t<div class=\"elementor-widget-wrap elementor-element-populated\">\n\t\t\t\t\t\t<div class=\"elementor-element elementor-element-66dfb30 elementor-widget elementor-widget-image\" data-id=\"66dfb30\" data-element_type=\"widget\" data-widget_type=\"image.default\">\n\t\t\t\t<div class=\"elementor-widget-container\">\n\t\t\t\t\t\t\t\t\t\t\t\t\t\t\t<img fetchpriority=\"high\" decoding=\"async\" width=\"1024\" height=\"539\" src=\"https:\/\/www.bigstamping.com\/wp-content\/uploads\/2018\/11\/rotulo-globo-doin-1024x539.png\" class=\"attachment-large size-large wp-image-17238\" alt=\"Sinal de carimbo de bal\u00e3o BigStamping\" srcset=\"https:\/\/www.bigstamping.com\/wp-content\/uploads\/2018\/11\/rotulo-globo-doin-1024x539.png 1024w, https:\/\/www.bigstamping.com\/wp-content\/uploads\/2018\/11\/rotulo-globo-doin-300x158.png 300w, https:\/\/www.bigstamping.com\/wp-content\/uploads\/2018\/11\/rotulo-globo-doin-768x405.png 768w, https:\/\/www.bigstamping.com\/wp-content\/uploads\/2018\/11\/rotulo-globo-doin-600x316.png 600w\" sizes=\"(max-width: 1024px) 100vw, 1024px\" \/>\t\t\t\t\t\t\t\t\t\t\t\t\t\t\t<\/div>\n\t\t\t\t<\/div>\n\t\t\t\t<div class=\"elementor-element elementor-element-a578d0d elementor-widget elementor-widget-text-editor\" data-id=\"a578d0d\" data-element_type=\"widget\" data-widget_type=\"text-editor.default\">\n\t\t\t\t<div class=\"elementor-widget-container\">\n\t\t\t\t\t\t\t\t\t<p>LOVING WHAT WE DO<\/p>\n\t\t\t\t\t\t\t\t<\/div>\n\t\t\t\t<\/div>\n\t\t\t\t<div class=\"elementor-element elementor-element-b9f0c31 elementor-align-center elementor-widget elementor-widget-button\" data-id=\"b9f0c31\" data-element_type=\"widget\" data-widget_type=\"button.default\">\n\t\t\t\t<div class=\"elementor-widget-container\">\n\t\t\t\t\t\t\t\t\t<div class=\"elementor-button-wrapper\">\n\t\t\t\t\t<a class=\"elementor-button elementor-button-link elementor-size-sm elementor-animation-grow\" href=\"#\">\n\t\t\t\t\t\t<span class=\"elementor-button-content-wrapper\">\n\t\t\t\t\t\t\t\t\t<span class=\"elementor-button-text\">A NOSSA HIST\u00d3RIA<\/span>\n\t\t\t\t\t<\/span>\n\t\t\t\t\t<\/a>\n\t\t\t\t<\/div>\n\t\t\t\t\t\t\t\t<\/div>\n\t\t\t\t<\/div>\n\t\t\t\t\t<\/div>\n\t\t<\/div>\n\t\t\t\t\t<\/div>\n\t\t<\/section>\n\t\t\t\t<section class=\"elementor-section elementor-top-section elementor-element elementor-element-875acc4 elementor-section-boxed elementor-section-height-default elementor-section-height-default\" data-id=\"875acc4\" data-element_type=\"section\" data-settings=\"{&quot;background_background&quot;:&quot;classic&quot;}\">\n\t\t\t\t\t\t<div class=\"elementor-container elementor-column-gap-default\">\n\t\t\t\t\t<div class=\"elementor-column elementor-col-100 elementor-top-column elementor-element elementor-element-47bc5c2\" data-id=\"47bc5c2\" data-element_type=\"column\">\n\t\t\t<div class=\"elementor-widget-wrap elementor-element-populated\">\n\t\t\t\t\t\t<div class=\"elementor-element elementor-element-fa65cea elementor-widget elementor-widget-text-editor\" data-id=\"fa65cea\" data-element_type=\"widget\" data-widget_type=\"text-editor.default\">\n\t\t\t\t<div class=\"elementor-widget-container\">\n\t\t\t\t\t\t\t\t\t<p><b>A BigStamping<\/b> \u00e9 o <b>sonho realizado de 4 Stampers<\/b>. Nasceu dentro de uma empresa<br \/>j\u00e1 consolidada, criada em 1975, ano em que dois corajosos homens montaram uma pequena oficina de <br \/>carimbos e gravuras. Come\u00e7aram por utilizar a t\u00e9cnica de linogravura, uma das<br \/>primeiras t\u00e9cnicas de reprodu\u00e7\u00e3o gr\u00e1fica para fazer carimbos de maneira totalmente <br \/>artesanal, evoluindo at\u00e9 \u00e0 flexografia, t\u00e9cnica de pr\u00e9-impress\u00e3o gr\u00e1fica <br \/>industrializada, sendo, hoje em dia, uma importante empresa no setor das <br \/>artes gr\u00e1ficas.<\/p>\n<p>Os <b>BigStamping<\/b>s\u00e3o a segunda gera\u00e7\u00e3o desses pioneiros. Nascemos entre <br \/>carimbos, tintas e rolos, e fomos embebidos numa imensid\u00e3o de t\u00e9cnicas de <br \/>reprodu\u00e7\u00e3o gr\u00e1fica.<\/p>\n\t\t\t\t\t\t\t\t<\/div>\n\t\t\t\t<\/div>\n\t\t\t\t<div class=\"elementor-element elementor-element-5c7ee45 elementor-widget-divider--view-line elementor-widget elementor-widget-divider\" data-id=\"5c7ee45\" data-element_type=\"widget\" data-widget_type=\"divider.default\">\n\t\t\t\t<div class=\"elementor-widget-container\">\n\t\t\t\t\t\t\t<div class=\"elementor-divider\">\n\t\t\t<span class=\"elementor-divider-separator\">\n\t\t\t\t\t\t<\/span>\n\t\t<\/div>\n\t\t\t\t\t\t<\/div>\n\t\t\t\t<\/div>\n\t\t\t\t<div class=\"elementor-element elementor-element-2086973 elementor-widget elementor-widget-image\" data-id=\"2086973\" data-element_type=\"widget\" data-widget_type=\"image.default\">\n\t\t\t\t<div class=\"elementor-widget-container\">\n\t\t\t\t\t\t\t\t\t\t\t\t\t\t\t<img decoding=\"async\" width=\"784\" height=\"956\" src=\"https:\/\/www.bigstamping.com\/wp-content\/uploads\/2018\/11\/letra-b.png\" class=\"attachment-large size-large wp-image-17242\" alt=\"sinal B BigStampingsello-grey\" srcset=\"https:\/\/www.bigstamping.com\/wp-content\/uploads\/2018\/11\/letra-b.png 784w, https:\/\/www.bigstamping.com\/wp-content\/uploads\/2018\/11\/letra-b-246x300.png 246w, https:\/\/www.bigstamping.com\/wp-content\/uploads\/2018\/11\/letra-b-768x936.png 768w, https:\/\/www.bigstamping.com\/wp-content\/uploads\/2018\/11\/letra-b-600x732.png 600w\" sizes=\"(max-width: 784px) 100vw, 784px\" \/>\t\t\t\t\t\t\t\t\t\t\t\t\t\t\t<\/div>\n\t\t\t\t<\/div>\n\t\t\t\t<div class=\"elementor-element elementor-element-0335e73 elementor-widget elementor-widget-heading\" data-id=\"0335e73\" data-element_type=\"widget\" data-widget_type=\"heading.default\">\n\t\t\t\t<div class=\"elementor-widget-container\">\n\t\t\t\t\t<h1 class=\"elementor-heading-title elementor-size-default\">A NOSSA MISS\u00c3O<\/h1>\t\t\t\t<\/div>\n\t\t\t\t<\/div>\n\t\t\t\t<div class=\"elementor-element elementor-element-e5706d7 elementor-widget elementor-widget-text-editor\" data-id=\"e5706d7\" data-element_type=\"widget\" data-widget_type=\"text-editor.default\">\n\t\t\t\t<div class=\"elementor-widget-container\">\n\t\t\t\t\t\t\t\t\t<p>Na <b>BigStamping<\/b> produzimos carimbos grandes e f\u00e1ceis de usar, para que possas<br>fazer imensas cria\u00e7\u00f5es, materializar as tuas ideias de neg\u00f3cio, decorar a tua vida,<br>imortalizar conquistas e momentos especiais\u2026 basicamente, tudo o que possas imaginar,<br>mas lembra-te <b>&#8220;Made to Think Big&#8221;<\/b><\/p>\t\t\t\t\t\t\t\t<\/div>\n\t\t\t\t<\/div>\n\t\t\t\t<div class=\"elementor-element elementor-element-c7dbbc0 elementor-widget elementor-widget-image\" data-id=\"c7dbbc0\" data-element_type=\"widget\" data-widget_type=\"image.default\">\n\t\t\t\t<div class=\"elementor-widget-container\">\n\t\t\t\t\t\t\t\t\t\t\t\t\t\t\t<img decoding=\"async\" width=\"500\" height=\"500\" src=\"https:\/\/www.bigstamping.com\/wp-content\/uploads\/2018\/11\/sello-think-big.png\" class=\"attachment-large size-large wp-image-17241\" alt=\"Sinal de carimbo cinzento BigStamping\" srcset=\"https:\/\/www.bigstamping.com\/wp-content\/uploads\/2018\/11\/sello-think-big.png 500w, https:\/\/www.bigstamping.com\/wp-content\/uploads\/2018\/11\/sello-think-big-150x150.png 150w, https:\/\/www.bigstamping.com\/wp-content\/uploads\/2018\/11\/sello-think-big-300x300.png 300w, https:\/\/www.bigstamping.com\/wp-content\/uploads\/2018\/11\/sello-think-big-100x100.png 100w\" sizes=\"(max-width: 500px) 100vw, 500px\" \/>\t\t\t\t\t\t\t\t\t\t\t\t\t\t\t<\/div>\n\t\t\t\t<\/div>\n\t\t\t\t<div class=\"elementor-element elementor-element-36ee3d1 elementor-hidden-tablet elementor-hidden-phone elementor-widget elementor-widget-image\" data-id=\"36ee3d1\" data-element_type=\"widget\" data-widget_type=\"image.default\">\n\t\t\t\t<div class=\"elementor-widget-container\">\n\t\t\t\t\t\t\t\t\t\t\t\t\t\t\t<img loading=\"lazy\" decoding=\"async\" width=\"812\" height=\"967\" src=\"https:\/\/www.bigstamping.com\/wp-content\/uploads\/2018\/12\/rodillo-suelto.png\" class=\"attachment-large size-large wp-image-17245\" alt=\"\" srcset=\"https:\/\/www.bigstamping.com\/wp-content\/uploads\/2018\/12\/rodillo-suelto.png 812w, https:\/\/www.bigstamping.com\/wp-content\/uploads\/2018\/12\/rodillo-suelto-252x300.png 252w, https:\/\/www.bigstamping.com\/wp-content\/uploads\/2018\/12\/rodillo-suelto-768x915.png 768w, https:\/\/www.bigstamping.com\/wp-content\/uploads\/2018\/12\/rodillo-suelto-600x715.png 600w\" sizes=\"(max-width: 812px) 100vw, 812px\" \/>\t\t\t\t\t\t\t\t\t\t\t\t\t\t\t<\/div>\n\t\t\t\t<\/div>\n\t\t\t\t\t<\/div>\n\t\t<\/div>\n\t\t\t\t\t<\/div>\n\t\t<\/section>\n\t\t\t\t<section class=\"elementor-section elementor-top-section elementor-element elementor-element-39abf3b elementor-section-full_width elementor-reverse-mobile elementor-section-height-default elementor-section-height-default\" data-id=\"39abf3b\" data-element_type=\"section\" data-settings=\"{&quot;background_background&quot;:&quot;classic&quot;}\">\n\t\t\t\t\t\t<div class=\"elementor-container elementor-column-gap-no\">\n\t\t\t\t\t<div class=\"elementor-column elementor-col-50 elementor-top-column elementor-element elementor-element-f0140de\" data-id=\"f0140de\" data-element_type=\"column\">\n\t\t\t<div class=\"elementor-widget-wrap elementor-element-populated\">\n\t\t\t\t\t\t<div class=\"elementor-element elementor-element-ea29374 elementor-widget elementor-widget-image\" data-id=\"ea29374\" data-element_type=\"widget\" data-widget_type=\"image.default\">\n\t\t\t\t<div class=\"elementor-widget-container\">\n\t\t\t\t\t\t\t\t\t\t\t\t\t\t\t<img loading=\"lazy\" decoding=\"async\" width=\"2119\" height=\"1721\" src=\"https:\/\/www.bigstamping.com\/wp-content\/uploads\/2018\/12\/stampando.jpg\" class=\"attachment-full size-full wp-image-17246\" alt=\"\" srcset=\"https:\/\/www.bigstamping.com\/wp-content\/uploads\/2018\/12\/stampando.jpg 2119w, https:\/\/www.bigstamping.com\/wp-content\/uploads\/2018\/12\/stampando-300x244.jpg 300w, https:\/\/www.bigstamping.com\/wp-content\/uploads\/2018\/12\/stampando-768x624.jpg 768w, https:\/\/www.bigstamping.com\/wp-content\/uploads\/2018\/12\/stampando-1024x832.jpg 1024w, https:\/\/www.bigstamping.com\/wp-content\/uploads\/2018\/12\/stampando-600x487.jpg 600w\" sizes=\"(max-width: 2119px) 100vw, 2119px\" \/>\t\t\t\t\t\t\t\t\t\t\t\t\t\t\t<\/div>\n\t\t\t\t<\/div>\n\t\t\t\t\t<\/div>\n\t\t<\/div>\n\t\t\t\t<div class=\"elementor-column elementor-col-50 elementor-top-column elementor-element elementor-element-2a5ce76\" data-id=\"2a5ce76\" data-element_type=\"column\">\n\t\t\t<div class=\"elementor-widget-wrap elementor-element-populated\">\n\t\t\t\t\t\t<div class=\"elementor-element elementor-element-ac2f4ce elementor-widget elementor-widget-image\" data-id=\"ac2f4ce\" data-element_type=\"widget\" data-widget_type=\"image.default\">\n\t\t\t\t<div class=\"elementor-widget-container\">\n\t\t\t\t\t\t\t\t\t\t\t\t\t\t\t<img loading=\"lazy\" decoding=\"async\" width=\"1000\" height=\"667\" src=\"https:\/\/www.bigstamping.com\/wp-content\/uploads\/2018\/12\/FOTO-EQUIPO.jpg\" class=\"attachment-large size-large wp-image-17239\" alt=\"Equipa BigStamping\" srcset=\"https:\/\/www.bigstamping.com\/wp-content\/uploads\/2018\/12\/FOTO-EQUIPO.jpg 1000w, https:\/\/www.bigstamping.com\/wp-content\/uploads\/2018\/12\/FOTO-EQUIPO-300x200.jpg 300w, https:\/\/www.bigstamping.com\/wp-content\/uploads\/2018\/12\/FOTO-EQUIPO-768x512.jpg 768w, https:\/\/www.bigstamping.com\/wp-content\/uploads\/2018\/12\/FOTO-EQUIPO-600x400.jpg 600w\" sizes=\"(max-width: 1000px) 100vw, 1000px\" \/>\t\t\t\t\t\t\t\t\t\t\t\t\t\t\t<\/div>\n\t\t\t\t<\/div>\n\t\t\t\t\t<\/div>\n\t\t<\/div>\n\t\t\t\t\t<\/div>\n\t\t<\/section>\n\t\t\t\t<\/div>\n\t\t","protected":false},"excerpt":{"rendered":"<p>LOVING WHAT WE DO A NOSSA HIST\u00d3RIA A BigStamping \u00e9 o sonho realizado de 4 Stampers. Nasceu dentro de uma empresaj\u00e1 consolidada, criada em 1975, ano em que dois corajosos homens montaram uma pequena oficina de carimbos e gravuras. Come\u00e7aram por utilizar a t\u00e9cnica de linogravura, uma dasprimeiras t\u00e9cnicas de reprodu\u00e7\u00e3o gr\u00e1fica para fazer carimbos [&hellip;]<\/p>\n","protected":false},"author":1,"featured_media":17239,"parent":0,"menu_order":0,"comment_status":"closed","ping_status":"closed","template":"","meta":{"_acf_changed":false,"_genesis_hide_title":false,"_genesis_hide_breadcrumbs":false,"_genesis_hide_singular_image":false,"_genesis_hide_footer_widgets":false,"_genesis_custom_body_class":"","_genesis_custom_post_class":"","_genesis_layout":"","footnotes":""},"class_list":{"0":"post-17237","1":"page","2":"type-page","3":"status-publish","4":"has-post-thumbnail","6":"entry"},"acf":[],"yoast_head":"<!-- This site is optimized with the Yoast SEO plugin v26.7 - https:\/\/yoast.com\/wordpress\/plugins\/seo\/ -->\n<title>SOBRE N\u00d3S - BigStamping<\/title>\n<meta name=\"description\" content=\"Conhe\u00e7a os membros da equipa da BigStamping e descubra quem somos e o que fazemos para lan\u00e7ar este projecto de carimbo personalizado.\" \/>\n<meta name=\"robots\" content=\"index, follow, max-snippet:-1, max-image-preview:large, max-video-preview:-1\" \/>\n<link rel=\"canonical\" href=\"https:\/\/www.bigstamping.com\/pt-pt\/sobre-nos\/\" \/>\n<meta property=\"og:locale\" content=\"pt_PT\" \/>\n<meta property=\"og:type\" content=\"article\" \/>\n<meta property=\"og:title\" content=\"SOBRE N\u00d3S - BigStamping\" \/>\n<meta property=\"og:description\" content=\"Conhe\u00e7a os membros da equipa da BigStamping e descubra quem somos e o que fazemos para lan\u00e7ar este projecto de carimbo personalizado.\" \/>\n<meta property=\"og:url\" content=\"https:\/\/www.bigstamping.com\/pt-pt\/sobre-nos\/\" \/>\n<meta property=\"og:site_name\" content=\"BigStamping\" \/>\n<meta property=\"article:publisher\" content=\"https:\/\/www.facebook.com\/Bigstamping-241206903231462\/\" \/>\n<meta property=\"article:modified_time\" content=\"2022-07-13T10:29:45+00:00\" \/>\n<meta property=\"og:image\" content=\"https:\/\/www.bigstamping.com\/wp-content\/uploads\/2018\/12\/FOTO-EQUIPO.jpg\" \/>\n\t<meta property=\"og:image:width\" content=\"1000\" \/>\n\t<meta property=\"og:image:height\" content=\"667\" \/>\n\t<meta property=\"og:image:type\" content=\"image\/jpeg\" \/>\n<meta name=\"twitter:card\" content=\"summary_large_image\" \/>\n<meta name=\"twitter:site\" content=\"@Bigstamping\" \/>\n<meta name=\"twitter:label1\" content=\"Tempo estimado de leitura\" \/>\n\t<meta name=\"twitter:data1\" content=\"3 minutos\" \/>\n<script type=\"application\/ld+json\" class=\"yoast-schema-graph\">{\"@context\":\"https:\/\/schema.org\",\"@graph\":[{\"@type\":\"WebPage\",\"@id\":\"https:\/\/www.bigstamping.com\/pt-pt\/sobre-nos\/\",\"url\":\"https:\/\/www.bigstamping.com\/pt-pt\/sobre-nos\/\",\"name\":\"SOBRE N\u00d3S - BigStamping\",\"isPartOf\":{\"@id\":\"https:\/\/www.bigstamping.com\/#website\"},\"primaryImageOfPage\":{\"@id\":\"https:\/\/www.bigstamping.com\/pt-pt\/sobre-nos\/#primaryimage\"},\"image\":{\"@id\":\"https:\/\/www.bigstamping.com\/pt-pt\/sobre-nos\/#primaryimage\"},\"thumbnailUrl\":\"https:\/\/www.bigstamping.com\/wp-content\/uploads\/2018\/12\/FOTO-EQUIPO.jpg\",\"datePublished\":\"2018-11-28T18:08:52+00:00\",\"dateModified\":\"2022-07-13T10:29:45+00:00\",\"description\":\"Conhe\u00e7a os membros da equipa da BigStamping e descubra quem somos e o que fazemos para lan\u00e7ar este projecto de carimbo personalizado.\",\"breadcrumb\":{\"@id\":\"https:\/\/www.bigstamping.com\/pt-pt\/sobre-nos\/#breadcrumb\"},\"inLanguage\":\"pt-PT\",\"potentialAction\":[{\"@type\":\"ReadAction\",\"target\":[\"https:\/\/www.bigstamping.com\/pt-pt\/sobre-nos\/\"]}]},{\"@type\":\"ImageObject\",\"inLanguage\":\"pt-PT\",\"@id\":\"https:\/\/www.bigstamping.com\/pt-pt\/sobre-nos\/#primaryimage\",\"url\":\"https:\/\/www.bigstamping.com\/wp-content\/uploads\/2018\/12\/FOTO-EQUIPO.jpg\",\"contentUrl\":\"https:\/\/www.bigstamping.com\/wp-content\/uploads\/2018\/12\/FOTO-EQUIPO.jpg\",\"width\":1000,\"height\":667,\"caption\":\"Equipa BigStamping\"},{\"@type\":\"BreadcrumbList\",\"@id\":\"https:\/\/www.bigstamping.com\/pt-pt\/sobre-nos\/#breadcrumb\",\"itemListElement\":[{\"@type\":\"ListItem\",\"position\":1,\"name\":\"Portada\",\"item\":\"https:\/\/www.bigstamping.com\/en\/\"},{\"@type\":\"ListItem\",\"position\":2,\"name\":\"SOBRE N\u00d3S\"}]},{\"@type\":\"WebSite\",\"@id\":\"https:\/\/www.bigstamping.com\/#website\",\"url\":\"https:\/\/www.bigstamping.com\/\",\"name\":\"BigStamping\",\"description\":\"Sellos de gran tama\u00f1o para stampear\",\"publisher\":{\"@id\":\"https:\/\/www.bigstamping.com\/#organization\"},\"potentialAction\":[{\"@type\":\"SearchAction\",\"target\":{\"@type\":\"EntryPoint\",\"urlTemplate\":\"https:\/\/www.bigstamping.com\/?s={search_term_string}\"},\"query-input\":{\"@type\":\"PropertyValueSpecification\",\"valueRequired\":true,\"valueName\":\"search_term_string\"}}],\"inLanguage\":\"pt-PT\"},{\"@type\":\"Organization\",\"@id\":\"https:\/\/www.bigstamping.com\/#organization\",\"name\":\"BigStamping\",\"url\":\"https:\/\/www.bigstamping.com\/\",\"logo\":{\"@type\":\"ImageObject\",\"inLanguage\":\"pt-PT\",\"@id\":\"https:\/\/www.bigstamping.com\/#\/schema\/logo\/image\/\",\"url\":\"https:\/\/www.bigstamping.com\/wp-content\/uploads\/2018\/12\/big-stamper-amarillo.jpg\",\"contentUrl\":\"https:\/\/www.bigstamping.com\/wp-content\/uploads\/2018\/12\/big-stamper-amarillo.jpg\",\"width\":293,\"height\":300,\"caption\":\"BigStamping\"},\"image\":{\"@id\":\"https:\/\/www.bigstamping.com\/#\/schema\/logo\/image\/\"},\"sameAs\":[\"https:\/\/www.facebook.com\/Bigstamping-241206903231462\/\",\"https:\/\/x.com\/Bigstamping\",\"https:\/\/www.instagram.com\/bigstamping\/\",\"https:\/\/www.youtube.com\/channel\/UC_l3jNsBYYC-Ds9pzcZy_Vg\"]}]}<\/script>\n<!-- \/ Yoast SEO plugin. -->","yoast_head_json":{"title":"SOBRE N\u00d3S - BigStamping","description":"Conhe\u00e7a os membros da equipa da BigStamping e descubra quem somos e o que fazemos para lan\u00e7ar este projecto de carimbo personalizado.","robots":{"index":"index","follow":"follow","max-snippet":"max-snippet:-1","max-image-preview":"max-image-preview:large","max-video-preview":"max-video-preview:-1"},"canonical":"https:\/\/www.bigstamping.com\/pt-pt\/sobre-nos\/","og_locale":"pt_PT","og_type":"article","og_title":"SOBRE N\u00d3S - BigStamping","og_description":"Conhe\u00e7a os membros da equipa da BigStamping e descubra quem somos e o que fazemos para lan\u00e7ar este projecto de carimbo personalizado.","og_url":"https:\/\/www.bigstamping.com\/pt-pt\/sobre-nos\/","og_site_name":"BigStamping","article_publisher":"https:\/\/www.facebook.com\/Bigstamping-241206903231462\/","article_modified_time":"2022-07-13T10:29:45+00:00","og_image":[{"width":1000,"height":667,"url":"https:\/\/www.bigstamping.com\/wp-content\/uploads\/2018\/12\/FOTO-EQUIPO.jpg","type":"image\/jpeg"}],"twitter_card":"summary_large_image","twitter_site":"@Bigstamping","twitter_misc":{"Tempo estimado de leitura":"3 minutos"},"schema":{"@context":"https:\/\/schema.org","@graph":[{"@type":"WebPage","@id":"https:\/\/www.bigstamping.com\/pt-pt\/sobre-nos\/","url":"https:\/\/www.bigstamping.com\/pt-pt\/sobre-nos\/","name":"SOBRE N\u00d3S - BigStamping","isPartOf":{"@id":"https:\/\/www.bigstamping.com\/#website"},"primaryImageOfPage":{"@id":"https:\/\/www.bigstamping.com\/pt-pt\/sobre-nos\/#primaryimage"},"image":{"@id":"https:\/\/www.bigstamping.com\/pt-pt\/sobre-nos\/#primaryimage"},"thumbnailUrl":"https:\/\/www.bigstamping.com\/wp-content\/uploads\/2018\/12\/FOTO-EQUIPO.jpg","datePublished":"2018-11-28T18:08:52+00:00","dateModified":"2022-07-13T10:29:45+00:00","description":"Conhe\u00e7a os membros da equipa da BigStamping e descubra quem somos e o que fazemos para lan\u00e7ar este projecto de carimbo personalizado.","breadcrumb":{"@id":"https:\/\/www.bigstamping.com\/pt-pt\/sobre-nos\/#breadcrumb"},"inLanguage":"pt-PT","potentialAction":[{"@type":"ReadAction","target":["https:\/\/www.bigstamping.com\/pt-pt\/sobre-nos\/"]}]},{"@type":"ImageObject","inLanguage":"pt-PT","@id":"https:\/\/www.bigstamping.com\/pt-pt\/sobre-nos\/#primaryimage","url":"https:\/\/www.bigstamping.com\/wp-content\/uploads\/2018\/12\/FOTO-EQUIPO.jpg","contentUrl":"https:\/\/www.bigstamping.com\/wp-content\/uploads\/2018\/12\/FOTO-EQUIPO.jpg","width":1000,"height":667,"caption":"Equipa BigStamping"},{"@type":"BreadcrumbList","@id":"https:\/\/www.bigstamping.com\/pt-pt\/sobre-nos\/#breadcrumb","itemListElement":[{"@type":"ListItem","position":1,"name":"Portada","item":"https:\/\/www.bigstamping.com\/en\/"},{"@type":"ListItem","position":2,"name":"SOBRE N\u00d3S"}]},{"@type":"WebSite","@id":"https:\/\/www.bigstamping.com\/#website","url":"https:\/\/www.bigstamping.com\/","name":"BigStamping","description":"Sellos de gran tama\u00f1o para stampear","publisher":{"@id":"https:\/\/www.bigstamping.com\/#organization"},"potentialAction":[{"@type":"SearchAction","target":{"@type":"EntryPoint","urlTemplate":"https:\/\/www.bigstamping.com\/?s={search_term_string}"},"query-input":{"@type":"PropertyValueSpecification","valueRequired":true,"valueName":"search_term_string"}}],"inLanguage":"pt-PT"},{"@type":"Organization","@id":"https:\/\/www.bigstamping.com\/#organization","name":"BigStamping","url":"https:\/\/www.bigstamping.com\/","logo":{"@type":"ImageObject","inLanguage":"pt-PT","@id":"https:\/\/www.bigstamping.com\/#\/schema\/logo\/image\/","url":"https:\/\/www.bigstamping.com\/wp-content\/uploads\/2018\/12\/big-stamper-amarillo.jpg","contentUrl":"https:\/\/www.bigstamping.com\/wp-content\/uploads\/2018\/12\/big-stamper-amarillo.jpg","width":293,"height":300,"caption":"BigStamping"},"image":{"@id":"https:\/\/www.bigstamping.com\/#\/schema\/logo\/image\/"},"sameAs":["https:\/\/www.facebook.com\/Bigstamping-241206903231462\/","https:\/\/x.com\/Bigstamping","https:\/\/www.instagram.com\/bigstamping\/","https:\/\/www.youtube.com\/channel\/UC_l3jNsBYYC-Ds9pzcZy_Vg"]}]}},"_links":{"self":[{"href":"https:\/\/www.bigstamping.com\/pt-pt\/wp-json\/wp\/v2\/pages\/17237","targetHints":{"allow":["GET"]}}],"collection":[{"href":"https:\/\/www.bigstamping.com\/pt-pt\/wp-json\/wp\/v2\/pages"}],"about":[{"href":"https:\/\/www.bigstamping.com\/pt-pt\/wp-json\/wp\/v2\/types\/page"}],"author":[{"embeddable":true,"href":"https:\/\/www.bigstamping.com\/pt-pt\/wp-json\/wp\/v2\/users\/1"}],"replies":[{"embeddable":true,"href":"https:\/\/www.bigstamping.com\/pt-pt\/wp-json\/wp\/v2\/comments?post=17237"}],"version-history":[{"count":0,"href":"https:\/\/www.bigstamping.com\/pt-pt\/wp-json\/wp\/v2\/pages\/17237\/revisions"}],"wp:featuredmedia":[{"embeddable":true,"href":"https:\/\/www.bigstamping.com\/pt-pt\/wp-json\/wp\/v2\/media\/17239"}],"wp:attachment":[{"href":"https:\/\/www.bigstamping.com\/pt-pt\/wp-json\/wp\/v2\/media?parent=17237"}],"curies":[{"name":"wp","href":"https:\/\/api.w.org\/{rel}","templated":true}]}}