{"id":417982,"date":"2022-11-16T20:37:01","date_gmt":"2022-11-16T18:37:01","guid":{"rendered":"https:\/\/www.bigstamping.com\/aviso-legal\/"},"modified":"2024-04-22T18:32:55","modified_gmt":"2024-04-22T17:32:55","slug":"aviso-legal","status":"publish","type":"page","link":"https:\/\/www.bigstamping.com\/pt-pt\/aviso-legal\/","title":{"rendered":"AVISO LEGAL"},"content":{"rendered":"\t\t<div data-elementor-type=\"wp-page\" data-elementor-id=\"417982\" class=\"elementor elementor-417982 elementor-416219\" data-elementor-post-type=\"page\">\n\t\t\t\t\t\t<section class=\"elementor-section elementor-top-section elementor-element elementor-element-50906c6 elementor-section-full_width elementor-section-stretched elementor-section-height-default elementor-section-height-default\" data-id=\"50906c6\" data-element_type=\"section\" data-settings=\"{&quot;background_background&quot;:&quot;classic&quot;,&quot;stretch_section&quot;:&quot;section-stretched&quot;}\">\n\t\t\t\t\t\t<div class=\"elementor-container elementor-column-gap-no\">\n\t\t\t\t\t<div class=\"elementor-column elementor-col-100 elementor-top-column elementor-element elementor-element-e9979f7\" data-id=\"e9979f7\" data-element_type=\"column\">\n\t\t\t<div class=\"elementor-widget-wrap elementor-element-populated\">\n\t\t\t\t\t\t<div class=\"elementor-element elementor-element-f632127 elementor-widget elementor-widget-spacer\" data-id=\"f632127\" data-element_type=\"widget\" data-widget_type=\"spacer.default\">\n\t\t\t\t<div class=\"elementor-widget-container\">\n\t\t\t\t\t\t\t<div class=\"elementor-spacer\">\n\t\t\t<div class=\"elementor-spacer-inner\"><\/div>\n\t\t<\/div>\n\t\t\t\t\t\t<\/div>\n\t\t\t\t<\/div>\n\t\t\t\t<div class=\"elementor-element elementor-element-476b5eb elementor-widget elementor-widget-image\" data-id=\"476b5eb\" data-element_type=\"widget\" data-widget_type=\"image.default\">\n\t\t\t\t<div class=\"elementor-widget-container\">\n\t\t\t\t\t\t\t\t\t\t\t\t\t\t\t<img fetchpriority=\"high\" decoding=\"async\" width=\"1024\" height=\"397\" src=\"https:\/\/www.bigstamping.com\/wp-content\/uploads\/2018\/11\/think-big-blanco-1024x397.png\" class=\"attachment-large size-large wp-image-17384\" alt=\"rotulo think-big-blanco BigStamping\" srcset=\"https:\/\/www.bigstamping.com\/wp-content\/uploads\/2018\/11\/think-big-blanco-1024x397.png 1024w, https:\/\/www.bigstamping.com\/wp-content\/uploads\/2018\/11\/think-big-blanco-300x116.png 300w, https:\/\/www.bigstamping.com\/wp-content\/uploads\/2018\/11\/think-big-blanco-768x298.png 768w, https:\/\/www.bigstamping.com\/wp-content\/uploads\/2018\/11\/think-big-blanco-600x233.png 600w\" sizes=\"(max-width: 1024px) 100vw, 1024px\" \/>\t\t\t\t\t\t\t\t\t\t\t\t\t\t\t<\/div>\n\t\t\t\t<\/div>\n\t\t\t\t<div class=\"elementor-element elementor-element-e1d7d0a elementor-widget elementor-widget-heading\" data-id=\"e1d7d0a\" data-element_type=\"widget\" data-widget_type=\"heading.default\">\n\t\t\t\t<div class=\"elementor-widget-container\">\n\t\t\t\t\t<h1 class=\"elementor-heading-title elementor-size-default\">AVISO LEGAL<\/h1>\t\t\t\t<\/div>\n\t\t\t\t<\/div>\n\t\t\t\t\t<\/div>\n\t\t<\/div>\n\t\t\t\t\t<\/div>\n\t\t<\/section>\n\t\t\t\t<section class=\"elementor-section elementor-top-section elementor-element elementor-element-4a02e34e elementor-section-boxed elementor-section-height-default elementor-section-height-default\" data-id=\"4a02e34e\" data-element_type=\"section\">\n\t\t\t\t\t\t<div class=\"elementor-container elementor-column-gap-default\">\n\t\t\t\t\t<div class=\"elementor-column elementor-col-100 elementor-top-column elementor-element elementor-element-50eddff\" data-id=\"50eddff\" data-element_type=\"column\">\n\t\t\t<div class=\"elementor-widget-wrap elementor-element-populated\">\n\t\t\t\t\t\t<div class=\"elementor-element elementor-element-2840f2a5 elementor-widget elementor-widget-text-editor\" data-id=\"2840f2a5\" data-element_type=\"widget\" data-widget_type=\"text-editor.default\">\n\t\t\t\t<div class=\"elementor-widget-container\">\n\t\t\t\t\t\t\t\t\t<p><strong><u>01<\/u><\/strong><strong><u>.<\/u><\/strong><strong><u>&#8211; Introducci\u00f3n<\/u><\/strong><\/p>\n<p>El presente documento tiene como finalidad el establecer y regular las normas de uso del Sitio <u>https:\/<\/u><a href=\"http:\/\/www.bigstamping.com\/\">\/www.bigstamping.com\/<\/a> (en adelante el &#8216;Sitio&#8217;), entendiendo por Sitio todas las p\u00e1ginas y sus contenidos propiedad de <b>BigStamping SL<\/b>&nbsp;(en adelante BIGSTAMPING), a las cuales se accede a trav\u00e9s del dominio <u>https:\/<\/u><a href=\"http:\/\/www.bigstamping.com\/\">\/www.bigstamping.com\/<\/a> y sus subdominios.<\/p>\n<p>La utilizaci\u00f3n del Sitio atribuye la condici\u00f3n de usuario del mismo e implica la aceptaci\u00f3n de todas las condiciones incluidas en el presente Aviso Legal. El usuario se compromete a leer atentamente el presente Aviso Legal en cada una de las ocasiones en que se proponga utilizar el Sitio, ya que \u00e9ste y sus condiciones de uso recogidas en el presente Aviso Legal pueden sufrir modificaciones.<\/p>\n<p><\/p>\n<p><strong><u>02<\/u><\/strong><strong><u>.<\/u><\/strong><strong><u>&#8211; Titularidad del Sitio Web<\/u><\/strong><\/p>\n<p>El titular del presente Sitio es <b>BigStamping SL<\/b>,&nbsp;<span style=\"color: var( --e-global-color-text );\">con CIF B10607307 y domicilio en Pol\u00edgono Industrial Pagusa, C\/ Labrador, 13 &#8211; 41007 Sevilla<\/span><\/p>\n<p>Inscrita en RM de SEVILLA T 7252 , F 106, S 8, H SE135407, I\/A 1<\/p>\n<p>Tfno.: 954999492<\/p>\n<p>E-mail: <a href=\"mailto:info@bigstamping.com\">info@bigstamping.com<\/a><\/p>\n<p><\/p>\n<p><strong><u>03<\/u><\/strong><strong><u>.<\/u><\/strong><strong><u>&#8211; Propiedad Intelectual e Industrial<\/u><\/strong><\/p>\n<p>Los derechos de propiedad intelectual de este sitio, son titularidad de <b>BigStamping SL<\/b>&nbsp;(\u00abBIGSTAMPING\u00bb).<\/p>\n<p>La reproducci\u00f3n, distribuci\u00f3n, comercializaci\u00f3n o transformaci\u00f3n, total o parcial, no autorizadas del contenido del Sitio, a no ser que sea para uso personal y privado, constituye una infracci\u00f3n de los derechos de propiedad intelectual de BIGSTAMPING. Igualmente, todas las marcas o signos distintivos de cualquier clase contenidos en el Sitio est\u00e1n protegidos por Ley. La utilizaci\u00f3n no autorizada de la informaci\u00f3n contenida en este Sitio, as\u00ed como los perjuicios ocasionados en los derechos de propiedad intelectual e industrial de BIGSTAMPING, pueden dar lugar al ejercicio de las acciones que legalmente correspondan y, si procede, a las responsabilidades derivadas.<\/p>\n<p><\/p>\n<p><strong><u>04<\/u><\/strong><strong><u>.<\/u><\/strong><strong><u>&#8211; Exclusi\u00f3n de Responsabilidad<\/u><\/strong><\/p>\n<p>El contenido, informaci\u00f3n y\/o consejos expresados en este Sitio deben entenderse como simplemente orientativos. &nbsp;BIGSTAMPING &nbsp;no &nbsp;responde &nbsp;de &nbsp;ninguna &nbsp;forma &nbsp;de&nbsp; la &nbsp;efectividad &nbsp;o &nbsp;exactitud &nbsp;de &nbsp;los mismos, quedando exenta de cualquier responsabilidad contractual o extracontractual con los usuarios que haga uso de ellos, ya que son \u00e9stas las que deber\u00e1n decidir seg\u00fan su criterio la oportunidad de los mismos.<\/p>\n<p>En este Sitio se pueden publicar contenidos aportados por terceras personas o empresas, BIGSTAMPING no responde de la veracidad y exactitud de los mismos, quedando exenta de cualquier responsabilidad contractual o extracontractual con los usuarios que hagan uso de ellos.<\/p>\n<p>BIGSTAMPING se reserva el derecho de modificar el contenido del Sitio sin previo aviso y sin ning\u00fan tipo de limitaci\u00f3n.<\/p>\n<p>BIGSTAMPING &nbsp;declina &nbsp;cualquier &nbsp;responsabilidad &nbsp;por &nbsp;eventuales &nbsp;da\u00f1os &nbsp;y &nbsp;perjuicios &nbsp;que &nbsp;puedan ocasionarse por la falta de disponibilidad o continuidad de este Sitio y de los servicios ofrecidos. BIGSTAMPING no garantiza la ausencia de virus ni de otros elementos en la Web que puedan producir alteraciones en su sistema inform\u00e1tico. BIGSTAMPING declina cualquier responsabilidad contractual o extracontractual con los usuarios que hagan uso de ello y tuviera perjuicios de cualquier naturaleza ocasionados por virus inform\u00e1ticos o por elementos inform\u00e1ticos de cualquier \u00edndole.<\/p>\n<p><\/p>\n<p><strong><u>05<\/u><\/strong><strong><u>.<\/u><\/strong><strong><u>&#8211; Condiciones de uso del Sitio para los usuarios<\/u><\/strong><\/p>\n<p>El acceso al presente Sitio es gratuito salvo en lo relativo al coste de la conexi\u00f3n a trav\u00e9s de la red de telecomunicaciones suministrada por el proveedor de acceso contratado por los usuarios.<span style=\"color: var( --e-global-color-text );\">&nbsp;<\/span><\/p>\n<p><\/p>\n<p>BIGSTAMPING actualmente no tiene conocimiento efectivo de que la actividad o la informaci\u00f3n a la que remiten o recomiendan sea il\u00edcita o de que lesione bienes o derechos de un tercero susceptibles de indemnizaci\u00f3n.<\/p>\n<p>Si BIGSTAMPING tuviera conocimiento de que alguno de los enlaces es il\u00edcito, actuar\u00eda con diligencia para suprimir o inutilizar el enlace correspondiente. En este sentido ning\u00fan \u00f3rgano competente ha declarado la ilicitud de los datos, ordenado su retirada o imposibilitado su acceso.<\/p>\n<p>Queda expresamente prohibido el uso del Sitio con fines lesivos de bienes o intereses de BIGSTAMPING o de terceros o que de cualquier otra forma sobrecarguen, da\u00f1en o inutilicen las redes, servidores y dem\u00e1s equipos inform\u00e1ticos (hardware) o productos y aplicaciones inform\u00e1ticas (software) de BIGSTAMPING o de terceros. En el caso de que el usuario tuviera conocimiento de que los Sitios enlazados remiten a p\u00e1ginas cuyos contenidos o servicios son il\u00edcitos, nocivos, denigrantes, violentos o contrarios a la moral le agradecer\u00edamos que se pusiera en contacto con BIGSTAMPING.<\/p>\n<p><\/p>\n<p><strong><u>06<\/u><\/strong><strong><u>.<\/u><\/strong><strong><u>&#8211; Foros, comentarios y opiniones<\/u><\/strong><\/p>\n<p>En caso de estar habilitadas secciones de Foros, Comentarios y Opiniones, las que formulen personas ajenas a BIGSTAMPING ser\u00e1n hechas bajo su \u00fanica y exclusiva responsabilidad. Los participantes en los foros se comprometen a utilizar los mismos en conformidad con la ley, las condiciones generales reflejadas en este Aviso Legal, as\u00ed como con la moral y buenas costumbres generalmente aceptadas. Los participantes de los foros se obligan a indemnizar a BIGSTAMPING por cualquier da\u00f1o o perjuicio que pudiera ocasionar por el uso de los mismos, infringiendo estas condiciones generales y\/o la legalidad vigente. BIGSTAMPING no responde de la veracidad y exactitud de las opiniones expresadas en los foros, &nbsp;quedando exenta de cualquier &nbsp;responsabilidad&nbsp; contractual&nbsp; o extracontractual con la persona o empresa que hagan uso de ellos. Se proh\u00edbe el env\u00edo de cualquier contenido u opini\u00f3n que vulnere la legalidad vigente y\/o derechos leg\u00edtimos de otras personas. BIGSTAMPING se reserva el derecho &nbsp;de &nbsp;adoptar &nbsp;las &nbsp;medidas &nbsp;legales &nbsp;que &nbsp;considere &nbsp;oportunas. &nbsp;BIGSTAMPING &nbsp;se &nbsp;reserva&nbsp; el derecho de admitir y\/o dar de baja cualquier opini\u00f3n y\/o usuario, sin previo aviso y sin ning\u00fan tipo de justificaci\u00f3n o compensaci\u00f3n de cualquier tipo. BIGSTAMPING se reserva el derecho de modificar el texto de las opiniones expresadas para adaptarlos a las caracter\u00edsticas de cada foro en concreto. BIGSTAMPING se reserva el derecho de asignar la opini\u00f3n a la secci\u00f3n y\/o subsecci\u00f3n que estime m\u00e1s conveniente.<\/p>\n<p>Si &nbsp;crees &nbsp;que &nbsp;cualquier &nbsp;contenido &nbsp;y\/o &nbsp;informaci\u00f3n &nbsp;de &nbsp;este &nbsp;Sitio &nbsp;vulnera&nbsp; un&nbsp; derecho&nbsp; leg\u00edtimo&nbsp; o&nbsp; la legalidad &nbsp;vigente &nbsp;te&nbsp; agradecer\u00edamos &nbsp;que &nbsp;te &nbsp;pusieras &nbsp;en&nbsp; contacto&nbsp; con&nbsp; BIGSTAMPING &nbsp;para&nbsp; que podamos tomar las medidas oportunas.<\/p>\n<p><\/p>\n<p><strong><u>07<\/u><\/strong><strong><u>.<\/u><\/strong><strong><u>&#8211; Legislaci\u00f3n<\/u><\/strong><\/p>\n<p>El presente Aviso Legal se rige en todos y cada uno de sus extremos por la Legislaci\u00f3n espa\u00f1ola.<\/p>\n<p><\/p>\n<p><strong><u>08<\/u><\/strong><strong><u>.<\/u><\/strong><strong><u>&#8211; Contacte con nosotros<\/u><\/strong><\/p>\n<p>Si tienes cualquier pregunta sobre las condiciones reflejadas en este Aviso Legal o si deseas hacer cualquier &nbsp;sugerencia &nbsp;o &nbsp;recomendaci\u00f3n, &nbsp;por &nbsp;favor &nbsp;dir\u00edgete &nbsp;a &nbsp;nosotros &nbsp;a &nbsp;trav\u00e9s &nbsp;del&nbsp; Formulario &nbsp;de Contacto o del correo electr\u00f3nico <a href=\"mailto:info@bigstamping.com\">info@bigstamping.com<\/a>.<\/p>\t\t\t\t\t\t\t\t<\/div>\n\t\t\t\t<\/div>\n\t\t\t\t\t<\/div>\n\t\t<\/div>\n\t\t\t\t\t<\/div>\n\t\t<\/section>\n\t\t\t\t<\/div>\n\t\t","protected":false},"excerpt":{"rendered":"<p>AVISO LEGAL 01.&#8211; Introducci\u00f3n El presente documento tiene como finalidad el establecer y regular las normas de uso del Sitio https:\/\/www.bigstamping.com\/ (en adelante el &#8216;Sitio&#8217;), entendiendo por Sitio todas las p\u00e1ginas y sus contenidos propiedad de BigStamping SL&nbsp;(en adelante BIGSTAMPING), a las cuales se accede a trav\u00e9s del dominio https:\/\/www.bigstamping.com\/ y sus subdominios. La utilizaci\u00f3n [&hellip;]<\/p>\n","protected":false},"author":1,"featured_media":0,"parent":0,"menu_order":0,"comment_status":"closed","ping_status":"closed","template":"","meta":{"_acf_changed":false,"_genesis_hide_title":false,"_genesis_hide_breadcrumbs":false,"_genesis_hide_singular_image":false,"_genesis_hide_footer_widgets":false,"_genesis_custom_body_class":"","_genesis_custom_post_class":"","_genesis_layout":"","footnotes":""},"class_list":{"0":"post-417982","1":"page","2":"type-page","3":"status-publish","5":"entry"},"acf":[],"yoast_head":"<!-- This site is optimized with the Yoast SEO plugin v26.7 - https:\/\/yoast.com\/wordpress\/plugins\/seo\/ -->\n<title>AVISO LEGAL - BigStamping<\/title>\n<meta name=\"description\" content=\"P\u00e1gina con el Aviso Legal de la web www.bigstamping.com exigido por la normativa de protecci\u00f3n de datos.\" \/>\n<meta name=\"robots\" content=\"noindex, nofollow\" \/>\n<meta property=\"og:locale\" content=\"pt_PT\" \/>\n<meta property=\"og:type\" content=\"article\" \/>\n<meta property=\"og:title\" content=\"AVISO LEGAL - BigStamping\" \/>\n<meta property=\"og:description\" content=\"P\u00e1gina con el Aviso Legal de la web www.bigstamping.com exigido por la normativa de protecci\u00f3n de datos.\" \/>\n<meta property=\"og:url\" content=\"https:\/\/www.bigstamping.com\/pt-pt\/aviso-legal\/\" \/>\n<meta property=\"og:site_name\" content=\"BigStamping\" \/>\n<meta property=\"article:publisher\" content=\"https:\/\/www.facebook.com\/Bigstamping-241206903231462\/\" \/>\n<meta property=\"article:modified_time\" content=\"2024-04-22T17:32:55+00:00\" \/>\n<meta property=\"og:image\" content=\"https:\/\/www.bigstamping.com\/wp-content\/uploads\/2018\/11\/think-big-blanco-1024x397.png\" \/>\n<meta name=\"twitter:card\" content=\"summary_large_image\" \/>\n<meta name=\"twitter:site\" content=\"@Bigstamping\" \/>\n<meta name=\"twitter:label1\" content=\"Tempo estimado de leitura\" \/>\n\t<meta name=\"twitter:data1\" content=\"7 minutos\" \/>\n<script type=\"application\/ld+json\" class=\"yoast-schema-graph\">{\"@context\":\"https:\/\/schema.org\",\"@graph\":[{\"@type\":\"WebPage\",\"@id\":\"https:\/\/www.bigstamping.com\/pt-pt\/aviso-legal\/\",\"url\":\"https:\/\/www.bigstamping.com\/pt-pt\/aviso-legal\/\",\"name\":\"AVISO LEGAL - BigStamping\",\"isPartOf\":{\"@id\":\"https:\/\/www.bigstamping.com\/#website\"},\"primaryImageOfPage\":{\"@id\":\"https:\/\/www.bigstamping.com\/pt-pt\/aviso-legal\/#primaryimage\"},\"image\":{\"@id\":\"https:\/\/www.bigstamping.com\/pt-pt\/aviso-legal\/#primaryimage\"},\"thumbnailUrl\":\"https:\/\/www.bigstamping.com\/wp-content\/uploads\/2018\/11\/think-big-blanco-1024x397.png\",\"datePublished\":\"2022-11-16T18:37:01+00:00\",\"dateModified\":\"2024-04-22T17:32:55+00:00\",\"description\":\"P\u00e1gina con el Aviso Legal de la web www.bigstamping.com exigido por la normativa de protecci\u00f3n de datos.\",\"breadcrumb\":{\"@id\":\"https:\/\/www.bigstamping.com\/pt-pt\/aviso-legal\/#breadcrumb\"},\"inLanguage\":\"pt-PT\",\"potentialAction\":[{\"@type\":\"ReadAction\",\"target\":[\"https:\/\/www.bigstamping.com\/pt-pt\/aviso-legal\/\"]}]},{\"@type\":\"ImageObject\",\"inLanguage\":\"pt-PT\",\"@id\":\"https:\/\/www.bigstamping.com\/pt-pt\/aviso-legal\/#primaryimage\",\"url\":\"https:\/\/www.bigstamping.com\/wp-content\/uploads\/2018\/11\/think-big-blanco-1024x397.png\",\"contentUrl\":\"https:\/\/www.bigstamping.com\/wp-content\/uploads\/2018\/11\/think-big-blanco-1024x397.png\"},{\"@type\":\"BreadcrumbList\",\"@id\":\"https:\/\/www.bigstamping.com\/pt-pt\/aviso-legal\/#breadcrumb\",\"itemListElement\":[{\"@type\":\"ListItem\",\"position\":1,\"name\":\"Portada\",\"item\":\"https:\/\/www.bigstamping.com\/en\/\"},{\"@type\":\"ListItem\",\"position\":2,\"name\":\"AVISO LEGAL\"}]},{\"@type\":\"WebSite\",\"@id\":\"https:\/\/www.bigstamping.com\/#website\",\"url\":\"https:\/\/www.bigstamping.com\/\",\"name\":\"BigStamping\",\"description\":\"Sellos de gran tama\u00f1o para stampear\",\"publisher\":{\"@id\":\"https:\/\/www.bigstamping.com\/#organization\"},\"potentialAction\":[{\"@type\":\"SearchAction\",\"target\":{\"@type\":\"EntryPoint\",\"urlTemplate\":\"https:\/\/www.bigstamping.com\/?s={search_term_string}\"},\"query-input\":{\"@type\":\"PropertyValueSpecification\",\"valueRequired\":true,\"valueName\":\"search_term_string\"}}],\"inLanguage\":\"pt-PT\"},{\"@type\":\"Organization\",\"@id\":\"https:\/\/www.bigstamping.com\/#organization\",\"name\":\"BigStamping\",\"url\":\"https:\/\/www.bigstamping.com\/\",\"logo\":{\"@type\":\"ImageObject\",\"inLanguage\":\"pt-PT\",\"@id\":\"https:\/\/www.bigstamping.com\/#\/schema\/logo\/image\/\",\"url\":\"https:\/\/www.bigstamping.com\/wp-content\/uploads\/2018\/12\/big-stamper-amarillo.jpg\",\"contentUrl\":\"https:\/\/www.bigstamping.com\/wp-content\/uploads\/2018\/12\/big-stamper-amarillo.jpg\",\"width\":293,\"height\":300,\"caption\":\"BigStamping\"},\"image\":{\"@id\":\"https:\/\/www.bigstamping.com\/#\/schema\/logo\/image\/\"},\"sameAs\":[\"https:\/\/www.facebook.com\/Bigstamping-241206903231462\/\",\"https:\/\/x.com\/Bigstamping\",\"https:\/\/www.instagram.com\/bigstamping\/\",\"https:\/\/www.youtube.com\/channel\/UC_l3jNsBYYC-Ds9pzcZy_Vg\"]}]}<\/script>\n<!-- \/ Yoast SEO plugin. -->","yoast_head_json":{"title":"AVISO LEGAL - BigStamping","description":"P\u00e1gina con el Aviso Legal de la web www.bigstamping.com exigido por la normativa de protecci\u00f3n de datos.","robots":{"index":"noindex","follow":"nofollow"},"og_locale":"pt_PT","og_type":"article","og_title":"AVISO LEGAL - BigStamping","og_description":"P\u00e1gina con el Aviso Legal de la web www.bigstamping.com exigido por la normativa de protecci\u00f3n de datos.","og_url":"https:\/\/www.bigstamping.com\/pt-pt\/aviso-legal\/","og_site_name":"BigStamping","article_publisher":"https:\/\/www.facebook.com\/Bigstamping-241206903231462\/","article_modified_time":"2024-04-22T17:32:55+00:00","og_image":[{"url":"https:\/\/www.bigstamping.com\/wp-content\/uploads\/2018\/11\/think-big-blanco-1024x397.png","type":"","width":"","height":""}],"twitter_card":"summary_large_image","twitter_site":"@Bigstamping","twitter_misc":{"Tempo estimado de leitura":"7 minutos"},"schema":{"@context":"https:\/\/schema.org","@graph":[{"@type":"WebPage","@id":"https:\/\/www.bigstamping.com\/pt-pt\/aviso-legal\/","url":"https:\/\/www.bigstamping.com\/pt-pt\/aviso-legal\/","name":"AVISO LEGAL - BigStamping","isPartOf":{"@id":"https:\/\/www.bigstamping.com\/#website"},"primaryImageOfPage":{"@id":"https:\/\/www.bigstamping.com\/pt-pt\/aviso-legal\/#primaryimage"},"image":{"@id":"https:\/\/www.bigstamping.com\/pt-pt\/aviso-legal\/#primaryimage"},"thumbnailUrl":"https:\/\/www.bigstamping.com\/wp-content\/uploads\/2018\/11\/think-big-blanco-1024x397.png","datePublished":"2022-11-16T18:37:01+00:00","dateModified":"2024-04-22T17:32:55+00:00","description":"P\u00e1gina con el Aviso Legal de la web www.bigstamping.com exigido por la normativa de protecci\u00f3n de datos.","breadcrumb":{"@id":"https:\/\/www.bigstamping.com\/pt-pt\/aviso-legal\/#breadcrumb"},"inLanguage":"pt-PT","potentialAction":[{"@type":"ReadAction","target":["https:\/\/www.bigstamping.com\/pt-pt\/aviso-legal\/"]}]},{"@type":"ImageObject","inLanguage":"pt-PT","@id":"https:\/\/www.bigstamping.com\/pt-pt\/aviso-legal\/#primaryimage","url":"https:\/\/www.bigstamping.com\/wp-content\/uploads\/2018\/11\/think-big-blanco-1024x397.png","contentUrl":"https:\/\/www.bigstamping.com\/wp-content\/uploads\/2018\/11\/think-big-blanco-1024x397.png"},{"@type":"BreadcrumbList","@id":"https:\/\/www.bigstamping.com\/pt-pt\/aviso-legal\/#breadcrumb","itemListElement":[{"@type":"ListItem","position":1,"name":"Portada","item":"https:\/\/www.bigstamping.com\/en\/"},{"@type":"ListItem","position":2,"name":"AVISO LEGAL"}]},{"@type":"WebSite","@id":"https:\/\/www.bigstamping.com\/#website","url":"https:\/\/www.bigstamping.com\/","name":"BigStamping","description":"Sellos de gran tama\u00f1o para stampear","publisher":{"@id":"https:\/\/www.bigstamping.com\/#organization"},"potentialAction":[{"@type":"SearchAction","target":{"@type":"EntryPoint","urlTemplate":"https:\/\/www.bigstamping.com\/?s={search_term_string}"},"query-input":{"@type":"PropertyValueSpecification","valueRequired":true,"valueName":"search_term_string"}}],"inLanguage":"pt-PT"},{"@type":"Organization","@id":"https:\/\/www.bigstamping.com\/#organization","name":"BigStamping","url":"https:\/\/www.bigstamping.com\/","logo":{"@type":"ImageObject","inLanguage":"pt-PT","@id":"https:\/\/www.bigstamping.com\/#\/schema\/logo\/image\/","url":"https:\/\/www.bigstamping.com\/wp-content\/uploads\/2018\/12\/big-stamper-amarillo.jpg","contentUrl":"https:\/\/www.bigstamping.com\/wp-content\/uploads\/2018\/12\/big-stamper-amarillo.jpg","width":293,"height":300,"caption":"BigStamping"},"image":{"@id":"https:\/\/www.bigstamping.com\/#\/schema\/logo\/image\/"},"sameAs":["https:\/\/www.facebook.com\/Bigstamping-241206903231462\/","https:\/\/x.com\/Bigstamping","https:\/\/www.instagram.com\/bigstamping\/","https:\/\/www.youtube.com\/channel\/UC_l3jNsBYYC-Ds9pzcZy_Vg"]}]}},"_links":{"self":[{"href":"https:\/\/www.bigstamping.com\/pt-pt\/wp-json\/wp\/v2\/pages\/417982","targetHints":{"allow":["GET"]}}],"collection":[{"href":"https:\/\/www.bigstamping.com\/pt-pt\/wp-json\/wp\/v2\/pages"}],"about":[{"href":"https:\/\/www.bigstamping.com\/pt-pt\/wp-json\/wp\/v2\/types\/page"}],"author":[{"embeddable":true,"href":"https:\/\/www.bigstamping.com\/pt-pt\/wp-json\/wp\/v2\/users\/1"}],"replies":[{"embeddable":true,"href":"https:\/\/www.bigstamping.com\/pt-pt\/wp-json\/wp\/v2\/comments?post=417982"}],"version-history":[{"count":0,"href":"https:\/\/www.bigstamping.com\/pt-pt\/wp-json\/wp\/v2\/pages\/417982\/revisions"}],"wp:attachment":[{"href":"https:\/\/www.bigstamping.com\/pt-pt\/wp-json\/wp\/v2\/media?parent=417982"}],"curies":[{"name":"wp","href":"https:\/\/api.w.org\/{rel}","templated":true}]}}