{"id":17662,"date":"2020-08-18T10:44:15","date_gmt":"2020-08-27T11:09:23","guid":{"rendered":"https:\/\/www.bigstamping.com\/producto\/tintas-para-superficies-porosas\/"},"modified":"2024-08-07T10:53:40","modified_gmt":"2024-08-07T09:53:40","slug":"tinta-por-superficies-porosas","status":"publish","type":"product","link":"https:\/\/www.bigstamping.com\/pt-pt\/producto\/tinta-por-superficies-porosas\/","title":{"rendered":"Tintas para superficies porosas (Para MiniStamps)"},"content":{"rendered":"","protected":false},"excerpt":{"rendered":"<h2>Almofadas para MiniStamp!<\/h2>\n<p>Tinta revolucion\u00e1ria \u00e0 <strong>base de \u00e1gua<\/strong> formulada para superf\u00edcies porosas. Este bloco j\u00e1 cont\u00e9m a tinta no seu interior. Basta retirar a tampa, molhar o seu <strong>Ministamp <\/strong> e carimbar! Certifique-se de que o carimbo est\u00e1 isento de \u00f3leos ou res\u00edduos antes de utilizar estas tintas.<\/p>\n<p>Este produto \u00e9 ideal para papel, cart\u00e3o, madeira e projectos de meios mistos. Limpe os carimbos imediatamente ap\u00f3s o uso com \u00e1gua e sab\u00e3o. Certifique-se de sec\u00e1-los bem e guard\u00e1-los em local fresco e seco, longe da luz natural.<\/p>\n[acordeon_personalizado]<\/p>\n<p>[pestana_acordeon_personalizado titulo=\"Recomenda\u00e7\u00f5es de utiliza\u00e7\u00e3o\"]<\/p>\n<p>Esta tinta tem um tempo de secagem relativamente r\u00e1pido. O fabricante indica que a secagem \u00e9 poss\u00edvel dentro de 5 a 10 minutos, dependendo da porosidade do material e das condi\u00e7\u00f5es externas.<\/p>\n<p>Pode utilizar este tipo de tinta em qualquer superf\u00edcie porosa, papel liso, papel vegetal, papel impresso, papel Kraft, cart\u00e3o, madeira, algod\u00e3o, etc&#8230;<\/p>\n<p><strong><span style=\"text-decoration: underline;\">IMPORTANTE<\/span>: Esta tinta n\u00e3o \u00e9 lav\u00e1vel.<\/strong><\/p>\n<p>Limpe os carimbos imediatamente ap\u00f3s o uso com \u00e1gua e sab\u00e3o. Seque-os bem e guarde-os em local fresco e seco, longe da luz natural.<\/p>\n<p>[\/pestana_acordeon_personalizado]<\/p>\n<p>[pestana_acordeon_personalizado titulo=\"Outras caracter\u00edsticas\"]<\/p>\n<p><strong>Superf\u00edcie m\u00e1xima da almofada: 77 x 47 mm (3,03 x 1,85 in.)<\/strong><\/p>\n<p>A almofada pode ser utilizada com carimbos ligeiramente maiores, uma vez que a almofada \u00e9 gofrada, pelo que pode ser impregnada com carimbos maiores, embora n\u00e3o seja recomend\u00e1vel que a funcionalidade ultrapasse os <strong>MINISTAMPS<\/strong>.<\/p>\n<p>Os resultados das <strong>cores met\u00e1licas douradas e prateadas<\/strong> v\u00e3o surpreend\u00ea-lo!<\/p>\n<p>[\/pestana_acordeon_personalizado]<\/p>\n<p>[pestana_acordeon_personalizado titulo=\"Como posso encomendar?\"]<\/p>\n<p>Para encomendar este produto, basta escolher a cor em que est\u00e1 interessado, o n\u00famero de unidades que pretende e, em seguida, clicar no bot\u00e3o \u201cAdicionar ao carrinho\u201d. Esta tinta, por ser recomendada apenas para <strong>MiniStamps,<\/strong> n\u00e3o est\u00e1 inclu\u00edda nos kits, mas pode encomendar as unidades e cores que desejar. \ud83d\ude09<\/p>\n<p><strong>\u00b7 M\u00e9todos de pagamento aceites: Cart\u00f5es de d\u00e9bito\/cr\u00e9dito e Paypal.<\/strong><\/p>\n<p>[\/pestana_acordeon_personalizado]<\/p>\n<p>[pestana_acordeon_personalizado titulo=\"Prazos de entrega e custos de envio\"]<\/p>\n<p>Enviamos para todos os pa\u00edses da Comunidade Econ\u00f3mica Europeia. Tamb\u00e9m enviamos para os Estados Unidos, Reino Unido, Turquia, Su\u00ed\u00e7a, Canad\u00e1, Austr\u00e1lia, Chile, Emirados \u00c1rabes Unidos e Jap\u00e3o.<\/p>\n<p><strong>Prazos de entrega<\/strong><\/p>\n<p>A partir do momento em que efectua a sua encomenda, e se n\u00e3o houver problemas com o desenho, a sua encomenda demorar\u00e1 cerca de <strong>7 a 15 dias \u00fateis a ser entregue<\/strong>.<\/p>\n<p><span style=\"text-decoration: underline;\"><strong>*NOTA:<\/strong><\/span> N\u00e3o nos responsabilizamos por eventuais atrasos causados por empresas de transporte ou entidades de controlo.<\/p>\n<p><strong>Custo das transfer\u00eancias<\/strong><\/p>\n<p>O custo do envio \u00e9 calculado automaticamente pelo s\u00edtio Web em fun\u00e7\u00e3o do pa\u00eds e dos artigos adicionados ao carrinho.<\/p>\n<p>Pode obter transporte gratuito a partir de 100 euros, dependendo do destino da entrega Para obter informa\u00e7\u00f5es mais pormenorizadas sobre os custos de envio e os montantes necess\u00e1rios para a entrega gratuita, <a href=\"https:\/\/www.bigstamping.com\/pt-pt\/faq\/\">consulte a sec\u00e7\u00e3o FAQ<\/a> e verifique as condi\u00e7\u00f5es aplic\u00e1veis ao seu endere\u00e7o.<\/p>\n<p>[\/pestana_acordeon_personalizado]<\/p>\n<p>[\/acordeon_personalizado]\n","protected":false},"featured_media":17663,"template":"","meta":{"_acf_changed":false,"_genesis_hide_title":false,"_genesis_hide_breadcrumbs":false,"_genesis_hide_singular_image":false,"_genesis_hide_footer_widgets":false,"_genesis_custom_body_class":"","_genesis_custom_post_class":"","_genesis_layout":""},"product_brand":[],"product_cat":[262],"product_tag":[],"class_list":{"0":"post-17662","1":"product","2":"type-product","3":"status-publish","4":"has-post-thumbnail","6":"product_cat-acessorios","7":"entry","9":"first","10":"instock","11":"taxable","12":"shipping-taxable","13":"purchasable","14":"product-type-variable"},"acf":[],"yoast_head":"<!-- This site is optimized with the Yoast SEO plugin v26.7 - https:\/\/yoast.com\/wordpress\/plugins\/seo\/ -->\n<title>Tintas para superficies porosas (Para MiniStamps) - BigStamping<\/title>\n<meta name=\"description\" content=\"Tintas para superf\u00edcies porosas que pode utilizar com os seus BigStamps. Utiliz\u00e1-los para materiais altamente absorventes e tirar partido da sua secagem r\u00e1pida\" \/>\n<meta name=\"robots\" content=\"index, follow, max-snippet:-1, max-image-preview:large, max-video-preview:-1\" \/>\n<link rel=\"canonical\" href=\"https:\/\/www.bigstamping.com\/pt-pt\/producto\/tinta-por-superficies-porosas\/\" \/>\n<meta property=\"og:locale\" content=\"pt_PT\" \/>\n<meta property=\"og:type\" content=\"article\" \/>\n<meta property=\"og:title\" content=\"Tintas para superficies porosas (Para MiniStamps) - BigStamping\" \/>\n<meta property=\"og:description\" content=\"Tintas para superf\u00edcies porosas que pode utilizar com os seus BigStamps. Utiliz\u00e1-los para materiais altamente absorventes e tirar partido da sua secagem r\u00e1pida\" \/>\n<meta property=\"og:url\" content=\"https:\/\/www.bigstamping.com\/pt-pt\/producto\/tinta-por-superficies-porosas\/\" \/>\n<meta property=\"og:site_name\" content=\"BigStamping\" \/>\n<meta property=\"article:publisher\" content=\"https:\/\/www.facebook.com\/Bigstamping-241206903231462\/\" \/>\n<meta property=\"article:modified_time\" content=\"2024-08-07T09:53:40+00:00\" \/>\n<meta property=\"og:image\" content=\"https:\/\/www.bigstamping.com\/wp-content\/uploads\/2020\/08\/TDE-191-DELICATA-ORO-METALICO.jpg\" \/>\n\t<meta property=\"og:image:width\" content=\"1000\" \/>\n\t<meta property=\"og:image:height\" content=\"1000\" \/>\n\t<meta property=\"og:image:type\" content=\"image\/jpeg\" \/>\n<meta name=\"twitter:card\" content=\"summary_large_image\" \/>\n<meta name=\"twitter:site\" content=\"@Bigstamping\" \/>\n<meta name=\"twitter:label1\" content=\"Tempo estimado de leitura\" \/>\n\t<meta name=\"twitter:data1\" content=\"1 minuto\" \/>\n<script type=\"application\/ld+json\" class=\"yoast-schema-graph\">{\"@context\":\"https:\/\/schema.org\",\"@graph\":[{\"@type\":\"WebPage\",\"@id\":\"https:\/\/www.bigstamping.com\/pt-pt\/producto\/tinta-por-superficies-porosas\/\",\"url\":\"https:\/\/www.bigstamping.com\/pt-pt\/producto\/tinta-por-superficies-porosas\/\",\"name\":\"Tintas para superficies porosas (Para MiniStamps) - BigStamping\",\"isPartOf\":{\"@id\":\"https:\/\/www.bigstamping.com\/#website\"},\"primaryImageOfPage\":{\"@id\":\"https:\/\/www.bigstamping.com\/pt-pt\/producto\/tinta-por-superficies-porosas\/#primaryimage\"},\"image\":{\"@id\":\"https:\/\/www.bigstamping.com\/pt-pt\/producto\/tinta-por-superficies-porosas\/#primaryimage\"},\"thumbnailUrl\":\"https:\/\/www.bigstamping.com\/wp-content\/uploads\/2020\/08\/TDE-191-DELICATA-ORO-METALICO.jpg\",\"datePublished\":\"2020-08-27T11:09:23+00:00\",\"dateModified\":\"2024-08-07T09:53:40+00:00\",\"description\":\"Tintas para superf\u00edcies porosas que pode utilizar com os seus BigStamps. Utiliz\u00e1-los para materiais altamente absorventes e tirar partido da sua secagem r\u00e1pida\",\"breadcrumb\":{\"@id\":\"https:\/\/www.bigstamping.com\/pt-pt\/producto\/tinta-por-superficies-porosas\/#breadcrumb\"},\"inLanguage\":\"pt-PT\",\"potentialAction\":[{\"@type\":\"ReadAction\",\"target\":[\"https:\/\/www.bigstamping.com\/pt-pt\/producto\/tinta-por-superficies-porosas\/\"]}]},{\"@type\":\"ImageObject\",\"inLanguage\":\"pt-PT\",\"@id\":\"https:\/\/www.bigstamping.com\/pt-pt\/producto\/tinta-por-superficies-porosas\/#primaryimage\",\"url\":\"https:\/\/www.bigstamping.com\/wp-content\/uploads\/2020\/08\/TDE-191-DELICATA-ORO-METALICO.jpg\",\"contentUrl\":\"https:\/\/www.bigstamping.com\/wp-content\/uploads\/2020\/08\/TDE-191-DELICATA-ORO-METALICO.jpg\",\"width\":1000,\"height\":1000,\"caption\":\"Tinta para superf\u00edcies porosas, cor Ouro\"},{\"@type\":\"BreadcrumbList\",\"@id\":\"https:\/\/www.bigstamping.com\/pt-pt\/producto\/tinta-por-superficies-porosas\/#breadcrumb\",\"itemListElement\":[{\"@type\":\"ListItem\",\"position\":1,\"name\":\"Portada\",\"item\":\"https:\/\/www.bigstamping.com\/en\/\"},{\"@type\":\"ListItem\",\"position\":2,\"name\":\"Tintas para superficies porosas (Para MiniStamps)\"}]},{\"@type\":\"WebSite\",\"@id\":\"https:\/\/www.bigstamping.com\/#website\",\"url\":\"https:\/\/www.bigstamping.com\/\",\"name\":\"BigStamping\",\"description\":\"Sellos de gran tama\u00f1o para stampear\",\"publisher\":{\"@id\":\"https:\/\/www.bigstamping.com\/#organization\"},\"potentialAction\":[{\"@type\":\"SearchAction\",\"target\":{\"@type\":\"EntryPoint\",\"urlTemplate\":\"https:\/\/www.bigstamping.com\/?s={search_term_string}\"},\"query-input\":{\"@type\":\"PropertyValueSpecification\",\"valueRequired\":true,\"valueName\":\"search_term_string\"}}],\"inLanguage\":\"pt-PT\"},{\"@type\":\"Organization\",\"@id\":\"https:\/\/www.bigstamping.com\/#organization\",\"name\":\"BigStamping\",\"url\":\"https:\/\/www.bigstamping.com\/\",\"logo\":{\"@type\":\"ImageObject\",\"inLanguage\":\"pt-PT\",\"@id\":\"https:\/\/www.bigstamping.com\/#\/schema\/logo\/image\/\",\"url\":\"https:\/\/www.bigstamping.com\/wp-content\/uploads\/2018\/12\/big-stamper-amarillo.jpg\",\"contentUrl\":\"https:\/\/www.bigstamping.com\/wp-content\/uploads\/2018\/12\/big-stamper-amarillo.jpg\",\"width\":293,\"height\":300,\"caption\":\"BigStamping\"},\"image\":{\"@id\":\"https:\/\/www.bigstamping.com\/#\/schema\/logo\/image\/\"},\"sameAs\":[\"https:\/\/www.facebook.com\/Bigstamping-241206903231462\/\",\"https:\/\/x.com\/Bigstamping\",\"https:\/\/www.instagram.com\/bigstamping\/\",\"https:\/\/www.youtube.com\/channel\/UC_l3jNsBYYC-Ds9pzcZy_Vg\"]}]}<\/script>\n<!-- \/ Yoast SEO plugin. -->","yoast_head_json":{"title":"Tintas para superficies porosas (Para MiniStamps) - BigStamping","description":"Tintas para superf\u00edcies porosas que pode utilizar com os seus BigStamps. Utiliz\u00e1-los para materiais altamente absorventes e tirar partido da sua secagem r\u00e1pida","robots":{"index":"index","follow":"follow","max-snippet":"max-snippet:-1","max-image-preview":"max-image-preview:large","max-video-preview":"max-video-preview:-1"},"canonical":"https:\/\/www.bigstamping.com\/pt-pt\/producto\/tinta-por-superficies-porosas\/","og_locale":"pt_PT","og_type":"article","og_title":"Tintas para superficies porosas (Para MiniStamps) - BigStamping","og_description":"Tintas para superf\u00edcies porosas que pode utilizar com os seus BigStamps. Utiliz\u00e1-los para materiais altamente absorventes e tirar partido da sua secagem r\u00e1pida","og_url":"https:\/\/www.bigstamping.com\/pt-pt\/producto\/tinta-por-superficies-porosas\/","og_site_name":"BigStamping","article_publisher":"https:\/\/www.facebook.com\/Bigstamping-241206903231462\/","article_modified_time":"2024-08-07T09:53:40+00:00","og_image":[{"width":1000,"height":1000,"url":"https:\/\/www.bigstamping.com\/wp-content\/uploads\/2020\/08\/TDE-191-DELICATA-ORO-METALICO.jpg","type":"image\/jpeg"}],"twitter_card":"summary_large_image","twitter_site":"@Bigstamping","twitter_misc":{"Tempo estimado de leitura":"1 minuto"},"schema":{"@context":"https:\/\/schema.org","@graph":[{"@type":"WebPage","@id":"https:\/\/www.bigstamping.com\/pt-pt\/producto\/tinta-por-superficies-porosas\/","url":"https:\/\/www.bigstamping.com\/pt-pt\/producto\/tinta-por-superficies-porosas\/","name":"Tintas para superficies porosas (Para MiniStamps) - BigStamping","isPartOf":{"@id":"https:\/\/www.bigstamping.com\/#website"},"primaryImageOfPage":{"@id":"https:\/\/www.bigstamping.com\/pt-pt\/producto\/tinta-por-superficies-porosas\/#primaryimage"},"image":{"@id":"https:\/\/www.bigstamping.com\/pt-pt\/producto\/tinta-por-superficies-porosas\/#primaryimage"},"thumbnailUrl":"https:\/\/www.bigstamping.com\/wp-content\/uploads\/2020\/08\/TDE-191-DELICATA-ORO-METALICO.jpg","datePublished":"2020-08-27T11:09:23+00:00","dateModified":"2024-08-07T09:53:40+00:00","description":"Tintas para superf\u00edcies porosas que pode utilizar com os seus BigStamps. Utiliz\u00e1-los para materiais altamente absorventes e tirar partido da sua secagem r\u00e1pida","breadcrumb":{"@id":"https:\/\/www.bigstamping.com\/pt-pt\/producto\/tinta-por-superficies-porosas\/#breadcrumb"},"inLanguage":"pt-PT","potentialAction":[{"@type":"ReadAction","target":["https:\/\/www.bigstamping.com\/pt-pt\/producto\/tinta-por-superficies-porosas\/"]}]},{"@type":"ImageObject","inLanguage":"pt-PT","@id":"https:\/\/www.bigstamping.com\/pt-pt\/producto\/tinta-por-superficies-porosas\/#primaryimage","url":"https:\/\/www.bigstamping.com\/wp-content\/uploads\/2020\/08\/TDE-191-DELICATA-ORO-METALICO.jpg","contentUrl":"https:\/\/www.bigstamping.com\/wp-content\/uploads\/2020\/08\/TDE-191-DELICATA-ORO-METALICO.jpg","width":1000,"height":1000,"caption":"Tinta para superf\u00edcies porosas, cor Ouro"},{"@type":"BreadcrumbList","@id":"https:\/\/www.bigstamping.com\/pt-pt\/producto\/tinta-por-superficies-porosas\/#breadcrumb","itemListElement":[{"@type":"ListItem","position":1,"name":"Portada","item":"https:\/\/www.bigstamping.com\/en\/"},{"@type":"ListItem","position":2,"name":"Tintas para superficies porosas (Para MiniStamps)"}]},{"@type":"WebSite","@id":"https:\/\/www.bigstamping.com\/#website","url":"https:\/\/www.bigstamping.com\/","name":"BigStamping","description":"Sellos de gran tama\u00f1o para stampear","publisher":{"@id":"https:\/\/www.bigstamping.com\/#organization"},"potentialAction":[{"@type":"SearchAction","target":{"@type":"EntryPoint","urlTemplate":"https:\/\/www.bigstamping.com\/?s={search_term_string}"},"query-input":{"@type":"PropertyValueSpecification","valueRequired":true,"valueName":"search_term_string"}}],"inLanguage":"pt-PT"},{"@type":"Organization","@id":"https:\/\/www.bigstamping.com\/#organization","name":"BigStamping","url":"https:\/\/www.bigstamping.com\/","logo":{"@type":"ImageObject","inLanguage":"pt-PT","@id":"https:\/\/www.bigstamping.com\/#\/schema\/logo\/image\/","url":"https:\/\/www.bigstamping.com\/wp-content\/uploads\/2018\/12\/big-stamper-amarillo.jpg","contentUrl":"https:\/\/www.bigstamping.com\/wp-content\/uploads\/2018\/12\/big-stamper-amarillo.jpg","width":293,"height":300,"caption":"BigStamping"},"image":{"@id":"https:\/\/www.bigstamping.com\/#\/schema\/logo\/image\/"},"sameAs":["https:\/\/www.facebook.com\/Bigstamping-241206903231462\/","https:\/\/x.com\/Bigstamping","https:\/\/www.instagram.com\/bigstamping\/","https:\/\/www.youtube.com\/channel\/UC_l3jNsBYYC-Ds9pzcZy_Vg"]}]}},"_links":{"self":[{"href":"https:\/\/www.bigstamping.com\/pt-pt\/wp-json\/wp\/v2\/product\/17662","targetHints":{"allow":["GET"]}}],"collection":[{"href":"https:\/\/www.bigstamping.com\/pt-pt\/wp-json\/wp\/v2\/product"}],"about":[{"href":"https:\/\/www.bigstamping.com\/pt-pt\/wp-json\/wp\/v2\/types\/product"}],"version-history":[{"count":0,"href":"https:\/\/www.bigstamping.com\/pt-pt\/wp-json\/wp\/v2\/product\/17662\/revisions"}],"wp:featuredmedia":[{"embeddable":true,"href":"https:\/\/www.bigstamping.com\/pt-pt\/wp-json\/wp\/v2\/media\/17663"}],"wp:attachment":[{"href":"https:\/\/www.bigstamping.com\/pt-pt\/wp-json\/wp\/v2\/media?parent=17662"}],"wp:term":[{"taxonomy":"product_brand","embeddable":true,"href":"https:\/\/www.bigstamping.com\/pt-pt\/wp-json\/wp\/v2\/product_brand?post=17662"},{"taxonomy":"product_cat","embeddable":true,"href":"https:\/\/www.bigstamping.com\/pt-pt\/wp-json\/wp\/v2\/product_cat?post=17662"},{"taxonomy":"product_tag","embeddable":true,"href":"https:\/\/www.bigstamping.com\/pt-pt\/wp-json\/wp\/v2\/product_tag?post=17662"}],"curies":[{"name":"wp","href":"https:\/\/api.w.org\/{rel}","templated":true}]}}