{"id":17746,"date":"2020-08-18T10:00:44","date_gmt":"2020-08-18T10:00:44","guid":{"rendered":"https:\/\/www.bigstamping.com\/producto\/tintas-de-secagem-rapida-multi-superficie\/"},"modified":"2024-06-15T11:21:58","modified_gmt":"2024-06-15T10:21:58","slug":"tinta-multi-superficie-de-secagem-rapida","status":"publish","type":"product","link":"https:\/\/www.bigstamping.com\/pt-pt\/producto\/tinta-multi-superficie-de-secagem-rapida\/","title":{"rendered":"Tintas multi-superf\u00edcie de secagem r\u00e1pida (para MiniStamps)"},"content":{"rendered":"","protected":false},"excerpt":{"rendered":"<h2><strong>Estampagem em qualquer superf\u00edcie!<\/strong><\/h2>\n<p>Descubra esta tinta revolucion\u00e1ria formulada para superf\u00edcies semi-porosas e n\u00e3o porosas! Este bloco j\u00e1 cont\u00e9m a tinta no seu interior. Basta retirar a tampa, levantar o tabuleiro de prote\u00e7\u00e3o para evitar que a tinta seque, mergulhar a sua <strong>Ministamp<\/strong> e come\u00e7ar a imprimir! Substituir a tampa de pl\u00e1stico interior ap\u00f3s a utiliza\u00e7\u00e3o. Certifique-se de que o carimbo est\u00e1 isento de \u00f3leos ou res\u00edduos antes de utilizar <strong>a tinta multi-superf\u00edcies de secagem r\u00e1pida StazOn.<\/strong><\/p>\n[acordeon_personalizado]<\/p>\n<p>[pestana_acordeon_personalizado titulo=\"Recomenda\u00e7\u00f5es de utiliza\u00e7\u00e3o\"]<\/p>\n<p><strong>Para este tipo de tinta, o tempo de secagem recomendado \u00e9 de 3 segundos (superf\u00edcies porosas), 5 minutos (superf\u00edcies n\u00e3o porosas). Varia consoante o material, a humidade, etc..<\/strong>.Limpar os carimbos imediatamente ap\u00f3s a utiliza\u00e7\u00e3o com \u00e1gua e sab\u00e3o. Seque-os bem e guarde-os num local fresco e seco, ao abrigo da luz natural.<\/p>\n<p><strong>A tinta StazOn multi-superf\u00edcies,<\/strong> de secagem r\u00e1pida, tamb\u00e9m pode ser utilizada para decorar a pele, imitando tatuagens, ou como um crach\u00e1 para entrar em eventos. Utilizar sobre a pele limpa e seca, isenta de res\u00edduos de cremes, \u00f3leos, etc. No couro, carimbar e n\u00e3o tocar durante pelo menos 10 minutos.<\/p>\n<p>[\/pestana_acordeon_personalizado]<\/p>\n<p>[pestana_acordeon_personalizado titulo=\"Outras caracter\u00edsticas da tinta StazOn\"]<\/p>\n<p><strong>A almofada de tinta multi-superf\u00edcie StazOn de secagem r\u00e1pida tem uma \u00e1rea de superf\u00edcie m\u00e1xima de 77 x 47 mm (3,03&#215;1,85 in.). L<\/strong>A almofada pode ser utilizada com carimbos ligeiramente maiores porque a almofada tem relevo, pelo que pode ser impregnada com carimbos maiores. No entanto, por raz\u00f5es de funcionalidade, n\u00e3o recomendamos a sua utiliza\u00e7\u00e3o noutros carimbos que n\u00e3o os <strong>MiniStamps BigStamping<\/strong>.<\/p>\n<p>Alucina, com os resultados das<strong>cores met\u00e1licas ouro e prata.<\/strong><\/p>\n<p><strong>APLICA\u00c7\u00c3O:<\/strong> Pl\u00e1stico, metal, pl\u00e1stico retr\u00e1ctil, borracha, couro, argila polim\u00e9rica, papel plastificado, papel liso, papel texturado, papel fotogr\u00e1fico, vidro, porcelana, terracota, celofane.<\/p>\n<p>[\/pestana_acordeon_personalizado]<\/p>\n<p>[pestana_acordeon_personalizado titulo=\"Como posso encomendar?\"]<\/p>\n<p>Para encomendar este produto, basta escolher a cor em que est\u00e1 interessado, o n\u00famero de unidades que pretende e, em seguida, clicar no bot\u00e3o \u201cAdicionar ao carrinho\u201d. Esta tinta, por ser recomendada apenas para MiniStamps, n\u00e3o est\u00e1 inclu\u00edda nos kits, mas pode encomendar as unidades e cores que desejar. \ud83d\ude09<\/p>\n<p><strong>\u00b7 M\u00e9todos de pagamento aceites: Cart\u00f5es de d\u00e9bito\/cr\u00e9dito e Paypal.<\/strong><\/p>\n<p>[\/pestana_acordeon_personalizado]<\/p>\n<p>[pestana_acordeon_personalizado titulo=\"Prazos de entrega e custos de envio\"]<\/p>\n<p>Enviamos para todos os pa\u00edses da Comunidade Econ\u00f3mica Europeia. Tamb\u00e9m enviamos para os Estados Unidos, Reino Unido, Turquia, Su\u00ed\u00e7a, Canad\u00e1, Austr\u00e1lia, Chile, Emirados \u00c1rabes Unidos e Jap\u00e3o.<\/p>\n<p><strong>Prazos de entrega<\/strong><\/p>\n<p>A partir do momento em que efectua a sua encomenda, e se n\u00e3o houver problemas com o desenho, a sua encomenda demorar\u00e1 cerca de <strong>7 a 15 dias \u00fateis a ser entregue<\/strong>.<\/p>\n<p><span style=\"text-decoration: underline;\"><strong>*NOTA:<\/strong><\/span> N\u00e3o nos responsabilizamos por eventuais atrasos causados por empresas de transporte ou entidades de controlo.<\/p>\n<p><strong>Custo das transfer\u00eancias<\/strong><\/p>\n<p>O custo do envio \u00e9 calculado automaticamente pelo s\u00edtio Web em fun\u00e7\u00e3o do pa\u00eds e dos artigos adicionados ao carrinho.<\/p>\n<p>Pode obter transporte gratuito a partir de 100 euros, dependendo do destino da entrega Para obter informa\u00e7\u00f5es mais pormenorizadas sobre os custos de envio e os montantes necess\u00e1rios para a entrega gratuita, <a href=\"https:\/\/www.bigstamping.com\/pt-pt\/faq\/\">consulte a sec\u00e7\u00e3o FAQ<\/a> e verifique as condi\u00e7\u00f5es aplic\u00e1veis ao seu endere\u00e7o.<\/p>\n<p>[\/pestana_acordeon_personalizado]<\/p>\n<p>[\/acordeon_personalizado]\n","protected":false},"featured_media":17747,"template":"","meta":{"_acf_changed":false,"_genesis_hide_title":false,"_genesis_hide_breadcrumbs":false,"_genesis_hide_singular_image":false,"_genesis_hide_footer_widgets":false,"_genesis_custom_body_class":"","_genesis_custom_post_class":"","_genesis_layout":""},"product_brand":[],"product_cat":[262],"product_tag":[],"class_list":{"0":"post-17746","1":"product","2":"type-product","3":"status-publish","4":"has-post-thumbnail","6":"product_cat-acessorios","7":"product_shipping_class-clase-1-pt-pt","8":"entry","10":"first","11":"instock","12":"taxable","13":"shipping-taxable","14":"purchasable","15":"product-type-variable"},"acf":[],"yoast_head":"<!-- This site is optimized with the Yoast SEO plugin v26.7 - https:\/\/yoast.com\/wordpress\/plugins\/seo\/ -->\n<title>Tintas multi-superf\u00edcie de secagem r\u00e1pida (para MiniStamps) - BigStamping<\/title>\n<meta name=\"description\" content=\"Tintas de secagem r\u00e1pida para estampar a sua marca ou desenhos em superf\u00edcies tais como pl\u00e1stico, vidro, metal, argila, couro, etc.\" \/>\n<meta name=\"robots\" content=\"index, follow, max-snippet:-1, max-image-preview:large, max-video-preview:-1\" \/>\n<link rel=\"canonical\" href=\"https:\/\/www.bigstamping.com\/pt-pt\/producto\/tinta-multi-superficie-de-secagem-rapida\/\" \/>\n<meta property=\"og:locale\" content=\"pt_PT\" \/>\n<meta property=\"og:type\" content=\"article\" \/>\n<meta property=\"og:title\" content=\"Tintas multi-superf\u00edcie de secagem r\u00e1pida (para MiniStamps) - BigStamping\" \/>\n<meta property=\"og:description\" content=\"Tintas de secagem r\u00e1pida para estampar a sua marca ou desenhos em superf\u00edcies tais como pl\u00e1stico, vidro, metal, argila, couro, etc.\" \/>\n<meta property=\"og:url\" content=\"https:\/\/www.bigstamping.com\/pt-pt\/producto\/tinta-multi-superficie-de-secagem-rapida\/\" \/>\n<meta property=\"og:site_name\" content=\"BigStamping\" \/>\n<meta property=\"article:publisher\" content=\"https:\/\/www.facebook.com\/Bigstamping-241206903231462\/\" \/>\n<meta property=\"article:modified_time\" content=\"2024-06-15T10:21:58+00:00\" \/>\n<meta property=\"og:image\" content=\"https:\/\/www.bigstamping.com\/wp-content\/uploads\/2020\/08\/tinta-stazon-ultramarine.jpg\" \/>\n\t<meta property=\"og:image:width\" content=\"1500\" \/>\n\t<meta property=\"og:image:height\" content=\"1500\" \/>\n\t<meta property=\"og:image:type\" content=\"image\/jpeg\" \/>\n<meta name=\"twitter:card\" content=\"summary_large_image\" \/>\n<meta name=\"twitter:site\" content=\"@Bigstamping\" \/>\n<meta name=\"twitter:label1\" content=\"Tempo estimado de leitura\" \/>\n\t<meta name=\"twitter:data1\" content=\"1 minuto\" \/>\n<script type=\"application\/ld+json\" class=\"yoast-schema-graph\">{\"@context\":\"https:\/\/schema.org\",\"@graph\":[{\"@type\":\"WebPage\",\"@id\":\"https:\/\/www.bigstamping.com\/pt-pt\/producto\/tinta-multi-superficie-de-secagem-rapida\/\",\"url\":\"https:\/\/www.bigstamping.com\/pt-pt\/producto\/tinta-multi-superficie-de-secagem-rapida\/\",\"name\":\"Tintas multi-superf\u00edcie de secagem r\u00e1pida (para MiniStamps) - BigStamping\",\"isPartOf\":{\"@id\":\"https:\/\/www.bigstamping.com\/#website\"},\"primaryImageOfPage\":{\"@id\":\"https:\/\/www.bigstamping.com\/pt-pt\/producto\/tinta-multi-superficie-de-secagem-rapida\/#primaryimage\"},\"image\":{\"@id\":\"https:\/\/www.bigstamping.com\/pt-pt\/producto\/tinta-multi-superficie-de-secagem-rapida\/#primaryimage\"},\"thumbnailUrl\":\"https:\/\/www.bigstamping.com\/wp-content\/uploads\/2020\/08\/tinta-stazon-ultramarine.jpg\",\"datePublished\":\"2020-08-18T10:00:44+00:00\",\"dateModified\":\"2024-06-15T10:21:58+00:00\",\"description\":\"Tintas de secagem r\u00e1pida para estampar a sua marca ou desenhos em superf\u00edcies tais como pl\u00e1stico, vidro, metal, argila, couro, etc.\",\"breadcrumb\":{\"@id\":\"https:\/\/www.bigstamping.com\/pt-pt\/producto\/tinta-multi-superficie-de-secagem-rapida\/#breadcrumb\"},\"inLanguage\":\"pt-PT\",\"potentialAction\":[{\"@type\":\"ReadAction\",\"target\":[\"https:\/\/www.bigstamping.com\/pt-pt\/producto\/tinta-multi-superficie-de-secagem-rapida\/\"]}]},{\"@type\":\"ImageObject\",\"inLanguage\":\"pt-PT\",\"@id\":\"https:\/\/www.bigstamping.com\/pt-pt\/producto\/tinta-multi-superficie-de-secagem-rapida\/#primaryimage\",\"url\":\"https:\/\/www.bigstamping.com\/wp-content\/uploads\/2020\/08\/tinta-stazon-ultramarine.jpg\",\"contentUrl\":\"https:\/\/www.bigstamping.com\/wp-content\/uploads\/2020\/08\/tinta-stazon-ultramarine.jpg\",\"width\":1500,\"height\":1500,\"caption\":\"Tinta Seca R\u00e1pida Stazon Ultramarine Blue\"},{\"@type\":\"BreadcrumbList\",\"@id\":\"https:\/\/www.bigstamping.com\/pt-pt\/producto\/tinta-multi-superficie-de-secagem-rapida\/#breadcrumb\",\"itemListElement\":[{\"@type\":\"ListItem\",\"position\":1,\"name\":\"Portada\",\"item\":\"https:\/\/www.bigstamping.com\/en\/\"},{\"@type\":\"ListItem\",\"position\":2,\"name\":\"Tintas multi-superf\u00edcie de secagem r\u00e1pida (para MiniStamps)\"}]},{\"@type\":\"WebSite\",\"@id\":\"https:\/\/www.bigstamping.com\/#website\",\"url\":\"https:\/\/www.bigstamping.com\/\",\"name\":\"BigStamping\",\"description\":\"Sellos de gran tama\u00f1o para stampear\",\"publisher\":{\"@id\":\"https:\/\/www.bigstamping.com\/#organization\"},\"potentialAction\":[{\"@type\":\"SearchAction\",\"target\":{\"@type\":\"EntryPoint\",\"urlTemplate\":\"https:\/\/www.bigstamping.com\/?s={search_term_string}\"},\"query-input\":{\"@type\":\"PropertyValueSpecification\",\"valueRequired\":true,\"valueName\":\"search_term_string\"}}],\"inLanguage\":\"pt-PT\"},{\"@type\":\"Organization\",\"@id\":\"https:\/\/www.bigstamping.com\/#organization\",\"name\":\"BigStamping\",\"url\":\"https:\/\/www.bigstamping.com\/\",\"logo\":{\"@type\":\"ImageObject\",\"inLanguage\":\"pt-PT\",\"@id\":\"https:\/\/www.bigstamping.com\/#\/schema\/logo\/image\/\",\"url\":\"https:\/\/www.bigstamping.com\/wp-content\/uploads\/2018\/12\/big-stamper-amarillo.jpg\",\"contentUrl\":\"https:\/\/www.bigstamping.com\/wp-content\/uploads\/2018\/12\/big-stamper-amarillo.jpg\",\"width\":293,\"height\":300,\"caption\":\"BigStamping\"},\"image\":{\"@id\":\"https:\/\/www.bigstamping.com\/#\/schema\/logo\/image\/\"},\"sameAs\":[\"https:\/\/www.facebook.com\/Bigstamping-241206903231462\/\",\"https:\/\/x.com\/Bigstamping\",\"https:\/\/www.instagram.com\/bigstamping\/\",\"https:\/\/www.youtube.com\/channel\/UC_l3jNsBYYC-Ds9pzcZy_Vg\"]}]}<\/script>\n<!-- \/ Yoast SEO plugin. -->","yoast_head_json":{"title":"Tintas multi-superf\u00edcie de secagem r\u00e1pida (para MiniStamps) - BigStamping","description":"Tintas de secagem r\u00e1pida para estampar a sua marca ou desenhos em superf\u00edcies tais como pl\u00e1stico, vidro, metal, argila, couro, etc.","robots":{"index":"index","follow":"follow","max-snippet":"max-snippet:-1","max-image-preview":"max-image-preview:large","max-video-preview":"max-video-preview:-1"},"canonical":"https:\/\/www.bigstamping.com\/pt-pt\/producto\/tinta-multi-superficie-de-secagem-rapida\/","og_locale":"pt_PT","og_type":"article","og_title":"Tintas multi-superf\u00edcie de secagem r\u00e1pida (para MiniStamps) - BigStamping","og_description":"Tintas de secagem r\u00e1pida para estampar a sua marca ou desenhos em superf\u00edcies tais como pl\u00e1stico, vidro, metal, argila, couro, etc.","og_url":"https:\/\/www.bigstamping.com\/pt-pt\/producto\/tinta-multi-superficie-de-secagem-rapida\/","og_site_name":"BigStamping","article_publisher":"https:\/\/www.facebook.com\/Bigstamping-241206903231462\/","article_modified_time":"2024-06-15T10:21:58+00:00","og_image":[{"width":1500,"height":1500,"url":"https:\/\/www.bigstamping.com\/wp-content\/uploads\/2020\/08\/tinta-stazon-ultramarine.jpg","type":"image\/jpeg"}],"twitter_card":"summary_large_image","twitter_site":"@Bigstamping","twitter_misc":{"Tempo estimado de leitura":"1 minuto"},"schema":{"@context":"https:\/\/schema.org","@graph":[{"@type":"WebPage","@id":"https:\/\/www.bigstamping.com\/pt-pt\/producto\/tinta-multi-superficie-de-secagem-rapida\/","url":"https:\/\/www.bigstamping.com\/pt-pt\/producto\/tinta-multi-superficie-de-secagem-rapida\/","name":"Tintas multi-superf\u00edcie de secagem r\u00e1pida (para MiniStamps) - BigStamping","isPartOf":{"@id":"https:\/\/www.bigstamping.com\/#website"},"primaryImageOfPage":{"@id":"https:\/\/www.bigstamping.com\/pt-pt\/producto\/tinta-multi-superficie-de-secagem-rapida\/#primaryimage"},"image":{"@id":"https:\/\/www.bigstamping.com\/pt-pt\/producto\/tinta-multi-superficie-de-secagem-rapida\/#primaryimage"},"thumbnailUrl":"https:\/\/www.bigstamping.com\/wp-content\/uploads\/2020\/08\/tinta-stazon-ultramarine.jpg","datePublished":"2020-08-18T10:00:44+00:00","dateModified":"2024-06-15T10:21:58+00:00","description":"Tintas de secagem r\u00e1pida para estampar a sua marca ou desenhos em superf\u00edcies tais como pl\u00e1stico, vidro, metal, argila, couro, etc.","breadcrumb":{"@id":"https:\/\/www.bigstamping.com\/pt-pt\/producto\/tinta-multi-superficie-de-secagem-rapida\/#breadcrumb"},"inLanguage":"pt-PT","potentialAction":[{"@type":"ReadAction","target":["https:\/\/www.bigstamping.com\/pt-pt\/producto\/tinta-multi-superficie-de-secagem-rapida\/"]}]},{"@type":"ImageObject","inLanguage":"pt-PT","@id":"https:\/\/www.bigstamping.com\/pt-pt\/producto\/tinta-multi-superficie-de-secagem-rapida\/#primaryimage","url":"https:\/\/www.bigstamping.com\/wp-content\/uploads\/2020\/08\/tinta-stazon-ultramarine.jpg","contentUrl":"https:\/\/www.bigstamping.com\/wp-content\/uploads\/2020\/08\/tinta-stazon-ultramarine.jpg","width":1500,"height":1500,"caption":"Tinta Seca R\u00e1pida Stazon Ultramarine Blue"},{"@type":"BreadcrumbList","@id":"https:\/\/www.bigstamping.com\/pt-pt\/producto\/tinta-multi-superficie-de-secagem-rapida\/#breadcrumb","itemListElement":[{"@type":"ListItem","position":1,"name":"Portada","item":"https:\/\/www.bigstamping.com\/en\/"},{"@type":"ListItem","position":2,"name":"Tintas multi-superf\u00edcie de secagem r\u00e1pida (para MiniStamps)"}]},{"@type":"WebSite","@id":"https:\/\/www.bigstamping.com\/#website","url":"https:\/\/www.bigstamping.com\/","name":"BigStamping","description":"Sellos de gran tama\u00f1o para stampear","publisher":{"@id":"https:\/\/www.bigstamping.com\/#organization"},"potentialAction":[{"@type":"SearchAction","target":{"@type":"EntryPoint","urlTemplate":"https:\/\/www.bigstamping.com\/?s={search_term_string}"},"query-input":{"@type":"PropertyValueSpecification","valueRequired":true,"valueName":"search_term_string"}}],"inLanguage":"pt-PT"},{"@type":"Organization","@id":"https:\/\/www.bigstamping.com\/#organization","name":"BigStamping","url":"https:\/\/www.bigstamping.com\/","logo":{"@type":"ImageObject","inLanguage":"pt-PT","@id":"https:\/\/www.bigstamping.com\/#\/schema\/logo\/image\/","url":"https:\/\/www.bigstamping.com\/wp-content\/uploads\/2018\/12\/big-stamper-amarillo.jpg","contentUrl":"https:\/\/www.bigstamping.com\/wp-content\/uploads\/2018\/12\/big-stamper-amarillo.jpg","width":293,"height":300,"caption":"BigStamping"},"image":{"@id":"https:\/\/www.bigstamping.com\/#\/schema\/logo\/image\/"},"sameAs":["https:\/\/www.facebook.com\/Bigstamping-241206903231462\/","https:\/\/x.com\/Bigstamping","https:\/\/www.instagram.com\/bigstamping\/","https:\/\/www.youtube.com\/channel\/UC_l3jNsBYYC-Ds9pzcZy_Vg"]}]}},"_links":{"self":[{"href":"https:\/\/www.bigstamping.com\/pt-pt\/wp-json\/wp\/v2\/product\/17746","targetHints":{"allow":["GET"]}}],"collection":[{"href":"https:\/\/www.bigstamping.com\/pt-pt\/wp-json\/wp\/v2\/product"}],"about":[{"href":"https:\/\/www.bigstamping.com\/pt-pt\/wp-json\/wp\/v2\/types\/product"}],"version-history":[{"count":0,"href":"https:\/\/www.bigstamping.com\/pt-pt\/wp-json\/wp\/v2\/product\/17746\/revisions"}],"wp:featuredmedia":[{"embeddable":true,"href":"https:\/\/www.bigstamping.com\/pt-pt\/wp-json\/wp\/v2\/media\/17747"}],"wp:attachment":[{"href":"https:\/\/www.bigstamping.com\/pt-pt\/wp-json\/wp\/v2\/media?parent=17746"}],"wp:term":[{"taxonomy":"product_brand","embeddable":true,"href":"https:\/\/www.bigstamping.com\/pt-pt\/wp-json\/wp\/v2\/product_brand?post=17746"},{"taxonomy":"product_cat","embeddable":true,"href":"https:\/\/www.bigstamping.com\/pt-pt\/wp-json\/wp\/v2\/product_cat?post=17746"},{"taxonomy":"product_tag","embeddable":true,"href":"https:\/\/www.bigstamping.com\/pt-pt\/wp-json\/wp\/v2\/product_tag?post=17746"}],"curies":[{"name":"wp","href":"https:\/\/api.w.org\/{rel}","templated":true}]}}