{"id":17846,"date":"2018-12-05T17:25:44","date_gmt":"2020-08-27T11:52:38","guid":{"rendered":"https:\/\/www.bigstamping.com\/producto\/esticador-de-texteis\/"},"modified":"2024-06-15T11:21:11","modified_gmt":"2024-06-15T10:21:11","slug":"esticador-de-texteis","status":"publish","type":"product","link":"https:\/\/www.bigstamping.com\/pt-pt\/producto\/esticador-de-texteis\/","title":{"rendered":"ESTICADOR DE T\u00caXTEIS"},"content":{"rendered":"<p><span style=\"font-weight: 400;\">Conduzido em: Madeira natural sem envernizar de uma forma artesanal. \u00c9 composto por duas pe\u00e7as.<\/span><\/p>\n<hr \/>\n<p><span style=\"font-weight: 400;\">Dimens\u00f5es: 48x36x3<\/span><\/p>\n<hr \/>\n<p><span style=\"font-weight: 400;\">Peso: 2.300 gramas<\/span><\/p>\n<hr \/>\n<p><span style=\"font-weight: 400;\">Conserva\u00e7\u00e3o: n\u00e3o requer condi\u00e7\u00f5es especiais.<\/span><\/p>\n<hr \/>\n<p><span style=\"font-weight: 400;\">Recomendado para: todos os tipos de tecidos, especialmente T-shirts<\/span><\/p>\n<hr \/>\n<p><span style=\"font-weight: 400;\">Por favor note: \u00e9 concebido para tecidos de espessura padr\u00e3o, tais como algod\u00e3o ou linho.<\/span><\/p>\n<hr \/>\n<p><span style=\"font-weight: 400;\">Refer\u00eancia: BS-TC01<\/span><\/p>\n","protected":false},"excerpt":{"rendered":"<p><span style=\"font-weight: 400;\"><strong>O esticador de t\u00eaxteis BigStamping<\/strong> \u00e9 um acess\u00f3rio feito de madeira natural, sem verniz e totalmente artesanal. Destina-se a servir de suporte para T-shirts e outros artigos t\u00eaxteis (totebags, sweatshirts, etc.).<\/span><\/p>\n<p><span style=\"font-weight: 400;\">O nosso tensor ajuda-o a evitar que o material que escolheu para imprimir se mova, evitando que os tecidos fiquem enrugados. Gra\u00e7as a ela, obter\u00e1 uniformidade nas suas cria\u00e7\u00f5es, evitando que a tinta se espalhe.<\/span><\/p>\n<p><span style=\"font-weight: 400;\">Este esticador \u00e9 composto por duas partes.<\/span><\/p>\n[acordeon_personalizado]<\/p>\n<p>[pestana_acordeon_personalizado titulo=\"Informa\u00e7\u00f5es adicionais sobre o tensor BigStamping\"]<\/p>\n<p><span style=\"font-weight: 400;\">Dimens\u00f5es: 48x36x3 (18,89&#215;14,17&#215;1,18 in.)<\/span><\/p>\n<hr \/>\n<p><span style=\"font-weight: 400;\">Peso: 2.300 gramas<\/span><\/p>\n<hr \/>\n<p><span style=\"font-weight: 400;\">Armazenamento: n\u00e3o s\u00e3o necess\u00e1rias condi\u00e7\u00f5es especiais.<\/span><\/p>\n<hr \/>\n<p><span style=\"font-weight: 400;\">Recomendado para todos os tipos de tecidos, especialmente t-shirts.<\/span><\/p>\n<hr \/>\n<p><span style=\"font-weight: 400;\">Por favor note: \u00e9 concebido para tecidos de espessura padr\u00e3o, tais como algod\u00e3o ou linho.<\/span><\/p>\n<p>[\/pestana_acordeon_personalizado]<\/p>\n<p>[pestana_acordeon_personalizado titulo=\"Como posso encomendar?\"]<\/p>\n<p>Para encomendar este produto, basta escolher a quantidade e clicar no bot\u00e3o \u201cadicionar ao carrinho\u201d. O esticador n\u00e3o est\u00e1 inclu\u00eddo nos kits, mas pode encomendar tantos quantos necessitar. ;).<\/p>\n<p><strong>\u00b7 M\u00e9todos de pagamento aceites: Cart\u00f5es de d\u00e9bito\/cr\u00e9dito e Paypal.<\/strong><\/p>\n<p>[\/pestana_acordeon_personalizado]<\/p>\n<p>[pestana_acordeon_personalizado titulo=\"Prazos de entrega e custos de envio\"]<\/p>\n<p>Enviamos para todos os pa\u00edses da Comunidade Econ\u00f3mica Europeia. Tamb\u00e9m enviamos para os Estados Unidos, Reino Unido, Turquia, Su\u00ed\u00e7a, Canad\u00e1, Austr\u00e1lia, Chile, Emirados \u00c1rabes Unidos e Jap\u00e3o.<\/p>\n<p><strong>Prazos de entrega<\/strong><\/p>\n<p>A partir do momento em que efectua a sua encomenda, e se n\u00e3o houver problemas com o desenho, a sua encomenda demorar\u00e1 cerca de <strong>7 a 15 dias \u00fateis a ser entregue<\/strong>.<\/p>\n<p><span style=\"text-decoration: underline;\"><strong>*NOTA:<\/strong><\/span> N\u00e3o nos responsabilizamos por eventuais atrasos causados por empresas de transporte ou entidades de controlo.<\/p>\n<p><strong>Custo das transfer\u00eancias<\/strong><\/p>\n<p>O custo do envio \u00e9 calculado automaticamente pelo s\u00edtio Web em fun\u00e7\u00e3o do pa\u00eds e dos artigos adicionados ao carrinho.<\/p>\n<p>Pode obter transporte gratuito a partir de 100 euros, dependendo do destino da entrega Para obter informa\u00e7\u00f5es mais pormenorizadas sobre os custos de envio e os montantes necess\u00e1rios para a entrega gratuita, <a href=\"https:\/\/www.bigstamping.com\/pt-pt\/faq\/\">consulte a sec\u00e7\u00e3o FAQ<\/a> e verifique as condi\u00e7\u00f5es aplic\u00e1veis ao seu endere\u00e7o.<\/p>\n<p>[\/pestana_acordeon_personalizado]<\/p>\n<p>[\/acordeon_personalizado]\n","protected":false},"featured_media":17847,"template":"","meta":{"_acf_changed":false,"_genesis_hide_title":false,"_genesis_hide_breadcrumbs":false,"_genesis_hide_singular_image":false,"_genesis_hide_footer_widgets":false,"_genesis_custom_body_class":"","_genesis_custom_post_class":"","_genesis_layout":""},"product_brand":[],"product_cat":[262,286,287],"product_tag":[],"class_list":{"0":"post-17846","1":"product","2":"type-product","3":"status-publish","4":"has-post-thumbnail","6":"product_cat-acessorios","7":"product_cat-extras-pt-pt","8":"product_cat-ministamps-pt-pt","9":"product_shipping_class-tensor-pt-pt","10":"entry","12":"first","13":"instock","14":"taxable","15":"shipping-taxable","16":"purchasable","17":"product-type-simple"},"acf":[],"yoast_head":"<!-- This site is optimized with the Yoast SEO plugin v26.7 - https:\/\/yoast.com\/wordpress\/plugins\/seo\/ -->\n<title>ESTICADOR DE T\u00caXTEIS - BigStamping<\/title>\n<meta name=\"description\" content=\"Esticador para impress\u00e3o sem rugas em materiais t\u00eaxteis \u00d3ptimo para complementar os nossos selos personalizados\" \/>\n<meta name=\"robots\" content=\"index, follow, max-snippet:-1, max-image-preview:large, max-video-preview:-1\" \/>\n<link rel=\"canonical\" href=\"https:\/\/www.bigstamping.com\/pt-pt\/producto\/esticador-de-texteis\/\" \/>\n<meta property=\"og:locale\" content=\"pt_PT\" \/>\n<meta property=\"og:type\" content=\"article\" \/>\n<meta property=\"og:title\" content=\"ESTICADOR DE T\u00caXTEIS - BigStamping\" \/>\n<meta property=\"og:description\" content=\"Esticador para impress\u00e3o sem rugas em materiais t\u00eaxteis \u00d3ptimo para complementar os nossos selos personalizados\" \/>\n<meta property=\"og:url\" content=\"https:\/\/www.bigstamping.com\/pt-pt\/producto\/esticador-de-texteis\/\" \/>\n<meta property=\"og:site_name\" content=\"BigStamping\" \/>\n<meta property=\"article:publisher\" content=\"https:\/\/www.facebook.com\/Bigstamping-241206903231462\/\" \/>\n<meta property=\"article:modified_time\" content=\"2024-06-15T10:21:11+00:00\" \/>\n<meta property=\"og:image\" content=\"https:\/\/www.bigstamping.com\/wp-content\/uploads\/2018\/12\/TENSOR-XEXU.jpg\" \/>\n\t<meta property=\"og:image:width\" content=\"1500\" \/>\n\t<meta property=\"og:image:height\" content=\"1500\" \/>\n\t<meta property=\"og:image:type\" content=\"image\/jpeg\" \/>\n<meta name=\"twitter:card\" content=\"summary_large_image\" \/>\n<meta name=\"twitter:site\" content=\"@Bigstamping\" \/>\n<meta name=\"twitter:label1\" content=\"Tempo estimado de leitura\" \/>\n\t<meta name=\"twitter:data1\" content=\"1 minuto\" \/>\n<script type=\"application\/ld+json\" class=\"yoast-schema-graph\">{\"@context\":\"https:\/\/schema.org\",\"@graph\":[{\"@type\":\"WebPage\",\"@id\":\"https:\/\/www.bigstamping.com\/pt-pt\/producto\/esticador-de-texteis\/\",\"url\":\"https:\/\/www.bigstamping.com\/pt-pt\/producto\/esticador-de-texteis\/\",\"name\":\"ESTICADOR DE T\u00caXTEIS - BigStamping\",\"isPartOf\":{\"@id\":\"https:\/\/www.bigstamping.com\/#website\"},\"primaryImageOfPage\":{\"@id\":\"https:\/\/www.bigstamping.com\/pt-pt\/producto\/esticador-de-texteis\/#primaryimage\"},\"image\":{\"@id\":\"https:\/\/www.bigstamping.com\/pt-pt\/producto\/esticador-de-texteis\/#primaryimage\"},\"thumbnailUrl\":\"https:\/\/www.bigstamping.com\/wp-content\/uploads\/2018\/12\/TENSOR-XEXU.jpg\",\"datePublished\":\"2020-08-27T11:52:38+00:00\",\"dateModified\":\"2024-06-15T10:21:11+00:00\",\"description\":\"Esticador para impress\u00e3o sem rugas em materiais t\u00eaxteis \u00d3ptimo para complementar os nossos selos personalizados\",\"breadcrumb\":{\"@id\":\"https:\/\/www.bigstamping.com\/pt-pt\/producto\/esticador-de-texteis\/#breadcrumb\"},\"inLanguage\":\"pt-PT\",\"potentialAction\":[{\"@type\":\"ReadAction\",\"target\":[\"https:\/\/www.bigstamping.com\/pt-pt\/producto\/esticador-de-texteis\/\"]}]},{\"@type\":\"ImageObject\",\"inLanguage\":\"pt-PT\",\"@id\":\"https:\/\/www.bigstamping.com\/pt-pt\/producto\/esticador-de-texteis\/#primaryimage\",\"url\":\"https:\/\/www.bigstamping.com\/wp-content\/uploads\/2018\/12\/TENSOR-XEXU.jpg\",\"contentUrl\":\"https:\/\/www.bigstamping.com\/wp-content\/uploads\/2018\/12\/TENSOR-XEXU.jpg\",\"width\":1500,\"height\":1500,\"caption\":\"ESTICADOR DE T\u00caXTEIS BigStamping\"},{\"@type\":\"BreadcrumbList\",\"@id\":\"https:\/\/www.bigstamping.com\/pt-pt\/producto\/esticador-de-texteis\/#breadcrumb\",\"itemListElement\":[{\"@type\":\"ListItem\",\"position\":1,\"name\":\"Portada\",\"item\":\"https:\/\/www.bigstamping.com\/en\/\"},{\"@type\":\"ListItem\",\"position\":2,\"name\":\"ESTICADOR DE T\u00caXTEIS\"}]},{\"@type\":\"WebSite\",\"@id\":\"https:\/\/www.bigstamping.com\/#website\",\"url\":\"https:\/\/www.bigstamping.com\/\",\"name\":\"BigStamping\",\"description\":\"Sellos de gran tama\u00f1o para stampear\",\"publisher\":{\"@id\":\"https:\/\/www.bigstamping.com\/#organization\"},\"potentialAction\":[{\"@type\":\"SearchAction\",\"target\":{\"@type\":\"EntryPoint\",\"urlTemplate\":\"https:\/\/www.bigstamping.com\/?s={search_term_string}\"},\"query-input\":{\"@type\":\"PropertyValueSpecification\",\"valueRequired\":true,\"valueName\":\"search_term_string\"}}],\"inLanguage\":\"pt-PT\"},{\"@type\":\"Organization\",\"@id\":\"https:\/\/www.bigstamping.com\/#organization\",\"name\":\"BigStamping\",\"url\":\"https:\/\/www.bigstamping.com\/\",\"logo\":{\"@type\":\"ImageObject\",\"inLanguage\":\"pt-PT\",\"@id\":\"https:\/\/www.bigstamping.com\/#\/schema\/logo\/image\/\",\"url\":\"https:\/\/www.bigstamping.com\/wp-content\/uploads\/2018\/12\/big-stamper-amarillo.jpg\",\"contentUrl\":\"https:\/\/www.bigstamping.com\/wp-content\/uploads\/2018\/12\/big-stamper-amarillo.jpg\",\"width\":293,\"height\":300,\"caption\":\"BigStamping\"},\"image\":{\"@id\":\"https:\/\/www.bigstamping.com\/#\/schema\/logo\/image\/\"},\"sameAs\":[\"https:\/\/www.facebook.com\/Bigstamping-241206903231462\/\",\"https:\/\/x.com\/Bigstamping\",\"https:\/\/www.instagram.com\/bigstamping\/\",\"https:\/\/www.youtube.com\/channel\/UC_l3jNsBYYC-Ds9pzcZy_Vg\"]}]}<\/script>\n<!-- \/ Yoast SEO plugin. -->","yoast_head_json":{"title":"ESTICADOR DE T\u00caXTEIS - BigStamping","description":"Esticador para impress\u00e3o sem rugas em materiais t\u00eaxteis \u00d3ptimo para complementar os nossos selos personalizados","robots":{"index":"index","follow":"follow","max-snippet":"max-snippet:-1","max-image-preview":"max-image-preview:large","max-video-preview":"max-video-preview:-1"},"canonical":"https:\/\/www.bigstamping.com\/pt-pt\/producto\/esticador-de-texteis\/","og_locale":"pt_PT","og_type":"article","og_title":"ESTICADOR DE T\u00caXTEIS - BigStamping","og_description":"Esticador para impress\u00e3o sem rugas em materiais t\u00eaxteis \u00d3ptimo para complementar os nossos selos personalizados","og_url":"https:\/\/www.bigstamping.com\/pt-pt\/producto\/esticador-de-texteis\/","og_site_name":"BigStamping","article_publisher":"https:\/\/www.facebook.com\/Bigstamping-241206903231462\/","article_modified_time":"2024-06-15T10:21:11+00:00","og_image":[{"width":1500,"height":1500,"url":"https:\/\/www.bigstamping.com\/wp-content\/uploads\/2018\/12\/TENSOR-XEXU.jpg","type":"image\/jpeg"}],"twitter_card":"summary_large_image","twitter_site":"@Bigstamping","twitter_misc":{"Tempo estimado de leitura":"1 minuto"},"schema":{"@context":"https:\/\/schema.org","@graph":[{"@type":"WebPage","@id":"https:\/\/www.bigstamping.com\/pt-pt\/producto\/esticador-de-texteis\/","url":"https:\/\/www.bigstamping.com\/pt-pt\/producto\/esticador-de-texteis\/","name":"ESTICADOR DE T\u00caXTEIS - BigStamping","isPartOf":{"@id":"https:\/\/www.bigstamping.com\/#website"},"primaryImageOfPage":{"@id":"https:\/\/www.bigstamping.com\/pt-pt\/producto\/esticador-de-texteis\/#primaryimage"},"image":{"@id":"https:\/\/www.bigstamping.com\/pt-pt\/producto\/esticador-de-texteis\/#primaryimage"},"thumbnailUrl":"https:\/\/www.bigstamping.com\/wp-content\/uploads\/2018\/12\/TENSOR-XEXU.jpg","datePublished":"2020-08-27T11:52:38+00:00","dateModified":"2024-06-15T10:21:11+00:00","description":"Esticador para impress\u00e3o sem rugas em materiais t\u00eaxteis \u00d3ptimo para complementar os nossos selos personalizados","breadcrumb":{"@id":"https:\/\/www.bigstamping.com\/pt-pt\/producto\/esticador-de-texteis\/#breadcrumb"},"inLanguage":"pt-PT","potentialAction":[{"@type":"ReadAction","target":["https:\/\/www.bigstamping.com\/pt-pt\/producto\/esticador-de-texteis\/"]}]},{"@type":"ImageObject","inLanguage":"pt-PT","@id":"https:\/\/www.bigstamping.com\/pt-pt\/producto\/esticador-de-texteis\/#primaryimage","url":"https:\/\/www.bigstamping.com\/wp-content\/uploads\/2018\/12\/TENSOR-XEXU.jpg","contentUrl":"https:\/\/www.bigstamping.com\/wp-content\/uploads\/2018\/12\/TENSOR-XEXU.jpg","width":1500,"height":1500,"caption":"ESTICADOR DE T\u00caXTEIS BigStamping"},{"@type":"BreadcrumbList","@id":"https:\/\/www.bigstamping.com\/pt-pt\/producto\/esticador-de-texteis\/#breadcrumb","itemListElement":[{"@type":"ListItem","position":1,"name":"Portada","item":"https:\/\/www.bigstamping.com\/en\/"},{"@type":"ListItem","position":2,"name":"ESTICADOR DE T\u00caXTEIS"}]},{"@type":"WebSite","@id":"https:\/\/www.bigstamping.com\/#website","url":"https:\/\/www.bigstamping.com\/","name":"BigStamping","description":"Sellos de gran tama\u00f1o para stampear","publisher":{"@id":"https:\/\/www.bigstamping.com\/#organization"},"potentialAction":[{"@type":"SearchAction","target":{"@type":"EntryPoint","urlTemplate":"https:\/\/www.bigstamping.com\/?s={search_term_string}"},"query-input":{"@type":"PropertyValueSpecification","valueRequired":true,"valueName":"search_term_string"}}],"inLanguage":"pt-PT"},{"@type":"Organization","@id":"https:\/\/www.bigstamping.com\/#organization","name":"BigStamping","url":"https:\/\/www.bigstamping.com\/","logo":{"@type":"ImageObject","inLanguage":"pt-PT","@id":"https:\/\/www.bigstamping.com\/#\/schema\/logo\/image\/","url":"https:\/\/www.bigstamping.com\/wp-content\/uploads\/2018\/12\/big-stamper-amarillo.jpg","contentUrl":"https:\/\/www.bigstamping.com\/wp-content\/uploads\/2018\/12\/big-stamper-amarillo.jpg","width":293,"height":300,"caption":"BigStamping"},"image":{"@id":"https:\/\/www.bigstamping.com\/#\/schema\/logo\/image\/"},"sameAs":["https:\/\/www.facebook.com\/Bigstamping-241206903231462\/","https:\/\/x.com\/Bigstamping","https:\/\/www.instagram.com\/bigstamping\/","https:\/\/www.youtube.com\/channel\/UC_l3jNsBYYC-Ds9pzcZy_Vg"]}]}},"_links":{"self":[{"href":"https:\/\/www.bigstamping.com\/pt-pt\/wp-json\/wp\/v2\/product\/17846","targetHints":{"allow":["GET"]}}],"collection":[{"href":"https:\/\/www.bigstamping.com\/pt-pt\/wp-json\/wp\/v2\/product"}],"about":[{"href":"https:\/\/www.bigstamping.com\/pt-pt\/wp-json\/wp\/v2\/types\/product"}],"version-history":[{"count":0,"href":"https:\/\/www.bigstamping.com\/pt-pt\/wp-json\/wp\/v2\/product\/17846\/revisions"}],"wp:featuredmedia":[{"embeddable":true,"href":"https:\/\/www.bigstamping.com\/pt-pt\/wp-json\/wp\/v2\/media\/17847"}],"wp:attachment":[{"href":"https:\/\/www.bigstamping.com\/pt-pt\/wp-json\/wp\/v2\/media?parent=17846"}],"wp:term":[{"taxonomy":"product_brand","embeddable":true,"href":"https:\/\/www.bigstamping.com\/pt-pt\/wp-json\/wp\/v2\/product_brand?post=17846"},{"taxonomy":"product_cat","embeddable":true,"href":"https:\/\/www.bigstamping.com\/pt-pt\/wp-json\/wp\/v2\/product_cat?post=17846"},{"taxonomy":"product_tag","embeddable":true,"href":"https:\/\/www.bigstamping.com\/pt-pt\/wp-json\/wp\/v2\/product_tag?post=17846"}],"curies":[{"name":"wp","href":"https:\/\/api.w.org\/{rel}","templated":true}]}}