{"id":17870,"date":"2020-08-19T17:23:17","date_gmt":"2020-08-27T12:09:32","guid":{"rendered":"https:\/\/www.bigstamping.com\/producto\/tinta-flexografica-papel\/"},"modified":"2025-02-05T11:42:05","modified_gmt":"2025-02-05T10:42:05","slug":"tintas-flexograficas-papel-2","status":"publish","type":"product","link":"https:\/\/www.bigstamping.com\/pt-pt\/producto\/tintas-flexograficas-papel-2\/","title":{"rendered":"Tintas flexogr\u00e1ficas para papel, cart\u00e3o e madeira"},"content":{"rendered":"<p><span style=\"font-weight: 400;\">Acabamento: Suave ao toque. Matt e muito cobertura<\/span><\/p>\n<hr \/>\n<p>Dimens\u00f5es: 7,5 x 7 cm.<\/p>\n<hr \/>\n<p>Peso: 300 gramas.<\/p>\n<hr \/>\n<p>Recomendado para: todos os tipos de carimbos<\/p>\n<hr \/>\n<p>Materiais: Papel, cart\u00e3o, madeira e superf\u00edcies absorventes. N\u00e3o s\u00e3o adequadas para tecidos<\/p>\n","protected":false},"excerpt":{"rendered":"<p><span style=\"font-weight: 400;\"><strong>Tinta flexogr\u00e1fica de base aquosa.<\/strong> Apresenta-se em latas que cont\u00eam 125 ml desta tinta, cujo aspeto pode ser muito diferente do de outras tintas existentes no mercado.<\/span><\/p>\n<p><span style=\"font-weight: 400;\"> <strong>Fabricados pela BigStamping, s\u00e3o perfeitos para imprimir em papel, cart\u00e3o<\/strong> e superf\u00edcies absorventes em geral, pelo que <strong>pode fazer milhares de impress\u00f5es com apenas um frasco de tinta.<\/strong><\/span><\/p>\n[acordeon_personalizado]<\/p>\n<p>[pestana_acordeon_personalizado titulo=\"Recomenda\u00e7\u00f5es de utiliza\u00e7\u00e3o\"]<\/p>\n<p><span style=\"font-weight: 400;\">As impress\u00f5es em papel ou cart\u00e3o com estas tintas secam ao toque entre 30 minutos e 24 horas, dependendo do grau de porosidade e absor\u00e7\u00e3o do material de impress\u00e3o e das condi\u00e7\u00f5es ambientais (humidade, temperatura, etc.).<\/span><\/p>\n<p><span style=\"font-weight: 400;\">Estas tintas foram concebidas para utiliza\u00e7\u00e3o em <strong>carimbos de borracha BigStamping<\/strong> e s\u00e3o aplicadas diretamente com o rolo sobre o carimbo para posterior estampagem. <strong>As tintas de cores diferentes podem ser misturadas para obter uma variedade de tonalidades.<\/strong><\/span><\/p>\n<p><strong>N\u00e3o s\u00e3o adequadas para tecidos<\/strong><\/p>\n<p>Pode encontrar mais dicas e recomenda\u00e7\u00f5es de utiliza\u00e7\u00e3o na sec\u00e7\u00e3o <a href=\"https:\/\/www.bigstamping.com\/consejos\/\"> \u201cConselhos\u201d<\/a> do nosso s\u00edtio Web.<\/p>\n<p>[\/pestana_acordeon_personalizado]<\/p>\n<p>[pestana_acordeon_personalizado titulo=\"Outras caracter\u00edsticas\"]<\/p>\n<p><span style=\"font-weight: 400;\">Acabamento: Suave ao toque. Matt e muito cobertura<\/span><\/p>\n<hr \/>\n<p>Peso: 300 gramas.<\/p>\n<hr \/>\n<p>Recomendado para: todos os tipos de carimbos<\/p>\n<hr \/>\n<p>Materiais: Papel, cart\u00e3o, madeira e superf\u00edcies absorventes. N\u00e3o s\u00e3o adequadas para tecidos<\/p>\n<p>Limpar as juntas imediatamente ap\u00f3s a utiliza\u00e7\u00e3o com \u00e1gua e sab\u00e3o. Seque-os bem e guarde-os num local fresco e seco, ao abrigo da luz natural.<\/p>\n<p>Esta tinta \u00e9 amiga do ambiente e n\u00e3o cont\u00e9m plastis\u00f3is.<\/p>\n<p>[\/pestana_acordeon_personalizado]<\/p>\n<p>[pestana_acordeon_personalizado titulo=\"Como posso encomendar?\"]<\/p>\n<p>Para encomendar este produto, basta escolher a cor em que est\u00e1 interessado, o n\u00famero de unidades que pretende e, em seguida, clicar no bot\u00e3o \u201cAdicionar ao carrinho\u201d. <strong>Os kits BigStamping<\/strong> incluem uma tinta \u00e0 escolha, incluindo estas garrafas de <strong>tinta para papel e cart\u00e3o.<\/strong> Se necessitar de outras unidades ou cores para al\u00e9m da que escolheu no kit (lembre-se de que tamb\u00e9m pode escolher tinta t\u00eaxtil), pode encomendar as unidades e cores que pretende aqui. \ud83d\ude09<\/p>\n<p><strong>\u00b7 M\u00e9todos de pagamento aceites: Cart\u00f5es de d\u00e9bito\/cr\u00e9dito e Paypal.<\/strong><\/p>\n<p>[\/pestana_acordeon_personalizado]<\/p>\n<p>[pestana_acordeon_personalizado titulo=\"Prazos de entrega e custos de envio\"]<\/p>\n<p>Enviamos para todos os pa\u00edses da Comunidade Econ\u00f3mica Europeia. Tamb\u00e9m enviamos para os Estados Unidos, Reino Unido, Turquia, Su\u00ed\u00e7a, Canad\u00e1, Austr\u00e1lia, Chile, Emirados \u00c1rabes Unidos e Jap\u00e3o.<\/p>\n<p><strong>Prazos de entrega<\/strong><\/p>\n<p>A partir do momento em que efectua a sua encomenda, e se n\u00e3o houver problemas com o desenho, a sua encomenda demorar\u00e1 cerca de <strong>7 a 15 dias \u00fateis a ser entregue<\/strong>.<\/p>\n<p><span style=\"text-decoration: underline;\"><strong>*NOTA:<\/strong><\/span> N\u00e3o nos responsabilizamos por eventuais atrasos causados por empresas de transporte ou entidades de controlo.<\/p>\n<p><strong>Custo das transfer\u00eancias<\/strong><\/p>\n<p>O custo do envio \u00e9 calculado automaticamente pelo s\u00edtio Web em fun\u00e7\u00e3o do pa\u00eds e dos artigos adicionados ao carrinho.<\/p>\n<p>Pode obter transporte gratuito a partir de 100 euros, dependendo do destino da entrega Para obter informa\u00e7\u00f5es mais pormenorizadas sobre os custos de envio e os montantes necess\u00e1rios para a entrega gratuita, <a href=\"https:\/\/www.bigstamping.com\/pt-pt\/faq\/\">consulte a sec\u00e7\u00e3o FAQ<\/a> e verifique as condi\u00e7\u00f5es aplic\u00e1veis ao seu endere\u00e7o.<\/p>\n<p>[\/pestana_acordeon_personalizado]<\/p>\n<p>[\/acordeon_personalizado]\n","protected":false},"featured_media":21082,"template":"","meta":{"_acf_changed":false,"_genesis_hide_title":false,"_genesis_hide_breadcrumbs":false,"_genesis_hide_singular_image":false,"_genesis_hide_footer_widgets":false,"_genesis_custom_body_class":"","_genesis_custom_post_class":"","_genesis_layout":""},"product_brand":[],"product_cat":[262],"product_tag":[],"class_list":{"0":"post-17870","1":"product","2":"type-product","3":"status-publish","4":"has-post-thumbnail","6":"product_cat-acessorios","7":"product_shipping_class-clase-1-pt-pt","8":"entry","10":"first","11":"instock","12":"taxable","13":"shipping-taxable","14":"purchasable","15":"product-type-variable"},"acf":[],"yoast_head":"<!-- This site is optimized with the Yoast SEO plugin v26.7 - https:\/\/yoast.com\/wordpress\/plugins\/seo\/ -->\n<title>Tintas flexogr\u00e1ficas para papel, cart\u00e3o e madeira - BigStamping<\/title>\n<meta name=\"description\" content=\"Tintas especiais para utiliza\u00e7\u00e3o em papel, cart\u00e3o e materiais similares Temos-os em v\u00e1rias cores e s\u00e3o testados com os carimbos BigStamping.\" \/>\n<meta name=\"robots\" content=\"index, follow, max-snippet:-1, max-image-preview:large, max-video-preview:-1\" \/>\n<link rel=\"canonical\" href=\"https:\/\/www.bigstamping.com\/pt-pt\/producto\/tintas-flexograficas-papel-2\/\" \/>\n<meta property=\"og:locale\" content=\"pt_PT\" \/>\n<meta property=\"og:type\" content=\"article\" \/>\n<meta property=\"og:title\" content=\"Tintas flexogr\u00e1ficas para papel, cart\u00e3o e madeira - BigStamping\" \/>\n<meta property=\"og:description\" content=\"Tintas especiais para utiliza\u00e7\u00e3o em papel, cart\u00e3o e materiais similares Temos-os em v\u00e1rias cores e s\u00e3o testados com os carimbos BigStamping.\" \/>\n<meta property=\"og:url\" content=\"https:\/\/www.bigstamping.com\/pt-pt\/producto\/tintas-flexograficas-papel-2\/\" \/>\n<meta property=\"og:site_name\" content=\"BigStamping\" \/>\n<meta property=\"article:publisher\" content=\"https:\/\/www.facebook.com\/Bigstamping-241206903231462\/\" \/>\n<meta property=\"article:modified_time\" content=\"2025-02-05T10:42:05+00:00\" \/>\n<meta property=\"og:image\" content=\"https:\/\/www.bigstamping.com\/wp-content\/uploads\/2020\/08\/Bote-pintura_7047_copia.png\" \/>\n\t<meta property=\"og:image:width\" content=\"1500\" \/>\n\t<meta property=\"og:image:height\" content=\"1500\" \/>\n\t<meta property=\"og:image:type\" content=\"image\/png\" \/>\n<meta name=\"twitter:card\" content=\"summary_large_image\" \/>\n<meta name=\"twitter:site\" content=\"@Bigstamping\" \/>\n<meta name=\"twitter:label1\" content=\"Tempo estimado de leitura\" \/>\n\t<meta name=\"twitter:data1\" content=\"1 minuto\" \/>\n<script type=\"application\/ld+json\" class=\"yoast-schema-graph\">{\"@context\":\"https:\/\/schema.org\",\"@graph\":[{\"@type\":\"WebPage\",\"@id\":\"https:\/\/www.bigstamping.com\/pt-pt\/producto\/tintas-flexograficas-papel-2\/\",\"url\":\"https:\/\/www.bigstamping.com\/pt-pt\/producto\/tintas-flexograficas-papel-2\/\",\"name\":\"Tintas flexogr\u00e1ficas para papel, cart\u00e3o e madeira - BigStamping\",\"isPartOf\":{\"@id\":\"https:\/\/www.bigstamping.com\/#website\"},\"primaryImageOfPage\":{\"@id\":\"https:\/\/www.bigstamping.com\/pt-pt\/producto\/tintas-flexograficas-papel-2\/#primaryimage\"},\"image\":{\"@id\":\"https:\/\/www.bigstamping.com\/pt-pt\/producto\/tintas-flexograficas-papel-2\/#primaryimage\"},\"thumbnailUrl\":\"https:\/\/www.bigstamping.com\/wp-content\/uploads\/2020\/08\/Bote-pintura_7047_copia.png\",\"datePublished\":\"2020-08-27T12:09:32+00:00\",\"dateModified\":\"2025-02-05T10:42:05+00:00\",\"description\":\"Tintas especiais para utiliza\u00e7\u00e3o em papel, cart\u00e3o e materiais similares Temos-os em v\u00e1rias cores e s\u00e3o testados com os carimbos BigStamping.\",\"breadcrumb\":{\"@id\":\"https:\/\/www.bigstamping.com\/pt-pt\/producto\/tintas-flexograficas-papel-2\/#breadcrumb\"},\"inLanguage\":\"pt-PT\",\"potentialAction\":[{\"@type\":\"ReadAction\",\"target\":[\"https:\/\/www.bigstamping.com\/pt-pt\/producto\/tintas-flexograficas-papel-2\/\"]}]},{\"@type\":\"ImageObject\",\"inLanguage\":\"pt-PT\",\"@id\":\"https:\/\/www.bigstamping.com\/pt-pt\/producto\/tintas-flexograficas-papel-2\/#primaryimage\",\"url\":\"https:\/\/www.bigstamping.com\/wp-content\/uploads\/2020\/08\/Bote-pintura_7047_copia.png\",\"contentUrl\":\"https:\/\/www.bigstamping.com\/wp-content\/uploads\/2020\/08\/Bote-pintura_7047_copia.png\",\"width\":1500,\"height\":1500,\"caption\":\"Bote pintura papel Big Stamping\"},{\"@type\":\"BreadcrumbList\",\"@id\":\"https:\/\/www.bigstamping.com\/pt-pt\/producto\/tintas-flexograficas-papel-2\/#breadcrumb\",\"itemListElement\":[{\"@type\":\"ListItem\",\"position\":1,\"name\":\"Portada\",\"item\":\"https:\/\/www.bigstamping.com\/en\/\"},{\"@type\":\"ListItem\",\"position\":2,\"name\":\"Tintas flexogr\u00e1ficas para papel, cart\u00e3o e madeira\"}]},{\"@type\":\"WebSite\",\"@id\":\"https:\/\/www.bigstamping.com\/#website\",\"url\":\"https:\/\/www.bigstamping.com\/\",\"name\":\"BigStamping\",\"description\":\"Sellos de gran tama\u00f1o para stampear\",\"publisher\":{\"@id\":\"https:\/\/www.bigstamping.com\/#organization\"},\"potentialAction\":[{\"@type\":\"SearchAction\",\"target\":{\"@type\":\"EntryPoint\",\"urlTemplate\":\"https:\/\/www.bigstamping.com\/?s={search_term_string}\"},\"query-input\":{\"@type\":\"PropertyValueSpecification\",\"valueRequired\":true,\"valueName\":\"search_term_string\"}}],\"inLanguage\":\"pt-PT\"},{\"@type\":\"Organization\",\"@id\":\"https:\/\/www.bigstamping.com\/#organization\",\"name\":\"BigStamping\",\"url\":\"https:\/\/www.bigstamping.com\/\",\"logo\":{\"@type\":\"ImageObject\",\"inLanguage\":\"pt-PT\",\"@id\":\"https:\/\/www.bigstamping.com\/#\/schema\/logo\/image\/\",\"url\":\"https:\/\/www.bigstamping.com\/wp-content\/uploads\/2018\/12\/big-stamper-amarillo.jpg\",\"contentUrl\":\"https:\/\/www.bigstamping.com\/wp-content\/uploads\/2018\/12\/big-stamper-amarillo.jpg\",\"width\":293,\"height\":300,\"caption\":\"BigStamping\"},\"image\":{\"@id\":\"https:\/\/www.bigstamping.com\/#\/schema\/logo\/image\/\"},\"sameAs\":[\"https:\/\/www.facebook.com\/Bigstamping-241206903231462\/\",\"https:\/\/x.com\/Bigstamping\",\"https:\/\/www.instagram.com\/bigstamping\/\",\"https:\/\/www.youtube.com\/channel\/UC_l3jNsBYYC-Ds9pzcZy_Vg\"]}]}<\/script>\n<!-- \/ Yoast SEO plugin. -->","yoast_head_json":{"title":"Tintas flexogr\u00e1ficas para papel, cart\u00e3o e madeira - BigStamping","description":"Tintas especiais para utiliza\u00e7\u00e3o em papel, cart\u00e3o e materiais similares Temos-os em v\u00e1rias cores e s\u00e3o testados com os carimbos BigStamping.","robots":{"index":"index","follow":"follow","max-snippet":"max-snippet:-1","max-image-preview":"max-image-preview:large","max-video-preview":"max-video-preview:-1"},"canonical":"https:\/\/www.bigstamping.com\/pt-pt\/producto\/tintas-flexograficas-papel-2\/","og_locale":"pt_PT","og_type":"article","og_title":"Tintas flexogr\u00e1ficas para papel, cart\u00e3o e madeira - BigStamping","og_description":"Tintas especiais para utiliza\u00e7\u00e3o em papel, cart\u00e3o e materiais similares Temos-os em v\u00e1rias cores e s\u00e3o testados com os carimbos BigStamping.","og_url":"https:\/\/www.bigstamping.com\/pt-pt\/producto\/tintas-flexograficas-papel-2\/","og_site_name":"BigStamping","article_publisher":"https:\/\/www.facebook.com\/Bigstamping-241206903231462\/","article_modified_time":"2025-02-05T10:42:05+00:00","og_image":[{"width":1500,"height":1500,"url":"https:\/\/www.bigstamping.com\/wp-content\/uploads\/2020\/08\/Bote-pintura_7047_copia.png","type":"image\/png"}],"twitter_card":"summary_large_image","twitter_site":"@Bigstamping","twitter_misc":{"Tempo estimado de leitura":"1 minuto"},"schema":{"@context":"https:\/\/schema.org","@graph":[{"@type":"WebPage","@id":"https:\/\/www.bigstamping.com\/pt-pt\/producto\/tintas-flexograficas-papel-2\/","url":"https:\/\/www.bigstamping.com\/pt-pt\/producto\/tintas-flexograficas-papel-2\/","name":"Tintas flexogr\u00e1ficas para papel, cart\u00e3o e madeira - BigStamping","isPartOf":{"@id":"https:\/\/www.bigstamping.com\/#website"},"primaryImageOfPage":{"@id":"https:\/\/www.bigstamping.com\/pt-pt\/producto\/tintas-flexograficas-papel-2\/#primaryimage"},"image":{"@id":"https:\/\/www.bigstamping.com\/pt-pt\/producto\/tintas-flexograficas-papel-2\/#primaryimage"},"thumbnailUrl":"https:\/\/www.bigstamping.com\/wp-content\/uploads\/2020\/08\/Bote-pintura_7047_copia.png","datePublished":"2020-08-27T12:09:32+00:00","dateModified":"2025-02-05T10:42:05+00:00","description":"Tintas especiais para utiliza\u00e7\u00e3o em papel, cart\u00e3o e materiais similares Temos-os em v\u00e1rias cores e s\u00e3o testados com os carimbos BigStamping.","breadcrumb":{"@id":"https:\/\/www.bigstamping.com\/pt-pt\/producto\/tintas-flexograficas-papel-2\/#breadcrumb"},"inLanguage":"pt-PT","potentialAction":[{"@type":"ReadAction","target":["https:\/\/www.bigstamping.com\/pt-pt\/producto\/tintas-flexograficas-papel-2\/"]}]},{"@type":"ImageObject","inLanguage":"pt-PT","@id":"https:\/\/www.bigstamping.com\/pt-pt\/producto\/tintas-flexograficas-papel-2\/#primaryimage","url":"https:\/\/www.bigstamping.com\/wp-content\/uploads\/2020\/08\/Bote-pintura_7047_copia.png","contentUrl":"https:\/\/www.bigstamping.com\/wp-content\/uploads\/2020\/08\/Bote-pintura_7047_copia.png","width":1500,"height":1500,"caption":"Bote pintura papel Big Stamping"},{"@type":"BreadcrumbList","@id":"https:\/\/www.bigstamping.com\/pt-pt\/producto\/tintas-flexograficas-papel-2\/#breadcrumb","itemListElement":[{"@type":"ListItem","position":1,"name":"Portada","item":"https:\/\/www.bigstamping.com\/en\/"},{"@type":"ListItem","position":2,"name":"Tintas flexogr\u00e1ficas para papel, cart\u00e3o e madeira"}]},{"@type":"WebSite","@id":"https:\/\/www.bigstamping.com\/#website","url":"https:\/\/www.bigstamping.com\/","name":"BigStamping","description":"Sellos de gran tama\u00f1o para stampear","publisher":{"@id":"https:\/\/www.bigstamping.com\/#organization"},"potentialAction":[{"@type":"SearchAction","target":{"@type":"EntryPoint","urlTemplate":"https:\/\/www.bigstamping.com\/?s={search_term_string}"},"query-input":{"@type":"PropertyValueSpecification","valueRequired":true,"valueName":"search_term_string"}}],"inLanguage":"pt-PT"},{"@type":"Organization","@id":"https:\/\/www.bigstamping.com\/#organization","name":"BigStamping","url":"https:\/\/www.bigstamping.com\/","logo":{"@type":"ImageObject","inLanguage":"pt-PT","@id":"https:\/\/www.bigstamping.com\/#\/schema\/logo\/image\/","url":"https:\/\/www.bigstamping.com\/wp-content\/uploads\/2018\/12\/big-stamper-amarillo.jpg","contentUrl":"https:\/\/www.bigstamping.com\/wp-content\/uploads\/2018\/12\/big-stamper-amarillo.jpg","width":293,"height":300,"caption":"BigStamping"},"image":{"@id":"https:\/\/www.bigstamping.com\/#\/schema\/logo\/image\/"},"sameAs":["https:\/\/www.facebook.com\/Bigstamping-241206903231462\/","https:\/\/x.com\/Bigstamping","https:\/\/www.instagram.com\/bigstamping\/","https:\/\/www.youtube.com\/channel\/UC_l3jNsBYYC-Ds9pzcZy_Vg"]}]}},"_links":{"self":[{"href":"https:\/\/www.bigstamping.com\/pt-pt\/wp-json\/wp\/v2\/product\/17870","targetHints":{"allow":["GET"]}}],"collection":[{"href":"https:\/\/www.bigstamping.com\/pt-pt\/wp-json\/wp\/v2\/product"}],"about":[{"href":"https:\/\/www.bigstamping.com\/pt-pt\/wp-json\/wp\/v2\/types\/product"}],"version-history":[{"count":0,"href":"https:\/\/www.bigstamping.com\/pt-pt\/wp-json\/wp\/v2\/product\/17870\/revisions"}],"wp:featuredmedia":[{"embeddable":true,"href":"https:\/\/www.bigstamping.com\/pt-pt\/wp-json\/wp\/v2\/media\/21082"}],"wp:attachment":[{"href":"https:\/\/www.bigstamping.com\/pt-pt\/wp-json\/wp\/v2\/media?parent=17870"}],"wp:term":[{"taxonomy":"product_brand","embeddable":true,"href":"https:\/\/www.bigstamping.com\/pt-pt\/wp-json\/wp\/v2\/product_brand?post=17870"},{"taxonomy":"product_cat","embeddable":true,"href":"https:\/\/www.bigstamping.com\/pt-pt\/wp-json\/wp\/v2\/product_cat?post=17870"},{"taxonomy":"product_tag","embeddable":true,"href":"https:\/\/www.bigstamping.com\/pt-pt\/wp-json\/wp\/v2\/product_tag?post=17870"}],"curies":[{"name":"wp","href":"https:\/\/api.w.org\/{rel}","templated":true}]}}