{"id":17933,"date":"2020-08-19T17:21:08","date_gmt":"2020-08-27T12:34:06","guid":{"rendered":"https:\/\/www.bigstamping.com\/producto\/tinta-xilogravura-textil\/"},"modified":"2024-08-07T10:50:22","modified_gmt":"2024-08-07T09:50:22","slug":"tintas-xilogravura-textil","status":"publish","type":"product","link":"https:\/\/www.bigstamping.com\/pt-pt\/producto\/tintas-xilogravura-textil\/","title":{"rendered":"TINTA XILOGRAVURA T\u00caXTIL"},"content":{"rendered":"<p><span style=\"font-weight: 400;\">Acabamento: Suave ao toque. Opaco e com cobertura que resulta em cores vivas.<\/span><\/p>\n<hr \/>\n<p><span style=\"font-weight: 400;\">Tamanho: 75 ml<\/span><\/p>\n<hr \/>\n<p><span style=\"font-weight: 400;\">Peso: 100 gramas.<\/span><\/p>\n<hr \/>\n<p><span style=\"font-weight: 400;\">Recomendado para: Todos os tipos de selos. <\/span><\/p>\n<hr \/>\n<p><span style=\"font-weight: 400;\">Materiais: Tecidos, excepto nylon. Papel e cart\u00e3o.<\/span><\/p>\n","protected":false},"excerpt":{"rendered":"<p><span style=\"font-weight: 400;\"><strong>A tinta para xilogravura Speedball 75 ml<\/strong> \u00e9 especialmente adequada para superf\u00edcies t\u00eaxteis (por exemplo, algod\u00e3o, linho, lycra ou rayon). Tamb\u00e9m pode ser utilizada em papel e cart\u00e3o, mas o n\u00famero de impress\u00f5es ser\u00e1 inferior ao da nossa <a href=\"https:\/\/www.bigstamping.com\/producto\/tintas-flexograficas-papel\/\">tinta BigStamping para papel e cart\u00e3o.<\/a> <\/span><\/p>\n<p><span style=\"font-weight: 400;\"><strong>A tinta para tecido Speedball seca \u00e0 temperatura ambiente em cerca de 48 horas. N\u00e3o lavar durante 7 dias. Lavar a baixa temperatura e n\u00e3o secar na m\u00e1quina. Resiste a mais de 100 lavagens!<\/strong><\/span><\/p>\n<p><span style=\"font-weight: 400;\">Foram especialmente concebidos para serem utilizados nos carimbos de borracha de grandes dimens\u00f5es da <strong>BigStamping<\/strong>. A tinta \u00e9 aplicada diretamente com o rolo sobre o carimbo para posterior estampagem.<\/span><\/p>\n[acordeon_personalizado]<\/p>\n<p>[pestana_acordeon_personalizado titulo=\"Recomenda\u00e7\u00f5es de utiliza\u00e7\u00e3o\"]<\/p>\n<p>\u00c9 essencial evitar dobras antes de imprimir, raz\u00e3o pela qual oferecemos o nosso tensor de T-shirt. Recomenda-se a coloca\u00e7\u00e3o de uma nova gota de tinta no acetato para cada impress\u00e3o. Premir e manter premido durante 3 a 4 segundos, levantar o selo suavemente. O tempo de secagem recomendado pelo fabricante \u00e9 de 48 horas e n\u00e3o \u00e9 recomend\u00e1vel lavar a pe\u00e7a de vestu\u00e1rio estampada 7 dias depois.<\/p>\n<p>Lavar a baixa temperatura e n\u00e3o secar na m\u00e1quina de secar roupa.<\/p>\n<p>Em tecidos muito escuros, para garantir um resultado de impress\u00e3o \u00f3timo, utilize <strong>as nossas tintas branco \/ branco ou turquesa. S\u00e3o os que mais cobrem.<\/strong> Se tiveres alguma d\u00favida, por favor, <strong>contacta-nos<\/strong>.<\/p>\n<p>Limpe os carimbos imediatamente ap\u00f3s o uso com \u00e1gua e sab\u00e3o. Seque-os bem e guarde-os em local fresco e seco, longe da luz natural. Armazenar em superf\u00edcie plana para que o relevo n\u00e3o deforme.<\/p>\n<p><strong>Tecidos n\u00e3o recomendados:<\/strong> Nylon e outros tecidos pl\u00e1sticos n\u00e3o absorventes.<\/p>\n<p>[\/pestana_acordeon_personalizado]<\/p>\n<p>[pestana_acordeon_personalizado titulo=\"Outras caracter\u00edsticas\"]<\/p>\n<p><span style=\"font-weight: 400;\">Acabamento: Suave ao toque. Opaco e com cobertura que resulta em cores vivas.<\/span><\/p>\n<hr \/>\n<p><span style=\"font-weight: 400;\">Tamanho: 75 ml<\/span><\/p>\n<hr \/>\n<p><span style=\"font-weight: 400;\">Peso: 100 gramas.<\/span><\/p>\n<hr \/>\n<p><span style=\"font-weight: 400;\">Recomendado para: Todos os tipos de carimbos.<\/span><\/p>\n<hr \/>\n<p>&nbsp;<\/p>\n<p>Tinta ecol\u00f3gica. N\u00e3o cont\u00e9m plastis\u00f3is.<\/p>\n<p>[\/pestana_acordeon_personalizado]<\/p>\n<p>[pestana_acordeon_personalizado titulo=\"Como posso encomendar?\"]<\/p>\n<p>Para encomendar este produto, basta escolher a cor em que est\u00e1 interessado, o n\u00famero de unidades que pretende e, em seguida, clicar no bot\u00e3o \u201cAdicionar ao carrinho\u201d. <strong>Os kits BigStamping<\/strong> incluem uma tinta \u00e0 escolha, incluindo estas garrafas de <strong>Tinta t\u00eaxtil Speedball.<\/strong> Se necessitar de outras unidades ou cores para al\u00e9m da que escolheu no kit (lembre-se de que tamb\u00e9m pode escolher tinta para papel e cart\u00e3o), pode encomendar as unidades e cores que pretende aqui. \ud83d\ude09<\/p>\n<p><strong>\u00b7 M\u00e9todos de pagamento aceites: Cart\u00f5es de d\u00e9bito\/cr\u00e9dito e Paypal.<\/strong><\/p>\n<p>[\/pestana_acordeon_personalizado]<\/p>\n<p>[pestana_acordeon_personalizado titulo=\"Prazos de entrega e custos de envio\"]<\/p>\n<p>Enviamos para todos os pa\u00edses da Comunidade Econ\u00f3mica Europeia. Tamb\u00e9m enviamos para os Estados Unidos, Reino Unido, Turquia, Su\u00ed\u00e7a, Canad\u00e1, Austr\u00e1lia, Chile, Emirados \u00c1rabes Unidos e Jap\u00e3o.<\/p>\n<p><strong>Prazos de entrega<\/strong><\/p>\n<p>A partir do momento em que efectua a sua encomenda, e se n\u00e3o houver problemas com o desenho, a sua encomenda demorar\u00e1 cerca de <strong>7 a 15 dias \u00fateis a ser entregue<\/strong>.<\/p>\n<p><span style=\"text-decoration: underline;\"><strong>*NOTA:<\/strong><\/span> N\u00e3o nos responsabilizamos por eventuais atrasos causados por empresas de transporte ou entidades de controlo.<\/p>\n<p><strong>Custo das transfer\u00eancias<\/strong><\/p>\n<p>O custo do envio \u00e9 calculado automaticamente pelo s\u00edtio Web em fun\u00e7\u00e3o do pa\u00eds e dos artigos adicionados ao carrinho.<\/p>\n<p>Pode obter transporte gratuito a partir de 100 euros, dependendo do destino da entrega Para obter informa\u00e7\u00f5es mais pormenorizadas sobre os custos de envio e os montantes necess\u00e1rios para a entrega gratuita, <a href=\"https:\/\/www.bigstamping.com\/pt-pt\/faq\/\">consulte a sec\u00e7\u00e3o FAQ<\/a> e verifique as condi\u00e7\u00f5es aplic\u00e1veis ao seu endere\u00e7o.<\/p>\n<p>[\/pestana_acordeon_personalizado]<\/p>\n<p>[\/acordeon_personalizado]\n","protected":false},"featured_media":17934,"template":"","meta":{"_acf_changed":false,"_genesis_hide_title":false,"_genesis_hide_breadcrumbs":false,"_genesis_hide_singular_image":false,"_genesis_hide_footer_widgets":false,"_genesis_custom_body_class":"","_genesis_custom_post_class":"","_genesis_layout":""},"product_brand":[],"product_cat":[262],"product_tag":[],"class_list":{"0":"post-17933","1":"product","2":"type-product","3":"status-publish","4":"has-post-thumbnail","6":"product_cat-acessorios","7":"product_shipping_class-clase-1-pt-pt","8":"entry","10":"first","11":"instock","12":"taxable","13":"shipping-taxable","14":"purchasable","15":"product-type-variable"},"acf":[],"yoast_head":"<!-- This site is optimized with the Yoast SEO plugin v26.7 - https:\/\/yoast.com\/wordpress\/plugins\/seo\/ -->\n<title>TINTA XILOGRAVURA T\u00caXTIL - BigStamping<\/title>\n<meta name=\"description\" content=\"Tintas especiais para utiliza\u00e7\u00e3o de BigStamping em materiais t\u00eaxteis. Eles garantem mais de 100 lavagens nas condi\u00e7\u00f5es que recomendamos.\" \/>\n<meta name=\"robots\" content=\"index, follow, max-snippet:-1, max-image-preview:large, max-video-preview:-1\" \/>\n<link rel=\"canonical\" href=\"https:\/\/www.bigstamping.com\/pt-pt\/producto\/tintas-xilogravura-textil\/\" \/>\n<meta property=\"og:locale\" content=\"pt_PT\" \/>\n<meta property=\"og:type\" content=\"article\" \/>\n<meta property=\"og:title\" content=\"TINTA XILOGRAVURA T\u00caXTIL - BigStamping\" \/>\n<meta property=\"og:description\" content=\"Tintas especiais para utiliza\u00e7\u00e3o de BigStamping em materiais t\u00eaxteis. Eles garantem mais de 100 lavagens nas condi\u00e7\u00f5es que recomendamos.\" \/>\n<meta property=\"og:url\" content=\"https:\/\/www.bigstamping.com\/pt-pt\/producto\/tintas-xilogravura-textil\/\" \/>\n<meta property=\"og:site_name\" content=\"BigStamping\" \/>\n<meta property=\"article:publisher\" content=\"https:\/\/www.facebook.com\/Bigstamping-241206903231462\/\" \/>\n<meta property=\"article:modified_time\" content=\"2024-08-07T09:50:22+00:00\" \/>\n<meta property=\"og:image\" content=\"https:\/\/www.bigstamping.com\/wp-content\/uploads\/2018\/12\/SPEEDBALL-NEGRO.png\" \/>\n\t<meta property=\"og:image:width\" content=\"1500\" \/>\n\t<meta property=\"og:image:height\" content=\"1500\" \/>\n\t<meta property=\"og:image:type\" content=\"image\/png\" \/>\n<meta name=\"twitter:card\" content=\"summary_large_image\" \/>\n<meta name=\"twitter:site\" content=\"@Bigstamping\" \/>\n<meta name=\"twitter:label1\" content=\"Tempo estimado de leitura\" \/>\n\t<meta name=\"twitter:data1\" content=\"1 minuto\" \/>\n<script type=\"application\/ld+json\" class=\"yoast-schema-graph\">{\"@context\":\"https:\/\/schema.org\",\"@graph\":[{\"@type\":\"WebPage\",\"@id\":\"https:\/\/www.bigstamping.com\/pt-pt\/producto\/tintas-xilogravura-textil\/\",\"url\":\"https:\/\/www.bigstamping.com\/pt-pt\/producto\/tintas-xilogravura-textil\/\",\"name\":\"TINTA XILOGRAVURA T\u00caXTIL - BigStamping\",\"isPartOf\":{\"@id\":\"https:\/\/www.bigstamping.com\/#website\"},\"primaryImageOfPage\":{\"@id\":\"https:\/\/www.bigstamping.com\/pt-pt\/producto\/tintas-xilogravura-textil\/#primaryimage\"},\"image\":{\"@id\":\"https:\/\/www.bigstamping.com\/pt-pt\/producto\/tintas-xilogravura-textil\/#primaryimage\"},\"thumbnailUrl\":\"https:\/\/www.bigstamping.com\/wp-content\/uploads\/2018\/12\/SPEEDBALL-NEGRO.png\",\"datePublished\":\"2020-08-27T12:34:06+00:00\",\"dateModified\":\"2024-08-07T09:50:22+00:00\",\"description\":\"Tintas especiais para utiliza\u00e7\u00e3o de BigStamping em materiais t\u00eaxteis. Eles garantem mais de 100 lavagens nas condi\u00e7\u00f5es que recomendamos.\",\"breadcrumb\":{\"@id\":\"https:\/\/www.bigstamping.com\/pt-pt\/producto\/tintas-xilogravura-textil\/#breadcrumb\"},\"inLanguage\":\"pt-PT\",\"potentialAction\":[{\"@type\":\"ReadAction\",\"target\":[\"https:\/\/www.bigstamping.com\/pt-pt\/producto\/tintas-xilogravura-textil\/\"]}]},{\"@type\":\"ImageObject\",\"inLanguage\":\"pt-PT\",\"@id\":\"https:\/\/www.bigstamping.com\/pt-pt\/producto\/tintas-xilogravura-textil\/#primaryimage\",\"url\":\"https:\/\/www.bigstamping.com\/wp-content\/uploads\/2018\/12\/SPEEDBALL-NEGRO.png\",\"contentUrl\":\"https:\/\/www.bigstamping.com\/wp-content\/uploads\/2018\/12\/SPEEDBALL-NEGRO.png\",\"width\":1500,\"height\":1500,\"caption\":\"SPEEDBALL PRETO\"},{\"@type\":\"BreadcrumbList\",\"@id\":\"https:\/\/www.bigstamping.com\/pt-pt\/producto\/tintas-xilogravura-textil\/#breadcrumb\",\"itemListElement\":[{\"@type\":\"ListItem\",\"position\":1,\"name\":\"Portada\",\"item\":\"https:\/\/www.bigstamping.com\/en\/\"},{\"@type\":\"ListItem\",\"position\":2,\"name\":\"TINTA XILOGRAVURA T\u00caXTIL\"}]},{\"@type\":\"WebSite\",\"@id\":\"https:\/\/www.bigstamping.com\/#website\",\"url\":\"https:\/\/www.bigstamping.com\/\",\"name\":\"BigStamping\",\"description\":\"Sellos de gran tama\u00f1o para stampear\",\"publisher\":{\"@id\":\"https:\/\/www.bigstamping.com\/#organization\"},\"potentialAction\":[{\"@type\":\"SearchAction\",\"target\":{\"@type\":\"EntryPoint\",\"urlTemplate\":\"https:\/\/www.bigstamping.com\/?s={search_term_string}\"},\"query-input\":{\"@type\":\"PropertyValueSpecification\",\"valueRequired\":true,\"valueName\":\"search_term_string\"}}],\"inLanguage\":\"pt-PT\"},{\"@type\":\"Organization\",\"@id\":\"https:\/\/www.bigstamping.com\/#organization\",\"name\":\"BigStamping\",\"url\":\"https:\/\/www.bigstamping.com\/\",\"logo\":{\"@type\":\"ImageObject\",\"inLanguage\":\"pt-PT\",\"@id\":\"https:\/\/www.bigstamping.com\/#\/schema\/logo\/image\/\",\"url\":\"https:\/\/www.bigstamping.com\/wp-content\/uploads\/2018\/12\/big-stamper-amarillo.jpg\",\"contentUrl\":\"https:\/\/www.bigstamping.com\/wp-content\/uploads\/2018\/12\/big-stamper-amarillo.jpg\",\"width\":293,\"height\":300,\"caption\":\"BigStamping\"},\"image\":{\"@id\":\"https:\/\/www.bigstamping.com\/#\/schema\/logo\/image\/\"},\"sameAs\":[\"https:\/\/www.facebook.com\/Bigstamping-241206903231462\/\",\"https:\/\/x.com\/Bigstamping\",\"https:\/\/www.instagram.com\/bigstamping\/\",\"https:\/\/www.youtube.com\/channel\/UC_l3jNsBYYC-Ds9pzcZy_Vg\"]}]}<\/script>\n<!-- \/ Yoast SEO plugin. -->","yoast_head_json":{"title":"TINTA XILOGRAVURA T\u00caXTIL - BigStamping","description":"Tintas especiais para utiliza\u00e7\u00e3o de BigStamping em materiais t\u00eaxteis. Eles garantem mais de 100 lavagens nas condi\u00e7\u00f5es que recomendamos.","robots":{"index":"index","follow":"follow","max-snippet":"max-snippet:-1","max-image-preview":"max-image-preview:large","max-video-preview":"max-video-preview:-1"},"canonical":"https:\/\/www.bigstamping.com\/pt-pt\/producto\/tintas-xilogravura-textil\/","og_locale":"pt_PT","og_type":"article","og_title":"TINTA XILOGRAVURA T\u00caXTIL - BigStamping","og_description":"Tintas especiais para utiliza\u00e7\u00e3o de BigStamping em materiais t\u00eaxteis. Eles garantem mais de 100 lavagens nas condi\u00e7\u00f5es que recomendamos.","og_url":"https:\/\/www.bigstamping.com\/pt-pt\/producto\/tintas-xilogravura-textil\/","og_site_name":"BigStamping","article_publisher":"https:\/\/www.facebook.com\/Bigstamping-241206903231462\/","article_modified_time":"2024-08-07T09:50:22+00:00","og_image":[{"width":1500,"height":1500,"url":"https:\/\/www.bigstamping.com\/wp-content\/uploads\/2018\/12\/SPEEDBALL-NEGRO.png","type":"image\/png"}],"twitter_card":"summary_large_image","twitter_site":"@Bigstamping","twitter_misc":{"Tempo estimado de leitura":"1 minuto"},"schema":{"@context":"https:\/\/schema.org","@graph":[{"@type":"WebPage","@id":"https:\/\/www.bigstamping.com\/pt-pt\/producto\/tintas-xilogravura-textil\/","url":"https:\/\/www.bigstamping.com\/pt-pt\/producto\/tintas-xilogravura-textil\/","name":"TINTA XILOGRAVURA T\u00caXTIL - BigStamping","isPartOf":{"@id":"https:\/\/www.bigstamping.com\/#website"},"primaryImageOfPage":{"@id":"https:\/\/www.bigstamping.com\/pt-pt\/producto\/tintas-xilogravura-textil\/#primaryimage"},"image":{"@id":"https:\/\/www.bigstamping.com\/pt-pt\/producto\/tintas-xilogravura-textil\/#primaryimage"},"thumbnailUrl":"https:\/\/www.bigstamping.com\/wp-content\/uploads\/2018\/12\/SPEEDBALL-NEGRO.png","datePublished":"2020-08-27T12:34:06+00:00","dateModified":"2024-08-07T09:50:22+00:00","description":"Tintas especiais para utiliza\u00e7\u00e3o de BigStamping em materiais t\u00eaxteis. Eles garantem mais de 100 lavagens nas condi\u00e7\u00f5es que recomendamos.","breadcrumb":{"@id":"https:\/\/www.bigstamping.com\/pt-pt\/producto\/tintas-xilogravura-textil\/#breadcrumb"},"inLanguage":"pt-PT","potentialAction":[{"@type":"ReadAction","target":["https:\/\/www.bigstamping.com\/pt-pt\/producto\/tintas-xilogravura-textil\/"]}]},{"@type":"ImageObject","inLanguage":"pt-PT","@id":"https:\/\/www.bigstamping.com\/pt-pt\/producto\/tintas-xilogravura-textil\/#primaryimage","url":"https:\/\/www.bigstamping.com\/wp-content\/uploads\/2018\/12\/SPEEDBALL-NEGRO.png","contentUrl":"https:\/\/www.bigstamping.com\/wp-content\/uploads\/2018\/12\/SPEEDBALL-NEGRO.png","width":1500,"height":1500,"caption":"SPEEDBALL PRETO"},{"@type":"BreadcrumbList","@id":"https:\/\/www.bigstamping.com\/pt-pt\/producto\/tintas-xilogravura-textil\/#breadcrumb","itemListElement":[{"@type":"ListItem","position":1,"name":"Portada","item":"https:\/\/www.bigstamping.com\/en\/"},{"@type":"ListItem","position":2,"name":"TINTA XILOGRAVURA T\u00caXTIL"}]},{"@type":"WebSite","@id":"https:\/\/www.bigstamping.com\/#website","url":"https:\/\/www.bigstamping.com\/","name":"BigStamping","description":"Sellos de gran tama\u00f1o para stampear","publisher":{"@id":"https:\/\/www.bigstamping.com\/#organization"},"potentialAction":[{"@type":"SearchAction","target":{"@type":"EntryPoint","urlTemplate":"https:\/\/www.bigstamping.com\/?s={search_term_string}"},"query-input":{"@type":"PropertyValueSpecification","valueRequired":true,"valueName":"search_term_string"}}],"inLanguage":"pt-PT"},{"@type":"Organization","@id":"https:\/\/www.bigstamping.com\/#organization","name":"BigStamping","url":"https:\/\/www.bigstamping.com\/","logo":{"@type":"ImageObject","inLanguage":"pt-PT","@id":"https:\/\/www.bigstamping.com\/#\/schema\/logo\/image\/","url":"https:\/\/www.bigstamping.com\/wp-content\/uploads\/2018\/12\/big-stamper-amarillo.jpg","contentUrl":"https:\/\/www.bigstamping.com\/wp-content\/uploads\/2018\/12\/big-stamper-amarillo.jpg","width":293,"height":300,"caption":"BigStamping"},"image":{"@id":"https:\/\/www.bigstamping.com\/#\/schema\/logo\/image\/"},"sameAs":["https:\/\/www.facebook.com\/Bigstamping-241206903231462\/","https:\/\/x.com\/Bigstamping","https:\/\/www.instagram.com\/bigstamping\/","https:\/\/www.youtube.com\/channel\/UC_l3jNsBYYC-Ds9pzcZy_Vg"]}]}},"_links":{"self":[{"href":"https:\/\/www.bigstamping.com\/pt-pt\/wp-json\/wp\/v2\/product\/17933","targetHints":{"allow":["GET"]}}],"collection":[{"href":"https:\/\/www.bigstamping.com\/pt-pt\/wp-json\/wp\/v2\/product"}],"about":[{"href":"https:\/\/www.bigstamping.com\/pt-pt\/wp-json\/wp\/v2\/types\/product"}],"version-history":[{"count":0,"href":"https:\/\/www.bigstamping.com\/pt-pt\/wp-json\/wp\/v2\/product\/17933\/revisions"}],"wp:featuredmedia":[{"embeddable":true,"href":"https:\/\/www.bigstamping.com\/pt-pt\/wp-json\/wp\/v2\/media\/17934"}],"wp:attachment":[{"href":"https:\/\/www.bigstamping.com\/pt-pt\/wp-json\/wp\/v2\/media?parent=17933"}],"wp:term":[{"taxonomy":"product_brand","embeddable":true,"href":"https:\/\/www.bigstamping.com\/pt-pt\/wp-json\/wp\/v2\/product_brand?post=17933"},{"taxonomy":"product_cat","embeddable":true,"href":"https:\/\/www.bigstamping.com\/pt-pt\/wp-json\/wp\/v2\/product_cat?post=17933"},{"taxonomy":"product_tag","embeddable":true,"href":"https:\/\/www.bigstamping.com\/pt-pt\/wp-json\/wp\/v2\/product_tag?post=17933"}],"curies":[{"name":"wp","href":"https:\/\/api.w.org\/{rel}","templated":true}]}}