{"id":18087,"date":"2018-12-05T17:16:39","date_gmt":"2018-12-05T17:16:39","guid":{"rendered":"https:\/\/www.bigstamping.com\/producto\/carimbo-mini-stamp-quadrado\/"},"modified":"2024-06-15T11:20:19","modified_gmt":"2024-06-15T10:20:19","slug":"carimbo-mini-stamp-quadrado","status":"publish","type":"product","link":"https:\/\/www.bigstamping.com\/pt-pt\/producto\/carimbo-mini-stamp-quadrado\/","title":{"rendered":"CARIMBO MINI STAMP QUADRADO"},"content":{"rendered":"<p><span style=\"font-weight: 400;\">Sela: Madeira de pinho, acabamento natural e envernizado<\/span><\/p>\n<hr \/>\n<p><span style=\"font-weight: 400;\">Base: Espuma de 2 mm. <\/span><\/p>\n<hr \/>\n<p><span style=\"font-weight: 400;\">Borracha: feita de resina macia, fotopol\u00edmero l\u00edquido, 6mm de altura.<\/span><\/p>\n<hr \/>\n<p><span style=\"font-weight: 400;\">Dimens\u00f5es: 4,5 x 4,5 x 7 cm<\/span><\/p>\n<hr \/>\n<p><span style=\"font-weight: 400;\">Peso: 45 gramas.<\/span><\/p>\n<hr \/>\n<p><span style=\"font-weight: 400;\">Armazenamento: Manter afastado do calor e do sol. Lavar ap\u00f3s cada utiliza\u00e7\u00e3o com \u00e1gua corrente e secar com um pano.<\/span><\/p>\n<hr \/>\n<p><span style=\"font-weight: 400;\">Recomendado para: todos os tipos de cria\u00e7\u00f5es, especialmente as de formato pequeno. Estes carimbos podem ser facilmente tintados com uma almofada de tinta tradicional.<\/span><\/p>\n<hr \/>\n<p>Refer\u00eancia: BS-M02<\/p>\n","protected":false},"excerpt":{"rendered":"<p><strong>O Mini Stamp Square \u00e9 um carimbo de borracha com uma base de 4,5&#215;4,5 cm (1,77&#215;1,77 in) e um suporte de madeira com pega ergon\u00f3mica. <\/strong><\/p>\n<p><span style=\"font-weight: 400;\">Tal como os seus irm\u00e3os mais velhos, <strong>estes \u201cmini-carimbos\u201d BigStamping<\/strong> s\u00e3o feitos de resina de alta qualidade, o que lhes permite carimbar facilmente em todos os tipos de superf\u00edcies absorventes.<\/span><\/p>\n[acordeon_personalizado]<\/p>\n<p>[pestana_acordeon_personalizado titulo=\"Utiliza\u00e7\u00f5es recomendadas\"]<\/p>\n<p><span style=\"font-weight: 400;\">Devido ao seu tamanho, <strong>os carimbos Mini Stamps BigStamping s\u00e3o adequados para carimbar pequenas superf\u00edcies,<\/strong> <strong>recomendamos a sua utiliza\u00e7\u00e3o para artigos de papelaria em geral, tais como convites, envelopes, cart\u00f5es e papel de embrulho. \u00c9 claro que pode utiliz\u00e1-lo para todas as aplica\u00e7\u00f5es que possa imaginar, mas sempre em tamanho mini.<\/strong><\/span><\/p>\n<p>E lembrem-se! Dispomos de uma <strong>gama especial de tintas para mini-carimbos<\/strong>: <a href=\"https:\/\/www.bigstamping.com\/producto\/tinta-textil-para-ministamps\/\">tinta t\u00eaxtil<\/a>, <a href=\"https:\/\/www.bigstamping.com\/producto\/tinta-multisuperficie-de-secado-rapido\/\">tinta multi-superf\u00edcies de secagem r\u00e1pida<\/a> e t<a href=\"https:\/\/www.bigstamping.com\/producto\/tinta-para-superficies-porosas\/\">inta para superf\u00edcies porosas<\/a> (papel, cart\u00e3o, madeira, etc.).<\/p>\n<p><span style=\"font-weight: 400;\">Com o <strong>Mini Stamp Quadrado<\/strong> pode deixar a sua marca em qualquer lugar que possa imaginar e pode lev\u00e1-lo sempre consigo, o seu tamanho torna-o poss\u00edvel. <strong>Mostre a sua marca em tamanho mini, mas com a qualidade gigante do BigStamping! \ud83d\ude09<\/strong><\/span><\/p>\n<p>[\/pestana_acordeon_personalizado]<\/p>\n<p>[pestana_acordeon_personalizado titulo=\"Como posso encomendar?\"]<\/p>\n<p>Depois de escolher o <strong>seu carimbo BigStamping ou mini carimbo e entrar na sua p\u00e1gina correspondente,<\/strong> ap\u00f3s a descri\u00e7\u00e3o e os detalhes, encontrar\u00e1 uma \u00e1rea \/ bot\u00e3o para adicionar o ficheiro que cont\u00e9m o seu desenho. Acrescente-o aqui!<\/p>\n<p>Se a tiver em formato vetorial, trabalharemos melhor com ela, mas se n\u00e3o a tiver, envie-nos no formato de imagem de melhor qualidade que tiver.<\/p>\n<p>Se tivermos algum problema ou d\u00favida com o seu desenho, n\u00e3o se preocupe, entraremos em contacto consigo! No final da sua compra, existe uma sec\u00e7\u00e3o \u201cNOTAS\u201d onde pode deixar qualquer indica\u00e7\u00e3o ou coment\u00e1rio sobre a sua encomenda: desenho, tamanho final do desenho, se deseja ver um esbo\u00e7o pr\u00e9vio, etc&#8230;<\/p>\n<p><strong>\u00b7 M\u00e9todos de pagamento aceites: Cart\u00f5es de d\u00e9bito\/cr\u00e9dito e Paypal.<\/strong><\/p>\n<p>[\/pestana_acordeon_personalizado]<\/p>\n<p>[pestana_acordeon_personalizado titulo=\"Tipos de ficheiros suportados\"]<\/p>\n<p><strong>Os tipos de ficheiros suportados para criar os seus carimbos grandes s\u00e3o: svg, tiff, eps, ai, jpg, psd, pdf, jpeg, png, cdr, tif, etc.<\/strong><\/p>\n<p><strong>Tamanho m\u00e1ximo do ficheiro: 10 MB<\/strong><\/p>\n<p>O ideal \u00e9 enviar os desenhos em formato vetorial, no seu formato nativo, ou seja, no programa em que foram concebidos: AI, CDR, PDF, Etc.<\/p>\n<p>Caso n\u00e3o os tenha nestes formatos, pode enviar o ficheiro de imagem com a melhor qualidade poss\u00edvel.<\/p>\n<p>A imagem ou desenho n\u00e3o deve conter mais do que uma cor. Nem sombras nem gradientes. Deve ser monocrom\u00e1tico, com tinta 100% preta ou branca.<\/p>\n<p>Se tivermos algum problema ou d\u00favida com o seu desenho, n\u00e3o se preocupe, entraremos em contacto consigo.<\/p>\n<p>[\/pestana_acordeon_personalizado]<\/p>\n<p>[pestana_acordeon_personalizado titulo=\"Prazos de entrega e custos de envio\"]<\/p>\n<p>Enviamos para todos os pa\u00edses da Comunidade Econ\u00f3mica Europeia. Tamb\u00e9m enviamos para os Estados Unidos, Reino Unido, Turquia, Su\u00ed\u00e7a, Canad\u00e1, Austr\u00e1lia, Chile, Emirados \u00c1rabes Unidos e Jap\u00e3o.<\/p>\n<p><strong>Prazos de entrega<\/strong><\/p>\n<p>A partir do momento em que efectua a sua encomenda, e se n\u00e3o houver problemas com o desenho, a sua encomenda demorar\u00e1 cerca de <strong>7 a 15 dias \u00fateis a ser entregue<\/strong>.<\/p>\n<p><span style=\"text-decoration: underline;\"><strong>*NOTA:<\/strong><\/span> N\u00e3o nos responsabilizamos por eventuais atrasos causados por empresas de transporte ou entidades de controlo.<\/p>\n<p><strong>Custo das transfer\u00eancias<\/strong><\/p>\n<p>O custo do envio \u00e9 calculado automaticamente pelo s\u00edtio Web em fun\u00e7\u00e3o do pa\u00eds e dos artigos adicionados ao carrinho.<\/p>\n<p>Pode obter transporte gratuito a partir de 100 euros, dependendo do destino da entrega Para obter informa\u00e7\u00f5es mais pormenorizadas sobre os custos de envio e os montantes necess\u00e1rios para a entrega gratuita, <a href=\"https:\/\/www.bigstamping.com\/pt-pt\/faq\/\">consulte a sec\u00e7\u00e3o FAQ<\/a> e verifique as condi\u00e7\u00f5es aplic\u00e1veis ao seu endere\u00e7o.<\/p>\n<p>[\/pestana_acordeon_personalizado]<\/p>\n<p>[\/acordeon_personalizado]\n<p>&nbsp;<\/p>\n","protected":false},"featured_media":430631,"template":"","meta":{"_acf_changed":false,"_genesis_hide_title":false,"_genesis_hide_breadcrumbs":false,"_genesis_hide_singular_image":false,"_genesis_hide_footer_widgets":false,"_genesis_custom_body_class":"","_genesis_custom_post_class":"","_genesis_layout":""},"product_brand":[],"product_cat":[287],"product_tag":[],"class_list":{"0":"post-18087","1":"product","2":"type-product","3":"status-publish","4":"has-post-thumbnail","6":"product_cat-ministamps-pt-pt","7":"entry","9":"first","10":"instock","11":"taxable","12":"shipping-taxable","13":"purchasable","14":"product-type-simple"},"acf":[],"yoast_head":"<!-- This site is optimized with the Yoast SEO plugin v26.7 - https:\/\/yoast.com\/wordpress\/plugins\/seo\/ -->\n<title>CARIMBO MINI STAMP QUADRADO - BigStamping<\/title>\n<meta name=\"description\" content=\"Este \u00e9 o nosso mini carimbo quadrado personalizado BigStamping. Mesma qualidade e acabamento que os grandes, mas em tamanho mini.\" \/>\n<meta name=\"robots\" content=\"index, follow, max-snippet:-1, max-image-preview:large, max-video-preview:-1\" \/>\n<link rel=\"canonical\" href=\"https:\/\/www.bigstamping.com\/pt-pt\/producto\/carimbo-mini-stamp-quadrado\/\" \/>\n<meta property=\"og:locale\" content=\"pt_PT\" \/>\n<meta property=\"og:type\" content=\"article\" \/>\n<meta property=\"og:title\" content=\"CARIMBO MINI STAMP QUADRADO - BigStamping\" \/>\n<meta property=\"og:description\" content=\"Este \u00e9 o nosso mini carimbo quadrado personalizado BigStamping. Mesma qualidade e acabamento que os grandes, mas em tamanho mini.\" \/>\n<meta property=\"og:url\" content=\"https:\/\/www.bigstamping.com\/pt-pt\/producto\/carimbo-mini-stamp-quadrado\/\" \/>\n<meta property=\"og:site_name\" content=\"BigStamping\" \/>\n<meta property=\"article:publisher\" content=\"https:\/\/www.facebook.com\/Bigstamping-241206903231462\/\" \/>\n<meta property=\"article:modified_time\" content=\"2024-06-15T10:20:19+00:00\" \/>\n<meta property=\"og:image\" content=\"https:\/\/www.bigstamping.com\/wp-content\/uploads\/2018\/12\/unnamed-2.jpg\" \/>\n\t<meta property=\"og:image:width\" content=\"1080\" \/>\n\t<meta property=\"og:image:height\" content=\"1080\" \/>\n\t<meta property=\"og:image:type\" content=\"image\/jpeg\" \/>\n<meta name=\"twitter:card\" content=\"summary_large_image\" \/>\n<meta name=\"twitter:site\" content=\"@Bigstamping\" \/>\n<meta name=\"twitter:label1\" content=\"Tempo estimado de leitura\" \/>\n\t<meta name=\"twitter:data1\" content=\"1 minuto\" \/>\n<script type=\"application\/ld+json\" class=\"yoast-schema-graph\">{\"@context\":\"https:\/\/schema.org\",\"@graph\":[{\"@type\":\"WebPage\",\"@id\":\"https:\/\/www.bigstamping.com\/pt-pt\/producto\/carimbo-mini-stamp-quadrado\/\",\"url\":\"https:\/\/www.bigstamping.com\/pt-pt\/producto\/carimbo-mini-stamp-quadrado\/\",\"name\":\"CARIMBO MINI STAMP QUADRADO - BigStamping\",\"isPartOf\":{\"@id\":\"https:\/\/www.bigstamping.com\/#website\"},\"primaryImageOfPage\":{\"@id\":\"https:\/\/www.bigstamping.com\/pt-pt\/producto\/carimbo-mini-stamp-quadrado\/#primaryimage\"},\"image\":{\"@id\":\"https:\/\/www.bigstamping.com\/pt-pt\/producto\/carimbo-mini-stamp-quadrado\/#primaryimage\"},\"thumbnailUrl\":\"https:\/\/www.bigstamping.com\/wp-content\/uploads\/2018\/12\/unnamed-2.jpg\",\"datePublished\":\"2018-12-05T17:16:39+00:00\",\"dateModified\":\"2024-06-15T10:20:19+00:00\",\"description\":\"Este \u00e9 o nosso mini carimbo quadrado personalizado BigStamping. Mesma qualidade e acabamento que os grandes, mas em tamanho mini.\",\"breadcrumb\":{\"@id\":\"https:\/\/www.bigstamping.com\/pt-pt\/producto\/carimbo-mini-stamp-quadrado\/#breadcrumb\"},\"inLanguage\":\"pt-PT\",\"potentialAction\":[{\"@type\":\"ReadAction\",\"target\":[\"https:\/\/www.bigstamping.com\/pt-pt\/producto\/carimbo-mini-stamp-quadrado\/\"]}]},{\"@type\":\"ImageObject\",\"inLanguage\":\"pt-PT\",\"@id\":\"https:\/\/www.bigstamping.com\/pt-pt\/producto\/carimbo-mini-stamp-quadrado\/#primaryimage\",\"url\":\"https:\/\/www.bigstamping.com\/wp-content\/uploads\/2018\/12\/unnamed-2.jpg\",\"contentUrl\":\"https:\/\/www.bigstamping.com\/wp-content\/uploads\/2018\/12\/unnamed-2.jpg\",\"width\":1080,\"height\":1080,\"caption\":\"Sello cuadrado peque\u00f1o Bigstamping\"},{\"@type\":\"BreadcrumbList\",\"@id\":\"https:\/\/www.bigstamping.com\/pt-pt\/producto\/carimbo-mini-stamp-quadrado\/#breadcrumb\",\"itemListElement\":[{\"@type\":\"ListItem\",\"position\":1,\"name\":\"Portada\",\"item\":\"https:\/\/www.bigstamping.com\/en\/\"},{\"@type\":\"ListItem\",\"position\":2,\"name\":\"CARIMBO MINI STAMP QUADRADO\"}]},{\"@type\":\"WebSite\",\"@id\":\"https:\/\/www.bigstamping.com\/#website\",\"url\":\"https:\/\/www.bigstamping.com\/\",\"name\":\"BigStamping\",\"description\":\"Sellos de gran tama\u00f1o para stampear\",\"publisher\":{\"@id\":\"https:\/\/www.bigstamping.com\/#organization\"},\"potentialAction\":[{\"@type\":\"SearchAction\",\"target\":{\"@type\":\"EntryPoint\",\"urlTemplate\":\"https:\/\/www.bigstamping.com\/?s={search_term_string}\"},\"query-input\":{\"@type\":\"PropertyValueSpecification\",\"valueRequired\":true,\"valueName\":\"search_term_string\"}}],\"inLanguage\":\"pt-PT\"},{\"@type\":\"Organization\",\"@id\":\"https:\/\/www.bigstamping.com\/#organization\",\"name\":\"BigStamping\",\"url\":\"https:\/\/www.bigstamping.com\/\",\"logo\":{\"@type\":\"ImageObject\",\"inLanguage\":\"pt-PT\",\"@id\":\"https:\/\/www.bigstamping.com\/#\/schema\/logo\/image\/\",\"url\":\"https:\/\/www.bigstamping.com\/wp-content\/uploads\/2018\/12\/big-stamper-amarillo.jpg\",\"contentUrl\":\"https:\/\/www.bigstamping.com\/wp-content\/uploads\/2018\/12\/big-stamper-amarillo.jpg\",\"width\":293,\"height\":300,\"caption\":\"BigStamping\"},\"image\":{\"@id\":\"https:\/\/www.bigstamping.com\/#\/schema\/logo\/image\/\"},\"sameAs\":[\"https:\/\/www.facebook.com\/Bigstamping-241206903231462\/\",\"https:\/\/x.com\/Bigstamping\",\"https:\/\/www.instagram.com\/bigstamping\/\",\"https:\/\/www.youtube.com\/channel\/UC_l3jNsBYYC-Ds9pzcZy_Vg\"]}]}<\/script>\n<!-- \/ Yoast SEO plugin. -->","yoast_head_json":{"title":"CARIMBO MINI STAMP QUADRADO - BigStamping","description":"Este \u00e9 o nosso mini carimbo quadrado personalizado BigStamping. Mesma qualidade e acabamento que os grandes, mas em tamanho mini.","robots":{"index":"index","follow":"follow","max-snippet":"max-snippet:-1","max-image-preview":"max-image-preview:large","max-video-preview":"max-video-preview:-1"},"canonical":"https:\/\/www.bigstamping.com\/pt-pt\/producto\/carimbo-mini-stamp-quadrado\/","og_locale":"pt_PT","og_type":"article","og_title":"CARIMBO MINI STAMP QUADRADO - BigStamping","og_description":"Este \u00e9 o nosso mini carimbo quadrado personalizado BigStamping. Mesma qualidade e acabamento que os grandes, mas em tamanho mini.","og_url":"https:\/\/www.bigstamping.com\/pt-pt\/producto\/carimbo-mini-stamp-quadrado\/","og_site_name":"BigStamping","article_publisher":"https:\/\/www.facebook.com\/Bigstamping-241206903231462\/","article_modified_time":"2024-06-15T10:20:19+00:00","og_image":[{"width":1080,"height":1080,"url":"https:\/\/www.bigstamping.com\/wp-content\/uploads\/2018\/12\/unnamed-2.jpg","type":"image\/jpeg"}],"twitter_card":"summary_large_image","twitter_site":"@Bigstamping","twitter_misc":{"Tempo estimado de leitura":"1 minuto"},"schema":{"@context":"https:\/\/schema.org","@graph":[{"@type":"WebPage","@id":"https:\/\/www.bigstamping.com\/pt-pt\/producto\/carimbo-mini-stamp-quadrado\/","url":"https:\/\/www.bigstamping.com\/pt-pt\/producto\/carimbo-mini-stamp-quadrado\/","name":"CARIMBO MINI STAMP QUADRADO - BigStamping","isPartOf":{"@id":"https:\/\/www.bigstamping.com\/#website"},"primaryImageOfPage":{"@id":"https:\/\/www.bigstamping.com\/pt-pt\/producto\/carimbo-mini-stamp-quadrado\/#primaryimage"},"image":{"@id":"https:\/\/www.bigstamping.com\/pt-pt\/producto\/carimbo-mini-stamp-quadrado\/#primaryimage"},"thumbnailUrl":"https:\/\/www.bigstamping.com\/wp-content\/uploads\/2018\/12\/unnamed-2.jpg","datePublished":"2018-12-05T17:16:39+00:00","dateModified":"2024-06-15T10:20:19+00:00","description":"Este \u00e9 o nosso mini carimbo quadrado personalizado BigStamping. Mesma qualidade e acabamento que os grandes, mas em tamanho mini.","breadcrumb":{"@id":"https:\/\/www.bigstamping.com\/pt-pt\/producto\/carimbo-mini-stamp-quadrado\/#breadcrumb"},"inLanguage":"pt-PT","potentialAction":[{"@type":"ReadAction","target":["https:\/\/www.bigstamping.com\/pt-pt\/producto\/carimbo-mini-stamp-quadrado\/"]}]},{"@type":"ImageObject","inLanguage":"pt-PT","@id":"https:\/\/www.bigstamping.com\/pt-pt\/producto\/carimbo-mini-stamp-quadrado\/#primaryimage","url":"https:\/\/www.bigstamping.com\/wp-content\/uploads\/2018\/12\/unnamed-2.jpg","contentUrl":"https:\/\/www.bigstamping.com\/wp-content\/uploads\/2018\/12\/unnamed-2.jpg","width":1080,"height":1080,"caption":"Sello cuadrado peque\u00f1o Bigstamping"},{"@type":"BreadcrumbList","@id":"https:\/\/www.bigstamping.com\/pt-pt\/producto\/carimbo-mini-stamp-quadrado\/#breadcrumb","itemListElement":[{"@type":"ListItem","position":1,"name":"Portada","item":"https:\/\/www.bigstamping.com\/en\/"},{"@type":"ListItem","position":2,"name":"CARIMBO MINI STAMP QUADRADO"}]},{"@type":"WebSite","@id":"https:\/\/www.bigstamping.com\/#website","url":"https:\/\/www.bigstamping.com\/","name":"BigStamping","description":"Sellos de gran tama\u00f1o para stampear","publisher":{"@id":"https:\/\/www.bigstamping.com\/#organization"},"potentialAction":[{"@type":"SearchAction","target":{"@type":"EntryPoint","urlTemplate":"https:\/\/www.bigstamping.com\/?s={search_term_string}"},"query-input":{"@type":"PropertyValueSpecification","valueRequired":true,"valueName":"search_term_string"}}],"inLanguage":"pt-PT"},{"@type":"Organization","@id":"https:\/\/www.bigstamping.com\/#organization","name":"BigStamping","url":"https:\/\/www.bigstamping.com\/","logo":{"@type":"ImageObject","inLanguage":"pt-PT","@id":"https:\/\/www.bigstamping.com\/#\/schema\/logo\/image\/","url":"https:\/\/www.bigstamping.com\/wp-content\/uploads\/2018\/12\/big-stamper-amarillo.jpg","contentUrl":"https:\/\/www.bigstamping.com\/wp-content\/uploads\/2018\/12\/big-stamper-amarillo.jpg","width":293,"height":300,"caption":"BigStamping"},"image":{"@id":"https:\/\/www.bigstamping.com\/#\/schema\/logo\/image\/"},"sameAs":["https:\/\/www.facebook.com\/Bigstamping-241206903231462\/","https:\/\/x.com\/Bigstamping","https:\/\/www.instagram.com\/bigstamping\/","https:\/\/www.youtube.com\/channel\/UC_l3jNsBYYC-Ds9pzcZy_Vg"]}]}},"_links":{"self":[{"href":"https:\/\/www.bigstamping.com\/pt-pt\/wp-json\/wp\/v2\/product\/18087","targetHints":{"allow":["GET"]}}],"collection":[{"href":"https:\/\/www.bigstamping.com\/pt-pt\/wp-json\/wp\/v2\/product"}],"about":[{"href":"https:\/\/www.bigstamping.com\/pt-pt\/wp-json\/wp\/v2\/types\/product"}],"version-history":[{"count":0,"href":"https:\/\/www.bigstamping.com\/pt-pt\/wp-json\/wp\/v2\/product\/18087\/revisions"}],"wp:featuredmedia":[{"embeddable":true,"href":"https:\/\/www.bigstamping.com\/pt-pt\/wp-json\/wp\/v2\/media\/430631"}],"wp:attachment":[{"href":"https:\/\/www.bigstamping.com\/pt-pt\/wp-json\/wp\/v2\/media?parent=18087"}],"wp:term":[{"taxonomy":"product_brand","embeddable":true,"href":"https:\/\/www.bigstamping.com\/pt-pt\/wp-json\/wp\/v2\/product_brand?post=18087"},{"taxonomy":"product_cat","embeddable":true,"href":"https:\/\/www.bigstamping.com\/pt-pt\/wp-json\/wp\/v2\/product_cat?post=18087"},{"taxonomy":"product_tag","embeddable":true,"href":"https:\/\/www.bigstamping.com\/pt-pt\/wp-json\/wp\/v2\/product_tag?post=18087"}],"curies":[{"name":"wp","href":"https:\/\/api.w.org\/{rel}","templated":true}]}}