{"id":18216,"date":"2018-12-05T16:57:09","date_gmt":"2020-08-28T11:25:30","guid":{"rendered":"https:\/\/www.bigstamping.com\/producto\/gran-mega-stamping-kit-pt\/"},"modified":"2024-09-12T12:43:46","modified_gmt":"2024-09-12T11:43:46","slug":"gran-mega-stamping-kit","status":"publish","type":"product","link":"https:\/\/www.bigstamping.com\/pt-pt\/producto\/gran-mega-stamping-kit\/","title":{"rendered":"GRAN MEGA STAMPING KIT"},"content":{"rendered":"<p><span style=\"font-weight: 400;\">Dimens\u00f5es da caixa: 42x28x12 cm<\/span><\/p>\n<hr \/>\n<p>Peso aproximado: 2.300 gramas<\/p>\n","protected":false},"excerpt":{"rendered":"<p><strong>J\u00e1 lhe dissemos que na BigStamping fazemos os maiores carimbos do mundo?<\/strong> Com os kits e carimbos anteriores, j\u00e1 deve ter percebido que estamos a falar a s\u00e9rio, mas se estava \u00e0 procura de<strong> carimbos gigantes<\/strong>com o qual inclu\u00edmos em <strong>el Kit Mega Stamping<\/strong>vai ter uma grande surpresa!<\/p>\n<p>Este kit inclui o nosso maior carimbo e aqueles que o compraram j\u00e1 confirmaram que, apesar do seu tamanho impressionante, continua a ser <strong>perfeito para carimbar log\u00f3tipos e desenhos enormes em todos os tipos de superf\u00edcies com excelentes resultados!<\/strong><\/p>\n<p>Abaixo encontrar\u00e1 todos os detalhes sobre este kit, como personaliz\u00e1-lo, prazos de entrega, etc. <strong>N\u00e3o hesite e junte-se \u00e0 nossa comunidade de stampers!<\/strong><\/p>\n[acordeon_personalizado]<\/p>\n<p>[pestana_acordeon_personalizado titulo=\"O que cont\u00e9m o Big Mega Stamping Kit?\"]<\/p>\n<p>No <strong>Big Mega Stamping Kit <\/strong> encontrar\u00e1<\/p>\n<p><strong>-1 BigStamp carimbo grande tamanho \u201cXXL\u201d com dimens\u00f5es: 39&#215;27 cm (15,3&#215;10,6 in)<\/strong><\/p>\n<p>A medida mencionada corresponde ao tamanho da madeira. Esta madeira pode ser utilizada tanto na vertical como na horizontal, consoante o seu design.<\/p>\n<p>Dentro das dimens\u00f5es da madeira, pode fazer o desenho em qualquer tamanho que desejar. <strong>Se desejar que o seu desenho tenha medidas espec\u00edficas no interior da madeira, indique-o na sec\u00e7\u00e3o \u201cNOTAS\u201d no final da sua encomenda.<\/strong><\/p>\n<p><span style=\"text-decoration: underline;\"><strong>*NOTA:<\/strong><\/span> Se o desenho do carimbo tiver menos de <strong>7 cm (2,7 in.) <\/strong> de altura, envi\u00e1-lo-emos com o modelo de suporte <strong>Long Big Stamp XXL<\/strong>, o que facilitar\u00e1 a estampagem.<\/p>\n<p>O <strong>Long Bing Stamp XXL \u00e9 uma madeira alongada que mede 39 x 7 cm (15,3 x 2,7 in)<\/strong> e destina-se a desenhos alongados. N\u00e3o tens de fazer nada. Quando recebermos um desenho adequado a este formato, trat\u00e1-lo-emos automaticamente.<\/p>\n<p><strong>&#8211; 1 Lata de tinta ou frasco de tinta \u00e0 sua escolha:<\/strong><br \/>\n\u2022 Tinta flexogr\u00e1fica Papel, cart\u00e3o e madeira 125 ml (4,2 oz.), 14 cores dispon\u00edveis.<br \/>\n\u2022 Tinta Xilogr\u00e1fica T\u00eaxtil 75 ml (2,5 oz.), 10 cores dispon\u00edveis.<\/p>\n<p><strong>&#8211; 1 Rolo para espalhar a tinta<\/strong><\/p>\n<p>Uma ferramenta\/rolo de borracha para aplicar a tinta no carimbo. A sua estrutura elimina as deforma\u00e7\u00f5es e torna a transfer\u00eancia de tinta suave e uniforme.<\/p>\n<p><strong>&#8211; 4 Folhas de PVC para depositar a tinta<\/strong><\/p>\n<p>Folhas de tamanho A3 com cantos arredondados, lisas e escorregadias, para que possa espalhar a tinta facilmente e sem manchar. Podem ser lavados com \u00e1gua e sab\u00e3o e utilizados sempre que quiser!<\/p>\n<p><strong>&#8211; 5 paletas de madeira para extrair a tinta da lata.<\/strong><\/p>\n<p>Pauzinhos de madeira natural medindo 10\u00d71 cm. para extrair a tinta da lata confortavelmente. No caso da tinta t\u00eaxtil, por se apresentar em bisnaga, seu uso n\u00e3o \u00e9 necess\u00e1rio.<\/p>\n<p>[\/pestana_acordeon_personalizado]<\/p>\n<p>[pestana_acordeon_personalizado titulo=\"Porqu\u00ea escolher os carimbos BigStamping?\"]<\/p>\n<p>Na <strong>BigStamping<\/strong>, fabricamos os maiores carimbos do mundo e, gra\u00e7as \u00e0 nossa experi\u00eancia, oferecemos-lhe um produto capaz de lhe proporcionar <strong>desempenhos e resultados ESPECTACULARES<\/strong>.<\/p>\n<p>Cada um dos <strong>nossos carimbos inclui um sistema de amortecimento especial <\/strong> que faz com que o seu carimbo se adapte corretamente a todas as superf\u00edcies, permitindo que a transfer\u00eancia de tinta seja mais homog\u00e9nea e que n\u00e3o tenha de exercer demasiada for\u00e7a\/press\u00e3o ao carimbar.<\/p>\n<p>Isto, juntamente com a qualidade das nossas tintas, significa que os nossos carimbos podem oferecer-lhe os resultados que j\u00e1 viu nos v\u00eddeos e fotografias que partilhamos nas redes sociais e que, em 99% dos casos, prov\u00eam de clientes satisfeitos. <strong>N\u00e3o h\u00e1 d\u00favida! Adquira um carimbo BigStamping ou um kit BigStamping e reforce a imagem da sua marca com resultados nunca antes vistos.<\/strong><\/p>\n<p>[\/pestana_acordeon_personalizado]<\/p>\n<p>[pestana_acordeon_personalizado titulo=\"Como posso encomendar?\"]<\/p>\n<p>Depois de escolher o <strong>seu BigStamping Kit,<\/strong> e ap\u00f3s a descri\u00e7\u00e3o e os detalhes, encontrar\u00e1 uma \u00e1rea \/ bot\u00e3o para adicionar o ficheiro que cont\u00e9m o seu desenho. Se a tiver em formato vetorial, trabalharemos melhor com ela, mas se n\u00e3o a tiver, envie-nos no formato de imagem de melhor qualidade que tiver.<\/p>\n<p>Ap\u00f3s este passo, encontrar\u00e1 o seletor de tinta. Seleccione o tipo de tinta que pretende. Pode escolher entre:<\/p>\n<p><strong>\u2022Tinta flexogr\u00e1fica Papel, cart\u00e3o e madeira 125 ml (4,2 oz.), 14 cores dispon\u00edveis.<\/strong><br \/>\n<strong>\u2022Tinta Xilogr\u00e1fica T\u00eaxtil 75 ml (2,5 oz.), 10 cores dispon\u00edveis.<\/strong><\/p>\n<p>O kit cont\u00e9m apenas uma tinta. Se pretender mais tintas ou ambos os tipos de tinta, deve adicion\u00e1-los ao carrinho de compras a partir da p\u00e1gina do produto.<\/p>\n<p>Se tivermos algum problema ou d\u00favida com o seu desenho, n\u00e3o se preocupe, entraremos em contacto consigo! No final da sua compra, existe uma sec\u00e7\u00e3o \u201cNOTAS\u201d onde pode deixar qualquer indica\u00e7\u00e3o ou coment\u00e1rio sobre a sua encomenda: desenho, tamanho final do desenho, se deseja ver um esbo\u00e7o pr\u00e9vio, etc&#8230;<\/p>\n<p><strong>\u00b7 M\u00e9todos de pagamento aceites: Cart\u00f5es de d\u00e9bito\/cr\u00e9dito e Paypal.<\/strong><\/p>\n<p>[\/pestana_acordeon_personalizado]<\/p>\n<p>[pestana_acordeon_personalizado titulo=\"Tipos de ficheiros suportados\"]<\/p>\n<p><strong>Os tipos de ficheiros suportados para criar os seus carimbos grandes s\u00e3o: svg, tiff, eps, ai, jpg, psd, pdf, jpeg, png, cdr, tif, etc.<\/strong><\/p>\n<p><strong>Tamanho m\u00e1ximo do ficheiro: 10 MB<\/strong><\/p>\n<p>O ideal \u00e9 enviar os desenhos em formato vetorial, no seu formato nativo, ou seja, no programa em que foram concebidos: AI, CDR, PDF, Etc.<\/p>\n<p>Caso n\u00e3o os tenha nestes formatos, pode enviar o ficheiro de imagem com a melhor qualidade poss\u00edvel.<\/p>\n<p>A imagem ou desenho n\u00e3o deve conter mais do que uma cor. Nem sombras nem gradientes. Deve ser monocrom\u00e1tico, com tinta 100% preta ou branca.<\/p>\n<p>Se tivermos algum problema ou d\u00favida com o seu desenho, n\u00e3o se preocupe, entraremos em contacto consigo.<\/p>\n<p>[\/pestana_acordeon_personalizado]<\/p>\n<p>[pestana_acordeon_personalizado titulo=\"Prazos de entrega e custos de envio\"]<\/p>\n<p>Enviamos para todos os pa\u00edses da Comunidade Econ\u00f3mica Europeia. Tamb\u00e9m enviamos para os Estados Unidos, Reino Unido, Turquia, Su\u00ed\u00e7a, Canad\u00e1, Austr\u00e1lia, Chile, Emirados \u00c1rabes Unidos e Jap\u00e3o.<\/p>\n<p><strong>Prazos de entrega<\/strong><\/p>\n<p>A partir do momento em que efectua a sua encomenda, e se n\u00e3o houver problemas com o desenho, a sua encomenda demorar\u00e1 cerca de <strong>7 a 15 dias \u00fateis a ser entregue<\/strong>.<\/p>\n<p><span style=\"text-decoration: underline;\"><strong>*NOTA:<\/strong><\/span> N\u00e3o nos responsabilizamos por eventuais atrasos causados por empresas de transporte ou entidades de controlo.<\/p>\n<p><strong>Custo das transfer\u00eancias<\/strong><\/p>\n<p>O custo do envio \u00e9 calculado automaticamente pelo s\u00edtio Web em fun\u00e7\u00e3o do pa\u00eds e dos artigos adicionados ao carrinho.<\/p>\n<p>Pode obter transporte gratuito a partir de 100 euros, dependendo do destino da entrega Para obter informa\u00e7\u00f5es mais pormenorizadas sobre os custos de envio e os montantes necess\u00e1rios para a entrega gratuita, <a href=\"https:\/\/www.bigstamping.com\/pt-pt\/faq\/\">consulte a sec\u00e7\u00e3o FAQ<\/a> e verifique as condi\u00e7\u00f5es aplic\u00e1veis ao seu endere\u00e7o.<\/p>\n<p>[\/pestana_acordeon_personalizado]<\/p>\n<p>[\/acordeon_personalizado]\n","protected":false},"featured_media":438369,"template":"","meta":{"_acf_changed":false,"_genesis_hide_title":false,"_genesis_hide_breadcrumbs":false,"_genesis_hide_singular_image":false,"_genesis_hide_footer_widgets":false,"_genesis_custom_body_class":"","_genesis_custom_post_class":"","_genesis_layout":""},"product_brand":[],"product_cat":[309],"product_tag":[310],"class_list":{"0":"post-18216","1":"product","2":"type-product","3":"status-publish","4":"has-post-thumbnail","6":"product_cat-kits-pt-pt","7":"product_tag-megastamping-kit-pt-pt","8":"product_shipping_class-custo-extra-mega-kit-grande","9":"entry","11":"first","12":"instock","13":"taxable","14":"shipping-taxable","15":"purchasable","16":"product-type-variable"},"acf":[],"yoast_head":"<!-- This site is optimized with the Yoast SEO plugin v26.7 - https:\/\/yoast.com\/wordpress\/plugins\/seo\/ -->\n<title>GRAN MEGA STAMPING KIT (Conjunto de carimbos Gigantes) - BigStamping<\/title>\n<meta name=\"description\" content=\"O nosso kit de carimbo gigante inclui um selo XXL, tinta, acetato, paletes e rolo. Tudo o que \u00e9 necess\u00e1rio para personalizar v\u00e1rios merchandising.\" \/>\n<meta name=\"robots\" content=\"index, follow, max-snippet:-1, max-image-preview:large, max-video-preview:-1\" \/>\n<link rel=\"canonical\" href=\"https:\/\/www.bigstamping.com\/pt-pt\/producto\/gran-mega-stamping-kit\/\" \/>\n<meta property=\"og:locale\" content=\"pt_PT\" \/>\n<meta property=\"og:type\" content=\"article\" \/>\n<meta property=\"og:title\" content=\"GRAN MEGA STAMPING KIT (Conjunto de carimbos Gigantes) - BigStamping\" \/>\n<meta property=\"og:description\" content=\"O nosso kit de carimbo gigante inclui um selo XXL, tinta, acetato, paletes e rolo. Tudo o que \u00e9 necess\u00e1rio para personalizar v\u00e1rios merchandising.\" \/>\n<meta property=\"og:url\" content=\"https:\/\/www.bigstamping.com\/pt-pt\/producto\/gran-mega-stamping-kit\/\" \/>\n<meta property=\"og:site_name\" content=\"BigStamping\" \/>\n<meta property=\"article:publisher\" content=\"https:\/\/www.facebook.com\/Bigstamping-241206903231462\/\" \/>\n<meta property=\"article:modified_time\" content=\"2024-09-12T11:43:46+00:00\" \/>\n<meta property=\"og:image\" content=\"https:\/\/www.bigstamping.com\/wp-content\/uploads\/2018\/12\/KIT-MEGA-OK.webp\" \/>\n\t<meta property=\"og:image:width\" content=\"1080\" \/>\n\t<meta property=\"og:image:height\" content=\"1080\" \/>\n\t<meta property=\"og:image:type\" content=\"image\/webp\" \/>\n<meta name=\"twitter:card\" content=\"summary_large_image\" \/>\n<meta name=\"twitter:site\" content=\"@Bigstamping\" \/>\n<meta name=\"twitter:label1\" content=\"Tempo estimado de leitura\" \/>\n\t<meta name=\"twitter:data1\" content=\"1 minuto\" \/>\n<script type=\"application\/ld+json\" class=\"yoast-schema-graph\">{\"@context\":\"https:\/\/schema.org\",\"@graph\":[{\"@type\":\"WebPage\",\"@id\":\"https:\/\/www.bigstamping.com\/pt-pt\/producto\/gran-mega-stamping-kit\/\",\"url\":\"https:\/\/www.bigstamping.com\/pt-pt\/producto\/gran-mega-stamping-kit\/\",\"name\":\"GRAN MEGA STAMPING KIT (Conjunto de carimbos Gigantes) - BigStamping\",\"isPartOf\":{\"@id\":\"https:\/\/www.bigstamping.com\/#website\"},\"primaryImageOfPage\":{\"@id\":\"https:\/\/www.bigstamping.com\/pt-pt\/producto\/gran-mega-stamping-kit\/#primaryimage\"},\"image\":{\"@id\":\"https:\/\/www.bigstamping.com\/pt-pt\/producto\/gran-mega-stamping-kit\/#primaryimage\"},\"thumbnailUrl\":\"https:\/\/www.bigstamping.com\/wp-content\/uploads\/2018\/12\/KIT-MEGA-OK.webp\",\"datePublished\":\"2020-08-28T11:25:30+00:00\",\"dateModified\":\"2024-09-12T11:43:46+00:00\",\"description\":\"O nosso kit de carimbo gigante inclui um selo XXL, tinta, acetato, paletes e rolo. Tudo o que \u00e9 necess\u00e1rio para personalizar v\u00e1rios merchandising.\",\"breadcrumb\":{\"@id\":\"https:\/\/www.bigstamping.com\/pt-pt\/producto\/gran-mega-stamping-kit\/#breadcrumb\"},\"inLanguage\":\"pt-PT\",\"potentialAction\":[{\"@type\":\"ReadAction\",\"target\":[\"https:\/\/www.bigstamping.com\/pt-pt\/producto\/gran-mega-stamping-kit\/\"]}]},{\"@type\":\"ImageObject\",\"inLanguage\":\"pt-PT\",\"@id\":\"https:\/\/www.bigstamping.com\/pt-pt\/producto\/gran-mega-stamping-kit\/#primaryimage\",\"url\":\"https:\/\/www.bigstamping.com\/wp-content\/uploads\/2018\/12\/KIT-MEGA-OK.webp\",\"contentUrl\":\"https:\/\/www.bigstamping.com\/wp-content\/uploads\/2018\/12\/KIT-MEGA-OK.webp\",\"width\":1080,\"height\":1080,\"caption\":\"Kit Big Stamping XXL que incluye sello personalizado de gran tama\u00f1o, acetatos, rodillo, pintura y paletas\"},{\"@type\":\"BreadcrumbList\",\"@id\":\"https:\/\/www.bigstamping.com\/pt-pt\/producto\/gran-mega-stamping-kit\/#breadcrumb\",\"itemListElement\":[{\"@type\":\"ListItem\",\"position\":1,\"name\":\"Portada\",\"item\":\"https:\/\/www.bigstamping.com\/en\/\"},{\"@type\":\"ListItem\",\"position\":2,\"name\":\"GRAN MEGA STAMPING KIT\"}]},{\"@type\":\"WebSite\",\"@id\":\"https:\/\/www.bigstamping.com\/#website\",\"url\":\"https:\/\/www.bigstamping.com\/\",\"name\":\"BigStamping\",\"description\":\"Sellos de gran tama\u00f1o para stampear\",\"publisher\":{\"@id\":\"https:\/\/www.bigstamping.com\/#organization\"},\"potentialAction\":[{\"@type\":\"SearchAction\",\"target\":{\"@type\":\"EntryPoint\",\"urlTemplate\":\"https:\/\/www.bigstamping.com\/?s={search_term_string}\"},\"query-input\":{\"@type\":\"PropertyValueSpecification\",\"valueRequired\":true,\"valueName\":\"search_term_string\"}}],\"inLanguage\":\"pt-PT\"},{\"@type\":\"Organization\",\"@id\":\"https:\/\/www.bigstamping.com\/#organization\",\"name\":\"BigStamping\",\"url\":\"https:\/\/www.bigstamping.com\/\",\"logo\":{\"@type\":\"ImageObject\",\"inLanguage\":\"pt-PT\",\"@id\":\"https:\/\/www.bigstamping.com\/#\/schema\/logo\/image\/\",\"url\":\"https:\/\/www.bigstamping.com\/wp-content\/uploads\/2018\/12\/big-stamper-amarillo.jpg\",\"contentUrl\":\"https:\/\/www.bigstamping.com\/wp-content\/uploads\/2018\/12\/big-stamper-amarillo.jpg\",\"width\":293,\"height\":300,\"caption\":\"BigStamping\"},\"image\":{\"@id\":\"https:\/\/www.bigstamping.com\/#\/schema\/logo\/image\/\"},\"sameAs\":[\"https:\/\/www.facebook.com\/Bigstamping-241206903231462\/\",\"https:\/\/x.com\/Bigstamping\",\"https:\/\/www.instagram.com\/bigstamping\/\",\"https:\/\/www.youtube.com\/channel\/UC_l3jNsBYYC-Ds9pzcZy_Vg\"]}]}<\/script>\n<!-- \/ Yoast SEO plugin. -->","yoast_head_json":{"title":"GRAN MEGA STAMPING KIT (Conjunto de carimbos Gigantes) - BigStamping","description":"O nosso kit de carimbo gigante inclui um selo XXL, tinta, acetato, paletes e rolo. Tudo o que \u00e9 necess\u00e1rio para personalizar v\u00e1rios merchandising.","robots":{"index":"index","follow":"follow","max-snippet":"max-snippet:-1","max-image-preview":"max-image-preview:large","max-video-preview":"max-video-preview:-1"},"canonical":"https:\/\/www.bigstamping.com\/pt-pt\/producto\/gran-mega-stamping-kit\/","og_locale":"pt_PT","og_type":"article","og_title":"GRAN MEGA STAMPING KIT (Conjunto de carimbos Gigantes) - BigStamping","og_description":"O nosso kit de carimbo gigante inclui um selo XXL, tinta, acetato, paletes e rolo. Tudo o que \u00e9 necess\u00e1rio para personalizar v\u00e1rios merchandising.","og_url":"https:\/\/www.bigstamping.com\/pt-pt\/producto\/gran-mega-stamping-kit\/","og_site_name":"BigStamping","article_publisher":"https:\/\/www.facebook.com\/Bigstamping-241206903231462\/","article_modified_time":"2024-09-12T11:43:46+00:00","og_image":[{"width":1080,"height":1080,"url":"https:\/\/www.bigstamping.com\/wp-content\/uploads\/2018\/12\/KIT-MEGA-OK.webp","type":"image\/webp"}],"twitter_card":"summary_large_image","twitter_site":"@Bigstamping","twitter_misc":{"Tempo estimado de leitura":"1 minuto"},"schema":{"@context":"https:\/\/schema.org","@graph":[{"@type":"WebPage","@id":"https:\/\/www.bigstamping.com\/pt-pt\/producto\/gran-mega-stamping-kit\/","url":"https:\/\/www.bigstamping.com\/pt-pt\/producto\/gran-mega-stamping-kit\/","name":"GRAN MEGA STAMPING KIT (Conjunto de carimbos Gigantes) - BigStamping","isPartOf":{"@id":"https:\/\/www.bigstamping.com\/#website"},"primaryImageOfPage":{"@id":"https:\/\/www.bigstamping.com\/pt-pt\/producto\/gran-mega-stamping-kit\/#primaryimage"},"image":{"@id":"https:\/\/www.bigstamping.com\/pt-pt\/producto\/gran-mega-stamping-kit\/#primaryimage"},"thumbnailUrl":"https:\/\/www.bigstamping.com\/wp-content\/uploads\/2018\/12\/KIT-MEGA-OK.webp","datePublished":"2020-08-28T11:25:30+00:00","dateModified":"2024-09-12T11:43:46+00:00","description":"O nosso kit de carimbo gigante inclui um selo XXL, tinta, acetato, paletes e rolo. Tudo o que \u00e9 necess\u00e1rio para personalizar v\u00e1rios merchandising.","breadcrumb":{"@id":"https:\/\/www.bigstamping.com\/pt-pt\/producto\/gran-mega-stamping-kit\/#breadcrumb"},"inLanguage":"pt-PT","potentialAction":[{"@type":"ReadAction","target":["https:\/\/www.bigstamping.com\/pt-pt\/producto\/gran-mega-stamping-kit\/"]}]},{"@type":"ImageObject","inLanguage":"pt-PT","@id":"https:\/\/www.bigstamping.com\/pt-pt\/producto\/gran-mega-stamping-kit\/#primaryimage","url":"https:\/\/www.bigstamping.com\/wp-content\/uploads\/2018\/12\/KIT-MEGA-OK.webp","contentUrl":"https:\/\/www.bigstamping.com\/wp-content\/uploads\/2018\/12\/KIT-MEGA-OK.webp","width":1080,"height":1080,"caption":"Kit Big Stamping XXL que incluye sello personalizado de gran tama\u00f1o, acetatos, rodillo, pintura y paletas"},{"@type":"BreadcrumbList","@id":"https:\/\/www.bigstamping.com\/pt-pt\/producto\/gran-mega-stamping-kit\/#breadcrumb","itemListElement":[{"@type":"ListItem","position":1,"name":"Portada","item":"https:\/\/www.bigstamping.com\/en\/"},{"@type":"ListItem","position":2,"name":"GRAN MEGA STAMPING KIT"}]},{"@type":"WebSite","@id":"https:\/\/www.bigstamping.com\/#website","url":"https:\/\/www.bigstamping.com\/","name":"BigStamping","description":"Sellos de gran tama\u00f1o para stampear","publisher":{"@id":"https:\/\/www.bigstamping.com\/#organization"},"potentialAction":[{"@type":"SearchAction","target":{"@type":"EntryPoint","urlTemplate":"https:\/\/www.bigstamping.com\/?s={search_term_string}"},"query-input":{"@type":"PropertyValueSpecification","valueRequired":true,"valueName":"search_term_string"}}],"inLanguage":"pt-PT"},{"@type":"Organization","@id":"https:\/\/www.bigstamping.com\/#organization","name":"BigStamping","url":"https:\/\/www.bigstamping.com\/","logo":{"@type":"ImageObject","inLanguage":"pt-PT","@id":"https:\/\/www.bigstamping.com\/#\/schema\/logo\/image\/","url":"https:\/\/www.bigstamping.com\/wp-content\/uploads\/2018\/12\/big-stamper-amarillo.jpg","contentUrl":"https:\/\/www.bigstamping.com\/wp-content\/uploads\/2018\/12\/big-stamper-amarillo.jpg","width":293,"height":300,"caption":"BigStamping"},"image":{"@id":"https:\/\/www.bigstamping.com\/#\/schema\/logo\/image\/"},"sameAs":["https:\/\/www.facebook.com\/Bigstamping-241206903231462\/","https:\/\/x.com\/Bigstamping","https:\/\/www.instagram.com\/bigstamping\/","https:\/\/www.youtube.com\/channel\/UC_l3jNsBYYC-Ds9pzcZy_Vg"]}]}},"_links":{"self":[{"href":"https:\/\/www.bigstamping.com\/pt-pt\/wp-json\/wp\/v2\/product\/18216","targetHints":{"allow":["GET"]}}],"collection":[{"href":"https:\/\/www.bigstamping.com\/pt-pt\/wp-json\/wp\/v2\/product"}],"about":[{"href":"https:\/\/www.bigstamping.com\/pt-pt\/wp-json\/wp\/v2\/types\/product"}],"version-history":[{"count":0,"href":"https:\/\/www.bigstamping.com\/pt-pt\/wp-json\/wp\/v2\/product\/18216\/revisions"}],"wp:featuredmedia":[{"embeddable":true,"href":"https:\/\/www.bigstamping.com\/pt-pt\/wp-json\/wp\/v2\/media\/438369"}],"wp:attachment":[{"href":"https:\/\/www.bigstamping.com\/pt-pt\/wp-json\/wp\/v2\/media?parent=18216"}],"wp:term":[{"taxonomy":"product_brand","embeddable":true,"href":"https:\/\/www.bigstamping.com\/pt-pt\/wp-json\/wp\/v2\/product_brand?post=18216"},{"taxonomy":"product_cat","embeddable":true,"href":"https:\/\/www.bigstamping.com\/pt-pt\/wp-json\/wp\/v2\/product_cat?post=18216"},{"taxonomy":"product_tag","embeddable":true,"href":"https:\/\/www.bigstamping.com\/pt-pt\/wp-json\/wp\/v2\/product_tag?post=18216"}],"curies":[{"name":"wp","href":"https:\/\/api.w.org\/{rel}","templated":true}]}}