{"id":18282,"date":"2018-12-05T16:53:11","date_gmt":"2020-08-28T11:30:31","guid":{"rendered":"https:\/\/www.bigstamping.com\/producto\/super-stamping-kit-pt\/"},"modified":"2024-08-07T10:55:30","modified_gmt":"2024-08-07T09:55:30","slug":"super-stamping-kit","status":"publish","type":"product","link":"https:\/\/www.bigstamping.com\/pt-pt\/producto\/super-stamping-kit\/","title":{"rendered":"SUPER STAMPING KIT"},"content":{"rendered":"<p><span style=\"font-weight: 400;\">Dimens\u00f5es da caixa: 24x32x9 cm<\/span><\/p>\n<hr \/>\n<p><span style=\"font-weight: 400;\">Peso aproximado: 1.400 gramas<\/span><\/p>\n","protected":false},"excerpt":{"rendered":"<p>O <strong>Super Stamping Kit<\/strong> \u00e9 o nosso kit mais vendido. Gra\u00e7as \u00e0s dimens\u00f5es do carimbo <strong> (21&#215;15 cm \/ 8,2&#215;5,9 in)<\/strong>, \u00e9 uma \u00f3ptima solu\u00e7\u00e3o para <strong>personalizar sacos de papel, caixas de cart\u00e3o, artigos t\u00eaxteis (T-shirts, sacos de pano, etc.) e outras superf\u00edcies.<\/strong><\/p>\n<p>Lembre-se de que, com os nossos carimbos personalizados, pode imprimir o seu log\u00f3tipo em v\u00e1rias cores mudando apenas a tinta, o que \u00e9 muito f\u00e1cil, uma vez que as tintas que vendemos s\u00e3o f\u00e1ceis de limpar.<\/p>\n<p><strong>Aqui tem todos os pormenores desta ferramenta brutal para refor\u00e7ar a visibilidade da sua marca!<\/strong><\/p>\n[acordeon_personalizado]\n[pestana_acordeon_personalizado titulo=\"O que cont\u00e9m o Super Stamping Kit?\"]<\/p>\n<p>No <strong>Super Stamping Kit<\/strong> encontrar\u00e1:<\/p>\n<p><strong>-1 BigStamp carimbo grande tamanho \u201cL\u201d com dimens\u00f5es: 21&#215;15 cm (8,2&#215;5,9 in.)<\/strong><\/p>\n<p>A medida mencionada corresponde ao tamanho da madeira. Esta madeira pode ser utilizada tanto na vertical como na horizontal, consoante o seu design.<\/p>\n<p>Dentro das dimens\u00f5es da madeira, pode fazer o desenho em qualquer tamanho que desejar. <strong>Se desejar que o seu desenho tenha medidas espec\u00edficas no interior da madeira, indique-o na sec\u00e7\u00e3o \u201cNOTAS\u201d no final da sua encomenda.<\/strong><\/p>\n<p><span style=\"text-decoration: underline;\"><strong>*NOTA:<\/strong><\/span> Se o seu desenho de carimbo tiver menos de <strong>7 cm (2,7 in.)<\/strong> de altura, envi\u00e1-lo-emos com o modelo <strong> Long Big Stamp L<\/strong>, que facilitar\u00e1 a estampagem.<\/p>\n<p>O <strong>Long Big Stamp L \u00e9 uma madeira alongada que mede 21 x 7cm (8,2 x 2,7 in)<\/strong> e destina-se a desenhos alongados. N\u00e3o tens de fazer nada. Quando recebermos um desenho adequado a este formato, trat\u00e1-lo-emos automaticamente.<\/p>\n<p><strong>&#8211; 1 Lata de tinta ou frasco de tinta \u00e0 sua escolha:<\/strong><br \/>\n\u2022 Tinta flexogr\u00e1fica Papel, cart\u00e3o e madeira 125 ml (4,2 oz.), 14 cores dispon\u00edveis.<br \/>\n\u2022 Tinta Xilogr\u00e1fica T\u00eaxtil 75 ml (2,5 oz.), 10 cores dispon\u00edveis.<\/p>\n<p><strong>&#8211; 1 Rolo para espalhar a tinta<\/strong><\/p>\n<p>Uma ferramenta\/rolo de borracha para aplicar a tinta no carimbo. A sua estrutura elimina as deforma\u00e7\u00f5es e torna a transfer\u00eancia de tinta suave e uniforme.<\/p>\n<p><strong>&#8211; 4 Folhas de PVC para depositar a tinta<\/strong><\/p>\n<p>Folhas de tamanho A3 com cantos arredondados, lisas e escorregadias, para que possa espalhar a tinta facilmente e sem manchar. Podem ser lavados com \u00e1gua e sab\u00e3o e utilizados sempre que quiser!<\/p>\n<p><strong>&#8211; 5 paletas de madeira para extrair a tinta da lata.<\/strong><\/p>\n<p>Pauzinhos de madeira natural medindo 10\u00d71 cm. para extrair a tinta da lata confortavelmente. No caso da tinta t\u00eaxtil, por se apresentar em bisnaga, seu uso n\u00e3o \u00e9 necess\u00e1rio.<\/p>\n<p>[\/pestana_acordeon_personalizado]\n[pestana_acordeon_personalizado titulo=\"Porqu\u00ea escolher os carimbos BigStamping?\"]<\/p>\n<p>Na <strong>BigStamping<\/strong>, fabricamos os maiores carimbos do mundo e, gra\u00e7as \u00e0 nossa experi\u00eancia, oferecemos-lhe um produto capaz de lhe proporcionar <strong>desempenhos e resultados ESPECTACULARES<\/strong>.<\/p>\n<p>Cada um dos <strong>nossos carimbos inclui um sistema de amortecimento especial <\/strong> que faz com que o seu carimbo se adapte corretamente a todas as superf\u00edcies, permitindo que a transfer\u00eancia de tinta seja mais homog\u00e9nea e que n\u00e3o tenha de exercer demasiada for\u00e7a\/press\u00e3o ao carimbar.<\/p>\n<p>Isto, juntamente com a qualidade das nossas tintas, significa que os nossos carimbos podem oferecer-lhe os resultados que j\u00e1 viu nos v\u00eddeos e fotografias que partilhamos nas redes sociais e que, em 99% dos casos, prov\u00eam de clientes satisfeitos. <strong>N\u00e3o h\u00e1 d\u00favida! Adquira um carimbo BigStamping ou um kit BigStamping e reforce a imagem da sua marca com resultados nunca antes vistos.<\/strong><\/p>\n<p>[\/pestana_acordeon_personalizado]\n[pestana_acordeon_personalizado titulo=\"Como posso encomendar?\"]<\/p>\n<p>Depois de escolher o <strong>seu BigStamping Kit,<\/strong> e ap\u00f3s a descri\u00e7\u00e3o e os detalhes, encontrar\u00e1 uma \u00e1rea \/ bot\u00e3o para adicionar o ficheiro que cont\u00e9m o seu desenho. Se a tiver em formato vetorial, trabalharemos melhor com ela, mas se n\u00e3o a tiver, envie-nos no formato de imagem de melhor qualidade que tiver.<\/p>\n<p>Ap\u00f3s este passo, encontrar\u00e1 o seletor de tinta. Seleccione o tipo de tinta que pretende. Pode escolher entre:<\/p>\n<p><strong>\u2022Tinta flexogr\u00e1fica Papel, cart\u00e3o e madeira 125 ml (4,2 oz.), 14 cores dispon\u00edveis.<\/strong><br \/>\n<strong>\u2022Tinta Xilogr\u00e1fica T\u00eaxtil 75 ml (2,5 oz.), 10 cores dispon\u00edveis.<\/strong><\/p>\n<p>O kit cont\u00e9m apenas uma tinta. Se pretender mais tintas ou ambos os tipos de tinta, deve adicion\u00e1-los ao carrinho de compras a partir da p\u00e1gina do produto.<\/p>\n<p>Se tivermos algum problema ou d\u00favida com o seu desenho, n\u00e3o se preocupe, entraremos em contacto consigo! No final da sua compra, existe uma sec\u00e7\u00e3o \u201cNOTAS\u201d onde pode deixar qualquer indica\u00e7\u00e3o ou coment\u00e1rio sobre a sua encomenda: desenho, tamanho final do desenho, se deseja ver um esbo\u00e7o pr\u00e9vio, etc&#8230;<\/p>\n<p><strong>\u00b7 M\u00e9todos de pagamento aceites: Cart\u00f5es de d\u00e9bito\/cr\u00e9dito e Paypal.<\/strong><\/p>\n<p>[\/pestana_acordeon_personalizado]\n[pestana_acordeon_personalizado titulo=\"Tipos de ficheiros suportados\"]<\/p>\n<p><strong>Os tipos de ficheiros suportados para criar os seus carimbos grandes s\u00e3o: svg, tiff, eps, ai, jpg, psd, pdf, jpeg, png, cdr, tif, etc.<\/strong><\/p>\n<p><strong>Tamanho m\u00e1ximo do ficheiro: 10 MB<\/strong><\/p>\n<p>O ideal \u00e9 enviar os desenhos em formato vetorial, no seu formato nativo, ou seja, no programa em que foram concebidos: AI, CDR, PDF, Etc.<\/p>\n<p>Caso n\u00e3o os tenha nestes formatos, pode enviar o ficheiro de imagem com a melhor qualidade poss\u00edvel.<\/p>\n<p>A imagem ou desenho n\u00e3o deve conter mais do que uma cor. Nem sombras nem gradientes. Deve ser monocrom\u00e1tico, com tinta 100% preta ou branca.<\/p>\n<p>Se tivermos algum problema ou d\u00favida com o seu desenho, n\u00e3o se preocupe, entraremos em contacto consigo.<\/p>\n<p>[\/pestana_acordeon_personalizado]\n[pestana_acordeon_personalizado titulo=\"Prazos de entrega e custos de envio\"]<\/p>\n<p>Enviamos para todos os pa\u00edses da Comunidade Econ\u00f3mica Europeia. Tamb\u00e9m enviamos para os Estados Unidos, Reino Unido, Turquia, Su\u00ed\u00e7a, Canad\u00e1, Austr\u00e1lia, Chile, Emirados \u00c1rabes Unidos e Jap\u00e3o.<\/p>\n<p><strong>Prazos de entrega<\/strong><\/p>\n<p>A partir do momento em que efectua a sua encomenda, e se n\u00e3o houver problemas com o desenho, a sua encomenda demorar\u00e1 cerca de <strong>7 a 15 dias \u00fateis a ser entregue<\/strong>.<\/p>\n<p><span style=\"text-decoration: underline;\"><strong>*NOTA:<\/strong><\/span> N\u00e3o nos responsabilizamos por eventuais atrasos causados por empresas de transporte ou entidades de controlo.<\/p>\n<p><strong>Custo das transfer\u00eancias<\/strong><\/p>\n<p>O custo do envio \u00e9 calculado automaticamente pelo s\u00edtio Web em fun\u00e7\u00e3o do pa\u00eds e dos artigos adicionados ao carrinho.<\/p>\n<p>Pode obter transporte gratuito a partir de 100 euros, dependendo do destino da entrega Para obter informa\u00e7\u00f5es mais pormenorizadas sobre os custos de envio e os montantes necess\u00e1rios para a entrega gratuita, <a href=\"https:\/\/www.bigstamping.com\/pt-pt\/faq\/\">consulte a sec\u00e7\u00e3o FAQ<\/a> e verifique as condi\u00e7\u00f5es aplic\u00e1veis ao seu endere\u00e7o.<\/p>\n<p>[\/pestana_acordeon_personalizado]\n<p>[\/acordeon_personalizado]<span style=\"font-weight: 400;\"><br \/>\n<\/span><\/p>\n","protected":false},"featured_media":430552,"template":"","meta":{"_acf_changed":false,"_genesis_hide_title":false,"_genesis_hide_breadcrumbs":false,"_genesis_hide_singular_image":false,"_genesis_hide_footer_widgets":false,"_genesis_custom_body_class":"","_genesis_custom_post_class":"","_genesis_layout":""},"product_brand":[],"product_cat":[309],"product_tag":[],"class_list":{"0":"post-18282","1":"product","2":"type-product","3":"status-publish","4":"has-post-thumbnail","6":"product_cat-kits-pt-pt","7":"product_shipping_class-clase-2-pt-pt","8":"entry","10":"first","11":"instock","12":"taxable","13":"shipping-taxable","14":"purchasable","15":"product-type-variable"},"acf":[],"yoast_head":"<!-- This site is optimized with the Yoast SEO plugin v26.7 - https:\/\/yoast.com\/wordpress\/plugins\/seo\/ -->\n<title>SUPER STAMPING KIT - BigStamping<\/title>\n<meta name=\"description\" content=\"O kit m\u00e9dio BigStamping inclui um carimbo de 21x15cm, rolo, frasco de tinta \u00e0 sua escolha, paletes e acetato. Em grande!\" \/>\n<meta name=\"robots\" content=\"index, follow, max-snippet:-1, max-image-preview:large, max-video-preview:-1\" \/>\n<link rel=\"canonical\" href=\"https:\/\/www.bigstamping.com\/pt-pt\/producto\/super-stamping-kit\/\" \/>\n<meta property=\"og:locale\" content=\"pt_PT\" \/>\n<meta property=\"og:type\" content=\"article\" \/>\n<meta property=\"og:title\" content=\"SUPER STAMPING KIT - BigStamping\" \/>\n<meta property=\"og:description\" content=\"O kit m\u00e9dio BigStamping inclui um carimbo de 21x15cm, rolo, frasco de tinta \u00e0 sua escolha, paletes e acetato. Em grande!\" \/>\n<meta property=\"og:url\" content=\"https:\/\/www.bigstamping.com\/pt-pt\/producto\/super-stamping-kit\/\" \/>\n<meta property=\"og:site_name\" content=\"BigStamping\" \/>\n<meta property=\"article:publisher\" content=\"https:\/\/www.facebook.com\/Bigstamping-241206903231462\/\" \/>\n<meta property=\"article:modified_time\" content=\"2024-08-07T09:55:30+00:00\" \/>\n<meta property=\"og:image\" content=\"https:\/\/www.bigstamping.com\/wp-content\/uploads\/2018\/12\/Kit-L-med.jpg\" \/>\n\t<meta property=\"og:image:width\" content=\"1080\" \/>\n\t<meta property=\"og:image:height\" content=\"1080\" \/>\n\t<meta property=\"og:image:type\" content=\"image\/jpeg\" \/>\n<meta name=\"twitter:card\" content=\"summary_large_image\" \/>\n<meta name=\"twitter:site\" content=\"@Bigstamping\" \/>\n<meta name=\"twitter:label1\" content=\"Tempo estimado de leitura\" \/>\n\t<meta name=\"twitter:data1\" content=\"1 minuto\" \/>\n<script type=\"application\/ld+json\" class=\"yoast-schema-graph\">{\"@context\":\"https:\/\/schema.org\",\"@graph\":[{\"@type\":\"WebPage\",\"@id\":\"https:\/\/www.bigstamping.com\/pt-pt\/producto\/super-stamping-kit\/\",\"url\":\"https:\/\/www.bigstamping.com\/pt-pt\/producto\/super-stamping-kit\/\",\"name\":\"SUPER STAMPING KIT - BigStamping\",\"isPartOf\":{\"@id\":\"https:\/\/www.bigstamping.com\/#website\"},\"primaryImageOfPage\":{\"@id\":\"https:\/\/www.bigstamping.com\/pt-pt\/producto\/super-stamping-kit\/#primaryimage\"},\"image\":{\"@id\":\"https:\/\/www.bigstamping.com\/pt-pt\/producto\/super-stamping-kit\/#primaryimage\"},\"thumbnailUrl\":\"https:\/\/www.bigstamping.com\/wp-content\/uploads\/2018\/12\/Kit-L-med.jpg\",\"datePublished\":\"2020-08-28T11:30:31+00:00\",\"dateModified\":\"2024-08-07T09:55:30+00:00\",\"description\":\"O kit m\u00e9dio BigStamping inclui um carimbo de 21x15cm, rolo, frasco de tinta \u00e0 sua escolha, paletes e acetato. Em grande!\",\"breadcrumb\":{\"@id\":\"https:\/\/www.bigstamping.com\/pt-pt\/producto\/super-stamping-kit\/#breadcrumb\"},\"inLanguage\":\"pt-PT\",\"potentialAction\":[{\"@type\":\"ReadAction\",\"target\":[\"https:\/\/www.bigstamping.com\/pt-pt\/producto\/super-stamping-kit\/\"]}]},{\"@type\":\"ImageObject\",\"inLanguage\":\"pt-PT\",\"@id\":\"https:\/\/www.bigstamping.com\/pt-pt\/producto\/super-stamping-kit\/#primaryimage\",\"url\":\"https:\/\/www.bigstamping.com\/wp-content\/uploads\/2018\/12\/Kit-L-med.jpg\",\"contentUrl\":\"https:\/\/www.bigstamping.com\/wp-content\/uploads\/2018\/12\/Kit-L-med.jpg\",\"width\":1080,\"height\":1080,\"caption\":\"Kit BigStamping L - Sellos personalizados de Gran Tama\u00f1o\"},{\"@type\":\"BreadcrumbList\",\"@id\":\"https:\/\/www.bigstamping.com\/pt-pt\/producto\/super-stamping-kit\/#breadcrumb\",\"itemListElement\":[{\"@type\":\"ListItem\",\"position\":1,\"name\":\"Portada\",\"item\":\"https:\/\/www.bigstamping.com\/en\/\"},{\"@type\":\"ListItem\",\"position\":2,\"name\":\"SUPER STAMPING KIT\"}]},{\"@type\":\"WebSite\",\"@id\":\"https:\/\/www.bigstamping.com\/#website\",\"url\":\"https:\/\/www.bigstamping.com\/\",\"name\":\"BigStamping\",\"description\":\"Sellos de gran tama\u00f1o para stampear\",\"publisher\":{\"@id\":\"https:\/\/www.bigstamping.com\/#organization\"},\"potentialAction\":[{\"@type\":\"SearchAction\",\"target\":{\"@type\":\"EntryPoint\",\"urlTemplate\":\"https:\/\/www.bigstamping.com\/?s={search_term_string}\"},\"query-input\":{\"@type\":\"PropertyValueSpecification\",\"valueRequired\":true,\"valueName\":\"search_term_string\"}}],\"inLanguage\":\"pt-PT\"},{\"@type\":\"Organization\",\"@id\":\"https:\/\/www.bigstamping.com\/#organization\",\"name\":\"BigStamping\",\"url\":\"https:\/\/www.bigstamping.com\/\",\"logo\":{\"@type\":\"ImageObject\",\"inLanguage\":\"pt-PT\",\"@id\":\"https:\/\/www.bigstamping.com\/#\/schema\/logo\/image\/\",\"url\":\"https:\/\/www.bigstamping.com\/wp-content\/uploads\/2018\/12\/big-stamper-amarillo.jpg\",\"contentUrl\":\"https:\/\/www.bigstamping.com\/wp-content\/uploads\/2018\/12\/big-stamper-amarillo.jpg\",\"width\":293,\"height\":300,\"caption\":\"BigStamping\"},\"image\":{\"@id\":\"https:\/\/www.bigstamping.com\/#\/schema\/logo\/image\/\"},\"sameAs\":[\"https:\/\/www.facebook.com\/Bigstamping-241206903231462\/\",\"https:\/\/x.com\/Bigstamping\",\"https:\/\/www.instagram.com\/bigstamping\/\",\"https:\/\/www.youtube.com\/channel\/UC_l3jNsBYYC-Ds9pzcZy_Vg\"]}]}<\/script>\n<!-- \/ Yoast SEO plugin. -->","yoast_head_json":{"title":"SUPER STAMPING KIT - BigStamping","description":"O kit m\u00e9dio BigStamping inclui um carimbo de 21x15cm, rolo, frasco de tinta \u00e0 sua escolha, paletes e acetato. Em grande!","robots":{"index":"index","follow":"follow","max-snippet":"max-snippet:-1","max-image-preview":"max-image-preview:large","max-video-preview":"max-video-preview:-1"},"canonical":"https:\/\/www.bigstamping.com\/pt-pt\/producto\/super-stamping-kit\/","og_locale":"pt_PT","og_type":"article","og_title":"SUPER STAMPING KIT - BigStamping","og_description":"O kit m\u00e9dio BigStamping inclui um carimbo de 21x15cm, rolo, frasco de tinta \u00e0 sua escolha, paletes e acetato. Em grande!","og_url":"https:\/\/www.bigstamping.com\/pt-pt\/producto\/super-stamping-kit\/","og_site_name":"BigStamping","article_publisher":"https:\/\/www.facebook.com\/Bigstamping-241206903231462\/","article_modified_time":"2024-08-07T09:55:30+00:00","og_image":[{"width":1080,"height":1080,"url":"https:\/\/www.bigstamping.com\/wp-content\/uploads\/2018\/12\/Kit-L-med.jpg","type":"image\/jpeg"}],"twitter_card":"summary_large_image","twitter_site":"@Bigstamping","twitter_misc":{"Tempo estimado de leitura":"1 minuto"},"schema":{"@context":"https:\/\/schema.org","@graph":[{"@type":"WebPage","@id":"https:\/\/www.bigstamping.com\/pt-pt\/producto\/super-stamping-kit\/","url":"https:\/\/www.bigstamping.com\/pt-pt\/producto\/super-stamping-kit\/","name":"SUPER STAMPING KIT - BigStamping","isPartOf":{"@id":"https:\/\/www.bigstamping.com\/#website"},"primaryImageOfPage":{"@id":"https:\/\/www.bigstamping.com\/pt-pt\/producto\/super-stamping-kit\/#primaryimage"},"image":{"@id":"https:\/\/www.bigstamping.com\/pt-pt\/producto\/super-stamping-kit\/#primaryimage"},"thumbnailUrl":"https:\/\/www.bigstamping.com\/wp-content\/uploads\/2018\/12\/Kit-L-med.jpg","datePublished":"2020-08-28T11:30:31+00:00","dateModified":"2024-08-07T09:55:30+00:00","description":"O kit m\u00e9dio BigStamping inclui um carimbo de 21x15cm, rolo, frasco de tinta \u00e0 sua escolha, paletes e acetato. Em grande!","breadcrumb":{"@id":"https:\/\/www.bigstamping.com\/pt-pt\/producto\/super-stamping-kit\/#breadcrumb"},"inLanguage":"pt-PT","potentialAction":[{"@type":"ReadAction","target":["https:\/\/www.bigstamping.com\/pt-pt\/producto\/super-stamping-kit\/"]}]},{"@type":"ImageObject","inLanguage":"pt-PT","@id":"https:\/\/www.bigstamping.com\/pt-pt\/producto\/super-stamping-kit\/#primaryimage","url":"https:\/\/www.bigstamping.com\/wp-content\/uploads\/2018\/12\/Kit-L-med.jpg","contentUrl":"https:\/\/www.bigstamping.com\/wp-content\/uploads\/2018\/12\/Kit-L-med.jpg","width":1080,"height":1080,"caption":"Kit BigStamping L - Sellos personalizados de Gran Tama\u00f1o"},{"@type":"BreadcrumbList","@id":"https:\/\/www.bigstamping.com\/pt-pt\/producto\/super-stamping-kit\/#breadcrumb","itemListElement":[{"@type":"ListItem","position":1,"name":"Portada","item":"https:\/\/www.bigstamping.com\/en\/"},{"@type":"ListItem","position":2,"name":"SUPER STAMPING KIT"}]},{"@type":"WebSite","@id":"https:\/\/www.bigstamping.com\/#website","url":"https:\/\/www.bigstamping.com\/","name":"BigStamping","description":"Sellos de gran tama\u00f1o para stampear","publisher":{"@id":"https:\/\/www.bigstamping.com\/#organization"},"potentialAction":[{"@type":"SearchAction","target":{"@type":"EntryPoint","urlTemplate":"https:\/\/www.bigstamping.com\/?s={search_term_string}"},"query-input":{"@type":"PropertyValueSpecification","valueRequired":true,"valueName":"search_term_string"}}],"inLanguage":"pt-PT"},{"@type":"Organization","@id":"https:\/\/www.bigstamping.com\/#organization","name":"BigStamping","url":"https:\/\/www.bigstamping.com\/","logo":{"@type":"ImageObject","inLanguage":"pt-PT","@id":"https:\/\/www.bigstamping.com\/#\/schema\/logo\/image\/","url":"https:\/\/www.bigstamping.com\/wp-content\/uploads\/2018\/12\/big-stamper-amarillo.jpg","contentUrl":"https:\/\/www.bigstamping.com\/wp-content\/uploads\/2018\/12\/big-stamper-amarillo.jpg","width":293,"height":300,"caption":"BigStamping"},"image":{"@id":"https:\/\/www.bigstamping.com\/#\/schema\/logo\/image\/"},"sameAs":["https:\/\/www.facebook.com\/Bigstamping-241206903231462\/","https:\/\/x.com\/Bigstamping","https:\/\/www.instagram.com\/bigstamping\/","https:\/\/www.youtube.com\/channel\/UC_l3jNsBYYC-Ds9pzcZy_Vg"]}]}},"_links":{"self":[{"href":"https:\/\/www.bigstamping.com\/pt-pt\/wp-json\/wp\/v2\/product\/18282","targetHints":{"allow":["GET"]}}],"collection":[{"href":"https:\/\/www.bigstamping.com\/pt-pt\/wp-json\/wp\/v2\/product"}],"about":[{"href":"https:\/\/www.bigstamping.com\/pt-pt\/wp-json\/wp\/v2\/types\/product"}],"version-history":[{"count":0,"href":"https:\/\/www.bigstamping.com\/pt-pt\/wp-json\/wp\/v2\/product\/18282\/revisions"}],"wp:featuredmedia":[{"embeddable":true,"href":"https:\/\/www.bigstamping.com\/pt-pt\/wp-json\/wp\/v2\/media\/430552"}],"wp:attachment":[{"href":"https:\/\/www.bigstamping.com\/pt-pt\/wp-json\/wp\/v2\/media?parent=18282"}],"wp:term":[{"taxonomy":"product_brand","embeddable":true,"href":"https:\/\/www.bigstamping.com\/pt-pt\/wp-json\/wp\/v2\/product_brand?post=18282"},{"taxonomy":"product_cat","embeddable":true,"href":"https:\/\/www.bigstamping.com\/pt-pt\/wp-json\/wp\/v2\/product_cat?post=18282"},{"taxonomy":"product_tag","embeddable":true,"href":"https:\/\/www.bigstamping.com\/pt-pt\/wp-json\/wp\/v2\/product_tag?post=18282"}],"curies":[{"name":"wp","href":"https:\/\/api.w.org\/{rel}","templated":true}]}}