{"id":18381,"date":"2018-11-28T18:49:26","date_gmt":"2018-11-28T18:49:26","guid":{"rendered":"https:\/\/www.bigstamping.com\/producto\/carimbo-big-stamp-m\/"},"modified":"2024-06-26T19:19:35","modified_gmt":"2024-06-26T18:19:35","slug":"sello-big-stamp-medium-2","status":"publish","type":"product","link":"https:\/\/www.bigstamping.com\/pt-pt\/producto\/sello-big-stamp-medium-2\/","title":{"rendered":"Carimbo Big Stamp M"},"content":{"rendered":"<p><strong>Sela:<\/strong> Madeira de pinho envernizada artesanal, com acabamento natural.<\/p>\n<hr \/>\n<p><strong>Base:<\/strong> 1cm de espuma.<\/p>\n<hr \/>\n<p><strong>Borracha:<\/strong> feita de resina macia, fotopol\u00edmero l\u00edquido, 6mm de altura.<\/p>\n<hr \/>\n<p><strong>Dimens\u00f5es: <\/strong> 15&#215;10,5&#215;10,5&#215;7,5 cm<\/p>\n<hr \/>\n<p><strong>Peso:<\/strong> 400 gramas.<\/p>\n<hr \/>\n<p><strong>Armazenamento:<\/strong> Manter afastado do calor e do sol. Lavar ap\u00f3s cada utiliza\u00e7\u00e3o com \u00e1gua corrente e secar com um pano.<\/p>\n<hr \/>\n<p><strong>Recomendado para:<\/strong> Todo o tipo de cria\u00e7\u00f5es.<\/p>\n<hr \/>\n<p><strong>Refer\u00eancia:<\/strong> BS-S01<\/p>\n","protected":false},"excerpt":{"rendered":"<p><strong>O Big Stamp M \u00e9 um carimbo de borracha de 15&#215;10,5 cm (5,9&#215;4,1 in) com uma moldura de madeira feita \u00e0 m\u00e3o. <\/strong><\/p>\n<p><span style=\"font-weight: 400;\">Todos os <strong>carimbos BigStamping s\u00e3o feitos de resina macia e resistente<\/strong>, o que lhes permite adaptarem-se a qualquer superf\u00edcie absorvente.<\/span><\/p>\n<p><span style=\"font-weight: 400;\">Concebida para realizar cria\u00e7\u00f5es \u00fanicas e irrepet\u00edveis, basta escolher a tinta certa (t\u00eaxtil ou flexogr\u00e1fica) e carimbar nas superf\u00edcies e locais escolhidos.<\/span><\/p>\n<p><span style=\"font-weight: 400;\">Devido ao seu tamanho, o <strong>Big Stamp M \u00e9 um carimbo f\u00e1cil de manusear.<\/strong> As suas dimens\u00f5es tornam-no <strong>ideal para selar convenientemente as embalagens em geral<\/strong>, mas os nossos clientes tamb\u00e9m o utilizam para artesanato e decora\u00e7\u00e3o (casa, vestu\u00e1rio, mobili\u00e1rio e todo o tipo de produtos comerciais), bem como para personalizar os seus passatempos (skates, pranchas de surf).<\/span><\/p>\n[acordeon_personalizado]<\/p>\n<p>[pestana_acordeon_personalizado titulo=\"Informa\u00e7\u00f5es adicionais sobre o Big Stamp M\"]<\/p>\n<p><strong>O BigStamp tamanho \u201cM\u201d mede 15&#215;10,5 cm (5,9&#215;4,1 in).<\/strong><\/p>\n<p>As dimens\u00f5es mencionadas correspondem ao tamanho da madeira. Esta madeira pode ser utilizada tanto na vertical como na horizontal, consoante o seu design.<\/p>\n<p>Dentro das dimens\u00f5es da madeira, pode fazer o desenho em qualquer tamanho que desejar. <strong>Se desejar que o seu desenho tenha medidas espec\u00edficas no interior da madeira, indique-o na sec\u00e7\u00e3o \u201cNOTAS\u201d no final da sua encomenda.<\/strong><\/p>\n<p><span style=\"text-decoration: underline;\"><strong>*NOTA:<\/strong><\/span> Caso o desenho do carimbo tenha menos de <strong>7 cm (2,7 in) <\/strong> de altura, envi\u00e1-lo-emos com o modelo de suporte <strong>Long Big Stamp M,<\/strong> o que facilitar\u00e1 a estampagem.<\/p>\n<p>O suporte <strong>Long Big Stamp M \u00e9 uma madeira alongada que mede 15 x 7cm (5,9 x 2,7 in)<\/strong> e destina-se a desenhos alongados. N\u00e3o tens de fazer nada. Quando recebermos um desenho adequado a este formato, trat\u00e1-lo-emos automaticamente.<\/p>\n<p>[\/pestana_acordeon_personalizado]<\/p>\n<p>[pestana_acordeon_personalizado titulo=\"Porqu\u00ea escolher os carimbos BigStamping?\"]<\/p>\n<p>Na <strong>BigStamping<\/strong>, fabricamos os maiores carimbos do mundo e, gra\u00e7as \u00e0 nossa experi\u00eancia, oferecemos-lhe um produto capaz de lhe proporcionar <strong>desempenhos e resultados ESPECTACULARES<\/strong>.<\/p>\n<p>Cada um dos <strong>nossos carimbos inclui um sistema de amortecimento especial <\/strong> que faz com que o seu carimbo se adapte corretamente a todas as superf\u00edcies, permitindo que a transfer\u00eancia de tinta seja mais homog\u00e9nea e que n\u00e3o tenha de exercer demasiada for\u00e7a\/press\u00e3o ao carimbar.<\/p>\n<p>Isto, juntamente com a qualidade das nossas tintas, significa que os nossos carimbos podem oferecer-lhe os resultados que j\u00e1 viu nos v\u00eddeos e fotografias que partilhamos nas redes sociais e que, em 99% dos casos, prov\u00eam de clientes satisfeitos. <strong>N\u00e3o h\u00e1 d\u00favida! Adquira um carimbo BigStamping ou um kit BigStamping e reforce a imagem da sua marca com resultados nunca antes vistos.<\/strong><\/p>\n<p>[\/pestana_acordeon_personalizado]<\/p>\n<p>[pestana_acordeon_personalizado titulo=\"Como posso encomendar?\"]<\/p>\n<p>Depois de escolher o <strong>seu carimbo BigStamping e entrar na sua p\u00e1gina correspondente,<\/strong> ap\u00f3s a descri\u00e7\u00e3o e os detalhes, encontrar\u00e1 uma \u00e1rea \/ bot\u00e3o para adicionar o ficheiro que cont\u00e9m o seu desenho. Acrescente-o aqui!<\/p>\n<p>Se a tiver em formato vetorial, trabalharemos melhor com ela, mas se n\u00e3o a tiver, envie-nos no formato de imagem de melhor qualidade que tiver.<\/p>\n<p>Se tivermos algum problema ou d\u00favida com o seu desenho, n\u00e3o se preocupe, entraremos em contacto consigo! No final da sua compra, existe uma sec\u00e7\u00e3o \u201cNOTAS\u201d onde pode deixar qualquer indica\u00e7\u00e3o ou coment\u00e1rio sobre a sua encomenda: desenho, tamanho final do desenho, se deseja ver um esbo\u00e7o pr\u00e9vio, etc&#8230;<\/p>\n<p><strong>\u00b7 M\u00e9todos de pagamento aceites: Cart\u00f5es de d\u00e9bito\/cr\u00e9dito e Paypal.<\/strong><\/p>\n<p>[\/pestana_acordeon_personalizado]<\/p>\n<p>[pestana_acordeon_personalizado titulo=\"Tipos de ficheiros suportados\"]<\/p>\n<p><strong>Os tipos de ficheiros suportados para criar os seus carimbos grandes s\u00e3o: svg, tiff, eps, ai, jpg, psd, pdf, jpeg, png, cdr, tif, etc.<\/strong><\/p>\n<p><strong>Tamanho m\u00e1ximo do ficheiro: 10 MB<\/strong><\/p>\n<p>O ideal \u00e9 enviar os desenhos em formato vetorial, no seu formato nativo, ou seja, no programa em que foram concebidos: AI, CDR, PDF, Etc.<\/p>\n<p>Caso n\u00e3o os tenha nestes formatos, pode enviar o ficheiro de imagem com a melhor qualidade poss\u00edvel.<\/p>\n<p>A imagem ou desenho n\u00e3o deve conter mais do que uma cor. Nem sombras nem gradientes. Deve ser monocrom\u00e1tico, com tinta 100% preta ou branca.<\/p>\n<p>Se tivermos algum problema ou d\u00favida com o seu desenho, n\u00e3o se preocupe, entraremos em contacto consigo.<\/p>\n<p>[\/pestana_acordeon_personalizado]<\/p>\n<p>[pestana_acordeon_personalizado titulo=\"Prazos de entrega e custos de envio\"]<\/p>\n<p>Enviamos para todos os pa\u00edses da Comunidade Econ\u00f3mica Europeia. Tamb\u00e9m enviamos para os Estados Unidos, Reino Unido, Turquia, Su\u00ed\u00e7a, Canad\u00e1, Austr\u00e1lia, Chile, Emirados \u00c1rabes Unidos e Jap\u00e3o.<\/p>\n<p><strong>Prazos de entrega<\/strong><\/p>\n<p>A partir do momento em que efectua a sua encomenda, e se n\u00e3o houver problemas com o desenho, a sua encomenda demorar\u00e1 cerca de <strong>7 a 15 dias \u00fateis a ser entregue<\/strong>.<\/p>\n<p><span style=\"text-decoration: underline;\"><strong>*NOTA:<\/strong><\/span> N\u00e3o nos responsabilizamos por eventuais atrasos causados por empresas de transporte ou entidades de controlo.<\/p>\n<p><strong>Custo das transfer\u00eancias<\/strong><\/p>\n<p>O custo do envio \u00e9 calculado automaticamente pelo s\u00edtio Web em fun\u00e7\u00e3o do pa\u00eds e dos artigos adicionados ao carrinho.<\/p>\n<p>Pode obter transporte gratuito a partir de 100 euros, dependendo do destino da entrega Para obter informa\u00e7\u00f5es mais pormenorizadas sobre os custos de envio e os montantes necess\u00e1rios para a entrega gratuita, <a href=\"https:\/\/www.bigstamping.com\/pt-pt\/faq\/\">consulte a sec\u00e7\u00e3o FAQ<\/a> e verifique as condi\u00e7\u00f5es aplic\u00e1veis ao seu endere\u00e7o.<\/p>\n<p>[\/pestana_acordeon_personalizado]<\/p>\n<p>[\/acordeon_personalizado]\n","protected":false},"featured_media":429258,"template":"","meta":{"_acf_changed":false,"_genesis_hide_title":false,"_genesis_hide_breadcrumbs":false,"_genesis_hide_singular_image":false,"_genesis_hide_footer_widgets":false,"_genesis_custom_body_class":"","_genesis_custom_post_class":"","_genesis_layout":""},"product_brand":[],"product_cat":[307],"product_tag":[],"class_list":{"0":"post-18381","1":"product","2":"type-product","3":"status-publish","4":"has-post-thumbnail","6":"product_cat-carimbos","7":"product_shipping_class-clase-2-pt-pt","8":"entry","10":"first","11":"instock","12":"taxable","13":"shipping-taxable","14":"purchasable","15":"product-type-simple"},"acf":[],"yoast_head":"<!-- This site is optimized with the Yoast SEO plugin v26.7 - https:\/\/yoast.com\/wordpress\/plugins\/seo\/ -->\n<title>Carimbo Big Stamp M - BigStamping<\/title>\n<meta name=\"description\" content=\"O carimbo BigStamping M mede 15x10,5x7,5 cm e pode ser utilizado em T-shirts, sacos e em tudo o que possa imaginar.\" \/>\n<meta name=\"robots\" content=\"index, follow, max-snippet:-1, max-image-preview:large, max-video-preview:-1\" \/>\n<link rel=\"canonical\" href=\"https:\/\/www.bigstamping.com\/pt-pt\/producto\/sello-big-stamp-medium-2\/\" \/>\n<meta property=\"og:locale\" content=\"pt_PT\" \/>\n<meta property=\"og:type\" content=\"article\" \/>\n<meta property=\"og:title\" content=\"Carimbo Big Stamp M - BigStamping\" \/>\n<meta property=\"og:description\" content=\"O carimbo BigStamping M mede 15x10,5x7,5 cm e pode ser utilizado em T-shirts, sacos e em tudo o que possa imaginar.\" \/>\n<meta property=\"og:url\" content=\"https:\/\/www.bigstamping.com\/pt-pt\/producto\/sello-big-stamp-medium-2\/\" \/>\n<meta property=\"og:site_name\" content=\"BigStamping\" \/>\n<meta property=\"article:publisher\" content=\"https:\/\/www.facebook.com\/Bigstamping-241206903231462\/\" \/>\n<meta property=\"article:modified_time\" content=\"2024-06-26T18:19:35+00:00\" \/>\n<meta property=\"og:image\" content=\"https:\/\/www.bigstamping.com\/wp-content\/uploads\/2018\/12\/SELLO-M-OK.jpg\" \/>\n\t<meta property=\"og:image:width\" content=\"1080\" \/>\n\t<meta property=\"og:image:height\" content=\"1080\" \/>\n\t<meta property=\"og:image:type\" content=\"image\/jpeg\" \/>\n<meta name=\"twitter:card\" content=\"summary_large_image\" \/>\n<meta name=\"twitter:site\" content=\"@Bigstamping\" \/>\n<meta name=\"twitter:label1\" content=\"Tempo estimado de leitura\" \/>\n\t<meta name=\"twitter:data1\" content=\"1 minuto\" \/>\n<script type=\"application\/ld+json\" class=\"yoast-schema-graph\">{\"@context\":\"https:\/\/schema.org\",\"@graph\":[{\"@type\":\"WebPage\",\"@id\":\"https:\/\/www.bigstamping.com\/pt-pt\/producto\/sello-big-stamp-medium-2\/\",\"url\":\"https:\/\/www.bigstamping.com\/pt-pt\/producto\/sello-big-stamp-medium-2\/\",\"name\":\"Carimbo Big Stamp M - BigStamping\",\"isPartOf\":{\"@id\":\"https:\/\/www.bigstamping.com\/#website\"},\"primaryImageOfPage\":{\"@id\":\"https:\/\/www.bigstamping.com\/pt-pt\/producto\/sello-big-stamp-medium-2\/#primaryimage\"},\"image\":{\"@id\":\"https:\/\/www.bigstamping.com\/pt-pt\/producto\/sello-big-stamp-medium-2\/#primaryimage\"},\"thumbnailUrl\":\"https:\/\/www.bigstamping.com\/wp-content\/uploads\/2018\/12\/SELLO-M-OK.jpg\",\"datePublished\":\"2018-11-28T18:49:26+00:00\",\"dateModified\":\"2024-06-26T18:19:35+00:00\",\"description\":\"O carimbo BigStamping M mede 15x10,5x7,5 cm e pode ser utilizado em T-shirts, sacos e em tudo o que possa imaginar.\",\"breadcrumb\":{\"@id\":\"https:\/\/www.bigstamping.com\/pt-pt\/producto\/sello-big-stamp-medium-2\/#breadcrumb\"},\"inLanguage\":\"pt-PT\",\"potentialAction\":[{\"@type\":\"ReadAction\",\"target\":[\"https:\/\/www.bigstamping.com\/pt-pt\/producto\/sello-big-stamp-medium-2\/\"]}]},{\"@type\":\"ImageObject\",\"inLanguage\":\"pt-PT\",\"@id\":\"https:\/\/www.bigstamping.com\/pt-pt\/producto\/sello-big-stamp-medium-2\/#primaryimage\",\"url\":\"https:\/\/www.bigstamping.com\/wp-content\/uploads\/2018\/12\/SELLO-M-OK.jpg\",\"contentUrl\":\"https:\/\/www.bigstamping.com\/wp-content\/uploads\/2018\/12\/SELLO-M-OK.jpg\",\"width\":1080,\"height\":1080,\"caption\":\"Medidas sello BigStamping M incluido en el Kit Basic\"},{\"@type\":\"BreadcrumbList\",\"@id\":\"https:\/\/www.bigstamping.com\/pt-pt\/producto\/sello-big-stamp-medium-2\/#breadcrumb\",\"itemListElement\":[{\"@type\":\"ListItem\",\"position\":1,\"name\":\"Portada\",\"item\":\"https:\/\/www.bigstamping.com\/en\/\"},{\"@type\":\"ListItem\",\"position\":2,\"name\":\"Carimbo Big Stamp M\"}]},{\"@type\":\"WebSite\",\"@id\":\"https:\/\/www.bigstamping.com\/#website\",\"url\":\"https:\/\/www.bigstamping.com\/\",\"name\":\"BigStamping\",\"description\":\"Sellos de gran tama\u00f1o para stampear\",\"publisher\":{\"@id\":\"https:\/\/www.bigstamping.com\/#organization\"},\"potentialAction\":[{\"@type\":\"SearchAction\",\"target\":{\"@type\":\"EntryPoint\",\"urlTemplate\":\"https:\/\/www.bigstamping.com\/?s={search_term_string}\"},\"query-input\":{\"@type\":\"PropertyValueSpecification\",\"valueRequired\":true,\"valueName\":\"search_term_string\"}}],\"inLanguage\":\"pt-PT\"},{\"@type\":\"Organization\",\"@id\":\"https:\/\/www.bigstamping.com\/#organization\",\"name\":\"BigStamping\",\"url\":\"https:\/\/www.bigstamping.com\/\",\"logo\":{\"@type\":\"ImageObject\",\"inLanguage\":\"pt-PT\",\"@id\":\"https:\/\/www.bigstamping.com\/#\/schema\/logo\/image\/\",\"url\":\"https:\/\/www.bigstamping.com\/wp-content\/uploads\/2018\/12\/big-stamper-amarillo.jpg\",\"contentUrl\":\"https:\/\/www.bigstamping.com\/wp-content\/uploads\/2018\/12\/big-stamper-amarillo.jpg\",\"width\":293,\"height\":300,\"caption\":\"BigStamping\"},\"image\":{\"@id\":\"https:\/\/www.bigstamping.com\/#\/schema\/logo\/image\/\"},\"sameAs\":[\"https:\/\/www.facebook.com\/Bigstamping-241206903231462\/\",\"https:\/\/x.com\/Bigstamping\",\"https:\/\/www.instagram.com\/bigstamping\/\",\"https:\/\/www.youtube.com\/channel\/UC_l3jNsBYYC-Ds9pzcZy_Vg\"]}]}<\/script>\n<!-- \/ Yoast SEO plugin. -->","yoast_head_json":{"title":"Carimbo Big Stamp M - BigStamping","description":"O carimbo BigStamping M mede 15x10,5x7,5 cm e pode ser utilizado em T-shirts, sacos e em tudo o que possa imaginar.","robots":{"index":"index","follow":"follow","max-snippet":"max-snippet:-1","max-image-preview":"max-image-preview:large","max-video-preview":"max-video-preview:-1"},"canonical":"https:\/\/www.bigstamping.com\/pt-pt\/producto\/sello-big-stamp-medium-2\/","og_locale":"pt_PT","og_type":"article","og_title":"Carimbo Big Stamp M - BigStamping","og_description":"O carimbo BigStamping M mede 15x10,5x7,5 cm e pode ser utilizado em T-shirts, sacos e em tudo o que possa imaginar.","og_url":"https:\/\/www.bigstamping.com\/pt-pt\/producto\/sello-big-stamp-medium-2\/","og_site_name":"BigStamping","article_publisher":"https:\/\/www.facebook.com\/Bigstamping-241206903231462\/","article_modified_time":"2024-06-26T18:19:35+00:00","og_image":[{"width":1080,"height":1080,"url":"https:\/\/www.bigstamping.com\/wp-content\/uploads\/2018\/12\/SELLO-M-OK.jpg","type":"image\/jpeg"}],"twitter_card":"summary_large_image","twitter_site":"@Bigstamping","twitter_misc":{"Tempo estimado de leitura":"1 minuto"},"schema":{"@context":"https:\/\/schema.org","@graph":[{"@type":"WebPage","@id":"https:\/\/www.bigstamping.com\/pt-pt\/producto\/sello-big-stamp-medium-2\/","url":"https:\/\/www.bigstamping.com\/pt-pt\/producto\/sello-big-stamp-medium-2\/","name":"Carimbo Big Stamp M - BigStamping","isPartOf":{"@id":"https:\/\/www.bigstamping.com\/#website"},"primaryImageOfPage":{"@id":"https:\/\/www.bigstamping.com\/pt-pt\/producto\/sello-big-stamp-medium-2\/#primaryimage"},"image":{"@id":"https:\/\/www.bigstamping.com\/pt-pt\/producto\/sello-big-stamp-medium-2\/#primaryimage"},"thumbnailUrl":"https:\/\/www.bigstamping.com\/wp-content\/uploads\/2018\/12\/SELLO-M-OK.jpg","datePublished":"2018-11-28T18:49:26+00:00","dateModified":"2024-06-26T18:19:35+00:00","description":"O carimbo BigStamping M mede 15x10,5x7,5 cm e pode ser utilizado em T-shirts, sacos e em tudo o que possa imaginar.","breadcrumb":{"@id":"https:\/\/www.bigstamping.com\/pt-pt\/producto\/sello-big-stamp-medium-2\/#breadcrumb"},"inLanguage":"pt-PT","potentialAction":[{"@type":"ReadAction","target":["https:\/\/www.bigstamping.com\/pt-pt\/producto\/sello-big-stamp-medium-2\/"]}]},{"@type":"ImageObject","inLanguage":"pt-PT","@id":"https:\/\/www.bigstamping.com\/pt-pt\/producto\/sello-big-stamp-medium-2\/#primaryimage","url":"https:\/\/www.bigstamping.com\/wp-content\/uploads\/2018\/12\/SELLO-M-OK.jpg","contentUrl":"https:\/\/www.bigstamping.com\/wp-content\/uploads\/2018\/12\/SELLO-M-OK.jpg","width":1080,"height":1080,"caption":"Medidas sello BigStamping M incluido en el Kit Basic"},{"@type":"BreadcrumbList","@id":"https:\/\/www.bigstamping.com\/pt-pt\/producto\/sello-big-stamp-medium-2\/#breadcrumb","itemListElement":[{"@type":"ListItem","position":1,"name":"Portada","item":"https:\/\/www.bigstamping.com\/en\/"},{"@type":"ListItem","position":2,"name":"Carimbo Big Stamp M"}]},{"@type":"WebSite","@id":"https:\/\/www.bigstamping.com\/#website","url":"https:\/\/www.bigstamping.com\/","name":"BigStamping","description":"Sellos de gran tama\u00f1o para stampear","publisher":{"@id":"https:\/\/www.bigstamping.com\/#organization"},"potentialAction":[{"@type":"SearchAction","target":{"@type":"EntryPoint","urlTemplate":"https:\/\/www.bigstamping.com\/?s={search_term_string}"},"query-input":{"@type":"PropertyValueSpecification","valueRequired":true,"valueName":"search_term_string"}}],"inLanguage":"pt-PT"},{"@type":"Organization","@id":"https:\/\/www.bigstamping.com\/#organization","name":"BigStamping","url":"https:\/\/www.bigstamping.com\/","logo":{"@type":"ImageObject","inLanguage":"pt-PT","@id":"https:\/\/www.bigstamping.com\/#\/schema\/logo\/image\/","url":"https:\/\/www.bigstamping.com\/wp-content\/uploads\/2018\/12\/big-stamper-amarillo.jpg","contentUrl":"https:\/\/www.bigstamping.com\/wp-content\/uploads\/2018\/12\/big-stamper-amarillo.jpg","width":293,"height":300,"caption":"BigStamping"},"image":{"@id":"https:\/\/www.bigstamping.com\/#\/schema\/logo\/image\/"},"sameAs":["https:\/\/www.facebook.com\/Bigstamping-241206903231462\/","https:\/\/x.com\/Bigstamping","https:\/\/www.instagram.com\/bigstamping\/","https:\/\/www.youtube.com\/channel\/UC_l3jNsBYYC-Ds9pzcZy_Vg"]}]}},"_links":{"self":[{"href":"https:\/\/www.bigstamping.com\/pt-pt\/wp-json\/wp\/v2\/product\/18381","targetHints":{"allow":["GET"]}}],"collection":[{"href":"https:\/\/www.bigstamping.com\/pt-pt\/wp-json\/wp\/v2\/product"}],"about":[{"href":"https:\/\/www.bigstamping.com\/pt-pt\/wp-json\/wp\/v2\/types\/product"}],"version-history":[{"count":0,"href":"https:\/\/www.bigstamping.com\/pt-pt\/wp-json\/wp\/v2\/product\/18381\/revisions"}],"wp:featuredmedia":[{"embeddable":true,"href":"https:\/\/www.bigstamping.com\/pt-pt\/wp-json\/wp\/v2\/media\/429258"}],"wp:attachment":[{"href":"https:\/\/www.bigstamping.com\/pt-pt\/wp-json\/wp\/v2\/media?parent=18381"}],"wp:term":[{"taxonomy":"product_brand","embeddable":true,"href":"https:\/\/www.bigstamping.com\/pt-pt\/wp-json\/wp\/v2\/product_brand?post=18381"},{"taxonomy":"product_cat","embeddable":true,"href":"https:\/\/www.bigstamping.com\/pt-pt\/wp-json\/wp\/v2\/product_cat?post=18381"},{"taxonomy":"product_tag","embeddable":true,"href":"https:\/\/www.bigstamping.com\/pt-pt\/wp-json\/wp\/v2\/product_tag?post=18381"}],"curies":[{"name":"wp","href":"https:\/\/api.w.org\/{rel}","templated":true}]}}